{"id":1162,"date":"2025-12-27T08:51:24","date_gmt":"2025-12-27T08:51:24","guid":{"rendered":"https:\/\/www.bee-pilot.io\/tu-colmenar-completo-de-un-vistazo\/"},"modified":"2025-12-27T11:01:27","modified_gmt":"2025-12-27T11:01:27","slug":"tu-colmenar-completo-de-un-vistazo","status":"publish","type":"page","link":"https:\/\/www.bee-pilot.io\/es\/tu-colmenar-completo-de-un-vistazo\/","title":{"rendered":"Tu colmenar completo de un vistazo"},"content":{"rendered":"\n<div class=\"wp-block-group bp-hero\"><div class=\"wp-block-group__inner-container is-layout-constrained wp-container-core-group-is-layout-7a8ecd1d wp-block-group-is-layout-constrained\">\n<div class=\"wp-block-group bp-hero__inner\"><div class=\"wp-block-group__inner-container is-layout-constrained wp-block-group-is-layout-constrained\">\n<p><\/p>\n\n\n\n<h2 class=\"wp-block-heading bp-hero__title\" id=\"h-alles-im-blick-bevor-du-am-stand-ankommst\">Todo a la vista, antes de llegar al colmenar.<\/h2>\n\n\n\n<p class=\"bp-hero__text\">Con <strong>bee-pilot.io<\/strong> gestionas tus colmenares como unidades limpias, incluyendo ubicaciones, tareas, datos meteorol\u00f3gicos, documentaci\u00f3n y objetivos de cr\u00eda. La vista general del colmenar te muestra de un vistazo qu\u00e9 va bien y d\u00f3nde hay que actuar. <\/p>\n\n\n\n<div class=\"wp-block-buttons is-content-justification-center is-layout-flex wp-container-core-buttons-is-layout-16018d1d wp-block-buttons-is-layout-flex\">\n<div class=\"wp-block-button bp-btn\"><a class=\"wp-block-button__link has-luminous-vivid-amber-background-color has-background wp-element-button\" href=\"https:\/\/app.bee-pilot.io\/registration\">Probar gratis ahora<\/a><\/div>\n<\/div>\n<\/div><\/div>\n<\/div><\/div>\n\n<div style=\"height:26px\" aria-hidden=\"true\" class=\"wp-block-spacer\"><\/div>\n\n<div class=\"wp-block-group bp-section\"><div class=\"wp-block-group__inner-container is-layout-constrained wp-container-core-group-is-layout-7a8ecd1d wp-block-group-is-layout-constrained\">\n<h3 class=\"wp-block-heading has-text-align-center bp-section__title\" id=\"h-so-fuhlt-sich-ubersicht-an\">As\u00ed se siente la visi\u00f3n general<\/h3>\n\n\n\n<p class=\"has-text-align-center bp-section__sub\">Presentaci\u00f3n moderna, prioridades claras y orientaci\u00f3n r\u00e1pida, tanto en el escritorio como en el m\u00f3vil.<\/p>\n<\/div><\/div>\n\n<div style=\"height:18px\" aria-hidden=\"true\" class=\"wp-block-spacer\"><\/div>\n\n<div class=\"wp-block-group bp-cards\"><div class=\"wp-block-group__inner-container is-layout-constrained wp-container-core-group-is-layout-7a8ecd1d wp-block-group-is-layout-constrained\">\n<div class=\"wp-block-columns bp-cols is-layout-flex wp-container-core-columns-is-layout-9d6595d7 wp-block-columns-is-layout-flex\">\n<div class=\"wp-block-column is-layout-flow wp-block-column-is-layout-flow\">\n<div class=\"wp-block-group bp-card\"><div class=\"wp-block-group__inner-container is-layout-constrained wp-block-group-is-layout-constrained\">\n<p class=\"bp-card__kicker\">\ud83d\udcca <strong>Transparencia total<\/strong><\/p>\n\n\n\n<p class=\"bp-card__text\">Todas las colonias de un colmenar se resumen claramente, incluyendo el estado, la \u00faltima revisi\u00f3n y los indicadores clave m\u00e1s importantes. As\u00ed, puedes ver inmediatamente d\u00f3nde todo est\u00e1 bien y d\u00f3nde debes echar un vistazo. <\/p>\n\n\n<div class=\"wp-block-image bp-shot\">\n<figure class=\"aligncenter size-medium\"><img loading=\"lazy\" decoding=\"async\" width=\"300\" height=\"193\" src=\"https:\/\/www.bee-pilot.io\/wp-content\/uploads\/2025\/12\/Standuebersicht-300x193.png\" alt=\"Vista general del colmenar de bee-pilot.io\" class=\"wp-image-1126\" srcset=\"https:\/\/www.bee-pilot.io\/wp-content\/uploads\/2025\/12\/Standuebersicht-300x193.png 300w, https:\/\/www.bee-pilot.io\/wp-content\/uploads\/2025\/12\/Standuebersicht-1024x659.png 1024w, https:\/\/www.bee-pilot.io\/wp-content\/uploads\/2025\/12\/Standuebersicht-768x495.png 768w, https:\/\/www.bee-pilot.io\/wp-content\/uploads\/2025\/12\/Standuebersicht-1536x989.png 1536w, https:\/\/www.bee-pilot.io\/wp-content\/uploads\/2025\/12\/Standuebersicht-2048x1319.png 2048w\" sizes=\"auto, (max-width: 300px) 100vw, 300px\" \/><\/figure>\n<\/div><\/div><\/div>\n<\/div>\n\n\n\n<div class=\"wp-block-column is-layout-flow wp-block-column-is-layout-flow\">\n<div class=\"wp-block-group bp-card\"><div class=\"wp-block-group__inner-container is-layout-constrained wp-block-group-is-layout-constrained\">\n<p class=\"bp-card__kicker\">\ud83e\udded <strong>Ubicaciones fijas<\/strong><\/p>\n\n\n\n<p class=\"bp-card__text\">Cada colmenar trabaja con ubicaciones claramente definidas. Cada colonia est\u00e1 claramente asignada, para una m\u00e1xima trazabilidad, una documentaci\u00f3n limpia y evaluaciones durante varios a\u00f1os. <\/p>\n\n\n<div class=\"wp-block-image bp-shot\">\n<figure class=\"aligncenter size-medium\"><img loading=\"lazy\" decoding=\"async\" width=\"139\" height=\"300\" src=\"https:\/\/www.bee-pilot.io\/wp-content\/uploads\/2025\/12\/Standuebersicht-mobil-139x300.png\" alt=\"Vista general del colmenar en el m&#xF3;vil\" class=\"wp-image-1128\" srcset=\"https:\/\/www.bee-pilot.io\/wp-content\/uploads\/2025\/12\/Standuebersicht-mobil-139x300.png 139w, https:\/\/www.bee-pilot.io\/wp-content\/uploads\/2025\/12\/Standuebersicht-mobil-473x1024.png 473w, https:\/\/www.bee-pilot.io\/wp-content\/uploads\/2025\/12\/Standuebersicht-mobil-768x1662.png 768w, https:\/\/www.bee-pilot.io\/wp-content\/uploads\/2025\/12\/Standuebersicht-mobil-710x1536.png 710w, https:\/\/www.bee-pilot.io\/wp-content\/uploads\/2025\/12\/Standuebersicht-mobil.png 782w\" sizes=\"auto, (max-width: 139px) 100vw, 139px\" \/><\/figure>\n<\/div><\/div><\/div>\n<\/div>\n\n\n\n<div class=\"wp-block-column is-layout-flow wp-block-column-is-layout-flow\">\n<div class=\"wp-block-group bp-card\"><div class=\"wp-block-group__inner-container is-layout-constrained wp-block-group-is-layout-constrained\">\n<p class=\"bp-card__kicker\">\u2600\ufe0f <strong>El tiempo en el colmenar<\/strong><\/p>\n\n\n\n<p class=\"bp-card__text\">Los datos meteorol\u00f3gicos basados en la ubicaci\u00f3n te ayudan con los tiempos y las decisiones. Ideal para revisiones, tratamientos e intervenciones, adaptados a cada colmenar. <\/p>\n\n\n<div class=\"wp-block-image bp-shot\">\n<figure class=\"aligncenter size-medium\"><img loading=\"lazy\" decoding=\"async\" width=\"300\" height=\"279\" src=\"https:\/\/www.bee-pilot.io\/wp-content\/uploads\/2025\/12\/Wetter-300x279.png\" alt=\"Datos meteorol&#xF3;gicos en el colmenar\" class=\"wp-image-1127\" srcset=\"https:\/\/www.bee-pilot.io\/wp-content\/uploads\/2025\/12\/Wetter-300x279.png 300w, https:\/\/www.bee-pilot.io\/wp-content\/uploads\/2025\/12\/Wetter-1024x954.png 1024w, https:\/\/www.bee-pilot.io\/wp-content\/uploads\/2025\/12\/Wetter-768x715.png 768w, https:\/\/www.bee-pilot.io\/wp-content\/uploads\/2025\/12\/Wetter-1536x1431.png 1536w, https:\/\/www.bee-pilot.io\/wp-content\/uploads\/2025\/12\/Wetter.png 1604w\" sizes=\"auto, (max-width: 300px) 100vw, 300px\" \/><\/figure>\n<\/div><\/div><\/div>\n<\/div>\n<\/div>\n<\/div><\/div>\n\n<div style=\"height:26px\" aria-hidden=\"true\" class=\"wp-block-spacer\"><\/div>\n\n<div class=\"wp-block-group bp-featurebox\"><div class=\"wp-block-group__inner-container is-layout-constrained wp-container-core-group-is-layout-7a8ecd1d wp-block-group-is-layout-constrained\">\n<h3 class=\"wp-block-heading bp-featurebox__title\" id=\"h-weitere-funktionen-in-der-standubersicht\">Otras funciones en la vista general del colmenar<\/h3>\n\n\n\n<p class=\"bp-featurebox__sub\">Todo est\u00e1 dise\u00f1ado para que escribas menos, reconozcas m\u00e1s r\u00e1pido lo que es importante y puedas actuar directamente en el colmenar.<\/p>\n\n\n\n<div class=\"wp-block-columns bp-cols bp-cols--features is-layout-flex wp-container-core-columns-is-layout-9d6595d7 wp-block-columns-is-layout-flex\">\n<div class=\"wp-block-column is-layout-flow wp-block-column-is-layout-flow\">\n<div class=\"wp-block-group bp-mini\"><div class=\"wp-block-group__inner-container is-layout-constrained wp-block-group-is-layout-constrained\">\n<p class=\"bp-mini__title\">\u2705 <strong>Gesti\u00f3n de tareas<\/strong><\/p>\n\n\n\n<p class=\"bp-mini__text\">Planificar, priorizar y marcar las tareas por colmenar, para que no se te escape nada.<\/p>\n<\/div><\/div>\n<\/div>\n\n\n\n<div class=\"wp-block-column is-layout-flow wp-block-column-is-layout-flow\">\n<div class=\"wp-block-group bp-mini\"><div class=\"wp-block-group__inner-container is-layout-constrained wp-block-group-is-layout-constrained\">\n<p class=\"bp-mini__title\">\ud83d\uddbc\ufe0f <strong>Gesti\u00f3n de im\u00e1genes<\/strong><\/p>\n\n\n\n<p class=\"bp-mini__text\">Asignar fotos directamente al colmenar, como documentaci\u00f3n visual r\u00e1pida.<\/p>\n<\/div><\/div>\n<\/div>\n\n\n\n<div class=\"wp-block-column is-layout-flow wp-block-column-is-layout-flow\">\n<div class=\"wp-block-group bp-mini\"><div class=\"wp-block-group__inner-container is-layout-constrained wp-block-group-is-layout-constrained\">\n<p class=\"bp-mini__title\">\ud83c\udfaf <strong>Objetivos de cr\u00eda<\/strong><\/p>\n\n\n\n<p class=\"bp-mini__text\">Definir y seguir de forma coherente en relaci\u00f3n con el colmenar, como base para las decisiones.<\/p>\n<\/div><\/div>\n<\/div>\n<\/div>\n\n\n\n<div class=\"wp-block-columns bp-cols bp-cols--features is-layout-flex wp-container-core-columns-is-layout-9d6595d7 wp-block-columns-is-layout-flex\">\n<div class=\"wp-block-column is-layout-flow wp-block-column-is-layout-flow\">\n<div class=\"wp-block-group bp-mini\"><div class=\"wp-block-group__inner-container is-layout-constrained wp-block-group-is-layout-constrained\">\n<p class=\"bp-mini__title\">\ud83e\uddfe <strong>Historial limpio<\/strong><\/p>\n\n\n\n<p class=\"bp-mini__text\">Todo permanece en el lugar correcto, trazable y evaluable a largo plazo.<\/p>\n<\/div><\/div>\n<\/div>\n\n\n\n<div class=\"wp-block-column is-layout-flow wp-block-column-is-layout-flow\">\n<div class=\"wp-block-group bp-mini\"><div class=\"wp-block-group__inner-container is-layout-constrained wp-block-group-is-layout-constrained\">\n<p class=\"bp-mini__title\">\u26a1 <strong>Evaluaci\u00f3n r\u00e1pida<\/strong><\/p>\n\n\n\n<p class=\"bp-mini__text\">Reconocer m\u00e1s r\u00e1pidamente las colonias fuertes y las anomal\u00edas, ideal para priorizar.<\/p>\n<\/div><\/div>\n<\/div>\n\n\n\n<div class=\"wp-block-column is-layout-flow wp-block-column-is-layout-flow\">\n<div class=\"wp-block-group bp-mini\"><div class=\"wp-block-group__inner-container is-layout-constrained wp-block-group-is-layout-constrained\">\n<p class=\"bp-mini__title\">\ud83c\udf26\ufe0f <strong>Planificaci\u00f3n y calendario<\/strong><\/p>\n\n\n\n<p class=\"bp-mini__text\">Planificar seg\u00fan la ubicaci\u00f3n, para que las medidas se tomen en el momento adecuado.<\/p>\n<\/div><\/div>\n<\/div>\n<\/div>\n<\/div><\/div>\n\n<div style=\"height:26px\" aria-hidden=\"true\" class=\"wp-block-spacer\"><\/div>\n\n<div class=\"wp-block-group bp-cta\"><div class=\"wp-block-group__inner-container is-layout-constrained wp-container-core-group-is-layout-7a8ecd1d wp-block-group-is-layout-constrained\">\n<h3 class=\"wp-block-heading has-text-align-center bp-cta__title\" id=\"h-bereit-fur-mehr-uberblick-am-bienenstand\">\u00bfListo para tener una mejor visi\u00f3n general del colmenar?<\/h3>\n\n\n\n<p class=\"has-text-align-center bp-cta__text\">Prueba bee-pilot.io gratis y experimenta c\u00f3mo se sienten en la pr\u00e1ctica la estructura, la transparencia y las prioridades claras.<\/p>\n\n\n\n<div class=\"wp-block-buttons is-content-justification-center is-layout-flex wp-container-core-buttons-is-layout-16018d1d wp-block-buttons-is-layout-flex\">\n<div class=\"wp-block-button bp-btn\"><a class=\"wp-block-button__link has-luminous-vivid-amber-background-color has-background wp-element-button\" href=\"https:\/\/app.bee-pilot.io\/registration\">Probar gratis ahora<\/a><\/div>\n<\/div>\n<\/div><\/div>\n\n<p>\u00a0<\/p>\n","protected":false},"excerpt":{"rendered":"<p>Todo a la vista, antes de llegar al colmenar. Con bee-pilot.io gestionas tus colmenares como unidades limpias, incluyendo ubicaciones, tareas, datos meteorol\u00f3gicos, documentaci\u00f3n y objetivos de cr\u00eda. La vista general del colmenar te muestra de un vistazo qu\u00e9 va bien y d\u00f3nde hay que actuar. As\u00ed se siente la visi\u00f3n general Presentaci\u00f3n moderna, prioridades claras [&hellip;]<\/p>\n","protected":false},"author":1,"featured_media":1166,"parent":0,"menu_order":0,"comment_status":"closed","ping_status":"closed","template":"","meta":{"footnotes":""},"class_list":["post-1162","page","type-page","status-publish","has-post-thumbnail","hentry"],"yoast_head":"<!-- This site is optimized with the Yoast SEO Premium plugin v26.6 (Yoast SEO v26.6) - https:\/\/yoast.com\/wordpress\/plugins\/seo\/ -->\n<title>Colmenar de un vistazo: f\u00e1cil y sencillo - bee-pilot.io<\/title>\n<meta name=\"description\" content=\"Con bee-pilot.io mantienes el control de tu colmenar. Descubre las funciones m\u00e1s importantes para una gesti\u00f3n eficaz.\" \/>\n<meta name=\"robots\" content=\"index, follow, max-snippet:-1, max-image-preview:large, max-video-preview:-1\" \/>\n<link rel=\"canonical\" href=\"https:\/\/www.bee-pilot.io\/es\/tu-colmenar-completo-de-un-vistazo\/\" \/>\n<meta property=\"og:locale\" content=\"es_ES\" \/>\n<meta property=\"og:type\" content=\"article\" \/>\n<meta property=\"og:title\" content=\"Tu colmenar completo de un vistazo\" \/>\n<meta property=\"og:description\" content=\"Con bee-pilot.io mantienes el control de tu colmenar. Descubre las funciones m\u00e1s importantes para una gesti\u00f3n eficaz.\" \/>\n<meta property=\"og:url\" content=\"https:\/\/www.bee-pilot.io\/es\/tu-colmenar-completo-de-un-vistazo\/\" \/>\n<meta property=\"og:site_name\" content=\"bee-pilot.io\" \/>\n<meta property=\"article:modified_time\" content=\"2025-12-27T11:01:27+00:00\" \/>\n<meta property=\"og:image\" content=\"https:\/\/www.bee-pilot.io\/wp-content\/uploads\/2025\/12\/service_standuebersicht.png\" \/>\n\t<meta property=\"og:image:width\" content=\"1536\" \/>\n\t<meta property=\"og:image:height\" content=\"1024\" \/>\n\t<meta property=\"og:image:type\" content=\"image\/png\" \/>\n<meta name=\"twitter:card\" content=\"summary_large_image\" \/>\n<meta name=\"twitter:label1\" content=\"Tiempo de lectura\" \/>\n\t<meta name=\"twitter:data1\" content=\"3 minutos\" \/>\n<script type=\"application\/ld+json\" class=\"yoast-schema-graph\">{\"@context\":\"https:\/\/schema.org\",\"@graph\":[{\"@type\":\"WebPage\",\"@id\":\"https:\/\/www.bee-pilot.io\/es\/tu-colmenar-completo-de-un-vistazo\/\",\"url\":\"https:\/\/www.bee-pilot.io\/es\/tu-colmenar-completo-de-un-vistazo\/\",\"name\":\"Colmenar de un vistazo: f\u00e1cil y sencillo - bee-pilot.io\",\"isPartOf\":{\"@id\":\"https:\/\/www.bee-pilot.io\/es\/#website\"},\"primaryImageOfPage\":{\"@id\":\"https:\/\/www.bee-pilot.io\/es\/tu-colmenar-completo-de-un-vistazo\/#primaryimage\"},\"image\":{\"@id\":\"https:\/\/www.bee-pilot.io\/es\/tu-colmenar-completo-de-un-vistazo\/#primaryimage\"},\"thumbnailUrl\":\"https:\/\/www.bee-pilot.io\/wp-content\/uploads\/2025\/12\/service_standuebersicht.png\",\"datePublished\":\"2025-12-27T08:51:24+00:00\",\"dateModified\":\"2025-12-27T11:01:27+00:00\",\"description\":\"Con bee-pilot.io mantienes el control de tu colmenar. Descubre las funciones m\u00e1s importantes para una gesti\u00f3n eficaz.\",\"breadcrumb\":{\"@id\":\"https:\/\/www.bee-pilot.io\/es\/tu-colmenar-completo-de-un-vistazo\/#breadcrumb\"},\"inLanguage\":\"es\",\"potentialAction\":[{\"@type\":\"ReadAction\",\"target\":[\"https:\/\/www.bee-pilot.io\/es\/tu-colmenar-completo-de-un-vistazo\/\"]}]},{\"@type\":\"ImageObject\",\"inLanguage\":\"es\",\"@id\":\"https:\/\/www.bee-pilot.io\/es\/tu-colmenar-completo-de-un-vistazo\/#primaryimage\",\"url\":\"https:\/\/www.bee-pilot.io\/wp-content\/uploads\/2025\/12\/service_standuebersicht.png\",\"contentUrl\":\"https:\/\/www.bee-pilot.io\/wp-content\/uploads\/2025\/12\/service_standuebersicht.png\",\"width\":1536,\"height\":1024,\"caption\":\"Imagen destacada para la vista general del colmenar.\"},{\"@type\":\"BreadcrumbList\",\"@id\":\"https:\/\/www.bee-pilot.io\/es\/tu-colmenar-completo-de-un-vistazo\/#breadcrumb\",\"itemListElement\":[{\"@type\":\"ListItem\",\"position\":1,\"name\":\"Startseite\",\"item\":\"https:\/\/www.bee-pilot.io\/es\/\"},{\"@type\":\"ListItem\",\"position\":2,\"name\":\"Tu colmenar completo de un vistazo\"}]},{\"@type\":\"WebSite\",\"@id\":\"https:\/\/www.bee-pilot.io\/es\/#website\",\"url\":\"https:\/\/www.bee-pilot.io\/es\/\",\"name\":\"bee-pilot.io\",\"description\":\"Bee-Pilot: KI-gest\u00fctzte Software f\u00fcr Imker \u2013 Digitale Stockkarte, Wetter &amp; Checklisten\",\"publisher\":{\"@id\":\"https:\/\/www.bee-pilot.io\/es\/#organization\"},\"potentialAction\":[{\"@type\":\"SearchAction\",\"target\":{\"@type\":\"EntryPoint\",\"urlTemplate\":\"https:\/\/www.bee-pilot.io\/es\/?s={search_term_string}\"},\"query-input\":{\"@type\":\"PropertyValueSpecification\",\"valueRequired\":true,\"valueName\":\"search_term_string\"}}],\"inLanguage\":\"es\"},{\"@type\":\"Organization\",\"@id\":\"https:\/\/www.bee-pilot.io\/es\/#organization\",\"name\":\"bee-pilot.io UG (haftungsbeschr\u00e4nkt)\",\"url\":\"https:\/\/www.bee-pilot.io\/es\/\",\"logo\":{\"@type\":\"ImageObject\",\"inLanguage\":\"es\",\"@id\":\"https:\/\/www.bee-pilot.io\/es\/#\/schema\/logo\/image\/\",\"url\":\"https:\/\/www.bee-pilot.io\/wp-content\/uploads\/2024\/10\/cropped-bee-pilot-logo.png\",\"contentUrl\":\"https:\/\/www.bee-pilot.io\/wp-content\/uploads\/2024\/10\/cropped-bee-pilot-logo.png\",\"width\":291,\"height\":85,\"caption\":\"bee-pilot.io UG (haftungsbeschr\u00e4nkt)\"},\"image\":{\"@id\":\"https:\/\/www.bee-pilot.io\/es\/#\/schema\/logo\/image\/\"}}]}<\/script>\n<!-- \/ Yoast SEO Premium plugin. -->","yoast_head_json":{"title":"Colmenar de un vistazo: f\u00e1cil y sencillo - bee-pilot.io","description":"Con bee-pilot.io mantienes el control de tu colmenar. Descubre las funciones m\u00e1s importantes para una gesti\u00f3n eficaz.","robots":{"index":"index","follow":"follow","max-snippet":"max-snippet:-1","max-image-preview":"max-image-preview:large","max-video-preview":"max-video-preview:-1"},"canonical":"https:\/\/www.bee-pilot.io\/es\/tu-colmenar-completo-de-un-vistazo\/","og_locale":"es_ES","og_type":"article","og_title":"Tu colmenar completo de un vistazo","og_description":"Con bee-pilot.io mantienes el control de tu colmenar. Descubre las funciones m\u00e1s importantes para una gesti\u00f3n eficaz.","og_url":"https:\/\/www.bee-pilot.io\/es\/tu-colmenar-completo-de-un-vistazo\/","og_site_name":"bee-pilot.io","article_modified_time":"2025-12-27T11:01:27+00:00","og_image":[{"width":1536,"height":1024,"url":"https:\/\/www.bee-pilot.io\/wp-content\/uploads\/2025\/12\/service_standuebersicht.png","type":"image\/png"}],"twitter_card":"summary_large_image","twitter_misc":{"Tiempo de lectura":"3 minutos"},"schema":{"@context":"https:\/\/schema.org","@graph":[{"@type":"WebPage","@id":"https:\/\/www.bee-pilot.io\/es\/tu-colmenar-completo-de-un-vistazo\/","url":"https:\/\/www.bee-pilot.io\/es\/tu-colmenar-completo-de-un-vistazo\/","name":"Colmenar de un vistazo: f\u00e1cil y sencillo - bee-pilot.io","isPartOf":{"@id":"https:\/\/www.bee-pilot.io\/es\/#website"},"primaryImageOfPage":{"@id":"https:\/\/www.bee-pilot.io\/es\/tu-colmenar-completo-de-un-vistazo\/#primaryimage"},"image":{"@id":"https:\/\/www.bee-pilot.io\/es\/tu-colmenar-completo-de-un-vistazo\/#primaryimage"},"thumbnailUrl":"https:\/\/www.bee-pilot.io\/wp-content\/uploads\/2025\/12\/service_standuebersicht.png","datePublished":"2025-12-27T08:51:24+00:00","dateModified":"2025-12-27T11:01:27+00:00","description":"Con bee-pilot.io mantienes el control de tu colmenar. Descubre las funciones m\u00e1s importantes para una gesti\u00f3n eficaz.","breadcrumb":{"@id":"https:\/\/www.bee-pilot.io\/es\/tu-colmenar-completo-de-un-vistazo\/#breadcrumb"},"inLanguage":"es","potentialAction":[{"@type":"ReadAction","target":["https:\/\/www.bee-pilot.io\/es\/tu-colmenar-completo-de-un-vistazo\/"]}]},{"@type":"ImageObject","inLanguage":"es","@id":"https:\/\/www.bee-pilot.io\/es\/tu-colmenar-completo-de-un-vistazo\/#primaryimage","url":"https:\/\/www.bee-pilot.io\/wp-content\/uploads\/2025\/12\/service_standuebersicht.png","contentUrl":"https:\/\/www.bee-pilot.io\/wp-content\/uploads\/2025\/12\/service_standuebersicht.png","width":1536,"height":1024,"caption":"Imagen destacada para la vista general del colmenar."},{"@type":"BreadcrumbList","@id":"https:\/\/www.bee-pilot.io\/es\/tu-colmenar-completo-de-un-vistazo\/#breadcrumb","itemListElement":[{"@type":"ListItem","position":1,"name":"Startseite","item":"https:\/\/www.bee-pilot.io\/es\/"},{"@type":"ListItem","position":2,"name":"Tu colmenar completo de un vistazo"}]},{"@type":"WebSite","@id":"https:\/\/www.bee-pilot.io\/es\/#website","url":"https:\/\/www.bee-pilot.io\/es\/","name":"bee-pilot.io","description":"Bee-Pilot: KI-gest\u00fctzte Software f\u00fcr Imker \u2013 Digitale Stockkarte, Wetter &amp; Checklisten","publisher":{"@id":"https:\/\/www.bee-pilot.io\/es\/#organization"},"potentialAction":[{"@type":"SearchAction","target":{"@type":"EntryPoint","urlTemplate":"https:\/\/www.bee-pilot.io\/es\/?s={search_term_string}"},"query-input":{"@type":"PropertyValueSpecification","valueRequired":true,"valueName":"search_term_string"}}],"inLanguage":"es"},{"@type":"Organization","@id":"https:\/\/www.bee-pilot.io\/es\/#organization","name":"bee-pilot.io UG (haftungsbeschr\u00e4nkt)","url":"https:\/\/www.bee-pilot.io\/es\/","logo":{"@type":"ImageObject","inLanguage":"es","@id":"https:\/\/www.bee-pilot.io\/es\/#\/schema\/logo\/image\/","url":"https:\/\/www.bee-pilot.io\/wp-content\/uploads\/2024\/10\/cropped-bee-pilot-logo.png","contentUrl":"https:\/\/www.bee-pilot.io\/wp-content\/uploads\/2024\/10\/cropped-bee-pilot-logo.png","width":291,"height":85,"caption":"bee-pilot.io UG (haftungsbeschr\u00e4nkt)"},"image":{"@id":"https:\/\/www.bee-pilot.io\/es\/#\/schema\/logo\/image\/"}}]}},"_links":{"self":[{"href":"https:\/\/www.bee-pilot.io\/es\/wp-json\/wp\/v2\/pages\/1162","targetHints":{"allow":["GET"]}}],"collection":[{"href":"https:\/\/www.bee-pilot.io\/es\/wp-json\/wp\/v2\/pages"}],"about":[{"href":"https:\/\/www.bee-pilot.io\/es\/wp-json\/wp\/v2\/types\/page"}],"author":[{"embeddable":true,"href":"https:\/\/www.bee-pilot.io\/es\/wp-json\/wp\/v2\/users\/1"}],"replies":[{"embeddable":true,"href":"https:\/\/www.bee-pilot.io\/es\/wp-json\/wp\/v2\/comments?post=1162"}],"version-history":[{"count":2,"href":"https:\/\/www.bee-pilot.io\/es\/wp-json\/wp\/v2\/pages\/1162\/revisions"}],"predecessor-version":[{"id":1256,"href":"https:\/\/www.bee-pilot.io\/es\/wp-json\/wp\/v2\/pages\/1162\/revisions\/1256"}],"wp:featuredmedia":[{"embeddable":true,"href":"https:\/\/www.bee-pilot.io\/es\/wp-json\/wp\/v2\/media\/1166"}],"wp:attachment":[{"href":"https:\/\/www.bee-pilot.io\/es\/wp-json\/wp\/v2\/media?parent=1162"}],"curies":[{"name":"wp","href":"https:\/\/api.w.org\/{rel}","templated":true}]}}