{"id":1163,"date":"2025-12-27T10:00:29","date_gmt":"2025-12-27T10:00:29","guid":{"rendered":"https:\/\/www.bee-pilot.io\/ficha-de-colmena-digital\/"},"modified":"2025-12-27T10:54:18","modified_gmt":"2025-12-27T10:54:18","slug":"ficha-de-colmena-digital","status":"publish","type":"page","link":"https:\/\/www.bee-pilot.io\/es\/ficha-de-colmena-digital\/","title":{"rendered":"ficha de colmena digital"},"content":{"rendered":"\n<div class=\"wp-block-group bp-hero\"><div class=\"wp-block-group__inner-container is-layout-constrained wp-container-core-group-is-layout-7a8ecd1d wp-block-group-is-layout-constrained\">\n<div class=\"wp-block-group bp-hero__inner\"><div class=\"wp-block-group__inner-container is-layout-constrained wp-block-group-is-layout-constrained\">\n<p><\/p>\n\n\n\n<h2 class=\"wp-block-heading bp-hero__title\">La ficha de colmena digital que realmente colabora.<\/h2>\n\n\n\n<p class=\"bp-hero__text\">Con <strong>bee-pilot.io<\/strong> digitalizas las fichas de tus colmenas de forma sencilla y clara. Olv\u00eddate del papeleo y de los registros incompletos: tendr\u00e1s toda la informaci\u00f3n importante disponible de forma centralizada, m\u00f3vil, actualizada y bien estructurada. <\/p>\n\n\n\n<p class=\"bp-hero__text\">Tanto si eres apicultor aficionado como profesional, <strong>bee-pilot.io<\/strong> te ayuda a mantener el control, a tomar mejores decisiones y a mejorar el desarrollo de tus colonias de abejas de forma sostenible.<\/p>\n\n\n\n<div class=\"wp-block-buttons is-content-justification-center is-layout-flex wp-container-core-buttons-is-layout-16018d1d wp-block-buttons-is-layout-flex\">\n<div class=\"wp-block-button bp-btn\"><a class=\"wp-block-button__link has-luminous-vivid-amber-background-color has-background wp-element-button\" href=\"https:\/\/app.bee-pilot.io\/registration\">Probar gratis ahora<\/a><\/div>\n<\/div>\n<\/div><\/div>\n<\/div><\/div>\n\n<div style=\"height:26px\" aria-hidden=\"true\" class=\"wp-block-spacer\"><\/div>\n\n<div class=\"wp-block-group bp-section\"><div class=\"wp-block-group__inner-container is-layout-constrained wp-container-core-group-is-layout-7a8ecd1d wp-block-group-is-layout-constrained\">\n<h3 class=\"wp-block-heading has-text-align-center bp-section__title\" id=\"h-deine-mehrwerte-mit-bee-pilot-io\">Tus ventajas con bee-pilot.io<\/h3>\n\n\n\n<p class=\"has-text-align-center bp-section__sub\">Informaci\u00f3n clara, decisiones r\u00e1pidas y un historial comprensible, para cada colonia.<\/p>\n<\/div><\/div>\n\n<div style=\"height:18px\" aria-hidden=\"true\" class=\"wp-block-spacer\"><\/div>\n\n<div class=\"wp-block-group bp-cards\"><div class=\"wp-block-group__inner-container is-layout-constrained wp-container-core-group-is-layout-7a8ecd1d wp-block-group-is-layout-constrained\">\n<div class=\"wp-block-columns bp-cols is-layout-flex wp-container-core-columns-is-layout-9d6595d7 wp-block-columns-is-layout-flex\">\n<div class=\"wp-block-column is-vertically-aligned-center is-layout-flow wp-block-column-is-layout-flow\">\n<div class=\"wp-block-group bp-card\"><div class=\"wp-block-group__inner-container is-layout-constrained wp-block-group-is-layout-constrained\">\n<h4 class=\"wp-block-heading\" id=\"h-gesundheitsampel-auf-einen-blick\"><strong>Sem\u00e1foro de salud de un vistazo<\/strong><\/h4>\n\n\n\n<p class=\"bp-card__text\">Gracias al intuitivo <strong>sem\u00e1foro de salud (verde, amarillo, rojo)<\/strong>, puedes ver de inmediato si una colonia es estable o si necesita atenci\u00f3n. As\u00ed, reaccionas a tiempo y abordas los problemas de forma espec\u00edfica antes de que empeoren. <\/p>\n<\/div><\/div>\n<\/div>\n\n\n\n<div class=\"wp-block-column is-layout-flow wp-block-column-is-layout-flow\">\n<div class=\"wp-block-group bp-card\"><div class=\"wp-block-group__inner-container is-layout-constrained wp-block-group-is-layout-constrained\"><div class=\"wp-block-image bp-shot\">\n<figure class=\"aligncenter size-medium\"><img loading=\"lazy\" decoding=\"async\" width=\"139\" height=\"300\" src=\"https:\/\/www.bee-pilot.io\/wp-content\/uploads\/2025\/12\/stockkarte-139x300.png\" alt=\"Ficha de colmena m&#xF3;vil\" class=\"wp-image-1143\" srcset=\"https:\/\/www.bee-pilot.io\/wp-content\/uploads\/2025\/12\/stockkarte-139x300.png 139w, https:\/\/www.bee-pilot.io\/wp-content\/uploads\/2025\/12\/stockkarte-474x1024.png 474w, https:\/\/www.bee-pilot.io\/wp-content\/uploads\/2025\/12\/stockkarte-768x1659.png 768w, https:\/\/www.bee-pilot.io\/wp-content\/uploads\/2025\/12\/stockkarte-711x1536.png 711w, https:\/\/www.bee-pilot.io\/wp-content\/uploads\/2025\/12\/stockkarte.png 784w\" sizes=\"auto, (max-width: 139px) 100vw, 139px\" \/><\/figure>\n<\/div><\/div><\/div>\n<\/div>\n<\/div>\n\n\n\n<div style=\"height:14px\" aria-hidden=\"true\" class=\"wp-block-spacer\"><\/div>\n\n\n\n<div class=\"wp-block-columns bp-cols is-layout-flex wp-container-core-columns-is-layout-9d6595d7 wp-block-columns-is-layout-flex\">\n<div class=\"wp-block-column is-vertically-aligned-center is-layout-flow wp-block-column-is-layout-flow\">\n<div class=\"wp-block-group bp-card\"><div class=\"wp-block-group__inner-container is-layout-constrained wp-block-group-is-layout-constrained\">\n<h4 class=\"wp-block-heading\" id=\"h-alle-stockdaten-ubersichtlich-gebundelt\"><strong>Todos los datos de la colmena agrupados de forma clara<\/strong><\/h4>\n\n\n\n<p class=\"bp-card__text\">En una clara descripci\u00f3n general, encontrar\u00e1s todos los datos b\u00e1sicos relevantes de cada colonia, documentados de forma estructurada y disponibles en cualquier momento:<\/p>\n\n\n\n<ul class=\"wp-block-list bp-list\">\n<li>\u00bfQu\u00e9 <strong>raza de abeja<\/strong> se est\u00e1 criando?<\/li>\n\n\n\n<li>\u00bfQu\u00e9 <strong>tama\u00f1o de colmena<\/strong> se est\u00e1 utilizando?<\/li>\n\n\n\n<li>\u00bfCu\u00e1ntas <strong>c\u00e1maras de cr\u00eda y de miel<\/strong> hay actualmente?<\/li>\n<\/ul>\n<\/div><\/div>\n<\/div>\n\n\n\n<div class=\"wp-block-column is-vertically-aligned-center is-layout-flow wp-block-column-is-layout-flow\">\n<div class=\"wp-block-group bp-card\"><div class=\"wp-block-group__inner-container is-layout-constrained wp-block-group-is-layout-constrained\"><div class=\"wp-block-image bp-shot\">\n<figure class=\"aligncenter size-large\"><img loading=\"lazy\" decoding=\"async\" width=\"1024\" height=\"547\" src=\"https:\/\/www.bee-pilot.io\/wp-content\/uploads\/2025\/12\/stockdaten-1024x547.png\" alt=\"Resumen de datos de la colmena\" class=\"wp-image-1144\" srcset=\"https:\/\/www.bee-pilot.io\/wp-content\/uploads\/2025\/12\/stockdaten-1024x547.png 1024w, https:\/\/www.bee-pilot.io\/wp-content\/uploads\/2025\/12\/stockdaten-300x160.png 300w, https:\/\/www.bee-pilot.io\/wp-content\/uploads\/2025\/12\/stockdaten-768x411.png 768w, https:\/\/www.bee-pilot.io\/wp-content\/uploads\/2025\/12\/stockdaten-1536x821.png 1536w, https:\/\/www.bee-pilot.io\/wp-content\/uploads\/2025\/12\/stockdaten.png 1590w\" sizes=\"auto, (max-width: 1024px) 100vw, 1024px\" \/><\/figure>\n<\/div><\/div><\/div>\n<\/div>\n<\/div>\n\n\n\n<div style=\"height:14px\" aria-hidden=\"true\" class=\"wp-block-spacer\"><\/div>\n\n\n\n<div class=\"wp-block-columns bp-cols is-layout-flex wp-container-core-columns-is-layout-9d6595d7 wp-block-columns-is-layout-flex\">\n<div class=\"wp-block-column is-vertically-aligned-center is-layout-flow wp-block-column-is-layout-flow\">\n<div class=\"wp-block-group bp-card\"><div class=\"wp-block-group__inner-container is-layout-constrained wp-block-group-is-layout-constrained\"><div class=\"wp-block-image bp-shot\">\n<figure class=\"aligncenter size-large\"><img loading=\"lazy\" decoding=\"async\" width=\"1024\" height=\"549\" src=\"https:\/\/www.bee-pilot.io\/wp-content\/uploads\/2025\/12\/Gesundheitsinfos-1-1024x549.png\" alt=\"Informaci&#xF3;n de salud\" class=\"wp-image-1146\" srcset=\"https:\/\/www.bee-pilot.io\/wp-content\/uploads\/2025\/12\/Gesundheitsinfos-1-1024x549.png 1024w, https:\/\/www.bee-pilot.io\/wp-content\/uploads\/2025\/12\/Gesundheitsinfos-1-300x161.png 300w, https:\/\/www.bee-pilot.io\/wp-content\/uploads\/2025\/12\/Gesundheitsinfos-1-768x411.png 768w, https:\/\/www.bee-pilot.io\/wp-content\/uploads\/2025\/12\/Gesundheitsinfos-1-1536x823.png 1536w, https:\/\/www.bee-pilot.io\/wp-content\/uploads\/2025\/12\/Gesundheitsinfos-1.png 1594w\" sizes=\"auto, (max-width: 1024px) 100vw, 1024px\" \/><\/figure>\n<\/div><\/div><\/div>\n<\/div>\n\n\n\n<div class=\"wp-block-column is-vertically-aligned-center is-layout-flow wp-block-column-is-layout-flow\">\n<div class=\"wp-block-group bp-card\"><div class=\"wp-block-group__inner-container is-layout-constrained wp-block-group-is-layout-constrained\">\n<h4 class=\"wp-block-heading\" id=\"h-gesundheits-und-entwicklungsinformationen\"><strong>Informaci\u00f3n sobre la salud y el desarrollo<\/strong><\/h4>\n\n\n\n<p class=\"bp-card__text\">Mant\u00e9n el estado de tus colonias permanentemente a la vista y detecta las tendencias de forma temprana:<\/p>\n\n\n\n<ul class=\"wp-block-list bp-list\">\n<li><strong>Fuerza de la colonia<\/strong> y <strong>docilidad<\/strong> documentadas de forma clara<\/li>\n\n\n\n<li>Historial de las \u00faltimas <strong>revisiones y tratamientos<\/strong><\/li>\n\n\n\n<li>Desarrollo a lo largo de la temporada, comprensible en lugar de &#8220;intuitivo&#8221;<\/li>\n<\/ul>\n<\/div><\/div>\n<\/div>\n<\/div>\n\n\n\n<div style=\"height:14px\" aria-hidden=\"true\" class=\"wp-block-spacer\"><\/div>\n\n\n\n<div class=\"wp-block-columns bp-cols is-layout-flex wp-container-core-columns-is-layout-9d6595d7 wp-block-columns-is-layout-flex\">\n<div class=\"wp-block-column is-vertically-aligned-center is-layout-flow wp-block-column-is-layout-flow\">\n<div class=\"wp-block-group bp-card\"><div class=\"wp-block-group__inner-container is-layout-constrained wp-block-group-is-layout-constrained\">\n<h4 class=\"wp-block-heading\" id=\"h-auswertungen-amp-vergleich-am-stand\"><strong>Evaluaciones y comparaci\u00f3n en el colmenar<\/strong><\/h4>\n\n\n\n<p class=\"bp-card__text\">Con <strong>evaluaciones y clasificaciones<\/strong> inteligentes, comparas las colonias entre s\u00ed: \u00bfC\u00f3mo se desarrolla una colonia en relaci\u00f3n con otras en el mismo colmenar? Esta transparencia te ayuda a tomar decisiones sobre el cuidado, la ubicaci\u00f3n y la cr\u00eda. <\/p>\n<\/div><\/div>\n<\/div>\n\n\n\n<div class=\"wp-block-column is-vertically-aligned-center is-layout-flow wp-block-column-is-layout-flow\">\n<div class=\"wp-block-group bp-card\"><div class=\"wp-block-group__inner-container is-layout-constrained wp-block-group-is-layout-constrained\"><div class=\"wp-block-image bp-shot\">\n<figure class=\"aligncenter size-large\"><img loading=\"lazy\" decoding=\"async\" width=\"1024\" height=\"871\" src=\"https:\/\/www.bee-pilot.io\/wp-content\/uploads\/2025\/12\/bewertung-1024x871.png\" alt=\"Valoraci&#xF3;n y evaluaci&#xF3;n\" class=\"wp-image-1147\" srcset=\"https:\/\/www.bee-pilot.io\/wp-content\/uploads\/2025\/12\/bewertung-1024x871.png 1024w, https:\/\/www.bee-pilot.io\/wp-content\/uploads\/2025\/12\/bewertung-300x255.png 300w, https:\/\/www.bee-pilot.io\/wp-content\/uploads\/2025\/12\/bewertung-768x653.png 768w, https:\/\/www.bee-pilot.io\/wp-content\/uploads\/2025\/12\/bewertung.png 1434w\" sizes=\"auto, (max-width: 1024px) 100vw, 1024px\" \/><\/figure>\n<\/div><\/div><\/div>\n<\/div>\n<\/div>\n\n\n\n<div style=\"height:14px\" aria-hidden=\"true\" class=\"wp-block-spacer\"><\/div>\n\n\n\n<div class=\"wp-block-columns bp-cols is-layout-flex wp-container-core-columns-is-layout-9d6595d7 wp-block-columns-is-layout-flex\">\n<div class=\"wp-block-column is-vertically-aligned-center is-layout-flow wp-block-column-is-layout-flow\">\n<div class=\"wp-block-group bp-card\"><div class=\"wp-block-group__inner-container is-layout-constrained wp-block-group-is-layout-constrained\"><div class=\"wp-block-image bp-shot\">\n<figure class=\"aligncenter size-large\"><img loading=\"lazy\" decoding=\"async\" width=\"1024\" height=\"603\" src=\"https:\/\/www.bee-pilot.io\/wp-content\/uploads\/2025\/12\/koenigin-1024x603.png\" alt=\"Reinas\" class=\"wp-image-1148\" srcset=\"https:\/\/www.bee-pilot.io\/wp-content\/uploads\/2025\/12\/koenigin-1024x603.png 1024w, https:\/\/www.bee-pilot.io\/wp-content\/uploads\/2025\/12\/koenigin-300x177.png 300w, https:\/\/www.bee-pilot.io\/wp-content\/uploads\/2025\/12\/koenigin-768x452.png 768w, https:\/\/www.bee-pilot.io\/wp-content\/uploads\/2025\/12\/koenigin-1536x904.png 1536w, https:\/\/www.bee-pilot.io\/wp-content\/uploads\/2025\/12\/koenigin.png 1590w\" sizes=\"auto, (max-width: 1024px) 100vw, 1024px\" \/><\/figure>\n<\/div><\/div><\/div>\n<\/div>\n\n\n\n<div class=\"wp-block-column is-vertically-aligned-center is-layout-flow wp-block-column-is-layout-flow\">\n<div class=\"wp-block-group bp-card\"><div class=\"wp-block-group__inner-container is-layout-constrained wp-block-group-is-layout-constrained\">\n<h4 class=\"wp-block-heading\" id=\"h-koniginnen-im-fokus\"><strong>Reinas en el punto de mira<\/strong><\/h4>\n\n\n\n<p class=\"bp-card__text\">Documenta de forma espec\u00edfica las caracter\u00edsticas de la reina, como el rendimiento, la docilidad o la vitalidad. Esto crea una base valiosa para las decisiones de cr\u00eda y la planificaci\u00f3n a largo plazo. <\/p>\n<\/div><\/div>\n<\/div>\n<\/div>\n\n\n\n<div style=\"height:14px\" aria-hidden=\"true\" class=\"wp-block-spacer\"><\/div>\n\n\n\n<div class=\"wp-block-columns bp-cols is-layout-flex wp-container-core-columns-is-layout-9d6595d7 wp-block-columns-is-layout-flex\">\n<div class=\"wp-block-column is-vertically-aligned-center is-layout-flow wp-block-column-is-layout-flow\">\n<div class=\"wp-block-group bp-card\"><div class=\"wp-block-group__inner-container is-layout-constrained wp-block-group-is-layout-constrained\">\n<figure class=\"wp-block-image size-large bp-shot\"><img loading=\"lazy\" decoding=\"async\" width=\"973\" height=\"1024\" src=\"https:\/\/www.bee-pilot.io\/wp-content\/uploads\/2025\/12\/Verwandtschaft-973x1024.png\" alt=\"Parentesco\" class=\"wp-image-1149\" srcset=\"https:\/\/www.bee-pilot.io\/wp-content\/uploads\/2025\/12\/Verwandtschaft-973x1024.png 973w, https:\/\/www.bee-pilot.io\/wp-content\/uploads\/2025\/12\/Verwandtschaft-285x300.png 285w, https:\/\/www.bee-pilot.io\/wp-content\/uploads\/2025\/12\/Verwandtschaft-768x808.png 768w, https:\/\/www.bee-pilot.io\/wp-content\/uploads\/2025\/12\/Verwandtschaft-1460x1536.png 1460w, https:\/\/www.bee-pilot.io\/wp-content\/uploads\/2025\/12\/Verwandtschaft.png 1462w\" sizes=\"auto, (max-width: 973px) 100vw, 973px\" \/><\/figure>\n<\/div><\/div>\n<\/div>\n\n\n\n<div class=\"wp-block-column is-vertically-aligned-center is-layout-flow wp-block-column-is-layout-flow\">\n<div class=\"wp-block-group bp-card\"><div class=\"wp-block-group__inner-container is-layout-constrained wp-block-group-is-layout-constrained\">\n<h4 class=\"wp-block-heading\" id=\"h-abstammung-und-beziehungen-erkennen\"><strong>Reconocer la ascendencia y las relaciones<\/strong><\/h4>\n\n\n\n<p class=\"bp-card__text\">Sigue el origen de tus reinas y haz visibles las relaciones gen\u00e9ticas, documentadas de forma comprensible:<\/p>\n\n\n\n<ul class=\"wp-block-list bp-list\">\n<li>\u00bfQui\u00e9n era la <strong>madre<\/strong> de la colonia?<\/li>\n\n\n\n<li>\u00bfDe qu\u00e9 <strong>poblaci\u00f3n \/ ubicaci\u00f3n<\/strong> procede?<\/li>\n<\/ul>\n<\/div><\/div>\n<\/div>\n<\/div>\n<\/div><\/div>\n\n<div style=\"height:26px\" aria-hidden=\"true\" class=\"wp-block-spacer\"><\/div>\n\n<div class=\"wp-block-group bp-cta\"><div class=\"wp-block-group__inner-container is-layout-constrained wp-container-core-group-is-layout-7a8ecd1d wp-block-group-is-layout-constrained\">\n<h3 class=\"wp-block-heading has-text-align-center bp-cta__title\">\u00bfListo para fichas de colmena claras sin papeleo?<\/h3>\n\n\n\n<p class=\"has-text-align-center bp-cta__text\">Prueba bee-pilot.io gratis y experimenta lo r\u00e1pido que encuentras informaci\u00f3n, tomas decisiones y mantienes tus colonias a la vista de forma sostenible.<\/p>\n\n\n\n<div class=\"wp-block-buttons is-content-justification-center is-layout-flex wp-container-core-buttons-is-layout-16018d1d wp-block-buttons-is-layout-flex\">\n<div class=\"wp-block-button bp-btn\"><a class=\"wp-block-button__link has-luminous-vivid-amber-background-color has-background wp-element-button\" href=\"https:\/\/app.bee-pilot.io\/registration\">Probar gratis ahora<\/a><\/div>\n<\/div>\n<\/div><\/div>\n\n<p>\u00a0<\/p>\n","protected":false},"excerpt":{"rendered":"<p>La ficha de colmena digital que realmente colabora. Con bee-pilot.io digitalizas las fichas de tus colmenas de forma sencilla y clara. Olv\u00eddate del papeleo y de los registros incompletos: tendr\u00e1s toda la informaci\u00f3n importante disponible de forma centralizada, m\u00f3vil, actualizada y bien estructurada. Tanto si eres apicultor aficionado como profesional, bee-pilot.io te ayuda a mantener [&hellip;]<\/p>\n","protected":false},"author":1,"featured_media":1169,"parent":0,"menu_order":0,"comment_status":"closed","ping_status":"closed","template":"","meta":{"footnotes":""},"class_list":["post-1163","page","type-page","status-publish","has-post-thumbnail","hentry"],"yoast_head":"<!-- This site is optimized with the Yoast SEO Premium plugin v26.6 (Yoast SEO v26.6) - https:\/\/yoast.com\/wordpress\/plugins\/seo\/ -->\n<title>Ficha de colmena digital para decisiones m\u00e1s eficientes - bee-pilot.io<\/title>\n<meta name=\"description\" content=\"Descubre las ventajas de la ficha de colmena digital con bee-pilot.io. Ten controlada toda la informaci\u00f3n sobre tus colonias de abejas de forma sencilla.\" \/>\n<meta name=\"robots\" content=\"index, follow, max-snippet:-1, max-image-preview:large, max-video-preview:-1\" \/>\n<link rel=\"canonical\" href=\"https:\/\/www.bee-pilot.io\/es\/ficha-de-colmena-digital\/\" \/>\n<meta property=\"og:locale\" content=\"es_ES\" \/>\n<meta property=\"og:type\" content=\"article\" \/>\n<meta property=\"og:title\" content=\"ficha de colmena digital\" \/>\n<meta property=\"og:description\" content=\"Descubre las ventajas de la ficha de colmena digital con bee-pilot.io. Ten controlada toda la informaci\u00f3n sobre tus colonias de abejas de forma sencilla.\" \/>\n<meta property=\"og:url\" content=\"https:\/\/www.bee-pilot.io\/es\/ficha-de-colmena-digital\/\" \/>\n<meta property=\"og:site_name\" content=\"bee-pilot.io\" \/>\n<meta property=\"article:modified_time\" content=\"2025-12-27T10:54:18+00:00\" \/>\n<meta property=\"og:image\" content=\"https:\/\/www.bee-pilot.io\/wp-content\/uploads\/2025\/12\/digitalestockkarte-1024x683.png\" \/>\n\t<meta property=\"og:image:width\" content=\"1024\" \/>\n\t<meta property=\"og:image:height\" content=\"683\" \/>\n\t<meta property=\"og:image:type\" content=\"image\/png\" \/>\n<meta name=\"twitter:card\" content=\"summary_large_image\" \/>\n<meta name=\"twitter:label1\" content=\"Tiempo de lectura\" \/>\n\t<meta name=\"twitter:data1\" content=\"4 minutos\" \/>\n<script type=\"application\/ld+json\" class=\"yoast-schema-graph\">{\"@context\":\"https:\/\/schema.org\",\"@graph\":[{\"@type\":\"WebPage\",\"@id\":\"https:\/\/www.bee-pilot.io\/es\/ficha-de-colmena-digital\/\",\"url\":\"https:\/\/www.bee-pilot.io\/es\/ficha-de-colmena-digital\/\",\"name\":\"Ficha de colmena digital para decisiones m\u00e1s eficientes - bee-pilot.io\",\"isPartOf\":{\"@id\":\"https:\/\/www.bee-pilot.io\/es\/#website\"},\"primaryImageOfPage\":{\"@id\":\"https:\/\/www.bee-pilot.io\/es\/ficha-de-colmena-digital\/#primaryimage\"},\"image\":{\"@id\":\"https:\/\/www.bee-pilot.io\/es\/ficha-de-colmena-digital\/#primaryimage\"},\"thumbnailUrl\":\"https:\/\/www.bee-pilot.io\/wp-content\/uploads\/2025\/12\/digitalestockkarte.png\",\"datePublished\":\"2025-12-27T10:00:29+00:00\",\"dateModified\":\"2025-12-27T10:54:18+00:00\",\"description\":\"Descubre las ventajas de la ficha de colmena digital con bee-pilot.io. Ten controlada toda la informaci\u00f3n sobre tus colonias de abejas de forma sencilla.\",\"breadcrumb\":{\"@id\":\"https:\/\/www.bee-pilot.io\/es\/ficha-de-colmena-digital\/#breadcrumb\"},\"inLanguage\":\"es\",\"potentialAction\":[{\"@type\":\"ReadAction\",\"target\":[\"https:\/\/www.bee-pilot.io\/es\/ficha-de-colmena-digital\/\"]}]},{\"@type\":\"ImageObject\",\"inLanguage\":\"es\",\"@id\":\"https:\/\/www.bee-pilot.io\/es\/ficha-de-colmena-digital\/#primaryimage\",\"url\":\"https:\/\/www.bee-pilot.io\/wp-content\/uploads\/2025\/12\/digitalestockkarte.png\",\"contentUrl\":\"https:\/\/www.bee-pilot.io\/wp-content\/uploads\/2025\/12\/digitalestockkarte.png\",\"width\":1536,\"height\":1024,\"caption\":\"ficha de colmena digital\"},{\"@type\":\"BreadcrumbList\",\"@id\":\"https:\/\/www.bee-pilot.io\/es\/ficha-de-colmena-digital\/#breadcrumb\",\"itemListElement\":[{\"@type\":\"ListItem\",\"position\":1,\"name\":\"Startseite\",\"item\":\"https:\/\/www.bee-pilot.io\/es\/\"},{\"@type\":\"ListItem\",\"position\":2,\"name\":\"ficha de colmena digital\"}]},{\"@type\":\"WebSite\",\"@id\":\"https:\/\/www.bee-pilot.io\/es\/#website\",\"url\":\"https:\/\/www.bee-pilot.io\/es\/\",\"name\":\"bee-pilot.io\",\"description\":\"Bee-Pilot: KI-gest\u00fctzte Software f\u00fcr Imker \u2013 Digitale Stockkarte, Wetter &amp; Checklisten\",\"publisher\":{\"@id\":\"https:\/\/www.bee-pilot.io\/es\/#organization\"},\"potentialAction\":[{\"@type\":\"SearchAction\",\"target\":{\"@type\":\"EntryPoint\",\"urlTemplate\":\"https:\/\/www.bee-pilot.io\/es\/?s={search_term_string}\"},\"query-input\":{\"@type\":\"PropertyValueSpecification\",\"valueRequired\":true,\"valueName\":\"search_term_string\"}}],\"inLanguage\":\"es\"},{\"@type\":\"Organization\",\"@id\":\"https:\/\/www.bee-pilot.io\/es\/#organization\",\"name\":\"bee-pilot.io UG (haftungsbeschr\u00e4nkt)\",\"url\":\"https:\/\/www.bee-pilot.io\/es\/\",\"logo\":{\"@type\":\"ImageObject\",\"inLanguage\":\"es\",\"@id\":\"https:\/\/www.bee-pilot.io\/es\/#\/schema\/logo\/image\/\",\"url\":\"https:\/\/www.bee-pilot.io\/wp-content\/uploads\/2024\/10\/cropped-bee-pilot-logo.png\",\"contentUrl\":\"https:\/\/www.bee-pilot.io\/wp-content\/uploads\/2024\/10\/cropped-bee-pilot-logo.png\",\"width\":291,\"height\":85,\"caption\":\"bee-pilot.io UG (haftungsbeschr\u00e4nkt)\"},\"image\":{\"@id\":\"https:\/\/www.bee-pilot.io\/es\/#\/schema\/logo\/image\/\"}}]}<\/script>\n<!-- \/ Yoast SEO Premium plugin. -->","yoast_head_json":{"title":"Ficha de colmena digital para decisiones m\u00e1s eficientes - bee-pilot.io","description":"Descubre las ventajas de la ficha de colmena digital con bee-pilot.io. Ten controlada toda la informaci\u00f3n sobre tus colonias de abejas de forma sencilla.","robots":{"index":"index","follow":"follow","max-snippet":"max-snippet:-1","max-image-preview":"max-image-preview:large","max-video-preview":"max-video-preview:-1"},"canonical":"https:\/\/www.bee-pilot.io\/es\/ficha-de-colmena-digital\/","og_locale":"es_ES","og_type":"article","og_title":"ficha de colmena digital","og_description":"Descubre las ventajas de la ficha de colmena digital con bee-pilot.io. Ten controlada toda la informaci\u00f3n sobre tus colonias de abejas de forma sencilla.","og_url":"https:\/\/www.bee-pilot.io\/es\/ficha-de-colmena-digital\/","og_site_name":"bee-pilot.io","article_modified_time":"2025-12-27T10:54:18+00:00","og_image":[{"width":1024,"height":683,"url":"https:\/\/www.bee-pilot.io\/wp-content\/uploads\/2025\/12\/digitalestockkarte-1024x683.png","type":"image\/png"}],"twitter_card":"summary_large_image","twitter_misc":{"Tiempo de lectura":"4 minutos"},"schema":{"@context":"https:\/\/schema.org","@graph":[{"@type":"WebPage","@id":"https:\/\/www.bee-pilot.io\/es\/ficha-de-colmena-digital\/","url":"https:\/\/www.bee-pilot.io\/es\/ficha-de-colmena-digital\/","name":"Ficha de colmena digital para decisiones m\u00e1s eficientes - bee-pilot.io","isPartOf":{"@id":"https:\/\/www.bee-pilot.io\/es\/#website"},"primaryImageOfPage":{"@id":"https:\/\/www.bee-pilot.io\/es\/ficha-de-colmena-digital\/#primaryimage"},"image":{"@id":"https:\/\/www.bee-pilot.io\/es\/ficha-de-colmena-digital\/#primaryimage"},"thumbnailUrl":"https:\/\/www.bee-pilot.io\/wp-content\/uploads\/2025\/12\/digitalestockkarte.png","datePublished":"2025-12-27T10:00:29+00:00","dateModified":"2025-12-27T10:54:18+00:00","description":"Descubre las ventajas de la ficha de colmena digital con bee-pilot.io. Ten controlada toda la informaci\u00f3n sobre tus colonias de abejas de forma sencilla.","breadcrumb":{"@id":"https:\/\/www.bee-pilot.io\/es\/ficha-de-colmena-digital\/#breadcrumb"},"inLanguage":"es","potentialAction":[{"@type":"ReadAction","target":["https:\/\/www.bee-pilot.io\/es\/ficha-de-colmena-digital\/"]}]},{"@type":"ImageObject","inLanguage":"es","@id":"https:\/\/www.bee-pilot.io\/es\/ficha-de-colmena-digital\/#primaryimage","url":"https:\/\/www.bee-pilot.io\/wp-content\/uploads\/2025\/12\/digitalestockkarte.png","contentUrl":"https:\/\/www.bee-pilot.io\/wp-content\/uploads\/2025\/12\/digitalestockkarte.png","width":1536,"height":1024,"caption":"ficha de colmena digital"},{"@type":"BreadcrumbList","@id":"https:\/\/www.bee-pilot.io\/es\/ficha-de-colmena-digital\/#breadcrumb","itemListElement":[{"@type":"ListItem","position":1,"name":"Startseite","item":"https:\/\/www.bee-pilot.io\/es\/"},{"@type":"ListItem","position":2,"name":"ficha de colmena digital"}]},{"@type":"WebSite","@id":"https:\/\/www.bee-pilot.io\/es\/#website","url":"https:\/\/www.bee-pilot.io\/es\/","name":"bee-pilot.io","description":"Bee-Pilot: KI-gest\u00fctzte Software f\u00fcr Imker \u2013 Digitale Stockkarte, Wetter &amp; Checklisten","publisher":{"@id":"https:\/\/www.bee-pilot.io\/es\/#organization"},"potentialAction":[{"@type":"SearchAction","target":{"@type":"EntryPoint","urlTemplate":"https:\/\/www.bee-pilot.io\/es\/?s={search_term_string}"},"query-input":{"@type":"PropertyValueSpecification","valueRequired":true,"valueName":"search_term_string"}}],"inLanguage":"es"},{"@type":"Organization","@id":"https:\/\/www.bee-pilot.io\/es\/#organization","name":"bee-pilot.io UG (haftungsbeschr\u00e4nkt)","url":"https:\/\/www.bee-pilot.io\/es\/","logo":{"@type":"ImageObject","inLanguage":"es","@id":"https:\/\/www.bee-pilot.io\/es\/#\/schema\/logo\/image\/","url":"https:\/\/www.bee-pilot.io\/wp-content\/uploads\/2024\/10\/cropped-bee-pilot-logo.png","contentUrl":"https:\/\/www.bee-pilot.io\/wp-content\/uploads\/2024\/10\/cropped-bee-pilot-logo.png","width":291,"height":85,"caption":"bee-pilot.io UG (haftungsbeschr\u00e4nkt)"},"image":{"@id":"https:\/\/www.bee-pilot.io\/es\/#\/schema\/logo\/image\/"}}]}},"_links":{"self":[{"href":"https:\/\/www.bee-pilot.io\/es\/wp-json\/wp\/v2\/pages\/1163","targetHints":{"allow":["GET"]}}],"collection":[{"href":"https:\/\/www.bee-pilot.io\/es\/wp-json\/wp\/v2\/pages"}],"about":[{"href":"https:\/\/www.bee-pilot.io\/es\/wp-json\/wp\/v2\/types\/page"}],"author":[{"embeddable":true,"href":"https:\/\/www.bee-pilot.io\/es\/wp-json\/wp\/v2\/users\/1"}],"replies":[{"embeddable":true,"href":"https:\/\/www.bee-pilot.io\/es\/wp-json\/wp\/v2\/comments?post=1163"}],"version-history":[{"count":1,"href":"https:\/\/www.bee-pilot.io\/es\/wp-json\/wp\/v2\/pages\/1163\/revisions"}],"predecessor-version":[{"id":1171,"href":"https:\/\/www.bee-pilot.io\/es\/wp-json\/wp\/v2\/pages\/1163\/revisions\/1171"}],"wp:featuredmedia":[{"embeddable":true,"href":"https:\/\/www.bee-pilot.io\/es\/wp-json\/wp\/v2\/media\/1169"}],"wp:attachment":[{"href":"https:\/\/www.bee-pilot.io\/es\/wp-json\/wp\/v2\/media?parent=1163"}],"curies":[{"name":"wp","href":"https:\/\/api.w.org\/{rel}","templated":true}]}}