{"id":1268,"date":"2025-12-27T11:56:05","date_gmt":"2025-12-27T11:56:05","guid":{"rendered":"https:\/\/www.bee-pilot.io\/datos-meteorologicos-directamente-desde-el-colmenar\/"},"modified":"2025-12-27T13:02:48","modified_gmt":"2025-12-27T13:02:48","slug":"datos-meteorologicos-directamente-desde-el-colmenar","status":"publish","type":"page","link":"https:\/\/www.bee-pilot.io\/es\/datos-meteorologicos-directamente-desde-el-colmenar\/","title":{"rendered":"Datos meteorol\u00f3gicos directamente desde el colmenar"},"content":{"rendered":"<p><!-- HERO --><\/p>\n\n<div class=\"wp-block-cover alignfull\" style=\"min-height:360px;aspect-ratio:unset;\"><span aria-hidden=\"true\" class=\"wp-block-cover__background has-background-dim-100 has-background-dim\" style=\"background-color:#0f1115\"><\/span><div class=\"wp-block-cover__inner-container is-layout-flow wp-block-cover-is-layout-flow\">\n<div class=\"wp-block-group\"><div class=\"wp-block-group__inner-container is-layout-constrained wp-container-core-group-is-layout-7a8ecd1d wp-block-group-is-layout-constrained\">\n<p>\ud83c\udf26\ufe0f <strong>Tiempo y vegetaci\u00f3n<\/strong><\/p>\n\n\n\n<h2 class=\"wp-block-heading\" id=\"h-wetter-verstehen-blute-richtig-einschatzen\">Entender el tiempo. Evaluar correctamente la floraci\u00f3n. <\/h2>\n\n\n\n<p>Con <strong>bee-pilot.io<\/strong> tienes el tiempo en tu colmenar siempre a la vista, no solo como una instant\u00e1nea, sino como una base fiable para tus decisiones diarias en el colmenar.<\/p>\n\n\n\n<div class=\"wp-block-buttons is-content-justification-center is-layout-flex wp-container-core-buttons-is-layout-16018d1d wp-block-buttons-is-layout-flex\">\n<div class=\"wp-block-button\"><a class=\"wp-block-button__link has-luminous-vivid-amber-background-color has-background wp-element-button\" href=\"https:\/\/app.bee-pilot.io\/registration\">\n Probar ahora gratis\n\t\t\t\t\t<\/a><\/div>\n<\/div>\n<\/div><\/div>\n<\/div><\/div>\n<p><!-- CONTENT --><\/p>\n\n<div class=\"wp-block-group\"><div class=\"wp-block-group__inner-container is-layout-constrained wp-container-core-group-is-layout-7a8ecd1d wp-block-group-is-layout-constrained\">\n<div style=\"height:32px\" aria-hidden=\"true\" class=\"wp-block-spacer\"><\/div>\n\n\n\n<div class=\"wp-block-columns is-layout-flex wp-container-core-columns-is-layout-9d6595d7 wp-block-columns-is-layout-flex\">\n<div class=\"wp-block-column is-vertically-aligned-center is-layout-flow wp-block-column-is-layout-flow\">\n<h4 class=\"wp-block-heading\" id=\"h-wettervorhersage-direkt-fur-deinen-bienenstand\">Predicci\u00f3n meteorol\u00f3gica directamente para tu colmenar<\/h4>\n\n\n\n<p>Consulta <strong>predicciones meteorol\u00f3gicas precisas para cada ubicaci\u00f3n<\/strong> y planifica las inspecciones, los tratamientos o las trashumancias de forma mucho m\u00e1s fiable. Reconocer\u00e1s pronto cu\u00e1ndo es el momento adecuado y cu\u00e1ndo es mejor esperar. <\/p>\n\n\n\n<h4 class=\"wp-block-heading\" id=\"h-wetterdaten-mit-nachvollziehbarer-historie\">Datos meteorol\u00f3gicos con un historial rastreable<\/h4>\n\n\n\n<p>Todos los datos meteorol\u00f3gicos relevantes se <strong>registran continuamente<\/strong>. Esto crea un <strong>historial meteorol\u00f3gico<\/strong> por colmenar, con el que puedes comparar la evoluci\u00f3n y comprender mejor las relaciones entre el clima y el desarrollo de la colonia. <\/p>\n<\/div>\n\n\n\n<div class=\"wp-block-column is-layout-flow wp-block-column-is-layout-flow\">\n<figure class=\"wp-block-image size-large\"><img loading=\"lazy\" decoding=\"async\" width=\"1024\" height=\"950\" src=\"https:\/\/www.bee-pilot.io\/wp-content\/uploads\/2025\/12\/wetterhistory-1024x950.png\" alt=\"Historial meteorol&#xF3;gico en el colmenar\" class=\"wp-image-1258\" srcset=\"https:\/\/www.bee-pilot.io\/wp-content\/uploads\/2025\/12\/wetterhistory-1024x950.png 1024w, https:\/\/www.bee-pilot.io\/wp-content\/uploads\/2025\/12\/wetterhistory-300x278.png 300w, https:\/\/www.bee-pilot.io\/wp-content\/uploads\/2025\/12\/wetterhistory-768x712.png 768w, https:\/\/www.bee-pilot.io\/wp-content\/uploads\/2025\/12\/wetterhistory-1536x1425.png 1536w, https:\/\/www.bee-pilot.io\/wp-content\/uploads\/2025\/12\/wetterhistory.png 1548w\" sizes=\"auto, (max-width: 1024px) 100vw, 1024px\" \/><\/figure>\n<\/div>\n<\/div>\n\n\n\n<div style=\"height:28px\" aria-hidden=\"true\" class=\"wp-block-spacer\"><\/div>\n\n\n\n<div class=\"wp-block-columns is-layout-flex wp-container-core-columns-is-layout-9d6595d7 wp-block-columns-is-layout-flex\">\n<div class=\"wp-block-column is-layout-flow wp-block-column-is-layout-flow\">\n<figure class=\"wp-block-image size-large\"><img loading=\"lazy\" decoding=\"async\" width=\"840\" height=\"1024\" src=\"https:\/\/www.bee-pilot.io\/wp-content\/uploads\/2025\/12\/gts-summe-840x1024.png\" alt=\"Suma de temperaturas de pastizales y floraci&#xF3;n\" class=\"wp-image-1259\" srcset=\"https:\/\/www.bee-pilot.io\/wp-content\/uploads\/2025\/12\/gts-summe-840x1024.png 840w, https:\/\/www.bee-pilot.io\/wp-content\/uploads\/2025\/12\/gts-summe-246x300.png 246w, https:\/\/www.bee-pilot.io\/wp-content\/uploads\/2025\/12\/gts-summe-768x936.png 768w, https:\/\/www.bee-pilot.io\/wp-content\/uploads\/2025\/12\/gts-summe-1260x1536.png 1260w, https:\/\/www.bee-pilot.io\/wp-content\/uploads\/2025\/12\/gts-summe.png 1562w\" sizes=\"auto, (max-width: 840px) 100vw, 840px\" \/><\/figure>\n<\/div>\n\n\n\n<div class=\"wp-block-column is-vertically-aligned-center is-layout-flow wp-block-column-is-layout-flow\">\n<h4 class=\"wp-block-heading\" id=\"h-blute-besser-einschatzen-mit-der-grunlandtemperatursumme\">Evaluar mejor la floraci\u00f3n con la suma de temperaturas de pastizales<\/h4>\n\n\n\n<p>bee-pilot.io te ayuda a evaluar el progreso de la vegetaci\u00f3n: la <strong>floraci\u00f3n se calcula a partir de la suma de temperaturas de pastizales (GTS)<\/strong>.<\/p>\n\n\n\n<p>Lo especial: <strong>Los valores se pueden corregir individualmente.<\/strong> De este modo, puedes tener en cuenta las condiciones locales, la altitud o el microclima y adaptar tus decisiones exactamente a tu ubicaci\u00f3n.<\/p>\n\n\n\n<p>En lugar de trabajar seg\u00fan fechas fijas del calendario, act\u00faas de forma <strong>pr\u00e1ctica, basada en la ubicaci\u00f3n y con conocimiento de causa<\/strong>.<\/p>\n<\/div>\n<\/div>\n\n\n\n<div style=\"height:32px\" aria-hidden=\"true\" class=\"wp-block-spacer\"><\/div>\n<\/div><\/div>\n<p><!-- CTA --><\/p>\n\n<div class=\"wp-block-cover alignfull\" style=\"min-height:220px;aspect-ratio:unset;\"><span aria-hidden=\"true\" class=\"wp-block-cover__background has-background-dim-100 has-background-dim\" style=\"background-color:#0f1115\"><\/span><div class=\"wp-block-cover__inner-container is-layout-flow wp-block-cover-is-layout-flow\">\n<div class=\"wp-block-group\"><div class=\"wp-block-group__inner-container is-layout-constrained wp-container-core-group-is-layout-7a8ecd1d wp-block-group-is-layout-constrained\">\n<h3 class=\"wp-block-heading has-text-align-center\" id=\"h-triff-entscheidungen-auf-basis-von-daten-nicht-nach-gefuhl\">Toma decisiones bas\u00e1ndote en datos, no en sensaciones<\/h3>\n\n\n\n<p class=\"has-text-align-center\">Prueba bee-pilot.io gratis y utiliza los datos meteorol\u00f3gicos y de floraci\u00f3n justo donde cuentan: en tu colmenar.<\/p>\n\n\n\n<div class=\"wp-block-buttons is-content-justification-center is-layout-flex wp-container-core-buttons-is-layout-16018d1d wp-block-buttons-is-layout-flex\">\n<div class=\"wp-block-button\"><a class=\"wp-block-button__link has-luminous-vivid-amber-background-color has-background wp-element-button\" href=\"https:\/\/app.bee-pilot.io\/registration\">\n Probar ahora gratis\n\t\t\t\t\t<\/a><\/div>\n<\/div>\n<\/div><\/div>\n<\/div><\/div>\n","protected":false},"excerpt":{"rendered":"<p>Predicci\u00f3n meteorol\u00f3gica directamente para tu colmenar Consulta predicciones meteorol\u00f3gicas precisas para cada ubicaci\u00f3n y planifica las inspecciones, los tratamientos o las trashumancias de forma mucho m\u00e1s fiable. Reconocer\u00e1s pronto cu\u00e1ndo es el momento adecuado y cu\u00e1ndo es mejor esperar. Datos meteorol\u00f3gicos con un historial rastreable Todos los datos meteorol\u00f3gicos relevantes se registran continuamente. Esto crea [&hellip;]<\/p>\n","protected":false},"author":1,"featured_media":1270,"parent":0,"menu_order":0,"comment_status":"closed","ping_status":"closed","template":"","meta":{"footnotes":""},"class_list":["post-1268","page","type-page","status-publish","has-post-thumbnail","hentry"],"yoast_head":"<!-- This site is optimized with the Yoast SEO Premium plugin v26.6 (Yoast SEO v26.6) - https:\/\/yoast.com\/wordpress\/plugins\/seo\/ -->\n<title>Datos meteorol\u00f3gicos y su importancia para la apicultura - bee-pilot.io<\/title>\n<meta name=\"description\" content=\"Con bee-pilot.io tienes acceso en todo momento a datos meteorol\u00f3gicos precisos para tu colmenar y puedes planificar tu trabajo de forma fiable.\" \/>\n<meta name=\"robots\" content=\"index, follow, max-snippet:-1, max-image-preview:large, max-video-preview:-1\" \/>\n<link rel=\"canonical\" href=\"https:\/\/www.bee-pilot.io\/es\/datos-meteorologicos-directamente-desde-el-colmenar\/\" \/>\n<meta property=\"og:locale\" content=\"es_ES\" \/>\n<meta property=\"og:type\" content=\"article\" \/>\n<meta property=\"og:title\" content=\"Datos meteorol\u00f3gicos directamente desde el colmenar\" \/>\n<meta property=\"og:description\" content=\"Con bee-pilot.io tienes acceso en todo momento a datos meteorol\u00f3gicos precisos para tu colmenar y puedes planificar tu trabajo de forma fiable.\" \/>\n<meta property=\"og:url\" content=\"https:\/\/www.bee-pilot.io\/es\/datos-meteorologicos-directamente-desde-el-colmenar\/\" \/>\n<meta property=\"og:site_name\" content=\"bee-pilot.io\" \/>\n<meta property=\"article:modified_time\" content=\"2025-12-27T13:02:48+00:00\" \/>\n<meta property=\"og:image\" content=\"https:\/\/www.bee-pilot.io\/wp-content\/uploads\/2025\/12\/gts-banner.png\" \/>\n\t<meta property=\"og:image:width\" content=\"1536\" \/>\n\t<meta property=\"og:image:height\" content=\"1024\" \/>\n\t<meta property=\"og:image:type\" content=\"image\/png\" \/>\n<meta name=\"twitter:card\" content=\"summary_large_image\" \/>\n<meta name=\"twitter:label1\" content=\"Tiempo de lectura\" \/>\n\t<meta name=\"twitter:data1\" content=\"2 minutos\" \/>\n<script type=\"application\/ld+json\" class=\"yoast-schema-graph\">{\"@context\":\"https:\/\/schema.org\",\"@graph\":[{\"@type\":\"WebPage\",\"@id\":\"https:\/\/www.bee-pilot.io\/es\/datos-meteorologicos-directamente-desde-el-colmenar\/\",\"url\":\"https:\/\/www.bee-pilot.io\/es\/datos-meteorologicos-directamente-desde-el-colmenar\/\",\"name\":\"Datos meteorol\u00f3gicos y su importancia para la apicultura - bee-pilot.io\",\"isPartOf\":{\"@id\":\"https:\/\/www.bee-pilot.io\/es\/#website\"},\"primaryImageOfPage\":{\"@id\":\"https:\/\/www.bee-pilot.io\/es\/datos-meteorologicos-directamente-desde-el-colmenar\/#primaryimage\"},\"image\":{\"@id\":\"https:\/\/www.bee-pilot.io\/es\/datos-meteorologicos-directamente-desde-el-colmenar\/#primaryimage\"},\"thumbnailUrl\":\"https:\/\/www.bee-pilot.io\/wp-content\/uploads\/2025\/12\/gts-banner.png\",\"datePublished\":\"2025-12-27T11:56:05+00:00\",\"dateModified\":\"2025-12-27T13:02:48+00:00\",\"description\":\"Con bee-pilot.io tienes acceso en todo momento a datos meteorol\u00f3gicos precisos para tu colmenar y puedes planificar tu trabajo de forma fiable.\",\"breadcrumb\":{\"@id\":\"https:\/\/www.bee-pilot.io\/es\/datos-meteorologicos-directamente-desde-el-colmenar\/#breadcrumb\"},\"inLanguage\":\"es\",\"potentialAction\":[{\"@type\":\"ReadAction\",\"target\":[\"https:\/\/www.bee-pilot.io\/es\/datos-meteorologicos-directamente-desde-el-colmenar\/\"]}]},{\"@type\":\"ImageObject\",\"inLanguage\":\"es\",\"@id\":\"https:\/\/www.bee-pilot.io\/es\/datos-meteorologicos-directamente-desde-el-colmenar\/#primaryimage\",\"url\":\"https:\/\/www.bee-pilot.io\/wp-content\/uploads\/2025\/12\/gts-banner.png\",\"contentUrl\":\"https:\/\/www.bee-pilot.io\/wp-content\/uploads\/2025\/12\/gts-banner.png\",\"width\":1536,\"height\":1024,\"caption\":\"Imagen del apicultor leyendo datos meteorol\u00f3gicos en una tableta\"},{\"@type\":\"BreadcrumbList\",\"@id\":\"https:\/\/www.bee-pilot.io\/es\/datos-meteorologicos-directamente-desde-el-colmenar\/#breadcrumb\",\"itemListElement\":[{\"@type\":\"ListItem\",\"position\":1,\"name\":\"Startseite\",\"item\":\"https:\/\/www.bee-pilot.io\/es\/\"},{\"@type\":\"ListItem\",\"position\":2,\"name\":\"Datos meteorol\u00f3gicos directamente desde el colmenar\"}]},{\"@type\":\"WebSite\",\"@id\":\"https:\/\/www.bee-pilot.io\/es\/#website\",\"url\":\"https:\/\/www.bee-pilot.io\/es\/\",\"name\":\"bee-pilot.io\",\"description\":\"Bee-Pilot: KI-gest\u00fctzte Software f\u00fcr Imker \u2013 Digitale Stockkarte, Wetter &amp; Checklisten\",\"publisher\":{\"@id\":\"https:\/\/www.bee-pilot.io\/es\/#organization\"},\"potentialAction\":[{\"@type\":\"SearchAction\",\"target\":{\"@type\":\"EntryPoint\",\"urlTemplate\":\"https:\/\/www.bee-pilot.io\/es\/?s={search_term_string}\"},\"query-input\":{\"@type\":\"PropertyValueSpecification\",\"valueRequired\":true,\"valueName\":\"search_term_string\"}}],\"inLanguage\":\"es\"},{\"@type\":\"Organization\",\"@id\":\"https:\/\/www.bee-pilot.io\/es\/#organization\",\"name\":\"bee-pilot.io UG (haftungsbeschr\u00e4nkt)\",\"url\":\"https:\/\/www.bee-pilot.io\/es\/\",\"logo\":{\"@type\":\"ImageObject\",\"inLanguage\":\"es\",\"@id\":\"https:\/\/www.bee-pilot.io\/es\/#\/schema\/logo\/image\/\",\"url\":\"https:\/\/www.bee-pilot.io\/wp-content\/uploads\/2024\/10\/cropped-bee-pilot-logo.png\",\"contentUrl\":\"https:\/\/www.bee-pilot.io\/wp-content\/uploads\/2024\/10\/cropped-bee-pilot-logo.png\",\"width\":291,\"height\":85,\"caption\":\"bee-pilot.io UG (haftungsbeschr\u00e4nkt)\"},\"image\":{\"@id\":\"https:\/\/www.bee-pilot.io\/es\/#\/schema\/logo\/image\/\"}}]}<\/script>\n<!-- \/ Yoast SEO Premium plugin. -->","yoast_head_json":{"title":"Datos meteorol\u00f3gicos y su importancia para la apicultura - bee-pilot.io","description":"Con bee-pilot.io tienes acceso en todo momento a datos meteorol\u00f3gicos precisos para tu colmenar y puedes planificar tu trabajo de forma fiable.","robots":{"index":"index","follow":"follow","max-snippet":"max-snippet:-1","max-image-preview":"max-image-preview:large","max-video-preview":"max-video-preview:-1"},"canonical":"https:\/\/www.bee-pilot.io\/es\/datos-meteorologicos-directamente-desde-el-colmenar\/","og_locale":"es_ES","og_type":"article","og_title":"Datos meteorol\u00f3gicos directamente desde el colmenar","og_description":"Con bee-pilot.io tienes acceso en todo momento a datos meteorol\u00f3gicos precisos para tu colmenar y puedes planificar tu trabajo de forma fiable.","og_url":"https:\/\/www.bee-pilot.io\/es\/datos-meteorologicos-directamente-desde-el-colmenar\/","og_site_name":"bee-pilot.io","article_modified_time":"2025-12-27T13:02:48+00:00","og_image":[{"width":1536,"height":1024,"url":"https:\/\/www.bee-pilot.io\/wp-content\/uploads\/2025\/12\/gts-banner.png","type":"image\/png"}],"twitter_card":"summary_large_image","twitter_misc":{"Tiempo de lectura":"2 minutos"},"schema":{"@context":"https:\/\/schema.org","@graph":[{"@type":"WebPage","@id":"https:\/\/www.bee-pilot.io\/es\/datos-meteorologicos-directamente-desde-el-colmenar\/","url":"https:\/\/www.bee-pilot.io\/es\/datos-meteorologicos-directamente-desde-el-colmenar\/","name":"Datos meteorol\u00f3gicos y su importancia para la apicultura - bee-pilot.io","isPartOf":{"@id":"https:\/\/www.bee-pilot.io\/es\/#website"},"primaryImageOfPage":{"@id":"https:\/\/www.bee-pilot.io\/es\/datos-meteorologicos-directamente-desde-el-colmenar\/#primaryimage"},"image":{"@id":"https:\/\/www.bee-pilot.io\/es\/datos-meteorologicos-directamente-desde-el-colmenar\/#primaryimage"},"thumbnailUrl":"https:\/\/www.bee-pilot.io\/wp-content\/uploads\/2025\/12\/gts-banner.png","datePublished":"2025-12-27T11:56:05+00:00","dateModified":"2025-12-27T13:02:48+00:00","description":"Con bee-pilot.io tienes acceso en todo momento a datos meteorol\u00f3gicos precisos para tu colmenar y puedes planificar tu trabajo de forma fiable.","breadcrumb":{"@id":"https:\/\/www.bee-pilot.io\/es\/datos-meteorologicos-directamente-desde-el-colmenar\/#breadcrumb"},"inLanguage":"es","potentialAction":[{"@type":"ReadAction","target":["https:\/\/www.bee-pilot.io\/es\/datos-meteorologicos-directamente-desde-el-colmenar\/"]}]},{"@type":"ImageObject","inLanguage":"es","@id":"https:\/\/www.bee-pilot.io\/es\/datos-meteorologicos-directamente-desde-el-colmenar\/#primaryimage","url":"https:\/\/www.bee-pilot.io\/wp-content\/uploads\/2025\/12\/gts-banner.png","contentUrl":"https:\/\/www.bee-pilot.io\/wp-content\/uploads\/2025\/12\/gts-banner.png","width":1536,"height":1024,"caption":"Imagen del apicultor leyendo datos meteorol\u00f3gicos en una tableta"},{"@type":"BreadcrumbList","@id":"https:\/\/www.bee-pilot.io\/es\/datos-meteorologicos-directamente-desde-el-colmenar\/#breadcrumb","itemListElement":[{"@type":"ListItem","position":1,"name":"Startseite","item":"https:\/\/www.bee-pilot.io\/es\/"},{"@type":"ListItem","position":2,"name":"Datos meteorol\u00f3gicos directamente desde el colmenar"}]},{"@type":"WebSite","@id":"https:\/\/www.bee-pilot.io\/es\/#website","url":"https:\/\/www.bee-pilot.io\/es\/","name":"bee-pilot.io","description":"Bee-Pilot: KI-gest\u00fctzte Software f\u00fcr Imker \u2013 Digitale Stockkarte, Wetter &amp; Checklisten","publisher":{"@id":"https:\/\/www.bee-pilot.io\/es\/#organization"},"potentialAction":[{"@type":"SearchAction","target":{"@type":"EntryPoint","urlTemplate":"https:\/\/www.bee-pilot.io\/es\/?s={search_term_string}"},"query-input":{"@type":"PropertyValueSpecification","valueRequired":true,"valueName":"search_term_string"}}],"inLanguage":"es"},{"@type":"Organization","@id":"https:\/\/www.bee-pilot.io\/es\/#organization","name":"bee-pilot.io UG (haftungsbeschr\u00e4nkt)","url":"https:\/\/www.bee-pilot.io\/es\/","logo":{"@type":"ImageObject","inLanguage":"es","@id":"https:\/\/www.bee-pilot.io\/es\/#\/schema\/logo\/image\/","url":"https:\/\/www.bee-pilot.io\/wp-content\/uploads\/2024\/10\/cropped-bee-pilot-logo.png","contentUrl":"https:\/\/www.bee-pilot.io\/wp-content\/uploads\/2024\/10\/cropped-bee-pilot-logo.png","width":291,"height":85,"caption":"bee-pilot.io UG (haftungsbeschr\u00e4nkt)"},"image":{"@id":"https:\/\/www.bee-pilot.io\/es\/#\/schema\/logo\/image\/"}}]}},"_links":{"self":[{"href":"https:\/\/www.bee-pilot.io\/es\/wp-json\/wp\/v2\/pages\/1268","targetHints":{"allow":["GET"]}}],"collection":[{"href":"https:\/\/www.bee-pilot.io\/es\/wp-json\/wp\/v2\/pages"}],"about":[{"href":"https:\/\/www.bee-pilot.io\/es\/wp-json\/wp\/v2\/types\/page"}],"author":[{"embeddable":true,"href":"https:\/\/www.bee-pilot.io\/es\/wp-json\/wp\/v2\/users\/1"}],"replies":[{"embeddable":true,"href":"https:\/\/www.bee-pilot.io\/es\/wp-json\/wp\/v2\/comments?post=1268"}],"version-history":[{"count":1,"href":"https:\/\/www.bee-pilot.io\/es\/wp-json\/wp\/v2\/pages\/1268\/revisions"}],"predecessor-version":[{"id":1271,"href":"https:\/\/www.bee-pilot.io\/es\/wp-json\/wp\/v2\/pages\/1268\/revisions\/1271"}],"wp:featuredmedia":[{"embeddable":true,"href":"https:\/\/www.bee-pilot.io\/es\/wp-json\/wp\/v2\/media\/1270"}],"wp:attachment":[{"href":"https:\/\/www.bee-pilot.io\/es\/wp-json\/wp\/v2\/media?parent=1268"}],"curies":[{"name":"wp","href":"https:\/\/api.w.org\/{rel}","templated":true}]}}