{"id":1310,"date":"2025-12-27T13:20:38","date_gmt":"2025-12-27T13:20:38","guid":{"rendered":"https:\/\/www.bee-pilot.io\/revision-de-las-colmenas\/"},"modified":"2026-03-31T05:43:39","modified_gmt":"2026-03-31T05:43:39","slug":"revision-de-las-colmenas","status":"publish","type":"page","link":"https:\/\/www.bee-pilot.io\/es\/revision-de-las-colmenas\/","title":{"rendered":"Revisi\u00f3n de las colmenas"},"content":{"rendered":"<p><!-- HERO --><\/p>\n\n<div class=\"wp-block-cover alignfull\" style=\"min-height:360px;aspect-ratio:unset;\"><span aria-hidden=\"true\" class=\"wp-block-cover__background has-background-dim-100 has-background-dim\" style=\"background-color:#0f1115\"><\/span><div class=\"wp-block-cover__inner-container is-layout-flow wp-block-cover-is-layout-flow\">\n<div class=\"wp-block-group\"><div class=\"wp-block-group__inner-container is-layout-constrained wp-container-core-group-is-layout-7a8ecd1d wp-block-group-is-layout-constrained\">\n<p>\u2705 <strong>Revisi\u00f3n (Checks)<\/strong><\/p>\n\n\n\n<h2 class=\"wp-block-heading\" id=\"h-gefuhrt-prufen-per-sprache-protokollieren-automatisch-auswerten\">Revisi\u00f3n guiada. Registro por voz. Evaluaci\u00f3n autom\u00e1tica.  <\/h2>\n\n\n\n<p>Con <strong>bee-pilot.io<\/strong>, la revisi\u00f3n de tus colmenas se vuelve estructurada, r\u00e1pida y comprensible. En lugar de notas sueltas o procesos inconsistentes, la soluci\u00f3n te gu\u00eda <strong>paso a paso a trav\u00e9s de cada revisi\u00f3n<\/strong>: de forma clara, l\u00f3gica y siempre con la misma estructura. <\/p>\n\n\n\n<div class=\"wp-block-buttons is-content-justification-center is-layout-flex wp-container-core-buttons-is-layout-16018d1d wp-block-buttons-is-layout-flex\">\n<div class=\"wp-block-button\"><a class=\"wp-block-button__link has-luminous-vivid-amber-background-color has-background wp-element-button\" href=\"https:\/\/app.bee-pilot.io\/registration\">Probar gratis ahora<\/a><\/div>\n<\/div>\n<\/div><\/div>\n<\/div><\/div>\n<p><!-- CONTENT --><\/p>\n\n<div class=\"wp-block-group\"><div class=\"wp-block-group__inner-container is-layout-constrained wp-container-core-group-is-layout-7a8ecd1d wp-block-group-is-layout-constrained\">\n<div style=\"height:32px\" aria-hidden=\"true\" class=\"wp-block-spacer\"><\/div>\n\n\n\n<div class=\"wp-block-columns is-layout-flex wp-container-core-columns-is-layout-9d6595d7 wp-block-columns-is-layout-flex\">\n<div class=\"wp-block-column is-vertically-aligned-center is-layout-flow wp-block-column-is-layout-flow\">\n<h3 class=\"wp-block-heading\" id=\"h-gefuhrte-durchsicht-mit-checkliste\">Revisi\u00f3n guiada con lista de verificaci\u00f3n<\/h3>\n\n\n\n<p>Cada revisi\u00f3n se basa en una <strong>lista de verificaci\u00f3n pr\u00e1ctica<\/strong> que te gu\u00eda a trav\u00e9s de todos los puntos de control relevantes. As\u00ed no olvidas nada, trabajas de forma sistem\u00e1tica y obtienes resultados limpios y comparables, tanto si controlas una sola colmena como varias seguidas. <\/p>\n<\/div>\n\n\n\n<div class=\"wp-block-column is-layout-flow wp-block-column-is-layout-flow\">\n<figure class=\"wp-block-image size-large\"><img loading=\"lazy\" decoding=\"async\" width=\"1024\" height=\"658\" src=\"https:\/\/www.bee-pilot.io\/wp-content\/uploads\/2025\/12\/Check_Desktop-1024x658.png\" alt=\"Lista de verificaci&#xF3;n en el escritorio con bee-pilot.io\" class=\"wp-image-1300\" srcset=\"https:\/\/www.bee-pilot.io\/wp-content\/uploads\/2025\/12\/Check_Desktop-1024x658.png 1024w, https:\/\/www.bee-pilot.io\/wp-content\/uploads\/2025\/12\/Check_Desktop-300x193.png 300w, https:\/\/www.bee-pilot.io\/wp-content\/uploads\/2025\/12\/Check_Desktop-768x493.png 768w, https:\/\/www.bee-pilot.io\/wp-content\/uploads\/2025\/12\/Check_Desktop-1536x987.png 1536w, https:\/\/www.bee-pilot.io\/wp-content\/uploads\/2025\/12\/Check_Desktop-2048x1316.png 2048w\" sizes=\"auto, (max-width: 1024px) 100vw, 1024px\" \/><\/figure>\n<\/div>\n<\/div>\n\n\n\n<div style=\"height:28px\" aria-hidden=\"true\" class=\"wp-block-spacer\"><\/div>\n\n\n\n<div class=\"wp-block-columns is-layout-flex wp-container-core-columns-is-layout-9d6595d7 wp-block-columns-is-layout-flex\">\n<div class=\"wp-block-column is-layout-flow wp-block-column-is-layout-flow\"><div class=\"wp-block-image\">\n<figure class=\"aligncenter size-medium\"><img loading=\"lazy\" decoding=\"async\" width=\"138\" height=\"300\" src=\"https:\/\/www.bee-pilot.io\/wp-content\/uploads\/2025\/12\/SpeechToCheck-138x300.png\" alt=\"Grabaci&#xF3;n de voz durante la revisi&#xF3;n\" class=\"wp-image-1301\" srcset=\"https:\/\/www.bee-pilot.io\/wp-content\/uploads\/2025\/12\/SpeechToCheck-138x300.png 138w, https:\/\/www.bee-pilot.io\/wp-content\/uploads\/2025\/12\/SpeechToCheck-470x1024.png 470w, https:\/\/www.bee-pilot.io\/wp-content\/uploads\/2025\/12\/SpeechToCheck-768x1675.png 768w, https:\/\/www.bee-pilot.io\/wp-content\/uploads\/2025\/12\/SpeechToCheck-704x1536.png 704w, https:\/\/www.bee-pilot.io\/wp-content\/uploads\/2025\/12\/SpeechToCheck.png 774w\" sizes=\"auto, (max-width: 138px) 100vw, 138px\" \/><\/figure>\n<\/div><\/div>\n\n\n\n<div class=\"wp-block-column is-vertically-aligned-center is-layout-flow wp-block-column-is-layout-flow\">\n<h3 class=\"wp-block-heading\" id=\"h-highlight-protokollieren-per-spracheingabe\">Destacado: Registro mediante entrada de voz<\/h3>\n\n\n\n<p>Durante la revisi\u00f3n, puedes simplemente <strong>hablar<\/strong> tus observaciones en lugar de teclearlas. <strong>bee-pilot.io eval\u00faa autom\u00e1ticamente tus entradas de voz<\/strong>, reconoce el contenido relevante y completa los puntos de control correspondientes de forma aut\u00f3noma con ayuda de la <strong>IA<\/strong>.<\/p>\n\n\n\n<p>Esto ahorra tiempo, reduce el esfuerzo de teclear y te permite mantener el foco donde debe estar: en la colmena.<\/p>\n<\/div>\n<\/div>\n\n\n\n<div style=\"height:28px\" aria-hidden=\"true\" class=\"wp-block-spacer\"><\/div>\n\n\n\n<div class=\"wp-block-columns is-layout-flex wp-container-core-columns-is-layout-9d6595d7 wp-block-columns-is-layout-flex\">\n<div class=\"wp-block-column is-vertically-aligned-center is-layout-flow wp-block-column-is-layout-flow\">\n<h3 class=\"wp-block-heading\" id=\"h-direkt-digital-oder-auf-papier-du-entscheidest\">Directamente en digital o en papel: t\u00fa decides<\/h3>\n\n\n\n<p><strong>bee-pilot.io te deja elegir c\u00f3mo quieres hacer tu revisi\u00f3n.<\/strong> Puedes completar la lista de verificaci\u00f3n directamente en el colmenar desde el <strong>m\u00f3vil o la tablet<\/strong>: r\u00e1pido, en movilidad y registrado al instante en digital.<\/p>\n\n\n\n<p>O puedes prepararte de forma cl\u00e1sica: imprime tus <strong>listas de verificaci\u00f3n antes de ir al colmenar<\/strong>, compl\u00e9talas all\u00ed <strong>a mano<\/strong> y luego simplemente escan\u00e9alas.<\/p>\n\n\n\n<p><strong>bee-pilot.io reconoce autom\u00e1ticamente las anotaciones manuscritas<\/strong> y las transfiere a la <strong>lista de verificaci\u00f3n digital<\/strong>. As\u00ed trabajas exactamente como encaja en tu d\u00eda a d\u00eda: en digital, en papel o combin\u00e1ndolo con flexibilidad. <\/p>\n<\/div>\n\n\n\n<div class=\"wp-block-column is-layout-flow wp-block-column-is-layout-flow\"><div class=\"wp-block-image\">\n<figure class=\"aligncenter size-medium\"><img loading=\"lazy\" decoding=\"async\" width=\"138\" height=\"300\" src=\"https:\/\/www.bee-pilot.io\/wp-content\/uploads\/2025\/12\/Check_mobil-138x300.png\" alt=\"Lista de verificaci&#xF3;n de bee-pilot.io en el m&#xF3;vil\" class=\"wp-image-1302\" srcset=\"https:\/\/www.bee-pilot.io\/wp-content\/uploads\/2025\/12\/Check_mobil-138x300.png 138w, https:\/\/www.bee-pilot.io\/wp-content\/uploads\/2025\/12\/Check_mobil-471x1024.png 471w, https:\/\/www.bee-pilot.io\/wp-content\/uploads\/2025\/12\/Check_mobil-768x1670.png 768w, https:\/\/www.bee-pilot.io\/wp-content\/uploads\/2025\/12\/Check_mobil-706x1536.png 706w, https:\/\/www.bee-pilot.io\/wp-content\/uploads\/2025\/12\/Check_mobil.png 778w\" sizes=\"auto, (max-width: 138px) 100vw, 138px\" \/><\/figure>\n<\/div><\/div>\n<\/div>\n\n\n\n<div style=\"height:28px\" aria-hidden=\"true\" class=\"wp-block-spacer\"><\/div>\n\n\n\n<div class=\"wp-block-columns is-layout-flex wp-container-core-columns-is-layout-9d6595d7 wp-block-columns-is-layout-flex\">\n<div class=\"wp-block-column is-vertically-aligned-center is-layout-flow wp-block-column-is-layout-flow\">\n<h3 class=\"wp-block-heading\" id=\"h-alles-ok-eine-durchsicht-mit-nur-einem-klick\">\u201cTodo OK\u201d: una revisi\u00f3n con un solo clic<\/h3>\n\n\n\n<p>Si todo est\u00e1 bien, basta con un solo clic: con el <strong>bot\u00f3n \u201cTodo OK\u201d<\/strong> confirmas todos los puntos de control de la revisi\u00f3n al mismo tiempo: de forma r\u00e1pida, limpia y, sin embargo, completamente documentada.<\/p>\n<\/div>\n\n\n\n<div class=\"wp-block-column is-layout-flow wp-block-column-is-layout-flow\"><div class=\"wp-block-image\">\n<figure class=\"aligncenter size-medium\"><img loading=\"lazy\" decoding=\"async\" width=\"138\" height=\"300\" src=\"https:\/\/www.bee-pilot.io\/wp-content\/uploads\/2025\/12\/Check_mobil-138x300.png\" alt=\"Lista de verificaci&#xF3;n de bee-pilot.io en el m&#xF3;vil\" class=\"wp-image-1302\" srcset=\"https:\/\/www.bee-pilot.io\/wp-content\/uploads\/2025\/12\/Check_mobil-138x300.png 138w, https:\/\/www.bee-pilot.io\/wp-content\/uploads\/2025\/12\/Check_mobil-471x1024.png 471w, https:\/\/www.bee-pilot.io\/wp-content\/uploads\/2025\/12\/Check_mobil-768x1670.png 768w, https:\/\/www.bee-pilot.io\/wp-content\/uploads\/2025\/12\/Check_mobil-706x1536.png 706w, https:\/\/www.bee-pilot.io\/wp-content\/uploads\/2025\/12\/Check_mobil.png 778w\" sizes=\"auto, (max-width: 138px) 100vw, 138px\" \/><\/figure>\n<\/div><\/div>\n<\/div>\n\n\n\n<div style=\"height:28px\" aria-hidden=\"true\" class=\"wp-block-spacer\"><\/div>\n\n\n\n<h3 class=\"wp-block-heading\" id=\"h-wertvolle-daten-fur-auswertungen-und-zucht\">Datos valiosos para evaluaciones y cr\u00eda<\/h3>\n\n\n\n<p>Todos los datos recogidos durante las revisiones se <strong>guardan de forma permanente<\/strong> y se utilizan para <strong>evaluaciones<\/strong> posteriores, por ejemplo, en el \u00e1mbito de la <strong>cr\u00eda b\u00e1sica<\/strong>. As\u00ed, cada revisi\u00f3n se convierte en un punto de datos valioso que hace visibles las evoluciones a largo plazo y apoya la toma de decisiones fundamentadas. <\/p>\n\n\n\n<p>Con bee-pilot.io, la revisi\u00f3n pasa de ser una cita obligatoria a la <strong>base eficiente y basada en datos<\/strong> de tu apicultura: realizada r\u00e1pidamente, documentada limpiamente y evaluada de forma inteligente.<\/p>\n\n\n\n<div style=\"height:22px\" aria-hidden=\"true\" class=\"wp-block-spacer\"><\/div>\n<\/div><\/div>\n<p><!-- CTA --><\/p>\n\n<div class=\"wp-block-cover alignfull\" style=\"min-height:220px;aspect-ratio:unset;\"><span aria-hidden=\"true\" class=\"wp-block-cover__background has-background-dim-100 has-background-dim\" style=\"background-color:#0f1115\"><\/span><div class=\"wp-block-cover__inner-container is-layout-flow wp-block-cover-is-layout-flow\">\n<div class=\"wp-block-group\"><div class=\"wp-block-group__inner-container is-layout-constrained wp-container-core-group-is-layout-7a8ecd1d wp-block-group-is-layout-constrained\">\n<h3 class=\"wp-block-heading has-text-align-center\" id=\"h-durchsichten-die-sich-wie-ein-ablaufplan-anfuhlen\">Revisiones que se sienten como un plan de trabajo<\/h3>\n\n\n\n<p class=\"has-text-align-center\">Prueba bee-pilot.io gratis y descubre lo flexible que es tu documentaci\u00f3n: directamente en digital, por voz o con lista de verificaci\u00f3n en papel y escaneo.<\/p>\n\n\n\n<div class=\"wp-block-buttons is-content-justification-center is-layout-flex wp-container-core-buttons-is-layout-16018d1d wp-block-buttons-is-layout-flex\">\n<div class=\"wp-block-button\"><a class=\"wp-block-button__link has-luminous-vivid-amber-background-color has-background wp-element-button\" href=\"https:\/\/app.bee-pilot.io\/registration\">Probar gratis ahora<\/a><\/div>\n<\/div>\n<\/div><\/div>\n<\/div><\/div>\n","protected":false},"excerpt":{"rendered":"<p>Revisi\u00f3n guiada con lista de verificaci\u00f3n Cada revisi\u00f3n se basa en una lista de verificaci\u00f3n pr\u00e1ctica que te gu\u00eda a trav\u00e9s de todos los puntos de control relevantes. As\u00ed no olvidas nada, trabajas de forma sistem\u00e1tica y obtienes resultados limpios y comparables, tanto si controlas una sola colmena como varias seguidas. Destacado: Registro mediante entrada [&hellip;]<\/p>\n","protected":false},"author":1,"featured_media":1313,"parent":0,"menu_order":0,"comment_status":"closed","ping_status":"closed","template":"","meta":{"footnotes":""},"class_list":["post-1310","page","type-page","status-publish","has-post-thumbnail","hentry"],"yoast_head":"<!-- This site is optimized with the Yoast SEO Premium plugin v26.6 (Yoast SEO v26.6) - https:\/\/yoast.com\/wordpress\/plugins\/seo\/ -->\n<title>Revisi\u00f3n de colmenas y an\u00e1lisis impulsados por IA - bee-pilot.io<\/title>\n<meta name=\"description\" content=\"Ahorra tiempo en la revisi\u00f3n de colmenas. Utiliza el control asistido por IA de bee-pilot.io para obtener resultados precisos.\" \/>\n<meta name=\"robots\" content=\"index, follow, max-snippet:-1, max-image-preview:large, max-video-preview:-1\" \/>\n<link rel=\"canonical\" href=\"https:\/\/www.bee-pilot.io\/es\/revision-de-las-colmenas\/\" \/>\n<meta property=\"og:locale\" content=\"es_ES\" \/>\n<meta property=\"og:type\" content=\"article\" \/>\n<meta property=\"og:title\" content=\"Revisi\u00f3n de las colmenas\" \/>\n<meta property=\"og:description\" content=\"Ahorra tiempo en la revisi\u00f3n de colmenas. Utiliza el control asistido por IA de bee-pilot.io para obtener resultados precisos.\" \/>\n<meta property=\"og:url\" content=\"https:\/\/www.bee-pilot.io\/es\/revision-de-las-colmenas\/\" \/>\n<meta property=\"og:site_name\" content=\"bee-pilot.io\" \/>\n<meta property=\"article:modified_time\" content=\"2026-03-31T05:43:39+00:00\" \/>\n<meta property=\"og:image\" content=\"https:\/\/www.bee-pilot.io\/wp-content\/uploads\/2025\/12\/checklist-banner.png\" \/>\n\t<meta property=\"og:image:width\" content=\"1536\" \/>\n\t<meta property=\"og:image:height\" content=\"1024\" \/>\n\t<meta property=\"og:image:type\" content=\"image\/png\" \/>\n<meta name=\"twitter:card\" content=\"summary_large_image\" \/>\n<meta name=\"twitter:label1\" content=\"Tiempo de lectura\" \/>\n\t<meta name=\"twitter:data1\" content=\"3 minutos\" \/>\n<script type=\"application\/ld+json\" class=\"yoast-schema-graph\">{\"@context\":\"https:\/\/schema.org\",\"@graph\":[{\"@type\":\"WebPage\",\"@id\":\"https:\/\/www.bee-pilot.io\/es\/revision-de-las-colmenas\/\",\"url\":\"https:\/\/www.bee-pilot.io\/es\/revision-de-las-colmenas\/\",\"name\":\"Revisi\u00f3n de colmenas y an\u00e1lisis impulsados por IA - bee-pilot.io\",\"isPartOf\":{\"@id\":\"https:\/\/www.bee-pilot.io\/es\/#website\"},\"primaryImageOfPage\":{\"@id\":\"https:\/\/www.bee-pilot.io\/es\/revision-de-las-colmenas\/#primaryimage\"},\"image\":{\"@id\":\"https:\/\/www.bee-pilot.io\/es\/revision-de-las-colmenas\/#primaryimage\"},\"thumbnailUrl\":\"https:\/\/www.bee-pilot.io\/wp-content\/uploads\/2025\/12\/checklist-banner.png\",\"datePublished\":\"2025-12-27T13:20:38+00:00\",\"dateModified\":\"2026-03-31T05:43:39+00:00\",\"description\":\"Ahorra tiempo en la revisi\u00f3n de colmenas. Utiliza el control asistido por IA de bee-pilot.io para obtener resultados precisos.\",\"breadcrumb\":{\"@id\":\"https:\/\/www.bee-pilot.io\/es\/revision-de-las-colmenas\/#breadcrumb\"},\"inLanguage\":\"es\",\"potentialAction\":[{\"@type\":\"ReadAction\",\"target\":[\"https:\/\/www.bee-pilot.io\/es\/revision-de-las-colmenas\/\"]}]},{\"@type\":\"ImageObject\",\"inLanguage\":\"es\",\"@id\":\"https:\/\/www.bee-pilot.io\/es\/revision-de-las-colmenas\/#primaryimage\",\"url\":\"https:\/\/www.bee-pilot.io\/wp-content\/uploads\/2025\/12\/checklist-banner.png\",\"contentUrl\":\"https:\/\/www.bee-pilot.io\/wp-content\/uploads\/2025\/12\/checklist-banner.png\",\"width\":1536,\"height\":1024,\"caption\":\"Banner Listas de verificaci\u00f3n con bee-pilot.io\"},{\"@type\":\"BreadcrumbList\",\"@id\":\"https:\/\/www.bee-pilot.io\/es\/revision-de-las-colmenas\/#breadcrumb\",\"itemListElement\":[{\"@type\":\"ListItem\",\"position\":1,\"name\":\"Startseite\",\"item\":\"https:\/\/www.bee-pilot.io\/es\/\"},{\"@type\":\"ListItem\",\"position\":2,\"name\":\"Revisi\u00f3n de las colmenas\"}]},{\"@type\":\"WebSite\",\"@id\":\"https:\/\/www.bee-pilot.io\/es\/#website\",\"url\":\"https:\/\/www.bee-pilot.io\/es\/\",\"name\":\"bee-pilot.io\",\"description\":\"Bee-Pilot: KI-gest\u00fctzte Software f\u00fcr Imker \u2013 Digitale Stockkarte, Wetter &amp; Checklisten\",\"publisher\":{\"@id\":\"https:\/\/www.bee-pilot.io\/es\/#organization\"},\"potentialAction\":[{\"@type\":\"SearchAction\",\"target\":{\"@type\":\"EntryPoint\",\"urlTemplate\":\"https:\/\/www.bee-pilot.io\/es\/?s={search_term_string}\"},\"query-input\":{\"@type\":\"PropertyValueSpecification\",\"valueRequired\":true,\"valueName\":\"search_term_string\"}}],\"inLanguage\":\"es\"},{\"@type\":\"Organization\",\"@id\":\"https:\/\/www.bee-pilot.io\/es\/#organization\",\"name\":\"bee-pilot.io UG (haftungsbeschr\u00e4nkt)\",\"url\":\"https:\/\/www.bee-pilot.io\/es\/\",\"logo\":{\"@type\":\"ImageObject\",\"inLanguage\":\"es\",\"@id\":\"https:\/\/www.bee-pilot.io\/es\/#\/schema\/logo\/image\/\",\"url\":\"https:\/\/www.bee-pilot.io\/wp-content\/uploads\/2024\/10\/cropped-bee-pilot-logo.png\",\"contentUrl\":\"https:\/\/www.bee-pilot.io\/wp-content\/uploads\/2024\/10\/cropped-bee-pilot-logo.png\",\"width\":291,\"height\":85,\"caption\":\"bee-pilot.io UG (haftungsbeschr\u00e4nkt)\"},\"image\":{\"@id\":\"https:\/\/www.bee-pilot.io\/es\/#\/schema\/logo\/image\/\"}}]}<\/script>\n<!-- \/ Yoast SEO Premium plugin. -->","yoast_head_json":{"title":"Revisi\u00f3n de colmenas y an\u00e1lisis impulsados por IA - bee-pilot.io","description":"Ahorra tiempo en la revisi\u00f3n de colmenas. Utiliza el control asistido por IA de bee-pilot.io para obtener resultados precisos.","robots":{"index":"index","follow":"follow","max-snippet":"max-snippet:-1","max-image-preview":"max-image-preview:large","max-video-preview":"max-video-preview:-1"},"canonical":"https:\/\/www.bee-pilot.io\/es\/revision-de-las-colmenas\/","og_locale":"es_ES","og_type":"article","og_title":"Revisi\u00f3n de las colmenas","og_description":"Ahorra tiempo en la revisi\u00f3n de colmenas. Utiliza el control asistido por IA de bee-pilot.io para obtener resultados precisos.","og_url":"https:\/\/www.bee-pilot.io\/es\/revision-de-las-colmenas\/","og_site_name":"bee-pilot.io","article_modified_time":"2026-03-31T05:43:39+00:00","og_image":[{"width":1536,"height":1024,"url":"https:\/\/www.bee-pilot.io\/wp-content\/uploads\/2025\/12\/checklist-banner.png","type":"image\/png"}],"twitter_card":"summary_large_image","twitter_misc":{"Tiempo de lectura":"3 minutos"},"schema":{"@context":"https:\/\/schema.org","@graph":[{"@type":"WebPage","@id":"https:\/\/www.bee-pilot.io\/es\/revision-de-las-colmenas\/","url":"https:\/\/www.bee-pilot.io\/es\/revision-de-las-colmenas\/","name":"Revisi\u00f3n de colmenas y an\u00e1lisis impulsados por IA - bee-pilot.io","isPartOf":{"@id":"https:\/\/www.bee-pilot.io\/es\/#website"},"primaryImageOfPage":{"@id":"https:\/\/www.bee-pilot.io\/es\/revision-de-las-colmenas\/#primaryimage"},"image":{"@id":"https:\/\/www.bee-pilot.io\/es\/revision-de-las-colmenas\/#primaryimage"},"thumbnailUrl":"https:\/\/www.bee-pilot.io\/wp-content\/uploads\/2025\/12\/checklist-banner.png","datePublished":"2025-12-27T13:20:38+00:00","dateModified":"2026-03-31T05:43:39+00:00","description":"Ahorra tiempo en la revisi\u00f3n de colmenas. Utiliza el control asistido por IA de bee-pilot.io para obtener resultados precisos.","breadcrumb":{"@id":"https:\/\/www.bee-pilot.io\/es\/revision-de-las-colmenas\/#breadcrumb"},"inLanguage":"es","potentialAction":[{"@type":"ReadAction","target":["https:\/\/www.bee-pilot.io\/es\/revision-de-las-colmenas\/"]}]},{"@type":"ImageObject","inLanguage":"es","@id":"https:\/\/www.bee-pilot.io\/es\/revision-de-las-colmenas\/#primaryimage","url":"https:\/\/www.bee-pilot.io\/wp-content\/uploads\/2025\/12\/checklist-banner.png","contentUrl":"https:\/\/www.bee-pilot.io\/wp-content\/uploads\/2025\/12\/checklist-banner.png","width":1536,"height":1024,"caption":"Banner Listas de verificaci\u00f3n con bee-pilot.io"},{"@type":"BreadcrumbList","@id":"https:\/\/www.bee-pilot.io\/es\/revision-de-las-colmenas\/#breadcrumb","itemListElement":[{"@type":"ListItem","position":1,"name":"Startseite","item":"https:\/\/www.bee-pilot.io\/es\/"},{"@type":"ListItem","position":2,"name":"Revisi\u00f3n de las colmenas"}]},{"@type":"WebSite","@id":"https:\/\/www.bee-pilot.io\/es\/#website","url":"https:\/\/www.bee-pilot.io\/es\/","name":"bee-pilot.io","description":"Bee-Pilot: KI-gest\u00fctzte Software f\u00fcr Imker \u2013 Digitale Stockkarte, Wetter &amp; Checklisten","publisher":{"@id":"https:\/\/www.bee-pilot.io\/es\/#organization"},"potentialAction":[{"@type":"SearchAction","target":{"@type":"EntryPoint","urlTemplate":"https:\/\/www.bee-pilot.io\/es\/?s={search_term_string}"},"query-input":{"@type":"PropertyValueSpecification","valueRequired":true,"valueName":"search_term_string"}}],"inLanguage":"es"},{"@type":"Organization","@id":"https:\/\/www.bee-pilot.io\/es\/#organization","name":"bee-pilot.io UG (haftungsbeschr\u00e4nkt)","url":"https:\/\/www.bee-pilot.io\/es\/","logo":{"@type":"ImageObject","inLanguage":"es","@id":"https:\/\/www.bee-pilot.io\/es\/#\/schema\/logo\/image\/","url":"https:\/\/www.bee-pilot.io\/wp-content\/uploads\/2024\/10\/cropped-bee-pilot-logo.png","contentUrl":"https:\/\/www.bee-pilot.io\/wp-content\/uploads\/2024\/10\/cropped-bee-pilot-logo.png","width":291,"height":85,"caption":"bee-pilot.io UG (haftungsbeschr\u00e4nkt)"},"image":{"@id":"https:\/\/www.bee-pilot.io\/es\/#\/schema\/logo\/image\/"}}]}},"_links":{"self":[{"href":"https:\/\/www.bee-pilot.io\/es\/wp-json\/wp\/v2\/pages\/1310","targetHints":{"allow":["GET"]}}],"collection":[{"href":"https:\/\/www.bee-pilot.io\/es\/wp-json\/wp\/v2\/pages"}],"about":[{"href":"https:\/\/www.bee-pilot.io\/es\/wp-json\/wp\/v2\/types\/page"}],"author":[{"embeddable":true,"href":"https:\/\/www.bee-pilot.io\/es\/wp-json\/wp\/v2\/users\/1"}],"replies":[{"embeddable":true,"href":"https:\/\/www.bee-pilot.io\/es\/wp-json\/wp\/v2\/comments?post=1310"}],"version-history":[{"count":6,"href":"https:\/\/www.bee-pilot.io\/es\/wp-json\/wp\/v2\/pages\/1310\/revisions"}],"predecessor-version":[{"id":2115,"href":"https:\/\/www.bee-pilot.io\/es\/wp-json\/wp\/v2\/pages\/1310\/revisions\/2115"}],"wp:featuredmedia":[{"embeddable":true,"href":"https:\/\/www.bee-pilot.io\/es\/wp-json\/wp\/v2\/media\/1313"}],"wp:attachment":[{"href":"https:\/\/www.bee-pilot.io\/es\/wp-json\/wp\/v2\/media?parent=1310"}],"curies":[{"name":"wp","href":"https:\/\/api.w.org\/{rel}","templated":true}]}}