{"id":1375,"date":"2025-12-27T18:07:36","date_gmt":"2025-12-27T18:07:36","guid":{"rendered":"https:\/\/www.bee-pilot.io\/tu-colmenar-documentado-visualmente\/"},"modified":"2025-12-27T18:22:41","modified_gmt":"2025-12-27T18:22:41","slug":"tu-colmenar-documentado-visualmente","status":"publish","type":"page","link":"https:\/\/www.bee-pilot.io\/es\/tu-colmenar-documentado-visualmente\/","title":{"rendered":"Tu colmenar. Documentado visualmente"},"content":{"rendered":"<p><!-- HERO --><\/p>\n\n<div class=\"wp-block-cover alignfull\" style=\"min-height:340px;aspect-ratio:unset;\"><span aria-hidden=\"true\" class=\"wp-block-cover__background has-background-dim-100 has-background-dim\" style=\"background-color:#0f1115\"><\/span><div class=\"wp-block-cover__inner-container is-layout-flow wp-block-cover-is-layout-flow\">\n<div class=\"wp-block-group\"><div class=\"wp-block-group__inner-container is-layout-constrained wp-container-core-group-is-layout-7a8ecd1d wp-block-group-is-layout-constrained\">\n<p><strong>Im\u00e1genes y documentaci\u00f3n<\/strong><\/p>\n\n\n\n<h2 class=\"wp-block-heading\" id=\"h-bilder-erfassen-richtig-zuordnen-dauerhaft-archivieren\">Captura im\u00e1genes. Asigna correctamente. Archiva de forma permanente.  <\/h2>\n\n\n\n<p>Con <strong>bee-pilot.io<\/strong>, las fotos de tus colonias de abejas se convierten en una parte integral de tu documentaci\u00f3n. Cada toma se guarda exactamente donde pertenece: de forma clara, comprensible y accesible en cualquier momento. <\/p>\n\n\n\n<div class=\"wp-block-buttons is-content-justification-center is-layout-flex wp-container-core-buttons-is-layout-16018d1d wp-block-buttons-is-layout-flex\">\n<div class=\"wp-block-button\"><a class=\"wp-block-button__link has-luminous-vivid-amber-background-color has-background wp-element-button\" href=\"https:\/\/app.bee-pilot.io\/registration\">\n Probar ahora gratis\n\t\t\t\t\t<\/a><\/div>\n<\/div>\n<\/div><\/div>\n<\/div><\/div>\n<p><!-- CONTENT --><\/p>\n\n<div class=\"wp-block-group\"><div class=\"wp-block-group__inner-container is-layout-constrained wp-container-core-group-is-layout-7a8ecd1d wp-block-group-is-layout-constrained\">\n<div style=\"height:36px\" aria-hidden=\"true\" class=\"wp-block-spacer\"><\/div>\n\n\n\n<div class=\"wp-block-columns is-layout-flex wp-container-core-columns-is-layout-9d6595d7 wp-block-columns-is-layout-flex\">\n<div class=\"wp-block-column is-layout-flow wp-block-column-is-layout-flow\">\n<h4 class=\"wp-block-heading\" id=\"h-bilder-auf-ebene-des-bienenstands\">Im\u00e1genes a nivel del colmenar<\/h4>\n\n\n\n<p>Archiva im\u00e1genes directamente a <strong>nivel de ubicaci\u00f3n<\/strong>. Ideal para instalaciones, condiciones del sitio o situaciones especiales en el lugar. As\u00ed, todo el colmenar permanece documentado visualmente.  <\/p>\n<\/div>\n\n\n\n<div class=\"wp-block-column is-layout-flow wp-block-column-is-layout-flow\">\n<h4 class=\"wp-block-heading\" id=\"h-bilder-direkt-am-volk\">Im\u00e1genes directamente en la colonia<\/h4>\n\n\n\n<p>Asigna im\u00e1genes espec\u00edficamente a una sola <strong>colonia de abejas<\/strong>. Las im\u00e1genes de cr\u00eda, el estado de la alimentaci\u00f3n o las anomal\u00edas permanecen guardadas permanentemente con la colonia correcta. <\/p>\n<\/div>\n<\/div>\n\n\n\n<div style=\"height:28px\" aria-hidden=\"true\" class=\"wp-block-spacer\"><\/div>\n\n\n\n<div class=\"wp-block-columns is-layout-flex wp-container-core-columns-is-layout-9d6595d7 wp-block-columns-is-layout-flex\">\n<div class=\"wp-block-column is-layout-flow wp-block-column-is-layout-flow\">\n<h4 class=\"wp-block-heading\" id=\"h-bilder-direkt-aus-der-durchsicht\">Im\u00e1genes directamente de la inspecci\u00f3n<\/h4>\n\n\n\n<p>Las fotos tomadas durante la inspecci\u00f3n se asignan autom\u00e1ticamente al <strong>control respectivo<\/strong>. De este modo, las im\u00e1genes complementan tus observaciones sin esfuerzo adicional. <\/p>\n<\/div>\n\n\n\n<div class=\"wp-block-column is-layout-flow wp-block-column-is-layout-flow\">\n<h4 class=\"wp-block-heading\" id=\"h-flexibler-speicher-je-nach-bedarf\">Almacenamiento flexible seg\u00fan las necesidades<\/h4>\n\n\n\n<p>Dependiendo de la suscripci\u00f3n contratada, dispones de <strong>250 MB hasta 1 GB de espacio de almacenamiento<\/strong>. Esto deja suficiente espacio para importantes im\u00e1genes de comparaci\u00f3n y desarrollos a largo plazo. <\/p>\n<\/div>\n<\/div>\n\n\n\n<div style=\"height:36px\" aria-hidden=\"true\" class=\"wp-block-spacer\"><\/div>\n\n\n\n<p class=\"has-text-align-center\"><strong>As\u00ed, las fotos, de ser una instant\u00e1nea r\u00e1pida, se convierten en una valiosa fuente de conocimiento<\/strong>: limpiamente estructuradas, claramente asignadas y permanentemente disponibles.<\/p>\n<\/div><\/div>\n<p><!-- CTA --><\/p>\n\n<div class=\"wp-block-cover alignfull\" style=\"min-height:220px;aspect-ratio:unset;\"><span aria-hidden=\"true\" class=\"wp-block-cover__background has-background-dim-100 has-background-dim\" style=\"background-color:#0f1115\"><\/span><div class=\"wp-block-cover__inner-container is-layout-flow wp-block-cover-is-layout-flow\">\n<div class=\"wp-block-group\"><div class=\"wp-block-group__inner-container is-layout-constrained wp-container-core-group-is-layout-7a8ecd1d wp-block-group-is-layout-constrained\">\n<h3 class=\"wp-block-heading has-text-align-center\" id=\"h-dokumentiere-sichtbar-was-du-am-volk-siehst\">Documenta visiblemente lo que ves en la colonia<\/h3>\n\n\n\n<p class=\"has-text-align-center\">Prueba bee-pilot.io gratis y haz de las im\u00e1genes una parte integral de tu apicultura.<\/p>\n\n\n\n<div class=\"wp-block-buttons is-content-justification-center is-layout-flex wp-container-core-buttons-is-layout-16018d1d wp-block-buttons-is-layout-flex\">\n<div class=\"wp-block-button\"><a class=\"wp-block-button__link has-luminous-vivid-amber-background-color has-background wp-element-button\" href=\"https:\/\/app.bee-pilot.io\/registration\">\n Probar ahora gratis\n\t\t\t\t\t<\/a><\/div>\n<\/div>\n<\/div><\/div>\n<\/div><\/div>\n","protected":false},"excerpt":{"rendered":"<p>Im\u00e1genes a nivel del colmenar Archiva im\u00e1genes directamente a nivel de ubicaci\u00f3n. Ideal para instalaciones, condiciones del sitio o situaciones especiales en el lugar. As\u00ed, todo el colmenar permanece documentado visualmente. Im\u00e1genes directamente en la colonia Asigna im\u00e1genes espec\u00edficamente a una sola colonia de abejas. Las im\u00e1genes de cr\u00eda, el estado de la alimentaci\u00f3n o [&hellip;]<\/p>\n","protected":false},"author":1,"featured_media":1377,"parent":0,"menu_order":0,"comment_status":"closed","ping_status":"closed","template":"","meta":{"footnotes":""},"class_list":["post-1375","page","type-page","status-publish","has-post-thumbnail","hentry"],"yoast_head":"<!-- This site is optimized with the Yoast SEO Premium plugin v26.6 (Yoast SEO v26.6) - https:\/\/yoast.com\/wordpress\/plugins\/seo\/ -->\n<title>Archivar im\u00e1genes f\u00e1cilmente con bee-pilot.io - bee-pilot.io<\/title>\n<meta name=\"description\" content=\"Archiva im\u00e1genes de forma eficiente con bee-pilot.io y ten siempre a mano informaci\u00f3n importante sobre tus colonias de abejas.\" \/>\n<meta name=\"robots\" content=\"index, follow, max-snippet:-1, max-image-preview:large, max-video-preview:-1\" \/>\n<link rel=\"canonical\" href=\"https:\/\/www.bee-pilot.io\/es\/tu-colmenar-documentado-visualmente\/\" \/>\n<meta property=\"og:locale\" content=\"es_ES\" \/>\n<meta property=\"og:type\" content=\"article\" \/>\n<meta property=\"og:title\" content=\"Tu colmenar. Documentado visualmente\" \/>\n<meta property=\"og:description\" content=\"Archiva im\u00e1genes de forma eficiente con bee-pilot.io y ten siempre a mano informaci\u00f3n importante sobre tus colonias de abejas.\" \/>\n<meta property=\"og:url\" content=\"https:\/\/www.bee-pilot.io\/es\/tu-colmenar-documentado-visualmente\/\" \/>\n<meta property=\"og:site_name\" content=\"bee-pilot.io\" \/>\n<meta property=\"article:modified_time\" content=\"2025-12-27T18:22:41+00:00\" \/>\n<meta property=\"og:image\" content=\"https:\/\/www.bee-pilot.io\/wp-content\/uploads\/2025\/12\/imker-foto-1024x683.png\" \/>\n\t<meta property=\"og:image:width\" content=\"1024\" \/>\n\t<meta property=\"og:image:height\" content=\"683\" \/>\n\t<meta property=\"og:image:type\" content=\"image\/png\" \/>\n<meta name=\"twitter:card\" content=\"summary_large_image\" \/>\n<meta name=\"twitter:label1\" content=\"Tiempo de lectura\" \/>\n\t<meta name=\"twitter:data1\" content=\"2 minutos\" \/>\n<script type=\"application\/ld+json\" class=\"yoast-schema-graph\">{\"@context\":\"https:\/\/schema.org\",\"@graph\":[{\"@type\":\"WebPage\",\"@id\":\"https:\/\/www.bee-pilot.io\/es\/tu-colmenar-documentado-visualmente\/\",\"url\":\"https:\/\/www.bee-pilot.io\/es\/tu-colmenar-documentado-visualmente\/\",\"name\":\"Archivar im\u00e1genes f\u00e1cilmente con bee-pilot.io - bee-pilot.io\",\"isPartOf\":{\"@id\":\"https:\/\/www.bee-pilot.io\/es\/#website\"},\"primaryImageOfPage\":{\"@id\":\"https:\/\/www.bee-pilot.io\/es\/tu-colmenar-documentado-visualmente\/#primaryimage\"},\"image\":{\"@id\":\"https:\/\/www.bee-pilot.io\/es\/tu-colmenar-documentado-visualmente\/#primaryimage\"},\"thumbnailUrl\":\"https:\/\/www.bee-pilot.io\/wp-content\/uploads\/2025\/12\/imker-foto.png\",\"datePublished\":\"2025-12-27T18:07:36+00:00\",\"dateModified\":\"2025-12-27T18:22:41+00:00\",\"description\":\"Archiva im\u00e1genes de forma eficiente con bee-pilot.io y ten siempre a mano informaci\u00f3n importante sobre tus colonias de abejas.\",\"breadcrumb\":{\"@id\":\"https:\/\/www.bee-pilot.io\/es\/tu-colmenar-documentado-visualmente\/#breadcrumb\"},\"inLanguage\":\"es\",\"potentialAction\":[{\"@type\":\"ReadAction\",\"target\":[\"https:\/\/www.bee-pilot.io\/es\/tu-colmenar-documentado-visualmente\/\"]}]},{\"@type\":\"ImageObject\",\"inLanguage\":\"es\",\"@id\":\"https:\/\/www.bee-pilot.io\/es\/tu-colmenar-documentado-visualmente\/#primaryimage\",\"url\":\"https:\/\/www.bee-pilot.io\/wp-content\/uploads\/2025\/12\/imker-foto.png\",\"contentUrl\":\"https:\/\/www.bee-pilot.io\/wp-content\/uploads\/2025\/12\/imker-foto.png\",\"width\":1536,\"height\":1024,\"caption\":\"Apicultor tomando una foto de su colonia\"},{\"@type\":\"BreadcrumbList\",\"@id\":\"https:\/\/www.bee-pilot.io\/es\/tu-colmenar-documentado-visualmente\/#breadcrumb\",\"itemListElement\":[{\"@type\":\"ListItem\",\"position\":1,\"name\":\"Startseite\",\"item\":\"https:\/\/www.bee-pilot.io\/es\/\"},{\"@type\":\"ListItem\",\"position\":2,\"name\":\"Tu colmenar. Documentado visualmente\"}]},{\"@type\":\"WebSite\",\"@id\":\"https:\/\/www.bee-pilot.io\/es\/#website\",\"url\":\"https:\/\/www.bee-pilot.io\/es\/\",\"name\":\"bee-pilot.io\",\"description\":\"Bee-Pilot: KI-gest\u00fctzte Software f\u00fcr Imker \u2013 Digitale Stockkarte, Wetter &amp; Checklisten\",\"publisher\":{\"@id\":\"https:\/\/www.bee-pilot.io\/es\/#organization\"},\"potentialAction\":[{\"@type\":\"SearchAction\",\"target\":{\"@type\":\"EntryPoint\",\"urlTemplate\":\"https:\/\/www.bee-pilot.io\/es\/?s={search_term_string}\"},\"query-input\":{\"@type\":\"PropertyValueSpecification\",\"valueRequired\":true,\"valueName\":\"search_term_string\"}}],\"inLanguage\":\"es\"},{\"@type\":\"Organization\",\"@id\":\"https:\/\/www.bee-pilot.io\/es\/#organization\",\"name\":\"bee-pilot.io UG (haftungsbeschr\u00e4nkt)\",\"url\":\"https:\/\/www.bee-pilot.io\/es\/\",\"logo\":{\"@type\":\"ImageObject\",\"inLanguage\":\"es\",\"@id\":\"https:\/\/www.bee-pilot.io\/es\/#\/schema\/logo\/image\/\",\"url\":\"https:\/\/www.bee-pilot.io\/wp-content\/uploads\/2024\/10\/cropped-bee-pilot-logo.png\",\"contentUrl\":\"https:\/\/www.bee-pilot.io\/wp-content\/uploads\/2024\/10\/cropped-bee-pilot-logo.png\",\"width\":291,\"height\":85,\"caption\":\"bee-pilot.io UG (haftungsbeschr\u00e4nkt)\"},\"image\":{\"@id\":\"https:\/\/www.bee-pilot.io\/es\/#\/schema\/logo\/image\/\"}}]}<\/script>\n<!-- \/ Yoast SEO Premium plugin. -->","yoast_head_json":{"title":"Archivar im\u00e1genes f\u00e1cilmente con bee-pilot.io - bee-pilot.io","description":"Archiva im\u00e1genes de forma eficiente con bee-pilot.io y ten siempre a mano informaci\u00f3n importante sobre tus colonias de abejas.","robots":{"index":"index","follow":"follow","max-snippet":"max-snippet:-1","max-image-preview":"max-image-preview:large","max-video-preview":"max-video-preview:-1"},"canonical":"https:\/\/www.bee-pilot.io\/es\/tu-colmenar-documentado-visualmente\/","og_locale":"es_ES","og_type":"article","og_title":"Tu colmenar. Documentado visualmente","og_description":"Archiva im\u00e1genes de forma eficiente con bee-pilot.io y ten siempre a mano informaci\u00f3n importante sobre tus colonias de abejas.","og_url":"https:\/\/www.bee-pilot.io\/es\/tu-colmenar-documentado-visualmente\/","og_site_name":"bee-pilot.io","article_modified_time":"2025-12-27T18:22:41+00:00","og_image":[{"width":1024,"height":683,"url":"https:\/\/www.bee-pilot.io\/wp-content\/uploads\/2025\/12\/imker-foto-1024x683.png","type":"image\/png"}],"twitter_card":"summary_large_image","twitter_misc":{"Tiempo de lectura":"2 minutos"},"schema":{"@context":"https:\/\/schema.org","@graph":[{"@type":"WebPage","@id":"https:\/\/www.bee-pilot.io\/es\/tu-colmenar-documentado-visualmente\/","url":"https:\/\/www.bee-pilot.io\/es\/tu-colmenar-documentado-visualmente\/","name":"Archivar im\u00e1genes f\u00e1cilmente con bee-pilot.io - bee-pilot.io","isPartOf":{"@id":"https:\/\/www.bee-pilot.io\/es\/#website"},"primaryImageOfPage":{"@id":"https:\/\/www.bee-pilot.io\/es\/tu-colmenar-documentado-visualmente\/#primaryimage"},"image":{"@id":"https:\/\/www.bee-pilot.io\/es\/tu-colmenar-documentado-visualmente\/#primaryimage"},"thumbnailUrl":"https:\/\/www.bee-pilot.io\/wp-content\/uploads\/2025\/12\/imker-foto.png","datePublished":"2025-12-27T18:07:36+00:00","dateModified":"2025-12-27T18:22:41+00:00","description":"Archiva im\u00e1genes de forma eficiente con bee-pilot.io y ten siempre a mano informaci\u00f3n importante sobre tus colonias de abejas.","breadcrumb":{"@id":"https:\/\/www.bee-pilot.io\/es\/tu-colmenar-documentado-visualmente\/#breadcrumb"},"inLanguage":"es","potentialAction":[{"@type":"ReadAction","target":["https:\/\/www.bee-pilot.io\/es\/tu-colmenar-documentado-visualmente\/"]}]},{"@type":"ImageObject","inLanguage":"es","@id":"https:\/\/www.bee-pilot.io\/es\/tu-colmenar-documentado-visualmente\/#primaryimage","url":"https:\/\/www.bee-pilot.io\/wp-content\/uploads\/2025\/12\/imker-foto.png","contentUrl":"https:\/\/www.bee-pilot.io\/wp-content\/uploads\/2025\/12\/imker-foto.png","width":1536,"height":1024,"caption":"Apicultor tomando una foto de su colonia"},{"@type":"BreadcrumbList","@id":"https:\/\/www.bee-pilot.io\/es\/tu-colmenar-documentado-visualmente\/#breadcrumb","itemListElement":[{"@type":"ListItem","position":1,"name":"Startseite","item":"https:\/\/www.bee-pilot.io\/es\/"},{"@type":"ListItem","position":2,"name":"Tu colmenar. Documentado visualmente"}]},{"@type":"WebSite","@id":"https:\/\/www.bee-pilot.io\/es\/#website","url":"https:\/\/www.bee-pilot.io\/es\/","name":"bee-pilot.io","description":"Bee-Pilot: KI-gest\u00fctzte Software f\u00fcr Imker \u2013 Digitale Stockkarte, Wetter &amp; Checklisten","publisher":{"@id":"https:\/\/www.bee-pilot.io\/es\/#organization"},"potentialAction":[{"@type":"SearchAction","target":{"@type":"EntryPoint","urlTemplate":"https:\/\/www.bee-pilot.io\/es\/?s={search_term_string}"},"query-input":{"@type":"PropertyValueSpecification","valueRequired":true,"valueName":"search_term_string"}}],"inLanguage":"es"},{"@type":"Organization","@id":"https:\/\/www.bee-pilot.io\/es\/#organization","name":"bee-pilot.io UG (haftungsbeschr\u00e4nkt)","url":"https:\/\/www.bee-pilot.io\/es\/","logo":{"@type":"ImageObject","inLanguage":"es","@id":"https:\/\/www.bee-pilot.io\/es\/#\/schema\/logo\/image\/","url":"https:\/\/www.bee-pilot.io\/wp-content\/uploads\/2024\/10\/cropped-bee-pilot-logo.png","contentUrl":"https:\/\/www.bee-pilot.io\/wp-content\/uploads\/2024\/10\/cropped-bee-pilot-logo.png","width":291,"height":85,"caption":"bee-pilot.io UG (haftungsbeschr\u00e4nkt)"},"image":{"@id":"https:\/\/www.bee-pilot.io\/es\/#\/schema\/logo\/image\/"}}]}},"_links":{"self":[{"href":"https:\/\/www.bee-pilot.io\/es\/wp-json\/wp\/v2\/pages\/1375","targetHints":{"allow":["GET"]}}],"collection":[{"href":"https:\/\/www.bee-pilot.io\/es\/wp-json\/wp\/v2\/pages"}],"about":[{"href":"https:\/\/www.bee-pilot.io\/es\/wp-json\/wp\/v2\/types\/page"}],"author":[{"embeddable":true,"href":"https:\/\/www.bee-pilot.io\/es\/wp-json\/wp\/v2\/users\/1"}],"replies":[{"embeddable":true,"href":"https:\/\/www.bee-pilot.io\/es\/wp-json\/wp\/v2\/comments?post=1375"}],"version-history":[{"count":1,"href":"https:\/\/www.bee-pilot.io\/es\/wp-json\/wp\/v2\/pages\/1375\/revisions"}],"predecessor-version":[{"id":1378,"href":"https:\/\/www.bee-pilot.io\/es\/wp-json\/wp\/v2\/pages\/1375\/revisions\/1378"}],"wp:featuredmedia":[{"embeddable":true,"href":"https:\/\/www.bee-pilot.io\/es\/wp-json\/wp\/v2\/media\/1377"}],"wp:attachment":[{"href":"https:\/\/www.bee-pilot.io\/es\/wp-json\/wp\/v2\/media?parent=1375"}],"curies":[{"name":"wp","href":"https:\/\/api.w.org\/{rel}","templated":true}]}}