{"id":1388,"date":"2025-12-27T18:34:20","date_gmt":"2025-12-27T18:34:20","guid":{"rendered":"https:\/\/www.bee-pilot.io\/gestion-precisa-de-tareas\/"},"modified":"2025-12-27T18:50:46","modified_gmt":"2025-12-27T18:50:46","slug":"gestion-precisa-de-tareas","status":"publish","type":"page","link":"https:\/\/www.bee-pilot.io\/es\/gestion-precisa-de-tareas\/","title":{"rendered":"Gesti\u00f3n precisa de tareas"},"content":{"rendered":"<p><!-- HERO --><\/p>\n\n<div class=\"wp-block-cover alignfull\" style=\"min-height:340px;aspect-ratio:unset;\"><span aria-hidden=\"true\" class=\"wp-block-cover__background has-background-dim-100 has-background-dim\" style=\"background-color:#0f1115\"><\/span><div class=\"wp-block-cover__inner-container is-layout-flow wp-block-cover-is-layout-flow\">\n<div class=\"wp-block-group\"><div class=\"wp-block-group__inner-container is-layout-constrained wp-container-core-group-is-layout-7a8ecd1d wp-block-group-is-layout-constrained\">\n<p><strong>Gesti\u00f3n de tareas<\/strong><\/p>\n\n\n\n<h2 class=\"wp-block-heading\" id=\"h-alles-was-ansteht-strukturiert-geplant-und-zuverlassig-erinnert\">Todo lo que est\u00e1 pendiente: planificado de forma estructurada y con recordatorios fiables.<\/h2>\n\n\n\n<p>Con <strong>bee-pilot.io<\/strong>, mant\u00e9n a la vista todas las tareas pendientes, ya sea en una sola colonia, en todo el colmenar o independientemente de la ubicaci\u00f3n y la colonia. La gesti\u00f3n de tareas garantiza que no se olvide nada y que cada medida se planifique de forma comprensible. <\/p>\n\n\n\n<div class=\"wp-block-buttons is-content-justification-center is-layout-flex wp-container-core-buttons-is-layout-16018d1d wp-block-buttons-is-layout-flex\">\n<div class=\"wp-block-button\"><a class=\"wp-block-button__link has-luminous-vivid-amber-background-color has-background wp-element-button\" href=\"https:\/\/app.bee-pilot.io\/registration\">Probar gratis ahora<\/a><\/div>\n<\/div>\n<\/div><\/div>\n<\/div><\/div>\n<p><!-- CONTENT --><\/p>\n\n<div class=\"wp-block-group\"><div class=\"wp-block-group__inner-container is-layout-constrained wp-container-core-group-is-layout-7a8ecd1d wp-block-group-is-layout-constrained\">\n<div style=\"height:34px\" aria-hidden=\"true\" class=\"wp-block-spacer\"><\/div>\n\n\n\n<div class=\"wp-block-columns is-layout-flex wp-container-core-columns-is-layout-9d6595d7 wp-block-columns-is-layout-flex\">\n<div class=\"wp-block-column is-vertically-aligned-center is-layout-flow wp-block-column-is-layout-flow\">\n<h4 class=\"wp-block-heading\" id=\"h-aufgaben-direkt-am-volk-planen\">Planificar tareas directamente en la colonia<\/h4>\n\n\n\n<p>Crea <strong>tareas espec\u00edficas para cada colonia<\/strong>. Ya sea una revisi\u00f3n, un tratamiento o un trabajo de seguimiento, cada tarea se asigna claramente a la colonia correspondiente y permanece documentada donde pertenece. <\/p>\n\n\n\n<h4 class=\"wp-block-heading\" id=\"h-aufgaben-auf-ebene-des-bienenstands\">Tareas a nivel del colmenar<\/h4>\n\n\n\n<p>Tambi\u00e9n los trabajos relacionados con la ubicaci\u00f3n se pueden registrar directamente en el <strong>colmenar<\/strong>. De este modo, mantendr\u00e1s una visi\u00f3n general de las actividades que afectan a varias colonias, de forma claramente estructurada y gestionada centralmente. <\/p>\n<\/div>\n\n\n\n<div class=\"wp-block-column is-vertically-aligned-center is-layout-flow wp-block-column-is-layout-flow\"><div class=\"wp-block-image\">\n<figure class=\"aligncenter size-large\"><img loading=\"lazy\" decoding=\"async\" width=\"1024\" height=\"951\" src=\"https:\/\/www.bee-pilot.io\/wp-content\/uploads\/2025\/12\/aufgaben1-1024x951.png\" alt=\"Vista general de las tareas en bee-pilot.io\" class=\"wp-image-1380\" srcset=\"https:\/\/www.bee-pilot.io\/wp-content\/uploads\/2025\/12\/aufgaben1-1024x951.png 1024w, https:\/\/www.bee-pilot.io\/wp-content\/uploads\/2025\/12\/aufgaben1-300x279.png 300w, https:\/\/www.bee-pilot.io\/wp-content\/uploads\/2025\/12\/aufgaben1-768x714.png 768w, https:\/\/www.bee-pilot.io\/wp-content\/uploads\/2025\/12\/aufgaben1.png 1410w\" sizes=\"auto, (max-width: 1024px) 100vw, 1024px\" \/><\/figure>\n<\/div><\/div>\n<\/div>\n\n\n\n<div style=\"height:28px\" aria-hidden=\"true\" class=\"wp-block-spacer\"><\/div>\n\n\n\n<div class=\"wp-block-columns is-layout-flex wp-container-core-columns-is-layout-9d6595d7 wp-block-columns-is-layout-flex\">\n<div class=\"wp-block-column is-vertically-aligned-center is-layout-flow wp-block-column-is-layout-flow\"><div class=\"wp-block-image\">\n<figure class=\"aligncenter size-large\"><img loading=\"lazy\" decoding=\"async\" width=\"1024\" height=\"642\" src=\"https:\/\/www.bee-pilot.io\/wp-content\/uploads\/2025\/12\/aufgaben2-1024x642.png\" alt=\"Vista detallada de las tareas en bee-pilot.io\" class=\"wp-image-1381\" srcset=\"https:\/\/www.bee-pilot.io\/wp-content\/uploads\/2025\/12\/aufgaben2-1024x642.png 1024w, https:\/\/www.bee-pilot.io\/wp-content\/uploads\/2025\/12\/aufgaben2-300x188.png 300w, https:\/\/www.bee-pilot.io\/wp-content\/uploads\/2025\/12\/aufgaben2-768x481.png 768w, https:\/\/www.bee-pilot.io\/wp-content\/uploads\/2025\/12\/aufgaben2-1536x963.png 1536w, https:\/\/www.bee-pilot.io\/wp-content\/uploads\/2025\/12\/aufgaben2-2048x1283.png 2048w\" sizes=\"auto, (max-width: 1024px) 100vw, 1024px\" \/><\/figure>\n<\/div><\/div>\n\n\n\n<div class=\"wp-block-column is-vertically-aligned-center is-layout-flow wp-block-column-is-layout-flow\">\n<h4 class=\"wp-block-heading\" id=\"h-aufgaben-ohne-festen-kontext-erfassen\">Registrar tareas sin un contexto fijo<\/h4>\n\n\n\n<p>No todas las tareas pertenecen inmediatamente a una colonia o ubicaci\u00f3n espec\u00edfica. Con bee-pilot.io puedes crear <strong>tareas independientemente del contexto<\/strong>, ideal para tareas generales, planificaciones o trabajos preparatorios. <\/p>\n\n\n\n<h4 class=\"wp-block-heading\" id=\"h-erinnerungen-mit-alarmdatum\">Recordatorios con fecha de alarma<\/h4>\n\n\n\n<p>Para que no se olvide ninguna tarea, se pueden a\u00f1adir <strong>fechas de alarma<\/strong> a las tareas. De este modo, se te recordar\u00e1 a tiempo y podr\u00e1s realizar los trabajos en el momento justo. <\/p>\n<\/div>\n<\/div>\n\n\n\n<div style=\"height:28px\" aria-hidden=\"true\" class=\"wp-block-spacer\"><\/div>\n\n\n\n<p class=\"has-text-align-center\"><strong>La gesti\u00f3n de tareas de bee-pilot.io aporta estructura a tu d\u00eda a d\u00eda como apicultor:<\/strong> planificado de forma clara, asignado de forma inequ\u00edvoca y con recordatorios fiables, para que puedas concentrarte en lo esencial.<\/p>\n\n\n\n<div style=\"height:20px\" aria-hidden=\"true\" class=\"wp-block-spacer\"><\/div>\n<\/div><\/div>\n<p><!-- CTA --><\/p>\n\n<div class=\"wp-block-cover alignfull\" style=\"min-height:220px;aspect-ratio:unset;\"><span aria-hidden=\"true\" class=\"wp-block-cover__background has-background-dim-100 has-background-dim\" style=\"background-color:#0f1115\"><\/span><div class=\"wp-block-cover__inner-container is-layout-flow wp-block-cover-is-layout-flow\">\n<div class=\"wp-block-group\"><div class=\"wp-block-group__inner-container is-layout-constrained wp-container-core-group-is-layout-7a8ecd1d wp-block-group-is-layout-constrained\">\n<h3 class=\"wp-block-heading has-text-align-center\" id=\"h-nichts-mehr-vergessen-aufgaben-dort-verwalten-wo-sie-entstehen\">No olvides nada m\u00e1s: gestiona las tareas donde surgen<\/h3>\n\n\n\n<p class=\"has-text-align-center\">Prueba bee-pilot.io gratis y mant\u00e9n todas las tareas bajo control en el colmenar y en la colonia, incluyendo los recordatorios.<\/p>\n\n\n\n<div class=\"wp-block-buttons is-content-justification-center is-layout-flex wp-container-core-buttons-is-layout-16018d1d wp-block-buttons-is-layout-flex\">\n<div class=\"wp-block-button\"><a class=\"wp-block-button__link has-luminous-vivid-amber-background-color has-background wp-element-button\" href=\"https:\/\/app.bee-pilot.io\/registration\">Probar gratis ahora<\/a><\/div>\n<\/div>\n<\/div><\/div>\n<\/div><\/div>\n","protected":false},"excerpt":{"rendered":"<p>Planificar tareas directamente en la colonia Crea tareas espec\u00edficas para cada colonia. Ya sea una revisi\u00f3n, un tratamiento o un trabajo de seguimiento, cada tarea se asigna claramente a la colonia correspondiente y permanece documentada donde pertenece. Tareas a nivel del colmenar Tambi\u00e9n los trabajos relacionados con la ubicaci\u00f3n se pueden registrar directamente en el [&hellip;]<\/p>\n","protected":false},"author":1,"featured_media":1391,"parent":0,"menu_order":0,"comment_status":"closed","ping_status":"closed","template":"","meta":{"footnotes":""},"class_list":["post-1388","page","type-page","status-publish","has-post-thumbnail","hentry"],"yoast_head":"<!-- This site is optimized with the Yoast SEO Premium plugin v26.6 (Yoast SEO v26.6) - https:\/\/yoast.com\/wordpress\/plugins\/seo\/ -->\n<title>Aprovecha al m\u00e1ximo la gesti\u00f3n de tareas con bee-pilot.io - bee-pilot.io<\/title>\n<meta name=\"description\" content=\"Con la gesti\u00f3n de tareas de bee-pilot.io, mant\u00e9n todas las tareas a la vista y planifica de forma eficiente para tus colonias de abejas.\" \/>\n<meta name=\"robots\" content=\"index, follow, max-snippet:-1, max-image-preview:large, max-video-preview:-1\" \/>\n<link rel=\"canonical\" href=\"https:\/\/www.bee-pilot.io\/es\/gestion-precisa-de-tareas\/\" \/>\n<meta property=\"og:locale\" content=\"es_ES\" \/>\n<meta property=\"og:type\" content=\"article\" \/>\n<meta property=\"og:title\" content=\"Gesti\u00f3n precisa de tareas\" \/>\n<meta property=\"og:description\" content=\"Con la gesti\u00f3n de tareas de bee-pilot.io, mant\u00e9n todas las tareas a la vista y planifica de forma eficiente para tus colonias de abejas.\" \/>\n<meta property=\"og:url\" content=\"https:\/\/www.bee-pilot.io\/es\/gestion-precisa-de-tareas\/\" \/>\n<meta property=\"og:site_name\" content=\"bee-pilot.io\" \/>\n<meta property=\"article:modified_time\" content=\"2025-12-27T18:50:46+00:00\" \/>\n<meta property=\"og:image\" content=\"https:\/\/www.bee-pilot.io\/wp-content\/uploads\/2025\/12\/aufgaben-banner.png\" \/>\n\t<meta property=\"og:image:width\" content=\"1536\" \/>\n\t<meta property=\"og:image:height\" content=\"1024\" \/>\n\t<meta property=\"og:image:type\" content=\"image\/png\" \/>\n<meta name=\"twitter:card\" content=\"summary_large_image\" \/>\n<meta name=\"twitter:label1\" content=\"Tiempo de lectura\" \/>\n\t<meta name=\"twitter:data1\" content=\"3 minutos\" \/>\n<script type=\"application\/ld+json\" class=\"yoast-schema-graph\">{\"@context\":\"https:\/\/schema.org\",\"@graph\":[{\"@type\":\"WebPage\",\"@id\":\"https:\/\/www.bee-pilot.io\/es\/gestion-precisa-de-tareas\/\",\"url\":\"https:\/\/www.bee-pilot.io\/es\/gestion-precisa-de-tareas\/\",\"name\":\"Aprovecha al m\u00e1ximo la gesti\u00f3n de tareas con bee-pilot.io - bee-pilot.io\",\"isPartOf\":{\"@id\":\"https:\/\/www.bee-pilot.io\/es\/#website\"},\"primaryImageOfPage\":{\"@id\":\"https:\/\/www.bee-pilot.io\/es\/gestion-precisa-de-tareas\/#primaryimage\"},\"image\":{\"@id\":\"https:\/\/www.bee-pilot.io\/es\/gestion-precisa-de-tareas\/#primaryimage\"},\"thumbnailUrl\":\"https:\/\/www.bee-pilot.io\/wp-content\/uploads\/2025\/12\/aufgaben-banner.png\",\"datePublished\":\"2025-12-27T18:34:20+00:00\",\"dateModified\":\"2025-12-27T18:50:46+00:00\",\"description\":\"Con la gesti\u00f3n de tareas de bee-pilot.io, mant\u00e9n todas las tareas a la vista y planifica de forma eficiente para tus colonias de abejas.\",\"breadcrumb\":{\"@id\":\"https:\/\/www.bee-pilot.io\/es\/gestion-precisa-de-tareas\/#breadcrumb\"},\"inLanguage\":\"es\",\"potentialAction\":[{\"@type\":\"ReadAction\",\"target\":[\"https:\/\/www.bee-pilot.io\/es\/gestion-precisa-de-tareas\/\"]}]},{\"@type\":\"ImageObject\",\"inLanguage\":\"es\",\"@id\":\"https:\/\/www.bee-pilot.io\/es\/gestion-precisa-de-tareas\/#primaryimage\",\"url\":\"https:\/\/www.bee-pilot.io\/wp-content\/uploads\/2025\/12\/aufgaben-banner.png\",\"contentUrl\":\"https:\/\/www.bee-pilot.io\/wp-content\/uploads\/2025\/12\/aufgaben-banner.png\",\"width\":1536,\"height\":1024,\"caption\":\"Banner para la gesti\u00f3n de tareas\"},{\"@type\":\"BreadcrumbList\",\"@id\":\"https:\/\/www.bee-pilot.io\/es\/gestion-precisa-de-tareas\/#breadcrumb\",\"itemListElement\":[{\"@type\":\"ListItem\",\"position\":1,\"name\":\"Startseite\",\"item\":\"https:\/\/www.bee-pilot.io\/es\/\"},{\"@type\":\"ListItem\",\"position\":2,\"name\":\"Gesti\u00f3n precisa de tareas\"}]},{\"@type\":\"WebSite\",\"@id\":\"https:\/\/www.bee-pilot.io\/es\/#website\",\"url\":\"https:\/\/www.bee-pilot.io\/es\/\",\"name\":\"bee-pilot.io\",\"description\":\"Bee-Pilot: KI-gest\u00fctzte Software f\u00fcr Imker \u2013 Digitale Stockkarte, Wetter &amp; Checklisten\",\"publisher\":{\"@id\":\"https:\/\/www.bee-pilot.io\/es\/#organization\"},\"potentialAction\":[{\"@type\":\"SearchAction\",\"target\":{\"@type\":\"EntryPoint\",\"urlTemplate\":\"https:\/\/www.bee-pilot.io\/es\/?s={search_term_string}\"},\"query-input\":{\"@type\":\"PropertyValueSpecification\",\"valueRequired\":true,\"valueName\":\"search_term_string\"}}],\"inLanguage\":\"es\"},{\"@type\":\"Organization\",\"@id\":\"https:\/\/www.bee-pilot.io\/es\/#organization\",\"name\":\"bee-pilot.io UG (haftungsbeschr\u00e4nkt)\",\"url\":\"https:\/\/www.bee-pilot.io\/es\/\",\"logo\":{\"@type\":\"ImageObject\",\"inLanguage\":\"es\",\"@id\":\"https:\/\/www.bee-pilot.io\/es\/#\/schema\/logo\/image\/\",\"url\":\"https:\/\/www.bee-pilot.io\/wp-content\/uploads\/2024\/10\/cropped-bee-pilot-logo.png\",\"contentUrl\":\"https:\/\/www.bee-pilot.io\/wp-content\/uploads\/2024\/10\/cropped-bee-pilot-logo.png\",\"width\":291,\"height\":85,\"caption\":\"bee-pilot.io UG (haftungsbeschr\u00e4nkt)\"},\"image\":{\"@id\":\"https:\/\/www.bee-pilot.io\/es\/#\/schema\/logo\/image\/\"}}]}<\/script>\n<!-- \/ Yoast SEO Premium plugin. -->","yoast_head_json":{"title":"Aprovecha al m\u00e1ximo la gesti\u00f3n de tareas con bee-pilot.io - bee-pilot.io","description":"Con la gesti\u00f3n de tareas de bee-pilot.io, mant\u00e9n todas las tareas a la vista y planifica de forma eficiente para tus colonias de abejas.","robots":{"index":"index","follow":"follow","max-snippet":"max-snippet:-1","max-image-preview":"max-image-preview:large","max-video-preview":"max-video-preview:-1"},"canonical":"https:\/\/www.bee-pilot.io\/es\/gestion-precisa-de-tareas\/","og_locale":"es_ES","og_type":"article","og_title":"Gesti\u00f3n precisa de tareas","og_description":"Con la gesti\u00f3n de tareas de bee-pilot.io, mant\u00e9n todas las tareas a la vista y planifica de forma eficiente para tus colonias de abejas.","og_url":"https:\/\/www.bee-pilot.io\/es\/gestion-precisa-de-tareas\/","og_site_name":"bee-pilot.io","article_modified_time":"2025-12-27T18:50:46+00:00","og_image":[{"width":1536,"height":1024,"url":"https:\/\/www.bee-pilot.io\/wp-content\/uploads\/2025\/12\/aufgaben-banner.png","type":"image\/png"}],"twitter_card":"summary_large_image","twitter_misc":{"Tiempo de lectura":"3 minutos"},"schema":{"@context":"https:\/\/schema.org","@graph":[{"@type":"WebPage","@id":"https:\/\/www.bee-pilot.io\/es\/gestion-precisa-de-tareas\/","url":"https:\/\/www.bee-pilot.io\/es\/gestion-precisa-de-tareas\/","name":"Aprovecha al m\u00e1ximo la gesti\u00f3n de tareas con bee-pilot.io - bee-pilot.io","isPartOf":{"@id":"https:\/\/www.bee-pilot.io\/es\/#website"},"primaryImageOfPage":{"@id":"https:\/\/www.bee-pilot.io\/es\/gestion-precisa-de-tareas\/#primaryimage"},"image":{"@id":"https:\/\/www.bee-pilot.io\/es\/gestion-precisa-de-tareas\/#primaryimage"},"thumbnailUrl":"https:\/\/www.bee-pilot.io\/wp-content\/uploads\/2025\/12\/aufgaben-banner.png","datePublished":"2025-12-27T18:34:20+00:00","dateModified":"2025-12-27T18:50:46+00:00","description":"Con la gesti\u00f3n de tareas de bee-pilot.io, mant\u00e9n todas las tareas a la vista y planifica de forma eficiente para tus colonias de abejas.","breadcrumb":{"@id":"https:\/\/www.bee-pilot.io\/es\/gestion-precisa-de-tareas\/#breadcrumb"},"inLanguage":"es","potentialAction":[{"@type":"ReadAction","target":["https:\/\/www.bee-pilot.io\/es\/gestion-precisa-de-tareas\/"]}]},{"@type":"ImageObject","inLanguage":"es","@id":"https:\/\/www.bee-pilot.io\/es\/gestion-precisa-de-tareas\/#primaryimage","url":"https:\/\/www.bee-pilot.io\/wp-content\/uploads\/2025\/12\/aufgaben-banner.png","contentUrl":"https:\/\/www.bee-pilot.io\/wp-content\/uploads\/2025\/12\/aufgaben-banner.png","width":1536,"height":1024,"caption":"Banner para la gesti\u00f3n de tareas"},{"@type":"BreadcrumbList","@id":"https:\/\/www.bee-pilot.io\/es\/gestion-precisa-de-tareas\/#breadcrumb","itemListElement":[{"@type":"ListItem","position":1,"name":"Startseite","item":"https:\/\/www.bee-pilot.io\/es\/"},{"@type":"ListItem","position":2,"name":"Gesti\u00f3n precisa de tareas"}]},{"@type":"WebSite","@id":"https:\/\/www.bee-pilot.io\/es\/#website","url":"https:\/\/www.bee-pilot.io\/es\/","name":"bee-pilot.io","description":"Bee-Pilot: KI-gest\u00fctzte Software f\u00fcr Imker \u2013 Digitale Stockkarte, Wetter &amp; Checklisten","publisher":{"@id":"https:\/\/www.bee-pilot.io\/es\/#organization"},"potentialAction":[{"@type":"SearchAction","target":{"@type":"EntryPoint","urlTemplate":"https:\/\/www.bee-pilot.io\/es\/?s={search_term_string}"},"query-input":{"@type":"PropertyValueSpecification","valueRequired":true,"valueName":"search_term_string"}}],"inLanguage":"es"},{"@type":"Organization","@id":"https:\/\/www.bee-pilot.io\/es\/#organization","name":"bee-pilot.io UG (haftungsbeschr\u00e4nkt)","url":"https:\/\/www.bee-pilot.io\/es\/","logo":{"@type":"ImageObject","inLanguage":"es","@id":"https:\/\/www.bee-pilot.io\/es\/#\/schema\/logo\/image\/","url":"https:\/\/www.bee-pilot.io\/wp-content\/uploads\/2024\/10\/cropped-bee-pilot-logo.png","contentUrl":"https:\/\/www.bee-pilot.io\/wp-content\/uploads\/2024\/10\/cropped-bee-pilot-logo.png","width":291,"height":85,"caption":"bee-pilot.io UG (haftungsbeschr\u00e4nkt)"},"image":{"@id":"https:\/\/www.bee-pilot.io\/es\/#\/schema\/logo\/image\/"}}]}},"_links":{"self":[{"href":"https:\/\/www.bee-pilot.io\/es\/wp-json\/wp\/v2\/pages\/1388","targetHints":{"allow":["GET"]}}],"collection":[{"href":"https:\/\/www.bee-pilot.io\/es\/wp-json\/wp\/v2\/pages"}],"about":[{"href":"https:\/\/www.bee-pilot.io\/es\/wp-json\/wp\/v2\/types\/page"}],"author":[{"embeddable":true,"href":"https:\/\/www.bee-pilot.io\/es\/wp-json\/wp\/v2\/users\/1"}],"replies":[{"embeddable":true,"href":"https:\/\/www.bee-pilot.io\/es\/wp-json\/wp\/v2\/comments?post=1388"}],"version-history":[{"count":1,"href":"https:\/\/www.bee-pilot.io\/es\/wp-json\/wp\/v2\/pages\/1388\/revisions"}],"predecessor-version":[{"id":1392,"href":"https:\/\/www.bee-pilot.io\/es\/wp-json\/wp\/v2\/pages\/1388\/revisions\/1392"}],"wp:featuredmedia":[{"embeddable":true,"href":"https:\/\/www.bee-pilot.io\/es\/wp-json\/wp\/v2\/media\/1391"}],"wp:attachment":[{"href":"https:\/\/www.bee-pilot.io\/es\/wp-json\/wp\/v2\/media?parent=1388"}],"curies":[{"name":"wp","href":"https:\/\/api.w.org\/{rel}","templated":true}]}}