{"id":1429,"date":"2025-12-27T19:07:03","date_gmt":"2025-12-27T19:07:03","guid":{"rendered":"https:\/\/www.bee-pilot.io\/tu-apicultor-virtual-con-el-apoyo-de-la-inteligencia-artificial\/"},"modified":"2025-12-27T19:26:26","modified_gmt":"2025-12-27T19:26:26","slug":"tu-apicultor-virtual-con-el-apoyo-de-la-inteligencia-artificial","status":"publish","type":"page","link":"https:\/\/www.bee-pilot.io\/es\/tu-apicultor-virtual-con-el-apoyo-de-la-inteligencia-artificial\/","title":{"rendered":"Tu apicultor virtual, con el apoyo de la inteligencia artificial"},"content":{"rendered":"<p><!-- HERO --><\/p>\n\n<div class=\"wp-block-cover alignfull\" style=\"min-height:360px;aspect-ratio:unset;\"><span aria-hidden=\"true\" class=\"wp-block-cover__background has-background-dim-100 has-background-dim\" style=\"background-color:#0f1115\"><\/span><div class=\"wp-block-cover__inner-container is-layout-flow wp-block-cover-is-layout-flow\">\n<div class=\"wp-block-group\"><div class=\"wp-block-group__inner-container is-layout-constrained wp-container-core-group-is-layout-7a8ecd1d wp-block-group-is-layout-constrained\">\n<p><strong>Inteligencia artificial<\/strong><\/p>\n\n\n\n<h2 class=\"wp-block-heading\" id=\"h-dein-virtueller-imker-unterstutzt-durch-kunstliche-intelligenz\">Tu apicultor virtual, con el apoyo de la inteligencia artificial<\/h2>\n\n\n\n<p>Con <strong>bee-pilot.io<\/strong>, la inteligencia artificial se convierte en una herramienta real para tu apicultura. No como un juego, sino como un <strong>asistente virtual<\/strong> que te apoya en el d\u00eda a d\u00eda, te quita trabajo y hace que las relaciones sean visibles. <\/p>\n\n\n\n<div class=\"wp-block-buttons is-content-justification-center is-layout-flex wp-container-core-buttons-is-layout-16018d1d wp-block-buttons-is-layout-flex\">\n<div class=\"wp-block-button\"><a class=\"wp-block-button__link has-luminous-vivid-amber-background-color has-background wp-element-button\" href=\"https:\/\/app.bee-pilot.io\/registration\">\n Probar ahora gratis\n\t\t\t\t\t<\/a><\/div>\n<\/div>\n<\/div><\/div>\n<\/div><\/div>\n<p><!-- CONTENT --><\/p>\n\n<div class=\"wp-block-group\"><div class=\"wp-block-group__inner-container is-layout-constrained wp-container-core-group-is-layout-7a8ecd1d wp-block-group-is-layout-constrained\">\n<div style=\"height:36px\" aria-hidden=\"true\" class=\"wp-block-spacer\"><\/div>\n\n\n\n<h3 class=\"wp-block-heading\" id=\"h-dein-personlicher-imkerei-chat\">Tu chat personal de apicultura<\/h3>\n\n\n\n<p>El <strong>chat de bee-pilot.io<\/strong> es tu l\u00ednea directa a toda la informaci\u00f3n de tu apicultura. Haz preguntas como: <\/p>\n\n\n\n<blockquote class=\"wp-block-quote is-layout-flow wp-block-quote-is-layout-flow\">\n<p><em>\u00bfC\u00f3mo est\u00e1n mis colonias?<\/em><\/p>\n<\/blockquote>\n\n\n\n<p>En segundo plano, bee-pilot.io analiza autom\u00e1ticamente el estado de todas las colonias, eval\u00faa los datos actuales de las inspecciones, las evaluaciones y las tareas, y <strong>resume los resultados de forma comprensible para ti<\/strong>. Al mismo tiempo, recibes <strong>consejos pr\u00e1cticos sobre apicultura<\/strong>, adaptados a tu situaci\u00f3n y a tus datos. <\/p>\n\n\n\n<div style=\"height:28px\" aria-hidden=\"true\" class=\"wp-block-spacer\"><\/div>\n\n\n\n<div class=\"wp-block-columns is-layout-flex wp-container-core-columns-is-layout-9d6595d7 wp-block-columns-is-layout-flex\">\n<div class=\"wp-block-column is-vertically-aligned-center is-layout-flow wp-block-column-is-layout-flow\"><div class=\"wp-block-image\">\n<figure class=\"aligncenter size-medium\"><img loading=\"lazy\" decoding=\"async\" width=\"138\" height=\"300\" src=\"https:\/\/www.bee-pilot.io\/wp-content\/uploads\/2025\/12\/SpeechToCheck-138x300.png\" alt=\"Entrada de voz durante la inspecci&#xF3;n\" class=\"wp-image-1301\" srcset=\"https:\/\/www.bee-pilot.io\/wp-content\/uploads\/2025\/12\/SpeechToCheck-138x300.png 138w, https:\/\/www.bee-pilot.io\/wp-content\/uploads\/2025\/12\/SpeechToCheck-470x1024.png 470w, https:\/\/www.bee-pilot.io\/wp-content\/uploads\/2025\/12\/SpeechToCheck-768x1675.png 768w, https:\/\/www.bee-pilot.io\/wp-content\/uploads\/2025\/12\/SpeechToCheck-704x1536.png 704w, https:\/\/www.bee-pilot.io\/wp-content\/uploads\/2025\/12\/SpeechToCheck.png 774w\" sizes=\"auto, (max-width: 138px) 100vw, 138px\" \/><\/figure>\n<\/div><\/div>\n\n\n\n<div class=\"wp-block-column is-vertically-aligned-center is-layout-flow wp-block-column-is-layout-flow\">\n<h4 class=\"wp-block-heading\" id=\"h-spracheingabe-statt-tippen\">Entrada de voz en lugar de escribir<\/h4>\n\n\n\n<p>Al realizar las inspecciones, puedes simplemente <strong>decir<\/strong> tus observaciones en lugar de escribirlas. bee-pilot.io <strong>eval\u00faa tu entrada de voz con IA<\/strong> e introduce la informaci\u00f3n <strong>autom\u00e1ticamente en la lista de verificaci\u00f3n correspondiente<\/strong>. <\/p>\n\n\n\n<p>Esto ahorra tiempo, reduce las distracciones y te permite concentrarte plenamente en la colonia.<\/p>\n<\/div>\n<\/div>\n\n\n\n<div style=\"height:28px\" aria-hidden=\"true\" class=\"wp-block-spacer\"><\/div>\n\n\n\n<div class=\"wp-block-columns is-layout-flex wp-container-core-columns-is-layout-9d6595d7 wp-block-columns-is-layout-flex\">\n<div class=\"wp-block-column is-vertically-aligned-center is-layout-flow wp-block-column-is-layout-flow\">\n<h4 class=\"wp-block-heading\" id=\"h-papierchecklisten-intelligent-digitalisieren\">Digitalizar de forma inteligente las listas de verificaci\u00f3n en papel<\/h4>\n\n\n\n<p>\u00bfPrefieres trabajar con <strong>listas de verificaci\u00f3n en papel<\/strong>? Simplemente fotograf\u00eda tu lista completada y a\u00f1\u00e1dela en la revisi\u00f3n de la colonia. bee-pilot.io intenta entonces <strong>reconocer autom\u00e1ticamente tus notas manuscritas y transferirlas a la revisi\u00f3n digital<\/strong>.  <\/p>\n\n\n\n<p>As\u00ed, combinas tu forma de trabajar habitual con las ventajas de una documentaci\u00f3n digital, sin trabajo doble.<\/p>\n<\/div>\n\n\n\n<div class=\"wp-block-column is-vertically-aligned-center is-layout-flow wp-block-column-is-layout-flow\"><div class=\"wp-block-image\">\n<figure class=\"aligncenter size-medium\"><img loading=\"lazy\" decoding=\"async\" width=\"138\" height=\"300\" src=\"https:\/\/www.bee-pilot.io\/wp-content\/uploads\/2025\/02\/IMG_BA199A1369F8-1-138x300.jpeg\" alt=\"Digitalizar la lista de verificaci&#xF3;n en papel\" class=\"wp-image-380\" srcset=\"https:\/\/www.bee-pilot.io\/wp-content\/uploads\/2025\/02\/IMG_BA199A1369F8-1-138x300.jpeg 138w, https:\/\/www.bee-pilot.io\/wp-content\/uploads\/2025\/02\/IMG_BA199A1369F8-1-471x1024.jpeg 471w, https:\/\/www.bee-pilot.io\/wp-content\/uploads\/2025\/02\/IMG_BA199A1369F8-1-768x1670.jpeg 768w, https:\/\/www.bee-pilot.io\/wp-content\/uploads\/2025\/02\/IMG_BA199A1369F8-1-706x1536.jpeg 706w, https:\/\/www.bee-pilot.io\/wp-content\/uploads\/2025\/02\/IMG_BA199A1369F8-1-942x2048.jpeg 942w, https:\/\/www.bee-pilot.io\/wp-content\/uploads\/2025\/02\/IMG_BA199A1369F8-1-scaled.jpeg 1177w\" sizes=\"auto, (max-width: 138px) 100vw, 138px\" \/><\/figure>\n<\/div><\/div>\n<\/div>\n\n\n\n<div style=\"height:32px\" aria-hidden=\"true\" class=\"wp-block-spacer\"><\/div>\n\n\n\n<h3 class=\"wp-block-heading\" id=\"h-kunstliche-intelligenz-die-mitdenkt\">Inteligencia artificial que piensa contigo<\/h3>\n\n\n\n<p>Todas las funciones basadas en la IA recurren a tus datos existentes y los hacen <strong>utilizables, comparables y comprensibles<\/strong>. As\u00ed, de mucha informaci\u00f3n individual surge una visi\u00f3n general clara, y de la documentaci\u00f3n una base real para la toma de decisiones. <\/p>\n\n\n\n<p class=\"has-text-align-center\"><strong>bee-pilot.io piensa contigo, pregunta y resume, como un apicultor virtual a tu lado.<\/strong><\/p>\n<\/div><\/div>\n<p><!-- CTA --><\/p>\n\n<div class=\"wp-block-cover alignfull\" style=\"min-height:220px;aspect-ratio:unset;\"><span aria-hidden=\"true\" class=\"wp-block-cover__background has-background-dim-100 has-background-dim\" style=\"background-color:#0f1115\"><\/span><div class=\"wp-block-cover__inner-container is-layout-flow wp-block-cover-is-layout-flow\">\n<div class=\"wp-block-group\"><div class=\"wp-block-group__inner-container is-layout-constrained wp-container-core-group-is-layout-7a8ecd1d wp-block-group-is-layout-constrained\">\n<h3 class=\"wp-block-heading has-text-align-center\" id=\"h-erlebe-wie-ki-deine-imkerei-unterstutzt\">Experimenta c\u00f3mo la IA apoya tu apicultura<\/h3>\n\n\n\n<p class=\"has-text-align-center\">Prueba bee-pilot.io gratis y experimenta a tu apicultor virtual en el d\u00eda a d\u00eda.<\/p>\n\n\n\n<div class=\"wp-block-buttons is-content-justification-center is-layout-flex wp-container-core-buttons-is-layout-16018d1d wp-block-buttons-is-layout-flex\">\n<div class=\"wp-block-button\"><a class=\"wp-block-button__link has-luminous-vivid-amber-background-color has-background wp-element-button\" href=\"https:\/\/app.bee-pilot.io\/registration\">\n Probar ahora gratis\n\t\t\t\t\t<\/a><\/div>\n<\/div>\n<\/div><\/div>\n<\/div><\/div>\n","protected":false},"excerpt":{"rendered":"<p>Tu chat personal de apicultura El chat de bee-pilot.io es tu l\u00ednea directa a toda la informaci\u00f3n de tu apicultura. Haz preguntas como: \u00bfC\u00f3mo est\u00e1n mis colonias? En segundo plano, bee-pilot.io analiza autom\u00e1ticamente el estado de todas las colonias, eval\u00faa los datos actuales de las inspecciones, las evaluaciones y las tareas, y resume los resultados [&hellip;]<\/p>\n","protected":false},"author":1,"featured_media":1431,"parent":0,"menu_order":0,"comment_status":"closed","ping_status":"closed","template":"","meta":{"footnotes":""},"class_list":["post-1429","page","type-page","status-publish","has-post-thumbnail","hentry"],"yoast_head":"<!-- This site is optimized with the Yoast SEO Premium plugin v26.6 (Yoast SEO v26.6) - https:\/\/yoast.com\/wordpress\/plugins\/seo\/ -->\n<title>bee-pilot.io - virtueller-imker revoluciona la apicultura - bee-pilot.io<\/title>\n<meta name=\"description\" content=\"Bee-pilot.io - virtueller-imker es la clave para una apicultura eficiente. Deja que la IA optimice tu tiempo y trabajo por ti.\" \/>\n<meta name=\"robots\" content=\"index, follow, max-snippet:-1, max-image-preview:large, max-video-preview:-1\" \/>\n<link rel=\"canonical\" href=\"https:\/\/www.bee-pilot.io\/es\/tu-apicultor-virtual-con-el-apoyo-de-la-inteligencia-artificial\/\" \/>\n<meta property=\"og:locale\" content=\"es_ES\" \/>\n<meta property=\"og:type\" content=\"article\" \/>\n<meta property=\"og:title\" content=\"Tu apicultor virtual, con el apoyo de la inteligencia artificial\" \/>\n<meta property=\"og:description\" content=\"Bee-pilot.io - virtueller-imker es la clave para una apicultura eficiente. Deja que la IA optimice tu tiempo y trabajo por ti.\" \/>\n<meta property=\"og:url\" content=\"https:\/\/www.bee-pilot.io\/es\/tu-apicultor-virtual-con-el-apoyo-de-la-inteligencia-artificial\/\" \/>\n<meta property=\"og:site_name\" content=\"bee-pilot.io\" \/>\n<meta property=\"article:modified_time\" content=\"2025-12-27T19:26:26+00:00\" \/>\n<meta property=\"og:image\" content=\"https:\/\/www.bee-pilot.io\/wp-content\/uploads\/2025\/12\/bee-pilot-ki-banner-1024x683.png\" \/>\n\t<meta property=\"og:image:width\" content=\"1024\" \/>\n\t<meta property=\"og:image:height\" content=\"683\" \/>\n\t<meta property=\"og:image:type\" content=\"image\/png\" \/>\n<meta name=\"twitter:card\" content=\"summary_large_image\" \/>\n<meta name=\"twitter:label1\" content=\"Tiempo de lectura\" \/>\n\t<meta name=\"twitter:data1\" content=\"3 minutos\" \/>\n<script type=\"application\/ld+json\" class=\"yoast-schema-graph\">{\"@context\":\"https:\/\/schema.org\",\"@graph\":[{\"@type\":\"WebPage\",\"@id\":\"https:\/\/www.bee-pilot.io\/es\/tu-apicultor-virtual-con-el-apoyo-de-la-inteligencia-artificial\/\",\"url\":\"https:\/\/www.bee-pilot.io\/es\/tu-apicultor-virtual-con-el-apoyo-de-la-inteligencia-artificial\/\",\"name\":\"bee-pilot.io - virtueller-imker revoluciona la apicultura - bee-pilot.io\",\"isPartOf\":{\"@id\":\"https:\/\/www.bee-pilot.io\/es\/#website\"},\"primaryImageOfPage\":{\"@id\":\"https:\/\/www.bee-pilot.io\/es\/tu-apicultor-virtual-con-el-apoyo-de-la-inteligencia-artificial\/#primaryimage\"},\"image\":{\"@id\":\"https:\/\/www.bee-pilot.io\/es\/tu-apicultor-virtual-con-el-apoyo-de-la-inteligencia-artificial\/#primaryimage\"},\"thumbnailUrl\":\"https:\/\/www.bee-pilot.io\/wp-content\/uploads\/2025\/12\/bee-pilot-ki-banner.png\",\"datePublished\":\"2025-12-27T19:07:03+00:00\",\"dateModified\":\"2025-12-27T19:26:26+00:00\",\"description\":\"Bee-pilot.io - virtueller-imker es la clave para una apicultura eficiente. Deja que la IA optimice tu tiempo y trabajo por ti.\",\"breadcrumb\":{\"@id\":\"https:\/\/www.bee-pilot.io\/es\/tu-apicultor-virtual-con-el-apoyo-de-la-inteligencia-artificial\/#breadcrumb\"},\"inLanguage\":\"es\",\"potentialAction\":[{\"@type\":\"ReadAction\",\"target\":[\"https:\/\/www.bee-pilot.io\/es\/tu-apicultor-virtual-con-el-apoyo-de-la-inteligencia-artificial\/\"]}]},{\"@type\":\"ImageObject\",\"inLanguage\":\"es\",\"@id\":\"https:\/\/www.bee-pilot.io\/es\/tu-apicultor-virtual-con-el-apoyo-de-la-inteligencia-artificial\/#primaryimage\",\"url\":\"https:\/\/www.bee-pilot.io\/wp-content\/uploads\/2025\/12\/bee-pilot-ki-banner.png\",\"contentUrl\":\"https:\/\/www.bee-pilot.io\/wp-content\/uploads\/2025\/12\/bee-pilot-ki-banner.png\",\"width\":1536,\"height\":1024,\"caption\":\"Imagen de bee-pilot.io con apicultor virtual\"},{\"@type\":\"BreadcrumbList\",\"@id\":\"https:\/\/www.bee-pilot.io\/es\/tu-apicultor-virtual-con-el-apoyo-de-la-inteligencia-artificial\/#breadcrumb\",\"itemListElement\":[{\"@type\":\"ListItem\",\"position\":1,\"name\":\"Startseite\",\"item\":\"https:\/\/www.bee-pilot.io\/es\/\"},{\"@type\":\"ListItem\",\"position\":2,\"name\":\"Tu apicultor virtual, con el apoyo de la inteligencia artificial\"}]},{\"@type\":\"WebSite\",\"@id\":\"https:\/\/www.bee-pilot.io\/es\/#website\",\"url\":\"https:\/\/www.bee-pilot.io\/es\/\",\"name\":\"bee-pilot.io\",\"description\":\"Bee-Pilot: KI-gest\u00fctzte Software f\u00fcr Imker \u2013 Digitale Stockkarte, Wetter &amp; Checklisten\",\"publisher\":{\"@id\":\"https:\/\/www.bee-pilot.io\/es\/#organization\"},\"potentialAction\":[{\"@type\":\"SearchAction\",\"target\":{\"@type\":\"EntryPoint\",\"urlTemplate\":\"https:\/\/www.bee-pilot.io\/es\/?s={search_term_string}\"},\"query-input\":{\"@type\":\"PropertyValueSpecification\",\"valueRequired\":true,\"valueName\":\"search_term_string\"}}],\"inLanguage\":\"es\"},{\"@type\":\"Organization\",\"@id\":\"https:\/\/www.bee-pilot.io\/es\/#organization\",\"name\":\"bee-pilot.io UG (haftungsbeschr\u00e4nkt)\",\"url\":\"https:\/\/www.bee-pilot.io\/es\/\",\"logo\":{\"@type\":\"ImageObject\",\"inLanguage\":\"es\",\"@id\":\"https:\/\/www.bee-pilot.io\/es\/#\/schema\/logo\/image\/\",\"url\":\"https:\/\/www.bee-pilot.io\/wp-content\/uploads\/2024\/10\/cropped-bee-pilot-logo.png\",\"contentUrl\":\"https:\/\/www.bee-pilot.io\/wp-content\/uploads\/2024\/10\/cropped-bee-pilot-logo.png\",\"width\":291,\"height\":85,\"caption\":\"bee-pilot.io UG (haftungsbeschr\u00e4nkt)\"},\"image\":{\"@id\":\"https:\/\/www.bee-pilot.io\/es\/#\/schema\/logo\/image\/\"}}]}<\/script>\n<!-- \/ Yoast SEO Premium plugin. -->","yoast_head_json":{"title":"bee-pilot.io - virtueller-imker revoluciona la apicultura - bee-pilot.io","description":"Bee-pilot.io - virtueller-imker es la clave para una apicultura eficiente. Deja que la IA optimice tu tiempo y trabajo por ti.","robots":{"index":"index","follow":"follow","max-snippet":"max-snippet:-1","max-image-preview":"max-image-preview:large","max-video-preview":"max-video-preview:-1"},"canonical":"https:\/\/www.bee-pilot.io\/es\/tu-apicultor-virtual-con-el-apoyo-de-la-inteligencia-artificial\/","og_locale":"es_ES","og_type":"article","og_title":"Tu apicultor virtual, con el apoyo de la inteligencia artificial","og_description":"Bee-pilot.io - virtueller-imker es la clave para una apicultura eficiente. Deja que la IA optimice tu tiempo y trabajo por ti.","og_url":"https:\/\/www.bee-pilot.io\/es\/tu-apicultor-virtual-con-el-apoyo-de-la-inteligencia-artificial\/","og_site_name":"bee-pilot.io","article_modified_time":"2025-12-27T19:26:26+00:00","og_image":[{"width":1024,"height":683,"url":"https:\/\/www.bee-pilot.io\/wp-content\/uploads\/2025\/12\/bee-pilot-ki-banner-1024x683.png","type":"image\/png"}],"twitter_card":"summary_large_image","twitter_misc":{"Tiempo de lectura":"3 minutos"},"schema":{"@context":"https:\/\/schema.org","@graph":[{"@type":"WebPage","@id":"https:\/\/www.bee-pilot.io\/es\/tu-apicultor-virtual-con-el-apoyo-de-la-inteligencia-artificial\/","url":"https:\/\/www.bee-pilot.io\/es\/tu-apicultor-virtual-con-el-apoyo-de-la-inteligencia-artificial\/","name":"bee-pilot.io - virtueller-imker revoluciona la apicultura - bee-pilot.io","isPartOf":{"@id":"https:\/\/www.bee-pilot.io\/es\/#website"},"primaryImageOfPage":{"@id":"https:\/\/www.bee-pilot.io\/es\/tu-apicultor-virtual-con-el-apoyo-de-la-inteligencia-artificial\/#primaryimage"},"image":{"@id":"https:\/\/www.bee-pilot.io\/es\/tu-apicultor-virtual-con-el-apoyo-de-la-inteligencia-artificial\/#primaryimage"},"thumbnailUrl":"https:\/\/www.bee-pilot.io\/wp-content\/uploads\/2025\/12\/bee-pilot-ki-banner.png","datePublished":"2025-12-27T19:07:03+00:00","dateModified":"2025-12-27T19:26:26+00:00","description":"Bee-pilot.io - virtueller-imker es la clave para una apicultura eficiente. Deja que la IA optimice tu tiempo y trabajo por ti.","breadcrumb":{"@id":"https:\/\/www.bee-pilot.io\/es\/tu-apicultor-virtual-con-el-apoyo-de-la-inteligencia-artificial\/#breadcrumb"},"inLanguage":"es","potentialAction":[{"@type":"ReadAction","target":["https:\/\/www.bee-pilot.io\/es\/tu-apicultor-virtual-con-el-apoyo-de-la-inteligencia-artificial\/"]}]},{"@type":"ImageObject","inLanguage":"es","@id":"https:\/\/www.bee-pilot.io\/es\/tu-apicultor-virtual-con-el-apoyo-de-la-inteligencia-artificial\/#primaryimage","url":"https:\/\/www.bee-pilot.io\/wp-content\/uploads\/2025\/12\/bee-pilot-ki-banner.png","contentUrl":"https:\/\/www.bee-pilot.io\/wp-content\/uploads\/2025\/12\/bee-pilot-ki-banner.png","width":1536,"height":1024,"caption":"Imagen de bee-pilot.io con apicultor virtual"},{"@type":"BreadcrumbList","@id":"https:\/\/www.bee-pilot.io\/es\/tu-apicultor-virtual-con-el-apoyo-de-la-inteligencia-artificial\/#breadcrumb","itemListElement":[{"@type":"ListItem","position":1,"name":"Startseite","item":"https:\/\/www.bee-pilot.io\/es\/"},{"@type":"ListItem","position":2,"name":"Tu apicultor virtual, con el apoyo de la inteligencia artificial"}]},{"@type":"WebSite","@id":"https:\/\/www.bee-pilot.io\/es\/#website","url":"https:\/\/www.bee-pilot.io\/es\/","name":"bee-pilot.io","description":"Bee-Pilot: KI-gest\u00fctzte Software f\u00fcr Imker \u2013 Digitale Stockkarte, Wetter &amp; Checklisten","publisher":{"@id":"https:\/\/www.bee-pilot.io\/es\/#organization"},"potentialAction":[{"@type":"SearchAction","target":{"@type":"EntryPoint","urlTemplate":"https:\/\/www.bee-pilot.io\/es\/?s={search_term_string}"},"query-input":{"@type":"PropertyValueSpecification","valueRequired":true,"valueName":"search_term_string"}}],"inLanguage":"es"},{"@type":"Organization","@id":"https:\/\/www.bee-pilot.io\/es\/#organization","name":"bee-pilot.io UG (haftungsbeschr\u00e4nkt)","url":"https:\/\/www.bee-pilot.io\/es\/","logo":{"@type":"ImageObject","inLanguage":"es","@id":"https:\/\/www.bee-pilot.io\/es\/#\/schema\/logo\/image\/","url":"https:\/\/www.bee-pilot.io\/wp-content\/uploads\/2024\/10\/cropped-bee-pilot-logo.png","contentUrl":"https:\/\/www.bee-pilot.io\/wp-content\/uploads\/2024\/10\/cropped-bee-pilot-logo.png","width":291,"height":85,"caption":"bee-pilot.io UG (haftungsbeschr\u00e4nkt)"},"image":{"@id":"https:\/\/www.bee-pilot.io\/es\/#\/schema\/logo\/image\/"}}]}},"_links":{"self":[{"href":"https:\/\/www.bee-pilot.io\/es\/wp-json\/wp\/v2\/pages\/1429","targetHints":{"allow":["GET"]}}],"collection":[{"href":"https:\/\/www.bee-pilot.io\/es\/wp-json\/wp\/v2\/pages"}],"about":[{"href":"https:\/\/www.bee-pilot.io\/es\/wp-json\/wp\/v2\/types\/page"}],"author":[{"embeddable":true,"href":"https:\/\/www.bee-pilot.io\/es\/wp-json\/wp\/v2\/users\/1"}],"replies":[{"embeddable":true,"href":"https:\/\/www.bee-pilot.io\/es\/wp-json\/wp\/v2\/comments?post=1429"}],"version-history":[{"count":1,"href":"https:\/\/www.bee-pilot.io\/es\/wp-json\/wp\/v2\/pages\/1429\/revisions"}],"predecessor-version":[{"id":1432,"href":"https:\/\/www.bee-pilot.io\/es\/wp-json\/wp\/v2\/pages\/1429\/revisions\/1432"}],"wp:featuredmedia":[{"embeddable":true,"href":"https:\/\/www.bee-pilot.io\/es\/wp-json\/wp\/v2\/media\/1431"}],"wp:attachment":[{"href":"https:\/\/www.bee-pilot.io\/es\/wp-json\/wp\/v2\/media?parent=1429"}],"curies":[{"name":"wp","href":"https:\/\/api.w.org\/{rel}","templated":true}]}}