{"id":760,"date":"2024-12-31T08:29:08","date_gmt":"2024-12-31T08:29:08","guid":{"rendered":"https:\/\/www.bee-pilot.io\/aviso-legal\/"},"modified":"2025-12-26T08:55:13","modified_gmt":"2025-12-26T08:55:13","slug":"aviso-legal","status":"publish","type":"page","link":"https:\/\/www.bee-pilot.io\/es\/aviso-legal\/","title":{"rendered":"Aviso legal"},"content":{"rendered":"\n<p><strong>Informaci\u00f3n seg\u00fan el \u00a7 5 de la Ley alemana de Telemedia (TMG):<\/strong><br\/>bee-pilot.io UG (responsabilidad limitada)<br\/>Untere Hauptstr. 41c<br\/>91336 Heroldsbach <\/p>\n\n<p><strong>Registro Mercantil:<br\/><\/strong>HRB 12065<br\/>Tribunal de Distrito de Bamberg <\/p>\n\n<p><strong>Contacto:<\/strong><br\/>Correo electr\u00f3nico: support@bee-pilot.io<br\/>Sitio web: www.bee-pilot.io<\/p>\n\n<p><strong>Director general:<\/strong><br\/>Martin Wiesm\u00fcller<\/p>\n\n<p><strong>N\u00famero de identificaci\u00f3n fiscal<\/strong>: 216\/122\/20279<\/p>\n\n<p><strong>Exclusi\u00f3n de responsabilidad (Disclaimer):<\/strong><br\/><em>Responsabilidad por el contenido:<\/em><br\/>El contenido de nuestras p\u00e1ginas se ha creado con el mayor cuidado. Sin embargo, no podemos garantizar la exactitud, integridad ni actualidad del contenido. <\/p>\n\n<p><em>Responsabilidad por los enlaces:<\/em><br\/>Nuestra p\u00e1gina web contiene enlaces a p\u00e1ginas web externas de terceros sobre cuyo contenido no tenemos ninguna influencia. Por lo tanto, no podemos asumir ninguna responsabilidad por este contenido ajeno. <\/p>\n\n<p><strong>Resoluci\u00f3n de litigios:<\/strong><br\/>La Comisi\u00f3n Europea facilita una plataforma de resoluci\u00f3n de litigios en l\u00ednea (ODR): <a href=\"https:\/\/ec.europa.eu\/consumers\/odr\/\">https:\/\/ec.europa.eu\/consumers\/odr\/<\/a>.<br\/>Encontrar\u00e1 nuestra direcci\u00f3n de correo electr\u00f3nico en el aviso legal anterior. No estamos dispuestos ni obligados a participar en los procedimientos de resoluci\u00f3n de litigios ante una junta de arbitraje de consumo. <\/p>\n\n<p><strong>Pol\u00edtica de privacidad<\/strong><\/p>\n\n<p>La protecci\u00f3n de sus datos personales es muy importante para nosotros. A continuaci\u00f3n, le informamos detalladamente sobre el tratamiento de sus datos. <\/p>\n\n<p><strong>1. Entidad responsable a efectos del Reglamento General de Protecci\u00f3n de Datos (RGPD):<\/strong><br\/>bee-pilot.io UG (responsabilidad limitada)<br\/>Untere Hauptstr. 41c<br\/>91336 Heroldsbach<br\/>Correo electr\u00f3nico: support@bee-pilot.com <\/p>\n\n<p><strong>2. Recogida y almacenamiento de datos personales, as\u00ed como tipo y finalidad de su uso:<\/strong><br\/>a) <strong>Al visitar el sitio web<\/strong><br\/>Si utiliza nuestro sitio web \u00fanicamente con fines informativos, es decir, sin proporcionar ninguna informaci\u00f3n, solo recopilamos los datos personales que su navegador transmite a nuestro servidor. Estos son los siguientes datos: <\/p>\n\n<ul class=\"wp-block-list\">\n<li>Direcci\u00f3n IP<\/li>\n\n\n\n<li>Fecha y hora de la solicitud<\/li>\n\n\n\n<li>Diferencia horaria con respecto al horario de Greenwich (GMT)<\/li>\n\n\n\n<li>Contenido de la solicitud (p\u00e1gina concreta)<\/li>\n\n\n\n<li>Estado de acceso\/c\u00f3digo de estado HTTP<\/li>\n\n\n\n<li>Cantidad de datos transmitidos respectivamente<\/li>\n\n\n\n<li>Sitio web desde el que procede la solicitud<\/li>\n\n\n\n<li>Navegador<\/li>\n\n\n\n<li>Sistema operativo y su interfaz<\/li>\n\n\n\n<li>Idioma y versi\u00f3n del software del navegador<br\/>Estos datos se almacenan temporalmente en los llamados archivos de registro, pero no junto con otros datos personales.<\/li>\n<\/ul>\n\n<p>b) <strong>Al utilizar nuestro formulario de contacto o al realizar consultas por correo electr\u00f3nico<\/strong><br\/>Si se pone en contacto con nosotros, por ejemplo, a trav\u00e9s de un formulario de contacto o por correo electr\u00f3nico, recopilamos los datos que nos proporciona, como el nombre, la direcci\u00f3n de correo electr\u00f3nico y, si procede, el n\u00famero de tel\u00e9fono, para procesar y responder a su consulta.<\/p>\n\n<p><strong>3. Base jur\u00eddica del tratamiento:<\/strong><br\/>El tratamiento de sus datos se basa en los siguientes fundamentos jur\u00eddicos:<\/p>\n\n<ul class=\"wp-block-list\">\n<li>Art. 6, apdo. 1, letra a del RGPD (consentimiento)  <\/li>\n\n\n\n<li>Art. 6, apdo. 1, letra b del RGPD (cumplimiento de un contrato)  <\/li>\n\n\n\n<li>Art. 6, apdo. 1, letra f del RGPD (inter\u00e9s leg\u00edtimo)  <\/li>\n<\/ul>\n\n<p><strong>4. Cesi\u00f3n de datos a terceros:<\/strong><br\/>Solo cedemos sus datos si est\u00e1 permitido por la ley o si usted ha dado su consentimiento expreso. No se ceder\u00e1n a terceros con fines publicitarios. <\/p>\n\n<p><strong>5. Cookies:<\/strong><br\/>Nuestro sitio web utiliza las llamadas cookies, que sirven para que el uso del sitio web sea m\u00e1s c\u00f3modo y eficiente. Puede desactivar el uso de cookies en cualquier momento en la configuraci\u00f3n de su navegador. <\/p>\n\n<p><strong>6. Sus derechos:<\/strong><br\/>Tiene derecho a solicitar informaci\u00f3n sobre los datos personales que tenemos almacenados sobre usted. Adem\u00e1s, tiene derecho a la rectificaci\u00f3n, supresi\u00f3n o limitaci\u00f3n del tratamiento de sus datos, as\u00ed como a oponerse al tratamiento. <\/p>\n\n<ul class=\"wp-block-list\">\n<li><strong>Derecho de acceso (Art. 15 RGPD)<\/strong><\/li>\n\n\n\n<li><strong>Derecho de rectificaci\u00f3n (Art. 16 RGPD)<\/strong><\/li>\n\n\n\n<li><strong>Derecho de supresi\u00f3n (Art. 17 RGPD)<\/strong><\/li>\n\n\n\n<li><strong>Derecho a la limitaci\u00f3n del tratamiento (Art. 18 RGPD)<\/strong><\/li>\n\n\n\n<li><strong>Derecho a la portabilidad de los datos (Art. 20 RGPD)<\/strong><\/li>\n\n\n\n<li><strong>Derecho de oposici\u00f3n (Art. 21 RGPD)<\/strong><\/li>\n<\/ul>\n\n<p><strong>7. Derecho a presentar una reclamaci\u00f3n ante la autoridad de control:<\/strong><br\/>Si considera que el tratamiento de sus datos personales infringe el RGPD, tiene derecho a presentar una reclamaci\u00f3n ante la autoridad de control competente. La autoridad de control competente para la protecci\u00f3n de datos es el [Nombre y contacto de la autoridad de protecci\u00f3n de datos competente, por ejemplo, &#8220;El Comisionado Estatal para la Protecci\u00f3n de Datos y la Libertad de Informaci\u00f3n&#8221; en Baviera. <\/p>\n\n<p>Otros enlaces:<\/p>\n\n<ul class=\"wp-block-list\">\n<li><a data-type=\"page\" data-id=\"244\" href=\"https:\/\/www.bee-pilot.io\/nutzungsbedingungen\/\">T\u00e9rminos y condiciones generales\/condiciones de uso de las aplicaciones bee-pilot.io<\/a><\/li>\n<\/ul>\n","protected":false},"excerpt":{"rendered":"<p>Informaci\u00f3n seg\u00fan el \u00a7 5 de la Ley alemana de Telemedia (TMG):bee-pilot.io UG (responsabilidad limitada)Untere Hauptstr. 41c91336 Heroldsbach Registro Mercantil:HRB 12065Tribunal de Distrito de Bamberg Contacto:Correo electr\u00f3nico: support@bee-pilot.ioSitio web: www.bee-pilot.io Director general:Martin Wiesm\u00fcller N\u00famero de identificaci\u00f3n fiscal: 216\/122\/20279 Exclusi\u00f3n de responsabilidad (Disclaimer):Responsabilidad por el contenido:El contenido de nuestras p\u00e1ginas se ha creado con el mayor [&hellip;]<\/p>\n","protected":false},"author":1,"featured_media":0,"parent":0,"menu_order":0,"comment_status":"closed","ping_status":"closed","template":"","meta":{"footnotes":""},"class_list":["post-760","page","type-page","status-publish","hentry"],"yoast_head":"<!-- This site is optimized with the Yoast SEO Premium plugin v26.6 (Yoast SEO v26.6) - https:\/\/yoast.com\/wordpress\/plugins\/seo\/ -->\n<title>Aviso legal - bee-pilot.io<\/title>\n<meta name=\"robots\" content=\"index, follow, max-snippet:-1, max-image-preview:large, max-video-preview:-1\" \/>\n<link rel=\"canonical\" href=\"https:\/\/www.bee-pilot.io\/es\/aviso-legal\/\" \/>\n<meta property=\"og:locale\" content=\"es_ES\" \/>\n<meta property=\"og:type\" content=\"article\" \/>\n<meta property=\"og:title\" content=\"Aviso legal\" \/>\n<meta property=\"og:description\" content=\"Informaci\u00f3n seg\u00fan el \u00a7 5 de la Ley alemana de Telemedia (TMG):bee-pilot.io UG (responsabilidad limitada)Untere Hauptstr. 41c91336 Heroldsbach Registro Mercantil:HRB 12065Tribunal de Distrito de Bamberg Contacto:Correo electr\u00f3nico: support@bee-pilot.ioSitio web: www.bee-pilot.io Director general:Martin Wiesm\u00fcller N\u00famero de identificaci\u00f3n fiscal: 216\/122\/20279 Exclusi\u00f3n de responsabilidad (Disclaimer):Responsabilidad por el contenido:El contenido de nuestras p\u00e1ginas se ha creado con el mayor [&hellip;]\" \/>\n<meta property=\"og:url\" content=\"https:\/\/www.bee-pilot.io\/es\/aviso-legal\/\" \/>\n<meta property=\"og:site_name\" content=\"bee-pilot.io\" \/>\n<meta property=\"article:modified_time\" content=\"2025-12-26T08:55:13+00:00\" \/>\n<meta property=\"og:image\" content=\"https:\/\/www.bee-pilot.io\/wp-content\/uploads\/2025\/02\/applogo-1.png\" \/>\n\t<meta property=\"og:image:width\" content=\"1057\" \/>\n\t<meta property=\"og:image:height\" content=\"746\" \/>\n\t<meta property=\"og:image:type\" content=\"image\/png\" \/>\n<meta name=\"twitter:card\" content=\"summary_large_image\" \/>\n<meta name=\"twitter:label1\" content=\"Tiempo de lectura\" \/>\n\t<meta name=\"twitter:data1\" content=\"4 minutos\" \/>\n<script type=\"application\/ld+json\" class=\"yoast-schema-graph\">{\"@context\":\"https:\/\/schema.org\",\"@graph\":[{\"@type\":\"WebPage\",\"@id\":\"https:\/\/www.bee-pilot.io\/es\/aviso-legal\/\",\"url\":\"https:\/\/www.bee-pilot.io\/es\/aviso-legal\/\",\"name\":\"Aviso legal - bee-pilot.io\",\"isPartOf\":{\"@id\":\"https:\/\/www.bee-pilot.io\/es\/#website\"},\"datePublished\":\"2024-12-31T08:29:08+00:00\",\"dateModified\":\"2025-12-26T08:55:13+00:00\",\"breadcrumb\":{\"@id\":\"https:\/\/www.bee-pilot.io\/es\/aviso-legal\/#breadcrumb\"},\"inLanguage\":\"es\",\"potentialAction\":[{\"@type\":\"ReadAction\",\"target\":[\"https:\/\/www.bee-pilot.io\/es\/aviso-legal\/\"]}]},{\"@type\":\"BreadcrumbList\",\"@id\":\"https:\/\/www.bee-pilot.io\/es\/aviso-legal\/#breadcrumb\",\"itemListElement\":[{\"@type\":\"ListItem\",\"position\":1,\"name\":\"Startseite\",\"item\":\"https:\/\/www.bee-pilot.io\/es\/\"},{\"@type\":\"ListItem\",\"position\":2,\"name\":\"Aviso legal\"}]},{\"@type\":\"WebSite\",\"@id\":\"https:\/\/www.bee-pilot.io\/es\/#website\",\"url\":\"https:\/\/www.bee-pilot.io\/es\/\",\"name\":\"bee-pilot.io\",\"description\":\"Bee-Pilot: KI-gest\u00fctzte Software f\u00fcr Imker \u2013 Digitale Stockkarte, Wetter &amp; Checklisten\",\"publisher\":{\"@id\":\"https:\/\/www.bee-pilot.io\/es\/#organization\"},\"potentialAction\":[{\"@type\":\"SearchAction\",\"target\":{\"@type\":\"EntryPoint\",\"urlTemplate\":\"https:\/\/www.bee-pilot.io\/es\/?s={search_term_string}\"},\"query-input\":{\"@type\":\"PropertyValueSpecification\",\"valueRequired\":true,\"valueName\":\"search_term_string\"}}],\"inLanguage\":\"es\"},{\"@type\":\"Organization\",\"@id\":\"https:\/\/www.bee-pilot.io\/es\/#organization\",\"name\":\"bee-pilot.io UG (haftungsbeschr\u00e4nkt)\",\"url\":\"https:\/\/www.bee-pilot.io\/es\/\",\"logo\":{\"@type\":\"ImageObject\",\"inLanguage\":\"es\",\"@id\":\"https:\/\/www.bee-pilot.io\/es\/#\/schema\/logo\/image\/\",\"url\":\"https:\/\/www.bee-pilot.io\/wp-content\/uploads\/2024\/10\/cropped-bee-pilot-logo.png\",\"contentUrl\":\"https:\/\/www.bee-pilot.io\/wp-content\/uploads\/2024\/10\/cropped-bee-pilot-logo.png\",\"width\":291,\"height\":85,\"caption\":\"bee-pilot.io UG (haftungsbeschr\u00e4nkt)\"},\"image\":{\"@id\":\"https:\/\/www.bee-pilot.io\/es\/#\/schema\/logo\/image\/\"}}]}<\/script>\n<!-- \/ Yoast SEO Premium plugin. -->","yoast_head_json":{"title":"Aviso legal - bee-pilot.io","robots":{"index":"index","follow":"follow","max-snippet":"max-snippet:-1","max-image-preview":"max-image-preview:large","max-video-preview":"max-video-preview:-1"},"canonical":"https:\/\/www.bee-pilot.io\/es\/aviso-legal\/","og_locale":"es_ES","og_type":"article","og_title":"Aviso legal","og_description":"Informaci\u00f3n seg\u00fan el \u00a7 5 de la Ley alemana de Telemedia (TMG):bee-pilot.io UG (responsabilidad limitada)Untere Hauptstr. 41c91336 Heroldsbach Registro Mercantil:HRB 12065Tribunal de Distrito de Bamberg Contacto:Correo electr\u00f3nico: support@bee-pilot.ioSitio web: www.bee-pilot.io Director general:Martin Wiesm\u00fcller N\u00famero de identificaci\u00f3n fiscal: 216\/122\/20279 Exclusi\u00f3n de responsabilidad (Disclaimer):Responsabilidad por el contenido:El contenido de nuestras p\u00e1ginas se ha creado con el mayor [&hellip;]","og_url":"https:\/\/www.bee-pilot.io\/es\/aviso-legal\/","og_site_name":"bee-pilot.io","article_modified_time":"2025-12-26T08:55:13+00:00","og_image":[{"width":1057,"height":746,"url":"https:\/\/www.bee-pilot.io\/wp-content\/uploads\/2025\/02\/applogo-1.png","type":"image\/png"}],"twitter_card":"summary_large_image","twitter_misc":{"Tiempo de lectura":"4 minutos"},"schema":{"@context":"https:\/\/schema.org","@graph":[{"@type":"WebPage","@id":"https:\/\/www.bee-pilot.io\/es\/aviso-legal\/","url":"https:\/\/www.bee-pilot.io\/es\/aviso-legal\/","name":"Aviso legal - bee-pilot.io","isPartOf":{"@id":"https:\/\/www.bee-pilot.io\/es\/#website"},"datePublished":"2024-12-31T08:29:08+00:00","dateModified":"2025-12-26T08:55:13+00:00","breadcrumb":{"@id":"https:\/\/www.bee-pilot.io\/es\/aviso-legal\/#breadcrumb"},"inLanguage":"es","potentialAction":[{"@type":"ReadAction","target":["https:\/\/www.bee-pilot.io\/es\/aviso-legal\/"]}]},{"@type":"BreadcrumbList","@id":"https:\/\/www.bee-pilot.io\/es\/aviso-legal\/#breadcrumb","itemListElement":[{"@type":"ListItem","position":1,"name":"Startseite","item":"https:\/\/www.bee-pilot.io\/es\/"},{"@type":"ListItem","position":2,"name":"Aviso legal"}]},{"@type":"WebSite","@id":"https:\/\/www.bee-pilot.io\/es\/#website","url":"https:\/\/www.bee-pilot.io\/es\/","name":"bee-pilot.io","description":"Bee-Pilot: KI-gest\u00fctzte Software f\u00fcr Imker \u2013 Digitale Stockkarte, Wetter &amp; Checklisten","publisher":{"@id":"https:\/\/www.bee-pilot.io\/es\/#organization"},"potentialAction":[{"@type":"SearchAction","target":{"@type":"EntryPoint","urlTemplate":"https:\/\/www.bee-pilot.io\/es\/?s={search_term_string}"},"query-input":{"@type":"PropertyValueSpecification","valueRequired":true,"valueName":"search_term_string"}}],"inLanguage":"es"},{"@type":"Organization","@id":"https:\/\/www.bee-pilot.io\/es\/#organization","name":"bee-pilot.io UG (haftungsbeschr\u00e4nkt)","url":"https:\/\/www.bee-pilot.io\/es\/","logo":{"@type":"ImageObject","inLanguage":"es","@id":"https:\/\/www.bee-pilot.io\/es\/#\/schema\/logo\/image\/","url":"https:\/\/www.bee-pilot.io\/wp-content\/uploads\/2024\/10\/cropped-bee-pilot-logo.png","contentUrl":"https:\/\/www.bee-pilot.io\/wp-content\/uploads\/2024\/10\/cropped-bee-pilot-logo.png","width":291,"height":85,"caption":"bee-pilot.io UG (haftungsbeschr\u00e4nkt)"},"image":{"@id":"https:\/\/www.bee-pilot.io\/es\/#\/schema\/logo\/image\/"}}]}},"_links":{"self":[{"href":"https:\/\/www.bee-pilot.io\/es\/wp-json\/wp\/v2\/pages\/760","targetHints":{"allow":["GET"]}}],"collection":[{"href":"https:\/\/www.bee-pilot.io\/es\/wp-json\/wp\/v2\/pages"}],"about":[{"href":"https:\/\/www.bee-pilot.io\/es\/wp-json\/wp\/v2\/types\/page"}],"author":[{"embeddable":true,"href":"https:\/\/www.bee-pilot.io\/es\/wp-json\/wp\/v2\/users\/1"}],"replies":[{"embeddable":true,"href":"https:\/\/www.bee-pilot.io\/es\/wp-json\/wp\/v2\/comments?post=760"}],"version-history":[{"count":1,"href":"https:\/\/www.bee-pilot.io\/es\/wp-json\/wp\/v2\/pages\/760\/revisions"}],"predecessor-version":[{"id":762,"href":"https:\/\/www.bee-pilot.io\/es\/wp-json\/wp\/v2\/pages\/760\/revisions\/762"}],"wp:attachment":[{"href":"https:\/\/www.bee-pilot.io\/es\/wp-json\/wp\/v2\/media?parent=760"}],"curies":[{"name":"wp","href":"https:\/\/api.w.org\/{rel}","templated":true}]}}