{"id":795,"date":"2025-12-11T15:26:11","date_gmt":"2025-12-11T15:26:11","guid":{"rendered":"https:\/\/www.bee-pilot.io\/el-panel-de-control-inteligente-para-tu-apicultura\/"},"modified":"2025-12-27T08:21:40","modified_gmt":"2025-12-27T08:21:40","slug":"el-panel-de-control-inteligente-para-tu-apicultura","status":"publish","type":"page","link":"https:\/\/www.bee-pilot.io\/es\/el-panel-de-control-inteligente-para-tu-apicultura\/","title":{"rendered":"El panel de control inteligente para tu apicultura"},"content":{"rendered":"\n<p>Mant\u00e9n el control de todas tus colmenas, en cualquier momento, de forma autom\u00e1tica y sin papeleo.<\/p>\n\n<p><strong>Las fichas de colmena en papel cuestan tiempo, nervios y provocan caos.<\/strong><\/p>\n\n<p>Todo apicultor lo sabe:<\/p>\n\n<ul class=\"wp-block-list\">\n<li>Los papeles se pierden o se mojan<\/li>\n\n\n\n<li>La informaci\u00f3n est\u00e1 repartida en varias hojas<\/li>\n\n\n\n<li>No hay un historial claro por colmena<\/li>\n\n\n\n<li>Las actualizaciones deben hacerse en casa<\/li>\n\n\n\n<li>No hay una visi\u00f3n general del estado actual<\/li>\n<\/ul>\n\n<p><strong>El resultado:<\/strong> falta de visi\u00f3n general, errores en el cuidado y p\u00e9rdida de tiempo innecesaria.<\/p>\n\n<figure class=\"wp-block-image size-large\"><img loading=\"lazy\" decoding=\"async\" width=\"1024\" height=\"596\" src=\"https:\/\/www.bee-pilot.io\/wp-content\/uploads\/2025\/12\/Bildschirmfoto-2025-12-11-um-16.31.46-1024x596.png\" alt=\"Detalles de bee-pilot-io desde el panel de control\" class=\"wp-image-742\" srcset=\"https:\/\/www.bee-pilot.io\/wp-content\/uploads\/2025\/12\/Bildschirmfoto-2025-12-11-um-16.31.46-1024x596.png 1024w, https:\/\/www.bee-pilot.io\/wp-content\/uploads\/2025\/12\/Bildschirmfoto-2025-12-11-um-16.31.46-300x175.png 300w, https:\/\/www.bee-pilot.io\/wp-content\/uploads\/2025\/12\/Bildschirmfoto-2025-12-11-um-16.31.46-768x447.png 768w, https:\/\/www.bee-pilot.io\/wp-content\/uploads\/2025\/12\/Bildschirmfoto-2025-12-11-um-16.31.46-1536x894.png 1536w, https:\/\/www.bee-pilot.io\/wp-content\/uploads\/2025\/12\/Bildschirmfoto-2025-12-11-um-16.31.46.png 1606w\" sizes=\"auto, (max-width: 1024px) 100vw, 1024px\" \/><\/figure>\n\n<div class=\"wp-block-buttons is-content-justification-center is-layout-flex wp-container-core-buttons-is-layout-16018d1d wp-block-buttons-is-layout-flex\">\n<div class=\"wp-block-button\"><a class=\"wp-block-button__link has-luminous-vivid-amber-background-color has-background wp-element-button\" href=\"https:\/\/app.bee-pilot.io\/registration\">\u00a1Pru\u00e9balo gratis ahora!<\/a><\/div>\n<\/div>\n\n<h3 class=\"wp-block-heading\"><strong>Con bee-pilot.io lo tienes todo a la vista.<\/strong><\/h3>\n\n<p>bee-pilot.io sustituye toda tu gesti\u00f3n de papel, de forma clara y estructurada, y se puede utilizar directamente en el colmenar. \u00a1Pero tambi\u00e9n puedes acceder a todo desde casa en tu PC! <\/p>\n\n<h4 class=\"wp-block-heading\"><strong>Lo que obtienes con bee-pilot:<\/strong><\/h4>\n\n<ul class=\"wp-block-list\">\n<li><strong>Visi\u00f3n general de los datos de la colmena en un solo lugar<\/strong><\/li>\n\n\n\n<li><strong>Registra controles y medidas en segundos<\/strong><\/li>\n\n\n\n<li><strong>A\u00f1ade im\u00e1genes y notas c\u00f3modamente<\/strong><\/li>\n\n\n\n<li><strong>Estado de la reina y evoluci\u00f3n de la colmena siempre a la vista<\/strong><\/li>\n\n\n\n<li><strong>Historial completo de cada colmena, autom\u00e1ticamente<\/strong><\/li>\n\n\n\n<li><strong>Mejores decisiones gracias a datos y evaluaciones claros<\/strong>. Cu\u00e1l es una buena colmena, cu\u00e1l es una mala. <\/li>\n<\/ul>\n\n<h3 class=\"wp-block-heading\"><strong>As\u00ed funciona la ficha de colmena digital<\/strong><\/h3>\n\n<ul class=\"wp-block-list\">\n<li>Selecciona desde tu ubicaci\u00f3n la colmena que desees<\/li>\n<\/ul>\n\n<p>La aplicaci\u00f3n est\u00e1 desarrollada para que puedas manejarla directamente en el colmenar con una sola mano. Durante la inspecci\u00f3n, puedes introducir directamente tus resultados por voz. <\/p>\n\n<div class=\"wp-block-columns is-layout-flex wp-container-core-columns-is-layout-9d6595d7 wp-block-columns-is-layout-flex\">\n<div class=\"wp-block-column is-layout-flow wp-block-column-is-layout-flow\">\n<figure class=\"wp-block-image size-full\"><img loading=\"lazy\" decoding=\"async\" width=\"386\" height=\"846\" src=\"https:\/\/www.bee-pilot.io\/wp-content\/uploads\/2025\/12\/Bildschirmfoto-2025-12-11-um-16.35.14-1.png\" alt=\"bee-pilot.io - Realizaci&#xF3;n de una inspecci&#xF3;n\" class=\"wp-image-746\" srcset=\"https:\/\/www.bee-pilot.io\/wp-content\/uploads\/2025\/12\/Bildschirmfoto-2025-12-11-um-16.35.14-1.png 386w, https:\/\/www.bee-pilot.io\/wp-content\/uploads\/2025\/12\/Bildschirmfoto-2025-12-11-um-16.35.14-1-137x300.png 137w\" sizes=\"auto, (max-width: 386px) 100vw, 386px\" \/><\/figure>\n<\/div>\n\n\n\n<div class=\"wp-block-column is-layout-flow wp-block-column-is-layout-flow\">\n<figure class=\"wp-block-image size-full\"><img loading=\"lazy\" decoding=\"async\" width=\"387\" height=\"841\" src=\"https:\/\/www.bee-pilot.io\/wp-content\/uploads\/2025\/12\/Bildschirmfoto-2025-12-11-um-16.35.23-1.png\" alt=\"bee-pilot.io - Inspecci&#xF3;n con control por voz\" class=\"wp-image-747\" srcset=\"https:\/\/www.bee-pilot.io\/wp-content\/uploads\/2025\/12\/Bildschirmfoto-2025-12-11-um-16.35.23-1.png 387w, https:\/\/www.bee-pilot.io\/wp-content\/uploads\/2025\/12\/Bildschirmfoto-2025-12-11-um-16.35.23-1-138x300.png 138w\" sizes=\"auto, (max-width: 387px) 100vw, 387px\" \/><\/figure>\n<\/div>\n<\/div>\n\n<div class=\"wp-block-buttons is-content-justification-center is-layout-flex wp-container-core-buttons-is-layout-16018d1d wp-block-buttons-is-layout-flex\">\n<div class=\"wp-block-button\"><a class=\"wp-block-button__link has-luminous-vivid-amber-background-color has-background wp-element-button\" href=\"https:\/\/app.bee-pilot.io\/registration\">\u00a1Pru\u00e9balo gratis ahora!<\/a><\/div>\n<\/div>\n\n<p>\u00a0<\/p>\n\n<h3 class=\"wp-block-heading\"><strong>No se necesita App Store, funciona de inmediato<\/strong><\/h3>\n\n<h4 class=\"wp-block-heading\"><strong>bee-pilot.io es una moderna Web-App (PWA); no es necesario instalarla desde las tiendas de aplicaciones.<\/strong><\/h4>\n\n<p>Muchos usuarios buscan primero en la App Store y no encuentran nada.<br\/>En esta Landing Page lo explicamos claramente:<\/p>\n\n<h5 class=\"wp-block-heading\"><strong>As\u00ed se usa Bee-Pilot:<\/strong><\/h5>\n\n<ul class=\"wp-block-list\">\n<li>Abre la aplicaci\u00f3n <strong>directamente en el navegador<\/strong><\/li>\n\n\n\n<li>Opcionalmente, guarda el icono de la aplicaci\u00f3n en la pantalla de inicio<\/li>\n\n\n\n<li>Funciona en smartphone, tablet y PC<\/li>\n<\/ul>\n\n<h5 class=\"wp-block-heading\"><strong>\u00bfPor qu\u00e9 no en las tiendas de aplicaciones?<\/strong><\/h5>\n\n<ul class=\"wp-block-list\">\n<li>Desarrollo m\u00e1s r\u00e1pido<\/li>\n\n\n\n<li>Actualizaciones inmediatas para todos los usuarios<\/li>\n\n\n\n<li>Sin procesos de aprobaci\u00f3n de Apple\/Google<\/li>\n\n\n\n<li>La aplicaci\u00f3n se mantiene m\u00ednima, r\u00e1pida y flexible<\/li>\n<\/ul>\n\n<p><strong>Para ti esto significa:<\/strong> Puedes usar bee-pilot.io inmediatamente, sin instalaci\u00f3n.<\/p>\n<div class=\"wp-block-image wp-block-image aligncenter size-full is-resized\">\n<figure ><img loading=\"lazy\" decoding=\"async\" width=\"389\" height=\"844\" src=\"https:\/\/www.bee-pilot.io\/wp-content\/uploads\/2025\/12\/Bildschirmfoto-2025-12-11-um-16.33.04.png\" alt=\"bee-pilot.io Lista de todas las ubicaciones en modo m&#xF3;vil\" class=\"wp-image-743\" srcset=\"https:\/\/www.bee-pilot.io\/wp-content\/uploads\/2025\/12\/Bildschirmfoto-2025-12-11-um-16.33.04.png 389w, https:\/\/www.bee-pilot.io\/wp-content\/uploads\/2025\/12\/Bildschirmfoto-2025-12-11-um-16.33.04-138x300.png 138w\" sizes=\"auto, (max-width: 389px) 100vw, 389px\" \/><\/figure>\n<\/div>\n<h3 class=\"wp-block-heading\"><strong>Acceso directo mediante c\u00f3digo QR<\/strong><\/h3>\n\n<p class=\"wp-block-heading\">Empieza a usar bee-pilot.io directamente en tu m\u00f3vil y escanea este c\u00f3digo QR:<\/p>\n<div class=\"wp-block-image wp-block-image aligncenter size-large is-resized\">\n<figure ><img loading=\"lazy\" decoding=\"async\" width=\"1024\" height=\"1024\" src=\"https:\/\/www.bee-pilot.io\/wp-content\/uploads\/2025\/12\/qr-code-1024x1024.png\" alt=\"\" class=\"wp-image-738\" style=\"width:258px;height:auto\" srcset=\"https:\/\/www.bee-pilot.io\/wp-content\/uploads\/2025\/12\/qr-code-1024x1024.png 1024w, https:\/\/www.bee-pilot.io\/wp-content\/uploads\/2025\/12\/qr-code-300x300.png 300w, https:\/\/www.bee-pilot.io\/wp-content\/uploads\/2025\/12\/qr-code-150x150.png 150w, https:\/\/www.bee-pilot.io\/wp-content\/uploads\/2025\/12\/qr-code-768x768.png 768w, https:\/\/www.bee-pilot.io\/wp-content\/uploads\/2025\/12\/qr-code.png 1155w\" sizes=\"auto, (max-width: 1024px) 100vw, 1024px\" \/><\/figure>\n<\/div>\n<p>Alternativamente, cambia directamente aqu\u00ed al formulario de registro:<\/p>\n\n<div class=\"wp-block-buttons is-content-justification-center is-layout-flex wp-container-core-buttons-is-layout-16018d1d wp-block-buttons-is-layout-flex\">\n<div class=\"wp-block-button\"><a class=\"wp-block-button__link has-luminous-vivid-amber-background-color has-background wp-element-button\" href=\"https:\/\/app.bee-pilot.io\/registration\">\u00a1Pru\u00e9balo gratis ahora!<\/a><\/div>\n<\/div>\n\n<h3 class=\"wp-block-heading\">\u00bfCu\u00e1nto cuesta bee-pilot.io?<\/h3>\n\n<p>En Bee-Pilot no pagas por funciones que no necesitas, sino por un beneficio real en tu apicultura.<br\/>Como soluci\u00f3n de apicultores para apicultores, ofrecemos un precio justo, transparente, comprensible y con un valor a\u00f1adido notable.<\/p>\n\n<div class=\"wp-block-buttons is-content-justification-center is-layout-flex wp-container-core-buttons-is-layout-16018d1d wp-block-buttons-is-layout-flex\">\n<div class=\"wp-block-button\"><a class=\"wp-block-button__link has-luminous-vivid-amber-background-color has-background wp-element-button\" href=\"https:\/\/bee-pilot.io#preise\">Mostrar precios<\/a><\/div>\n<\/div>\n\n<p>\u00a0<\/p>\n","protected":false},"excerpt":{"rendered":"<p>Mant\u00e9n el control de todas tus colmenas, en cualquier momento, de forma autom\u00e1tica y sin papeleo. Las fichas de colmena en papel cuestan tiempo, nervios y provocan caos. Todo apicultor lo sabe: El resultado: falta de visi\u00f3n general, errores en el cuidado y p\u00e9rdida de tiempo innecesaria. Con bee-pilot.io lo tienes todo a la vista. [&hellip;]<\/p>\n","protected":false},"author":1,"featured_media":0,"parent":0,"menu_order":0,"comment_status":"closed","ping_status":"closed","template":"","meta":{"footnotes":""},"class_list":["post-795","page","type-page","status-publish","hentry"],"yoast_head":"<!-- This site is optimized with the Yoast SEO Premium plugin v26.6 (Yoast SEO v26.6) - https:\/\/yoast.com\/wordpress\/plugins\/seo\/ -->\n<title>El panel de control inteligente de la apicultura del futuro - bee-pilot.io<\/title>\n<meta name=\"description\" content=\"Gestiona tu apicultura digitalmente, sin papel ni caos. Utiliza la herramienta para la apicultura moderna. Prueba gratuita durante 30 d\u00edas.\" \/>\n<meta name=\"robots\" content=\"index, follow, max-snippet:-1, max-image-preview:large, max-video-preview:-1\" \/>\n<link rel=\"canonical\" href=\"https:\/\/www.bee-pilot.io\/es\/el-panel-de-control-inteligente-para-tu-apicultura\/\" \/>\n<meta property=\"og:locale\" content=\"es_ES\" \/>\n<meta property=\"og:type\" content=\"article\" \/>\n<meta property=\"og:title\" content=\"El panel de control inteligente para tu apicultura\" \/>\n<meta property=\"og:description\" content=\"Gestiona tu apicultura digitalmente, sin papel ni caos. Utiliza la herramienta para la apicultura moderna. Prueba gratuita durante 30 d\u00edas.\" \/>\n<meta property=\"og:url\" content=\"https:\/\/www.bee-pilot.io\/es\/el-panel-de-control-inteligente-para-tu-apicultura\/\" \/>\n<meta property=\"og:site_name\" content=\"bee-pilot.io\" \/>\n<meta property=\"article:modified_time\" content=\"2025-12-27T08:21:40+00:00\" \/>\n<meta property=\"og:image\" content=\"https:\/\/www.bee-pilot.io\/wp-content\/uploads\/2025\/12\/Bildschirmfoto-2025-12-11-um-16.31.46.png\" \/>\n\t<meta property=\"og:image:width\" content=\"1606\" \/>\n\t<meta property=\"og:image:height\" content=\"935\" \/>\n\t<meta property=\"og:image:type\" content=\"image\/png\" \/>\n<meta name=\"twitter:card\" content=\"summary_large_image\" \/>\n<meta name=\"twitter:label1\" content=\"Tiempo de lectura\" \/>\n\t<meta name=\"twitter:data1\" content=\"2 minutos\" \/>\n<script type=\"application\/ld+json\" class=\"yoast-schema-graph\">{\"@context\":\"https:\/\/schema.org\",\"@graph\":[{\"@type\":\"WebPage\",\"@id\":\"https:\/\/www.bee-pilot.io\/es\/el-panel-de-control-inteligente-para-tu-apicultura\/\",\"url\":\"https:\/\/www.bee-pilot.io\/es\/el-panel-de-control-inteligente-para-tu-apicultura\/\",\"name\":\"El panel de control inteligente de la apicultura del futuro - bee-pilot.io\",\"isPartOf\":{\"@id\":\"https:\/\/www.bee-pilot.io\/es\/#website\"},\"primaryImageOfPage\":{\"@id\":\"https:\/\/www.bee-pilot.io\/es\/el-panel-de-control-inteligente-para-tu-apicultura\/#primaryimage\"},\"image\":{\"@id\":\"https:\/\/www.bee-pilot.io\/es\/el-panel-de-control-inteligente-para-tu-apicultura\/#primaryimage\"},\"thumbnailUrl\":\"https:\/\/www.bee-pilot.io\/wp-content\/uploads\/2025\/12\/Bildschirmfoto-2025-12-11-um-16.31.46-1024x596.png\",\"datePublished\":\"2025-12-11T15:26:11+00:00\",\"dateModified\":\"2025-12-27T08:21:40+00:00\",\"description\":\"Gestiona tu apicultura digitalmente, sin papel ni caos. Utiliza la herramienta para la apicultura moderna. Prueba gratuita durante 30 d\u00edas.\",\"breadcrumb\":{\"@id\":\"https:\/\/www.bee-pilot.io\/es\/el-panel-de-control-inteligente-para-tu-apicultura\/#breadcrumb\"},\"inLanguage\":\"es\",\"potentialAction\":[{\"@type\":\"ReadAction\",\"target\":[\"https:\/\/www.bee-pilot.io\/es\/el-panel-de-control-inteligente-para-tu-apicultura\/\"]}]},{\"@type\":\"ImageObject\",\"inLanguage\":\"es\",\"@id\":\"https:\/\/www.bee-pilot.io\/es\/el-panel-de-control-inteligente-para-tu-apicultura\/#primaryimage\",\"url\":\"https:\/\/www.bee-pilot.io\/wp-content\/uploads\/2025\/12\/Bildschirmfoto-2025-12-11-um-16.31.46-1024x596.png\",\"contentUrl\":\"https:\/\/www.bee-pilot.io\/wp-content\/uploads\/2025\/12\/Bildschirmfoto-2025-12-11-um-16.31.46-1024x596.png\"},{\"@type\":\"BreadcrumbList\",\"@id\":\"https:\/\/www.bee-pilot.io\/es\/el-panel-de-control-inteligente-para-tu-apicultura\/#breadcrumb\",\"itemListElement\":[{\"@type\":\"ListItem\",\"position\":1,\"name\":\"Startseite\",\"item\":\"https:\/\/www.bee-pilot.io\/es\/\"},{\"@type\":\"ListItem\",\"position\":2,\"name\":\"El panel de control inteligente para tu apicultura\"}]},{\"@type\":\"WebSite\",\"@id\":\"https:\/\/www.bee-pilot.io\/es\/#website\",\"url\":\"https:\/\/www.bee-pilot.io\/es\/\",\"name\":\"bee-pilot.io\",\"description\":\"Bee-Pilot: KI-gest\u00fctzte Software f\u00fcr Imker \u2013 Digitale Stockkarte, Wetter &amp; Checklisten\",\"publisher\":{\"@id\":\"https:\/\/www.bee-pilot.io\/es\/#organization\"},\"potentialAction\":[{\"@type\":\"SearchAction\",\"target\":{\"@type\":\"EntryPoint\",\"urlTemplate\":\"https:\/\/www.bee-pilot.io\/es\/?s={search_term_string}\"},\"query-input\":{\"@type\":\"PropertyValueSpecification\",\"valueRequired\":true,\"valueName\":\"search_term_string\"}}],\"inLanguage\":\"es\"},{\"@type\":\"Organization\",\"@id\":\"https:\/\/www.bee-pilot.io\/es\/#organization\",\"name\":\"bee-pilot.io UG (haftungsbeschr\u00e4nkt)\",\"url\":\"https:\/\/www.bee-pilot.io\/es\/\",\"logo\":{\"@type\":\"ImageObject\",\"inLanguage\":\"es\",\"@id\":\"https:\/\/www.bee-pilot.io\/es\/#\/schema\/logo\/image\/\",\"url\":\"https:\/\/www.bee-pilot.io\/wp-content\/uploads\/2024\/10\/cropped-bee-pilot-logo.png\",\"contentUrl\":\"https:\/\/www.bee-pilot.io\/wp-content\/uploads\/2024\/10\/cropped-bee-pilot-logo.png\",\"width\":291,\"height\":85,\"caption\":\"bee-pilot.io UG (haftungsbeschr\u00e4nkt)\"},\"image\":{\"@id\":\"https:\/\/www.bee-pilot.io\/es\/#\/schema\/logo\/image\/\"}}]}<\/script>\n<!-- \/ Yoast SEO Premium plugin. -->","yoast_head_json":{"title":"El panel de control inteligente de la apicultura del futuro - bee-pilot.io","description":"Gestiona tu apicultura digitalmente, sin papel ni caos. Utiliza la herramienta para la apicultura moderna. Prueba gratuita durante 30 d\u00edas.","robots":{"index":"index","follow":"follow","max-snippet":"max-snippet:-1","max-image-preview":"max-image-preview:large","max-video-preview":"max-video-preview:-1"},"canonical":"https:\/\/www.bee-pilot.io\/es\/el-panel-de-control-inteligente-para-tu-apicultura\/","og_locale":"es_ES","og_type":"article","og_title":"El panel de control inteligente para tu apicultura","og_description":"Gestiona tu apicultura digitalmente, sin papel ni caos. Utiliza la herramienta para la apicultura moderna. Prueba gratuita durante 30 d\u00edas.","og_url":"https:\/\/www.bee-pilot.io\/es\/el-panel-de-control-inteligente-para-tu-apicultura\/","og_site_name":"bee-pilot.io","article_modified_time":"2025-12-27T08:21:40+00:00","og_image":[{"width":1606,"height":935,"url":"https:\/\/www.bee-pilot.io\/wp-content\/uploads\/2025\/12\/Bildschirmfoto-2025-12-11-um-16.31.46.png","type":"image\/png"}],"twitter_card":"summary_large_image","twitter_misc":{"Tiempo de lectura":"2 minutos"},"schema":{"@context":"https:\/\/schema.org","@graph":[{"@type":"WebPage","@id":"https:\/\/www.bee-pilot.io\/es\/el-panel-de-control-inteligente-para-tu-apicultura\/","url":"https:\/\/www.bee-pilot.io\/es\/el-panel-de-control-inteligente-para-tu-apicultura\/","name":"El panel de control inteligente de la apicultura del futuro - bee-pilot.io","isPartOf":{"@id":"https:\/\/www.bee-pilot.io\/es\/#website"},"primaryImageOfPage":{"@id":"https:\/\/www.bee-pilot.io\/es\/el-panel-de-control-inteligente-para-tu-apicultura\/#primaryimage"},"image":{"@id":"https:\/\/www.bee-pilot.io\/es\/el-panel-de-control-inteligente-para-tu-apicultura\/#primaryimage"},"thumbnailUrl":"https:\/\/www.bee-pilot.io\/wp-content\/uploads\/2025\/12\/Bildschirmfoto-2025-12-11-um-16.31.46-1024x596.png","datePublished":"2025-12-11T15:26:11+00:00","dateModified":"2025-12-27T08:21:40+00:00","description":"Gestiona tu apicultura digitalmente, sin papel ni caos. Utiliza la herramienta para la apicultura moderna. Prueba gratuita durante 30 d\u00edas.","breadcrumb":{"@id":"https:\/\/www.bee-pilot.io\/es\/el-panel-de-control-inteligente-para-tu-apicultura\/#breadcrumb"},"inLanguage":"es","potentialAction":[{"@type":"ReadAction","target":["https:\/\/www.bee-pilot.io\/es\/el-panel-de-control-inteligente-para-tu-apicultura\/"]}]},{"@type":"ImageObject","inLanguage":"es","@id":"https:\/\/www.bee-pilot.io\/es\/el-panel-de-control-inteligente-para-tu-apicultura\/#primaryimage","url":"https:\/\/www.bee-pilot.io\/wp-content\/uploads\/2025\/12\/Bildschirmfoto-2025-12-11-um-16.31.46-1024x596.png","contentUrl":"https:\/\/www.bee-pilot.io\/wp-content\/uploads\/2025\/12\/Bildschirmfoto-2025-12-11-um-16.31.46-1024x596.png"},{"@type":"BreadcrumbList","@id":"https:\/\/www.bee-pilot.io\/es\/el-panel-de-control-inteligente-para-tu-apicultura\/#breadcrumb","itemListElement":[{"@type":"ListItem","position":1,"name":"Startseite","item":"https:\/\/www.bee-pilot.io\/es\/"},{"@type":"ListItem","position":2,"name":"El panel de control inteligente para tu apicultura"}]},{"@type":"WebSite","@id":"https:\/\/www.bee-pilot.io\/es\/#website","url":"https:\/\/www.bee-pilot.io\/es\/","name":"bee-pilot.io","description":"Bee-Pilot: KI-gest\u00fctzte Software f\u00fcr Imker \u2013 Digitale Stockkarte, Wetter &amp; Checklisten","publisher":{"@id":"https:\/\/www.bee-pilot.io\/es\/#organization"},"potentialAction":[{"@type":"SearchAction","target":{"@type":"EntryPoint","urlTemplate":"https:\/\/www.bee-pilot.io\/es\/?s={search_term_string}"},"query-input":{"@type":"PropertyValueSpecification","valueRequired":true,"valueName":"search_term_string"}}],"inLanguage":"es"},{"@type":"Organization","@id":"https:\/\/www.bee-pilot.io\/es\/#organization","name":"bee-pilot.io UG (haftungsbeschr\u00e4nkt)","url":"https:\/\/www.bee-pilot.io\/es\/","logo":{"@type":"ImageObject","inLanguage":"es","@id":"https:\/\/www.bee-pilot.io\/es\/#\/schema\/logo\/image\/","url":"https:\/\/www.bee-pilot.io\/wp-content\/uploads\/2024\/10\/cropped-bee-pilot-logo.png","contentUrl":"https:\/\/www.bee-pilot.io\/wp-content\/uploads\/2024\/10\/cropped-bee-pilot-logo.png","width":291,"height":85,"caption":"bee-pilot.io UG (haftungsbeschr\u00e4nkt)"},"image":{"@id":"https:\/\/www.bee-pilot.io\/es\/#\/schema\/logo\/image\/"}}]}},"_links":{"self":[{"href":"https:\/\/www.bee-pilot.io\/es\/wp-json\/wp\/v2\/pages\/795","targetHints":{"allow":["GET"]}}],"collection":[{"href":"https:\/\/www.bee-pilot.io\/es\/wp-json\/wp\/v2\/pages"}],"about":[{"href":"https:\/\/www.bee-pilot.io\/es\/wp-json\/wp\/v2\/types\/page"}],"author":[{"embeddable":true,"href":"https:\/\/www.bee-pilot.io\/es\/wp-json\/wp\/v2\/users\/1"}],"replies":[{"embeddable":true,"href":"https:\/\/www.bee-pilot.io\/es\/wp-json\/wp\/v2\/comments?post=795"}],"version-history":[{"count":4,"href":"https:\/\/www.bee-pilot.io\/es\/wp-json\/wp\/v2\/pages\/795\/revisions"}],"predecessor-version":[{"id":1107,"href":"https:\/\/www.bee-pilot.io\/es\/wp-json\/wp\/v2\/pages\/795\/revisions\/1107"}],"wp:attachment":[{"href":"https:\/\/www.bee-pilot.io\/es\/wp-json\/wp\/v2\/media?parent=795"}],"curies":[{"name":"wp","href":"https:\/\/api.w.org\/{rel}","templated":true}]}}