{"id":861,"date":"2025-02-13T05:29:45","date_gmt":"2025-02-13T05:29:45","guid":{"rendered":"https:\/\/www.bee-pilot.io\/vision\/"},"modified":"2025-12-26T21:48:47","modified_gmt":"2025-12-26T21:48:47","slug":"vision","status":"publish","type":"page","link":"https:\/\/www.bee-pilot.io\/es\/vision\/","title":{"rendered":"Visi\u00f3n"},"content":{"rendered":"\n<div class=\"wp-block-media-text is-stacked-on-mobile\"><figure class=\"wp-block-media-text__media\"><img loading=\"lazy\" decoding=\"async\" width=\"768\" height=\"1024\" src=\"https:\/\/www.bee-pilot.io\/wp-content\/uploads\/2025\/02\/041bf8c9-79a0-4a7b-9319-03f374089f89-1-768x1024.jpg\" alt=\"\" class=\"wp-image-392 size-full\" srcset=\"https:\/\/www.bee-pilot.io\/wp-content\/uploads\/2025\/02\/041bf8c9-79a0-4a7b-9319-03f374089f89-1-768x1024.jpg 768w, https:\/\/www.bee-pilot.io\/wp-content\/uploads\/2025\/02\/041bf8c9-79a0-4a7b-9319-03f374089f89-1-225x300.jpg 225w, https:\/\/www.bee-pilot.io\/wp-content\/uploads\/2025\/02\/041bf8c9-79a0-4a7b-9319-03f374089f89-1-1152x1536.jpg 1152w, https:\/\/www.bee-pilot.io\/wp-content\/uploads\/2025\/02\/041bf8c9-79a0-4a7b-9319-03f374089f89-1.jpg 1368w\" sizes=\"auto, (max-width: 768px) 100vw, 768px\" \/><\/figure><div class=\"wp-block-media-text__content\">\n<h2 class=\"wp-block-heading\"><strong>Nuestra visi\u00f3n: el futuro de la apicultura digital con bee-pilot<\/strong><\/h2>\n\n\n\n<h6 class=\"wp-block-heading\">La apicultura es una de las tradiciones m\u00e1s antiguas y valiosas de la humanidad. Sin embargo, en un mundo cada vez m\u00e1s complejo, se necesitan soluciones innovadoras para gestionar las colonias de abejas de forma sostenible y eficiente. Nuestra visi\u00f3n con <strong>bee-pilot.io<\/strong> es proporcionar a los apicultores una plataforma digital inteligente que facilite su d\u00eda a d\u00eda y, al mismo tiempo, agudice su visi\u00f3n de lo esencial: colonias de abejas sanas y fuertes.  <\/h6>\n\n\n\n<div class=\"wp-block-buttons is-content-justification-center is-layout-flex wp-container-core-buttons-is-layout-16018d1d wp-block-buttons-is-layout-flex\">\n<div class=\"wp-block-button\"><a class=\"wp-block-button__link has-luminous-vivid-amber-background-color has-background wp-element-button\" href=\"https:\/\/app.bee-pilot.io\/registration\">\u00a1Pru\u00e9balo ahora!<\/a><\/div>\n<\/div>\n<\/div><\/div>\n\n<p>Imagen: Martin en la apicultura<\/p>\n\n<h3 class=\"wp-block-heading\"><strong>Nuestro objetivo: <\/strong><\/h3>\n\n<p>Nuestra app tiene un objetivo claro: hacer que la documentaci\u00f3n en la apicultura sea lo m\u00e1s sencilla y r\u00e1pida posible, sin renunciar a contenidos importantes.<\/p>\n\n<p>Muchos apicultores conocen el problema: est\u00e1s en el colmenar, solo quieres apuntar r\u00e1pidamente un par de datos, y te pierdes en complicadas m\u00e1scaras de entrada. Precisamente eso es lo que queremos cambiar. Nuestra soluci\u00f3n: una interfaz de usuario intuitiva que se adapta a los procesos en la pr\u00e1ctica.  <\/p>\n\n<p>Con funciones como el <strong>bot\u00f3n &#8220;Todo OK&#8221;<\/strong>, los controles rutinarios se registran en un abrir y cerrar de ojos. Todos los valores se establecen en est\u00e1ndar o promedio, y solo se marca lo que destaca. As\u00ed te concentras en lo esencial, sin perder tiempo tecleando innecesariamente.  <\/p>\n\n<p>Y esto es solo el principio: hemos incorporado muchas m\u00e1s funciones inteligentes que te facilitan el trabajo diario con la colonia de abejas, desde sugerencias inteligentes hasta la entrada por voz. Todo ello con el objetivo de que la ficha digital de la colmena sea lo m\u00e1s pr\u00e1ctica posible. <\/p>\n\n<p>En resumen: queremos que pases menos tiempo con la documentaci\u00f3n y m\u00e1s tiempo con tus abejas.<\/p>\n\n<div class=\"wp-block-columns is-layout-flex wp-container-core-columns-is-layout-9d6595d7 wp-block-columns-is-layout-flex\">\n<div class=\"wp-block-column is-layout-flow wp-block-column-is-layout-flow\">\n<h3 class=\"wp-block-heading\"><strong>Dise\u00f1emos juntos el futuro<\/strong><\/h3>\n\n\n\n<p>bee-pilot.io no es solo una app, es un proyecto comunitario de apicultores para apicultores. Creemos que las mejores soluciones surgen de la pr\u00e1ctica. Por eso, <strong>los comentarios, las ideas y los deseos de nuestros usuarios son especialmente importantes<\/strong> para nosotros.  <\/p>\n<\/div>\n\n\n\n<div class=\"wp-block-column is-layout-flow wp-block-column-is-layout-flow\">\n<figure class=\"wp-block-embed is-type-video is-provider-youtube wp-block-embed-youtube wp-embed-aspect-16-9 wp-has-aspect-ratio\"><div class=\"wp-block-embed__wrapper\">\n<iframe loading=\"lazy\" title=\"Die Idee von bee-pilot.io\" width=\"800\" height=\"450\" src=\"https:\/\/www.youtube.com\/embed\/s_EkgytxZiY?feature=oembed\" frameborder=\"0\" allow=\"accelerometer; autoplay; clipboard-write; encrypted-media; gyroscope; picture-in-picture; web-share\" referrerpolicy=\"strict-origin-when-cross-origin\" allowfullscreen><\/iframe>\n<\/div><\/figure>\n<\/div>\n<\/div>\n\n<p>Nuestro viaje acaba de empezar: todav\u00eda tenemos muchas visiones y funciones en proyecto, desde evaluaciones ampliadas hasta nuevas opciones de entrada, pasando por la asistencia inteligente en decisiones importantes en el a\u00f1o ap\u00edcola.<\/p>\n\n<p>Con vuestro apoyo, queremos seguir desarrollando bee-pilot constantemente y adapt\u00e1ndolo a las necesidades reales del mundo de la apicultura. <strong>\u00bfTienes una idea? \u00bfAlgo no funciona del todo bien? \u00bfO echas de menos alguna funci\u00f3n en particular?  <\/strong>  \u00a1Entonces no dudes en ponerte en contacto con nosotros!<\/p>\n\n<p>Porque solo juntos podemos dise\u00f1ar la apicultura digital de forma realmente \u00fatil: pr\u00e1ctica, sostenible y orientada al futuro.<\/p>\n\n<p><\/p>\n\n<p><\/p>\n","protected":false},"excerpt":{"rendered":"<p>Imagen: Martin en la apicultura Nuestro objetivo: Nuestra app tiene un objetivo claro: hacer que la documentaci\u00f3n en la apicultura sea lo m\u00e1s sencilla y r\u00e1pida posible, sin renunciar a contenidos importantes. Muchos apicultores conocen el problema: est\u00e1s en el colmenar, solo quieres apuntar r\u00e1pidamente un par de datos, y te pierdes en complicadas m\u00e1scaras [&hellip;]<\/p>\n","protected":false},"author":1,"featured_media":0,"parent":0,"menu_order":0,"comment_status":"closed","ping_status":"closed","template":"","meta":{"footnotes":""},"class_list":["post-861","page","type-page","status-publish","hentry"],"yoast_head":"<!-- This site is optimized with the Yoast SEO Premium plugin v26.6 (Yoast SEO v26.6) - https:\/\/yoast.com\/wordpress\/plugins\/seo\/ -->\n<title>Visi\u00f3n - bee-pilot.io<\/title>\n<meta name=\"description\" content=\"Descubre la visi\u00f3n de bee-pilot.io: una soluci\u00f3n digital en la nube que conecta la apicultura tradicional de forma inteligente, eficiente y orientada al futuro, desarrollada por apicultores para apicultores.\" \/>\n<meta name=\"robots\" content=\"index, follow, max-snippet:-1, max-image-preview:large, max-video-preview:-1\" \/>\n<link rel=\"canonical\" href=\"https:\/\/www.bee-pilot.io\/es\/vision\/\" \/>\n<meta property=\"og:locale\" content=\"es_ES\" \/>\n<meta property=\"og:type\" content=\"article\" \/>\n<meta property=\"og:title\" content=\"Visi\u00f3n\" \/>\n<meta property=\"og:description\" content=\"Descubre la visi\u00f3n de bee-pilot.io: una soluci\u00f3n digital en la nube que conecta la apicultura tradicional de forma inteligente, eficiente y orientada al futuro, desarrollada por apicultores para apicultores.\" \/>\n<meta property=\"og:url\" content=\"https:\/\/www.bee-pilot.io\/es\/vision\/\" \/>\n<meta property=\"og:site_name\" content=\"bee-pilot.io\" \/>\n<meta property=\"article:modified_time\" content=\"2025-12-26T21:48:47+00:00\" \/>\n<meta property=\"og:image\" content=\"https:\/\/www.bee-pilot.io\/wp-content\/uploads\/2025\/02\/041bf8c9-79a0-4a7b-9319-03f374089f89-1.jpg\" \/>\n\t<meta property=\"og:image:width\" content=\"1368\" \/>\n\t<meta property=\"og:image:height\" content=\"1824\" \/>\n\t<meta property=\"og:image:type\" content=\"image\/jpeg\" \/>\n<meta name=\"twitter:card\" content=\"summary_large_image\" \/>\n<meta name=\"twitter:label1\" content=\"Tiempo de lectura\" \/>\n\t<meta name=\"twitter:data1\" content=\"3 minutos\" \/>\n<script type=\"application\/ld+json\" class=\"yoast-schema-graph\">{\"@context\":\"https:\/\/schema.org\",\"@graph\":[{\"@type\":\"WebPage\",\"@id\":\"https:\/\/www.bee-pilot.io\/es\/vision\/\",\"url\":\"https:\/\/www.bee-pilot.io\/es\/vision\/\",\"name\":\"Visi\u00f3n - bee-pilot.io\",\"isPartOf\":{\"@id\":\"https:\/\/www.bee-pilot.io\/es\/#website\"},\"primaryImageOfPage\":{\"@id\":\"https:\/\/www.bee-pilot.io\/es\/vision\/#primaryimage\"},\"image\":{\"@id\":\"https:\/\/www.bee-pilot.io\/es\/vision\/#primaryimage\"},\"thumbnailUrl\":\"https:\/\/www.bee-pilot.io\/wp-content\/uploads\/2025\/02\/041bf8c9-79a0-4a7b-9319-03f374089f89-1-768x1024.jpg\",\"datePublished\":\"2025-02-13T05:29:45+00:00\",\"dateModified\":\"2025-12-26T21:48:47+00:00\",\"description\":\"Descubre la visi\u00f3n de bee-pilot.io: una soluci\u00f3n digital en la nube que conecta la apicultura tradicional de forma inteligente, eficiente y orientada al futuro, desarrollada por apicultores para apicultores.\",\"breadcrumb\":{\"@id\":\"https:\/\/www.bee-pilot.io\/es\/vision\/#breadcrumb\"},\"inLanguage\":\"es\",\"potentialAction\":[{\"@type\":\"ReadAction\",\"target\":[\"https:\/\/www.bee-pilot.io\/es\/vision\/\"]}]},{\"@type\":\"ImageObject\",\"inLanguage\":\"es\",\"@id\":\"https:\/\/www.bee-pilot.io\/es\/vision\/#primaryimage\",\"url\":\"https:\/\/www.bee-pilot.io\/wp-content\/uploads\/2025\/02\/041bf8c9-79a0-4a7b-9319-03f374089f89-1-768x1024.jpg\",\"contentUrl\":\"https:\/\/www.bee-pilot.io\/wp-content\/uploads\/2025\/02\/041bf8c9-79a0-4a7b-9319-03f374089f89-1-768x1024.jpg\"},{\"@type\":\"BreadcrumbList\",\"@id\":\"https:\/\/www.bee-pilot.io\/es\/vision\/#breadcrumb\",\"itemListElement\":[{\"@type\":\"ListItem\",\"position\":1,\"name\":\"Startseite\",\"item\":\"https:\/\/www.bee-pilot.io\/es\/\"},{\"@type\":\"ListItem\",\"position\":2,\"name\":\"Visi\u00f3n\"}]},{\"@type\":\"WebSite\",\"@id\":\"https:\/\/www.bee-pilot.io\/es\/#website\",\"url\":\"https:\/\/www.bee-pilot.io\/es\/\",\"name\":\"bee-pilot.io\",\"description\":\"Bee-Pilot: KI-gest\u00fctzte Software f\u00fcr Imker \u2013 Digitale Stockkarte, Wetter &amp; Checklisten\",\"publisher\":{\"@id\":\"https:\/\/www.bee-pilot.io\/es\/#organization\"},\"potentialAction\":[{\"@type\":\"SearchAction\",\"target\":{\"@type\":\"EntryPoint\",\"urlTemplate\":\"https:\/\/www.bee-pilot.io\/es\/?s={search_term_string}\"},\"query-input\":{\"@type\":\"PropertyValueSpecification\",\"valueRequired\":true,\"valueName\":\"search_term_string\"}}],\"inLanguage\":\"es\"},{\"@type\":\"Organization\",\"@id\":\"https:\/\/www.bee-pilot.io\/es\/#organization\",\"name\":\"bee-pilot.io UG (haftungsbeschr\u00e4nkt)\",\"url\":\"https:\/\/www.bee-pilot.io\/es\/\",\"logo\":{\"@type\":\"ImageObject\",\"inLanguage\":\"es\",\"@id\":\"https:\/\/www.bee-pilot.io\/es\/#\/schema\/logo\/image\/\",\"url\":\"https:\/\/www.bee-pilot.io\/wp-content\/uploads\/2024\/10\/cropped-bee-pilot-logo.png\",\"contentUrl\":\"https:\/\/www.bee-pilot.io\/wp-content\/uploads\/2024\/10\/cropped-bee-pilot-logo.png\",\"width\":291,\"height\":85,\"caption\":\"bee-pilot.io UG (haftungsbeschr\u00e4nkt)\"},\"image\":{\"@id\":\"https:\/\/www.bee-pilot.io\/es\/#\/schema\/logo\/image\/\"}}]}<\/script>\n<!-- \/ Yoast SEO Premium plugin. -->","yoast_head_json":{"title":"Visi\u00f3n - bee-pilot.io","description":"Descubre la visi\u00f3n de bee-pilot.io: una soluci\u00f3n digital en la nube que conecta la apicultura tradicional de forma inteligente, eficiente y orientada al futuro, desarrollada por apicultores para apicultores.","robots":{"index":"index","follow":"follow","max-snippet":"max-snippet:-1","max-image-preview":"max-image-preview:large","max-video-preview":"max-video-preview:-1"},"canonical":"https:\/\/www.bee-pilot.io\/es\/vision\/","og_locale":"es_ES","og_type":"article","og_title":"Visi\u00f3n","og_description":"Descubre la visi\u00f3n de bee-pilot.io: una soluci\u00f3n digital en la nube que conecta la apicultura tradicional de forma inteligente, eficiente y orientada al futuro, desarrollada por apicultores para apicultores.","og_url":"https:\/\/www.bee-pilot.io\/es\/vision\/","og_site_name":"bee-pilot.io","article_modified_time":"2025-12-26T21:48:47+00:00","og_image":[{"width":1368,"height":1824,"url":"https:\/\/www.bee-pilot.io\/wp-content\/uploads\/2025\/02\/041bf8c9-79a0-4a7b-9319-03f374089f89-1.jpg","type":"image\/jpeg"}],"twitter_card":"summary_large_image","twitter_misc":{"Tiempo de lectura":"3 minutos"},"schema":{"@context":"https:\/\/schema.org","@graph":[{"@type":"WebPage","@id":"https:\/\/www.bee-pilot.io\/es\/vision\/","url":"https:\/\/www.bee-pilot.io\/es\/vision\/","name":"Visi\u00f3n - bee-pilot.io","isPartOf":{"@id":"https:\/\/www.bee-pilot.io\/es\/#website"},"primaryImageOfPage":{"@id":"https:\/\/www.bee-pilot.io\/es\/vision\/#primaryimage"},"image":{"@id":"https:\/\/www.bee-pilot.io\/es\/vision\/#primaryimage"},"thumbnailUrl":"https:\/\/www.bee-pilot.io\/wp-content\/uploads\/2025\/02\/041bf8c9-79a0-4a7b-9319-03f374089f89-1-768x1024.jpg","datePublished":"2025-02-13T05:29:45+00:00","dateModified":"2025-12-26T21:48:47+00:00","description":"Descubre la visi\u00f3n de bee-pilot.io: una soluci\u00f3n digital en la nube que conecta la apicultura tradicional de forma inteligente, eficiente y orientada al futuro, desarrollada por apicultores para apicultores.","breadcrumb":{"@id":"https:\/\/www.bee-pilot.io\/es\/vision\/#breadcrumb"},"inLanguage":"es","potentialAction":[{"@type":"ReadAction","target":["https:\/\/www.bee-pilot.io\/es\/vision\/"]}]},{"@type":"ImageObject","inLanguage":"es","@id":"https:\/\/www.bee-pilot.io\/es\/vision\/#primaryimage","url":"https:\/\/www.bee-pilot.io\/wp-content\/uploads\/2025\/02\/041bf8c9-79a0-4a7b-9319-03f374089f89-1-768x1024.jpg","contentUrl":"https:\/\/www.bee-pilot.io\/wp-content\/uploads\/2025\/02\/041bf8c9-79a0-4a7b-9319-03f374089f89-1-768x1024.jpg"},{"@type":"BreadcrumbList","@id":"https:\/\/www.bee-pilot.io\/es\/vision\/#breadcrumb","itemListElement":[{"@type":"ListItem","position":1,"name":"Startseite","item":"https:\/\/www.bee-pilot.io\/es\/"},{"@type":"ListItem","position":2,"name":"Visi\u00f3n"}]},{"@type":"WebSite","@id":"https:\/\/www.bee-pilot.io\/es\/#website","url":"https:\/\/www.bee-pilot.io\/es\/","name":"bee-pilot.io","description":"Bee-Pilot: KI-gest\u00fctzte Software f\u00fcr Imker \u2013 Digitale Stockkarte, Wetter &amp; Checklisten","publisher":{"@id":"https:\/\/www.bee-pilot.io\/es\/#organization"},"potentialAction":[{"@type":"SearchAction","target":{"@type":"EntryPoint","urlTemplate":"https:\/\/www.bee-pilot.io\/es\/?s={search_term_string}"},"query-input":{"@type":"PropertyValueSpecification","valueRequired":true,"valueName":"search_term_string"}}],"inLanguage":"es"},{"@type":"Organization","@id":"https:\/\/www.bee-pilot.io\/es\/#organization","name":"bee-pilot.io UG (haftungsbeschr\u00e4nkt)","url":"https:\/\/www.bee-pilot.io\/es\/","logo":{"@type":"ImageObject","inLanguage":"es","@id":"https:\/\/www.bee-pilot.io\/es\/#\/schema\/logo\/image\/","url":"https:\/\/www.bee-pilot.io\/wp-content\/uploads\/2024\/10\/cropped-bee-pilot-logo.png","contentUrl":"https:\/\/www.bee-pilot.io\/wp-content\/uploads\/2024\/10\/cropped-bee-pilot-logo.png","width":291,"height":85,"caption":"bee-pilot.io UG (haftungsbeschr\u00e4nkt)"},"image":{"@id":"https:\/\/www.bee-pilot.io\/es\/#\/schema\/logo\/image\/"}}]}},"_links":{"self":[{"href":"https:\/\/www.bee-pilot.io\/es\/wp-json\/wp\/v2\/pages\/861","targetHints":{"allow":["GET"]}}],"collection":[{"href":"https:\/\/www.bee-pilot.io\/es\/wp-json\/wp\/v2\/pages"}],"about":[{"href":"https:\/\/www.bee-pilot.io\/es\/wp-json\/wp\/v2\/types\/page"}],"author":[{"embeddable":true,"href":"https:\/\/www.bee-pilot.io\/es\/wp-json\/wp\/v2\/users\/1"}],"replies":[{"embeddable":true,"href":"https:\/\/www.bee-pilot.io\/es\/wp-json\/wp\/v2\/comments?post=861"}],"version-history":[{"count":1,"href":"https:\/\/www.bee-pilot.io\/es\/wp-json\/wp\/v2\/pages\/861\/revisions"}],"predecessor-version":[{"id":864,"href":"https:\/\/www.bee-pilot.io\/es\/wp-json\/wp\/v2\/pages\/861\/revisions\/864"}],"wp:attachment":[{"href":"https:\/\/www.bee-pilot.io\/es\/wp-json\/wp\/v2\/media?parent=861"}],"curies":[{"name":"wp","href":"https:\/\/api.w.org\/{rel}","templated":true}]}}