{"id":907,"date":"2025-10-10T05:59:41","date_gmt":"2025-10-10T05:59:41","guid":{"rendered":"https:\/\/www.bee-pilot.io\/el-objetivo-comun-es-tener-colonias-resistentes-a-la-varroa\/"},"modified":"2025-12-27T19:38:17","modified_gmt":"2025-12-27T19:38:17","slug":"el-objetivo-comun-es-tener-colonias-resistentes-a-la-varroa","status":"publish","type":"page","link":"https:\/\/www.bee-pilot.io\/es\/el-objetivo-comun-es-tener-colonias-resistentes-a-la-varroa\/","title":{"rendered":"El objetivo com\u00fan es tener colonias resistentes a la varroa"},"content":{"rendered":"<p><!-- HERO --><\/p>\n\n<div class=\"wp-block-cover alignfull\" style=\"min-height:380px;aspect-ratio:unset;\"><span aria-hidden=\"true\" class=\"wp-block-cover__background has-background-dim-100 has-background-dim\" style=\"background-color:#0f1115\"><\/span><div class=\"wp-block-cover__inner-container is-layout-flow wp-block-cover-is-layout-flow\">\n<div class=\"wp-block-group\"><div class=\"wp-block-group__inner-container is-layout-constrained wp-container-core-group-is-layout-7a8ecd1d wp-block-group-is-layout-constrained\">\n<p><strong>Evaluaci\u00f3n y cr\u00eda<\/strong><\/p>\n\n\n\n<h2 class=\"wp-block-heading\" id=\"h-zucht-einfach-machen-damit-jede-imkerei-zur-losung-beitragt\">Facilitar la cr\u00eda para que cada apicultura contribuya a la soluci\u00f3n.<\/h2>\n\n\n\n<p><strong>Con bee-pilot.io, la cr\u00eda se vuelve pr\u00e1ctica y comprensible.<\/strong> Documenta, compara y toma decisiones bas\u00e1ndote en datos reales, sin programas complicados ni burocracia.<\/p>\n\n\n\n<div class=\"wp-block-buttons is-content-justification-center is-layout-flex wp-container-core-buttons-is-layout-16018d1d wp-block-buttons-is-layout-flex\">\n<div class=\"wp-block-button is-style-fill\"><a class=\"wp-block-button__link has-black-color has-luminous-vivid-amber-background-color has-text-color has-background has-link-color wp-element-button\" href=\"https:\/\/app.bee-pilot.io\/registration\" target=\"_blank\" rel=\"noreferrer noopener\">Probar ahora<\/a><\/div>\n<\/div>\n<\/div><\/div>\n<\/div><\/div>\n<p><!-- SECTION 1: INTRO + IMAGE --><\/p>\n\n<div class=\"wp-block-group\"><div class=\"wp-block-group__inner-container is-layout-constrained wp-container-core-group-is-layout-7a8ecd1d wp-block-group-is-layout-constrained\">\n<div style=\"height:34px\" aria-hidden=\"true\" class=\"wp-block-spacer\"><\/div>\n\n\n\n<div class=\"wp-block-columns is-layout-flex wp-container-core-columns-is-layout-9d6595d7 wp-block-columns-is-layout-flex\">\n<div class=\"wp-block-column is-vertically-aligned-center is-layout-flow wp-block-column-is-layout-flow\">\n<h3 class=\"wp-block-heading\" id=\"h-varroaresistenz-braucht-keine-komplizierten-programme\">La resistencia a la varroa no necesita programas complicados<\/h3>\n\n\n\n<p>Muchos apicultores quieren colonias resistentes, pero la cr\u00eda a menudo suena a burocracia y esfuerzo. En la pr\u00e1ctica, lo que se necesita sobre todo es una <strong>selecci\u00f3n sencilla y consecuente<\/strong>: <\/p>\n\n\n\n<ul class=\"wp-block-list\">\n<li>Eliminar sistem\u00e1ticamente el <strong>peor tercio<\/strong> de la poblaci\u00f3n.<\/li>\n\n\n\n<li>Criar con descendientes del <strong>mejor tercio<\/strong>, paso a paso.<\/li>\n<\/ul>\n\n\n\n<p>As\u00ed se crea una poblaci\u00f3n de abejas m\u00e1s robusta de forma descentralizada y pr\u00e1ctica, bas\u00e1ndose en tus observaciones reales en el colmenar.<\/p>\n<\/div>\n\n\n\n<div class=\"wp-block-column is-vertically-aligned-center is-layout-flow wp-block-column-is-layout-flow\">\n<figure class=\"wp-block-image size-large\"><img loading=\"lazy\" decoding=\"async\" width=\"1024\" height=\"683\" src=\"https:\/\/www.bee-pilot.io\/wp-content\/uploads\/2025\/10\/rating-Landingpage-1024x683.png\" alt=\"Evaluaci&#xF3;n y cr&#xED;a en bee-pilot.io\" class=\"wp-image-688\" srcset=\"https:\/\/www.bee-pilot.io\/wp-content\/uploads\/2025\/10\/rating-Landingpage-1024x683.png 1024w, https:\/\/www.bee-pilot.io\/wp-content\/uploads\/2025\/10\/rating-Landingpage-300x200.png 300w, https:\/\/www.bee-pilot.io\/wp-content\/uploads\/2025\/10\/rating-Landingpage-768x512.png 768w, https:\/\/www.bee-pilot.io\/wp-content\/uploads\/2025\/10\/rating-Landingpage.png 1536w\" sizes=\"auto, (max-width: 1024px) 100vw, 1024px\" \/><\/figure>\n<\/div>\n<\/div>\n\n\n\n<div style=\"height:26px\" aria-hidden=\"true\" class=\"wp-block-spacer\"><\/div>\n<\/div><\/div>\n<p><!-- SECTION 2: BENEFITS --><\/p>\n\n<div class=\"wp-block-cover alignfull\" style=\"min-height:260px;aspect-ratio:unset;\"><span aria-hidden=\"true\" class=\"wp-block-cover__background has-background-dim-100 has-background-dim\" style=\"background-color:#0f1115\"><\/span><div class=\"wp-block-cover__inner-container is-layout-flow wp-block-cover-is-layout-flow\">\n<div class=\"wp-block-group\"><div class=\"wp-block-group__inner-container is-layout-constrained wp-container-core-group-is-layout-7a8ecd1d wp-block-group-is-layout-constrained\">\n<h3 class=\"wp-block-heading has-text-align-center\" id=\"h-die-losung-die-zucht-im-alltag-vereinfacht\">La soluci\u00f3n que simplifica la cr\u00eda en el d\u00eda a d\u00eda<\/h3>\n\n\n\n<p class=\"has-text-align-center\">Con bee-pilot.io, documenta tus colonias en pocos pasos y obt\u00e9n una orientaci\u00f3n clara para la selecci\u00f3n y la cr\u00eda.<\/p>\n\n\n\n<div class=\"wp-block-columns is-layout-flex wp-container-core-columns-is-layout-9d6595d7 wp-block-columns-is-layout-flex\">\n<div class=\"wp-block-column is-layout-flow wp-block-column-is-layout-flow\">\n<h4 class=\"wp-block-heading\" id=\"h-klar-dokumentieren\">Documentar con claridad<\/h4>\n\n\n\n<p>Registrar la salud, el comportamiento y el rendimiento de forma estructurada, directamente en el d\u00eda a d\u00eda.<\/p>\n<\/div>\n\n\n\n<div class=\"wp-block-column is-layout-flow wp-block-column-is-layout-flow\">\n<h4 class=\"wp-block-heading\" id=\"h-schwache-volker-erkennen\">Reconocer las colonias d\u00e9biles<\/h4>\n\n\n\n<p>Los problemas y los casos at\u00edpicos se hacen visibles, sin largas listas ni intuiciones.<\/p>\n<\/div>\n\n\n\n<div class=\"wp-block-column is-layout-flow wp-block-column-is-layout-flow\">\n<h4 class=\"wp-block-heading\" id=\"h-zuchtkandidaten-ableiten\">Derivar candidatos para la cr\u00eda<\/h4>\n\n\n\n<p>Las comparaciones en el colmenar y las clasificaciones te ayudan a seleccionar candidatos de forma objetiva.<\/p>\n<\/div>\n<\/div>\n<\/div><\/div>\n<\/div><\/div>\n<p><!-- SECTION 3: COMMUNITY + IMAGE --><\/p>\n\n<div class=\"wp-block-group\"><div class=\"wp-block-group__inner-container is-layout-constrained wp-container-core-group-is-layout-7a8ecd1d wp-block-group-is-layout-constrained\">\n<div style=\"height:34px\" aria-hidden=\"true\" class=\"wp-block-spacer\"><\/div>\n\n\n\n<h3 class=\"wp-block-heading\" id=\"h-gemeinsam-fur-starke-bienen\">Juntos por unas abejas fuertes<\/h3>\n\n\n\n<p>Si muchas apiculturas dan este sencillo paso, a largo plazo conseguiremos <strong>colonias m\u00e1s robustas en toda la zona<\/strong>, sin necesidad de complicados programas de cr\u00eda. \u00danete al movimiento. <\/p>\n\n\n\n<blockquote class=\"wp-block-quote is-layout-flow wp-block-quote-is-layout-flow\">\n<p><em>\u00abPeque\u00f1os pasos de cada apicultura, gran impacto para las abejas\u00bb.<\/em><\/p>\n<\/blockquote>\n\n\n\n<div style=\"height:18px\" aria-hidden=\"true\" class=\"wp-block-spacer\"><\/div>\n\n\n\n<div class=\"wp-block-columns is-layout-flex wp-container-core-columns-is-layout-9d6595d7 wp-block-columns-is-layout-flex\">\n<div class=\"wp-block-column is-vertically-aligned-center is-layout-flow wp-block-column-is-layout-flow\">\n<figure class=\"wp-block-image size-full\"><img loading=\"lazy\" decoding=\"async\" width=\"684\" height=\"587\" src=\"https:\/\/www.bee-pilot.io\/wp-content\/uploads\/2025\/10\/Bildschirmfoto-2025-10-10-um-07.43.24.png\" alt=\"Evaluaci&#xF3;n y clasificaci&#xF3;n en bee-pilot.io\" class=\"wp-image-687\" srcset=\"https:\/\/www.bee-pilot.io\/wp-content\/uploads\/2025\/10\/Bildschirmfoto-2025-10-10-um-07.43.24.png 684w, https:\/\/www.bee-pilot.io\/wp-content\/uploads\/2025\/10\/Bildschirmfoto-2025-10-10-um-07.43.24-300x257.png 300w\" sizes=\"auto, (max-width: 684px) 100vw, 684px\" \/><\/figure>\n<\/div>\n\n\n\n<div class=\"wp-block-column is-vertically-aligned-center is-layout-flow wp-block-column-is-layout-flow\">\n<h4 class=\"wp-block-heading\" id=\"h-automatische-auswertung-aus-deinen-durchsichten\">Evaluaci\u00f3n autom\u00e1tica a partir de tus inspecciones<\/h4>\n\n\n\n<p>Los datos recogidos en las inspecciones se eval\u00faan autom\u00e1ticamente y se clasifican en comparaci\u00f3n con todas las colonias del colmenar. De este modo, obtienes una evaluaci\u00f3n seg\u00fan un principio <strong>80\u2013120%<\/strong>: r\u00e1pida, comprensible y directamente utilizable para la selecci\u00f3n y la cr\u00eda. <\/p>\n<\/div>\n<\/div>\n\n\n\n<div style=\"height:30px\" aria-hidden=\"true\" class=\"wp-block-spacer\"><\/div>\n<\/div><\/div>\n<p><!-- CTA --><\/p>\n\n<div class=\"wp-block-cover alignfull\" style=\"min-height:220px;aspect-ratio:unset;\"><span aria-hidden=\"true\" class=\"wp-block-cover__background has-background-dim-100 has-background-dim\" style=\"background-color:#0f1115\"><\/span><div class=\"wp-block-cover__inner-container is-layout-flow wp-block-cover-is-layout-flow\">\n<div class=\"wp-block-group\"><div class=\"wp-block-group__inner-container is-layout-constrained wp-container-core-group-is-layout-7a8ecd1d wp-block-group-is-layout-constrained\">\n<h3 class=\"wp-block-heading has-text-align-center\" id=\"h-starte-jetzt-und-mache-zucht-im-alltag-einfacher\">Empieza ahora y facilita la cr\u00eda en el d\u00eda a d\u00eda<\/h3>\n\n\n\n<p class=\"has-text-align-center\">Prueba bee-pilot.io gratis y utiliza las evaluaciones, las comparaciones y los objetivos de cr\u00eda directamente en tu colmenar.<\/p>\n\n\n\n<div class=\"wp-block-buttons is-content-justification-center is-layout-flex wp-container-core-buttons-is-layout-16018d1d wp-block-buttons-is-layout-flex\">\n<div class=\"wp-block-button is-style-fill\"><a class=\"wp-block-button__link has-black-color has-luminous-vivid-amber-background-color has-text-color has-background has-link-color wp-element-button\" href=\"https:\/\/app.bee-pilot.io\/registration\" target=\"_blank\" rel=\"noreferrer noopener\">Probar ahora<\/a><\/div>\n<\/div>\n<\/div><\/div>\n<\/div><\/div>\n","protected":false},"excerpt":{"rendered":"<p>La resistencia a la varroa no necesita programas complicados Muchos apicultores quieren colonias resistentes, pero la cr\u00eda a menudo suena a burocracia y esfuerzo. En la pr\u00e1ctica, lo que se necesita sobre todo es una selecci\u00f3n sencilla y consecuente: As\u00ed se crea una poblaci\u00f3n de abejas m\u00e1s robusta de forma descentralizada y pr\u00e1ctica, bas\u00e1ndose en [&hellip;]<\/p>\n","protected":false},"author":1,"featured_media":1450,"parent":0,"menu_order":0,"comment_status":"closed","ping_status":"closed","template":"","meta":{"footnotes":""},"class_list":["post-907","page","type-page","status-publish","has-post-thumbnail","hentry"],"yoast_head":"<!-- This site is optimized with the Yoast SEO Premium plugin v26.6 (Yoast SEO v26.6) - https:\/\/yoast.com\/wordpress\/plugins\/seo\/ -->\n<title>El objetivo com\u00fan es tener colonias resistentes a la varroa - bee-pilot.io<\/title>\n<meta name=\"description\" content=\"Evaluar objetivamente las colonias de abejas: bee-pilot.io eval\u00faa las inspecciones, compara las colonias y proporciona apoyo basado en datos para las decisiones de cr\u00eda y selecci\u00f3n.\" \/>\n<meta name=\"robots\" content=\"index, follow, max-snippet:-1, max-image-preview:large, max-video-preview:-1\" \/>\n<link rel=\"canonical\" href=\"https:\/\/www.bee-pilot.io\/es\/el-objetivo-comun-es-tener-colonias-resistentes-a-la-varroa\/\" \/>\n<meta property=\"og:locale\" content=\"es_ES\" \/>\n<meta property=\"og:type\" content=\"article\" \/>\n<meta property=\"og:title\" content=\"El objetivo com\u00fan es tener colonias resistentes a la varroa\" \/>\n<meta property=\"og:description\" content=\"Evaluar objetivamente las colonias de abejas: bee-pilot.io eval\u00faa las inspecciones, compara las colonias y proporciona apoyo basado en datos para las decisiones de cr\u00eda y selecci\u00f3n.\" \/>\n<meta property=\"og:url\" content=\"https:\/\/www.bee-pilot.io\/es\/el-objetivo-comun-es-tener-colonias-resistentes-a-la-varroa\/\" \/>\n<meta property=\"og:site_name\" content=\"bee-pilot.io\" \/>\n<meta property=\"article:modified_time\" content=\"2025-12-27T19:38:17+00:00\" \/>\n<meta property=\"og:image\" content=\"https:\/\/www.bee-pilot.io\/wp-content\/uploads\/2025\/12\/varroa-resis-banner.png\" \/>\n\t<meta property=\"og:image:width\" content=\"1536\" \/>\n\t<meta property=\"og:image:height\" content=\"1024\" \/>\n\t<meta property=\"og:image:type\" content=\"image\/png\" \/>\n<meta name=\"twitter:card\" content=\"summary_large_image\" \/>\n<meta name=\"twitter:label1\" content=\"Tiempo de lectura\" \/>\n\t<meta name=\"twitter:data1\" content=\"2 minutos\" \/>\n<script type=\"application\/ld+json\" class=\"yoast-schema-graph\">{\"@context\":\"https:\/\/schema.org\",\"@graph\":[{\"@type\":\"WebPage\",\"@id\":\"https:\/\/www.bee-pilot.io\/es\/el-objetivo-comun-es-tener-colonias-resistentes-a-la-varroa\/\",\"url\":\"https:\/\/www.bee-pilot.io\/es\/el-objetivo-comun-es-tener-colonias-resistentes-a-la-varroa\/\",\"name\":\"El objetivo com\u00fan es tener colonias resistentes a la varroa - bee-pilot.io\",\"isPartOf\":{\"@id\":\"https:\/\/www.bee-pilot.io\/es\/#website\"},\"primaryImageOfPage\":{\"@id\":\"https:\/\/www.bee-pilot.io\/es\/el-objetivo-comun-es-tener-colonias-resistentes-a-la-varroa\/#primaryimage\"},\"image\":{\"@id\":\"https:\/\/www.bee-pilot.io\/es\/el-objetivo-comun-es-tener-colonias-resistentes-a-la-varroa\/#primaryimage\"},\"thumbnailUrl\":\"https:\/\/www.bee-pilot.io\/wp-content\/uploads\/2025\/12\/varroa-resis-banner.png\",\"datePublished\":\"2025-10-10T05:59:41+00:00\",\"dateModified\":\"2025-12-27T19:38:17+00:00\",\"description\":\"Evaluar objetivamente las colonias de abejas: bee-pilot.io eval\u00faa las inspecciones, compara las colonias y proporciona apoyo basado en datos para las decisiones de cr\u00eda y selecci\u00f3n.\",\"breadcrumb\":{\"@id\":\"https:\/\/www.bee-pilot.io\/es\/el-objetivo-comun-es-tener-colonias-resistentes-a-la-varroa\/#breadcrumb\"},\"inLanguage\":\"es\",\"potentialAction\":[{\"@type\":\"ReadAction\",\"target\":[\"https:\/\/www.bee-pilot.io\/es\/el-objetivo-comun-es-tener-colonias-resistentes-a-la-varroa\/\"]}]},{\"@type\":\"ImageObject\",\"inLanguage\":\"es\",\"@id\":\"https:\/\/www.bee-pilot.io\/es\/el-objetivo-comun-es-tener-colonias-resistentes-a-la-varroa\/#primaryimage\",\"url\":\"https:\/\/www.bee-pilot.io\/wp-content\/uploads\/2025\/12\/varroa-resis-banner.png\",\"contentUrl\":\"https:\/\/www.bee-pilot.io\/wp-content\/uploads\/2025\/12\/varroa-resis-banner.png\",\"width\":1536,\"height\":1024,\"caption\":\"Tablet con evaluaciones\"},{\"@type\":\"BreadcrumbList\",\"@id\":\"https:\/\/www.bee-pilot.io\/es\/el-objetivo-comun-es-tener-colonias-resistentes-a-la-varroa\/#breadcrumb\",\"itemListElement\":[{\"@type\":\"ListItem\",\"position\":1,\"name\":\"Startseite\",\"item\":\"https:\/\/www.bee-pilot.io\/es\/\"},{\"@type\":\"ListItem\",\"position\":2,\"name\":\"El objetivo com\u00fan es tener colonias resistentes a la varroa\"}]},{\"@type\":\"WebSite\",\"@id\":\"https:\/\/www.bee-pilot.io\/es\/#website\",\"url\":\"https:\/\/www.bee-pilot.io\/es\/\",\"name\":\"bee-pilot.io\",\"description\":\"Bee-Pilot: KI-gest\u00fctzte Software f\u00fcr Imker \u2013 Digitale Stockkarte, Wetter &amp; Checklisten\",\"publisher\":{\"@id\":\"https:\/\/www.bee-pilot.io\/es\/#organization\"},\"potentialAction\":[{\"@type\":\"SearchAction\",\"target\":{\"@type\":\"EntryPoint\",\"urlTemplate\":\"https:\/\/www.bee-pilot.io\/es\/?s={search_term_string}\"},\"query-input\":{\"@type\":\"PropertyValueSpecification\",\"valueRequired\":true,\"valueName\":\"search_term_string\"}}],\"inLanguage\":\"es\"},{\"@type\":\"Organization\",\"@id\":\"https:\/\/www.bee-pilot.io\/es\/#organization\",\"name\":\"bee-pilot.io UG (haftungsbeschr\u00e4nkt)\",\"url\":\"https:\/\/www.bee-pilot.io\/es\/\",\"logo\":{\"@type\":\"ImageObject\",\"inLanguage\":\"es\",\"@id\":\"https:\/\/www.bee-pilot.io\/es\/#\/schema\/logo\/image\/\",\"url\":\"https:\/\/www.bee-pilot.io\/wp-content\/uploads\/2024\/10\/cropped-bee-pilot-logo.png\",\"contentUrl\":\"https:\/\/www.bee-pilot.io\/wp-content\/uploads\/2024\/10\/cropped-bee-pilot-logo.png\",\"width\":291,\"height\":85,\"caption\":\"bee-pilot.io UG (haftungsbeschr\u00e4nkt)\"},\"image\":{\"@id\":\"https:\/\/www.bee-pilot.io\/es\/#\/schema\/logo\/image\/\"}}]}<\/script>\n<!-- \/ Yoast SEO Premium plugin. -->","yoast_head_json":{"title":"El objetivo com\u00fan es tener colonias resistentes a la varroa - bee-pilot.io","description":"Evaluar objetivamente las colonias de abejas: bee-pilot.io eval\u00faa las inspecciones, compara las colonias y proporciona apoyo basado en datos para las decisiones de cr\u00eda y selecci\u00f3n.","robots":{"index":"index","follow":"follow","max-snippet":"max-snippet:-1","max-image-preview":"max-image-preview:large","max-video-preview":"max-video-preview:-1"},"canonical":"https:\/\/www.bee-pilot.io\/es\/el-objetivo-comun-es-tener-colonias-resistentes-a-la-varroa\/","og_locale":"es_ES","og_type":"article","og_title":"El objetivo com\u00fan es tener colonias resistentes a la varroa","og_description":"Evaluar objetivamente las colonias de abejas: bee-pilot.io eval\u00faa las inspecciones, compara las colonias y proporciona apoyo basado en datos para las decisiones de cr\u00eda y selecci\u00f3n.","og_url":"https:\/\/www.bee-pilot.io\/es\/el-objetivo-comun-es-tener-colonias-resistentes-a-la-varroa\/","og_site_name":"bee-pilot.io","article_modified_time":"2025-12-27T19:38:17+00:00","og_image":[{"width":1536,"height":1024,"url":"https:\/\/www.bee-pilot.io\/wp-content\/uploads\/2025\/12\/varroa-resis-banner.png","type":"image\/png"}],"twitter_card":"summary_large_image","twitter_misc":{"Tiempo de lectura":"2 minutos"},"schema":{"@context":"https:\/\/schema.org","@graph":[{"@type":"WebPage","@id":"https:\/\/www.bee-pilot.io\/es\/el-objetivo-comun-es-tener-colonias-resistentes-a-la-varroa\/","url":"https:\/\/www.bee-pilot.io\/es\/el-objetivo-comun-es-tener-colonias-resistentes-a-la-varroa\/","name":"El objetivo com\u00fan es tener colonias resistentes a la varroa - bee-pilot.io","isPartOf":{"@id":"https:\/\/www.bee-pilot.io\/es\/#website"},"primaryImageOfPage":{"@id":"https:\/\/www.bee-pilot.io\/es\/el-objetivo-comun-es-tener-colonias-resistentes-a-la-varroa\/#primaryimage"},"image":{"@id":"https:\/\/www.bee-pilot.io\/es\/el-objetivo-comun-es-tener-colonias-resistentes-a-la-varroa\/#primaryimage"},"thumbnailUrl":"https:\/\/www.bee-pilot.io\/wp-content\/uploads\/2025\/12\/varroa-resis-banner.png","datePublished":"2025-10-10T05:59:41+00:00","dateModified":"2025-12-27T19:38:17+00:00","description":"Evaluar objetivamente las colonias de abejas: bee-pilot.io eval\u00faa las inspecciones, compara las colonias y proporciona apoyo basado en datos para las decisiones de cr\u00eda y selecci\u00f3n.","breadcrumb":{"@id":"https:\/\/www.bee-pilot.io\/es\/el-objetivo-comun-es-tener-colonias-resistentes-a-la-varroa\/#breadcrumb"},"inLanguage":"es","potentialAction":[{"@type":"ReadAction","target":["https:\/\/www.bee-pilot.io\/es\/el-objetivo-comun-es-tener-colonias-resistentes-a-la-varroa\/"]}]},{"@type":"ImageObject","inLanguage":"es","@id":"https:\/\/www.bee-pilot.io\/es\/el-objetivo-comun-es-tener-colonias-resistentes-a-la-varroa\/#primaryimage","url":"https:\/\/www.bee-pilot.io\/wp-content\/uploads\/2025\/12\/varroa-resis-banner.png","contentUrl":"https:\/\/www.bee-pilot.io\/wp-content\/uploads\/2025\/12\/varroa-resis-banner.png","width":1536,"height":1024,"caption":"Tablet con evaluaciones"},{"@type":"BreadcrumbList","@id":"https:\/\/www.bee-pilot.io\/es\/el-objetivo-comun-es-tener-colonias-resistentes-a-la-varroa\/#breadcrumb","itemListElement":[{"@type":"ListItem","position":1,"name":"Startseite","item":"https:\/\/www.bee-pilot.io\/es\/"},{"@type":"ListItem","position":2,"name":"El objetivo com\u00fan es tener colonias resistentes a la varroa"}]},{"@type":"WebSite","@id":"https:\/\/www.bee-pilot.io\/es\/#website","url":"https:\/\/www.bee-pilot.io\/es\/","name":"bee-pilot.io","description":"Bee-Pilot: KI-gest\u00fctzte Software f\u00fcr Imker \u2013 Digitale Stockkarte, Wetter &amp; Checklisten","publisher":{"@id":"https:\/\/www.bee-pilot.io\/es\/#organization"},"potentialAction":[{"@type":"SearchAction","target":{"@type":"EntryPoint","urlTemplate":"https:\/\/www.bee-pilot.io\/es\/?s={search_term_string}"},"query-input":{"@type":"PropertyValueSpecification","valueRequired":true,"valueName":"search_term_string"}}],"inLanguage":"es"},{"@type":"Organization","@id":"https:\/\/www.bee-pilot.io\/es\/#organization","name":"bee-pilot.io UG (haftungsbeschr\u00e4nkt)","url":"https:\/\/www.bee-pilot.io\/es\/","logo":{"@type":"ImageObject","inLanguage":"es","@id":"https:\/\/www.bee-pilot.io\/es\/#\/schema\/logo\/image\/","url":"https:\/\/www.bee-pilot.io\/wp-content\/uploads\/2024\/10\/cropped-bee-pilot-logo.png","contentUrl":"https:\/\/www.bee-pilot.io\/wp-content\/uploads\/2024\/10\/cropped-bee-pilot-logo.png","width":291,"height":85,"caption":"bee-pilot.io UG (haftungsbeschr\u00e4nkt)"},"image":{"@id":"https:\/\/www.bee-pilot.io\/es\/#\/schema\/logo\/image\/"}}]}},"_links":{"self":[{"href":"https:\/\/www.bee-pilot.io\/es\/wp-json\/wp\/v2\/pages\/907","targetHints":{"allow":["GET"]}}],"collection":[{"href":"https:\/\/www.bee-pilot.io\/es\/wp-json\/wp\/v2\/pages"}],"about":[{"href":"https:\/\/www.bee-pilot.io\/es\/wp-json\/wp\/v2\/types\/page"}],"author":[{"embeddable":true,"href":"https:\/\/www.bee-pilot.io\/es\/wp-json\/wp\/v2\/users\/1"}],"replies":[{"embeddable":true,"href":"https:\/\/www.bee-pilot.io\/es\/wp-json\/wp\/v2\/comments?post=907"}],"version-history":[{"count":4,"href":"https:\/\/www.bee-pilot.io\/es\/wp-json\/wp\/v2\/pages\/907\/revisions"}],"predecessor-version":[{"id":1455,"href":"https:\/\/www.bee-pilot.io\/es\/wp-json\/wp\/v2\/pages\/907\/revisions\/1455"}],"wp:featuredmedia":[{"embeddable":true,"href":"https:\/\/www.bee-pilot.io\/es\/wp-json\/wp\/v2\/media\/1450"}],"wp:attachment":[{"href":"https:\/\/www.bee-pilot.io\/es\/wp-json\/wp\/v2\/media?parent=907"}],"curies":[{"name":"wp","href":"https:\/\/api.w.org\/{rel}","templated":true}]}}