{"id":910,"date":"2025-02-11T16:23:28","date_gmt":"2025-02-11T16:23:28","guid":{"rendered":"https:\/\/www.bee-pilot.io\/accesibilidad-segun-la-bfsg\/"},"modified":"2025-12-26T08:53:15","modified_gmt":"2025-12-26T08:53:15","slug":"accesibilidad-segun-la-bfsg","status":"publish","type":"page","link":"https:\/\/www.bee-pilot.io\/es\/accesibilidad-segun-la-bfsg\/","title":{"rendered":"Accesibilidad seg\u00fan la BFSG"},"content":{"rendered":"\n<h3 class=\"wp-block-heading\"><strong>Declaraci\u00f3n de accesibilidad seg\u00fan la Ley de Refuerzo de la Accesibilidad (BFSG)<\/strong><\/h3>\n\n<p><strong>Fecha de la declaraci\u00f3n:<\/strong> 31.07.2025<\/p>\n\n<p>Nosotros, bee-pilot.io UG (de responsabilidad limitada), nos esforzamos por dise\u00f1ar nuestras ofertas digitales de la forma m\u00e1s accesible posible, de acuerdo con los requisitos de la <strong>Ley de Refuerzo de la Accesibilidad (BFSG)<\/strong> y la directiva de la UE (UE) 2019\/882 subyacente sobre la accesibilidad de los productos y servicios. Nuestro objetivo es permitir que todos los usuarios tengan el mismo acceso a nuestros contenidos y funciones digitales. <\/p>\n\n<h3 class=\"wp-block-heading\"><strong>Estado de la accesibilidad<\/strong><\/h3>\n\n<p>Nuestro sitio web se basa en los requisitos de las <strong>Pautas de Accesibilidad al Contenido Web (WCAG) 2.1, nivel de conformidad AA<\/strong>, as\u00ed como en los requisitos t\u00e9cnicos seg\u00fan la <strong>EN 301 549<\/strong>. Actualmente, se han implementado o est\u00e1n en planificaci\u00f3n las siguientes medidas de accesibilidad: <\/p>\n\n<p>\u2705 Contenido estructurado y f\u00e1cil de leer<br\/>\u2705 Textos alternativos para im\u00e1genes y medios<br\/>\u2705 Manejo mediante teclado y gesti\u00f3n del foco<br\/>\u2705 Contrastes claros y elementos de control bien visibles<br\/>\u2705 Compatibilidad con lectores de pantalla<\/p>\n\n<p>Trabajamos continuamente para identificar y eliminar las barreras existentes.<\/p>\n\n<h3 class=\"wp-block-heading\"><strong>Comentarios y opciones de contacto<\/strong><\/h3>\n\n<p>Si encuentra barreras en nuestro sitio web o tiene sugerencias para mejorar la accesibilidad, p\u00f3ngase en contacto con nosotros:<\/p>\n\n<p>\ud83d\udce7 <strong>Correo electr\u00f3nico:<\/strong> support@bee-pilot.io<\/p>\n\n<p>Nos esforzamos por responder a sus preguntas en un plazo de 14 d\u00edas.<\/p>\n","protected":false},"excerpt":{"rendered":"<p>Declaraci\u00f3n de accesibilidad seg\u00fan la Ley de Refuerzo de la Accesibilidad (BFSG) Fecha de la declaraci\u00f3n: 31.07.2025 Nosotros, bee-pilot.io UG (de responsabilidad limitada), nos esforzamos por dise\u00f1ar nuestras ofertas digitales de la forma m\u00e1s accesible posible, de acuerdo con los requisitos de la Ley de Refuerzo de la Accesibilidad (BFSG) y la directiva de la [&hellip;]<\/p>\n","protected":false},"author":1,"featured_media":0,"parent":0,"menu_order":0,"comment_status":"closed","ping_status":"closed","template":"","meta":{"footnotes":""},"class_list":["post-910","page","type-page","status-publish","hentry"],"yoast_head":"<!-- This site is optimized with the Yoast SEO Premium plugin v26.6 (Yoast SEO v26.6) - https:\/\/yoast.com\/wordpress\/plugins\/seo\/ -->\n<title>Accesibilidad seg\u00fan la BFSG - bee-pilot.io<\/title>\n<meta name=\"robots\" content=\"index, follow, max-snippet:-1, max-image-preview:large, max-video-preview:-1\" \/>\n<link rel=\"canonical\" href=\"https:\/\/www.bee-pilot.io\/es\/accesibilidad-segun-la-bfsg\/\" \/>\n<meta property=\"og:locale\" content=\"es_ES\" \/>\n<meta property=\"og:type\" content=\"article\" \/>\n<meta property=\"og:title\" content=\"Accesibilidad seg\u00fan la BFSG\" \/>\n<meta property=\"og:description\" content=\"Declaraci\u00f3n de accesibilidad seg\u00fan la Ley de Refuerzo de la Accesibilidad (BFSG) Fecha de la declaraci\u00f3n: 31.07.2025 Nosotros, bee-pilot.io UG (de responsabilidad limitada), nos esforzamos por dise\u00f1ar nuestras ofertas digitales de la forma m\u00e1s accesible posible, de acuerdo con los requisitos de la Ley de Refuerzo de la Accesibilidad (BFSG) y la directiva de la [&hellip;]\" \/>\n<meta property=\"og:url\" content=\"https:\/\/www.bee-pilot.io\/es\/accesibilidad-segun-la-bfsg\/\" \/>\n<meta property=\"og:site_name\" content=\"bee-pilot.io\" \/>\n<meta property=\"article:modified_time\" content=\"2025-12-26T08:53:15+00:00\" \/>\n<meta property=\"og:image\" content=\"https:\/\/www.bee-pilot.io\/wp-content\/uploads\/2025\/02\/applogo-1.png\" \/>\n\t<meta property=\"og:image:width\" content=\"1057\" \/>\n\t<meta property=\"og:image:height\" content=\"746\" \/>\n\t<meta property=\"og:image:type\" content=\"image\/png\" \/>\n<meta name=\"twitter:card\" content=\"summary_large_image\" \/>\n<meta name=\"twitter:label1\" content=\"Tiempo de lectura\" \/>\n\t<meta name=\"twitter:data1\" content=\"1 minuto\" \/>\n<script type=\"application\/ld+json\" class=\"yoast-schema-graph\">{\"@context\":\"https:\/\/schema.org\",\"@graph\":[{\"@type\":\"WebPage\",\"@id\":\"https:\/\/www.bee-pilot.io\/es\/accesibilidad-segun-la-bfsg\/\",\"url\":\"https:\/\/www.bee-pilot.io\/es\/accesibilidad-segun-la-bfsg\/\",\"name\":\"Accesibilidad seg\u00fan la BFSG - bee-pilot.io\",\"isPartOf\":{\"@id\":\"https:\/\/www.bee-pilot.io\/es\/#website\"},\"datePublished\":\"2025-02-11T16:23:28+00:00\",\"dateModified\":\"2025-12-26T08:53:15+00:00\",\"breadcrumb\":{\"@id\":\"https:\/\/www.bee-pilot.io\/es\/accesibilidad-segun-la-bfsg\/#breadcrumb\"},\"inLanguage\":\"es\",\"potentialAction\":[{\"@type\":\"ReadAction\",\"target\":[\"https:\/\/www.bee-pilot.io\/es\/accesibilidad-segun-la-bfsg\/\"]}]},{\"@type\":\"BreadcrumbList\",\"@id\":\"https:\/\/www.bee-pilot.io\/es\/accesibilidad-segun-la-bfsg\/#breadcrumb\",\"itemListElement\":[{\"@type\":\"ListItem\",\"position\":1,\"name\":\"Startseite\",\"item\":\"https:\/\/www.bee-pilot.io\/es\/\"},{\"@type\":\"ListItem\",\"position\":2,\"name\":\"Accesibilidad seg\u00fan la BFSG\"}]},{\"@type\":\"WebSite\",\"@id\":\"https:\/\/www.bee-pilot.io\/es\/#website\",\"url\":\"https:\/\/www.bee-pilot.io\/es\/\",\"name\":\"bee-pilot.io\",\"description\":\"Bee-Pilot: KI-gest\u00fctzte Software f\u00fcr Imker \u2013 Digitale Stockkarte, Wetter &amp; Checklisten\",\"publisher\":{\"@id\":\"https:\/\/www.bee-pilot.io\/es\/#organization\"},\"potentialAction\":[{\"@type\":\"SearchAction\",\"target\":{\"@type\":\"EntryPoint\",\"urlTemplate\":\"https:\/\/www.bee-pilot.io\/es\/?s={search_term_string}\"},\"query-input\":{\"@type\":\"PropertyValueSpecification\",\"valueRequired\":true,\"valueName\":\"search_term_string\"}}],\"inLanguage\":\"es\"},{\"@type\":\"Organization\",\"@id\":\"https:\/\/www.bee-pilot.io\/es\/#organization\",\"name\":\"bee-pilot.io UG (haftungsbeschr\u00e4nkt)\",\"url\":\"https:\/\/www.bee-pilot.io\/es\/\",\"logo\":{\"@type\":\"ImageObject\",\"inLanguage\":\"es\",\"@id\":\"https:\/\/www.bee-pilot.io\/es\/#\/schema\/logo\/image\/\",\"url\":\"https:\/\/www.bee-pilot.io\/wp-content\/uploads\/2024\/10\/cropped-bee-pilot-logo.png\",\"contentUrl\":\"https:\/\/www.bee-pilot.io\/wp-content\/uploads\/2024\/10\/cropped-bee-pilot-logo.png\",\"width\":291,\"height\":85,\"caption\":\"bee-pilot.io UG (haftungsbeschr\u00e4nkt)\"},\"image\":{\"@id\":\"https:\/\/www.bee-pilot.io\/es\/#\/schema\/logo\/image\/\"}}]}<\/script>\n<!-- \/ Yoast SEO Premium plugin. -->","yoast_head_json":{"title":"Accesibilidad seg\u00fan la BFSG - bee-pilot.io","robots":{"index":"index","follow":"follow","max-snippet":"max-snippet:-1","max-image-preview":"max-image-preview:large","max-video-preview":"max-video-preview:-1"},"canonical":"https:\/\/www.bee-pilot.io\/es\/accesibilidad-segun-la-bfsg\/","og_locale":"es_ES","og_type":"article","og_title":"Accesibilidad seg\u00fan la BFSG","og_description":"Declaraci\u00f3n de accesibilidad seg\u00fan la Ley de Refuerzo de la Accesibilidad (BFSG) Fecha de la declaraci\u00f3n: 31.07.2025 Nosotros, bee-pilot.io UG (de responsabilidad limitada), nos esforzamos por dise\u00f1ar nuestras ofertas digitales de la forma m\u00e1s accesible posible, de acuerdo con los requisitos de la Ley de Refuerzo de la Accesibilidad (BFSG) y la directiva de la [&hellip;]","og_url":"https:\/\/www.bee-pilot.io\/es\/accesibilidad-segun-la-bfsg\/","og_site_name":"bee-pilot.io","article_modified_time":"2025-12-26T08:53:15+00:00","og_image":[{"width":1057,"height":746,"url":"https:\/\/www.bee-pilot.io\/wp-content\/uploads\/2025\/02\/applogo-1.png","type":"image\/png"}],"twitter_card":"summary_large_image","twitter_misc":{"Tiempo de lectura":"1 minuto"},"schema":{"@context":"https:\/\/schema.org","@graph":[{"@type":"WebPage","@id":"https:\/\/www.bee-pilot.io\/es\/accesibilidad-segun-la-bfsg\/","url":"https:\/\/www.bee-pilot.io\/es\/accesibilidad-segun-la-bfsg\/","name":"Accesibilidad seg\u00fan la BFSG - bee-pilot.io","isPartOf":{"@id":"https:\/\/www.bee-pilot.io\/es\/#website"},"datePublished":"2025-02-11T16:23:28+00:00","dateModified":"2025-12-26T08:53:15+00:00","breadcrumb":{"@id":"https:\/\/www.bee-pilot.io\/es\/accesibilidad-segun-la-bfsg\/#breadcrumb"},"inLanguage":"es","potentialAction":[{"@type":"ReadAction","target":["https:\/\/www.bee-pilot.io\/es\/accesibilidad-segun-la-bfsg\/"]}]},{"@type":"BreadcrumbList","@id":"https:\/\/www.bee-pilot.io\/es\/accesibilidad-segun-la-bfsg\/#breadcrumb","itemListElement":[{"@type":"ListItem","position":1,"name":"Startseite","item":"https:\/\/www.bee-pilot.io\/es\/"},{"@type":"ListItem","position":2,"name":"Accesibilidad seg\u00fan la BFSG"}]},{"@type":"WebSite","@id":"https:\/\/www.bee-pilot.io\/es\/#website","url":"https:\/\/www.bee-pilot.io\/es\/","name":"bee-pilot.io","description":"Bee-Pilot: KI-gest\u00fctzte Software f\u00fcr Imker \u2013 Digitale Stockkarte, Wetter &amp; Checklisten","publisher":{"@id":"https:\/\/www.bee-pilot.io\/es\/#organization"},"potentialAction":[{"@type":"SearchAction","target":{"@type":"EntryPoint","urlTemplate":"https:\/\/www.bee-pilot.io\/es\/?s={search_term_string}"},"query-input":{"@type":"PropertyValueSpecification","valueRequired":true,"valueName":"search_term_string"}}],"inLanguage":"es"},{"@type":"Organization","@id":"https:\/\/www.bee-pilot.io\/es\/#organization","name":"bee-pilot.io UG (haftungsbeschr\u00e4nkt)","url":"https:\/\/www.bee-pilot.io\/es\/","logo":{"@type":"ImageObject","inLanguage":"es","@id":"https:\/\/www.bee-pilot.io\/es\/#\/schema\/logo\/image\/","url":"https:\/\/www.bee-pilot.io\/wp-content\/uploads\/2024\/10\/cropped-bee-pilot-logo.png","contentUrl":"https:\/\/www.bee-pilot.io\/wp-content\/uploads\/2024\/10\/cropped-bee-pilot-logo.png","width":291,"height":85,"caption":"bee-pilot.io UG (haftungsbeschr\u00e4nkt)"},"image":{"@id":"https:\/\/www.bee-pilot.io\/es\/#\/schema\/logo\/image\/"}}]}},"_links":{"self":[{"href":"https:\/\/www.bee-pilot.io\/es\/wp-json\/wp\/v2\/pages\/910","targetHints":{"allow":["GET"]}}],"collection":[{"href":"https:\/\/www.bee-pilot.io\/es\/wp-json\/wp\/v2\/pages"}],"about":[{"href":"https:\/\/www.bee-pilot.io\/es\/wp-json\/wp\/v2\/types\/page"}],"author":[{"embeddable":true,"href":"https:\/\/www.bee-pilot.io\/es\/wp-json\/wp\/v2\/users\/1"}],"replies":[{"embeddable":true,"href":"https:\/\/www.bee-pilot.io\/es\/wp-json\/wp\/v2\/comments?post=910"}],"version-history":[{"count":3,"href":"https:\/\/www.bee-pilot.io\/es\/wp-json\/wp\/v2\/pages\/910\/revisions"}],"predecessor-version":[{"id":966,"href":"https:\/\/www.bee-pilot.io\/es\/wp-json\/wp\/v2\/pages\/910\/revisions\/966"}],"wp:attachment":[{"href":"https:\/\/www.bee-pilot.io\/es\/wp-json\/wp\/v2\/media?parent=910"}],"curies":[{"name":"wp","href":"https:\/\/api.w.org\/{rel}","templated":true}]}}