{"id":915,"date":"2025-07-22T12:51:34","date_gmt":"2025-07-22T12:51:34","guid":{"rendered":"https:\/\/www.bee-pilot.io\/soporte\/"},"modified":"2025-12-26T08:53:10","modified_gmt":"2025-12-26T08:53:10","slug":"soporte","status":"publish","type":"page","link":"https:\/\/www.bee-pilot.io\/es\/soporte\/","title":{"rendered":"Soporte"},"content":{"rendered":"\n<h2 class=\"wp-block-heading\">\ud83d\udc1d <strong>bee-pilot.io \u2013 Soporte y contacto<\/strong><\/h2>\n\n<p>Si tienes preguntas, problemas o comentarios sobre la app Bee Pilot, puedes contactarnos en cualquier momento por correo electr\u00f3nico.<\/p>\n\n<p>\ud83d\udce7 <strong>Correo electr\u00f3nico de soporte:<\/strong> <a href=\"mailto:support@bee-pilot.io\">support@bee-pilot.io<\/a><\/p>\n\n<p>Normalmente respondemos en un plazo de 1 a 2 d\u00edas laborables.<\/p>\n\n<hr class=\"wp-block-separator has-alpha-channel-opacity\"\/>\n\n<h3 class=\"wp-block-heading\">Avisos legales:<\/h3>\n\n<p>Esta p\u00e1gina se utiliza exclusivamente para dar soporte a nuestras apps de iOS y Android. Encontrar\u00e1s m\u00e1s informaci\u00f3n en nuestra <a href=\"https:\/\/www.bee-pilot.io\/datenschutzerklaerung\/\">pol\u00edtica de privacidad<\/a> y en el <a href=\"https:\/\/www.bee-pilot.io\/es\/aviso-legal\/\">aviso legal<\/a>. <\/p>\n\n<hr class=\"wp-block-separator has-alpha-channel-opacity\"\/>\n\n<h2 class=\"wp-block-heading\">\ud83d\udd27 Consejos para una soluci\u00f3n r\u00e1pida<\/h2>\n\n<ul class=\"wp-block-list\">\n<li>Aseg\u00farate de que est\u00e1s utilizando la versi\u00f3n m\u00e1s reciente de la app<\/li>\n\n\n\n<li>Si hay errores, ind\u00edcanos: tipo de dispositivo, versi\u00f3n de iOS\/Android y una breve descripci\u00f3n<\/li>\n<\/ul>\n\n<hr class=\"wp-block-separator has-alpha-channel-opacity\"\/>\n\n<h2 class=\"wp-block-heading\">\ud83d\udccc Otras formas de contacto<\/h2>\n\n<p>Adem\u00e1s del soporte t\u00e9cnico, tambi\u00e9n estamos a tu disposici\u00f3n para consultas generales.<br\/>Utiliza tambi\u00e9n la direcci\u00f3n de correo electr\u00f3nico <a href=\"mailto:support@bee-pilot.io\">support@bee-pilot.io<\/a> si:<\/p>\n\n<ul class=\"wp-block-list\">\n<li>Tienes <strong>preguntas sobre el uso de las funciones de la app<\/strong> (p. ej., ubicaciones, colonias, listas de verificaci\u00f3n)<\/li>\n\n\n\n<li>Quieres aportar <strong>sugerencias o deseos para el desarrollo posterior<\/strong> de la app<\/li>\n\n\n\n<li>Tienes <strong>solicitudes de cooperaci\u00f3n<\/strong> (p. ej., para cursos de formaci\u00f3n, asociaciones de apicultores, medios de comunicaci\u00f3n o comercio especializado)<\/li>\n\n\n\n<li>Quieres hacer <strong>consultas de prensa o medios de comunicaci\u00f3n<\/strong><\/li>\n\n\n\n<li>Est\u00e1s interesado en <strong>colaborar como betatester<\/strong><\/li>\n\n\n\n<li>Necesitas informaci\u00f3n sobre <strong>nuestras suscripciones de pago<\/strong> y facturas<\/li>\n<\/ul>\n\n<p><\/p>\n","protected":false},"excerpt":{"rendered":"<p>\ud83d\udc1d bee-pilot.io \u2013 Soporte y contacto Si tienes preguntas, problemas o comentarios sobre la app Bee Pilot, puedes contactarnos en cualquier momento por correo electr\u00f3nico. \ud83d\udce7 Correo electr\u00f3nico de soporte: support@bee-pilot.io Normalmente respondemos en un plazo de 1 a 2 d\u00edas laborables. Avisos legales: Esta p\u00e1gina se utiliza exclusivamente para dar soporte a nuestras apps [&hellip;]<\/p>\n","protected":false},"author":1,"featured_media":0,"parent":0,"menu_order":0,"comment_status":"closed","ping_status":"closed","template":"","meta":{"footnotes":""},"class_list":["post-915","page","type-page","status-publish","hentry"],"yoast_head":"<!-- This site is optimized with the Yoast SEO Premium plugin v26.6 (Yoast SEO v26.6) - https:\/\/yoast.com\/wordpress\/plugins\/seo\/ -->\n<title>Soporte - bee-pilot.io<\/title>\n<meta name=\"robots\" content=\"index, follow, max-snippet:-1, max-image-preview:large, max-video-preview:-1\" \/>\n<link rel=\"canonical\" href=\"https:\/\/www.bee-pilot.io\/es\/soporte\/\" \/>\n<meta property=\"og:locale\" content=\"es_ES\" \/>\n<meta property=\"og:type\" content=\"article\" \/>\n<meta property=\"og:title\" content=\"Soporte\" \/>\n<meta property=\"og:description\" content=\"\ud83d\udc1d bee-pilot.io \u2013 Soporte y contacto Si tienes preguntas, problemas o comentarios sobre la app Bee Pilot, puedes contactarnos en cualquier momento por correo electr\u00f3nico. \ud83d\udce7 Correo electr\u00f3nico de soporte: support@bee-pilot.io Normalmente respondemos en un plazo de 1 a 2 d\u00edas laborables. Avisos legales: Esta p\u00e1gina se utiliza exclusivamente para dar soporte a nuestras apps [&hellip;]\" \/>\n<meta property=\"og:url\" content=\"https:\/\/www.bee-pilot.io\/es\/soporte\/\" \/>\n<meta property=\"og:site_name\" content=\"bee-pilot.io\" \/>\n<meta property=\"article:modified_time\" content=\"2025-12-26T08:53:10+00:00\" \/>\n<meta property=\"og:image\" content=\"https:\/\/www.bee-pilot.io\/wp-content\/uploads\/2025\/02\/applogo-1.png\" \/>\n\t<meta property=\"og:image:width\" content=\"1057\" \/>\n\t<meta property=\"og:image:height\" content=\"746\" \/>\n\t<meta property=\"og:image:type\" content=\"image\/png\" \/>\n<meta name=\"twitter:card\" content=\"summary_large_image\" \/>\n<meta name=\"twitter:label1\" content=\"Tiempo de lectura\" \/>\n\t<meta name=\"twitter:data1\" content=\"1 minuto\" \/>\n<script type=\"application\/ld+json\" class=\"yoast-schema-graph\">{\"@context\":\"https:\/\/schema.org\",\"@graph\":[{\"@type\":\"WebPage\",\"@id\":\"https:\/\/www.bee-pilot.io\/es\/soporte\/\",\"url\":\"https:\/\/www.bee-pilot.io\/es\/soporte\/\",\"name\":\"Soporte - bee-pilot.io\",\"isPartOf\":{\"@id\":\"https:\/\/www.bee-pilot.io\/es\/#website\"},\"datePublished\":\"2025-07-22T12:51:34+00:00\",\"dateModified\":\"2025-12-26T08:53:10+00:00\",\"breadcrumb\":{\"@id\":\"https:\/\/www.bee-pilot.io\/es\/soporte\/#breadcrumb\"},\"inLanguage\":\"es\",\"potentialAction\":[{\"@type\":\"ReadAction\",\"target\":[\"https:\/\/www.bee-pilot.io\/es\/soporte\/\"]}]},{\"@type\":\"BreadcrumbList\",\"@id\":\"https:\/\/www.bee-pilot.io\/es\/soporte\/#breadcrumb\",\"itemListElement\":[{\"@type\":\"ListItem\",\"position\":1,\"name\":\"Startseite\",\"item\":\"https:\/\/www.bee-pilot.io\/es\/\"},{\"@type\":\"ListItem\",\"position\":2,\"name\":\"Soporte\"}]},{\"@type\":\"WebSite\",\"@id\":\"https:\/\/www.bee-pilot.io\/es\/#website\",\"url\":\"https:\/\/www.bee-pilot.io\/es\/\",\"name\":\"bee-pilot.io\",\"description\":\"Bee-Pilot: KI-gest\u00fctzte Software f\u00fcr Imker \u2013 Digitale Stockkarte, Wetter &amp; Checklisten\",\"publisher\":{\"@id\":\"https:\/\/www.bee-pilot.io\/es\/#organization\"},\"potentialAction\":[{\"@type\":\"SearchAction\",\"target\":{\"@type\":\"EntryPoint\",\"urlTemplate\":\"https:\/\/www.bee-pilot.io\/es\/?s={search_term_string}\"},\"query-input\":{\"@type\":\"PropertyValueSpecification\",\"valueRequired\":true,\"valueName\":\"search_term_string\"}}],\"inLanguage\":\"es\"},{\"@type\":\"Organization\",\"@id\":\"https:\/\/www.bee-pilot.io\/es\/#organization\",\"name\":\"bee-pilot.io UG (haftungsbeschr\u00e4nkt)\",\"url\":\"https:\/\/www.bee-pilot.io\/es\/\",\"logo\":{\"@type\":\"ImageObject\",\"inLanguage\":\"es\",\"@id\":\"https:\/\/www.bee-pilot.io\/es\/#\/schema\/logo\/image\/\",\"url\":\"https:\/\/www.bee-pilot.io\/wp-content\/uploads\/2024\/10\/cropped-bee-pilot-logo.png\",\"contentUrl\":\"https:\/\/www.bee-pilot.io\/wp-content\/uploads\/2024\/10\/cropped-bee-pilot-logo.png\",\"width\":291,\"height\":85,\"caption\":\"bee-pilot.io UG (haftungsbeschr\u00e4nkt)\"},\"image\":{\"@id\":\"https:\/\/www.bee-pilot.io\/es\/#\/schema\/logo\/image\/\"}}]}<\/script>\n<!-- \/ Yoast SEO Premium plugin. -->","yoast_head_json":{"title":"Soporte - bee-pilot.io","robots":{"index":"index","follow":"follow","max-snippet":"max-snippet:-1","max-image-preview":"max-image-preview:large","max-video-preview":"max-video-preview:-1"},"canonical":"https:\/\/www.bee-pilot.io\/es\/soporte\/","og_locale":"es_ES","og_type":"article","og_title":"Soporte","og_description":"\ud83d\udc1d bee-pilot.io \u2013 Soporte y contacto Si tienes preguntas, problemas o comentarios sobre la app Bee Pilot, puedes contactarnos en cualquier momento por correo electr\u00f3nico. \ud83d\udce7 Correo electr\u00f3nico de soporte: support@bee-pilot.io Normalmente respondemos en un plazo de 1 a 2 d\u00edas laborables. Avisos legales: Esta p\u00e1gina se utiliza exclusivamente para dar soporte a nuestras apps [&hellip;]","og_url":"https:\/\/www.bee-pilot.io\/es\/soporte\/","og_site_name":"bee-pilot.io","article_modified_time":"2025-12-26T08:53:10+00:00","og_image":[{"width":1057,"height":746,"url":"https:\/\/www.bee-pilot.io\/wp-content\/uploads\/2025\/02\/applogo-1.png","type":"image\/png"}],"twitter_card":"summary_large_image","twitter_misc":{"Tiempo de lectura":"1 minuto"},"schema":{"@context":"https:\/\/schema.org","@graph":[{"@type":"WebPage","@id":"https:\/\/www.bee-pilot.io\/es\/soporte\/","url":"https:\/\/www.bee-pilot.io\/es\/soporte\/","name":"Soporte - bee-pilot.io","isPartOf":{"@id":"https:\/\/www.bee-pilot.io\/es\/#website"},"datePublished":"2025-07-22T12:51:34+00:00","dateModified":"2025-12-26T08:53:10+00:00","breadcrumb":{"@id":"https:\/\/www.bee-pilot.io\/es\/soporte\/#breadcrumb"},"inLanguage":"es","potentialAction":[{"@type":"ReadAction","target":["https:\/\/www.bee-pilot.io\/es\/soporte\/"]}]},{"@type":"BreadcrumbList","@id":"https:\/\/www.bee-pilot.io\/es\/soporte\/#breadcrumb","itemListElement":[{"@type":"ListItem","position":1,"name":"Startseite","item":"https:\/\/www.bee-pilot.io\/es\/"},{"@type":"ListItem","position":2,"name":"Soporte"}]},{"@type":"WebSite","@id":"https:\/\/www.bee-pilot.io\/es\/#website","url":"https:\/\/www.bee-pilot.io\/es\/","name":"bee-pilot.io","description":"Bee-Pilot: KI-gest\u00fctzte Software f\u00fcr Imker \u2013 Digitale Stockkarte, Wetter &amp; Checklisten","publisher":{"@id":"https:\/\/www.bee-pilot.io\/es\/#organization"},"potentialAction":[{"@type":"SearchAction","target":{"@type":"EntryPoint","urlTemplate":"https:\/\/www.bee-pilot.io\/es\/?s={search_term_string}"},"query-input":{"@type":"PropertyValueSpecification","valueRequired":true,"valueName":"search_term_string"}}],"inLanguage":"es"},{"@type":"Organization","@id":"https:\/\/www.bee-pilot.io\/es\/#organization","name":"bee-pilot.io UG (haftungsbeschr\u00e4nkt)","url":"https:\/\/www.bee-pilot.io\/es\/","logo":{"@type":"ImageObject","inLanguage":"es","@id":"https:\/\/www.bee-pilot.io\/es\/#\/schema\/logo\/image\/","url":"https:\/\/www.bee-pilot.io\/wp-content\/uploads\/2024\/10\/cropped-bee-pilot-logo.png","contentUrl":"https:\/\/www.bee-pilot.io\/wp-content\/uploads\/2024\/10\/cropped-bee-pilot-logo.png","width":291,"height":85,"caption":"bee-pilot.io UG (haftungsbeschr\u00e4nkt)"},"image":{"@id":"https:\/\/www.bee-pilot.io\/es\/#\/schema\/logo\/image\/"}}]}},"_links":{"self":[{"href":"https:\/\/www.bee-pilot.io\/es\/wp-json\/wp\/v2\/pages\/915","targetHints":{"allow":["GET"]}}],"collection":[{"href":"https:\/\/www.bee-pilot.io\/es\/wp-json\/wp\/v2\/pages"}],"about":[{"href":"https:\/\/www.bee-pilot.io\/es\/wp-json\/wp\/v2\/types\/page"}],"author":[{"embeddable":true,"href":"https:\/\/www.bee-pilot.io\/es\/wp-json\/wp\/v2\/users\/1"}],"replies":[{"embeddable":true,"href":"https:\/\/www.bee-pilot.io\/es\/wp-json\/wp\/v2\/comments?post=915"}],"version-history":[{"count":3,"href":"https:\/\/www.bee-pilot.io\/es\/wp-json\/wp\/v2\/pages\/915\/revisions"}],"predecessor-version":[{"id":964,"href":"https:\/\/www.bee-pilot.io\/es\/wp-json\/wp\/v2\/pages\/915\/revisions\/964"}],"wp:attachment":[{"href":"https:\/\/www.bee-pilot.io\/es\/wp-json\/wp\/v2\/media?parent=915"}],"curies":[{"name":"wp","href":"https:\/\/api.w.org\/{rel}","templated":true}]}}