{"id":1182,"date":"2025-12-27T08:51:24","date_gmt":"2025-12-27T08:51:24","guid":{"rendered":"https:\/\/www.bee-pilot.io\/apercu-complet-de-ton-rucher\/"},"modified":"2025-12-27T10:59:10","modified_gmt":"2025-12-27T10:59:10","slug":"apercu-complet-de-ton-rucher","status":"publish","type":"page","link":"https:\/\/www.bee-pilot.io\/fr\/apercu-complet-de-ton-rucher\/","title":{"rendered":"Aper\u00e7u complet de ton rucher"},"content":{"rendered":"\n<div class=\"wp-block-group bp-hero\"><div class=\"wp-block-group__inner-container is-layout-constrained wp-container-core-group-is-layout-7a8ecd1d wp-block-group-is-layout-constrained\">\n<div class=\"wp-block-group bp-hero__inner\"><div class=\"wp-block-group__inner-container is-layout-constrained wp-block-group-is-layout-constrained\">\n<p><\/p>\n\n\n\n<h2 class=\"wp-block-heading bp-hero__title\" id=\"h-alles-im-blick-bevor-du-am-stand-ankommst\">Tout en vue \u2013 avant m\u00eame d\u2019arriver au rucher.<\/h2>\n\n\n\n<p class=\"bp-hero__text\">Avec <strong>bee-pilot.io<\/strong>, tu g\u00e8res tes ruchers comme des unit\u00e9s propres \u2013 avec emplacements, t\u00e2ches, donn\u00e9es m\u00e9t\u00e9orologiques, documentation et objectifs de s\u00e9lection. L\u2019aper\u00e7u du rucher te montre en un coup d\u2019\u0153il ce qui va bien et o\u00f9 il y a un besoin d\u2019action. <\/p>\n\n\n\n<div class=\"wp-block-buttons is-content-justification-center is-layout-flex wp-container-core-buttons-is-layout-16018d1d wp-block-buttons-is-layout-flex\">\n<div class=\"wp-block-button bp-btn\"><a class=\"wp-block-button__link has-luminous-vivid-amber-background-color has-background wp-element-button\" href=\"https:\/\/app.bee-pilot.io\/registration\">Tester gratuitement maintenant<\/a><\/div>\n<\/div>\n<\/div><\/div>\n<\/div><\/div>\n\n<div style=\"height:26px\" aria-hidden=\"true\" class=\"wp-block-spacer\"><\/div>\n\n<div class=\"wp-block-group bp-section\"><div class=\"wp-block-group__inner-container is-layout-constrained wp-container-core-group-is-layout-7a8ecd1d wp-block-group-is-layout-constrained\">\n<h3 class=\"wp-block-heading has-text-align-center bp-section__title\" id=\"h-so-fuhlt-sich-ubersicht-an\">C\u2019est \u00e7a, avoir une vue d\u2019ensemble<\/h3>\n\n\n\n<p class=\"has-text-align-center bp-section__sub\">Pr\u00e9sentation moderne, priorit\u00e9s claires et orientation rapide \u2013 sur ordinateur comme sur mobile.<\/p>\n<\/div><\/div>\n\n<div style=\"height:18px\" aria-hidden=\"true\" class=\"wp-block-spacer\"><\/div>\n\n<div class=\"wp-block-group bp-cards\"><div class=\"wp-block-group__inner-container is-layout-constrained wp-container-core-group-is-layout-7a8ecd1d wp-block-group-is-layout-constrained\">\n<div class=\"wp-block-columns bp-cols is-layout-flex wp-container-core-columns-is-layout-9d6595d7 wp-block-columns-is-layout-flex\">\n<div class=\"wp-block-column is-layout-flow wp-block-column-is-layout-flow\">\n<div class=\"wp-block-group bp-card\"><div class=\"wp-block-group__inner-container is-layout-constrained wp-block-group-is-layout-constrained\">\n<p class=\"bp-card__kicker\">\ud83d\udcca <strong>Transparence totale<\/strong><\/p>\n\n\n\n<p class=\"bp-card__text\">Toutes les colonies d\u2019un rucher sont regroup\u00e9es de mani\u00e8re claire \u2013 avec l\u2019\u00e9tat, la derni\u00e8re inspection et les principaux indicateurs. Tu peux ainsi voir imm\u00e9diatement o\u00f9 tout va bien et o\u00f9 tu devrais v\u00e9rifier. <\/p>\n\n\n<div class=\"wp-block-image bp-shot\">\n<figure class=\"aligncenter size-medium\"><img loading=\"lazy\" decoding=\"async\" width=\"300\" height=\"193\" src=\"https:\/\/www.bee-pilot.io\/wp-content\/uploads\/2025\/12\/Standuebersicht-300x193.png\" alt=\"Aper&#xE7;u du rucher bee-pilot.io\" class=\"wp-image-1126\" srcset=\"https:\/\/www.bee-pilot.io\/wp-content\/uploads\/2025\/12\/Standuebersicht-300x193.png 300w, https:\/\/www.bee-pilot.io\/wp-content\/uploads\/2025\/12\/Standuebersicht-1024x659.png 1024w, https:\/\/www.bee-pilot.io\/wp-content\/uploads\/2025\/12\/Standuebersicht-768x495.png 768w, https:\/\/www.bee-pilot.io\/wp-content\/uploads\/2025\/12\/Standuebersicht-1536x989.png 1536w, https:\/\/www.bee-pilot.io\/wp-content\/uploads\/2025\/12\/Standuebersicht-2048x1319.png 2048w\" sizes=\"auto, (max-width: 300px) 100vw, 300px\" \/><\/figure>\n<\/div><\/div><\/div>\n<\/div>\n\n\n\n<div class=\"wp-block-column is-layout-flow wp-block-column-is-layout-flow\">\n<div class=\"wp-block-group bp-card\"><div class=\"wp-block-group__inner-container is-layout-constrained wp-block-group-is-layout-constrained\">\n<p class=\"bp-card__kicker\">\ud83e\udded <strong>Emplacements fixes<\/strong><\/p>\n\n\n\n<p class=\"bp-card__text\">Chaque rucher travaille avec des emplacements clairement d\u00e9finis. Chaque colonie est clairement affect\u00e9e \u2013 pour une tra\u00e7abilit\u00e9 maximale, une documentation propre et des \u00e9valuations sur plusieurs ann\u00e9es. <\/p>\n\n\n<div class=\"wp-block-image bp-shot\">\n<figure class=\"aligncenter size-medium\"><img loading=\"lazy\" decoding=\"async\" width=\"139\" height=\"300\" src=\"https:\/\/www.bee-pilot.io\/wp-content\/uploads\/2025\/12\/Standuebersicht-mobil-139x300.png\" alt=\"Aper&#xE7;u du rucher sur mobile\" class=\"wp-image-1128\" srcset=\"https:\/\/www.bee-pilot.io\/wp-content\/uploads\/2025\/12\/Standuebersicht-mobil-139x300.png 139w, https:\/\/www.bee-pilot.io\/wp-content\/uploads\/2025\/12\/Standuebersicht-mobil-473x1024.png 473w, https:\/\/www.bee-pilot.io\/wp-content\/uploads\/2025\/12\/Standuebersicht-mobil-768x1662.png 768w, https:\/\/www.bee-pilot.io\/wp-content\/uploads\/2025\/12\/Standuebersicht-mobil-710x1536.png 710w, https:\/\/www.bee-pilot.io\/wp-content\/uploads\/2025\/12\/Standuebersicht-mobil.png 782w\" sizes=\"auto, (max-width: 139px) 100vw, 139px\" \/><\/figure>\n<\/div><\/div><\/div>\n<\/div>\n\n\n\n<div class=\"wp-block-column is-layout-flow wp-block-column-is-layout-flow\">\n<div class=\"wp-block-group bp-card\"><div class=\"wp-block-group__inner-container is-layout-constrained wp-block-group-is-layout-constrained\">\n<p class=\"bp-card__kicker\">\u2600\ufe0f <strong>M\u00e9t\u00e9o au rucher<\/strong><\/p>\n\n\n\n<p class=\"bp-card__text\">Les donn\u00e9es m\u00e9t\u00e9orologiques bas\u00e9es sur la localisation t\u2019aident \u00e0 choisir le bon moment et \u00e0 prendre les bonnes d\u00e9cisions. Id\u00e9al pour les inspections, les traitements et les interventions \u2013 adapt\u00e9 \u00e0 chaque rucher. <\/p>\n\n\n<div class=\"wp-block-image bp-shot\">\n<figure class=\"aligncenter size-medium\"><img loading=\"lazy\" decoding=\"async\" width=\"300\" height=\"279\" src=\"https:\/\/www.bee-pilot.io\/wp-content\/uploads\/2025\/12\/Wetter-300x279.png\" alt=\"Donn&#xE9;es m&#xE9;t&#xE9;orologiques au rucher\" class=\"wp-image-1127\" srcset=\"https:\/\/www.bee-pilot.io\/wp-content\/uploads\/2025\/12\/Wetter-300x279.png 300w, https:\/\/www.bee-pilot.io\/wp-content\/uploads\/2025\/12\/Wetter-1024x954.png 1024w, https:\/\/www.bee-pilot.io\/wp-content\/uploads\/2025\/12\/Wetter-768x715.png 768w, https:\/\/www.bee-pilot.io\/wp-content\/uploads\/2025\/12\/Wetter-1536x1431.png 1536w, https:\/\/www.bee-pilot.io\/wp-content\/uploads\/2025\/12\/Wetter.png 1604w\" sizes=\"auto, (max-width: 300px) 100vw, 300px\" \/><\/figure>\n<\/div><\/div><\/div>\n<\/div>\n<\/div>\n<\/div><\/div>\n\n<div style=\"height:26px\" aria-hidden=\"true\" class=\"wp-block-spacer\"><\/div>\n\n<div class=\"wp-block-group bp-featurebox\"><div class=\"wp-block-group__inner-container is-layout-constrained wp-container-core-group-is-layout-7a8ecd1d wp-block-group-is-layout-constrained\">\n<h3 class=\"wp-block-heading bp-featurebox__title\" id=\"h-weitere-funktionen-in-der-standubersicht\">Autres fonctions de l\u2019aper\u00e7u du rucher<\/h3>\n\n\n\n<p class=\"bp-featurebox__sub\">Tout est con\u00e7u pour que tu aies moins \u00e0 taper, que tu reconnaisses plus vite ce qui est important et que tu puisses agir directement au rucher.<\/p>\n\n\n\n<div class=\"wp-block-columns bp-cols bp-cols--features is-layout-flex wp-container-core-columns-is-layout-9d6595d7 wp-block-columns-is-layout-flex\">\n<div class=\"wp-block-column is-layout-flow wp-block-column-is-layout-flow\">\n<div class=\"wp-block-group bp-mini\"><div class=\"wp-block-group__inner-container is-layout-constrained wp-block-group-is-layout-constrained\">\n<p class=\"bp-mini__title\">\u2705 <strong>Gestion des t\u00e2ches<\/strong><\/p>\n\n\n\n<p class=\"bp-mini__text\">Planifier, prioriser et cocher les t\u00e2ches par rucher \u2013 pour que rien ne soit oubli\u00e9.<\/p>\n<\/div><\/div>\n<\/div>\n\n\n\n<div class=\"wp-block-column is-layout-flow wp-block-column-is-layout-flow\">\n<div class=\"wp-block-group bp-mini\"><div class=\"wp-block-group__inner-container is-layout-constrained wp-block-group-is-layout-constrained\">\n<p class=\"bp-mini__title\">\ud83d\uddbc\ufe0f <strong>Gestion des images<\/strong><\/p>\n\n\n\n<p class=\"bp-mini__text\">Affecter directement des photos au rucher \u2013 comme documentation visuelle rapide.<\/p>\n<\/div><\/div>\n<\/div>\n\n\n\n<div class=\"wp-block-column is-layout-flow wp-block-column-is-layout-flow\">\n<div class=\"wp-block-group bp-mini\"><div class=\"wp-block-group__inner-container is-layout-constrained wp-block-group-is-layout-constrained\">\n<p class=\"bp-mini__title\">\ud83c\udfaf <strong>Objectifs de s\u00e9lection<\/strong><\/p>\n\n\n\n<p class=\"bp-mini__text\">D\u00e9finir les objectifs par rucher et les suivre de mani\u00e8re coh\u00e9rente \u2013 comme base pour les d\u00e9cisions.<\/p>\n<\/div><\/div>\n<\/div>\n<\/div>\n\n\n\n<div class=\"wp-block-columns bp-cols bp-cols--features is-layout-flex wp-container-core-columns-is-layout-9d6595d7 wp-block-columns-is-layout-flex\">\n<div class=\"wp-block-column is-layout-flow wp-block-column-is-layout-flow\">\n<div class=\"wp-block-group bp-mini\"><div class=\"wp-block-group__inner-container is-layout-constrained wp-block-group-is-layout-constrained\">\n<p class=\"bp-mini__title\">\ud83e\uddfe <strong>Historique propre<\/strong><\/p>\n\n\n\n<p class=\"bp-mini__text\">Tout reste au bon endroit \u2013 tra\u00e7able et \u00e9valuable \u00e0 long terme.<\/p>\n<\/div><\/div>\n<\/div>\n\n\n\n<div class=\"wp-block-column is-layout-flow wp-block-column-is-layout-flow\">\n<div class=\"wp-block-group bp-mini\"><div class=\"wp-block-group__inner-container is-layout-constrained wp-block-group-is-layout-constrained\">\n<p class=\"bp-mini__title\">\u26a1 <strong>\u00c9valuation rapide<\/strong><\/p>\n\n\n\n<p class=\"bp-mini__text\">Reconna\u00eetre plus rapidement les colonies fortes et les anomalies \u2013 id\u00e9al pour la priorisation.<\/p>\n<\/div><\/div>\n<\/div>\n\n\n\n<div class=\"wp-block-column is-layout-flow wp-block-column-is-layout-flow\">\n<div class=\"wp-block-group bp-mini\"><div class=\"wp-block-group__inner-container is-layout-constrained wp-block-group-is-layout-constrained\">\n<p class=\"bp-mini__title\">\ud83c\udf26\ufe0f <strong>Timing &amp; Planification<\/strong><\/p>\n\n\n\n<p class=\"bp-mini__text\">Planifier en fonction du lieu \u2013 pour que les mesures soient prises au bon moment.<\/p>\n<\/div><\/div>\n<\/div>\n<\/div>\n<\/div><\/div>\n\n<div style=\"height:26px\" aria-hidden=\"true\" class=\"wp-block-spacer\"><\/div>\n\n<div class=\"wp-block-group bp-cta\"><div class=\"wp-block-group__inner-container is-layout-constrained wp-container-core-group-is-layout-7a8ecd1d wp-block-group-is-layout-constrained\">\n<h3 class=\"wp-block-heading has-text-align-center bp-cta__title\" id=\"h-bereit-fur-mehr-uberblick-am-bienenstand\">Pr\u00eat pour plus de vue d\u2019ensemble au rucher ?<\/h3>\n\n\n\n<p class=\"has-text-align-center bp-cta__text\">Teste bee-pilot.io gratuitement et d\u00e9couvre ce que signifient structure, transparence et priorit\u00e9s claires dans la pratique.<\/p>\n\n\n\n<div class=\"wp-block-buttons is-content-justification-center is-layout-flex wp-container-core-buttons-is-layout-16018d1d wp-block-buttons-is-layout-flex\">\n<div class=\"wp-block-button bp-btn\"><a class=\"wp-block-button__link has-luminous-vivid-amber-background-color has-background wp-element-button\" href=\"https:\/\/app.bee-pilot.io\/registration\">Tester gratuitement maintenant<\/a><\/div>\n<\/div>\n<\/div><\/div>\n\n<p>\u00a0<\/p>\n","protected":false},"excerpt":{"rendered":"<p>Tout en vue \u2013 avant m\u00eame d\u2019arriver au rucher. Avec bee-pilot.io, tu g\u00e8res tes ruchers comme des unit\u00e9s propres \u2013 avec emplacements, t\u00e2ches, donn\u00e9es m\u00e9t\u00e9orologiques, documentation et objectifs de s\u00e9lection. L\u2019aper\u00e7u du rucher te montre en un coup d\u2019\u0153il ce qui va bien et o\u00f9 il y a un besoin d\u2019action. C\u2019est \u00e7a, avoir une [&hellip;]<\/p>\n","protected":false},"author":1,"featured_media":1184,"parent":0,"menu_order":0,"comment_status":"closed","ping_status":"closed","template":"","meta":{"footnotes":""},"class_list":["post-1182","page","type-page","status-publish","has-post-thumbnail","hentry"],"yoast_head":"<!-- This site is optimized with the Yoast SEO Premium plugin v26.6 (Yoast SEO v26.6) - https:\/\/yoast.com\/wordpress\/plugins\/seo\/ -->\n<title>Aper\u00e7u du rucher : simple et facile - bee-pilot.io<\/title>\n<meta name=\"description\" content=\"Avec bee-pilot.io, tu gardes le contr\u00f4le de ton rucher. D\u00e9couvre les principales fonctions pour une gestion efficace.\" \/>\n<meta name=\"robots\" content=\"index, follow, max-snippet:-1, max-image-preview:large, max-video-preview:-1\" \/>\n<link rel=\"canonical\" href=\"https:\/\/www.bee-pilot.io\/fr\/apercu-complet-de-ton-rucher\/\" \/>\n<meta property=\"og:locale\" content=\"fr_FR\" \/>\n<meta property=\"og:type\" content=\"article\" \/>\n<meta property=\"og:title\" content=\"Aper\u00e7u complet de ton rucher\" \/>\n<meta property=\"og:description\" content=\"Avec bee-pilot.io, tu gardes le contr\u00f4le de ton rucher. D\u00e9couvre les principales fonctions pour une gestion efficace.\" \/>\n<meta property=\"og:url\" content=\"https:\/\/www.bee-pilot.io\/fr\/apercu-complet-de-ton-rucher\/\" \/>\n<meta property=\"og:site_name\" content=\"bee-pilot.io\" \/>\n<meta property=\"article:modified_time\" content=\"2025-12-27T10:59:10+00:00\" \/>\n<meta property=\"og:image\" content=\"https:\/\/www.bee-pilot.io\/wp-content\/uploads\/2025\/12\/service_standuebersicht.png\" \/>\n\t<meta property=\"og:image:width\" content=\"1536\" \/>\n\t<meta property=\"og:image:height\" content=\"1024\" \/>\n\t<meta property=\"og:image:type\" content=\"image\/png\" \/>\n<meta name=\"twitter:card\" content=\"summary_large_image\" \/>\n<meta name=\"twitter:label1\" content=\"Dur\u00e9e de lecture estim\u00e9e\" \/>\n\t<meta name=\"twitter:data1\" content=\"3 minutes\" \/>\n<script type=\"application\/ld+json\" class=\"yoast-schema-graph\">{\"@context\":\"https:\/\/schema.org\",\"@graph\":[{\"@type\":\"WebPage\",\"@id\":\"https:\/\/www.bee-pilot.io\/fr\/apercu-complet-de-ton-rucher\/\",\"url\":\"https:\/\/www.bee-pilot.io\/fr\/apercu-complet-de-ton-rucher\/\",\"name\":\"Aper\u00e7u du rucher : simple et facile - bee-pilot.io\",\"isPartOf\":{\"@id\":\"https:\/\/www.bee-pilot.io\/fr\/#website\"},\"primaryImageOfPage\":{\"@id\":\"https:\/\/www.bee-pilot.io\/fr\/apercu-complet-de-ton-rucher\/#primaryimage\"},\"image\":{\"@id\":\"https:\/\/www.bee-pilot.io\/fr\/apercu-complet-de-ton-rucher\/#primaryimage\"},\"thumbnailUrl\":\"https:\/\/www.bee-pilot.io\/wp-content\/uploads\/2025\/12\/service_standuebersicht.png\",\"datePublished\":\"2025-12-27T08:51:24+00:00\",\"dateModified\":\"2025-12-27T10:59:10+00:00\",\"description\":\"Avec bee-pilot.io, tu gardes le contr\u00f4le de ton rucher. D\u00e9couvre les principales fonctions pour une gestion efficace.\",\"breadcrumb\":{\"@id\":\"https:\/\/www.bee-pilot.io\/fr\/apercu-complet-de-ton-rucher\/#breadcrumb\"},\"inLanguage\":\"fr-FR\",\"potentialAction\":[{\"@type\":\"ReadAction\",\"target\":[\"https:\/\/www.bee-pilot.io\/fr\/apercu-complet-de-ton-rucher\/\"]}]},{\"@type\":\"ImageObject\",\"inLanguage\":\"fr-FR\",\"@id\":\"https:\/\/www.bee-pilot.io\/fr\/apercu-complet-de-ton-rucher\/#primaryimage\",\"url\":\"https:\/\/www.bee-pilot.io\/wp-content\/uploads\/2025\/12\/service_standuebersicht.png\",\"contentUrl\":\"https:\/\/www.bee-pilot.io\/wp-content\/uploads\/2025\/12\/service_standuebersicht.png\",\"width\":1536,\"height\":1024,\"caption\":\"Image d\u2019article pour l\u2019aper\u00e7u du rucher.\"},{\"@type\":\"BreadcrumbList\",\"@id\":\"https:\/\/www.bee-pilot.io\/fr\/apercu-complet-de-ton-rucher\/#breadcrumb\",\"itemListElement\":[{\"@type\":\"ListItem\",\"position\":1,\"name\":\"Startseite\",\"item\":\"https:\/\/www.bee-pilot.io\/fr\/\"},{\"@type\":\"ListItem\",\"position\":2,\"name\":\"Aper\u00e7u complet de ton rucher\"}]},{\"@type\":\"WebSite\",\"@id\":\"https:\/\/www.bee-pilot.io\/fr\/#website\",\"url\":\"https:\/\/www.bee-pilot.io\/fr\/\",\"name\":\"bee-pilot.io\",\"description\":\"Bee-Pilot: KI-gest\u00fctzte Software f\u00fcr Imker \u2013 Digitale Stockkarte, Wetter &amp; Checklisten\",\"publisher\":{\"@id\":\"https:\/\/www.bee-pilot.io\/fr\/#organization\"},\"potentialAction\":[{\"@type\":\"SearchAction\",\"target\":{\"@type\":\"EntryPoint\",\"urlTemplate\":\"https:\/\/www.bee-pilot.io\/fr\/?s={search_term_string}\"},\"query-input\":{\"@type\":\"PropertyValueSpecification\",\"valueRequired\":true,\"valueName\":\"search_term_string\"}}],\"inLanguage\":\"fr-FR\"},{\"@type\":\"Organization\",\"@id\":\"https:\/\/www.bee-pilot.io\/fr\/#organization\",\"name\":\"bee-pilot.io UG (haftungsbeschr\u00e4nkt)\",\"url\":\"https:\/\/www.bee-pilot.io\/fr\/\",\"logo\":{\"@type\":\"ImageObject\",\"inLanguage\":\"fr-FR\",\"@id\":\"https:\/\/www.bee-pilot.io\/fr\/#\/schema\/logo\/image\/\",\"url\":\"https:\/\/www.bee-pilot.io\/wp-content\/uploads\/2024\/10\/cropped-bee-pilot-logo.png\",\"contentUrl\":\"https:\/\/www.bee-pilot.io\/wp-content\/uploads\/2024\/10\/cropped-bee-pilot-logo.png\",\"width\":291,\"height\":85,\"caption\":\"bee-pilot.io UG (haftungsbeschr\u00e4nkt)\"},\"image\":{\"@id\":\"https:\/\/www.bee-pilot.io\/fr\/#\/schema\/logo\/image\/\"}}]}<\/script>\n<!-- \/ Yoast SEO Premium plugin. -->","yoast_head_json":{"title":"Aper\u00e7u du rucher : simple et facile - bee-pilot.io","description":"Avec bee-pilot.io, tu gardes le contr\u00f4le de ton rucher. D\u00e9couvre les principales fonctions pour une gestion efficace.","robots":{"index":"index","follow":"follow","max-snippet":"max-snippet:-1","max-image-preview":"max-image-preview:large","max-video-preview":"max-video-preview:-1"},"canonical":"https:\/\/www.bee-pilot.io\/fr\/apercu-complet-de-ton-rucher\/","og_locale":"fr_FR","og_type":"article","og_title":"Aper\u00e7u complet de ton rucher","og_description":"Avec bee-pilot.io, tu gardes le contr\u00f4le de ton rucher. D\u00e9couvre les principales fonctions pour une gestion efficace.","og_url":"https:\/\/www.bee-pilot.io\/fr\/apercu-complet-de-ton-rucher\/","og_site_name":"bee-pilot.io","article_modified_time":"2025-12-27T10:59:10+00:00","og_image":[{"width":1536,"height":1024,"url":"https:\/\/www.bee-pilot.io\/wp-content\/uploads\/2025\/12\/service_standuebersicht.png","type":"image\/png"}],"twitter_card":"summary_large_image","twitter_misc":{"Dur\u00e9e de lecture estim\u00e9e":"3 minutes"},"schema":{"@context":"https:\/\/schema.org","@graph":[{"@type":"WebPage","@id":"https:\/\/www.bee-pilot.io\/fr\/apercu-complet-de-ton-rucher\/","url":"https:\/\/www.bee-pilot.io\/fr\/apercu-complet-de-ton-rucher\/","name":"Aper\u00e7u du rucher : simple et facile - bee-pilot.io","isPartOf":{"@id":"https:\/\/www.bee-pilot.io\/fr\/#website"},"primaryImageOfPage":{"@id":"https:\/\/www.bee-pilot.io\/fr\/apercu-complet-de-ton-rucher\/#primaryimage"},"image":{"@id":"https:\/\/www.bee-pilot.io\/fr\/apercu-complet-de-ton-rucher\/#primaryimage"},"thumbnailUrl":"https:\/\/www.bee-pilot.io\/wp-content\/uploads\/2025\/12\/service_standuebersicht.png","datePublished":"2025-12-27T08:51:24+00:00","dateModified":"2025-12-27T10:59:10+00:00","description":"Avec bee-pilot.io, tu gardes le contr\u00f4le de ton rucher. D\u00e9couvre les principales fonctions pour une gestion efficace.","breadcrumb":{"@id":"https:\/\/www.bee-pilot.io\/fr\/apercu-complet-de-ton-rucher\/#breadcrumb"},"inLanguage":"fr-FR","potentialAction":[{"@type":"ReadAction","target":["https:\/\/www.bee-pilot.io\/fr\/apercu-complet-de-ton-rucher\/"]}]},{"@type":"ImageObject","inLanguage":"fr-FR","@id":"https:\/\/www.bee-pilot.io\/fr\/apercu-complet-de-ton-rucher\/#primaryimage","url":"https:\/\/www.bee-pilot.io\/wp-content\/uploads\/2025\/12\/service_standuebersicht.png","contentUrl":"https:\/\/www.bee-pilot.io\/wp-content\/uploads\/2025\/12\/service_standuebersicht.png","width":1536,"height":1024,"caption":"Image d\u2019article pour l\u2019aper\u00e7u du rucher."},{"@type":"BreadcrumbList","@id":"https:\/\/www.bee-pilot.io\/fr\/apercu-complet-de-ton-rucher\/#breadcrumb","itemListElement":[{"@type":"ListItem","position":1,"name":"Startseite","item":"https:\/\/www.bee-pilot.io\/fr\/"},{"@type":"ListItem","position":2,"name":"Aper\u00e7u complet de ton rucher"}]},{"@type":"WebSite","@id":"https:\/\/www.bee-pilot.io\/fr\/#website","url":"https:\/\/www.bee-pilot.io\/fr\/","name":"bee-pilot.io","description":"Bee-Pilot: KI-gest\u00fctzte Software f\u00fcr Imker \u2013 Digitale Stockkarte, Wetter &amp; Checklisten","publisher":{"@id":"https:\/\/www.bee-pilot.io\/fr\/#organization"},"potentialAction":[{"@type":"SearchAction","target":{"@type":"EntryPoint","urlTemplate":"https:\/\/www.bee-pilot.io\/fr\/?s={search_term_string}"},"query-input":{"@type":"PropertyValueSpecification","valueRequired":true,"valueName":"search_term_string"}}],"inLanguage":"fr-FR"},{"@type":"Organization","@id":"https:\/\/www.bee-pilot.io\/fr\/#organization","name":"bee-pilot.io UG (haftungsbeschr\u00e4nkt)","url":"https:\/\/www.bee-pilot.io\/fr\/","logo":{"@type":"ImageObject","inLanguage":"fr-FR","@id":"https:\/\/www.bee-pilot.io\/fr\/#\/schema\/logo\/image\/","url":"https:\/\/www.bee-pilot.io\/wp-content\/uploads\/2024\/10\/cropped-bee-pilot-logo.png","contentUrl":"https:\/\/www.bee-pilot.io\/wp-content\/uploads\/2024\/10\/cropped-bee-pilot-logo.png","width":291,"height":85,"caption":"bee-pilot.io UG (haftungsbeschr\u00e4nkt)"},"image":{"@id":"https:\/\/www.bee-pilot.io\/fr\/#\/schema\/logo\/image\/"}}]}},"_links":{"self":[{"href":"https:\/\/www.bee-pilot.io\/fr\/wp-json\/wp\/v2\/pages\/1182","targetHints":{"allow":["GET"]}}],"collection":[{"href":"https:\/\/www.bee-pilot.io\/fr\/wp-json\/wp\/v2\/pages"}],"about":[{"href":"https:\/\/www.bee-pilot.io\/fr\/wp-json\/wp\/v2\/types\/page"}],"author":[{"embeddable":true,"href":"https:\/\/www.bee-pilot.io\/fr\/wp-json\/wp\/v2\/users\/1"}],"replies":[{"embeddable":true,"href":"https:\/\/www.bee-pilot.io\/fr\/wp-json\/wp\/v2\/comments?post=1182"}],"version-history":[{"count":2,"href":"https:\/\/www.bee-pilot.io\/fr\/wp-json\/wp\/v2\/pages\/1182\/revisions"}],"predecessor-version":[{"id":1250,"href":"https:\/\/www.bee-pilot.io\/fr\/wp-json\/wp\/v2\/pages\/1182\/revisions\/1250"}],"wp:featuredmedia":[{"embeddable":true,"href":"https:\/\/www.bee-pilot.io\/fr\/wp-json\/wp\/v2\/media\/1184"}],"wp:attachment":[{"href":"https:\/\/www.bee-pilot.io\/fr\/wp-json\/wp\/v2\/media?parent=1182"}],"curies":[{"name":"wp","href":"https:\/\/api.w.org\/{rel}","templated":true}]}}