{"id":1276,"date":"2025-12-27T11:56:05","date_gmt":"2025-12-27T11:56:05","guid":{"rendered":"https:\/\/www.bee-pilot.io\/donnees-meteorologiques-directement-depuis-le-rucher\/"},"modified":"2025-12-27T13:00:46","modified_gmt":"2025-12-27T13:00:46","slug":"donnees-meteorologiques-directement-depuis-le-rucher","status":"publish","type":"page","link":"https:\/\/www.bee-pilot.io\/fr\/donnees-meteorologiques-directement-depuis-le-rucher\/","title":{"rendered":"Donn\u00e9es m\u00e9t\u00e9orologiques directement depuis le rucher"},"content":{"rendered":"<p><!-- HERO --><\/p>\n\n<div class=\"wp-block-cover alignfull\" style=\"min-height:360px;aspect-ratio:unset;\"><span aria-hidden=\"true\" class=\"wp-block-cover__background has-background-dim-100 has-background-dim\" style=\"background-color:#0f1115\"><\/span><div class=\"wp-block-cover__inner-container is-layout-flow wp-block-cover-is-layout-flow\">\n<div class=\"wp-block-group\"><div class=\"wp-block-group__inner-container is-layout-constrained wp-container-core-group-is-layout-7a8ecd1d wp-block-group-is-layout-constrained\">\n<p>\ud83c\udf26\ufe0f <strong>M\u00e9t\u00e9o &amp; V\u00e9g\u00e9tation<\/strong><\/p>\n\n\n\n<h2 class=\"wp-block-heading\" id=\"h-wetter-verstehen-blute-richtig-einschatzen\">Comprendre la m\u00e9t\u00e9o. Bien \u00e9valuer la floraison. <\/h2>\n\n\n\n<p>Avec <strong>bee-pilot.io<\/strong>, tu as toujours un \u0153il sur la m\u00e9t\u00e9o de ton rucher, non seulement comme un instantan\u00e9, mais aussi comme une base de d\u00e9cision fiable pour ton travail quotidien sur la colonie.<\/p>\n\n\n\n<div class=\"wp-block-buttons is-content-justification-center is-layout-flex wp-container-core-buttons-is-layout-16018d1d wp-block-buttons-is-layout-flex\">\n<div class=\"wp-block-button\"><a class=\"wp-block-button__link has-luminous-vivid-amber-background-color has-background wp-element-button\" href=\"https:\/\/app.bee-pilot.io\/registration\">\n  Tester gratuitement maintenant\n\t\t\t\t\t<\/a><\/div>\n<\/div>\n<\/div><\/div>\n<\/div><\/div>\n<p><!-- CONTENT --><\/p>\n\n<div class=\"wp-block-group\"><div class=\"wp-block-group__inner-container is-layout-constrained wp-container-core-group-is-layout-7a8ecd1d wp-block-group-is-layout-constrained\">\n<div style=\"height:32px\" aria-hidden=\"true\" class=\"wp-block-spacer\"><\/div>\n\n\n\n<div class=\"wp-block-columns is-layout-flex wp-container-core-columns-is-layout-9d6595d7 wp-block-columns-is-layout-flex\">\n<div class=\"wp-block-column is-vertically-aligned-center is-layout-flow wp-block-column-is-layout-flow\">\n<h4 class=\"wp-block-heading\" id=\"h-wettervorhersage-direkt-fur-deinen-bienenstand\">Pr\u00e9visions m\u00e9t\u00e9orologiques directement pour ton rucher<\/h4>\n\n\n\n<p>Consulte des <strong>pr\u00e9visions m\u00e9t\u00e9orologiques pr\u00e9cises pour ton emplacement<\/strong> et planifie tes inspections, traitements ou transhumances de mani\u00e8re beaucoup plus fiable. Tu reconnais rapidement quand une fen\u00eatre de temps est appropri\u00e9e \u2013 et quand il est plus judicieux d&#8217;attendre. <\/p>\n\n\n\n<h4 class=\"wp-block-heading\" id=\"h-wetterdaten-mit-nachvollziehbarer-historie\">Donn\u00e9es m\u00e9t\u00e9orologiques avec un historique tra\u00e7able<\/h4>\n\n\n\n<p>Toutes les donn\u00e9es m\u00e9t\u00e9orologiques pertinentes sont <strong>enregistr\u00e9es en continu<\/strong>. Il en r\u00e9sulte un <strong>historique m\u00e9t\u00e9orologique<\/strong> par rucher, avec lequel tu peux comparer les \u00e9volutions et mieux comprendre les liens entre les conditions m\u00e9t\u00e9orologiques et le d\u00e9veloppement de la colonie. <\/p>\n<\/div>\n\n\n\n<div class=\"wp-block-column is-layout-flow wp-block-column-is-layout-flow\">\n<figure class=\"wp-block-image size-large\"><img loading=\"lazy\" decoding=\"async\" width=\"1024\" height=\"950\" src=\"https:\/\/www.bee-pilot.io\/wp-content\/uploads\/2025\/12\/wetterhistory-1024x950.png\" alt=\"Historique m&#xE9;t&#xE9;orologique au rucher\" class=\"wp-image-1258\" srcset=\"https:\/\/www.bee-pilot.io\/wp-content\/uploads\/2025\/12\/wetterhistory-1024x950.png 1024w, https:\/\/www.bee-pilot.io\/wp-content\/uploads\/2025\/12\/wetterhistory-300x278.png 300w, https:\/\/www.bee-pilot.io\/wp-content\/uploads\/2025\/12\/wetterhistory-768x712.png 768w, https:\/\/www.bee-pilot.io\/wp-content\/uploads\/2025\/12\/wetterhistory-1536x1425.png 1536w, https:\/\/www.bee-pilot.io\/wp-content\/uploads\/2025\/12\/wetterhistory.png 1548w\" sizes=\"auto, (max-width: 1024px) 100vw, 1024px\" \/><\/figure>\n<\/div>\n<\/div>\n\n\n\n<div style=\"height:28px\" aria-hidden=\"true\" class=\"wp-block-spacer\"><\/div>\n\n\n\n<div class=\"wp-block-columns is-layout-flex wp-container-core-columns-is-layout-9d6595d7 wp-block-columns-is-layout-flex\">\n<div class=\"wp-block-column is-layout-flow wp-block-column-is-layout-flow\">\n<figure class=\"wp-block-image size-large\"><img loading=\"lazy\" decoding=\"async\" width=\"840\" height=\"1024\" src=\"https:\/\/www.bee-pilot.io\/wp-content\/uploads\/2025\/12\/gts-summe-840x1024.png\" alt=\"Somme des temp&#xE9;ratures des prairies et floraison\" class=\"wp-image-1259\" srcset=\"https:\/\/www.bee-pilot.io\/wp-content\/uploads\/2025\/12\/gts-summe-840x1024.png 840w, https:\/\/www.bee-pilot.io\/wp-content\/uploads\/2025\/12\/gts-summe-246x300.png 246w, https:\/\/www.bee-pilot.io\/wp-content\/uploads\/2025\/12\/gts-summe-768x936.png 768w, https:\/\/www.bee-pilot.io\/wp-content\/uploads\/2025\/12\/gts-summe-1260x1536.png 1260w, https:\/\/www.bee-pilot.io\/wp-content\/uploads\/2025\/12\/gts-summe.png 1562w\" sizes=\"auto, (max-width: 840px) 100vw, 840px\" \/><\/figure>\n<\/div>\n\n\n\n<div class=\"wp-block-column is-vertically-aligned-center is-layout-flow wp-block-column-is-layout-flow\">\n<h4 class=\"wp-block-heading\" id=\"h-blute-besser-einschatzen-mit-der-grunlandtemperatursumme\">Mieux \u00e9valuer la floraison avec la somme des temp\u00e9ratures des prairies<\/h4>\n\n\n\n<p>bee-pilot.io t&#8217;aide \u00e0 \u00e9valuer la progression de la v\u00e9g\u00e9tation : la <strong>floraison est calcul\u00e9e sur la base de la somme des temp\u00e9ratures des prairies (STP)<\/strong>.<\/p>\n\n\n\n<p>La particularit\u00e9 : <strong>les valeurs peuvent \u00eatre corrig\u00e9es individuellement.<\/strong> Tu peux ainsi tenir compte des conditions locales, de l&#8217;altitude ou du microclimat et adapter tes d\u00e9cisions pr\u00e9cis\u00e9ment \u00e0 ton emplacement.<\/p>\n\n\n\n<p>Au lieu de travailler selon des dates calendaires rigides, tu agis de mani\u00e8re <strong>pratique, en fonction du site et de mani\u00e8re fond\u00e9e<\/strong>.<\/p>\n<\/div>\n<\/div>\n\n\n\n<div style=\"height:32px\" aria-hidden=\"true\" class=\"wp-block-spacer\"><\/div>\n<\/div><\/div>\n<p><!-- CTA --><\/p>\n\n<div class=\"wp-block-cover alignfull\" style=\"min-height:220px;aspect-ratio:unset;\"><span aria-hidden=\"true\" class=\"wp-block-cover__background has-background-dim-100 has-background-dim\" style=\"background-color:#0f1115\"><\/span><div class=\"wp-block-cover__inner-container is-layout-flow wp-block-cover-is-layout-flow\">\n<div class=\"wp-block-group\"><div class=\"wp-block-group__inner-container is-layout-constrained wp-container-core-group-is-layout-7a8ecd1d wp-block-group-is-layout-constrained\">\n<h3 class=\"wp-block-heading has-text-align-center\" id=\"h-triff-entscheidungen-auf-basis-von-daten-nicht-nach-gefuhl\">Prends des d\u00e9cisions sur la base de donn\u00e9es \u2013 pas au feeling<\/h3>\n\n\n\n<p class=\"has-text-align-center\">Teste bee-pilot.io gratuitement et utilise les donn\u00e9es m\u00e9t\u00e9orologiques et de floraison exactement l\u00e0 o\u00f9 elles comptent : dans ton rucher.<\/p>\n\n\n\n<div class=\"wp-block-buttons is-content-justification-center is-layout-flex wp-container-core-buttons-is-layout-16018d1d wp-block-buttons-is-layout-flex\">\n<div class=\"wp-block-button\"><a class=\"wp-block-button__link has-luminous-vivid-amber-background-color has-background wp-element-button\" href=\"https:\/\/app.bee-pilot.io\/registration\">\n  Tester gratuitement maintenant\n\t\t\t\t\t<\/a><\/div>\n<\/div>\n<\/div><\/div>\n<\/div><\/div>\n","protected":false},"excerpt":{"rendered":"<p>Pr\u00e9visions m\u00e9t\u00e9orologiques directement pour ton rucher Consulte des pr\u00e9visions m\u00e9t\u00e9orologiques pr\u00e9cises pour ton emplacement et planifie tes inspections, traitements ou transhumances de mani\u00e8re beaucoup plus fiable. Tu reconnais rapidement quand une fen\u00eatre de temps est appropri\u00e9e \u2013 et quand il est plus judicieux d&#8217;attendre. Donn\u00e9es m\u00e9t\u00e9orologiques avec un historique tra\u00e7able Toutes les donn\u00e9es m\u00e9t\u00e9orologiques pertinentes [&hellip;]<\/p>\n","protected":false},"author":1,"featured_media":1278,"parent":0,"menu_order":0,"comment_status":"closed","ping_status":"closed","template":"","meta":{"footnotes":""},"class_list":["post-1276","page","type-page","status-publish","has-post-thumbnail","hentry"],"yoast_head":"<!-- This site is optimized with the Yoast SEO Premium plugin v26.6 (Yoast SEO v26.6) - https:\/\/yoast.com\/wordpress\/plugins\/seo\/ -->\n<title>Les donn\u00e9es m\u00e9t\u00e9orologiques et leur importance pour l&#039;apiculture - bee-pilot.io<\/title>\n<meta name=\"description\" content=\"Avec bee-pilot.io, tu as acc\u00e8s \u00e0 tout moment \u00e0 des donn\u00e9es m\u00e9t\u00e9orologiques pr\u00e9cises pour ton rucher et tu peux planifier ton travail de mani\u00e8re fiable.\" \/>\n<meta name=\"robots\" content=\"index, follow, max-snippet:-1, max-image-preview:large, max-video-preview:-1\" \/>\n<link rel=\"canonical\" href=\"https:\/\/www.bee-pilot.io\/fr\/donnees-meteorologiques-directement-depuis-le-rucher\/\" \/>\n<meta property=\"og:locale\" content=\"fr_FR\" \/>\n<meta property=\"og:type\" content=\"article\" \/>\n<meta property=\"og:title\" content=\"Donn\u00e9es m\u00e9t\u00e9orologiques directement depuis le rucher\" \/>\n<meta property=\"og:description\" content=\"Avec bee-pilot.io, tu as acc\u00e8s \u00e0 tout moment \u00e0 des donn\u00e9es m\u00e9t\u00e9orologiques pr\u00e9cises pour ton rucher et tu peux planifier ton travail de mani\u00e8re fiable.\" \/>\n<meta property=\"og:url\" content=\"https:\/\/www.bee-pilot.io\/fr\/donnees-meteorologiques-directement-depuis-le-rucher\/\" \/>\n<meta property=\"og:site_name\" content=\"bee-pilot.io\" \/>\n<meta property=\"article:modified_time\" content=\"2025-12-27T13:00:46+00:00\" \/>\n<meta property=\"og:image\" content=\"https:\/\/www.bee-pilot.io\/wp-content\/uploads\/2025\/12\/gts-banner.png\" \/>\n\t<meta property=\"og:image:width\" content=\"1536\" \/>\n\t<meta property=\"og:image:height\" content=\"1024\" \/>\n\t<meta property=\"og:image:type\" content=\"image\/png\" \/>\n<meta name=\"twitter:card\" content=\"summary_large_image\" \/>\n<meta name=\"twitter:label1\" content=\"Dur\u00e9e de lecture estim\u00e9e\" \/>\n\t<meta name=\"twitter:data1\" content=\"3 minutes\" \/>\n<script type=\"application\/ld+json\" class=\"yoast-schema-graph\">{\"@context\":\"https:\/\/schema.org\",\"@graph\":[{\"@type\":\"WebPage\",\"@id\":\"https:\/\/www.bee-pilot.io\/fr\/donnees-meteorologiques-directement-depuis-le-rucher\/\",\"url\":\"https:\/\/www.bee-pilot.io\/fr\/donnees-meteorologiques-directement-depuis-le-rucher\/\",\"name\":\"Les donn\u00e9es m\u00e9t\u00e9orologiques et leur importance pour l'apiculture - bee-pilot.io\",\"isPartOf\":{\"@id\":\"https:\/\/www.bee-pilot.io\/fr\/#website\"},\"primaryImageOfPage\":{\"@id\":\"https:\/\/www.bee-pilot.io\/fr\/donnees-meteorologiques-directement-depuis-le-rucher\/#primaryimage\"},\"image\":{\"@id\":\"https:\/\/www.bee-pilot.io\/fr\/donnees-meteorologiques-directement-depuis-le-rucher\/#primaryimage\"},\"thumbnailUrl\":\"https:\/\/www.bee-pilot.io\/wp-content\/uploads\/2025\/12\/gts-banner.png\",\"datePublished\":\"2025-12-27T11:56:05+00:00\",\"dateModified\":\"2025-12-27T13:00:46+00:00\",\"description\":\"Avec bee-pilot.io, tu as acc\u00e8s \u00e0 tout moment \u00e0 des donn\u00e9es m\u00e9t\u00e9orologiques pr\u00e9cises pour ton rucher et tu peux planifier ton travail de mani\u00e8re fiable.\",\"breadcrumb\":{\"@id\":\"https:\/\/www.bee-pilot.io\/fr\/donnees-meteorologiques-directement-depuis-le-rucher\/#breadcrumb\"},\"inLanguage\":\"fr-FR\",\"potentialAction\":[{\"@type\":\"ReadAction\",\"target\":[\"https:\/\/www.bee-pilot.io\/fr\/donnees-meteorologiques-directement-depuis-le-rucher\/\"]}]},{\"@type\":\"ImageObject\",\"inLanguage\":\"fr-FR\",\"@id\":\"https:\/\/www.bee-pilot.io\/fr\/donnees-meteorologiques-directement-depuis-le-rucher\/#primaryimage\",\"url\":\"https:\/\/www.bee-pilot.io\/wp-content\/uploads\/2025\/12\/gts-banner.png\",\"contentUrl\":\"https:\/\/www.bee-pilot.io\/wp-content\/uploads\/2025\/12\/gts-banner.png\",\"width\":1536,\"height\":1024,\"caption\":\"Image d'un apiculteur lisant des donn\u00e9es m\u00e9t\u00e9orologiques sur une tablette\"},{\"@type\":\"BreadcrumbList\",\"@id\":\"https:\/\/www.bee-pilot.io\/fr\/donnees-meteorologiques-directement-depuis-le-rucher\/#breadcrumb\",\"itemListElement\":[{\"@type\":\"ListItem\",\"position\":1,\"name\":\"Startseite\",\"item\":\"https:\/\/www.bee-pilot.io\/fr\/\"},{\"@type\":\"ListItem\",\"position\":2,\"name\":\"Donn\u00e9es m\u00e9t\u00e9orologiques directement depuis le rucher\"}]},{\"@type\":\"WebSite\",\"@id\":\"https:\/\/www.bee-pilot.io\/fr\/#website\",\"url\":\"https:\/\/www.bee-pilot.io\/fr\/\",\"name\":\"bee-pilot.io\",\"description\":\"Bee-Pilot: KI-gest\u00fctzte Software f\u00fcr Imker \u2013 Digitale Stockkarte, Wetter &amp; Checklisten\",\"publisher\":{\"@id\":\"https:\/\/www.bee-pilot.io\/fr\/#organization\"},\"potentialAction\":[{\"@type\":\"SearchAction\",\"target\":{\"@type\":\"EntryPoint\",\"urlTemplate\":\"https:\/\/www.bee-pilot.io\/fr\/?s={search_term_string}\"},\"query-input\":{\"@type\":\"PropertyValueSpecification\",\"valueRequired\":true,\"valueName\":\"search_term_string\"}}],\"inLanguage\":\"fr-FR\"},{\"@type\":\"Organization\",\"@id\":\"https:\/\/www.bee-pilot.io\/fr\/#organization\",\"name\":\"bee-pilot.io UG (haftungsbeschr\u00e4nkt)\",\"url\":\"https:\/\/www.bee-pilot.io\/fr\/\",\"logo\":{\"@type\":\"ImageObject\",\"inLanguage\":\"fr-FR\",\"@id\":\"https:\/\/www.bee-pilot.io\/fr\/#\/schema\/logo\/image\/\",\"url\":\"https:\/\/www.bee-pilot.io\/wp-content\/uploads\/2024\/10\/cropped-bee-pilot-logo.png\",\"contentUrl\":\"https:\/\/www.bee-pilot.io\/wp-content\/uploads\/2024\/10\/cropped-bee-pilot-logo.png\",\"width\":291,\"height\":85,\"caption\":\"bee-pilot.io UG (haftungsbeschr\u00e4nkt)\"},\"image\":{\"@id\":\"https:\/\/www.bee-pilot.io\/fr\/#\/schema\/logo\/image\/\"}}]}<\/script>\n<!-- \/ Yoast SEO Premium plugin. -->","yoast_head_json":{"title":"Les donn\u00e9es m\u00e9t\u00e9orologiques et leur importance pour l'apiculture - bee-pilot.io","description":"Avec bee-pilot.io, tu as acc\u00e8s \u00e0 tout moment \u00e0 des donn\u00e9es m\u00e9t\u00e9orologiques pr\u00e9cises pour ton rucher et tu peux planifier ton travail de mani\u00e8re fiable.","robots":{"index":"index","follow":"follow","max-snippet":"max-snippet:-1","max-image-preview":"max-image-preview:large","max-video-preview":"max-video-preview:-1"},"canonical":"https:\/\/www.bee-pilot.io\/fr\/donnees-meteorologiques-directement-depuis-le-rucher\/","og_locale":"fr_FR","og_type":"article","og_title":"Donn\u00e9es m\u00e9t\u00e9orologiques directement depuis le rucher","og_description":"Avec bee-pilot.io, tu as acc\u00e8s \u00e0 tout moment \u00e0 des donn\u00e9es m\u00e9t\u00e9orologiques pr\u00e9cises pour ton rucher et tu peux planifier ton travail de mani\u00e8re fiable.","og_url":"https:\/\/www.bee-pilot.io\/fr\/donnees-meteorologiques-directement-depuis-le-rucher\/","og_site_name":"bee-pilot.io","article_modified_time":"2025-12-27T13:00:46+00:00","og_image":[{"width":1536,"height":1024,"url":"https:\/\/www.bee-pilot.io\/wp-content\/uploads\/2025\/12\/gts-banner.png","type":"image\/png"}],"twitter_card":"summary_large_image","twitter_misc":{"Dur\u00e9e de lecture estim\u00e9e":"3 minutes"},"schema":{"@context":"https:\/\/schema.org","@graph":[{"@type":"WebPage","@id":"https:\/\/www.bee-pilot.io\/fr\/donnees-meteorologiques-directement-depuis-le-rucher\/","url":"https:\/\/www.bee-pilot.io\/fr\/donnees-meteorologiques-directement-depuis-le-rucher\/","name":"Les donn\u00e9es m\u00e9t\u00e9orologiques et leur importance pour l'apiculture - bee-pilot.io","isPartOf":{"@id":"https:\/\/www.bee-pilot.io\/fr\/#website"},"primaryImageOfPage":{"@id":"https:\/\/www.bee-pilot.io\/fr\/donnees-meteorologiques-directement-depuis-le-rucher\/#primaryimage"},"image":{"@id":"https:\/\/www.bee-pilot.io\/fr\/donnees-meteorologiques-directement-depuis-le-rucher\/#primaryimage"},"thumbnailUrl":"https:\/\/www.bee-pilot.io\/wp-content\/uploads\/2025\/12\/gts-banner.png","datePublished":"2025-12-27T11:56:05+00:00","dateModified":"2025-12-27T13:00:46+00:00","description":"Avec bee-pilot.io, tu as acc\u00e8s \u00e0 tout moment \u00e0 des donn\u00e9es m\u00e9t\u00e9orologiques pr\u00e9cises pour ton rucher et tu peux planifier ton travail de mani\u00e8re fiable.","breadcrumb":{"@id":"https:\/\/www.bee-pilot.io\/fr\/donnees-meteorologiques-directement-depuis-le-rucher\/#breadcrumb"},"inLanguage":"fr-FR","potentialAction":[{"@type":"ReadAction","target":["https:\/\/www.bee-pilot.io\/fr\/donnees-meteorologiques-directement-depuis-le-rucher\/"]}]},{"@type":"ImageObject","inLanguage":"fr-FR","@id":"https:\/\/www.bee-pilot.io\/fr\/donnees-meteorologiques-directement-depuis-le-rucher\/#primaryimage","url":"https:\/\/www.bee-pilot.io\/wp-content\/uploads\/2025\/12\/gts-banner.png","contentUrl":"https:\/\/www.bee-pilot.io\/wp-content\/uploads\/2025\/12\/gts-banner.png","width":1536,"height":1024,"caption":"Image d'un apiculteur lisant des donn\u00e9es m\u00e9t\u00e9orologiques sur une tablette"},{"@type":"BreadcrumbList","@id":"https:\/\/www.bee-pilot.io\/fr\/donnees-meteorologiques-directement-depuis-le-rucher\/#breadcrumb","itemListElement":[{"@type":"ListItem","position":1,"name":"Startseite","item":"https:\/\/www.bee-pilot.io\/fr\/"},{"@type":"ListItem","position":2,"name":"Donn\u00e9es m\u00e9t\u00e9orologiques directement depuis le rucher"}]},{"@type":"WebSite","@id":"https:\/\/www.bee-pilot.io\/fr\/#website","url":"https:\/\/www.bee-pilot.io\/fr\/","name":"bee-pilot.io","description":"Bee-Pilot: KI-gest\u00fctzte Software f\u00fcr Imker \u2013 Digitale Stockkarte, Wetter &amp; Checklisten","publisher":{"@id":"https:\/\/www.bee-pilot.io\/fr\/#organization"},"potentialAction":[{"@type":"SearchAction","target":{"@type":"EntryPoint","urlTemplate":"https:\/\/www.bee-pilot.io\/fr\/?s={search_term_string}"},"query-input":{"@type":"PropertyValueSpecification","valueRequired":true,"valueName":"search_term_string"}}],"inLanguage":"fr-FR"},{"@type":"Organization","@id":"https:\/\/www.bee-pilot.io\/fr\/#organization","name":"bee-pilot.io UG (haftungsbeschr\u00e4nkt)","url":"https:\/\/www.bee-pilot.io\/fr\/","logo":{"@type":"ImageObject","inLanguage":"fr-FR","@id":"https:\/\/www.bee-pilot.io\/fr\/#\/schema\/logo\/image\/","url":"https:\/\/www.bee-pilot.io\/wp-content\/uploads\/2024\/10\/cropped-bee-pilot-logo.png","contentUrl":"https:\/\/www.bee-pilot.io\/wp-content\/uploads\/2024\/10\/cropped-bee-pilot-logo.png","width":291,"height":85,"caption":"bee-pilot.io UG (haftungsbeschr\u00e4nkt)"},"image":{"@id":"https:\/\/www.bee-pilot.io\/fr\/#\/schema\/logo\/image\/"}}]}},"_links":{"self":[{"href":"https:\/\/www.bee-pilot.io\/fr\/wp-json\/wp\/v2\/pages\/1276","targetHints":{"allow":["GET"]}}],"collection":[{"href":"https:\/\/www.bee-pilot.io\/fr\/wp-json\/wp\/v2\/pages"}],"about":[{"href":"https:\/\/www.bee-pilot.io\/fr\/wp-json\/wp\/v2\/types\/page"}],"author":[{"embeddable":true,"href":"https:\/\/www.bee-pilot.io\/fr\/wp-json\/wp\/v2\/users\/1"}],"replies":[{"embeddable":true,"href":"https:\/\/www.bee-pilot.io\/fr\/wp-json\/wp\/v2\/comments?post=1276"}],"version-history":[{"count":1,"href":"https:\/\/www.bee-pilot.io\/fr\/wp-json\/wp\/v2\/pages\/1276\/revisions"}],"predecessor-version":[{"id":1279,"href":"https:\/\/www.bee-pilot.io\/fr\/wp-json\/wp\/v2\/pages\/1276\/revisions\/1279"}],"wp:featuredmedia":[{"embeddable":true,"href":"https:\/\/www.bee-pilot.io\/fr\/wp-json\/wp\/v2\/media\/1278"}],"wp:attachment":[{"href":"https:\/\/www.bee-pilot.io\/fr\/wp-json\/wp\/v2\/media?parent=1276"}],"curies":[{"name":"wp","href":"https:\/\/api.w.org\/{rel}","templated":true}]}}