{"id":1320,"date":"2025-12-27T13:20:38","date_gmt":"2025-12-27T13:20:38","guid":{"rendered":"https:\/\/www.bee-pilot.io\/revue-des-colonies\/"},"modified":"2026-03-31T05:43:29","modified_gmt":"2026-03-31T05:43:29","slug":"revue-des-colonies","status":"publish","type":"page","link":"https:\/\/www.bee-pilot.io\/fr\/revue-des-colonies\/","title":{"rendered":"Revue des colonies"},"content":{"rendered":"<p><!-- HERO --><\/p>\n\n<div class=\"wp-block-cover alignfull\" style=\"min-height:360px;aspect-ratio:unset;\"><span aria-hidden=\"true\" class=\"wp-block-cover__background has-background-dim-100 has-background-dim\" style=\"background-color:#0f1115\"><\/span><div class=\"wp-block-cover__inner-container is-layout-flow wp-block-cover-is-layout-flow\">\n<div class=\"wp-block-group\"><div class=\"wp-block-group__inner-container is-layout-constrained wp-container-core-group-is-layout-7a8ecd1d wp-block-group-is-layout-constrained\">\n<p>\u2705 <strong>Revue (V\u00e9rifications)<\/strong><\/p>\n\n\n\n<h2 class=\"wp-block-heading\" id=\"h-gefuhrt-prufen-per-sprache-protokollieren-automatisch-auswerten\">V\u00e9rification guid\u00e9e. Enregistrement vocal. \u00c9valuation automatique.  <\/h2>\n\n\n\n<p>Avec <strong>bee-pilot.io<\/strong>, la revue de tes colonies d\u2019abeilles devient structur\u00e9e, rapide et compr\u00e9hensible. Au lieu de notes \u00e9parses ou de processus non uniformes, la solution te guide <strong>\u00e9tape par \u00e9tape \u00e0 travers chaque revue<\/strong> \u2013 clairement, logiquement et toujours structur\u00e9e de la m\u00eame mani\u00e8re. <\/p>\n\n\n\n<div class=\"wp-block-buttons is-content-justification-center is-layout-flex wp-container-core-buttons-is-layout-16018d1d wp-block-buttons-is-layout-flex\">\n<div class=\"wp-block-button\"><a class=\"wp-block-button__link has-luminous-vivid-amber-background-color has-background wp-element-button\" href=\"https:\/\/app.bee-pilot.io\/registration\">Tester gratuitement maintenant<\/a><\/div>\n<\/div>\n<\/div><\/div>\n<\/div><\/div>\n<p><!-- CONTENT --><\/p>\n\n<div class=\"wp-block-group\"><div class=\"wp-block-group__inner-container is-layout-constrained wp-container-core-group-is-layout-7a8ecd1d wp-block-group-is-layout-constrained\">\n<div style=\"height:32px\" aria-hidden=\"true\" class=\"wp-block-spacer\"><\/div>\n\n\n\n<div class=\"wp-block-columns is-layout-flex wp-container-core-columns-is-layout-9d6595d7 wp-block-columns-is-layout-flex\">\n<div class=\"wp-block-column is-vertically-aligned-center is-layout-flow wp-block-column-is-layout-flow\">\n<h3 class=\"wp-block-heading\" id=\"h-gefuhrte-durchsicht-mit-checkliste\">Revue guid\u00e9e avec liste de contr\u00f4le<\/h3>\n\n\n\n<p>Chaque revue est bas\u00e9e sur une <strong>liste de contr\u00f4le pratique<\/strong> qui te guide \u00e0 travers tous les points de contr\u00f4le pertinents. Ainsi, tu n\u2019oublies rien, tu travailles syst\u00e9matiquement et tu obtiens des r\u00e9sultats propres et comparables \u2013 que tu contr\u00f4les une seule colonie ou plusieurs \u00e0 la suite. <\/p>\n<\/div>\n\n\n\n<div class=\"wp-block-column is-layout-flow wp-block-column-is-layout-flow\">\n<figure class=\"wp-block-image size-large\"><img loading=\"lazy\" decoding=\"async\" width=\"1024\" height=\"658\" src=\"https:\/\/www.bee-pilot.io\/wp-content\/uploads\/2025\/12\/Check_Desktop-1024x658.png\" alt=\"Liste de contr&#xF4;le sur ordinateur avec bee-pilot.io\" class=\"wp-image-1300\" srcset=\"https:\/\/www.bee-pilot.io\/wp-content\/uploads\/2025\/12\/Check_Desktop-1024x658.png 1024w, https:\/\/www.bee-pilot.io\/wp-content\/uploads\/2025\/12\/Check_Desktop-300x193.png 300w, https:\/\/www.bee-pilot.io\/wp-content\/uploads\/2025\/12\/Check_Desktop-768x493.png 768w, https:\/\/www.bee-pilot.io\/wp-content\/uploads\/2025\/12\/Check_Desktop-1536x987.png 1536w, https:\/\/www.bee-pilot.io\/wp-content\/uploads\/2025\/12\/Check_Desktop-2048x1316.png 2048w\" sizes=\"auto, (max-width: 1024px) 100vw, 1024px\" \/><\/figure>\n<\/div>\n<\/div>\n\n\n\n<div style=\"height:28px\" aria-hidden=\"true\" class=\"wp-block-spacer\"><\/div>\n\n\n\n<div class=\"wp-block-columns is-layout-flex wp-container-core-columns-is-layout-9d6595d7 wp-block-columns-is-layout-flex\">\n<div class=\"wp-block-column is-layout-flow wp-block-column-is-layout-flow\"><div class=\"wp-block-image\">\n<figure class=\"aligncenter size-medium\"><img loading=\"lazy\" decoding=\"async\" width=\"138\" height=\"300\" src=\"https:\/\/www.bee-pilot.io\/wp-content\/uploads\/2025\/12\/SpeechToCheck-138x300.png\" alt=\"Enregistrement vocal lors de la revue\" class=\"wp-image-1301\" srcset=\"https:\/\/www.bee-pilot.io\/wp-content\/uploads\/2025\/12\/SpeechToCheck-138x300.png 138w, https:\/\/www.bee-pilot.io\/wp-content\/uploads\/2025\/12\/SpeechToCheck-470x1024.png 470w, https:\/\/www.bee-pilot.io\/wp-content\/uploads\/2025\/12\/SpeechToCheck-768x1675.png 768w, https:\/\/www.bee-pilot.io\/wp-content\/uploads\/2025\/12\/SpeechToCheck-704x1536.png 704w, https:\/\/www.bee-pilot.io\/wp-content\/uploads\/2025\/12\/SpeechToCheck.png 774w\" sizes=\"auto, (max-width: 138px) 100vw, 138px\" \/><\/figure>\n<\/div><\/div>\n\n\n\n<div class=\"wp-block-column is-vertically-aligned-center is-layout-flow wp-block-column-is-layout-flow\">\n<h3 class=\"wp-block-heading\" id=\"h-highlight-protokollieren-per-spracheingabe\">Point fort : Protocole par saisie vocale<\/h3>\n\n\n\n<p>Pendant la revue, tu peux simplement <strong>\u00e9noncer<\/strong> tes observations au lieu de les taper. <strong>bee-pilot.io \u00e9value automatiquement tes saisies vocales<\/strong>, reconna\u00eet les contenus pertinents et remplit automatiquement les points de contr\u00f4le appropri\u00e9s \u00e0 l\u2019aide de l\u2019<strong>IA<\/strong>.<\/p>\n\n\n\n<p>Cela fait gagner du temps, r\u00e9duit les efforts de frappe et te permet de garder l\u2019attention l\u00e0 o\u00f9 elle doit \u00eatre : sur la colonie.<\/p>\n<\/div>\n<\/div>\n\n\n\n<div style=\"height:28px\" aria-hidden=\"true\" class=\"wp-block-spacer\"><\/div>\n\n\n\n<div class=\"wp-block-columns is-layout-flex wp-container-core-columns-is-layout-9d6595d7 wp-block-columns-is-layout-flex\">\n<div class=\"wp-block-column is-vertically-aligned-center is-layout-flow wp-block-column-is-layout-flow\">\n<h3 class=\"wp-block-heading\" id=\"h-direkt-digital-oder-auf-papier-du-entscheidest\">Directement en num\u00e9rique ou sur papier \u2014 c\u2019est toi qui d\u00e9cides<\/h3>\n\n\n\n<p><strong>bee-pilot.io te laisse le choix de la mani\u00e8re dont tu veux r\u00e9aliser ta visite.<\/strong> Tu peux remplir la checklist directement au rucher sur ton <strong>t\u00e9l\u00e9phone ou ta tablette<\/strong> \u2014 rapidement, en mobilit\u00e9, et enregistr\u00e9e imm\u00e9diatement en num\u00e9rique.<\/p>\n\n\n\n<p>Ou tu te pr\u00e9pares de fa\u00e7on classique : imprime tes <strong>checklists avant d\u2019aller au rucher<\/strong>, remplis-les sur place <strong>\u00e0 la main<\/strong>, puis scanne-les simplement plus tard.<\/p>\n\n\n\n<p><strong>bee-pilot.io reconna\u00eet automatiquement les notes manuscrites<\/strong> et les transf\u00e8re dans la <strong>checklist num\u00e9rique<\/strong>. Tu travailles ainsi exactement comme \u00e7a s\u2019int\u00e8gre \u00e0 ton quotidien \u2014 en num\u00e9rique, sur papier ou en combinant les deux avec souplesse. <\/p>\n<\/div>\n\n\n\n<div class=\"wp-block-column is-layout-flow wp-block-column-is-layout-flow\"><div class=\"wp-block-image\">\n<figure class=\"aligncenter size-medium\"><img loading=\"lazy\" decoding=\"async\" width=\"138\" height=\"300\" src=\"https:\/\/www.bee-pilot.io\/wp-content\/uploads\/2025\/12\/Check_mobil-138x300.png\" alt=\"Liste de contr&#xF4;le bee-pilot.io sur mobile\" class=\"wp-image-1302\" srcset=\"https:\/\/www.bee-pilot.io\/wp-content\/uploads\/2025\/12\/Check_mobil-138x300.png 138w, https:\/\/www.bee-pilot.io\/wp-content\/uploads\/2025\/12\/Check_mobil-471x1024.png 471w, https:\/\/www.bee-pilot.io\/wp-content\/uploads\/2025\/12\/Check_mobil-768x1670.png 768w, https:\/\/www.bee-pilot.io\/wp-content\/uploads\/2025\/12\/Check_mobil-706x1536.png 706w, https:\/\/www.bee-pilot.io\/wp-content\/uploads\/2025\/12\/Check_mobil.png 778w\" sizes=\"auto, (max-width: 138px) 100vw, 138px\" \/><\/figure>\n<\/div><\/div>\n<\/div>\n\n\n\n<div style=\"height:28px\" aria-hidden=\"true\" class=\"wp-block-spacer\"><\/div>\n\n\n\n<div class=\"wp-block-columns is-layout-flex wp-container-core-columns-is-layout-9d6595d7 wp-block-columns-is-layout-flex\">\n<div class=\"wp-block-column is-vertically-aligned-center is-layout-flow wp-block-column-is-layout-flow\">\n<h3 class=\"wp-block-heading\" id=\"h-alles-ok-eine-durchsicht-mit-nur-einem-klick\">\u00ab Tout est OK \u00bb \u2013 une revue en un seul clic<\/h3>\n\n\n\n<p>Si tout va bien, un seul clic suffit : avec le <strong>bouton \u00ab Tout est OK \u00bb<\/strong>, tu confirmes tous les points de contr\u00f4le de la revue en m\u00eame temps \u2013 rapidement, proprement et pourtant enti\u00e8rement document\u00e9s.<\/p>\n<\/div>\n\n\n\n<div class=\"wp-block-column is-layout-flow wp-block-column-is-layout-flow\"><div class=\"wp-block-image\">\n<figure class=\"aligncenter size-medium\"><img loading=\"lazy\" decoding=\"async\" width=\"138\" height=\"300\" src=\"https:\/\/www.bee-pilot.io\/wp-content\/uploads\/2025\/12\/Check_mobil-138x300.png\" alt=\"Liste de contr&#xF4;le bee-pilot.io sur mobile\" class=\"wp-image-1302\" srcset=\"https:\/\/www.bee-pilot.io\/wp-content\/uploads\/2025\/12\/Check_mobil-138x300.png 138w, https:\/\/www.bee-pilot.io\/wp-content\/uploads\/2025\/12\/Check_mobil-471x1024.png 471w, https:\/\/www.bee-pilot.io\/wp-content\/uploads\/2025\/12\/Check_mobil-768x1670.png 768w, https:\/\/www.bee-pilot.io\/wp-content\/uploads\/2025\/12\/Check_mobil-706x1536.png 706w, https:\/\/www.bee-pilot.io\/wp-content\/uploads\/2025\/12\/Check_mobil.png 778w\" sizes=\"auto, (max-width: 138px) 100vw, 138px\" \/><\/figure>\n<\/div><\/div>\n<\/div>\n\n\n\n<div style=\"height:28px\" aria-hidden=\"true\" class=\"wp-block-spacer\"><\/div>\n\n\n\n<h3 class=\"wp-block-heading\" id=\"h-wertvolle-daten-fur-auswertungen-und-zucht\">Des donn\u00e9es pr\u00e9cieuses pour les \u00e9valuations et l\u2019\u00e9levage<\/h3>\n\n\n\n<p>Toutes les donn\u00e9es saisies lors des revues sont <strong>enregistr\u00e9es en permanence<\/strong> et utilis\u00e9es pour des <strong>\u00e9valuations<\/strong> plus approfondies \u2013 par exemple dans le domaine de l\u2019<strong>\u00e9levage de base<\/strong>. Ainsi, chaque revue devient un point de donn\u00e9es pr\u00e9cieux qui rend visibles les \u00e9volutions \u00e0 long terme et soutient les d\u00e9cisions fond\u00e9es. <\/p>\n\n\n\n<p>Avec bee-pilot.io, la revue passe d\u2019un rendez-vous obligatoire \u00e0 une <strong>base efficace et bas\u00e9e sur les donn\u00e9es<\/strong> de ton apiculture \u2013 r\u00e9alis\u00e9e rapidement, document\u00e9e proprement et \u00e9valu\u00e9e intelligemment.<\/p>\n\n\n\n<div style=\"height:22px\" aria-hidden=\"true\" class=\"wp-block-spacer\"><\/div>\n<\/div><\/div>\n<p><!-- CTA --><\/p>\n\n<div class=\"wp-block-cover alignfull\" style=\"min-height:220px;aspect-ratio:unset;\"><span aria-hidden=\"true\" class=\"wp-block-cover__background has-background-dim-100 has-background-dim\" style=\"background-color:#0f1115\"><\/span><div class=\"wp-block-cover__inner-container is-layout-flow wp-block-cover-is-layout-flow\">\n<div class=\"wp-block-group\"><div class=\"wp-block-group__inner-container is-layout-constrained wp-container-core-group-is-layout-7a8ecd1d wp-block-group-is-layout-constrained\">\n<h3 class=\"wp-block-heading has-text-align-center\" id=\"h-durchsichten-die-sich-wie-ein-ablaufplan-anfuhlen\">Des revues qui ressemblent \u00e0 un organigramme<\/h3>\n\n\n\n<p class=\"has-text-align-center\">Teste bee-pilot.io gratuitement et d\u00e9couvre \u00e0 quel point ta documentation peut \u00eatre flexible \u2014 directement en num\u00e9rique, par la voix, ou avec une checklist papier et un scan.<\/p>\n\n\n\n<div class=\"wp-block-buttons is-content-justification-center is-layout-flex wp-container-core-buttons-is-layout-16018d1d wp-block-buttons-is-layout-flex\">\n<div class=\"wp-block-button\"><a class=\"wp-block-button__link has-luminous-vivid-amber-background-color has-background wp-element-button\" href=\"https:\/\/app.bee-pilot.io\/registration\">Tester gratuitement maintenant<\/a><\/div>\n<\/div>\n<\/div><\/div>\n<\/div><\/div>\n","protected":false},"excerpt":{"rendered":"<p>Revue guid\u00e9e avec liste de contr\u00f4le Chaque revue est bas\u00e9e sur une liste de contr\u00f4le pratique qui te guide \u00e0 travers tous les points de contr\u00f4le pertinents. Ainsi, tu n\u2019oublies rien, tu travailles syst\u00e9matiquement et tu obtiens des r\u00e9sultats propres et comparables \u2013 que tu contr\u00f4les une seule colonie ou plusieurs \u00e0 la suite. Point [&hellip;]<\/p>\n","protected":false},"author":1,"featured_media":1323,"parent":0,"menu_order":0,"comment_status":"closed","ping_status":"closed","template":"","meta":{"footnotes":""},"class_list":["post-1320","page","type-page","status-publish","has-post-thumbnail","hentry"],"yoast_head":"<!-- This site is optimized with the Yoast SEO Premium plugin v26.6 (Yoast SEO v26.6) - https:\/\/yoast.com\/wordpress\/plugins\/seo\/ -->\n<title>Inspection des colonies d\u2019abeilles et analyses bas\u00e9es sur l\u2019IA - bee-pilot.io<\/title>\n<meta name=\"description\" content=\"Gagne du temps lors de l\u2019inspection des colonies d\u2019abeilles. Utilise le contr\u00f4le assist\u00e9 par l\u2019IA de bee-pilot.io pour des r\u00e9sultats pr\u00e9cis.\" \/>\n<meta name=\"robots\" content=\"index, follow, max-snippet:-1, max-image-preview:large, max-video-preview:-1\" \/>\n<link rel=\"canonical\" href=\"https:\/\/www.bee-pilot.io\/fr\/revue-des-colonies\/\" \/>\n<meta property=\"og:locale\" content=\"fr_FR\" \/>\n<meta property=\"og:type\" content=\"article\" \/>\n<meta property=\"og:title\" content=\"Revue des colonies\" \/>\n<meta property=\"og:description\" content=\"Gagne du temps lors de l\u2019inspection des colonies d\u2019abeilles. Utilise le contr\u00f4le assist\u00e9 par l\u2019IA de bee-pilot.io pour des r\u00e9sultats pr\u00e9cis.\" \/>\n<meta property=\"og:url\" content=\"https:\/\/www.bee-pilot.io\/fr\/revue-des-colonies\/\" \/>\n<meta property=\"og:site_name\" content=\"bee-pilot.io\" \/>\n<meta property=\"article:modified_time\" content=\"2026-03-31T05:43:29+00:00\" \/>\n<meta property=\"og:image\" content=\"https:\/\/www.bee-pilot.io\/wp-content\/uploads\/2025\/12\/checklist-banner.png\" \/>\n\t<meta property=\"og:image:width\" content=\"1536\" \/>\n\t<meta property=\"og:image:height\" content=\"1024\" \/>\n\t<meta property=\"og:image:type\" content=\"image\/png\" \/>\n<meta name=\"twitter:card\" content=\"summary_large_image\" \/>\n<meta name=\"twitter:label1\" content=\"Dur\u00e9e de lecture estim\u00e9e\" \/>\n\t<meta name=\"twitter:data1\" content=\"3 minutes\" \/>\n<script type=\"application\/ld+json\" class=\"yoast-schema-graph\">{\"@context\":\"https:\/\/schema.org\",\"@graph\":[{\"@type\":\"WebPage\",\"@id\":\"https:\/\/www.bee-pilot.io\/fr\/revue-des-colonies\/\",\"url\":\"https:\/\/www.bee-pilot.io\/fr\/revue-des-colonies\/\",\"name\":\"Inspection des colonies d\u2019abeilles et analyses bas\u00e9es sur l\u2019IA - bee-pilot.io\",\"isPartOf\":{\"@id\":\"https:\/\/www.bee-pilot.io\/fr\/#website\"},\"primaryImageOfPage\":{\"@id\":\"https:\/\/www.bee-pilot.io\/fr\/revue-des-colonies\/#primaryimage\"},\"image\":{\"@id\":\"https:\/\/www.bee-pilot.io\/fr\/revue-des-colonies\/#primaryimage\"},\"thumbnailUrl\":\"https:\/\/www.bee-pilot.io\/wp-content\/uploads\/2025\/12\/checklist-banner.png\",\"datePublished\":\"2025-12-27T13:20:38+00:00\",\"dateModified\":\"2026-03-31T05:43:29+00:00\",\"description\":\"Gagne du temps lors de l\u2019inspection des colonies d\u2019abeilles. Utilise le contr\u00f4le assist\u00e9 par l\u2019IA de bee-pilot.io pour des r\u00e9sultats pr\u00e9cis.\",\"breadcrumb\":{\"@id\":\"https:\/\/www.bee-pilot.io\/fr\/revue-des-colonies\/#breadcrumb\"},\"inLanguage\":\"fr-FR\",\"potentialAction\":[{\"@type\":\"ReadAction\",\"target\":[\"https:\/\/www.bee-pilot.io\/fr\/revue-des-colonies\/\"]}]},{\"@type\":\"ImageObject\",\"inLanguage\":\"fr-FR\",\"@id\":\"https:\/\/www.bee-pilot.io\/fr\/revue-des-colonies\/#primaryimage\",\"url\":\"https:\/\/www.bee-pilot.io\/wp-content\/uploads\/2025\/12\/checklist-banner.png\",\"contentUrl\":\"https:\/\/www.bee-pilot.io\/wp-content\/uploads\/2025\/12\/checklist-banner.png\",\"width\":1536,\"height\":1024,\"caption\":\"Banni\u00e8re Listes de contr\u00f4le avec bee-pilot.io\"},{\"@type\":\"BreadcrumbList\",\"@id\":\"https:\/\/www.bee-pilot.io\/fr\/revue-des-colonies\/#breadcrumb\",\"itemListElement\":[{\"@type\":\"ListItem\",\"position\":1,\"name\":\"Startseite\",\"item\":\"https:\/\/www.bee-pilot.io\/fr\/\"},{\"@type\":\"ListItem\",\"position\":2,\"name\":\"Revue des colonies\"}]},{\"@type\":\"WebSite\",\"@id\":\"https:\/\/www.bee-pilot.io\/fr\/#website\",\"url\":\"https:\/\/www.bee-pilot.io\/fr\/\",\"name\":\"bee-pilot.io\",\"description\":\"Bee-Pilot: KI-gest\u00fctzte Software f\u00fcr Imker \u2013 Digitale Stockkarte, Wetter &amp; Checklisten\",\"publisher\":{\"@id\":\"https:\/\/www.bee-pilot.io\/fr\/#organization\"},\"potentialAction\":[{\"@type\":\"SearchAction\",\"target\":{\"@type\":\"EntryPoint\",\"urlTemplate\":\"https:\/\/www.bee-pilot.io\/fr\/?s={search_term_string}\"},\"query-input\":{\"@type\":\"PropertyValueSpecification\",\"valueRequired\":true,\"valueName\":\"search_term_string\"}}],\"inLanguage\":\"fr-FR\"},{\"@type\":\"Organization\",\"@id\":\"https:\/\/www.bee-pilot.io\/fr\/#organization\",\"name\":\"bee-pilot.io UG (haftungsbeschr\u00e4nkt)\",\"url\":\"https:\/\/www.bee-pilot.io\/fr\/\",\"logo\":{\"@type\":\"ImageObject\",\"inLanguage\":\"fr-FR\",\"@id\":\"https:\/\/www.bee-pilot.io\/fr\/#\/schema\/logo\/image\/\",\"url\":\"https:\/\/www.bee-pilot.io\/wp-content\/uploads\/2024\/10\/cropped-bee-pilot-logo.png\",\"contentUrl\":\"https:\/\/www.bee-pilot.io\/wp-content\/uploads\/2024\/10\/cropped-bee-pilot-logo.png\",\"width\":291,\"height\":85,\"caption\":\"bee-pilot.io UG (haftungsbeschr\u00e4nkt)\"},\"image\":{\"@id\":\"https:\/\/www.bee-pilot.io\/fr\/#\/schema\/logo\/image\/\"}}]}<\/script>\n<!-- \/ Yoast SEO Premium plugin. -->","yoast_head_json":{"title":"Inspection des colonies d\u2019abeilles et analyses bas\u00e9es sur l\u2019IA - bee-pilot.io","description":"Gagne du temps lors de l\u2019inspection des colonies d\u2019abeilles. Utilise le contr\u00f4le assist\u00e9 par l\u2019IA de bee-pilot.io pour des r\u00e9sultats pr\u00e9cis.","robots":{"index":"index","follow":"follow","max-snippet":"max-snippet:-1","max-image-preview":"max-image-preview:large","max-video-preview":"max-video-preview:-1"},"canonical":"https:\/\/www.bee-pilot.io\/fr\/revue-des-colonies\/","og_locale":"fr_FR","og_type":"article","og_title":"Revue des colonies","og_description":"Gagne du temps lors de l\u2019inspection des colonies d\u2019abeilles. Utilise le contr\u00f4le assist\u00e9 par l\u2019IA de bee-pilot.io pour des r\u00e9sultats pr\u00e9cis.","og_url":"https:\/\/www.bee-pilot.io\/fr\/revue-des-colonies\/","og_site_name":"bee-pilot.io","article_modified_time":"2026-03-31T05:43:29+00:00","og_image":[{"width":1536,"height":1024,"url":"https:\/\/www.bee-pilot.io\/wp-content\/uploads\/2025\/12\/checklist-banner.png","type":"image\/png"}],"twitter_card":"summary_large_image","twitter_misc":{"Dur\u00e9e de lecture estim\u00e9e":"3 minutes"},"schema":{"@context":"https:\/\/schema.org","@graph":[{"@type":"WebPage","@id":"https:\/\/www.bee-pilot.io\/fr\/revue-des-colonies\/","url":"https:\/\/www.bee-pilot.io\/fr\/revue-des-colonies\/","name":"Inspection des colonies d\u2019abeilles et analyses bas\u00e9es sur l\u2019IA - bee-pilot.io","isPartOf":{"@id":"https:\/\/www.bee-pilot.io\/fr\/#website"},"primaryImageOfPage":{"@id":"https:\/\/www.bee-pilot.io\/fr\/revue-des-colonies\/#primaryimage"},"image":{"@id":"https:\/\/www.bee-pilot.io\/fr\/revue-des-colonies\/#primaryimage"},"thumbnailUrl":"https:\/\/www.bee-pilot.io\/wp-content\/uploads\/2025\/12\/checklist-banner.png","datePublished":"2025-12-27T13:20:38+00:00","dateModified":"2026-03-31T05:43:29+00:00","description":"Gagne du temps lors de l\u2019inspection des colonies d\u2019abeilles. Utilise le contr\u00f4le assist\u00e9 par l\u2019IA de bee-pilot.io pour des r\u00e9sultats pr\u00e9cis.","breadcrumb":{"@id":"https:\/\/www.bee-pilot.io\/fr\/revue-des-colonies\/#breadcrumb"},"inLanguage":"fr-FR","potentialAction":[{"@type":"ReadAction","target":["https:\/\/www.bee-pilot.io\/fr\/revue-des-colonies\/"]}]},{"@type":"ImageObject","inLanguage":"fr-FR","@id":"https:\/\/www.bee-pilot.io\/fr\/revue-des-colonies\/#primaryimage","url":"https:\/\/www.bee-pilot.io\/wp-content\/uploads\/2025\/12\/checklist-banner.png","contentUrl":"https:\/\/www.bee-pilot.io\/wp-content\/uploads\/2025\/12\/checklist-banner.png","width":1536,"height":1024,"caption":"Banni\u00e8re Listes de contr\u00f4le avec bee-pilot.io"},{"@type":"BreadcrumbList","@id":"https:\/\/www.bee-pilot.io\/fr\/revue-des-colonies\/#breadcrumb","itemListElement":[{"@type":"ListItem","position":1,"name":"Startseite","item":"https:\/\/www.bee-pilot.io\/fr\/"},{"@type":"ListItem","position":2,"name":"Revue des colonies"}]},{"@type":"WebSite","@id":"https:\/\/www.bee-pilot.io\/fr\/#website","url":"https:\/\/www.bee-pilot.io\/fr\/","name":"bee-pilot.io","description":"Bee-Pilot: KI-gest\u00fctzte Software f\u00fcr Imker \u2013 Digitale Stockkarte, Wetter &amp; Checklisten","publisher":{"@id":"https:\/\/www.bee-pilot.io\/fr\/#organization"},"potentialAction":[{"@type":"SearchAction","target":{"@type":"EntryPoint","urlTemplate":"https:\/\/www.bee-pilot.io\/fr\/?s={search_term_string}"},"query-input":{"@type":"PropertyValueSpecification","valueRequired":true,"valueName":"search_term_string"}}],"inLanguage":"fr-FR"},{"@type":"Organization","@id":"https:\/\/www.bee-pilot.io\/fr\/#organization","name":"bee-pilot.io UG (haftungsbeschr\u00e4nkt)","url":"https:\/\/www.bee-pilot.io\/fr\/","logo":{"@type":"ImageObject","inLanguage":"fr-FR","@id":"https:\/\/www.bee-pilot.io\/fr\/#\/schema\/logo\/image\/","url":"https:\/\/www.bee-pilot.io\/wp-content\/uploads\/2024\/10\/cropped-bee-pilot-logo.png","contentUrl":"https:\/\/www.bee-pilot.io\/wp-content\/uploads\/2024\/10\/cropped-bee-pilot-logo.png","width":291,"height":85,"caption":"bee-pilot.io UG (haftungsbeschr\u00e4nkt)"},"image":{"@id":"https:\/\/www.bee-pilot.io\/fr\/#\/schema\/logo\/image\/"}}]}},"_links":{"self":[{"href":"https:\/\/www.bee-pilot.io\/fr\/wp-json\/wp\/v2\/pages\/1320","targetHints":{"allow":["GET"]}}],"collection":[{"href":"https:\/\/www.bee-pilot.io\/fr\/wp-json\/wp\/v2\/pages"}],"about":[{"href":"https:\/\/www.bee-pilot.io\/fr\/wp-json\/wp\/v2\/types\/page"}],"author":[{"embeddable":true,"href":"https:\/\/www.bee-pilot.io\/fr\/wp-json\/wp\/v2\/users\/1"}],"replies":[{"embeddable":true,"href":"https:\/\/www.bee-pilot.io\/fr\/wp-json\/wp\/v2\/comments?post=1320"}],"version-history":[{"count":4,"href":"https:\/\/www.bee-pilot.io\/fr\/wp-json\/wp\/v2\/pages\/1320\/revisions"}],"predecessor-version":[{"id":2110,"href":"https:\/\/www.bee-pilot.io\/fr\/wp-json\/wp\/v2\/pages\/1320\/revisions\/2110"}],"wp:featuredmedia":[{"embeddable":true,"href":"https:\/\/www.bee-pilot.io\/fr\/wp-json\/wp\/v2\/media\/1323"}],"wp:attachment":[{"href":"https:\/\/www.bee-pilot.io\/fr\/wp-json\/wp\/v2\/media?parent=1320"}],"curies":[{"name":"wp","href":"https:\/\/api.w.org\/{rel}","templated":true}]}}