{"id":1362,"date":"2025-12-27T18:07:36","date_gmt":"2025-12-27T18:07:36","guid":{"rendered":"https:\/\/www.bee-pilot.io\/ton-exploitation-apicole-documentee-visuellement\/"},"modified":"2025-12-27T18:20:44","modified_gmt":"2025-12-27T18:20:44","slug":"ton-exploitation-apicole-documentee-visuellement","status":"publish","type":"page","link":"https:\/\/www.bee-pilot.io\/fr\/ton-exploitation-apicole-documentee-visuellement\/","title":{"rendered":"Ton exploitation apicole. Document\u00e9e visuellement"},"content":{"rendered":"<p><!-- HERO --><\/p>\n\n<div class=\"wp-block-cover alignfull\" style=\"min-height:340px;aspect-ratio:unset;\"><span aria-hidden=\"true\" class=\"wp-block-cover__background has-background-dim-100 has-background-dim\" style=\"background-color:#0f1115\"><\/span><div class=\"wp-block-cover__inner-container is-layout-flow wp-block-cover-is-layout-flow\">\n<div class=\"wp-block-group\"><div class=\"wp-block-group__inner-container is-layout-constrained wp-container-core-group-is-layout-7a8ecd1d wp-block-group-is-layout-constrained\">\n<p><strong>Images et documentation<\/strong><\/p>\n\n\n\n<h2 class=\"wp-block-heading\" id=\"h-bilder-erfassen-richtig-zuordnen-dauerhaft-archivieren\">Saisir des images. Les affecter correctement. Les archiver durablement.  <\/h2>\n\n\n\n<p>Avec <strong>bee-pilot.io<\/strong>, les photos de tes colonies d&#8217;abeilles deviennent partie int\u00e9grante de ta documentation. Chaque prise de vue est enregistr\u00e9e exactement l\u00e0 o\u00f9 elle doit l&#8217;\u00eatre \u2013 de mani\u00e8re claire, compr\u00e9hensible et consultable \u00e0 tout moment. <\/p>\n\n\n\n<div class=\"wp-block-buttons is-content-justification-center is-layout-flex wp-container-core-buttons-is-layout-16018d1d wp-block-buttons-is-layout-flex\">\n<div class=\"wp-block-button\"><a class=\"wp-block-button__link has-luminous-vivid-amber-background-color has-background wp-element-button\" href=\"https:\/\/app.bee-pilot.io\/registration\">\n  Tester gratuitement maintenant\n\t\t\t\t\t<\/a><\/div>\n<\/div>\n<\/div><\/div>\n<\/div><\/div>\n<p><!-- CONTENT --><\/p>\n\n<div class=\"wp-block-group\"><div class=\"wp-block-group__inner-container is-layout-constrained wp-container-core-group-is-layout-7a8ecd1d wp-block-group-is-layout-constrained\">\n<div style=\"height:36px\" aria-hidden=\"true\" class=\"wp-block-spacer\"><\/div>\n\n\n\n<div class=\"wp-block-columns is-layout-flex wp-container-core-columns-is-layout-9d6595d7 wp-block-columns-is-layout-flex\">\n<div class=\"wp-block-column is-layout-flow wp-block-column-is-layout-flow\">\n<h4 class=\"wp-block-heading\" id=\"h-bilder-auf-ebene-des-bienenstands\">Images au niveau du rucher<\/h4>\n\n\n\n<p>Archive des images directement au <strong>niveau du rucher<\/strong>. Id\u00e9al pour les installations, les conditions du site ou les situations particuli\u00e8res sur place. Ainsi, l&#8217;ensemble du rucher reste document\u00e9 visuellement.  <\/p>\n<\/div>\n\n\n\n<div class=\"wp-block-column is-layout-flow wp-block-column-is-layout-flow\">\n<h4 class=\"wp-block-heading\" id=\"h-bilder-direkt-am-volk\">Images directement sur la colonie<\/h4>\n\n\n\n<p>Affecte des images de mani\u00e8re cibl\u00e9e \u00e0 une seule <strong>colonie d&#8217;abeilles<\/strong>. Les photos du couvain, l&#8217;\u00e9tat des r\u00e9serves ou les anomalies restent ainsi durablement enregistr\u00e9s avec la bonne colonie. <\/p>\n<\/div>\n<\/div>\n\n\n\n<div style=\"height:28px\" aria-hidden=\"true\" class=\"wp-block-spacer\"><\/div>\n\n\n\n<div class=\"wp-block-columns is-layout-flex wp-container-core-columns-is-layout-9d6595d7 wp-block-columns-is-layout-flex\">\n<div class=\"wp-block-column is-layout-flow wp-block-column-is-layout-flow\">\n<h4 class=\"wp-block-heading\" id=\"h-bilder-direkt-aus-der-durchsicht\">Images directement issues de la visite<\/h4>\n\n\n\n<p>Les photos prises pendant la visite sont automatiquement affect\u00e9es au <strong>contr\u00f4le respectif<\/strong>. Ainsi, les images compl\u00e8tent tes observations sans effort suppl\u00e9mentaire. <\/p>\n<\/div>\n\n\n\n<div class=\"wp-block-column is-layout-flow wp-block-column-is-layout-flow\">\n<h4 class=\"wp-block-heading\" id=\"h-flexibler-speicher-je-nach-bedarf\">Espace de stockage flexible selon les besoins<\/h4>\n\n\n\n<p>Selon l&#8217;abonnement choisi, tu disposes de <strong>250 Mo \u00e0 1 Go d&#8217;espace de stockage<\/strong>. Cela laisse suffisamment de place pour d&#8217;importantes images de comparaison et des \u00e9volutions \u00e0 long terme. <\/p>\n<\/div>\n<\/div>\n\n\n\n<div style=\"height:36px\" aria-hidden=\"true\" class=\"wp-block-spacer\"><\/div>\n\n\n\n<p class=\"has-text-align-center\"><strong>Ainsi, les photos, d&#8217;un simple instantan\u00e9, deviennent une pr\u00e9cieuse source de connaissances<\/strong> \u2013 proprement structur\u00e9es, clairement affect\u00e9es et durablement disponibles.<\/p>\n<\/div><\/div>\n<p><!-- CTA --><\/p>\n\n<div class=\"wp-block-cover alignfull\" style=\"min-height:220px;aspect-ratio:unset;\"><span aria-hidden=\"true\" class=\"wp-block-cover__background has-background-dim-100 has-background-dim\" style=\"background-color:#0f1115\"><\/span><div class=\"wp-block-cover__inner-container is-layout-flow wp-block-cover-is-layout-flow\">\n<div class=\"wp-block-group\"><div class=\"wp-block-group__inner-container is-layout-constrained wp-container-core-group-is-layout-7a8ecd1d wp-block-group-is-layout-constrained\">\n<h3 class=\"wp-block-heading has-text-align-center\" id=\"h-dokumentiere-sichtbar-was-du-am-volk-siehst\">Documente visiblement ce que tu vois sur la colonie<\/h3>\n\n\n\n<p class=\"has-text-align-center\">Teste bee-pilot.io gratuitement et fais des images une partie int\u00e9grante de ton exploitation apicole.<\/p>\n\n\n\n<div class=\"wp-block-buttons is-content-justification-center is-layout-flex wp-container-core-buttons-is-layout-16018d1d wp-block-buttons-is-layout-flex\">\n<div class=\"wp-block-button\"><a class=\"wp-block-button__link has-luminous-vivid-amber-background-color has-background wp-element-button\" href=\"https:\/\/app.bee-pilot.io\/registration\">\n  Tester gratuitement maintenant\n\t\t\t\t\t<\/a><\/div>\n<\/div>\n<\/div><\/div>\n<\/div><\/div>\n","protected":false},"excerpt":{"rendered":"<p>Images au niveau du rucher Archive des images directement au niveau du rucher. Id\u00e9al pour les installations, les conditions du site ou les situations particuli\u00e8res sur place. Ainsi, l&#8217;ensemble du rucher reste document\u00e9 visuellement. Images directement sur la colonie Affecte des images de mani\u00e8re cibl\u00e9e \u00e0 une seule colonie d&#8217;abeilles. Les photos du couvain, l&#8217;\u00e9tat [&hellip;]<\/p>\n","protected":false},"author":1,"featured_media":1364,"parent":0,"menu_order":0,"comment_status":"closed","ping_status":"closed","template":"","meta":{"footnotes":""},"class_list":["post-1362","page","type-page","status-publish","has-post-thumbnail","hentry"],"yoast_head":"<!-- This site is optimized with the Yoast SEO Premium plugin v26.6 (Yoast SEO v26.6) - https:\/\/yoast.com\/wordpress\/plugins\/seo\/ -->\n<title>Archiver des images en toute simplicit\u00e9 avec bee-pilot.io - bee-pilot.io<\/title>\n<meta name=\"description\" content=\"Archive efficacement des images avec bee-pilot.io et tiens \u00e0 disposition \u00e0 tout moment des informations importantes sur tes colonies d&#039;abeilles.\" \/>\n<meta name=\"robots\" content=\"index, follow, max-snippet:-1, max-image-preview:large, max-video-preview:-1\" \/>\n<link rel=\"canonical\" href=\"https:\/\/www.bee-pilot.io\/fr\/ton-exploitation-apicole-documentee-visuellement\/\" \/>\n<meta property=\"og:locale\" content=\"fr_FR\" \/>\n<meta property=\"og:type\" content=\"article\" \/>\n<meta property=\"og:title\" content=\"Ton exploitation apicole. Document\u00e9e visuellement\" \/>\n<meta property=\"og:description\" content=\"Archive efficacement des images avec bee-pilot.io et tiens \u00e0 disposition \u00e0 tout moment des informations importantes sur tes colonies d&#039;abeilles.\" \/>\n<meta property=\"og:url\" content=\"https:\/\/www.bee-pilot.io\/fr\/ton-exploitation-apicole-documentee-visuellement\/\" \/>\n<meta property=\"og:site_name\" content=\"bee-pilot.io\" \/>\n<meta property=\"article:modified_time\" content=\"2025-12-27T18:20:44+00:00\" \/>\n<meta property=\"og:image\" content=\"https:\/\/www.bee-pilot.io\/wp-content\/uploads\/2025\/12\/imker-foto-1024x683.png\" \/>\n\t<meta property=\"og:image:width\" content=\"1024\" \/>\n\t<meta property=\"og:image:height\" content=\"683\" \/>\n\t<meta property=\"og:image:type\" content=\"image\/png\" \/>\n<meta name=\"twitter:card\" content=\"summary_large_image\" \/>\n<meta name=\"twitter:label1\" content=\"Dur\u00e9e de lecture estim\u00e9e\" \/>\n\t<meta name=\"twitter:data1\" content=\"2 minutes\" \/>\n<script type=\"application\/ld+json\" class=\"yoast-schema-graph\">{\"@context\":\"https:\/\/schema.org\",\"@graph\":[{\"@type\":\"WebPage\",\"@id\":\"https:\/\/www.bee-pilot.io\/fr\/ton-exploitation-apicole-documentee-visuellement\/\",\"url\":\"https:\/\/www.bee-pilot.io\/fr\/ton-exploitation-apicole-documentee-visuellement\/\",\"name\":\"Archiver des images en toute simplicit\u00e9 avec bee-pilot.io - bee-pilot.io\",\"isPartOf\":{\"@id\":\"https:\/\/www.bee-pilot.io\/fr\/#website\"},\"primaryImageOfPage\":{\"@id\":\"https:\/\/www.bee-pilot.io\/fr\/ton-exploitation-apicole-documentee-visuellement\/#primaryimage\"},\"image\":{\"@id\":\"https:\/\/www.bee-pilot.io\/fr\/ton-exploitation-apicole-documentee-visuellement\/#primaryimage\"},\"thumbnailUrl\":\"https:\/\/www.bee-pilot.io\/wp-content\/uploads\/2025\/12\/imker-foto.png\",\"datePublished\":\"2025-12-27T18:07:36+00:00\",\"dateModified\":\"2025-12-27T18:20:44+00:00\",\"description\":\"Archive efficacement des images avec bee-pilot.io et tiens \u00e0 disposition \u00e0 tout moment des informations importantes sur tes colonies d'abeilles.\",\"breadcrumb\":{\"@id\":\"https:\/\/www.bee-pilot.io\/fr\/ton-exploitation-apicole-documentee-visuellement\/#breadcrumb\"},\"inLanguage\":\"fr-FR\",\"potentialAction\":[{\"@type\":\"ReadAction\",\"target\":[\"https:\/\/www.bee-pilot.io\/fr\/ton-exploitation-apicole-documentee-visuellement\/\"]}]},{\"@type\":\"ImageObject\",\"inLanguage\":\"fr-FR\",\"@id\":\"https:\/\/www.bee-pilot.io\/fr\/ton-exploitation-apicole-documentee-visuellement\/#primaryimage\",\"url\":\"https:\/\/www.bee-pilot.io\/wp-content\/uploads\/2025\/12\/imker-foto.png\",\"contentUrl\":\"https:\/\/www.bee-pilot.io\/wp-content\/uploads\/2025\/12\/imker-foto.png\",\"width\":1536,\"height\":1024,\"caption\":\"Apiculteur en train de prendre une photo de sa colonie\"},{\"@type\":\"BreadcrumbList\",\"@id\":\"https:\/\/www.bee-pilot.io\/fr\/ton-exploitation-apicole-documentee-visuellement\/#breadcrumb\",\"itemListElement\":[{\"@type\":\"ListItem\",\"position\":1,\"name\":\"Startseite\",\"item\":\"https:\/\/www.bee-pilot.io\/fr\/\"},{\"@type\":\"ListItem\",\"position\":2,\"name\":\"Ton exploitation apicole. Document\u00e9e visuellement\"}]},{\"@type\":\"WebSite\",\"@id\":\"https:\/\/www.bee-pilot.io\/fr\/#website\",\"url\":\"https:\/\/www.bee-pilot.io\/fr\/\",\"name\":\"bee-pilot.io\",\"description\":\"Bee-Pilot: KI-gest\u00fctzte Software f\u00fcr Imker \u2013 Digitale Stockkarte, Wetter &amp; Checklisten\",\"publisher\":{\"@id\":\"https:\/\/www.bee-pilot.io\/fr\/#organization\"},\"potentialAction\":[{\"@type\":\"SearchAction\",\"target\":{\"@type\":\"EntryPoint\",\"urlTemplate\":\"https:\/\/www.bee-pilot.io\/fr\/?s={search_term_string}\"},\"query-input\":{\"@type\":\"PropertyValueSpecification\",\"valueRequired\":true,\"valueName\":\"search_term_string\"}}],\"inLanguage\":\"fr-FR\"},{\"@type\":\"Organization\",\"@id\":\"https:\/\/www.bee-pilot.io\/fr\/#organization\",\"name\":\"bee-pilot.io UG (haftungsbeschr\u00e4nkt)\",\"url\":\"https:\/\/www.bee-pilot.io\/fr\/\",\"logo\":{\"@type\":\"ImageObject\",\"inLanguage\":\"fr-FR\",\"@id\":\"https:\/\/www.bee-pilot.io\/fr\/#\/schema\/logo\/image\/\",\"url\":\"https:\/\/www.bee-pilot.io\/wp-content\/uploads\/2024\/10\/cropped-bee-pilot-logo.png\",\"contentUrl\":\"https:\/\/www.bee-pilot.io\/wp-content\/uploads\/2024\/10\/cropped-bee-pilot-logo.png\",\"width\":291,\"height\":85,\"caption\":\"bee-pilot.io UG (haftungsbeschr\u00e4nkt)\"},\"image\":{\"@id\":\"https:\/\/www.bee-pilot.io\/fr\/#\/schema\/logo\/image\/\"}}]}<\/script>\n<!-- \/ Yoast SEO Premium plugin. -->","yoast_head_json":{"title":"Archiver des images en toute simplicit\u00e9 avec bee-pilot.io - bee-pilot.io","description":"Archive efficacement des images avec bee-pilot.io et tiens \u00e0 disposition \u00e0 tout moment des informations importantes sur tes colonies d'abeilles.","robots":{"index":"index","follow":"follow","max-snippet":"max-snippet:-1","max-image-preview":"max-image-preview:large","max-video-preview":"max-video-preview:-1"},"canonical":"https:\/\/www.bee-pilot.io\/fr\/ton-exploitation-apicole-documentee-visuellement\/","og_locale":"fr_FR","og_type":"article","og_title":"Ton exploitation apicole. Document\u00e9e visuellement","og_description":"Archive efficacement des images avec bee-pilot.io et tiens \u00e0 disposition \u00e0 tout moment des informations importantes sur tes colonies d'abeilles.","og_url":"https:\/\/www.bee-pilot.io\/fr\/ton-exploitation-apicole-documentee-visuellement\/","og_site_name":"bee-pilot.io","article_modified_time":"2025-12-27T18:20:44+00:00","og_image":[{"width":1024,"height":683,"url":"https:\/\/www.bee-pilot.io\/wp-content\/uploads\/2025\/12\/imker-foto-1024x683.png","type":"image\/png"}],"twitter_card":"summary_large_image","twitter_misc":{"Dur\u00e9e de lecture estim\u00e9e":"2 minutes"},"schema":{"@context":"https:\/\/schema.org","@graph":[{"@type":"WebPage","@id":"https:\/\/www.bee-pilot.io\/fr\/ton-exploitation-apicole-documentee-visuellement\/","url":"https:\/\/www.bee-pilot.io\/fr\/ton-exploitation-apicole-documentee-visuellement\/","name":"Archiver des images en toute simplicit\u00e9 avec bee-pilot.io - bee-pilot.io","isPartOf":{"@id":"https:\/\/www.bee-pilot.io\/fr\/#website"},"primaryImageOfPage":{"@id":"https:\/\/www.bee-pilot.io\/fr\/ton-exploitation-apicole-documentee-visuellement\/#primaryimage"},"image":{"@id":"https:\/\/www.bee-pilot.io\/fr\/ton-exploitation-apicole-documentee-visuellement\/#primaryimage"},"thumbnailUrl":"https:\/\/www.bee-pilot.io\/wp-content\/uploads\/2025\/12\/imker-foto.png","datePublished":"2025-12-27T18:07:36+00:00","dateModified":"2025-12-27T18:20:44+00:00","description":"Archive efficacement des images avec bee-pilot.io et tiens \u00e0 disposition \u00e0 tout moment des informations importantes sur tes colonies d'abeilles.","breadcrumb":{"@id":"https:\/\/www.bee-pilot.io\/fr\/ton-exploitation-apicole-documentee-visuellement\/#breadcrumb"},"inLanguage":"fr-FR","potentialAction":[{"@type":"ReadAction","target":["https:\/\/www.bee-pilot.io\/fr\/ton-exploitation-apicole-documentee-visuellement\/"]}]},{"@type":"ImageObject","inLanguage":"fr-FR","@id":"https:\/\/www.bee-pilot.io\/fr\/ton-exploitation-apicole-documentee-visuellement\/#primaryimage","url":"https:\/\/www.bee-pilot.io\/wp-content\/uploads\/2025\/12\/imker-foto.png","contentUrl":"https:\/\/www.bee-pilot.io\/wp-content\/uploads\/2025\/12\/imker-foto.png","width":1536,"height":1024,"caption":"Apiculteur en train de prendre une photo de sa colonie"},{"@type":"BreadcrumbList","@id":"https:\/\/www.bee-pilot.io\/fr\/ton-exploitation-apicole-documentee-visuellement\/#breadcrumb","itemListElement":[{"@type":"ListItem","position":1,"name":"Startseite","item":"https:\/\/www.bee-pilot.io\/fr\/"},{"@type":"ListItem","position":2,"name":"Ton exploitation apicole. Document\u00e9e visuellement"}]},{"@type":"WebSite","@id":"https:\/\/www.bee-pilot.io\/fr\/#website","url":"https:\/\/www.bee-pilot.io\/fr\/","name":"bee-pilot.io","description":"Bee-Pilot: KI-gest\u00fctzte Software f\u00fcr Imker \u2013 Digitale Stockkarte, Wetter &amp; Checklisten","publisher":{"@id":"https:\/\/www.bee-pilot.io\/fr\/#organization"},"potentialAction":[{"@type":"SearchAction","target":{"@type":"EntryPoint","urlTemplate":"https:\/\/www.bee-pilot.io\/fr\/?s={search_term_string}"},"query-input":{"@type":"PropertyValueSpecification","valueRequired":true,"valueName":"search_term_string"}}],"inLanguage":"fr-FR"},{"@type":"Organization","@id":"https:\/\/www.bee-pilot.io\/fr\/#organization","name":"bee-pilot.io UG (haftungsbeschr\u00e4nkt)","url":"https:\/\/www.bee-pilot.io\/fr\/","logo":{"@type":"ImageObject","inLanguage":"fr-FR","@id":"https:\/\/www.bee-pilot.io\/fr\/#\/schema\/logo\/image\/","url":"https:\/\/www.bee-pilot.io\/wp-content\/uploads\/2024\/10\/cropped-bee-pilot-logo.png","contentUrl":"https:\/\/www.bee-pilot.io\/wp-content\/uploads\/2024\/10\/cropped-bee-pilot-logo.png","width":291,"height":85,"caption":"bee-pilot.io UG (haftungsbeschr\u00e4nkt)"},"image":{"@id":"https:\/\/www.bee-pilot.io\/fr\/#\/schema\/logo\/image\/"}}]}},"_links":{"self":[{"href":"https:\/\/www.bee-pilot.io\/fr\/wp-json\/wp\/v2\/pages\/1362","targetHints":{"allow":["GET"]}}],"collection":[{"href":"https:\/\/www.bee-pilot.io\/fr\/wp-json\/wp\/v2\/pages"}],"about":[{"href":"https:\/\/www.bee-pilot.io\/fr\/wp-json\/wp\/v2\/types\/page"}],"author":[{"embeddable":true,"href":"https:\/\/www.bee-pilot.io\/fr\/wp-json\/wp\/v2\/users\/1"}],"replies":[{"embeddable":true,"href":"https:\/\/www.bee-pilot.io\/fr\/wp-json\/wp\/v2\/comments?post=1362"}],"version-history":[{"count":1,"href":"https:\/\/www.bee-pilot.io\/fr\/wp-json\/wp\/v2\/pages\/1362\/revisions"}],"predecessor-version":[{"id":1368,"href":"https:\/\/www.bee-pilot.io\/fr\/wp-json\/wp\/v2\/pages\/1362\/revisions\/1368"}],"wp:featuredmedia":[{"embeddable":true,"href":"https:\/\/www.bee-pilot.io\/fr\/wp-json\/wp\/v2\/media\/1364"}],"wp:attachment":[{"href":"https:\/\/www.bee-pilot.io\/fr\/wp-json\/wp\/v2\/media?parent=1362"}],"curies":[{"name":"wp","href":"https:\/\/api.w.org\/{rel}","templated":true}]}}