{"id":1398,"date":"2025-12-27T18:34:20","date_gmt":"2025-12-27T18:34:20","guid":{"rendered":"https:\/\/www.bee-pilot.io\/gestion-precise-des-taches\/"},"modified":"2025-12-27T18:47:11","modified_gmt":"2025-12-27T18:47:11","slug":"gestion-precise-des-taches","status":"publish","type":"page","link":"https:\/\/www.bee-pilot.io\/fr\/gestion-precise-des-taches\/","title":{"rendered":"Gestion pr\u00e9cise des t\u00e2ches"},"content":{"rendered":"<p><!-- HERO --><\/p>\n\n<div class=\"wp-block-cover alignfull\" style=\"min-height:340px;aspect-ratio:unset;\"><span aria-hidden=\"true\" class=\"wp-block-cover__background has-background-dim-100 has-background-dim\" style=\"background-color:#0f1115\"><\/span><div class=\"wp-block-cover__inner-container is-layout-flow wp-block-cover-is-layout-flow\">\n<div class=\"wp-block-group\"><div class=\"wp-block-group__inner-container is-layout-constrained wp-container-core-group-is-layout-7a8ecd1d wp-block-group-is-layout-constrained\">\n<p><strong>Gestion des t\u00e2ches<\/strong><\/p>\n\n\n\n<h2 class=\"wp-block-heading\" id=\"h-alles-was-ansteht-strukturiert-geplant-und-zuverlassig-erinnert\">Tout ce qui est \u00e0 faire \u2013 planifi\u00e9 de mani\u00e8re structur\u00e9e et rappel\u00e9 de mani\u00e8re fiable.<\/h2>\n\n\n\n<p>Avec <strong>bee-pilot.io<\/strong>, tu gardes un \u0153il sur tous les travaux \u00e0 venir \u2013 que ce soit sur une seule colonie, sur l&#8217;ensemble du rucher ou ind\u00e9pendamment du rucher et de la colonie. La gestion des t\u00e2ches garantit que rien n&#8217;est oubli\u00e9 et que chaque mesure est planifi\u00e9e de mani\u00e8re compr\u00e9hensible. <\/p>\n\n\n\n<div class=\"wp-block-buttons is-content-justification-center is-layout-flex wp-container-core-buttons-is-layout-16018d1d wp-block-buttons-is-layout-flex\">\n<div class=\"wp-block-button\"><a class=\"wp-block-button__link has-luminous-vivid-amber-background-color has-background wp-element-button\" href=\"https:\/\/app.bee-pilot.io\/registration\">Tester gratuitement maintenant<\/a><\/div>\n<\/div>\n<\/div><\/div>\n<\/div><\/div>\n<p><!-- CONTENT --><\/p>\n\n<div class=\"wp-block-group\"><div class=\"wp-block-group__inner-container is-layout-constrained wp-container-core-group-is-layout-7a8ecd1d wp-block-group-is-layout-constrained\">\n<div style=\"height:34px\" aria-hidden=\"true\" class=\"wp-block-spacer\"><\/div>\n\n\n\n<div class=\"wp-block-columns is-layout-flex wp-container-core-columns-is-layout-9d6595d7 wp-block-columns-is-layout-flex\">\n<div class=\"wp-block-column is-vertically-aligned-center is-layout-flow wp-block-column-is-layout-flow\">\n<h4 class=\"wp-block-heading\" id=\"h-aufgaben-direkt-am-volk-planen\">Planifier des t\u00e2ches directement sur la colonie<\/h4>\n\n\n\n<p>Cr\u00e9e des <strong>t\u00e2ches cibl\u00e9es pour chaque colonie<\/strong>. Qu&#8217;il s&#8217;agisse de contr\u00f4le, de traitement ou de retouche, chaque t\u00e2che est clairement attribu\u00e9e \u00e0 la colonie concern\u00e9e et reste document\u00e9e l\u00e0 o\u00f9 elle appartient. <\/p>\n\n\n\n<h4 class=\"wp-block-heading\" id=\"h-aufgaben-auf-ebene-des-bienenstands\">T\u00e2ches au niveau du rucher<\/h4>\n\n\n\n<p>Les travaux li\u00e9s au rucher peuvent \u00e9galement \u00eatre saisis directement sur le <strong>rucher<\/strong>. Tu gardes ainsi une vue d&#8217;ensemble des activit\u00e9s qui concernent plusieurs colonies \u2013 clairement structur\u00e9es et g\u00e9r\u00e9es de mani\u00e8re centralis\u00e9e. <\/p>\n<\/div>\n\n\n\n<div class=\"wp-block-column is-vertically-aligned-center is-layout-flow wp-block-column-is-layout-flow\"><div class=\"wp-block-image\">\n<figure class=\"aligncenter size-large\"><img loading=\"lazy\" decoding=\"async\" width=\"1024\" height=\"951\" src=\"https:\/\/www.bee-pilot.io\/wp-content\/uploads\/2025\/12\/aufgaben1-1024x951.png\" alt=\"Aper&#xE7;u des t&#xE2;ches dans bee-pilot.io\" class=\"wp-image-1380\" srcset=\"https:\/\/www.bee-pilot.io\/wp-content\/uploads\/2025\/12\/aufgaben1-1024x951.png 1024w, https:\/\/www.bee-pilot.io\/wp-content\/uploads\/2025\/12\/aufgaben1-300x279.png 300w, https:\/\/www.bee-pilot.io\/wp-content\/uploads\/2025\/12\/aufgaben1-768x714.png 768w, https:\/\/www.bee-pilot.io\/wp-content\/uploads\/2025\/12\/aufgaben1.png 1410w\" sizes=\"auto, (max-width: 1024px) 100vw, 1024px\" \/><\/figure>\n<\/div><\/div>\n<\/div>\n\n\n\n<div style=\"height:28px\" aria-hidden=\"true\" class=\"wp-block-spacer\"><\/div>\n\n\n\n<div class=\"wp-block-columns is-layout-flex wp-container-core-columns-is-layout-9d6595d7 wp-block-columns-is-layout-flex\">\n<div class=\"wp-block-column is-vertically-aligned-center is-layout-flow wp-block-column-is-layout-flow\"><div class=\"wp-block-image\">\n<figure class=\"aligncenter size-large\"><img loading=\"lazy\" decoding=\"async\" width=\"1024\" height=\"642\" src=\"https:\/\/www.bee-pilot.io\/wp-content\/uploads\/2025\/12\/aufgaben2-1024x642.png\" alt=\"Vue d&#xE9;taill&#xE9;e des t&#xE2;ches dans bee-pilot.io\" class=\"wp-image-1381\" srcset=\"https:\/\/www.bee-pilot.io\/wp-content\/uploads\/2025\/12\/aufgaben2-1024x642.png 1024w, https:\/\/www.bee-pilot.io\/wp-content\/uploads\/2025\/12\/aufgaben2-300x188.png 300w, https:\/\/www.bee-pilot.io\/wp-content\/uploads\/2025\/12\/aufgaben2-768x481.png 768w, https:\/\/www.bee-pilot.io\/wp-content\/uploads\/2025\/12\/aufgaben2-1536x963.png 1536w, https:\/\/www.bee-pilot.io\/wp-content\/uploads\/2025\/12\/aufgaben2-2048x1283.png 2048w\" sizes=\"auto, (max-width: 1024px) 100vw, 1024px\" \/><\/figure>\n<\/div><\/div>\n\n\n\n<div class=\"wp-block-column is-vertically-aligned-center is-layout-flow wp-block-column-is-layout-flow\">\n<h4 class=\"wp-block-heading\" id=\"h-aufgaben-ohne-festen-kontext-erfassen\">Saisir des t\u00e2ches sans contexte fixe<\/h4>\n\n\n\n<p>Toutes les t\u00e2ches ne sont pas imm\u00e9diatement li\u00e9es \u00e0 une colonie ou \u00e0 un rucher sp\u00e9cifique. Avec bee-pilot.io, tu peux \u00e9galement cr\u00e9er des <strong>t\u00e2ches ind\u00e9pendamment du contexte<\/strong> \u2013 id\u00e9al pour les t\u00e2ches g\u00e9n\u00e9rales, la planification ou les travaux pr\u00e9paratoires. <\/p>\n\n\n\n<h4 class=\"wp-block-heading\" id=\"h-erinnerungen-mit-alarmdatum\">Rappels avec date d&#8217;alarme<\/h4>\n\n\n\n<p>Pour qu&#8217;aucune t\u00e2che ne soit oubli\u00e9e, les t\u00e2ches peuvent \u00eatre munies d&#8217;une <strong>date d&#8217;alarme<\/strong>. Tu seras ainsi rappel\u00e9 \u00e0 temps et pourras effectuer les travaux au moment opportun. <\/p>\n<\/div>\n<\/div>\n\n\n\n<div style=\"height:28px\" aria-hidden=\"true\" class=\"wp-block-spacer\"><\/div>\n\n\n\n<p class=\"has-text-align-center\"><strong>La gestion des t\u00e2ches de bee-pilot.io apporte de la structure \u00e0 ton quotidien d&#8217;apiculteur\u00a0:<\/strong> planifi\u00e9e de mani\u00e8re claire, attribu\u00e9e de mani\u00e8re univoque et rappel\u00e9e de mani\u00e8re fiable \u2013 pour que tu puisses te concentrer sur l&#8217;essentiel.<\/p>\n\n\n\n<div style=\"height:20px\" aria-hidden=\"true\" class=\"wp-block-spacer\"><\/div>\n<\/div><\/div>\n<p><!-- CTA --><\/p>\n\n<div class=\"wp-block-cover alignfull\" style=\"min-height:220px;aspect-ratio:unset;\"><span aria-hidden=\"true\" class=\"wp-block-cover__background has-background-dim-100 has-background-dim\" style=\"background-color:#0f1115\"><\/span><div class=\"wp-block-cover__inner-container is-layout-flow wp-block-cover-is-layout-flow\">\n<div class=\"wp-block-group\"><div class=\"wp-block-group__inner-container is-layout-constrained wp-container-core-group-is-layout-7a8ecd1d wp-block-group-is-layout-constrained\">\n<h3 class=\"wp-block-heading has-text-align-center\" id=\"h-nichts-mehr-vergessen-aufgaben-dort-verwalten-wo-sie-entstehen\">Ne plus rien oublier \u2013 g\u00e9rer les t\u00e2ches l\u00e0 o\u00f9 elles se pr\u00e9sentent<\/h3>\n\n\n\n<p class=\"has-text-align-center\">Teste bee-pilot.io gratuitement et garde le contr\u00f4le de tous les travaux sur le rucher et sur la colonie \u2013 rappels inclus.<\/p>\n\n\n\n<div class=\"wp-block-buttons is-content-justification-center is-layout-flex wp-container-core-buttons-is-layout-16018d1d wp-block-buttons-is-layout-flex\">\n<div class=\"wp-block-button\"><a class=\"wp-block-button__link has-luminous-vivid-amber-background-color has-background wp-element-button\" href=\"https:\/\/app.bee-pilot.io\/registration\">Tester gratuitement maintenant<\/a><\/div>\n<\/div>\n<\/div><\/div>\n<\/div><\/div>\n","protected":false},"excerpt":{"rendered":"<p>Planifier des t\u00e2ches directement sur la colonie Cr\u00e9e des t\u00e2ches cibl\u00e9es pour chaque colonie. Qu&#8217;il s&#8217;agisse de contr\u00f4le, de traitement ou de retouche, chaque t\u00e2che est clairement attribu\u00e9e \u00e0 la colonie concern\u00e9e et reste document\u00e9e l\u00e0 o\u00f9 elle appartient. T\u00e2ches au niveau du rucher Les travaux li\u00e9s au rucher peuvent \u00e9galement \u00eatre saisis directement sur [&hellip;]<\/p>\n","protected":false},"author":1,"featured_media":1401,"parent":0,"menu_order":0,"comment_status":"closed","ping_status":"closed","template":"","meta":{"footnotes":""},"class_list":["post-1398","page","type-page","status-publish","has-post-thumbnail","hentry"],"yoast_head":"<!-- This site is optimized with the Yoast SEO Premium plugin v26.6 (Yoast SEO v26.6) - https:\/\/yoast.com\/wordpress\/plugins\/seo\/ -->\n<title>Utiliser de mani\u00e8re optimale la gestion des t\u00e2ches avec bee-pilot.io - bee-pilot.io<\/title>\n<meta name=\"description\" content=\"Avec la gestion des t\u00e2ches de bee-pilot.io, tu gardes un \u0153il sur tous les travaux et planifies efficacement pour tes colonies d&#039;abeilles.\" \/>\n<meta name=\"robots\" content=\"index, follow, max-snippet:-1, max-image-preview:large, max-video-preview:-1\" \/>\n<link rel=\"canonical\" href=\"https:\/\/www.bee-pilot.io\/fr\/gestion-precise-des-taches\/\" \/>\n<meta property=\"og:locale\" content=\"fr_FR\" \/>\n<meta property=\"og:type\" content=\"article\" \/>\n<meta property=\"og:title\" content=\"Gestion pr\u00e9cise des t\u00e2ches\" \/>\n<meta property=\"og:description\" content=\"Avec la gestion des t\u00e2ches de bee-pilot.io, tu gardes un \u0153il sur tous les travaux et planifies efficacement pour tes colonies d&#039;abeilles.\" \/>\n<meta property=\"og:url\" content=\"https:\/\/www.bee-pilot.io\/fr\/gestion-precise-des-taches\/\" \/>\n<meta property=\"og:site_name\" content=\"bee-pilot.io\" \/>\n<meta property=\"article:modified_time\" content=\"2025-12-27T18:47:11+00:00\" \/>\n<meta property=\"og:image\" content=\"https:\/\/www.bee-pilot.io\/wp-content\/uploads\/2025\/12\/aufgaben-banner.png\" \/>\n\t<meta property=\"og:image:width\" content=\"1536\" \/>\n\t<meta property=\"og:image:height\" content=\"1024\" \/>\n\t<meta property=\"og:image:type\" content=\"image\/png\" \/>\n<meta name=\"twitter:card\" content=\"summary_large_image\" \/>\n<meta name=\"twitter:label1\" content=\"Dur\u00e9e de lecture estim\u00e9e\" \/>\n\t<meta name=\"twitter:data1\" content=\"3 minutes\" \/>\n<script type=\"application\/ld+json\" class=\"yoast-schema-graph\">{\"@context\":\"https:\/\/schema.org\",\"@graph\":[{\"@type\":\"WebPage\",\"@id\":\"https:\/\/www.bee-pilot.io\/fr\/gestion-precise-des-taches\/\",\"url\":\"https:\/\/www.bee-pilot.io\/fr\/gestion-precise-des-taches\/\",\"name\":\"Utiliser de mani\u00e8re optimale la gestion des t\u00e2ches avec bee-pilot.io - bee-pilot.io\",\"isPartOf\":{\"@id\":\"https:\/\/www.bee-pilot.io\/fr\/#website\"},\"primaryImageOfPage\":{\"@id\":\"https:\/\/www.bee-pilot.io\/fr\/gestion-precise-des-taches\/#primaryimage\"},\"image\":{\"@id\":\"https:\/\/www.bee-pilot.io\/fr\/gestion-precise-des-taches\/#primaryimage\"},\"thumbnailUrl\":\"https:\/\/www.bee-pilot.io\/wp-content\/uploads\/2025\/12\/aufgaben-banner.png\",\"datePublished\":\"2025-12-27T18:34:20+00:00\",\"dateModified\":\"2025-12-27T18:47:11+00:00\",\"description\":\"Avec la gestion des t\u00e2ches de bee-pilot.io, tu gardes un \u0153il sur tous les travaux et planifies efficacement pour tes colonies d'abeilles.\",\"breadcrumb\":{\"@id\":\"https:\/\/www.bee-pilot.io\/fr\/gestion-precise-des-taches\/#breadcrumb\"},\"inLanguage\":\"fr-FR\",\"potentialAction\":[{\"@type\":\"ReadAction\",\"target\":[\"https:\/\/www.bee-pilot.io\/fr\/gestion-precise-des-taches\/\"]}]},{\"@type\":\"ImageObject\",\"inLanguage\":\"fr-FR\",\"@id\":\"https:\/\/www.bee-pilot.io\/fr\/gestion-precise-des-taches\/#primaryimage\",\"url\":\"https:\/\/www.bee-pilot.io\/wp-content\/uploads\/2025\/12\/aufgaben-banner.png\",\"contentUrl\":\"https:\/\/www.bee-pilot.io\/wp-content\/uploads\/2025\/12\/aufgaben-banner.png\",\"width\":1536,\"height\":1024,\"caption\":\"Banni\u00e8re pour la gestion des t\u00e2ches\"},{\"@type\":\"BreadcrumbList\",\"@id\":\"https:\/\/www.bee-pilot.io\/fr\/gestion-precise-des-taches\/#breadcrumb\",\"itemListElement\":[{\"@type\":\"ListItem\",\"position\":1,\"name\":\"Startseite\",\"item\":\"https:\/\/www.bee-pilot.io\/fr\/\"},{\"@type\":\"ListItem\",\"position\":2,\"name\":\"Gestion pr\u00e9cise des t\u00e2ches\"}]},{\"@type\":\"WebSite\",\"@id\":\"https:\/\/www.bee-pilot.io\/fr\/#website\",\"url\":\"https:\/\/www.bee-pilot.io\/fr\/\",\"name\":\"bee-pilot.io\",\"description\":\"Bee-Pilot: KI-gest\u00fctzte Software f\u00fcr Imker \u2013 Digitale Stockkarte, Wetter &amp; Checklisten\",\"publisher\":{\"@id\":\"https:\/\/www.bee-pilot.io\/fr\/#organization\"},\"potentialAction\":[{\"@type\":\"SearchAction\",\"target\":{\"@type\":\"EntryPoint\",\"urlTemplate\":\"https:\/\/www.bee-pilot.io\/fr\/?s={search_term_string}\"},\"query-input\":{\"@type\":\"PropertyValueSpecification\",\"valueRequired\":true,\"valueName\":\"search_term_string\"}}],\"inLanguage\":\"fr-FR\"},{\"@type\":\"Organization\",\"@id\":\"https:\/\/www.bee-pilot.io\/fr\/#organization\",\"name\":\"bee-pilot.io UG (haftungsbeschr\u00e4nkt)\",\"url\":\"https:\/\/www.bee-pilot.io\/fr\/\",\"logo\":{\"@type\":\"ImageObject\",\"inLanguage\":\"fr-FR\",\"@id\":\"https:\/\/www.bee-pilot.io\/fr\/#\/schema\/logo\/image\/\",\"url\":\"https:\/\/www.bee-pilot.io\/wp-content\/uploads\/2024\/10\/cropped-bee-pilot-logo.png\",\"contentUrl\":\"https:\/\/www.bee-pilot.io\/wp-content\/uploads\/2024\/10\/cropped-bee-pilot-logo.png\",\"width\":291,\"height\":85,\"caption\":\"bee-pilot.io UG (haftungsbeschr\u00e4nkt)\"},\"image\":{\"@id\":\"https:\/\/www.bee-pilot.io\/fr\/#\/schema\/logo\/image\/\"}}]}<\/script>\n<!-- \/ Yoast SEO Premium plugin. -->","yoast_head_json":{"title":"Utiliser de mani\u00e8re optimale la gestion des t\u00e2ches avec bee-pilot.io - bee-pilot.io","description":"Avec la gestion des t\u00e2ches de bee-pilot.io, tu gardes un \u0153il sur tous les travaux et planifies efficacement pour tes colonies d'abeilles.","robots":{"index":"index","follow":"follow","max-snippet":"max-snippet:-1","max-image-preview":"max-image-preview:large","max-video-preview":"max-video-preview:-1"},"canonical":"https:\/\/www.bee-pilot.io\/fr\/gestion-precise-des-taches\/","og_locale":"fr_FR","og_type":"article","og_title":"Gestion pr\u00e9cise des t\u00e2ches","og_description":"Avec la gestion des t\u00e2ches de bee-pilot.io, tu gardes un \u0153il sur tous les travaux et planifies efficacement pour tes colonies d'abeilles.","og_url":"https:\/\/www.bee-pilot.io\/fr\/gestion-precise-des-taches\/","og_site_name":"bee-pilot.io","article_modified_time":"2025-12-27T18:47:11+00:00","og_image":[{"width":1536,"height":1024,"url":"https:\/\/www.bee-pilot.io\/wp-content\/uploads\/2025\/12\/aufgaben-banner.png","type":"image\/png"}],"twitter_card":"summary_large_image","twitter_misc":{"Dur\u00e9e de lecture estim\u00e9e":"3 minutes"},"schema":{"@context":"https:\/\/schema.org","@graph":[{"@type":"WebPage","@id":"https:\/\/www.bee-pilot.io\/fr\/gestion-precise-des-taches\/","url":"https:\/\/www.bee-pilot.io\/fr\/gestion-precise-des-taches\/","name":"Utiliser de mani\u00e8re optimale la gestion des t\u00e2ches avec bee-pilot.io - bee-pilot.io","isPartOf":{"@id":"https:\/\/www.bee-pilot.io\/fr\/#website"},"primaryImageOfPage":{"@id":"https:\/\/www.bee-pilot.io\/fr\/gestion-precise-des-taches\/#primaryimage"},"image":{"@id":"https:\/\/www.bee-pilot.io\/fr\/gestion-precise-des-taches\/#primaryimage"},"thumbnailUrl":"https:\/\/www.bee-pilot.io\/wp-content\/uploads\/2025\/12\/aufgaben-banner.png","datePublished":"2025-12-27T18:34:20+00:00","dateModified":"2025-12-27T18:47:11+00:00","description":"Avec la gestion des t\u00e2ches de bee-pilot.io, tu gardes un \u0153il sur tous les travaux et planifies efficacement pour tes colonies d'abeilles.","breadcrumb":{"@id":"https:\/\/www.bee-pilot.io\/fr\/gestion-precise-des-taches\/#breadcrumb"},"inLanguage":"fr-FR","potentialAction":[{"@type":"ReadAction","target":["https:\/\/www.bee-pilot.io\/fr\/gestion-precise-des-taches\/"]}]},{"@type":"ImageObject","inLanguage":"fr-FR","@id":"https:\/\/www.bee-pilot.io\/fr\/gestion-precise-des-taches\/#primaryimage","url":"https:\/\/www.bee-pilot.io\/wp-content\/uploads\/2025\/12\/aufgaben-banner.png","contentUrl":"https:\/\/www.bee-pilot.io\/wp-content\/uploads\/2025\/12\/aufgaben-banner.png","width":1536,"height":1024,"caption":"Banni\u00e8re pour la gestion des t\u00e2ches"},{"@type":"BreadcrumbList","@id":"https:\/\/www.bee-pilot.io\/fr\/gestion-precise-des-taches\/#breadcrumb","itemListElement":[{"@type":"ListItem","position":1,"name":"Startseite","item":"https:\/\/www.bee-pilot.io\/fr\/"},{"@type":"ListItem","position":2,"name":"Gestion pr\u00e9cise des t\u00e2ches"}]},{"@type":"WebSite","@id":"https:\/\/www.bee-pilot.io\/fr\/#website","url":"https:\/\/www.bee-pilot.io\/fr\/","name":"bee-pilot.io","description":"Bee-Pilot: KI-gest\u00fctzte Software f\u00fcr Imker \u2013 Digitale Stockkarte, Wetter &amp; Checklisten","publisher":{"@id":"https:\/\/www.bee-pilot.io\/fr\/#organization"},"potentialAction":[{"@type":"SearchAction","target":{"@type":"EntryPoint","urlTemplate":"https:\/\/www.bee-pilot.io\/fr\/?s={search_term_string}"},"query-input":{"@type":"PropertyValueSpecification","valueRequired":true,"valueName":"search_term_string"}}],"inLanguage":"fr-FR"},{"@type":"Organization","@id":"https:\/\/www.bee-pilot.io\/fr\/#organization","name":"bee-pilot.io UG (haftungsbeschr\u00e4nkt)","url":"https:\/\/www.bee-pilot.io\/fr\/","logo":{"@type":"ImageObject","inLanguage":"fr-FR","@id":"https:\/\/www.bee-pilot.io\/fr\/#\/schema\/logo\/image\/","url":"https:\/\/www.bee-pilot.io\/wp-content\/uploads\/2024\/10\/cropped-bee-pilot-logo.png","contentUrl":"https:\/\/www.bee-pilot.io\/wp-content\/uploads\/2024\/10\/cropped-bee-pilot-logo.png","width":291,"height":85,"caption":"bee-pilot.io UG (haftungsbeschr\u00e4nkt)"},"image":{"@id":"https:\/\/www.bee-pilot.io\/fr\/#\/schema\/logo\/image\/"}}]}},"_links":{"self":[{"href":"https:\/\/www.bee-pilot.io\/fr\/wp-json\/wp\/v2\/pages\/1398","targetHints":{"allow":["GET"]}}],"collection":[{"href":"https:\/\/www.bee-pilot.io\/fr\/wp-json\/wp\/v2\/pages"}],"about":[{"href":"https:\/\/www.bee-pilot.io\/fr\/wp-json\/wp\/v2\/types\/page"}],"author":[{"embeddable":true,"href":"https:\/\/www.bee-pilot.io\/fr\/wp-json\/wp\/v2\/users\/1"}],"replies":[{"embeddable":true,"href":"https:\/\/www.bee-pilot.io\/fr\/wp-json\/wp\/v2\/comments?post=1398"}],"version-history":[{"count":1,"href":"https:\/\/www.bee-pilot.io\/fr\/wp-json\/wp\/v2\/pages\/1398\/revisions"}],"predecessor-version":[{"id":1402,"href":"https:\/\/www.bee-pilot.io\/fr\/wp-json\/wp\/v2\/pages\/1398\/revisions\/1402"}],"wp:featuredmedia":[{"embeddable":true,"href":"https:\/\/www.bee-pilot.io\/fr\/wp-json\/wp\/v2\/media\/1401"}],"wp:attachment":[{"href":"https:\/\/www.bee-pilot.io\/fr\/wp-json\/wp\/v2\/media?parent=1398"}],"curies":[{"name":"wp","href":"https:\/\/api.w.org\/{rel}","templated":true}]}}