{"id":1437,"date":"2025-12-27T19:07:03","date_gmt":"2025-12-27T19:07:03","guid":{"rendered":"https:\/\/www.bee-pilot.io\/ton-apiculteur-virtuel-assiste-par-lintelligence-artificielle\/"},"modified":"2025-12-27T19:24:37","modified_gmt":"2025-12-27T19:24:37","slug":"ton-apiculteur-virtuel-assiste-par-lintelligence-artificielle","status":"publish","type":"page","link":"https:\/\/www.bee-pilot.io\/fr\/ton-apiculteur-virtuel-assiste-par-lintelligence-artificielle\/","title":{"rendered":"Ton apiculteur virtuel \u2013 assist\u00e9 par l\u2019intelligence artificielle"},"content":{"rendered":"<p><!-- HERO --><\/p>\n\n<div class=\"wp-block-cover alignfull\" style=\"min-height:360px;aspect-ratio:unset;\"><span aria-hidden=\"true\" class=\"wp-block-cover__background has-background-dim-100 has-background-dim\" style=\"background-color:#0f1115\"><\/span><div class=\"wp-block-cover__inner-container is-layout-flow wp-block-cover-is-layout-flow\">\n<div class=\"wp-block-group\"><div class=\"wp-block-group__inner-container is-layout-constrained wp-container-core-group-is-layout-7a8ecd1d wp-block-group-is-layout-constrained\">\n<p><strong>Intelligence artificielle<\/strong><\/p>\n\n\n\n<h2 class=\"wp-block-heading\" id=\"h-dein-virtueller-imker-unterstutzt-durch-kunstliche-intelligenz\">Ton apiculteur virtuel \u2013 assist\u00e9 par l\u2019intelligence artificielle<\/h2>\n\n\n\n<p>Avec <strong>bee-pilot.io<\/strong>, l\u2019intelligence artificielle devient un v\u00e9ritable outil pour ton apiculture. Non pas comme un gadget, mais comme un <strong>assistant virtuel<\/strong> qui t\u2019aide au quotidien, te d\u00e9charge de travail et rend les liens visibles. <\/p>\n\n\n\n<div class=\"wp-block-buttons is-content-justification-center is-layout-flex wp-container-core-buttons-is-layout-16018d1d wp-block-buttons-is-layout-flex\">\n<div class=\"wp-block-button\"><a class=\"wp-block-button__link has-luminous-vivid-amber-background-color has-background wp-element-button\" href=\"https:\/\/app.bee-pilot.io\/registration\">\n  Tester gratuitement maintenant\n\t\t\t\t\t<\/a><\/div>\n<\/div>\n<\/div><\/div>\n<\/div><\/div>\n<p><!-- CONTENT --><\/p>\n\n<div class=\"wp-block-group\"><div class=\"wp-block-group__inner-container is-layout-constrained wp-container-core-group-is-layout-7a8ecd1d wp-block-group-is-layout-constrained\">\n<div style=\"height:36px\" aria-hidden=\"true\" class=\"wp-block-spacer\"><\/div>\n\n\n\n<h3 class=\"wp-block-heading\" id=\"h-dein-personlicher-imkerei-chat\">Ton chat personnel d\u2019apiculture<\/h3>\n\n\n\n<p>Le <strong>chat bee-pilot.io<\/strong> est ton lien direct vers toutes les informations de ton apiculture. Pose des questions comme\u00a0: <\/p>\n\n\n\n<blockquote class=\"wp-block-quote is-layout-flow wp-block-quote-is-layout-flow\">\n<p><em>\u00ab\u00a0Comment vont mes colonies\u00a0?\u00a0\u00bb<\/em><\/p>\n<\/blockquote>\n\n\n\n<p>En arri\u00e8re-plan, bee-pilot.io analyse automatiquement l\u2019\u00e9tat de toutes les colonies, \u00e9value les donn\u00e9es actuelles des visites, des \u00e9valuations et des t\u00e2ches, et <strong>r\u00e9sume les r\u00e9sultats de mani\u00e8re compr\u00e9hensible pour toi<\/strong>. En m\u00eame temps, tu re\u00e7ois des <strong>conseils pratiques sur l\u2019apiculture<\/strong>, adapt\u00e9s \u00e0 ta situation et \u00e0 tes donn\u00e9es. <\/p>\n\n\n\n<div style=\"height:28px\" aria-hidden=\"true\" class=\"wp-block-spacer\"><\/div>\n\n\n\n<div class=\"wp-block-columns is-layout-flex wp-container-core-columns-is-layout-9d6595d7 wp-block-columns-is-layout-flex\">\n<div class=\"wp-block-column is-vertically-aligned-center is-layout-flow wp-block-column-is-layout-flow\"><div class=\"wp-block-image\">\n<figure class=\"aligncenter size-medium\"><img loading=\"lazy\" decoding=\"async\" width=\"138\" height=\"300\" src=\"https:\/\/www.bee-pilot.io\/wp-content\/uploads\/2025\/12\/SpeechToCheck-138x300.png\" alt=\"Saisie vocale lors de la visite\" class=\"wp-image-1301\" srcset=\"https:\/\/www.bee-pilot.io\/wp-content\/uploads\/2025\/12\/SpeechToCheck-138x300.png 138w, https:\/\/www.bee-pilot.io\/wp-content\/uploads\/2025\/12\/SpeechToCheck-470x1024.png 470w, https:\/\/www.bee-pilot.io\/wp-content\/uploads\/2025\/12\/SpeechToCheck-768x1675.png 768w, https:\/\/www.bee-pilot.io\/wp-content\/uploads\/2025\/12\/SpeechToCheck-704x1536.png 704w, https:\/\/www.bee-pilot.io\/wp-content\/uploads\/2025\/12\/SpeechToCheck.png 774w\" sizes=\"auto, (max-width: 138px) 100vw, 138px\" \/><\/figure>\n<\/div><\/div>\n\n\n\n<div class=\"wp-block-column is-vertically-aligned-center is-layout-flow wp-block-column-is-layout-flow\">\n<h4 class=\"wp-block-heading\" id=\"h-spracheingabe-statt-tippen\">Saisie vocale au lieu de taper<\/h4>\n\n\n\n<p>Lors de la r\u00e9alisation des visites, tu peux simplement <strong>exprimer<\/strong> tes observations au lieu de les taper. bee-pilot.io <strong>\u00e9value ta saisie vocale avec l\u2019IA<\/strong> et reporte les informations <strong>automatiquement dans la liste de contr\u00f4le appropri\u00e9e<\/strong>. <\/p>\n\n\n\n<p>Cela fait gagner du temps, r\u00e9duit la distraction et te permet de te concentrer pleinement sur la colonie.<\/p>\n<\/div>\n<\/div>\n\n\n\n<div style=\"height:28px\" aria-hidden=\"true\" class=\"wp-block-spacer\"><\/div>\n\n\n\n<div class=\"wp-block-columns is-layout-flex wp-container-core-columns-is-layout-9d6595d7 wp-block-columns-is-layout-flex\">\n<div class=\"wp-block-column is-vertically-aligned-center is-layout-flow wp-block-column-is-layout-flow\">\n<h4 class=\"wp-block-heading\" id=\"h-papierchecklisten-intelligent-digitalisieren\">Num\u00e9riser intelligemment les listes de contr\u00f4le papier<\/h4>\n\n\n\n<p>Tu pr\u00e9f\u00e8res travailler avec des <strong>listes de contr\u00f4le papier<\/strong>\u00a0? Prends simplement une photo de ta liste remplie et ajoute-la au contr\u00f4le de la colonie. bee-pilot.io essaie ensuite de <strong>reconna\u00eetre automatiquement tes notes manuscrites et de les transf\u00e9rer dans le contr\u00f4le num\u00e9rique<\/strong>.  <\/p>\n\n\n\n<p>Tu combines ainsi ta m\u00e9thode de travail habituelle avec les avantages d\u2019une documentation num\u00e9rique \u2013 sans double travail.<\/p>\n<\/div>\n\n\n\n<div class=\"wp-block-column is-vertically-aligned-center is-layout-flow wp-block-column-is-layout-flow\"><div class=\"wp-block-image\">\n<figure class=\"aligncenter size-medium\"><img loading=\"lazy\" decoding=\"async\" width=\"138\" height=\"300\" src=\"https:\/\/www.bee-pilot.io\/wp-content\/uploads\/2025\/02\/IMG_BA199A1369F8-1-138x300.jpeg\" alt=\"Num&#xE9;riser une liste de contr&#xF4;le papier\" class=\"wp-image-380\" srcset=\"https:\/\/www.bee-pilot.io\/wp-content\/uploads\/2025\/02\/IMG_BA199A1369F8-1-138x300.jpeg 138w, https:\/\/www.bee-pilot.io\/wp-content\/uploads\/2025\/02\/IMG_BA199A1369F8-1-471x1024.jpeg 471w, https:\/\/www.bee-pilot.io\/wp-content\/uploads\/2025\/02\/IMG_BA199A1369F8-1-768x1670.jpeg 768w, https:\/\/www.bee-pilot.io\/wp-content\/uploads\/2025\/02\/IMG_BA199A1369F8-1-706x1536.jpeg 706w, https:\/\/www.bee-pilot.io\/wp-content\/uploads\/2025\/02\/IMG_BA199A1369F8-1-942x2048.jpeg 942w, https:\/\/www.bee-pilot.io\/wp-content\/uploads\/2025\/02\/IMG_BA199A1369F8-1-scaled.jpeg 1177w\" sizes=\"auto, (max-width: 138px) 100vw, 138px\" \/><\/figure>\n<\/div><\/div>\n<\/div>\n\n\n\n<div style=\"height:32px\" aria-hidden=\"true\" class=\"wp-block-spacer\"><\/div>\n\n\n\n<h3 class=\"wp-block-heading\" id=\"h-kunstliche-intelligenz-die-mitdenkt\">Une intelligence artificielle qui r\u00e9fl\u00e9chit avec toi<\/h3>\n\n\n\n<p>Toutes les fonctions assist\u00e9es par l\u2019IA acc\u00e8dent \u00e0 tes donn\u00e9es existantes et les rendent <strong>utilisables, comparables et compr\u00e9hensibles<\/strong>. Ainsi, de nombreuses informations individuelles se transforment en un aper\u00e7u clair \u2013 et la documentation devient une v\u00e9ritable base de d\u00e9cision. <\/p>\n\n\n\n<p class=\"has-text-align-center\"><strong>bee-pilot.io r\u00e9fl\u00e9chit avec toi, se renseigne et r\u00e9sume \u2013 comme un apiculteur virtuel \u00e0 tes c\u00f4t\u00e9s.<\/strong><\/p>\n<\/div><\/div>\n<p><!-- CTA --><\/p>\n\n<div class=\"wp-block-cover alignfull\" style=\"min-height:220px;aspect-ratio:unset;\"><span aria-hidden=\"true\" class=\"wp-block-cover__background has-background-dim-100 has-background-dim\" style=\"background-color:#0f1115\"><\/span><div class=\"wp-block-cover__inner-container is-layout-flow wp-block-cover-is-layout-flow\">\n<div class=\"wp-block-group\"><div class=\"wp-block-group__inner-container is-layout-constrained wp-container-core-group-is-layout-7a8ecd1d wp-block-group-is-layout-constrained\">\n<h3 class=\"wp-block-heading has-text-align-center\" id=\"h-erlebe-wie-ki-deine-imkerei-unterstutzt\">D\u00e9couvre comment l\u2019IA soutient ton apiculture<\/h3>\n\n\n\n<p class=\"has-text-align-center\">Teste bee-pilot.io gratuitement et d\u00e9couvre ton apiculteur virtuel au quotidien.<\/p>\n\n\n\n<div class=\"wp-block-buttons is-content-justification-center is-layout-flex wp-container-core-buttons-is-layout-16018d1d wp-block-buttons-is-layout-flex\">\n<div class=\"wp-block-button\"><a class=\"wp-block-button__link has-luminous-vivid-amber-background-color has-background wp-element-button\" href=\"https:\/\/app.bee-pilot.io\/registration\">\n  Tester gratuitement maintenant\n\t\t\t\t\t<\/a><\/div>\n<\/div>\n<\/div><\/div>\n<\/div><\/div>\n","protected":false},"excerpt":{"rendered":"<p>Ton chat personnel d\u2019apiculture Le chat bee-pilot.io est ton lien direct vers toutes les informations de ton apiculture. Pose des questions comme\u00a0: \u00ab\u00a0Comment vont mes colonies\u00a0?\u00a0\u00bb En arri\u00e8re-plan, bee-pilot.io analyse automatiquement l\u2019\u00e9tat de toutes les colonies, \u00e9value les donn\u00e9es actuelles des visites, des \u00e9valuations et des t\u00e2ches, et r\u00e9sume les r\u00e9sultats de mani\u00e8re compr\u00e9hensible pour [&hellip;]<\/p>\n","protected":false},"author":1,"featured_media":1439,"parent":0,"menu_order":0,"comment_status":"closed","ping_status":"closed","template":"","meta":{"footnotes":""},"class_list":["post-1437","page","type-page","status-publish","has-post-thumbnail","hentry"],"yoast_head":"<!-- This site is optimized with the Yoast SEO Premium plugin v26.6 (Yoast SEO v26.6) - https:\/\/yoast.com\/wordpress\/plugins\/seo\/ -->\n<title>bee-pilot.io - virtueller-imker r\u00e9volutionne l\u2019apiculture - bee-pilot.io<\/title>\n<meta name=\"description\" content=\"Bee-pilot.io - virtueller-imker est la cl\u00e9 d\u2019une apiculture efficace. Laisse l\u2019IA optimiser ton temps et ton travail.\" \/>\n<meta name=\"robots\" content=\"index, follow, max-snippet:-1, max-image-preview:large, max-video-preview:-1\" \/>\n<link rel=\"canonical\" href=\"https:\/\/www.bee-pilot.io\/fr\/ton-apiculteur-virtuel-assiste-par-lintelligence-artificielle\/\" \/>\n<meta property=\"og:locale\" content=\"fr_FR\" \/>\n<meta property=\"og:type\" content=\"article\" \/>\n<meta property=\"og:title\" content=\"Ton apiculteur virtuel \u2013 assist\u00e9 par l\u2019intelligence artificielle\" \/>\n<meta property=\"og:description\" content=\"Bee-pilot.io - virtueller-imker est la cl\u00e9 d\u2019une apiculture efficace. Laisse l\u2019IA optimiser ton temps et ton travail.\" \/>\n<meta property=\"og:url\" content=\"https:\/\/www.bee-pilot.io\/fr\/ton-apiculteur-virtuel-assiste-par-lintelligence-artificielle\/\" \/>\n<meta property=\"og:site_name\" content=\"bee-pilot.io\" \/>\n<meta property=\"article:modified_time\" content=\"2025-12-27T19:24:37+00:00\" \/>\n<meta property=\"og:image\" content=\"https:\/\/www.bee-pilot.io\/wp-content\/uploads\/2025\/12\/bee-pilot-ki-banner-1024x683.png\" \/>\n\t<meta property=\"og:image:width\" content=\"1024\" \/>\n\t<meta property=\"og:image:height\" content=\"683\" \/>\n\t<meta property=\"og:image:type\" content=\"image\/png\" \/>\n<meta name=\"twitter:card\" content=\"summary_large_image\" \/>\n<meta name=\"twitter:label1\" content=\"Dur\u00e9e de lecture estim\u00e9e\" \/>\n\t<meta name=\"twitter:data1\" content=\"3 minutes\" \/>\n<script type=\"application\/ld+json\" class=\"yoast-schema-graph\">{\"@context\":\"https:\/\/schema.org\",\"@graph\":[{\"@type\":\"WebPage\",\"@id\":\"https:\/\/www.bee-pilot.io\/fr\/ton-apiculteur-virtuel-assiste-par-lintelligence-artificielle\/\",\"url\":\"https:\/\/www.bee-pilot.io\/fr\/ton-apiculteur-virtuel-assiste-par-lintelligence-artificielle\/\",\"name\":\"bee-pilot.io - virtueller-imker r\u00e9volutionne l\u2019apiculture - bee-pilot.io\",\"isPartOf\":{\"@id\":\"https:\/\/www.bee-pilot.io\/fr\/#website\"},\"primaryImageOfPage\":{\"@id\":\"https:\/\/www.bee-pilot.io\/fr\/ton-apiculteur-virtuel-assiste-par-lintelligence-artificielle\/#primaryimage\"},\"image\":{\"@id\":\"https:\/\/www.bee-pilot.io\/fr\/ton-apiculteur-virtuel-assiste-par-lintelligence-artificielle\/#primaryimage\"},\"thumbnailUrl\":\"https:\/\/www.bee-pilot.io\/wp-content\/uploads\/2025\/12\/bee-pilot-ki-banner.png\",\"datePublished\":\"2025-12-27T19:07:03+00:00\",\"dateModified\":\"2025-12-27T19:24:37+00:00\",\"description\":\"Bee-pilot.io - virtueller-imker est la cl\u00e9 d\u2019une apiculture efficace. Laisse l\u2019IA optimiser ton temps et ton travail.\",\"breadcrumb\":{\"@id\":\"https:\/\/www.bee-pilot.io\/fr\/ton-apiculteur-virtuel-assiste-par-lintelligence-artificielle\/#breadcrumb\"},\"inLanguage\":\"fr-FR\",\"potentialAction\":[{\"@type\":\"ReadAction\",\"target\":[\"https:\/\/www.bee-pilot.io\/fr\/ton-apiculteur-virtuel-assiste-par-lintelligence-artificielle\/\"]}]},{\"@type\":\"ImageObject\",\"inLanguage\":\"fr-FR\",\"@id\":\"https:\/\/www.bee-pilot.io\/fr\/ton-apiculteur-virtuel-assiste-par-lintelligence-artificielle\/#primaryimage\",\"url\":\"https:\/\/www.bee-pilot.io\/wp-content\/uploads\/2025\/12\/bee-pilot-ki-banner.png\",\"contentUrl\":\"https:\/\/www.bee-pilot.io\/wp-content\/uploads\/2025\/12\/bee-pilot-ki-banner.png\",\"width\":1536,\"height\":1024,\"caption\":\"Image de bee-pilot.io avec un apiculteur virtuel\"},{\"@type\":\"BreadcrumbList\",\"@id\":\"https:\/\/www.bee-pilot.io\/fr\/ton-apiculteur-virtuel-assiste-par-lintelligence-artificielle\/#breadcrumb\",\"itemListElement\":[{\"@type\":\"ListItem\",\"position\":1,\"name\":\"Startseite\",\"item\":\"https:\/\/www.bee-pilot.io\/fr\/\"},{\"@type\":\"ListItem\",\"position\":2,\"name\":\"Ton apiculteur virtuel \u2013 assist\u00e9 par l\u2019intelligence artificielle\"}]},{\"@type\":\"WebSite\",\"@id\":\"https:\/\/www.bee-pilot.io\/fr\/#website\",\"url\":\"https:\/\/www.bee-pilot.io\/fr\/\",\"name\":\"bee-pilot.io\",\"description\":\"Bee-Pilot: KI-gest\u00fctzte Software f\u00fcr Imker \u2013 Digitale Stockkarte, Wetter &amp; Checklisten\",\"publisher\":{\"@id\":\"https:\/\/www.bee-pilot.io\/fr\/#organization\"},\"potentialAction\":[{\"@type\":\"SearchAction\",\"target\":{\"@type\":\"EntryPoint\",\"urlTemplate\":\"https:\/\/www.bee-pilot.io\/fr\/?s={search_term_string}\"},\"query-input\":{\"@type\":\"PropertyValueSpecification\",\"valueRequired\":true,\"valueName\":\"search_term_string\"}}],\"inLanguage\":\"fr-FR\"},{\"@type\":\"Organization\",\"@id\":\"https:\/\/www.bee-pilot.io\/fr\/#organization\",\"name\":\"bee-pilot.io UG (haftungsbeschr\u00e4nkt)\",\"url\":\"https:\/\/www.bee-pilot.io\/fr\/\",\"logo\":{\"@type\":\"ImageObject\",\"inLanguage\":\"fr-FR\",\"@id\":\"https:\/\/www.bee-pilot.io\/fr\/#\/schema\/logo\/image\/\",\"url\":\"https:\/\/www.bee-pilot.io\/wp-content\/uploads\/2024\/10\/cropped-bee-pilot-logo.png\",\"contentUrl\":\"https:\/\/www.bee-pilot.io\/wp-content\/uploads\/2024\/10\/cropped-bee-pilot-logo.png\",\"width\":291,\"height\":85,\"caption\":\"bee-pilot.io UG (haftungsbeschr\u00e4nkt)\"},\"image\":{\"@id\":\"https:\/\/www.bee-pilot.io\/fr\/#\/schema\/logo\/image\/\"}}]}<\/script>\n<!-- \/ Yoast SEO Premium plugin. -->","yoast_head_json":{"title":"bee-pilot.io - virtueller-imker r\u00e9volutionne l\u2019apiculture - bee-pilot.io","description":"Bee-pilot.io - virtueller-imker est la cl\u00e9 d\u2019une apiculture efficace. Laisse l\u2019IA optimiser ton temps et ton travail.","robots":{"index":"index","follow":"follow","max-snippet":"max-snippet:-1","max-image-preview":"max-image-preview:large","max-video-preview":"max-video-preview:-1"},"canonical":"https:\/\/www.bee-pilot.io\/fr\/ton-apiculteur-virtuel-assiste-par-lintelligence-artificielle\/","og_locale":"fr_FR","og_type":"article","og_title":"Ton apiculteur virtuel \u2013 assist\u00e9 par l\u2019intelligence artificielle","og_description":"Bee-pilot.io - virtueller-imker est la cl\u00e9 d\u2019une apiculture efficace. Laisse l\u2019IA optimiser ton temps et ton travail.","og_url":"https:\/\/www.bee-pilot.io\/fr\/ton-apiculteur-virtuel-assiste-par-lintelligence-artificielle\/","og_site_name":"bee-pilot.io","article_modified_time":"2025-12-27T19:24:37+00:00","og_image":[{"width":1024,"height":683,"url":"https:\/\/www.bee-pilot.io\/wp-content\/uploads\/2025\/12\/bee-pilot-ki-banner-1024x683.png","type":"image\/png"}],"twitter_card":"summary_large_image","twitter_misc":{"Dur\u00e9e de lecture estim\u00e9e":"3 minutes"},"schema":{"@context":"https:\/\/schema.org","@graph":[{"@type":"WebPage","@id":"https:\/\/www.bee-pilot.io\/fr\/ton-apiculteur-virtuel-assiste-par-lintelligence-artificielle\/","url":"https:\/\/www.bee-pilot.io\/fr\/ton-apiculteur-virtuel-assiste-par-lintelligence-artificielle\/","name":"bee-pilot.io - virtueller-imker r\u00e9volutionne l\u2019apiculture - bee-pilot.io","isPartOf":{"@id":"https:\/\/www.bee-pilot.io\/fr\/#website"},"primaryImageOfPage":{"@id":"https:\/\/www.bee-pilot.io\/fr\/ton-apiculteur-virtuel-assiste-par-lintelligence-artificielle\/#primaryimage"},"image":{"@id":"https:\/\/www.bee-pilot.io\/fr\/ton-apiculteur-virtuel-assiste-par-lintelligence-artificielle\/#primaryimage"},"thumbnailUrl":"https:\/\/www.bee-pilot.io\/wp-content\/uploads\/2025\/12\/bee-pilot-ki-banner.png","datePublished":"2025-12-27T19:07:03+00:00","dateModified":"2025-12-27T19:24:37+00:00","description":"Bee-pilot.io - virtueller-imker est la cl\u00e9 d\u2019une apiculture efficace. Laisse l\u2019IA optimiser ton temps et ton travail.","breadcrumb":{"@id":"https:\/\/www.bee-pilot.io\/fr\/ton-apiculteur-virtuel-assiste-par-lintelligence-artificielle\/#breadcrumb"},"inLanguage":"fr-FR","potentialAction":[{"@type":"ReadAction","target":["https:\/\/www.bee-pilot.io\/fr\/ton-apiculteur-virtuel-assiste-par-lintelligence-artificielle\/"]}]},{"@type":"ImageObject","inLanguage":"fr-FR","@id":"https:\/\/www.bee-pilot.io\/fr\/ton-apiculteur-virtuel-assiste-par-lintelligence-artificielle\/#primaryimage","url":"https:\/\/www.bee-pilot.io\/wp-content\/uploads\/2025\/12\/bee-pilot-ki-banner.png","contentUrl":"https:\/\/www.bee-pilot.io\/wp-content\/uploads\/2025\/12\/bee-pilot-ki-banner.png","width":1536,"height":1024,"caption":"Image de bee-pilot.io avec un apiculteur virtuel"},{"@type":"BreadcrumbList","@id":"https:\/\/www.bee-pilot.io\/fr\/ton-apiculteur-virtuel-assiste-par-lintelligence-artificielle\/#breadcrumb","itemListElement":[{"@type":"ListItem","position":1,"name":"Startseite","item":"https:\/\/www.bee-pilot.io\/fr\/"},{"@type":"ListItem","position":2,"name":"Ton apiculteur virtuel \u2013 assist\u00e9 par l\u2019intelligence artificielle"}]},{"@type":"WebSite","@id":"https:\/\/www.bee-pilot.io\/fr\/#website","url":"https:\/\/www.bee-pilot.io\/fr\/","name":"bee-pilot.io","description":"Bee-Pilot: KI-gest\u00fctzte Software f\u00fcr Imker \u2013 Digitale Stockkarte, Wetter &amp; Checklisten","publisher":{"@id":"https:\/\/www.bee-pilot.io\/fr\/#organization"},"potentialAction":[{"@type":"SearchAction","target":{"@type":"EntryPoint","urlTemplate":"https:\/\/www.bee-pilot.io\/fr\/?s={search_term_string}"},"query-input":{"@type":"PropertyValueSpecification","valueRequired":true,"valueName":"search_term_string"}}],"inLanguage":"fr-FR"},{"@type":"Organization","@id":"https:\/\/www.bee-pilot.io\/fr\/#organization","name":"bee-pilot.io UG (haftungsbeschr\u00e4nkt)","url":"https:\/\/www.bee-pilot.io\/fr\/","logo":{"@type":"ImageObject","inLanguage":"fr-FR","@id":"https:\/\/www.bee-pilot.io\/fr\/#\/schema\/logo\/image\/","url":"https:\/\/www.bee-pilot.io\/wp-content\/uploads\/2024\/10\/cropped-bee-pilot-logo.png","contentUrl":"https:\/\/www.bee-pilot.io\/wp-content\/uploads\/2024\/10\/cropped-bee-pilot-logo.png","width":291,"height":85,"caption":"bee-pilot.io UG (haftungsbeschr\u00e4nkt)"},"image":{"@id":"https:\/\/www.bee-pilot.io\/fr\/#\/schema\/logo\/image\/"}}]}},"_links":{"self":[{"href":"https:\/\/www.bee-pilot.io\/fr\/wp-json\/wp\/v2\/pages\/1437","targetHints":{"allow":["GET"]}}],"collection":[{"href":"https:\/\/www.bee-pilot.io\/fr\/wp-json\/wp\/v2\/pages"}],"about":[{"href":"https:\/\/www.bee-pilot.io\/fr\/wp-json\/wp\/v2\/types\/page"}],"author":[{"embeddable":true,"href":"https:\/\/www.bee-pilot.io\/fr\/wp-json\/wp\/v2\/users\/1"}],"replies":[{"embeddable":true,"href":"https:\/\/www.bee-pilot.io\/fr\/wp-json\/wp\/v2\/comments?post=1437"}],"version-history":[{"count":1,"href":"https:\/\/www.bee-pilot.io\/fr\/wp-json\/wp\/v2\/pages\/1437\/revisions"}],"predecessor-version":[{"id":1440,"href":"https:\/\/www.bee-pilot.io\/fr\/wp-json\/wp\/v2\/pages\/1437\/revisions\/1440"}],"wp:featuredmedia":[{"embeddable":true,"href":"https:\/\/www.bee-pilot.io\/fr\/wp-json\/wp\/v2\/media\/1439"}],"wp:attachment":[{"href":"https:\/\/www.bee-pilot.io\/fr\/wp-json\/wp\/v2\/media?parent=1437"}],"curies":[{"name":"wp","href":"https:\/\/api.w.org\/{rel}","templated":true}]}}