{"id":773,"date":"2025-12-11T15:26:11","date_gmt":"2025-12-11T15:26:11","guid":{"rendered":"https:\/\/www.bee-pilot.io\/le-cockpit-intelligent-pour-ton-apiculture\/"},"modified":"2025-12-27T08:21:17","modified_gmt":"2025-12-27T08:21:17","slug":"le-cockpit-intelligent-pour-ton-apiculture","status":"publish","type":"page","link":"https:\/\/www.bee-pilot.io\/fr\/le-cockpit-intelligent-pour-ton-apiculture\/","title":{"rendered":"Le cockpit intelligent pour ton apiculture"},"content":{"rendered":"\n<p>Garde un \u0153il sur toutes tes colonies d\u2019abeilles \u2013 \u00e0 tout moment, automatiquement et sans papier.<\/p>\n\n<p><strong>Les fiches de stock papier co\u00fbtent du temps, des nerfs et m\u00e8nent au chaos.<\/strong><\/p>\n\n<p>Chaque apiculteur le sait :<\/p>\n\n<ul class=\"wp-block-list\">\n<li>Les papiers se perdent ou sont mouill\u00e9s<\/li>\n\n\n\n<li>Les informations sont r\u00e9parties sur plusieurs feuilles<\/li>\n\n\n\n<li>Pas d\u2019historique clair par colonie<\/li>\n\n\n\n<li>Les ajouts doivent \u00eatre faits \u00e0 la maison<\/li>\n\n\n\n<li>Pas de vue d\u2019ensemble de l\u2019\u00e9tat actuel<\/li>\n<\/ul>\n\n<p><strong>Le r\u00e9sultat :<\/strong> manque de vue d\u2019ensemble, erreurs dans les soins et perte de temps inutile.<\/p>\n\n<figure class=\"wp-block-image size-large\"><img loading=\"lazy\" decoding=\"async\" width=\"1024\" height=\"596\" src=\"https:\/\/www.bee-pilot.io\/wp-content\/uploads\/2025\/12\/Bildschirmfoto-2025-12-11-um-16.31.46-1024x596.png\" alt=\"D&#xE9;tails de bee-pilot-io depuis le tableau de bord\" class=\"wp-image-742\" srcset=\"https:\/\/www.bee-pilot.io\/wp-content\/uploads\/2025\/12\/Bildschirmfoto-2025-12-11-um-16.31.46-1024x596.png 1024w, https:\/\/www.bee-pilot.io\/wp-content\/uploads\/2025\/12\/Bildschirmfoto-2025-12-11-um-16.31.46-300x175.png 300w, https:\/\/www.bee-pilot.io\/wp-content\/uploads\/2025\/12\/Bildschirmfoto-2025-12-11-um-16.31.46-768x447.png 768w, https:\/\/www.bee-pilot.io\/wp-content\/uploads\/2025\/12\/Bildschirmfoto-2025-12-11-um-16.31.46-1536x894.png 1536w, https:\/\/www.bee-pilot.io\/wp-content\/uploads\/2025\/12\/Bildschirmfoto-2025-12-11-um-16.31.46.png 1606w\" sizes=\"auto, (max-width: 1024px) 100vw, 1024px\" \/><\/figure>\n\n<div class=\"wp-block-buttons is-content-justification-center is-layout-flex wp-container-core-buttons-is-layout-16018d1d wp-block-buttons-is-layout-flex\">\n<div class=\"wp-block-button\"><a class=\"wp-block-button__link has-luminous-vivid-amber-background-color has-background wp-element-button\" href=\"https:\/\/app.bee-pilot.io\/registration\">Teste gratuitement maintenant !<\/a><\/div>\n<\/div>\n\n<h3 class=\"wp-block-heading\"><strong>Avec bee-pilot.io, tu as tout en vue.<\/strong><\/h3>\n\n<p>bee-pilot.io remplace toute ta gestion papier \u2013 clairement structur\u00e9e et utilisable directement au rucher. Mais tu peux aussi acc\u00e9der \u00e0 tout depuis ton PC \u00e0 la maison ! <\/p>\n\n<h4 class=\"wp-block-heading\"><strong>Ce que tu obtiens avec bee-pilot :<\/strong><\/h4>\n\n<ul class=\"wp-block-list\">\n<li><strong>Vue d\u2019ensemble des donn\u00e9es de la colonie en un seul endroit<\/strong><\/li>\n\n\n\n<li><strong>Saisie des contr\u00f4les et des mesures en quelques secondes<\/strong><\/li>\n\n\n\n<li><strong>Ajout facile d\u2019images et de notes<\/strong><\/li>\n\n\n\n<li><strong>Statut de la reine et d\u00e9veloppement de la colonie toujours en vue<\/strong><\/li>\n\n\n\n<li><strong>Historique complet de chaque colonie \u2013 automatiquement<\/strong><\/li>\n\n\n\n<li><strong>De meilleures d\u00e9cisions gr\u00e2ce \u00e0 des donn\u00e9es et des \u00e9valuations claires<\/strong>. Quelle est une bonne colonie, quelle est une mauvaise. <\/li>\n<\/ul>\n\n<h3 class=\"wp-block-heading\"><strong>Voici comment fonctionne la fiche de stock num\u00e9rique<\/strong><\/h3>\n\n<ul class=\"wp-block-list\">\n<li>S\u00e9lectionne la colonie que tu souhaites via ton emplacement<\/li>\n<\/ul>\n\n<p>L\u2019application est con\u00e7ue pour que tu puisses l\u2019utiliser d\u2019une seule main directement au rucher. Lors de l\u2019inspection, tu peux saisir directement tes r\u00e9sultats par la voix. <\/p>\n\n<div class=\"wp-block-columns is-layout-flex wp-container-core-columns-is-layout-9d6595d7 wp-block-columns-is-layout-flex\">\n<div class=\"wp-block-column is-layout-flow wp-block-column-is-layout-flow\">\n<figure class=\"wp-block-image size-full\"><img loading=\"lazy\" decoding=\"async\" width=\"386\" height=\"846\" src=\"https:\/\/www.bee-pilot.io\/wp-content\/uploads\/2025\/12\/Bildschirmfoto-2025-12-11-um-16.35.14-1.png\" alt=\"bee-pilot.io - R&#xE9;alisation d&#x2019;une inspection\" class=\"wp-image-746\" srcset=\"https:\/\/www.bee-pilot.io\/wp-content\/uploads\/2025\/12\/Bildschirmfoto-2025-12-11-um-16.35.14-1.png 386w, https:\/\/www.bee-pilot.io\/wp-content\/uploads\/2025\/12\/Bildschirmfoto-2025-12-11-um-16.35.14-1-137x300.png 137w\" sizes=\"auto, (max-width: 386px) 100vw, 386px\" \/><\/figure>\n<\/div>\n\n\n\n<div class=\"wp-block-column is-layout-flow wp-block-column-is-layout-flow\">\n<figure class=\"wp-block-image size-full\"><img loading=\"lazy\" decoding=\"async\" width=\"387\" height=\"841\" src=\"https:\/\/www.bee-pilot.io\/wp-content\/uploads\/2025\/12\/Bildschirmfoto-2025-12-11-um-16.35.23-1.png\" alt=\"bee-pilot.io - Inspection avec commande vocale\" class=\"wp-image-747\" srcset=\"https:\/\/www.bee-pilot.io\/wp-content\/uploads\/2025\/12\/Bildschirmfoto-2025-12-11-um-16.35.23-1.png 387w, https:\/\/www.bee-pilot.io\/wp-content\/uploads\/2025\/12\/Bildschirmfoto-2025-12-11-um-16.35.23-1-138x300.png 138w\" sizes=\"auto, (max-width: 387px) 100vw, 387px\" \/><\/figure>\n<\/div>\n<\/div>\n\n<div class=\"wp-block-buttons is-content-justification-center is-layout-flex wp-container-core-buttons-is-layout-16018d1d wp-block-buttons-is-layout-flex\">\n<div class=\"wp-block-button\"><a class=\"wp-block-button__link has-luminous-vivid-amber-background-color has-background wp-element-button\" href=\"https:\/\/app.bee-pilot.io\/registration\">Teste gratuitement maintenant !<\/a><\/div>\n<\/div>\n\n<p>\u00a0<\/p>\n\n<h3 class=\"wp-block-heading\"><strong>Pas besoin d\u2019App Store \u2013 fonctionne imm\u00e9diatement<\/strong><\/h3>\n\n<h4 class=\"wp-block-heading\"><strong>bee-pilot.io est une application web moderne (PWA) \u2013 pas besoin d\u2019installation dans les App Stores.<\/strong><\/h4>\n\n<p>De nombreux utilisateurs cherchent d\u2019abord dans l\u2019App Store et n\u2019y trouvent rien.<br\/>Sur cette Landing Page, nous l\u2019expliquons clairement :<\/p>\n\n<h5 class=\"wp-block-heading\"><strong>Comment utiliser Bee-Pilot :<\/strong><\/h5>\n\n<ul class=\"wp-block-list\">\n<li>Ouvre l\u2019application <strong>directement dans le navigateur<\/strong><\/li>\n\n\n\n<li>En option, enregistre l\u2019ic\u00f4ne de l\u2019application sur l\u2019\u00e9cran d\u2019accueil<\/li>\n\n\n\n<li>Fonctionne sur smartphone, tablette et PC<\/li>\n<\/ul>\n\n<h5 class=\"wp-block-heading\"><strong>Pourquoi pas d\u2019App Stores ?<\/strong><\/h5>\n\n<ul class=\"wp-block-list\">\n<li>D\u00e9veloppement plus rapide<\/li>\n\n\n\n<li>Mises \u00e0 jour imm\u00e9diates pour tous les utilisateurs<\/li>\n\n\n\n<li>Pas de processus d\u2019approbation Apple\/Google<\/li>\n\n\n\n<li>L\u2019application reste minimale, rapide et flexible<\/li>\n<\/ul>\n\n<p><strong>Pour toi, cela signifie :<\/strong> Tu peux utiliser bee-pilot.io imm\u00e9diatement \u2013 sans installation.<\/p>\n<div class=\"wp-block-image wp-block-image aligncenter size-full is-resized\">\n<figure ><img loading=\"lazy\" decoding=\"async\" width=\"389\" height=\"844\" src=\"https:\/\/www.bee-pilot.io\/wp-content\/uploads\/2025\/12\/Bildschirmfoto-2025-12-11-um-16.33.04.png\" alt=\"bee-pilot.io Liste de tous les emplacements en mode mobile\" class=\"wp-image-743\" srcset=\"https:\/\/www.bee-pilot.io\/wp-content\/uploads\/2025\/12\/Bildschirmfoto-2025-12-11-um-16.33.04.png 389w, https:\/\/www.bee-pilot.io\/wp-content\/uploads\/2025\/12\/Bildschirmfoto-2025-12-11-um-16.33.04-138x300.png 138w\" sizes=\"auto, (max-width: 389px) 100vw, 389px\" \/><\/figure>\n<\/div>\n<h3 class=\"wp-block-heading\"><strong>Acc\u00e8s direct par QR Code<\/strong><\/h3>\n\n<p class=\"wp-block-heading\">D\u00e9marre bee-pilot.io directement sur ton t\u00e9l\u00e9phone et scanne ce code QR :<\/p>\n<div class=\"wp-block-image wp-block-image aligncenter size-large is-resized\">\n<figure ><img loading=\"lazy\" decoding=\"async\" width=\"1024\" height=\"1024\" src=\"https:\/\/www.bee-pilot.io\/wp-content\/uploads\/2025\/12\/qr-code-1024x1024.png\" alt=\"\" class=\"wp-image-738\" style=\"width:258px;height:auto\" srcset=\"https:\/\/www.bee-pilot.io\/wp-content\/uploads\/2025\/12\/qr-code-1024x1024.png 1024w, https:\/\/www.bee-pilot.io\/wp-content\/uploads\/2025\/12\/qr-code-300x300.png 300w, https:\/\/www.bee-pilot.io\/wp-content\/uploads\/2025\/12\/qr-code-150x150.png 150w, https:\/\/www.bee-pilot.io\/wp-content\/uploads\/2025\/12\/qr-code-768x768.png 768w, https:\/\/www.bee-pilot.io\/wp-content\/uploads\/2025\/12\/qr-code.png 1155w\" sizes=\"auto, (max-width: 1024px) 100vw, 1024px\" \/><\/figure>\n<\/div>\n<p>Alternativement, passe directement ici au formulaire d\u2019inscription :<\/p>\n\n<div class=\"wp-block-buttons is-content-justification-center is-layout-flex wp-container-core-buttons-is-layout-16018d1d wp-block-buttons-is-layout-flex\">\n<div class=\"wp-block-button\"><a class=\"wp-block-button__link has-luminous-vivid-amber-background-color has-background wp-element-button\" href=\"https:\/\/app.bee-pilot.io\/registration\">Teste gratuitement maintenant !<\/a><\/div>\n<\/div>\n\n<h3 class=\"wp-block-heading\">Combien co\u00fbte bee-pilot.io ?<\/h3>\n\n<p>Chez Bee-Pilot, tu ne paies pas pour des fonctions dont tu n\u2019as pas besoin, mais pour un r\u00e9el avantage dans ton apiculture.<br\/>En tant que solution d\u2019apiculteurs pour les apiculteurs, nous offrons un prix \u00e9quitable \u2013 transparent, compr\u00e9hensible et avec une valeur ajout\u00e9e tangible.<\/p>\n\n<div class=\"wp-block-buttons is-content-justification-center is-layout-flex wp-container-core-buttons-is-layout-16018d1d wp-block-buttons-is-layout-flex\">\n<div class=\"wp-block-button\"><a class=\"wp-block-button__link has-luminous-vivid-amber-background-color has-background wp-element-button\" href=\"https:\/\/bee-pilot.io#preise\">Afficher les prix<\/a><\/div>\n<\/div>\n\n<p>\u00a0<\/p>\n","protected":false},"excerpt":{"rendered":"<p>Garde un \u0153il sur toutes tes colonies d\u2019abeilles \u2013 \u00e0 tout moment, automatiquement et sans papier. Les fiches de stock papier co\u00fbtent du temps, des nerfs et m\u00e8nent au chaos. Chaque apiculteur le sait : Le r\u00e9sultat : manque de vue d\u2019ensemble, erreurs dans les soins et perte de temps inutile. Avec bee-pilot.io, tu as [&hellip;]<\/p>\n","protected":false},"author":1,"featured_media":0,"parent":0,"menu_order":0,"comment_status":"closed","ping_status":"closed","template":"","meta":{"footnotes":""},"class_list":["post-773","page","type-page","status-publish","hentry"],"yoast_head":"<!-- This site is optimized with the Yoast SEO Premium plugin v26.6 (Yoast SEO v26.6) - https:\/\/yoast.com\/wordpress\/plugins\/seo\/ -->\n<title>Le cockpit intelligent de l\u2019apiculture du futur - bee-pilot.io<\/title>\n<meta name=\"description\" content=\"G\u00e8re ton apiculture de mani\u00e8re num\u00e9rique \u2013 sans papier, sans chaos. Utilise l\u2019outil pour une apiculture moderne. Teste gratuitement pendant 30 jours.\" \/>\n<meta name=\"robots\" content=\"index, follow, max-snippet:-1, max-image-preview:large, max-video-preview:-1\" \/>\n<link rel=\"canonical\" href=\"https:\/\/www.bee-pilot.io\/fr\/le-cockpit-intelligent-pour-ton-apiculture\/\" \/>\n<meta property=\"og:locale\" content=\"fr_FR\" \/>\n<meta property=\"og:type\" content=\"article\" \/>\n<meta property=\"og:title\" content=\"Le cockpit intelligent pour ton apiculture\" \/>\n<meta property=\"og:description\" content=\"G\u00e8re ton apiculture de mani\u00e8re num\u00e9rique \u2013 sans papier, sans chaos. Utilise l\u2019outil pour une apiculture moderne. Teste gratuitement pendant 30 jours.\" \/>\n<meta property=\"og:url\" content=\"https:\/\/www.bee-pilot.io\/fr\/le-cockpit-intelligent-pour-ton-apiculture\/\" \/>\n<meta property=\"og:site_name\" content=\"bee-pilot.io\" \/>\n<meta property=\"article:modified_time\" content=\"2025-12-27T08:21:17+00:00\" \/>\n<meta property=\"og:image\" content=\"https:\/\/www.bee-pilot.io\/wp-content\/uploads\/2025\/12\/Bildschirmfoto-2025-12-11-um-16.31.46.png\" \/>\n\t<meta property=\"og:image:width\" content=\"1606\" \/>\n\t<meta property=\"og:image:height\" content=\"935\" \/>\n\t<meta property=\"og:image:type\" content=\"image\/png\" \/>\n<meta name=\"twitter:card\" content=\"summary_large_image\" \/>\n<meta name=\"twitter:label1\" content=\"Dur\u00e9e de lecture estim\u00e9e\" \/>\n\t<meta name=\"twitter:data1\" content=\"2 minutes\" \/>\n<script type=\"application\/ld+json\" class=\"yoast-schema-graph\">{\"@context\":\"https:\/\/schema.org\",\"@graph\":[{\"@type\":\"WebPage\",\"@id\":\"https:\/\/www.bee-pilot.io\/fr\/le-cockpit-intelligent-pour-ton-apiculture\/\",\"url\":\"https:\/\/www.bee-pilot.io\/fr\/le-cockpit-intelligent-pour-ton-apiculture\/\",\"name\":\"Le cockpit intelligent de l\u2019apiculture du futur - bee-pilot.io\",\"isPartOf\":{\"@id\":\"https:\/\/www.bee-pilot.io\/fr\/#website\"},\"primaryImageOfPage\":{\"@id\":\"https:\/\/www.bee-pilot.io\/fr\/le-cockpit-intelligent-pour-ton-apiculture\/#primaryimage\"},\"image\":{\"@id\":\"https:\/\/www.bee-pilot.io\/fr\/le-cockpit-intelligent-pour-ton-apiculture\/#primaryimage\"},\"thumbnailUrl\":\"https:\/\/www.bee-pilot.io\/wp-content\/uploads\/2025\/12\/Bildschirmfoto-2025-12-11-um-16.31.46-1024x596.png\",\"datePublished\":\"2025-12-11T15:26:11+00:00\",\"dateModified\":\"2025-12-27T08:21:17+00:00\",\"description\":\"G\u00e8re ton apiculture de mani\u00e8re num\u00e9rique \u2013 sans papier, sans chaos. Utilise l\u2019outil pour une apiculture moderne. Teste gratuitement pendant 30 jours.\",\"breadcrumb\":{\"@id\":\"https:\/\/www.bee-pilot.io\/fr\/le-cockpit-intelligent-pour-ton-apiculture\/#breadcrumb\"},\"inLanguage\":\"fr-FR\",\"potentialAction\":[{\"@type\":\"ReadAction\",\"target\":[\"https:\/\/www.bee-pilot.io\/fr\/le-cockpit-intelligent-pour-ton-apiculture\/\"]}]},{\"@type\":\"ImageObject\",\"inLanguage\":\"fr-FR\",\"@id\":\"https:\/\/www.bee-pilot.io\/fr\/le-cockpit-intelligent-pour-ton-apiculture\/#primaryimage\",\"url\":\"https:\/\/www.bee-pilot.io\/wp-content\/uploads\/2025\/12\/Bildschirmfoto-2025-12-11-um-16.31.46-1024x596.png\",\"contentUrl\":\"https:\/\/www.bee-pilot.io\/wp-content\/uploads\/2025\/12\/Bildschirmfoto-2025-12-11-um-16.31.46-1024x596.png\"},{\"@type\":\"BreadcrumbList\",\"@id\":\"https:\/\/www.bee-pilot.io\/fr\/le-cockpit-intelligent-pour-ton-apiculture\/#breadcrumb\",\"itemListElement\":[{\"@type\":\"ListItem\",\"position\":1,\"name\":\"Startseite\",\"item\":\"https:\/\/www.bee-pilot.io\/fr\/\"},{\"@type\":\"ListItem\",\"position\":2,\"name\":\"Le cockpit intelligent pour ton apiculture\"}]},{\"@type\":\"WebSite\",\"@id\":\"https:\/\/www.bee-pilot.io\/fr\/#website\",\"url\":\"https:\/\/www.bee-pilot.io\/fr\/\",\"name\":\"bee-pilot.io\",\"description\":\"Bee-Pilot: KI-gest\u00fctzte Software f\u00fcr Imker \u2013 Digitale Stockkarte, Wetter &amp; Checklisten\",\"publisher\":{\"@id\":\"https:\/\/www.bee-pilot.io\/fr\/#organization\"},\"potentialAction\":[{\"@type\":\"SearchAction\",\"target\":{\"@type\":\"EntryPoint\",\"urlTemplate\":\"https:\/\/www.bee-pilot.io\/fr\/?s={search_term_string}\"},\"query-input\":{\"@type\":\"PropertyValueSpecification\",\"valueRequired\":true,\"valueName\":\"search_term_string\"}}],\"inLanguage\":\"fr-FR\"},{\"@type\":\"Organization\",\"@id\":\"https:\/\/www.bee-pilot.io\/fr\/#organization\",\"name\":\"bee-pilot.io UG (haftungsbeschr\u00e4nkt)\",\"url\":\"https:\/\/www.bee-pilot.io\/fr\/\",\"logo\":{\"@type\":\"ImageObject\",\"inLanguage\":\"fr-FR\",\"@id\":\"https:\/\/www.bee-pilot.io\/fr\/#\/schema\/logo\/image\/\",\"url\":\"https:\/\/www.bee-pilot.io\/wp-content\/uploads\/2024\/10\/cropped-bee-pilot-logo.png\",\"contentUrl\":\"https:\/\/www.bee-pilot.io\/wp-content\/uploads\/2024\/10\/cropped-bee-pilot-logo.png\",\"width\":291,\"height\":85,\"caption\":\"bee-pilot.io UG (haftungsbeschr\u00e4nkt)\"},\"image\":{\"@id\":\"https:\/\/www.bee-pilot.io\/fr\/#\/schema\/logo\/image\/\"}}]}<\/script>\n<!-- \/ Yoast SEO Premium plugin. -->","yoast_head_json":{"title":"Le cockpit intelligent de l\u2019apiculture du futur - bee-pilot.io","description":"G\u00e8re ton apiculture de mani\u00e8re num\u00e9rique \u2013 sans papier, sans chaos. Utilise l\u2019outil pour une apiculture moderne. Teste gratuitement pendant 30 jours.","robots":{"index":"index","follow":"follow","max-snippet":"max-snippet:-1","max-image-preview":"max-image-preview:large","max-video-preview":"max-video-preview:-1"},"canonical":"https:\/\/www.bee-pilot.io\/fr\/le-cockpit-intelligent-pour-ton-apiculture\/","og_locale":"fr_FR","og_type":"article","og_title":"Le cockpit intelligent pour ton apiculture","og_description":"G\u00e8re ton apiculture de mani\u00e8re num\u00e9rique \u2013 sans papier, sans chaos. Utilise l\u2019outil pour une apiculture moderne. Teste gratuitement pendant 30 jours.","og_url":"https:\/\/www.bee-pilot.io\/fr\/le-cockpit-intelligent-pour-ton-apiculture\/","og_site_name":"bee-pilot.io","article_modified_time":"2025-12-27T08:21:17+00:00","og_image":[{"width":1606,"height":935,"url":"https:\/\/www.bee-pilot.io\/wp-content\/uploads\/2025\/12\/Bildschirmfoto-2025-12-11-um-16.31.46.png","type":"image\/png"}],"twitter_card":"summary_large_image","twitter_misc":{"Dur\u00e9e de lecture estim\u00e9e":"2 minutes"},"schema":{"@context":"https:\/\/schema.org","@graph":[{"@type":"WebPage","@id":"https:\/\/www.bee-pilot.io\/fr\/le-cockpit-intelligent-pour-ton-apiculture\/","url":"https:\/\/www.bee-pilot.io\/fr\/le-cockpit-intelligent-pour-ton-apiculture\/","name":"Le cockpit intelligent de l\u2019apiculture du futur - bee-pilot.io","isPartOf":{"@id":"https:\/\/www.bee-pilot.io\/fr\/#website"},"primaryImageOfPage":{"@id":"https:\/\/www.bee-pilot.io\/fr\/le-cockpit-intelligent-pour-ton-apiculture\/#primaryimage"},"image":{"@id":"https:\/\/www.bee-pilot.io\/fr\/le-cockpit-intelligent-pour-ton-apiculture\/#primaryimage"},"thumbnailUrl":"https:\/\/www.bee-pilot.io\/wp-content\/uploads\/2025\/12\/Bildschirmfoto-2025-12-11-um-16.31.46-1024x596.png","datePublished":"2025-12-11T15:26:11+00:00","dateModified":"2025-12-27T08:21:17+00:00","description":"G\u00e8re ton apiculture de mani\u00e8re num\u00e9rique \u2013 sans papier, sans chaos. Utilise l\u2019outil pour une apiculture moderne. Teste gratuitement pendant 30 jours.","breadcrumb":{"@id":"https:\/\/www.bee-pilot.io\/fr\/le-cockpit-intelligent-pour-ton-apiculture\/#breadcrumb"},"inLanguage":"fr-FR","potentialAction":[{"@type":"ReadAction","target":["https:\/\/www.bee-pilot.io\/fr\/le-cockpit-intelligent-pour-ton-apiculture\/"]}]},{"@type":"ImageObject","inLanguage":"fr-FR","@id":"https:\/\/www.bee-pilot.io\/fr\/le-cockpit-intelligent-pour-ton-apiculture\/#primaryimage","url":"https:\/\/www.bee-pilot.io\/wp-content\/uploads\/2025\/12\/Bildschirmfoto-2025-12-11-um-16.31.46-1024x596.png","contentUrl":"https:\/\/www.bee-pilot.io\/wp-content\/uploads\/2025\/12\/Bildschirmfoto-2025-12-11-um-16.31.46-1024x596.png"},{"@type":"BreadcrumbList","@id":"https:\/\/www.bee-pilot.io\/fr\/le-cockpit-intelligent-pour-ton-apiculture\/#breadcrumb","itemListElement":[{"@type":"ListItem","position":1,"name":"Startseite","item":"https:\/\/www.bee-pilot.io\/fr\/"},{"@type":"ListItem","position":2,"name":"Le cockpit intelligent pour ton apiculture"}]},{"@type":"WebSite","@id":"https:\/\/www.bee-pilot.io\/fr\/#website","url":"https:\/\/www.bee-pilot.io\/fr\/","name":"bee-pilot.io","description":"Bee-Pilot: KI-gest\u00fctzte Software f\u00fcr Imker \u2013 Digitale Stockkarte, Wetter &amp; Checklisten","publisher":{"@id":"https:\/\/www.bee-pilot.io\/fr\/#organization"},"potentialAction":[{"@type":"SearchAction","target":{"@type":"EntryPoint","urlTemplate":"https:\/\/www.bee-pilot.io\/fr\/?s={search_term_string}"},"query-input":{"@type":"PropertyValueSpecification","valueRequired":true,"valueName":"search_term_string"}}],"inLanguage":"fr-FR"},{"@type":"Organization","@id":"https:\/\/www.bee-pilot.io\/fr\/#organization","name":"bee-pilot.io UG (haftungsbeschr\u00e4nkt)","url":"https:\/\/www.bee-pilot.io\/fr\/","logo":{"@type":"ImageObject","inLanguage":"fr-FR","@id":"https:\/\/www.bee-pilot.io\/fr\/#\/schema\/logo\/image\/","url":"https:\/\/www.bee-pilot.io\/wp-content\/uploads\/2024\/10\/cropped-bee-pilot-logo.png","contentUrl":"https:\/\/www.bee-pilot.io\/wp-content\/uploads\/2024\/10\/cropped-bee-pilot-logo.png","width":291,"height":85,"caption":"bee-pilot.io UG (haftungsbeschr\u00e4nkt)"},"image":{"@id":"https:\/\/www.bee-pilot.io\/fr\/#\/schema\/logo\/image\/"}}]}},"_links":{"self":[{"href":"https:\/\/www.bee-pilot.io\/fr\/wp-json\/wp\/v2\/pages\/773","targetHints":{"allow":["GET"]}}],"collection":[{"href":"https:\/\/www.bee-pilot.io\/fr\/wp-json\/wp\/v2\/pages"}],"about":[{"href":"https:\/\/www.bee-pilot.io\/fr\/wp-json\/wp\/v2\/types\/page"}],"author":[{"embeddable":true,"href":"https:\/\/www.bee-pilot.io\/fr\/wp-json\/wp\/v2\/users\/1"}],"replies":[{"embeddable":true,"href":"https:\/\/www.bee-pilot.io\/fr\/wp-json\/wp\/v2\/comments?post=773"}],"version-history":[{"count":2,"href":"https:\/\/www.bee-pilot.io\/fr\/wp-json\/wp\/v2\/pages\/773\/revisions"}],"predecessor-version":[{"id":1104,"href":"https:\/\/www.bee-pilot.io\/fr\/wp-json\/wp\/v2\/pages\/773\/revisions\/1104"}],"wp:attachment":[{"href":"https:\/\/www.bee-pilot.io\/fr\/wp-json\/wp\/v2\/media?parent=773"}],"curies":[{"name":"wp","href":"https:\/\/api.w.org\/{rel}","templated":true}]}}