{"id":807,"date":"2025-10-10T05:59:41","date_gmt":"2025-10-10T05:59:41","guid":{"rendered":"https:\/\/www.bee-pilot.io\/les-populations-resistantes-au-varroa-sont-notre-objectif-commun\/"},"modified":"2025-12-27T19:38:17","modified_gmt":"2025-12-27T19:38:17","slug":"les-populations-resistantes-au-varroa-sont-notre-objectif-commun","status":"publish","type":"page","link":"https:\/\/www.bee-pilot.io\/fr\/les-populations-resistantes-au-varroa-sont-notre-objectif-commun\/","title":{"rendered":"Les populations r\u00e9sistantes au varroa sont notre objectif commun"},"content":{"rendered":"<p><!-- HERO --><\/p>\n\n<div class=\"wp-block-cover alignfull\" style=\"min-height:380px;aspect-ratio:unset;\"><span aria-hidden=\"true\" class=\"wp-block-cover__background has-background-dim-100 has-background-dim\" style=\"background-color:#0f1115\"><\/span><div class=\"wp-block-cover__inner-container is-layout-flow wp-block-cover-is-layout-flow\">\n<div class=\"wp-block-group\"><div class=\"wp-block-group__inner-container is-layout-constrained wp-container-core-group-is-layout-7a8ecd1d wp-block-group-is-layout-constrained\">\n<p><strong>\u00c9valuation &amp; \u00c9levage<\/strong><\/p>\n\n\n\n<h2 class=\"wp-block-heading\" id=\"h-zucht-einfach-machen-damit-jede-imkerei-zur-losung-beitragt\">Faciliter l\u2019\u00e9levage \u2013 pour que chaque apiculture contribue \u00e0 la solution.<\/h2>\n\n\n\n<p><strong>Avec bee-pilot.io, vous pratiquez l\u2019\u00e9levage de mani\u00e8re concr\u00e8te et transparente.<\/strong>  Vous documentez, comparez et prenez des d\u00e9cisions sur la base de donn\u00e9es r\u00e9elles \u2013 sans programmes compliqu\u00e9s ni bureaucratie.<\/p>\n\n\n\n<div class=\"wp-block-buttons is-content-justification-center is-layout-flex wp-container-core-buttons-is-layout-16018d1d wp-block-buttons-is-layout-flex\">\n<div class=\"wp-block-button is-style-fill\"><a class=\"wp-block-button__link has-black-color has-luminous-vivid-amber-background-color has-text-color has-background has-link-color wp-element-button\" href=\"https:\/\/app.bee-pilot.io\/registration\" target=\"_blank\" rel=\"noreferrer noopener\">Tester maintenant<\/a><\/div>\n<\/div>\n<\/div><\/div>\n<\/div><\/div>\n<p><!-- SECTION 1: INTRO + IMAGE --><\/p>\n\n<div class=\"wp-block-group\"><div class=\"wp-block-group__inner-container is-layout-constrained wp-container-core-group-is-layout-7a8ecd1d wp-block-group-is-layout-constrained\">\n<div style=\"height:34px\" aria-hidden=\"true\" class=\"wp-block-spacer\"><\/div>\n\n\n\n<div class=\"wp-block-columns is-layout-flex wp-container-core-columns-is-layout-9d6595d7 wp-block-columns-is-layout-flex\">\n<div class=\"wp-block-column is-vertically-aligned-center is-layout-flow wp-block-column-is-layout-flow\">\n<h3 class=\"wp-block-heading\" id=\"h-varroaresistenz-braucht-keine-komplizierten-programme\">La r\u00e9sistance \u00e0 Varroa n\u2019a pas besoin de programmes compliqu\u00e9s<\/h3>\n\n\n\n<p>De nombreux apiculteurs souhaitent des colonies r\u00e9sistantes \u2013 mais l\u2019\u00e9levage \u00e9voque souvent la bureaucratie et les efforts. En pratique, il faut surtout une <strong>s\u00e9lection simple et coh\u00e9rente<\/strong>\u00a0: <\/p>\n\n\n\n<ul class=\"wp-block-list\">\n<li>\u00c9liminer syst\u00e9matiquement le <strong>tiers le plus faible<\/strong> du cheptel.<\/li>\n\n\n\n<li>Multiplier avec la descendance du <strong>meilleur tiers<\/strong> \u2013 \u00e9tape par \u00e9tape.<\/li>\n<\/ul>\n\n\n\n<p>Ainsi, une population d\u2019abeilles plus robuste se cr\u00e9e de mani\u00e8re d\u00e9centralis\u00e9e et pratique \u2013 sur la base de vos observations r\u00e9elles sur place.<\/p>\n<\/div>\n\n\n\n<div class=\"wp-block-column is-vertically-aligned-center is-layout-flow wp-block-column-is-layout-flow\">\n<figure class=\"wp-block-image size-large\"><img loading=\"lazy\" decoding=\"async\" width=\"1024\" height=\"683\" src=\"https:\/\/www.bee-pilot.io\/wp-content\/uploads\/2025\/10\/rating-Landingpage-1024x683.png\" alt=\"&#xC9;valuation et &#xE9;levage dans bee-pilot.io\" class=\"wp-image-688\" srcset=\"https:\/\/www.bee-pilot.io\/wp-content\/uploads\/2025\/10\/rating-Landingpage-1024x683.png 1024w, https:\/\/www.bee-pilot.io\/wp-content\/uploads\/2025\/10\/rating-Landingpage-300x200.png 300w, https:\/\/www.bee-pilot.io\/wp-content\/uploads\/2025\/10\/rating-Landingpage-768x512.png 768w, https:\/\/www.bee-pilot.io\/wp-content\/uploads\/2025\/10\/rating-Landingpage.png 1536w\" sizes=\"auto, (max-width: 1024px) 100vw, 1024px\" \/><\/figure>\n<\/div>\n<\/div>\n\n\n\n<div style=\"height:26px\" aria-hidden=\"true\" class=\"wp-block-spacer\"><\/div>\n<\/div><\/div>\n<p><!-- SECTION 2: BENEFITS --><\/p>\n\n<div class=\"wp-block-cover alignfull\" style=\"min-height:260px;aspect-ratio:unset;\"><span aria-hidden=\"true\" class=\"wp-block-cover__background has-background-dim-100 has-background-dim\" style=\"background-color:#0f1115\"><\/span><div class=\"wp-block-cover__inner-container is-layout-flow wp-block-cover-is-layout-flow\">\n<div class=\"wp-block-group\"><div class=\"wp-block-group__inner-container is-layout-constrained wp-container-core-group-is-layout-7a8ecd1d wp-block-group-is-layout-constrained\">\n<h3 class=\"wp-block-heading has-text-align-center\" id=\"h-die-losung-die-zucht-im-alltag-vereinfacht\">La solution qui simplifie l\u2019\u00e9levage au quotidien<\/h3>\n\n\n\n<p class=\"has-text-align-center\">Avec bee-pilot.io, vous documentez vos colonies en quelques \u00e9tapes \u2013 et vous obtenez ainsi une orientation claire pour la s\u00e9lection et la reproduction.<\/p>\n\n\n\n<div class=\"wp-block-columns is-layout-flex wp-container-core-columns-is-layout-9d6595d7 wp-block-columns-is-layout-flex\">\n<div class=\"wp-block-column is-layout-flow wp-block-column-is-layout-flow\">\n<h4 class=\"wp-block-heading\" id=\"h-klar-dokumentieren\">Documenter clairement<\/h4>\n\n\n\n<p>Noter la sant\u00e9, le comportement et les performances de mani\u00e8re structur\u00e9e \u2013 directement au quotidien.<\/p>\n<\/div>\n\n\n\n<div class=\"wp-block-column is-layout-flow wp-block-column-is-layout-flow\">\n<h4 class=\"wp-block-heading\" id=\"h-schwache-volker-erkennen\">Identifier les colonies faibles<\/h4>\n\n\n\n<p>Les probl\u00e8mes et les anomalies deviennent visibles \u2013 sans longues listes ni intuition.<\/p>\n<\/div>\n\n\n\n<div class=\"wp-block-column is-layout-flow wp-block-column-is-layout-flow\">\n<h4 class=\"wp-block-heading\" id=\"h-zuchtkandidaten-ableiten\">D\u00e9river les candidats \u00e0 l\u2019\u00e9levage<\/h4>\n\n\n\n<p>Les comparaisons sur place et les classements vous aident \u00e0 s\u00e9lectionner objectivement les candidats.<\/p>\n<\/div>\n<\/div>\n<\/div><\/div>\n<\/div><\/div>\n<p><!-- SECTION 3: COMMUNITY + IMAGE --><\/p>\n\n<div class=\"wp-block-group\"><div class=\"wp-block-group__inner-container is-layout-constrained wp-container-core-group-is-layout-7a8ecd1d wp-block-group-is-layout-constrained\">\n<div style=\"height:34px\" aria-hidden=\"true\" class=\"wp-block-spacer\"><\/div>\n\n\n\n<h3 class=\"wp-block-heading\" id=\"h-gemeinsam-fur-starke-bienen\">Ensemble pour des abeilles fortes<\/h3>\n\n\n\n<p>Si de nombreuses exploitations apicoles franchissent cette \u00e9tape simple, nous obtiendrons \u00e0 long terme des <strong>colonies plus robustes sur toute la surface<\/strong> \u2013 sans programmes d\u2019\u00e9levage compliqu\u00e9s. Faites partie du mouvement. <\/p>\n\n\n\n<blockquote class=\"wp-block-quote is-layout-flow wp-block-quote-is-layout-flow\">\n<p><em>\u00ab\u00a0Petits pas de chaque apiculture \u2013 grand impact pour les abeilles.\u00a0\u00bb<\/em><\/p>\n<\/blockquote>\n\n\n\n<div style=\"height:18px\" aria-hidden=\"true\" class=\"wp-block-spacer\"><\/div>\n\n\n\n<div class=\"wp-block-columns is-layout-flex wp-container-core-columns-is-layout-9d6595d7 wp-block-columns-is-layout-flex\">\n<div class=\"wp-block-column is-vertically-aligned-center is-layout-flow wp-block-column-is-layout-flow\">\n<figure class=\"wp-block-image size-full\"><img loading=\"lazy\" decoding=\"async\" width=\"684\" height=\"587\" src=\"https:\/\/www.bee-pilot.io\/wp-content\/uploads\/2025\/10\/Bildschirmfoto-2025-10-10-um-07.43.24.png\" alt=\"&#xC9;valuation et classement dans bee-pilot.io\" class=\"wp-image-687\" srcset=\"https:\/\/www.bee-pilot.io\/wp-content\/uploads\/2025\/10\/Bildschirmfoto-2025-10-10-um-07.43.24.png 684w, https:\/\/www.bee-pilot.io\/wp-content\/uploads\/2025\/10\/Bildschirmfoto-2025-10-10-um-07.43.24-300x257.png 300w\" sizes=\"auto, (max-width: 684px) 100vw, 684px\" \/><\/figure>\n<\/div>\n\n\n\n<div class=\"wp-block-column is-vertically-aligned-center is-layout-flow wp-block-column-is-layout-flow\">\n<h4 class=\"wp-block-heading\" id=\"h-automatische-auswertung-aus-deinen-durchsichten\">\u00c9valuation automatique \u00e0 partir de vos visites<\/h4>\n\n\n\n<p>Vos donn\u00e9es collect\u00e9es lors des visites sont automatiquement \u00e9valu\u00e9es et class\u00e9es par rapport \u00e0 toutes les colonies du rucher. Vous obtenez ainsi une \u00e9valuation selon un principe <strong>80\u2013120\u00a0%<\/strong> \u2013 rapidement, de mani\u00e8re compr\u00e9hensible et directement utilisable pour la s\u00e9lection et la reproduction. <\/p>\n<\/div>\n<\/div>\n\n\n\n<div style=\"height:30px\" aria-hidden=\"true\" class=\"wp-block-spacer\"><\/div>\n<\/div><\/div>\n<p><!-- CTA --><\/p>\n\n<div class=\"wp-block-cover alignfull\" style=\"min-height:220px;aspect-ratio:unset;\"><span aria-hidden=\"true\" class=\"wp-block-cover__background has-background-dim-100 has-background-dim\" style=\"background-color:#0f1115\"><\/span><div class=\"wp-block-cover__inner-container is-layout-flow wp-block-cover-is-layout-flow\">\n<div class=\"wp-block-group\"><div class=\"wp-block-group__inner-container is-layout-constrained wp-container-core-group-is-layout-7a8ecd1d wp-block-group-is-layout-constrained\">\n<h3 class=\"wp-block-heading has-text-align-center\" id=\"h-starte-jetzt-und-mache-zucht-im-alltag-einfacher\">D\u00e9marrez maintenant \u2013 et simplifiez l\u2019\u00e9levage au quotidien<\/h3>\n\n\n\n<p class=\"has-text-align-center\">Testez bee-pilot.io gratuitement et utilisez les \u00e9valuations, les comparaisons et les objectifs d\u2019\u00e9levage directement sur votre site.<\/p>\n\n\n\n<div class=\"wp-block-buttons is-content-justification-center is-layout-flex wp-container-core-buttons-is-layout-16018d1d wp-block-buttons-is-layout-flex\">\n<div class=\"wp-block-button is-style-fill\"><a class=\"wp-block-button__link has-black-color has-luminous-vivid-amber-background-color has-text-color has-background has-link-color wp-element-button\" href=\"https:\/\/app.bee-pilot.io\/registration\" target=\"_blank\" rel=\"noreferrer noopener\">Tester maintenant<\/a><\/div>\n<\/div>\n<\/div><\/div>\n<\/div><\/div>\n","protected":false},"excerpt":{"rendered":"<p>La r\u00e9sistance \u00e0 Varroa n\u2019a pas besoin de programmes compliqu\u00e9s De nombreux apiculteurs souhaitent des colonies r\u00e9sistantes \u2013 mais l\u2019\u00e9levage \u00e9voque souvent la bureaucratie et les efforts. En pratique, il faut surtout une s\u00e9lection simple et coh\u00e9rente\u00a0: Ainsi, une population d\u2019abeilles plus robuste se cr\u00e9e de mani\u00e8re d\u00e9centralis\u00e9e et pratique \u2013 sur la base de [&hellip;]<\/p>\n","protected":false},"author":1,"featured_media":1451,"parent":0,"menu_order":0,"comment_status":"closed","ping_status":"closed","template":"","meta":{"footnotes":""},"class_list":["post-807","page","type-page","status-publish","has-post-thumbnail","hentry"],"yoast_head":"<!-- This site is optimized with the Yoast SEO Premium plugin v26.6 (Yoast SEO v26.6) - https:\/\/yoast.com\/wordpress\/plugins\/seo\/ -->\n<title>Les populations r\u00e9sistantes au varroa sont notre objectif commun - bee-pilot.io<\/title>\n<meta name=\"description\" content=\"\u00c9valuer objectivement les colonies d\u2019abeilles : bee-pilot.io \u00e9value les inspections, compare les colonies et aide \u00e0 prendre des d\u00e9cisions d\u2019\u00e9levage et de s\u00e9lection fond\u00e9es sur des donn\u00e9es.\" \/>\n<meta name=\"robots\" content=\"index, follow, max-snippet:-1, max-image-preview:large, max-video-preview:-1\" \/>\n<link rel=\"canonical\" href=\"https:\/\/www.bee-pilot.io\/fr\/les-populations-resistantes-au-varroa-sont-notre-objectif-commun\/\" \/>\n<meta property=\"og:locale\" content=\"fr_FR\" \/>\n<meta property=\"og:type\" content=\"article\" \/>\n<meta property=\"og:title\" content=\"Les populations r\u00e9sistantes au varroa sont notre objectif commun\" \/>\n<meta property=\"og:description\" content=\"\u00c9valuer objectivement les colonies d\u2019abeilles : bee-pilot.io \u00e9value les inspections, compare les colonies et aide \u00e0 prendre des d\u00e9cisions d\u2019\u00e9levage et de s\u00e9lection fond\u00e9es sur des donn\u00e9es.\" \/>\n<meta property=\"og:url\" content=\"https:\/\/www.bee-pilot.io\/fr\/les-populations-resistantes-au-varroa-sont-notre-objectif-commun\/\" \/>\n<meta property=\"og:site_name\" content=\"bee-pilot.io\" \/>\n<meta property=\"article:modified_time\" content=\"2025-12-27T19:38:17+00:00\" \/>\n<meta property=\"og:image\" content=\"https:\/\/www.bee-pilot.io\/wp-content\/uploads\/2025\/12\/varroa-resis-banner.png\" \/>\n\t<meta property=\"og:image:width\" content=\"1536\" \/>\n\t<meta property=\"og:image:height\" content=\"1024\" \/>\n\t<meta property=\"og:image:type\" content=\"image\/png\" \/>\n<meta name=\"twitter:card\" content=\"summary_large_image\" \/>\n<meta name=\"twitter:label1\" content=\"Dur\u00e9e de lecture estim\u00e9e\" \/>\n\t<meta name=\"twitter:data1\" content=\"2 minutes\" \/>\n<script type=\"application\/ld+json\" class=\"yoast-schema-graph\">{\"@context\":\"https:\/\/schema.org\",\"@graph\":[{\"@type\":\"WebPage\",\"@id\":\"https:\/\/www.bee-pilot.io\/fr\/les-populations-resistantes-au-varroa-sont-notre-objectif-commun\/\",\"url\":\"https:\/\/www.bee-pilot.io\/fr\/les-populations-resistantes-au-varroa-sont-notre-objectif-commun\/\",\"name\":\"Les populations r\u00e9sistantes au varroa sont notre objectif commun - bee-pilot.io\",\"isPartOf\":{\"@id\":\"https:\/\/www.bee-pilot.io\/fr\/#website\"},\"primaryImageOfPage\":{\"@id\":\"https:\/\/www.bee-pilot.io\/fr\/les-populations-resistantes-au-varroa-sont-notre-objectif-commun\/#primaryimage\"},\"image\":{\"@id\":\"https:\/\/www.bee-pilot.io\/fr\/les-populations-resistantes-au-varroa-sont-notre-objectif-commun\/#primaryimage\"},\"thumbnailUrl\":\"https:\/\/www.bee-pilot.io\/wp-content\/uploads\/2025\/12\/varroa-resis-banner.png\",\"datePublished\":\"2025-10-10T05:59:41+00:00\",\"dateModified\":\"2025-12-27T19:38:17+00:00\",\"description\":\"\u00c9valuer objectivement les colonies d\u2019abeilles : bee-pilot.io \u00e9value les inspections, compare les colonies et aide \u00e0 prendre des d\u00e9cisions d\u2019\u00e9levage et de s\u00e9lection fond\u00e9es sur des donn\u00e9es.\",\"breadcrumb\":{\"@id\":\"https:\/\/www.bee-pilot.io\/fr\/les-populations-resistantes-au-varroa-sont-notre-objectif-commun\/#breadcrumb\"},\"inLanguage\":\"fr-FR\",\"potentialAction\":[{\"@type\":\"ReadAction\",\"target\":[\"https:\/\/www.bee-pilot.io\/fr\/les-populations-resistantes-au-varroa-sont-notre-objectif-commun\/\"]}]},{\"@type\":\"ImageObject\",\"inLanguage\":\"fr-FR\",\"@id\":\"https:\/\/www.bee-pilot.io\/fr\/les-populations-resistantes-au-varroa-sont-notre-objectif-commun\/#primaryimage\",\"url\":\"https:\/\/www.bee-pilot.io\/wp-content\/uploads\/2025\/12\/varroa-resis-banner.png\",\"contentUrl\":\"https:\/\/www.bee-pilot.io\/wp-content\/uploads\/2025\/12\/varroa-resis-banner.png\",\"width\":1536,\"height\":1024,\"caption\":\"Tablette avec \u00e9valuations\"},{\"@type\":\"BreadcrumbList\",\"@id\":\"https:\/\/www.bee-pilot.io\/fr\/les-populations-resistantes-au-varroa-sont-notre-objectif-commun\/#breadcrumb\",\"itemListElement\":[{\"@type\":\"ListItem\",\"position\":1,\"name\":\"Startseite\",\"item\":\"https:\/\/www.bee-pilot.io\/fr\/\"},{\"@type\":\"ListItem\",\"position\":2,\"name\":\"Les populations r\u00e9sistantes au varroa sont notre objectif commun\"}]},{\"@type\":\"WebSite\",\"@id\":\"https:\/\/www.bee-pilot.io\/fr\/#website\",\"url\":\"https:\/\/www.bee-pilot.io\/fr\/\",\"name\":\"bee-pilot.io\",\"description\":\"Bee-Pilot: KI-gest\u00fctzte Software f\u00fcr Imker \u2013 Digitale Stockkarte, Wetter &amp; Checklisten\",\"publisher\":{\"@id\":\"https:\/\/www.bee-pilot.io\/fr\/#organization\"},\"potentialAction\":[{\"@type\":\"SearchAction\",\"target\":{\"@type\":\"EntryPoint\",\"urlTemplate\":\"https:\/\/www.bee-pilot.io\/fr\/?s={search_term_string}\"},\"query-input\":{\"@type\":\"PropertyValueSpecification\",\"valueRequired\":true,\"valueName\":\"search_term_string\"}}],\"inLanguage\":\"fr-FR\"},{\"@type\":\"Organization\",\"@id\":\"https:\/\/www.bee-pilot.io\/fr\/#organization\",\"name\":\"bee-pilot.io UG (haftungsbeschr\u00e4nkt)\",\"url\":\"https:\/\/www.bee-pilot.io\/fr\/\",\"logo\":{\"@type\":\"ImageObject\",\"inLanguage\":\"fr-FR\",\"@id\":\"https:\/\/www.bee-pilot.io\/fr\/#\/schema\/logo\/image\/\",\"url\":\"https:\/\/www.bee-pilot.io\/wp-content\/uploads\/2024\/10\/cropped-bee-pilot-logo.png\",\"contentUrl\":\"https:\/\/www.bee-pilot.io\/wp-content\/uploads\/2024\/10\/cropped-bee-pilot-logo.png\",\"width\":291,\"height\":85,\"caption\":\"bee-pilot.io UG (haftungsbeschr\u00e4nkt)\"},\"image\":{\"@id\":\"https:\/\/www.bee-pilot.io\/fr\/#\/schema\/logo\/image\/\"}}]}<\/script>\n<!-- \/ Yoast SEO Premium plugin. -->","yoast_head_json":{"title":"Les populations r\u00e9sistantes au varroa sont notre objectif commun - bee-pilot.io","description":"\u00c9valuer objectivement les colonies d\u2019abeilles : bee-pilot.io \u00e9value les inspections, compare les colonies et aide \u00e0 prendre des d\u00e9cisions d\u2019\u00e9levage et de s\u00e9lection fond\u00e9es sur des donn\u00e9es.","robots":{"index":"index","follow":"follow","max-snippet":"max-snippet:-1","max-image-preview":"max-image-preview:large","max-video-preview":"max-video-preview:-1"},"canonical":"https:\/\/www.bee-pilot.io\/fr\/les-populations-resistantes-au-varroa-sont-notre-objectif-commun\/","og_locale":"fr_FR","og_type":"article","og_title":"Les populations r\u00e9sistantes au varroa sont notre objectif commun","og_description":"\u00c9valuer objectivement les colonies d\u2019abeilles : bee-pilot.io \u00e9value les inspections, compare les colonies et aide \u00e0 prendre des d\u00e9cisions d\u2019\u00e9levage et de s\u00e9lection fond\u00e9es sur des donn\u00e9es.","og_url":"https:\/\/www.bee-pilot.io\/fr\/les-populations-resistantes-au-varroa-sont-notre-objectif-commun\/","og_site_name":"bee-pilot.io","article_modified_time":"2025-12-27T19:38:17+00:00","og_image":[{"width":1536,"height":1024,"url":"https:\/\/www.bee-pilot.io\/wp-content\/uploads\/2025\/12\/varroa-resis-banner.png","type":"image\/png"}],"twitter_card":"summary_large_image","twitter_misc":{"Dur\u00e9e de lecture estim\u00e9e":"2 minutes"},"schema":{"@context":"https:\/\/schema.org","@graph":[{"@type":"WebPage","@id":"https:\/\/www.bee-pilot.io\/fr\/les-populations-resistantes-au-varroa-sont-notre-objectif-commun\/","url":"https:\/\/www.bee-pilot.io\/fr\/les-populations-resistantes-au-varroa-sont-notre-objectif-commun\/","name":"Les populations r\u00e9sistantes au varroa sont notre objectif commun - bee-pilot.io","isPartOf":{"@id":"https:\/\/www.bee-pilot.io\/fr\/#website"},"primaryImageOfPage":{"@id":"https:\/\/www.bee-pilot.io\/fr\/les-populations-resistantes-au-varroa-sont-notre-objectif-commun\/#primaryimage"},"image":{"@id":"https:\/\/www.bee-pilot.io\/fr\/les-populations-resistantes-au-varroa-sont-notre-objectif-commun\/#primaryimage"},"thumbnailUrl":"https:\/\/www.bee-pilot.io\/wp-content\/uploads\/2025\/12\/varroa-resis-banner.png","datePublished":"2025-10-10T05:59:41+00:00","dateModified":"2025-12-27T19:38:17+00:00","description":"\u00c9valuer objectivement les colonies d\u2019abeilles : bee-pilot.io \u00e9value les inspections, compare les colonies et aide \u00e0 prendre des d\u00e9cisions d\u2019\u00e9levage et de s\u00e9lection fond\u00e9es sur des donn\u00e9es.","breadcrumb":{"@id":"https:\/\/www.bee-pilot.io\/fr\/les-populations-resistantes-au-varroa-sont-notre-objectif-commun\/#breadcrumb"},"inLanguage":"fr-FR","potentialAction":[{"@type":"ReadAction","target":["https:\/\/www.bee-pilot.io\/fr\/les-populations-resistantes-au-varroa-sont-notre-objectif-commun\/"]}]},{"@type":"ImageObject","inLanguage":"fr-FR","@id":"https:\/\/www.bee-pilot.io\/fr\/les-populations-resistantes-au-varroa-sont-notre-objectif-commun\/#primaryimage","url":"https:\/\/www.bee-pilot.io\/wp-content\/uploads\/2025\/12\/varroa-resis-banner.png","contentUrl":"https:\/\/www.bee-pilot.io\/wp-content\/uploads\/2025\/12\/varroa-resis-banner.png","width":1536,"height":1024,"caption":"Tablette avec \u00e9valuations"},{"@type":"BreadcrumbList","@id":"https:\/\/www.bee-pilot.io\/fr\/les-populations-resistantes-au-varroa-sont-notre-objectif-commun\/#breadcrumb","itemListElement":[{"@type":"ListItem","position":1,"name":"Startseite","item":"https:\/\/www.bee-pilot.io\/fr\/"},{"@type":"ListItem","position":2,"name":"Les populations r\u00e9sistantes au varroa sont notre objectif commun"}]},{"@type":"WebSite","@id":"https:\/\/www.bee-pilot.io\/fr\/#website","url":"https:\/\/www.bee-pilot.io\/fr\/","name":"bee-pilot.io","description":"Bee-Pilot: KI-gest\u00fctzte Software f\u00fcr Imker \u2013 Digitale Stockkarte, Wetter &amp; Checklisten","publisher":{"@id":"https:\/\/www.bee-pilot.io\/fr\/#organization"},"potentialAction":[{"@type":"SearchAction","target":{"@type":"EntryPoint","urlTemplate":"https:\/\/www.bee-pilot.io\/fr\/?s={search_term_string}"},"query-input":{"@type":"PropertyValueSpecification","valueRequired":true,"valueName":"search_term_string"}}],"inLanguage":"fr-FR"},{"@type":"Organization","@id":"https:\/\/www.bee-pilot.io\/fr\/#organization","name":"bee-pilot.io UG (haftungsbeschr\u00e4nkt)","url":"https:\/\/www.bee-pilot.io\/fr\/","logo":{"@type":"ImageObject","inLanguage":"fr-FR","@id":"https:\/\/www.bee-pilot.io\/fr\/#\/schema\/logo\/image\/","url":"https:\/\/www.bee-pilot.io\/wp-content\/uploads\/2024\/10\/cropped-bee-pilot-logo.png","contentUrl":"https:\/\/www.bee-pilot.io\/wp-content\/uploads\/2024\/10\/cropped-bee-pilot-logo.png","width":291,"height":85,"caption":"bee-pilot.io UG (haftungsbeschr\u00e4nkt)"},"image":{"@id":"https:\/\/www.bee-pilot.io\/fr\/#\/schema\/logo\/image\/"}}]}},"_links":{"self":[{"href":"https:\/\/www.bee-pilot.io\/fr\/wp-json\/wp\/v2\/pages\/807","targetHints":{"allow":["GET"]}}],"collection":[{"href":"https:\/\/www.bee-pilot.io\/fr\/wp-json\/wp\/v2\/pages"}],"about":[{"href":"https:\/\/www.bee-pilot.io\/fr\/wp-json\/wp\/v2\/types\/page"}],"author":[{"embeddable":true,"href":"https:\/\/www.bee-pilot.io\/fr\/wp-json\/wp\/v2\/users\/1"}],"replies":[{"embeddable":true,"href":"https:\/\/www.bee-pilot.io\/fr\/wp-json\/wp\/v2\/comments?post=807"}],"version-history":[{"count":6,"href":"https:\/\/www.bee-pilot.io\/fr\/wp-json\/wp\/v2\/pages\/807\/revisions"}],"predecessor-version":[{"id":1457,"href":"https:\/\/www.bee-pilot.io\/fr\/wp-json\/wp\/v2\/pages\/807\/revisions\/1457"}],"wp:featuredmedia":[{"embeddable":true,"href":"https:\/\/www.bee-pilot.io\/fr\/wp-json\/wp\/v2\/media\/1451"}],"wp:attachment":[{"href":"https:\/\/www.bee-pilot.io\/fr\/wp-json\/wp\/v2\/media?parent=807"}],"curies":[{"name":"wp","href":"https:\/\/api.w.org\/{rel}","templated":true}]}}