{"id":822,"date":"2025-02-13T05:29:45","date_gmt":"2025-02-13T05:29:45","guid":{"rendered":"https:\/\/www.bee-pilot.io\/vision\/"},"modified":"2025-12-26T21:48:48","modified_gmt":"2025-12-26T21:48:48","slug":"vision","status":"publish","type":"page","link":"https:\/\/www.bee-pilot.io\/fr\/vision\/","title":{"rendered":"Vision"},"content":{"rendered":"\n<div class=\"wp-block-media-text is-stacked-on-mobile\"><figure class=\"wp-block-media-text__media\"><img loading=\"lazy\" decoding=\"async\" width=\"768\" height=\"1024\" src=\"https:\/\/www.bee-pilot.io\/wp-content\/uploads\/2025\/02\/041bf8c9-79a0-4a7b-9319-03f374089f89-1-768x1024.jpg\" alt=\"\" class=\"wp-image-392 size-full\" srcset=\"https:\/\/www.bee-pilot.io\/wp-content\/uploads\/2025\/02\/041bf8c9-79a0-4a7b-9319-03f374089f89-1-768x1024.jpg 768w, https:\/\/www.bee-pilot.io\/wp-content\/uploads\/2025\/02\/041bf8c9-79a0-4a7b-9319-03f374089f89-1-225x300.jpg 225w, https:\/\/www.bee-pilot.io\/wp-content\/uploads\/2025\/02\/041bf8c9-79a0-4a7b-9319-03f374089f89-1-1152x1536.jpg 1152w, https:\/\/www.bee-pilot.io\/wp-content\/uploads\/2025\/02\/041bf8c9-79a0-4a7b-9319-03f374089f89-1.jpg 1368w\" sizes=\"auto, (max-width: 768px) 100vw, 768px\" \/><\/figure><div class=\"wp-block-media-text__content\">\n<h2 class=\"wp-block-heading\"><strong>Notre vision \u2013 L\u2019avenir de l\u2019apiculture num\u00e9rique avec bee-pilot<\/strong><\/h2>\n\n\n\n<h6 class=\"wp-block-heading\">L\u2019apiculture est l\u2019une des traditions les plus anciennes et les plus pr\u00e9cieuses de l\u2019humanit\u00e9. Cependant, dans un monde de plus en plus complexe, des solutions innovantes sont n\u00e9cessaires pour g\u00e9rer les colonies d\u2019abeilles de mani\u00e8re durable et efficace. Notre vision avec <strong>bee-pilot.io<\/strong> est de fournir aux apicultrices et apiculteurs une plateforme num\u00e9rique intelligente qui facilite le quotidien tout en aiguisant le regard sur l\u2019essentiel : des colonies d\u2019abeilles saines et fortes.  <\/h6>\n\n\n\n<div class=\"wp-block-buttons is-content-justification-center is-layout-flex wp-container-core-buttons-is-layout-16018d1d wp-block-buttons-is-layout-flex\">\n<div class=\"wp-block-button\"><a class=\"wp-block-button__link has-luminous-vivid-amber-background-color has-background wp-element-button\" href=\"https:\/\/app.bee-pilot.io\/registration\">Tester maintenant !<\/a><\/div>\n<\/div>\n<\/div><\/div>\n\n<p>Image : Martin en pleine apiculture<\/p>\n\n<h3 class=\"wp-block-heading\"><strong>Notre objectif : <\/strong><\/h3>\n\n<p>Notre application a un objectif clair : rendre la documentation en apiculture aussi simple et rapide que possible, sans pour autant renoncer aux contenus importants.<\/p>\n\n<p>De nombreux apiculteurs connaissent le probl\u00e8me : on est devant la ruche, on veut juste noter rapidement quelques infos \u2013 et on se perd dans des masques de saisie compliqu\u00e9s. C\u2019est pr\u00e9cis\u00e9ment ce que nous voulons changer. Notre solution : une interface utilisateur intuitive qui s\u2019adapte aux processus de la pratique.  <\/p>\n\n<p>Avec des fonctions telles que le <strong>bouton \u00ab Tout est OK \u00bb<\/strong>, les contr\u00f4les de routine peuvent \u00eatre saisis en un \u00e9clair. Tous les param\u00e8tres sont alors r\u00e9gl\u00e9s sur la norme ou la moyenne \u2013 et seul ce qui est remarquable est marqu\u00e9 en plus. Ainsi, tu te concentres sur l\u2019essentiel, sans perdre de temps \u00e0 taper inutilement.  <\/p>\n\n<p>Et ce n\u2019est que le d\u00e9but : nous avons int\u00e9gr\u00e9 de nombreuses autres fonctions intelligentes qui te facilitent le travail quotidien sur la colonie d\u2019abeilles \u2013 des suggestions intelligentes \u00e0 la saisie vocale. Le tout dans le but de rendre la fiche de stock num\u00e9rique aussi pratique que possible. <\/p>\n\n<p>En bref : nous voulons que tu passes moins de temps \u00e0 la documentation \u2013 et plus de temps avec tes abeilles.<\/p>\n\n<div class=\"wp-block-columns is-layout-flex wp-container-core-columns-is-layout-9d6595d7 wp-block-columns-is-layout-flex\">\n<div class=\"wp-block-column is-layout-flow wp-block-column-is-layout-flow\">\n<h3 class=\"wp-block-heading\"><strong>Construisons ensemble l\u2019avenir<\/strong><\/h3>\n\n\n\n<p>bee-pilot.io n\u2019est pas seulement une application \u2013 c\u2019est un projet communautaire d\u2019apiculteurs pour les apiculteurs. Nous croyons que les meilleures solutions naissent de la pratique. C\u2019est pourquoi le <strong>feedback, les id\u00e9es et les souhaits de nos utilisateurs sont particuli\u00e8rement importants<\/strong> pour nous.  <\/p>\n<\/div>\n\n\n\n<div class=\"wp-block-column is-layout-flow wp-block-column-is-layout-flow\">\n<figure class=\"wp-block-embed is-type-video is-provider-youtube wp-block-embed-youtube wp-embed-aspect-16-9 wp-has-aspect-ratio\"><div class=\"wp-block-embed__wrapper\">\n<iframe loading=\"lazy\" title=\"Die Idee von bee-pilot.io\" width=\"800\" height=\"450\" src=\"https:\/\/www.youtube.com\/embed\/s_EkgytxZiY?feature=oembed\" frameborder=\"0\" allow=\"accelerometer; autoplay; clipboard-write; encrypted-media; gyroscope; picture-in-picture; web-share\" referrerpolicy=\"strict-origin-when-cross-origin\" allowfullscreen><\/iframe>\n<\/div><\/figure>\n<\/div>\n<\/div>\n\n<p>Notre voyage ne fait que commencer : nous avons encore de nombreuses visions et fonctions en pr\u00e9paration \u2013 des \u00e9valuations \u00e9tendues aux nouvelles possibilit\u00e9s de saisie, en passant par une assistance intelligente pour les d\u00e9cisions importantes de l\u2019ann\u00e9e apicole.<\/p>\n\n<p>Avec votre soutien, nous souhaitons d\u00e9velopper continuellement bee-pilot et l\u2019adapter aux besoins r\u00e9els du monde apicole. <strong>Tu as une id\u00e9e ? Quelque chose ne fonctionne pas encore correctement ? Ou il te manque une fonctionnalit\u00e9 particuli\u00e8re ?  <\/strong> Alors n\u2019h\u00e9site pas \u00e0 nous contacter !<\/p>\n\n<p>Car ce n\u2019est qu\u2019ensemble que nous pourrons fa\u00e7onner l\u2019apiculture num\u00e9rique de mani\u00e8re vraiment significative \u2013 proche de la pratique, durable et tourn\u00e9e vers l\u2019avenir.<\/p>\n\n<p><\/p>\n\n<p><\/p>\n","protected":false},"excerpt":{"rendered":"<p>Image : Martin en pleine apiculture Notre objectif : Notre application a un objectif clair : rendre la documentation en apiculture aussi simple et rapide que possible, sans pour autant renoncer aux contenus importants. De nombreux apiculteurs connaissent le probl\u00e8me : on est devant la ruche, on veut juste noter rapidement quelques infos \u2013 et [&hellip;]<\/p>\n","protected":false},"author":1,"featured_media":0,"parent":0,"menu_order":0,"comment_status":"closed","ping_status":"closed","template":"","meta":{"footnotes":""},"class_list":["post-822","page","type-page","status-publish","hentry"],"yoast_head":"<!-- This site is optimized with the Yoast SEO Premium plugin v26.6 (Yoast SEO v26.6) - https:\/\/yoast.com\/wordpress\/plugins\/seo\/ -->\n<title>Vision - bee-pilot.io<\/title>\n<meta name=\"description\" content=\"D\u00e9couvre la vision de bee-pilot.io : une solution cloud num\u00e9rique qui connecte l\u2019apiculture traditionnelle de mani\u00e8re intelligente, efficace et tourn\u00e9e vers l\u2019avenir \u2013 d\u00e9velopp\u00e9e par des apiculteurs pour des apiculteurs.\" \/>\n<meta name=\"robots\" content=\"index, follow, max-snippet:-1, max-image-preview:large, max-video-preview:-1\" \/>\n<link rel=\"canonical\" href=\"https:\/\/www.bee-pilot.io\/fr\/vision\/\" \/>\n<meta property=\"og:locale\" content=\"fr_FR\" \/>\n<meta property=\"og:type\" content=\"article\" \/>\n<meta property=\"og:title\" content=\"Vision\" \/>\n<meta property=\"og:description\" content=\"D\u00e9couvre la vision de bee-pilot.io : une solution cloud num\u00e9rique qui connecte l\u2019apiculture traditionnelle de mani\u00e8re intelligente, efficace et tourn\u00e9e vers l\u2019avenir \u2013 d\u00e9velopp\u00e9e par des apiculteurs pour des apiculteurs.\" \/>\n<meta property=\"og:url\" content=\"https:\/\/www.bee-pilot.io\/fr\/vision\/\" \/>\n<meta property=\"og:site_name\" content=\"bee-pilot.io\" \/>\n<meta property=\"article:modified_time\" content=\"2025-12-26T21:48:48+00:00\" \/>\n<meta property=\"og:image\" content=\"https:\/\/www.bee-pilot.io\/wp-content\/uploads\/2025\/02\/041bf8c9-79a0-4a7b-9319-03f374089f89-1.jpg\" \/>\n\t<meta property=\"og:image:width\" content=\"1368\" \/>\n\t<meta property=\"og:image:height\" content=\"1824\" \/>\n\t<meta property=\"og:image:type\" content=\"image\/jpeg\" \/>\n<meta name=\"twitter:card\" content=\"summary_large_image\" \/>\n<meta name=\"twitter:label1\" content=\"Dur\u00e9e de lecture estim\u00e9e\" \/>\n\t<meta name=\"twitter:data1\" content=\"3 minutes\" \/>\n<script type=\"application\/ld+json\" class=\"yoast-schema-graph\">{\"@context\":\"https:\/\/schema.org\",\"@graph\":[{\"@type\":\"WebPage\",\"@id\":\"https:\/\/www.bee-pilot.io\/fr\/vision\/\",\"url\":\"https:\/\/www.bee-pilot.io\/fr\/vision\/\",\"name\":\"Vision - bee-pilot.io\",\"isPartOf\":{\"@id\":\"https:\/\/www.bee-pilot.io\/fr\/#website\"},\"primaryImageOfPage\":{\"@id\":\"https:\/\/www.bee-pilot.io\/fr\/vision\/#primaryimage\"},\"image\":{\"@id\":\"https:\/\/www.bee-pilot.io\/fr\/vision\/#primaryimage\"},\"thumbnailUrl\":\"https:\/\/www.bee-pilot.io\/wp-content\/uploads\/2025\/02\/041bf8c9-79a0-4a7b-9319-03f374089f89-1-768x1024.jpg\",\"datePublished\":\"2025-02-13T05:29:45+00:00\",\"dateModified\":\"2025-12-26T21:48:48+00:00\",\"description\":\"D\u00e9couvre la vision de bee-pilot.io : une solution cloud num\u00e9rique qui connecte l\u2019apiculture traditionnelle de mani\u00e8re intelligente, efficace et tourn\u00e9e vers l\u2019avenir \u2013 d\u00e9velopp\u00e9e par des apiculteurs pour des apiculteurs.\",\"breadcrumb\":{\"@id\":\"https:\/\/www.bee-pilot.io\/fr\/vision\/#breadcrumb\"},\"inLanguage\":\"fr-FR\",\"potentialAction\":[{\"@type\":\"ReadAction\",\"target\":[\"https:\/\/www.bee-pilot.io\/fr\/vision\/\"]}]},{\"@type\":\"ImageObject\",\"inLanguage\":\"fr-FR\",\"@id\":\"https:\/\/www.bee-pilot.io\/fr\/vision\/#primaryimage\",\"url\":\"https:\/\/www.bee-pilot.io\/wp-content\/uploads\/2025\/02\/041bf8c9-79a0-4a7b-9319-03f374089f89-1-768x1024.jpg\",\"contentUrl\":\"https:\/\/www.bee-pilot.io\/wp-content\/uploads\/2025\/02\/041bf8c9-79a0-4a7b-9319-03f374089f89-1-768x1024.jpg\"},{\"@type\":\"BreadcrumbList\",\"@id\":\"https:\/\/www.bee-pilot.io\/fr\/vision\/#breadcrumb\",\"itemListElement\":[{\"@type\":\"ListItem\",\"position\":1,\"name\":\"Startseite\",\"item\":\"https:\/\/www.bee-pilot.io\/fr\/\"},{\"@type\":\"ListItem\",\"position\":2,\"name\":\"Vision\"}]},{\"@type\":\"WebSite\",\"@id\":\"https:\/\/www.bee-pilot.io\/fr\/#website\",\"url\":\"https:\/\/www.bee-pilot.io\/fr\/\",\"name\":\"bee-pilot.io\",\"description\":\"Bee-Pilot: KI-gest\u00fctzte Software f\u00fcr Imker \u2013 Digitale Stockkarte, Wetter &amp; Checklisten\",\"publisher\":{\"@id\":\"https:\/\/www.bee-pilot.io\/fr\/#organization\"},\"potentialAction\":[{\"@type\":\"SearchAction\",\"target\":{\"@type\":\"EntryPoint\",\"urlTemplate\":\"https:\/\/www.bee-pilot.io\/fr\/?s={search_term_string}\"},\"query-input\":{\"@type\":\"PropertyValueSpecification\",\"valueRequired\":true,\"valueName\":\"search_term_string\"}}],\"inLanguage\":\"fr-FR\"},{\"@type\":\"Organization\",\"@id\":\"https:\/\/www.bee-pilot.io\/fr\/#organization\",\"name\":\"bee-pilot.io UG (haftungsbeschr\u00e4nkt)\",\"url\":\"https:\/\/www.bee-pilot.io\/fr\/\",\"logo\":{\"@type\":\"ImageObject\",\"inLanguage\":\"fr-FR\",\"@id\":\"https:\/\/www.bee-pilot.io\/fr\/#\/schema\/logo\/image\/\",\"url\":\"https:\/\/www.bee-pilot.io\/wp-content\/uploads\/2024\/10\/cropped-bee-pilot-logo.png\",\"contentUrl\":\"https:\/\/www.bee-pilot.io\/wp-content\/uploads\/2024\/10\/cropped-bee-pilot-logo.png\",\"width\":291,\"height\":85,\"caption\":\"bee-pilot.io UG (haftungsbeschr\u00e4nkt)\"},\"image\":{\"@id\":\"https:\/\/www.bee-pilot.io\/fr\/#\/schema\/logo\/image\/\"}}]}<\/script>\n<!-- \/ Yoast SEO Premium plugin. -->","yoast_head_json":{"title":"Vision - bee-pilot.io","description":"D\u00e9couvre la vision de bee-pilot.io : une solution cloud num\u00e9rique qui connecte l\u2019apiculture traditionnelle de mani\u00e8re intelligente, efficace et tourn\u00e9e vers l\u2019avenir \u2013 d\u00e9velopp\u00e9e par des apiculteurs pour des apiculteurs.","robots":{"index":"index","follow":"follow","max-snippet":"max-snippet:-1","max-image-preview":"max-image-preview:large","max-video-preview":"max-video-preview:-1"},"canonical":"https:\/\/www.bee-pilot.io\/fr\/vision\/","og_locale":"fr_FR","og_type":"article","og_title":"Vision","og_description":"D\u00e9couvre la vision de bee-pilot.io : une solution cloud num\u00e9rique qui connecte l\u2019apiculture traditionnelle de mani\u00e8re intelligente, efficace et tourn\u00e9e vers l\u2019avenir \u2013 d\u00e9velopp\u00e9e par des apiculteurs pour des apiculteurs.","og_url":"https:\/\/www.bee-pilot.io\/fr\/vision\/","og_site_name":"bee-pilot.io","article_modified_time":"2025-12-26T21:48:48+00:00","og_image":[{"width":1368,"height":1824,"url":"https:\/\/www.bee-pilot.io\/wp-content\/uploads\/2025\/02\/041bf8c9-79a0-4a7b-9319-03f374089f89-1.jpg","type":"image\/jpeg"}],"twitter_card":"summary_large_image","twitter_misc":{"Dur\u00e9e de lecture estim\u00e9e":"3 minutes"},"schema":{"@context":"https:\/\/schema.org","@graph":[{"@type":"WebPage","@id":"https:\/\/www.bee-pilot.io\/fr\/vision\/","url":"https:\/\/www.bee-pilot.io\/fr\/vision\/","name":"Vision - bee-pilot.io","isPartOf":{"@id":"https:\/\/www.bee-pilot.io\/fr\/#website"},"primaryImageOfPage":{"@id":"https:\/\/www.bee-pilot.io\/fr\/vision\/#primaryimage"},"image":{"@id":"https:\/\/www.bee-pilot.io\/fr\/vision\/#primaryimage"},"thumbnailUrl":"https:\/\/www.bee-pilot.io\/wp-content\/uploads\/2025\/02\/041bf8c9-79a0-4a7b-9319-03f374089f89-1-768x1024.jpg","datePublished":"2025-02-13T05:29:45+00:00","dateModified":"2025-12-26T21:48:48+00:00","description":"D\u00e9couvre la vision de bee-pilot.io : une solution cloud num\u00e9rique qui connecte l\u2019apiculture traditionnelle de mani\u00e8re intelligente, efficace et tourn\u00e9e vers l\u2019avenir \u2013 d\u00e9velopp\u00e9e par des apiculteurs pour des apiculteurs.","breadcrumb":{"@id":"https:\/\/www.bee-pilot.io\/fr\/vision\/#breadcrumb"},"inLanguage":"fr-FR","potentialAction":[{"@type":"ReadAction","target":["https:\/\/www.bee-pilot.io\/fr\/vision\/"]}]},{"@type":"ImageObject","inLanguage":"fr-FR","@id":"https:\/\/www.bee-pilot.io\/fr\/vision\/#primaryimage","url":"https:\/\/www.bee-pilot.io\/wp-content\/uploads\/2025\/02\/041bf8c9-79a0-4a7b-9319-03f374089f89-1-768x1024.jpg","contentUrl":"https:\/\/www.bee-pilot.io\/wp-content\/uploads\/2025\/02\/041bf8c9-79a0-4a7b-9319-03f374089f89-1-768x1024.jpg"},{"@type":"BreadcrumbList","@id":"https:\/\/www.bee-pilot.io\/fr\/vision\/#breadcrumb","itemListElement":[{"@type":"ListItem","position":1,"name":"Startseite","item":"https:\/\/www.bee-pilot.io\/fr\/"},{"@type":"ListItem","position":2,"name":"Vision"}]},{"@type":"WebSite","@id":"https:\/\/www.bee-pilot.io\/fr\/#website","url":"https:\/\/www.bee-pilot.io\/fr\/","name":"bee-pilot.io","description":"Bee-Pilot: KI-gest\u00fctzte Software f\u00fcr Imker \u2013 Digitale Stockkarte, Wetter &amp; Checklisten","publisher":{"@id":"https:\/\/www.bee-pilot.io\/fr\/#organization"},"potentialAction":[{"@type":"SearchAction","target":{"@type":"EntryPoint","urlTemplate":"https:\/\/www.bee-pilot.io\/fr\/?s={search_term_string}"},"query-input":{"@type":"PropertyValueSpecification","valueRequired":true,"valueName":"search_term_string"}}],"inLanguage":"fr-FR"},{"@type":"Organization","@id":"https:\/\/www.bee-pilot.io\/fr\/#organization","name":"bee-pilot.io UG (haftungsbeschr\u00e4nkt)","url":"https:\/\/www.bee-pilot.io\/fr\/","logo":{"@type":"ImageObject","inLanguage":"fr-FR","@id":"https:\/\/www.bee-pilot.io\/fr\/#\/schema\/logo\/image\/","url":"https:\/\/www.bee-pilot.io\/wp-content\/uploads\/2024\/10\/cropped-bee-pilot-logo.png","contentUrl":"https:\/\/www.bee-pilot.io\/wp-content\/uploads\/2024\/10\/cropped-bee-pilot-logo.png","width":291,"height":85,"caption":"bee-pilot.io UG (haftungsbeschr\u00e4nkt)"},"image":{"@id":"https:\/\/www.bee-pilot.io\/fr\/#\/schema\/logo\/image\/"}}]}},"_links":{"self":[{"href":"https:\/\/www.bee-pilot.io\/fr\/wp-json\/wp\/v2\/pages\/822","targetHints":{"allow":["GET"]}}],"collection":[{"href":"https:\/\/www.bee-pilot.io\/fr\/wp-json\/wp\/v2\/pages"}],"about":[{"href":"https:\/\/www.bee-pilot.io\/fr\/wp-json\/wp\/v2\/types\/page"}],"author":[{"embeddable":true,"href":"https:\/\/www.bee-pilot.io\/fr\/wp-json\/wp\/v2\/users\/1"}],"replies":[{"embeddable":true,"href":"https:\/\/www.bee-pilot.io\/fr\/wp-json\/wp\/v2\/comments?post=822"}],"version-history":[{"count":1,"href":"https:\/\/www.bee-pilot.io\/fr\/wp-json\/wp\/v2\/pages\/822\/revisions"}],"predecessor-version":[{"id":825,"href":"https:\/\/www.bee-pilot.io\/fr\/wp-json\/wp\/v2\/pages\/822\/revisions\/825"}],"wp:attachment":[{"href":"https:\/\/www.bee-pilot.io\/fr\/wp-json\/wp\/v2\/media?parent=822"}],"curies":[{"name":"wp","href":"https:\/\/api.w.org\/{rel}","templated":true}]}}