{"id":840,"date":"2025-02-11T16:23:28","date_gmt":"2025-02-11T16:23:28","guid":{"rendered":"https:\/\/www.bee-pilot.io\/accessibilite-conformement-a-la-bfsg\/"},"modified":"2025-12-26T08:51:05","modified_gmt":"2025-12-26T08:51:05","slug":"accessibilite-conformement-a-la-bfsg","status":"publish","type":"page","link":"https:\/\/www.bee-pilot.io\/fr\/accessibilite-conformement-a-la-bfsg\/","title":{"rendered":"Accessibilit\u00e9 conform\u00e9ment \u00e0 la BFSG"},"content":{"rendered":"\n<h3 class=\"wp-block-heading\"><strong>D\u00e9claration sur l\u2019accessibilit\u00e9 conform\u00e9ment \u00e0 la loi sur le renforcement de l\u2019accessibilit\u00e9 (BFSG)<\/strong><\/h3>\n\n<p><strong>Date de la d\u00e9claration :<\/strong> 31\/07\/2025<\/p>\n\n<p>En tant que soci\u00e9t\u00e9 bee-pilot.io UG (haftungsbeschr\u00e4nkt), nous nous effor\u00e7ons de concevoir nos offres num\u00e9riques de la mani\u00e8re la plus accessible possible, conform\u00e9ment aux exigences de la <strong>loi sur le renforcement de l\u2019accessibilit\u00e9 (BFSG)<\/strong> et de la directive europ\u00e9enne (UE) 2019\/882 sous-jacente relative \u00e0 l\u2019accessibilit\u00e9 des produits et services. Notre objectif est de permettre \u00e0 tous les utilisateurs d\u2019acc\u00e9der de mani\u00e8re \u00e9gale \u00e0 nos contenus et fonctions num\u00e9riques. <\/p>\n\n<h3 class=\"wp-block-heading\"><strong>\u00c9tat de l\u2019accessibilit\u00e9<\/strong><\/h3>\n\n<p>Notre site web s\u2019oriente aux exigences des <strong>Web Content Accessibility Guidelines (WCAG) 2.1, niveau de conformit\u00e9 AA<\/strong> ainsi qu\u2019aux exigences techniques conform\u00e9ment \u00e0 la <strong>EN 301 549<\/strong>. Les mesures suivantes pour l\u2019accessibilit\u00e9 sont actuellement mises en \u0153uvre ou en planification : <\/p>\n\n<p>\u2705 Contenus structur\u00e9s et faciles \u00e0 lire<br\/>\u2705 Textes alternatifs pour les images et les m\u00e9dias<br\/>\u2705 Utilisation du clavier et gestion de la mise au point<br\/>\u2705 Contrastes clairs et \u00e9l\u00e9ments de commande bien visibles<br\/>\u2705 Prise en charge des lecteurs d\u2019\u00e9cran<\/p>\n\n<p>Nous travaillons continuellement \u00e0 identifier et \u00e0 supprimer les obstacles existants.<\/p>\n\n<h3 class=\"wp-block-heading\"><strong>Possibilit\u00e9s de feedback et de contact<\/strong><\/h3>\n\n<p>Si vous rencontrez des obstacles sur notre site web ou si vous avez des suggestions pour am\u00e9liorer l\u2019accessibilit\u00e9, veuillez nous contacter :<\/p>\n\n<p>\ud83d\udce7 <strong>E-mail :<\/strong> support@bee-pilot.io<\/p>\n\n<p>Nous nous effor\u00e7ons de r\u00e9pondre \u00e0 vos demandes dans un d\u00e9lai de 14 jours.<\/p>\n","protected":false},"excerpt":{"rendered":"<p>D\u00e9claration sur l\u2019accessibilit\u00e9 conform\u00e9ment \u00e0 la loi sur le renforcement de l\u2019accessibilit\u00e9 (BFSG) Date de la d\u00e9claration : 31\/07\/2025 En tant que soci\u00e9t\u00e9 bee-pilot.io UG (haftungsbeschr\u00e4nkt), nous nous effor\u00e7ons de concevoir nos offres num\u00e9riques de la mani\u00e8re la plus accessible possible, conform\u00e9ment aux exigences de la loi sur le renforcement de l\u2019accessibilit\u00e9 (BFSG) et de [&hellip;]<\/p>\n","protected":false},"author":1,"featured_media":0,"parent":0,"menu_order":0,"comment_status":"closed","ping_status":"closed","template":"","meta":{"footnotes":""},"class_list":["post-840","page","type-page","status-publish","hentry"],"yoast_head":"<!-- This site is optimized with the Yoast SEO Premium plugin v26.6 (Yoast SEO v26.6) - https:\/\/yoast.com\/wordpress\/plugins\/seo\/ -->\n<title>Accessibilit\u00e9 conform\u00e9ment \u00e0 la BFSG - bee-pilot.io<\/title>\n<meta name=\"robots\" content=\"index, follow, max-snippet:-1, max-image-preview:large, max-video-preview:-1\" \/>\n<link rel=\"canonical\" href=\"https:\/\/www.bee-pilot.io\/fr\/accessibilite-conformement-a-la-bfsg\/\" \/>\n<meta property=\"og:locale\" content=\"fr_FR\" \/>\n<meta property=\"og:type\" content=\"article\" \/>\n<meta property=\"og:title\" content=\"Accessibilit\u00e9 conform\u00e9ment \u00e0 la BFSG\" \/>\n<meta property=\"og:description\" content=\"D\u00e9claration sur l\u2019accessibilit\u00e9 conform\u00e9ment \u00e0 la loi sur le renforcement de l\u2019accessibilit\u00e9 (BFSG) Date de la d\u00e9claration : 31\/07\/2025 En tant que soci\u00e9t\u00e9 bee-pilot.io UG (haftungsbeschr\u00e4nkt), nous nous effor\u00e7ons de concevoir nos offres num\u00e9riques de la mani\u00e8re la plus accessible possible, conform\u00e9ment aux exigences de la loi sur le renforcement de l\u2019accessibilit\u00e9 (BFSG) et de [&hellip;]\" \/>\n<meta property=\"og:url\" content=\"https:\/\/www.bee-pilot.io\/fr\/accessibilite-conformement-a-la-bfsg\/\" \/>\n<meta property=\"og:site_name\" content=\"bee-pilot.io\" \/>\n<meta property=\"article:modified_time\" content=\"2025-12-26T08:51:05+00:00\" \/>\n<meta property=\"og:image\" content=\"https:\/\/www.bee-pilot.io\/wp-content\/uploads\/2025\/02\/applogo-1.png\" \/>\n\t<meta property=\"og:image:width\" content=\"1057\" \/>\n\t<meta property=\"og:image:height\" content=\"746\" \/>\n\t<meta property=\"og:image:type\" content=\"image\/png\" \/>\n<meta name=\"twitter:card\" content=\"summary_large_image\" \/>\n<meta name=\"twitter:label1\" content=\"Dur\u00e9e de lecture estim\u00e9e\" \/>\n\t<meta name=\"twitter:data1\" content=\"1 minute\" \/>\n<script type=\"application\/ld+json\" class=\"yoast-schema-graph\">{\"@context\":\"https:\/\/schema.org\",\"@graph\":[{\"@type\":\"WebPage\",\"@id\":\"https:\/\/www.bee-pilot.io\/fr\/accessibilite-conformement-a-la-bfsg\/\",\"url\":\"https:\/\/www.bee-pilot.io\/fr\/accessibilite-conformement-a-la-bfsg\/\",\"name\":\"Accessibilit\u00e9 conform\u00e9ment \u00e0 la BFSG - bee-pilot.io\",\"isPartOf\":{\"@id\":\"https:\/\/www.bee-pilot.io\/fr\/#website\"},\"datePublished\":\"2025-02-11T16:23:28+00:00\",\"dateModified\":\"2025-12-26T08:51:05+00:00\",\"breadcrumb\":{\"@id\":\"https:\/\/www.bee-pilot.io\/fr\/accessibilite-conformement-a-la-bfsg\/#breadcrumb\"},\"inLanguage\":\"fr-FR\",\"potentialAction\":[{\"@type\":\"ReadAction\",\"target\":[\"https:\/\/www.bee-pilot.io\/fr\/accessibilite-conformement-a-la-bfsg\/\"]}]},{\"@type\":\"BreadcrumbList\",\"@id\":\"https:\/\/www.bee-pilot.io\/fr\/accessibilite-conformement-a-la-bfsg\/#breadcrumb\",\"itemListElement\":[{\"@type\":\"ListItem\",\"position\":1,\"name\":\"Startseite\",\"item\":\"https:\/\/www.bee-pilot.io\/fr\/\"},{\"@type\":\"ListItem\",\"position\":2,\"name\":\"Accessibilit\u00e9 conform\u00e9ment \u00e0 la BFSG\"}]},{\"@type\":\"WebSite\",\"@id\":\"https:\/\/www.bee-pilot.io\/fr\/#website\",\"url\":\"https:\/\/www.bee-pilot.io\/fr\/\",\"name\":\"bee-pilot.io\",\"description\":\"Bee-Pilot: KI-gest\u00fctzte Software f\u00fcr Imker \u2013 Digitale Stockkarte, Wetter &amp; Checklisten\",\"publisher\":{\"@id\":\"https:\/\/www.bee-pilot.io\/fr\/#organization\"},\"potentialAction\":[{\"@type\":\"SearchAction\",\"target\":{\"@type\":\"EntryPoint\",\"urlTemplate\":\"https:\/\/www.bee-pilot.io\/fr\/?s={search_term_string}\"},\"query-input\":{\"@type\":\"PropertyValueSpecification\",\"valueRequired\":true,\"valueName\":\"search_term_string\"}}],\"inLanguage\":\"fr-FR\"},{\"@type\":\"Organization\",\"@id\":\"https:\/\/www.bee-pilot.io\/fr\/#organization\",\"name\":\"bee-pilot.io UG (haftungsbeschr\u00e4nkt)\",\"url\":\"https:\/\/www.bee-pilot.io\/fr\/\",\"logo\":{\"@type\":\"ImageObject\",\"inLanguage\":\"fr-FR\",\"@id\":\"https:\/\/www.bee-pilot.io\/fr\/#\/schema\/logo\/image\/\",\"url\":\"https:\/\/www.bee-pilot.io\/wp-content\/uploads\/2024\/10\/cropped-bee-pilot-logo.png\",\"contentUrl\":\"https:\/\/www.bee-pilot.io\/wp-content\/uploads\/2024\/10\/cropped-bee-pilot-logo.png\",\"width\":291,\"height\":85,\"caption\":\"bee-pilot.io UG (haftungsbeschr\u00e4nkt)\"},\"image\":{\"@id\":\"https:\/\/www.bee-pilot.io\/fr\/#\/schema\/logo\/image\/\"}}]}<\/script>\n<!-- \/ Yoast SEO Premium plugin. -->","yoast_head_json":{"title":"Accessibilit\u00e9 conform\u00e9ment \u00e0 la BFSG - bee-pilot.io","robots":{"index":"index","follow":"follow","max-snippet":"max-snippet:-1","max-image-preview":"max-image-preview:large","max-video-preview":"max-video-preview:-1"},"canonical":"https:\/\/www.bee-pilot.io\/fr\/accessibilite-conformement-a-la-bfsg\/","og_locale":"fr_FR","og_type":"article","og_title":"Accessibilit\u00e9 conform\u00e9ment \u00e0 la BFSG","og_description":"D\u00e9claration sur l\u2019accessibilit\u00e9 conform\u00e9ment \u00e0 la loi sur le renforcement de l\u2019accessibilit\u00e9 (BFSG) Date de la d\u00e9claration : 31\/07\/2025 En tant que soci\u00e9t\u00e9 bee-pilot.io UG (haftungsbeschr\u00e4nkt), nous nous effor\u00e7ons de concevoir nos offres num\u00e9riques de la mani\u00e8re la plus accessible possible, conform\u00e9ment aux exigences de la loi sur le renforcement de l\u2019accessibilit\u00e9 (BFSG) et de [&hellip;]","og_url":"https:\/\/www.bee-pilot.io\/fr\/accessibilite-conformement-a-la-bfsg\/","og_site_name":"bee-pilot.io","article_modified_time":"2025-12-26T08:51:05+00:00","og_image":[{"width":1057,"height":746,"url":"https:\/\/www.bee-pilot.io\/wp-content\/uploads\/2025\/02\/applogo-1.png","type":"image\/png"}],"twitter_card":"summary_large_image","twitter_misc":{"Dur\u00e9e de lecture estim\u00e9e":"1 minute"},"schema":{"@context":"https:\/\/schema.org","@graph":[{"@type":"WebPage","@id":"https:\/\/www.bee-pilot.io\/fr\/accessibilite-conformement-a-la-bfsg\/","url":"https:\/\/www.bee-pilot.io\/fr\/accessibilite-conformement-a-la-bfsg\/","name":"Accessibilit\u00e9 conform\u00e9ment \u00e0 la BFSG - bee-pilot.io","isPartOf":{"@id":"https:\/\/www.bee-pilot.io\/fr\/#website"},"datePublished":"2025-02-11T16:23:28+00:00","dateModified":"2025-12-26T08:51:05+00:00","breadcrumb":{"@id":"https:\/\/www.bee-pilot.io\/fr\/accessibilite-conformement-a-la-bfsg\/#breadcrumb"},"inLanguage":"fr-FR","potentialAction":[{"@type":"ReadAction","target":["https:\/\/www.bee-pilot.io\/fr\/accessibilite-conformement-a-la-bfsg\/"]}]},{"@type":"BreadcrumbList","@id":"https:\/\/www.bee-pilot.io\/fr\/accessibilite-conformement-a-la-bfsg\/#breadcrumb","itemListElement":[{"@type":"ListItem","position":1,"name":"Startseite","item":"https:\/\/www.bee-pilot.io\/fr\/"},{"@type":"ListItem","position":2,"name":"Accessibilit\u00e9 conform\u00e9ment \u00e0 la BFSG"}]},{"@type":"WebSite","@id":"https:\/\/www.bee-pilot.io\/fr\/#website","url":"https:\/\/www.bee-pilot.io\/fr\/","name":"bee-pilot.io","description":"Bee-Pilot: KI-gest\u00fctzte Software f\u00fcr Imker \u2013 Digitale Stockkarte, Wetter &amp; Checklisten","publisher":{"@id":"https:\/\/www.bee-pilot.io\/fr\/#organization"},"potentialAction":[{"@type":"SearchAction","target":{"@type":"EntryPoint","urlTemplate":"https:\/\/www.bee-pilot.io\/fr\/?s={search_term_string}"},"query-input":{"@type":"PropertyValueSpecification","valueRequired":true,"valueName":"search_term_string"}}],"inLanguage":"fr-FR"},{"@type":"Organization","@id":"https:\/\/www.bee-pilot.io\/fr\/#organization","name":"bee-pilot.io UG (haftungsbeschr\u00e4nkt)","url":"https:\/\/www.bee-pilot.io\/fr\/","logo":{"@type":"ImageObject","inLanguage":"fr-FR","@id":"https:\/\/www.bee-pilot.io\/fr\/#\/schema\/logo\/image\/","url":"https:\/\/www.bee-pilot.io\/wp-content\/uploads\/2024\/10\/cropped-bee-pilot-logo.png","contentUrl":"https:\/\/www.bee-pilot.io\/wp-content\/uploads\/2024\/10\/cropped-bee-pilot-logo.png","width":291,"height":85,"caption":"bee-pilot.io UG (haftungsbeschr\u00e4nkt)"},"image":{"@id":"https:\/\/www.bee-pilot.io\/fr\/#\/schema\/logo\/image\/"}}]}},"_links":{"self":[{"href":"https:\/\/www.bee-pilot.io\/fr\/wp-json\/wp\/v2\/pages\/840","targetHints":{"allow":["GET"]}}],"collection":[{"href":"https:\/\/www.bee-pilot.io\/fr\/wp-json\/wp\/v2\/pages"}],"about":[{"href":"https:\/\/www.bee-pilot.io\/fr\/wp-json\/wp\/v2\/types\/page"}],"author":[{"embeddable":true,"href":"https:\/\/www.bee-pilot.io\/fr\/wp-json\/wp\/v2\/users\/1"}],"replies":[{"embeddable":true,"href":"https:\/\/www.bee-pilot.io\/fr\/wp-json\/wp\/v2\/comments?post=840"}],"version-history":[{"count":1,"href":"https:\/\/www.bee-pilot.io\/fr\/wp-json\/wp\/v2\/pages\/840\/revisions"}],"predecessor-version":[{"id":844,"href":"https:\/\/www.bee-pilot.io\/fr\/wp-json\/wp\/v2\/pages\/840\/revisions\/844"}],"wp:attachment":[{"href":"https:\/\/www.bee-pilot.io\/fr\/wp-json\/wp\/v2\/media?parent=840"}],"curies":[{"name":"wp","href":"https:\/\/api.w.org\/{rel}","templated":true}]}}