{"id":882,"date":"2025-02-01T08:11:51","date_gmt":"2025-02-01T08:11:51","guid":{"rendered":"https:\/\/www.bee-pilot.io\/declaration-de-confidentialite\/"},"modified":"2025-12-26T08:51:58","modified_gmt":"2025-12-26T08:51:58","slug":"declaration-de-confidentialite","status":"publish","type":"page","link":"https:\/\/www.bee-pilot.io\/fr\/declaration-de-confidentialite\/","title":{"rendered":"D\u00e9claration de confidentialit\u00e9"},"content":{"rendered":"\n<h2 class=\"wp-block-heading\"><strong>D\u00e9claration de confidentialit\u00e9 pour toutes les applications bee-pilot.io<\/strong><\/h2>\n\n<p><strong>Date : 31\/07\/2025<\/strong><\/p>\n\n<h3 class=\"wp-block-heading\">1. G\u00e9n\u00e9ralit\u00e9s<\/h3>\n\n<p>La soci\u00e9t\u00e9 bee-pilot.io UG (haftungsbeschr\u00e4nkt), Untere Hauptstr. 41c, 91336 Heroldsbach, g\u00e9r\u00e9e par Martin Wiesm\u00fcller, accorde une grande importance \u00e0 la protection de vos donn\u00e9es personnelles et respecte scrupuleusement le R\u00e8glement g\u00e9n\u00e9ral sur la protection des donn\u00e9es (RGPD). <\/p>\n\n<h3 class=\"wp-block-heading\">2. Responsable du traitement des donn\u00e9es<\/h3>\n\n<p><strong>bee-pilot.io UG (haftungsbeschr\u00e4nkt)<\/strong><br\/>Untere Hauptstr. 41c<br\/>91336 Heroldsbach<br\/>G\u00e9rant : Martin Wiesm\u00fcller <\/p>\n\n<p>Registre du commerce : HRB 12065 \u2013 Tribunal d\u2019instance de Bamberg<\/p>\n\n<h3 class=\"wp-block-heading\">3. Collecte et traitement des donn\u00e9es personnelles<\/h3>\n\n<ul class=\"wp-block-list\">\n<li>Donn\u00e9es d\u2019inscription (adresse e-mail)<\/li>\n\n\n\n<li>Donn\u00e9es d\u2019utilisation (adresses IP, informations sur les appareils, donn\u00e9es de localisation, statistiques d\u2019utilisation, donn\u00e9es de journal)<\/li>\n\n\n\n<li>Donn\u00e9es de paiement via Stripe (stock\u00e9es directement l\u00e0-bas)<\/li>\n\n\n\n<li>Donn\u00e9es de localisation des ruchers<\/li>\n\n\n\n<li>Photos pour l\u2019analyse assist\u00e9e par l\u2019IA<\/li>\n\n\n\n<li>Enregistrements vocaux pour le contr\u00f4le de l\u2019application<\/li>\n\n\n\n<li>Donn\u00e9es m\u00e9t\u00e9orologiques pour le calcul de la somme des temp\u00e9ratures des prairies (STP)<\/li>\n<\/ul>\n\n<h3 class=\"wp-block-heading\">4. Finalit\u00e9 du traitement des donn\u00e9es<\/h3>\n\n<ul class=\"wp-block-list\">\n<li>Fourniture et am\u00e9lioration des fonctionnalit\u00e9s de l\u2019application<\/li>\n\n\n\n<li>Gestion et documentation des colonies d\u2019abeilles<\/li>\n\n\n\n<li>Communication avec les utilisateurs<\/li>\n\n\n\n<li>Traitement des paiements<\/li>\n\n\n\n<li>Am\u00e9lioration de l\u2019exp\u00e9rience utilisateur<\/li>\n<\/ul>\n\n<h3 class=\"wp-block-heading\">5. Fournisseurs tiers et transmission des donn\u00e9es<\/h3>\n\n<h4 class=\"wp-block-heading\">Auth0 (Login\/Authentification)<\/h4>\n\n<p><\/p><p>Pour l\u2019inscription et la gestion des comptes utilisateurs, nous utilisons le service <strong>Auth0<\/strong> de <strong>Okta Inc., 100 First Street, San Francisco, CA 94105, USA<\/strong>.<\/p>\n<p>Les donn\u00e9es de connexion (par exemple, l\u2019adresse e-mail) sont trait\u00e9es. Auth0 agit en tant que sous-traitant conform\u00e9ment \u00e0 l\u2019art. 28 RGPD. Le transfert de donn\u00e9es vers les \u00c9tats-Unis s\u2019effectue sur la base des <strong>CCT<\/strong> et, le cas \u00e9ch\u00e9ant, du <strong>cadre UE-\u00c9tats-Unis pour la protection des donn\u00e9es<\/strong>.<\/p>\n<p>Plus d\u2019infos : <a href=\"https:\/\/www.okta.com\/trustandcompliance\">https:\/\/www.okta.com\/trustandcompliance<\/a><\/p>\n\n<h4 class=\"wp-block-heading\">DigitalOcean (H\u00e9bergement)<\/h4>\n\n<p><\/p><p>Nos syst\u00e8mes fonctionnent sur des serveurs de <strong>DigitalOcean LLC, 101 Avenue of the Americas, New York, NY 10013, USA<\/strong>. Le traitement des donn\u00e9es s\u2019effectue au sein de l\u2019UE (par exemple, Francfort), occasionnellement \u00e9galement aux \u00c9tats-Unis \u2013 s\u00e9curis\u00e9 par les <strong>CCT<\/strong> ou le <strong>cadre de protection des donn\u00e9es<\/strong>. <\/p>\n<p>Plus d\u2019infos : <a href=\"https:\/\/www.digitalocean.com\/legal\/data-processing-agreement\">https:\/\/www.digitalocean.com\/legal\/data-processing-agreement<\/a><\/p>\n\n<h4 class=\"wp-block-heading\">Google Fonts (uniquement dans l\u2019application)<\/h4>\n\n<p><\/p><p>Notre application utilise des polices de caract\u00e8res de <strong>Google Fonts<\/strong> (Google LLC, 1600 Amphitheatre Parkway, Mountain View, CA 94043, USA). L\u2019int\u00e9gration n\u2019a lieu qu\u2019apr\u00e8s consentement (autorisation conform\u00e9ment \u00e0 l\u2019art. 6, al. 1, let. a RGPD). Votre adresse IP peut \u00eatre transmise \u00e0 Google.  <\/p>\n<p>Plus d\u2019infos : <a href=\"https:\/\/fonts.google.com\/about\">https:\/\/fonts.google.com\/about<\/a><\/p>\n\n<h4 class=\"wp-block-heading\">OpenAI (traitement de texte par IA)<\/h4>\n\n<p><\/p><p>Nous utilisons les services de <strong>OpenAI, L.L.C., 3180 18th St., San Francisco, CA 94110, USA<\/strong> pour le traitement des saisies de texte. Le traitement des donn\u00e9es s\u2019effectue sur la base de votre consentement (art. 6, al. 1, let. a RGPD) ou pour l\u2019ex\u00e9cution du contrat (art. 6, al. 1, let. b RGPD), s\u00e9curis\u00e9 par les <strong>CCT<\/strong>. <\/p>\n<p>Plus d\u2019infos : <a href=\"https:\/\/openai.com\/policies\/privacy\">https:\/\/openai.com\/policies\/privacy<\/a><\/p>\n\n<h4 class=\"wp-block-heading\">SendGrid (envoi d\u2019e-mails)<\/h4>\n\n<p><\/p><p>Pour l\u2019envoi d\u2019e-mails importants pour le syst\u00e8me, nous utilisons <strong>SendGrid<\/strong> de <strong>Twilio Inc., 101 Spear Street, San Francisco, CA 94105, USA<\/strong>. Twilio agit en tant que sous-traitant (art. 28 RGPD), la transmission des donn\u00e9es s\u2019effectue conform\u00e9ment aux <strong>CCT<\/strong>. <\/p>\n<p>Plus d\u2019infos : <a href=\"https:\/\/www.twilio.com\/legal\/data-protection-addendum\">https:\/\/www.twilio.com\/legal\/data-protection-addendum<\/a><\/p>\n\n<h4 class=\"wp-block-heading\">Stripe (traitement des paiements)<\/h4>\n\n<p><\/p><p>Pour les paiements, nous utilisons <strong>Stripe Payments Europe Ltd., 1 Grand Canal Street Lower, Dublin, Irlande<\/strong>. Lors des op\u00e9rations de paiement, des donn\u00e9es personnelles sont transmises \u00e0 Stripe (art. 6, al. 1, let. b RGPD). La transmission des donn\u00e9es vers des pays tiers s\u2019effectue sur la base des <strong>CCT<\/strong>.  <\/p>\n<p>Plus d\u2019infos : <a href=\"https:\/\/stripe.com\/privacy\">https:\/\/stripe.com\/privacy<\/a><\/p>\n\n<h3 class=\"wp-block-heading\">R\u00e9capitulatif des prestataires de services externes<\/h3>\n\n<p><\/p><p><strong>En bref :<\/strong> Il est important pour nous que tu saches que nous collaborons avec des partenaires dans l\u2019<strong>UE<\/strong> et aux <strong>\u00c9tats-Unis<\/strong> pour fournir notre service \u2013 par exemple, pour l\u2019h\u00e9bergement, l\u2019envoi d\u2019e-mails, la connexion ou le traitement des paiements.<\/p>\n<p>Des <strong>donn\u00e9es personnelles<\/strong> peuvent \u00e9galement \u00eatre trait\u00e9es, par exemple, l\u2019adresse e-mail, les donn\u00e9es de localisation ou les saisies de texte. Tous les fournisseurs s\u2019engagent \u00e0 respecter le RGPD \u2013 entre autres, via des <strong>clauses contractuelles types (CCT)<\/strong>.<\/p>\n<p>Si tu as n\u00e9anmoins des inqui\u00e9tudes concernant la transmission de tes donn\u00e9es vers des pays tiers, tu peux \u00e9viter l\u2019utilisation \u00e0 tout moment. Nous respectons cela \u2013 m\u00eame si nous le regrettons. <\/p>\n\n<h3 class=\"wp-block-heading\">6. S\u00e9curit\u00e9 des donn\u00e9es<\/h3>\n\n<p>Nous mettons en \u0153uvre des mesures techniques et organisationnelles pour prot\u00e9ger tes donn\u00e9es contre tout acc\u00e8s non autoris\u00e9, perte ou utilisation abusive.<\/p>\n\n<h3 class=\"wp-block-heading\">7. Tes droits<\/h3>\n\n<p><\/p><p>Tu as le droit d\u2019acc\u00e8s, de rectification, de suppression, de limitation du traitement, d\u2019opposition et de portabilit\u00e9 des donn\u00e9es.<\/p>\n<p>Pour la suppression, une demande informelle suffit \u00e0 :<\/p>\n<p><strong>\ud83d\udce7 support@bee-pilot.io<\/strong><\/p>\n<p>Les donn\u00e9es seront supprim\u00e9es dans un d\u00e9lai de 14 jours, \u00e0 moins qu\u2019il n\u2019existe une obligation l\u00e9gale de conservation. Attention : tous les contenus (par exemple, les emplacements des ruchers, les notes) seront irr\u00e9m\u00e9diablement perdus. <\/p>\n\n<h3 class=\"wp-block-heading\">8. Dur\u00e9e de conservation<\/h3>\n\n<p>Nous ne conservons les donn\u00e9es personnelles que le temps n\u00e9cessaire \u00e0 la finalit\u00e9 respective ou l\u00e9galement prescrit.<\/p>\n\n<h3 class=\"wp-block-heading\">9. Modifications<\/h3>\n\n<p>Nous nous r\u00e9servons le droit de modifier cette d\u00e9claration de confidentialit\u00e9 \u00e0 tout moment. En cas de modifications importantes, nous informons activement nos utilisateurs. <\/p>\n\n<h3 class=\"wp-block-heading\">Contact<\/h3>\n\n<p>support@bee-pilot.io<\/p>\n","protected":false},"excerpt":{"rendered":"<p>D\u00e9claration de confidentialit\u00e9 pour toutes les applications bee-pilot.io Date : 31\/07\/2025 1. G\u00e9n\u00e9ralit\u00e9s La soci\u00e9t\u00e9 bee-pilot.io UG (haftungsbeschr\u00e4nkt), Untere Hauptstr. 41c, 91336 Heroldsbach, g\u00e9r\u00e9e par Martin Wiesm\u00fcller, accorde une grande importance \u00e0 la protection de vos donn\u00e9es personnelles et respecte scrupuleusement le R\u00e8glement g\u00e9n\u00e9ral sur la protection des donn\u00e9es (RGPD). 2. Responsable du traitement des [&hellip;]<\/p>\n","protected":false},"author":1,"featured_media":0,"parent":0,"menu_order":0,"comment_status":"closed","ping_status":"closed","template":"","meta":{"footnotes":""},"class_list":["post-882","page","type-page","status-publish","hentry"],"yoast_head":"<!-- This site is optimized with the Yoast SEO Premium plugin v26.6 (Yoast SEO v26.6) - https:\/\/yoast.com\/wordpress\/plugins\/seo\/ -->\n<title>D\u00e9claration de confidentialit\u00e9 - bee-pilot.io<\/title>\n<meta name=\"robots\" content=\"index, follow, max-snippet:-1, max-image-preview:large, max-video-preview:-1\" \/>\n<link rel=\"canonical\" href=\"https:\/\/www.bee-pilot.io\/fr\/declaration-de-confidentialite\/\" \/>\n<meta property=\"og:locale\" content=\"fr_FR\" \/>\n<meta property=\"og:type\" content=\"article\" \/>\n<meta property=\"og:title\" content=\"D\u00e9claration de confidentialit\u00e9\" \/>\n<meta property=\"og:description\" content=\"D\u00e9claration de confidentialit\u00e9 pour toutes les applications bee-pilot.io Date : 31\/07\/2025 1. G\u00e9n\u00e9ralit\u00e9s La soci\u00e9t\u00e9 bee-pilot.io UG (haftungsbeschr\u00e4nkt), Untere Hauptstr. 41c, 91336 Heroldsbach, g\u00e9r\u00e9e par Martin Wiesm\u00fcller, accorde une grande importance \u00e0 la protection de vos donn\u00e9es personnelles et respecte scrupuleusement le R\u00e8glement g\u00e9n\u00e9ral sur la protection des donn\u00e9es (RGPD). 2. Responsable du traitement des [&hellip;]\" \/>\n<meta property=\"og:url\" content=\"https:\/\/www.bee-pilot.io\/fr\/declaration-de-confidentialite\/\" \/>\n<meta property=\"og:site_name\" content=\"bee-pilot.io\" \/>\n<meta property=\"article:modified_time\" content=\"2025-12-26T08:51:58+00:00\" \/>\n<meta property=\"og:image\" content=\"https:\/\/www.bee-pilot.io\/wp-content\/uploads\/2025\/02\/applogo-1.png\" \/>\n\t<meta property=\"og:image:width\" content=\"1057\" \/>\n\t<meta property=\"og:image:height\" content=\"746\" \/>\n\t<meta property=\"og:image:type\" content=\"image\/png\" \/>\n<meta name=\"twitter:card\" content=\"summary_large_image\" \/>\n<meta name=\"twitter:label1\" content=\"Dur\u00e9e de lecture estim\u00e9e\" \/>\n\t<meta name=\"twitter:data1\" content=\"4 minutes\" \/>\n<script type=\"application\/ld+json\" class=\"yoast-schema-graph\">{\"@context\":\"https:\/\/schema.org\",\"@graph\":[{\"@type\":\"WebPage\",\"@id\":\"https:\/\/www.bee-pilot.io\/fr\/declaration-de-confidentialite\/\",\"url\":\"https:\/\/www.bee-pilot.io\/fr\/declaration-de-confidentialite\/\",\"name\":\"D\u00e9claration de confidentialit\u00e9 - bee-pilot.io\",\"isPartOf\":{\"@id\":\"https:\/\/www.bee-pilot.io\/fr\/#website\"},\"datePublished\":\"2025-02-01T08:11:51+00:00\",\"dateModified\":\"2025-12-26T08:51:58+00:00\",\"breadcrumb\":{\"@id\":\"https:\/\/www.bee-pilot.io\/fr\/declaration-de-confidentialite\/#breadcrumb\"},\"inLanguage\":\"fr-FR\",\"potentialAction\":[{\"@type\":\"ReadAction\",\"target\":[\"https:\/\/www.bee-pilot.io\/fr\/declaration-de-confidentialite\/\"]}]},{\"@type\":\"BreadcrumbList\",\"@id\":\"https:\/\/www.bee-pilot.io\/fr\/declaration-de-confidentialite\/#breadcrumb\",\"itemListElement\":[{\"@type\":\"ListItem\",\"position\":1,\"name\":\"Startseite\",\"item\":\"https:\/\/www.bee-pilot.io\/fr\/\"},{\"@type\":\"ListItem\",\"position\":2,\"name\":\"D\u00e9claration de confidentialit\u00e9\"}]},{\"@type\":\"WebSite\",\"@id\":\"https:\/\/www.bee-pilot.io\/fr\/#website\",\"url\":\"https:\/\/www.bee-pilot.io\/fr\/\",\"name\":\"bee-pilot.io\",\"description\":\"Bee-Pilot: KI-gest\u00fctzte Software f\u00fcr Imker \u2013 Digitale Stockkarte, Wetter &amp; Checklisten\",\"publisher\":{\"@id\":\"https:\/\/www.bee-pilot.io\/fr\/#organization\"},\"potentialAction\":[{\"@type\":\"SearchAction\",\"target\":{\"@type\":\"EntryPoint\",\"urlTemplate\":\"https:\/\/www.bee-pilot.io\/fr\/?s={search_term_string}\"},\"query-input\":{\"@type\":\"PropertyValueSpecification\",\"valueRequired\":true,\"valueName\":\"search_term_string\"}}],\"inLanguage\":\"fr-FR\"},{\"@type\":\"Organization\",\"@id\":\"https:\/\/www.bee-pilot.io\/fr\/#organization\",\"name\":\"bee-pilot.io UG (haftungsbeschr\u00e4nkt)\",\"url\":\"https:\/\/www.bee-pilot.io\/fr\/\",\"logo\":{\"@type\":\"ImageObject\",\"inLanguage\":\"fr-FR\",\"@id\":\"https:\/\/www.bee-pilot.io\/fr\/#\/schema\/logo\/image\/\",\"url\":\"https:\/\/www.bee-pilot.io\/wp-content\/uploads\/2024\/10\/cropped-bee-pilot-logo.png\",\"contentUrl\":\"https:\/\/www.bee-pilot.io\/wp-content\/uploads\/2024\/10\/cropped-bee-pilot-logo.png\",\"width\":291,\"height\":85,\"caption\":\"bee-pilot.io UG (haftungsbeschr\u00e4nkt)\"},\"image\":{\"@id\":\"https:\/\/www.bee-pilot.io\/fr\/#\/schema\/logo\/image\/\"}}]}<\/script>\n<!-- \/ Yoast SEO Premium plugin. -->","yoast_head_json":{"title":"D\u00e9claration de confidentialit\u00e9 - bee-pilot.io","robots":{"index":"index","follow":"follow","max-snippet":"max-snippet:-1","max-image-preview":"max-image-preview:large","max-video-preview":"max-video-preview:-1"},"canonical":"https:\/\/www.bee-pilot.io\/fr\/declaration-de-confidentialite\/","og_locale":"fr_FR","og_type":"article","og_title":"D\u00e9claration de confidentialit\u00e9","og_description":"D\u00e9claration de confidentialit\u00e9 pour toutes les applications bee-pilot.io Date : 31\/07\/2025 1. G\u00e9n\u00e9ralit\u00e9s La soci\u00e9t\u00e9 bee-pilot.io UG (haftungsbeschr\u00e4nkt), Untere Hauptstr. 41c, 91336 Heroldsbach, g\u00e9r\u00e9e par Martin Wiesm\u00fcller, accorde une grande importance \u00e0 la protection de vos donn\u00e9es personnelles et respecte scrupuleusement le R\u00e8glement g\u00e9n\u00e9ral sur la protection des donn\u00e9es (RGPD). 2. Responsable du traitement des [&hellip;]","og_url":"https:\/\/www.bee-pilot.io\/fr\/declaration-de-confidentialite\/","og_site_name":"bee-pilot.io","article_modified_time":"2025-12-26T08:51:58+00:00","og_image":[{"width":1057,"height":746,"url":"https:\/\/www.bee-pilot.io\/wp-content\/uploads\/2025\/02\/applogo-1.png","type":"image\/png"}],"twitter_card":"summary_large_image","twitter_misc":{"Dur\u00e9e de lecture estim\u00e9e":"4 minutes"},"schema":{"@context":"https:\/\/schema.org","@graph":[{"@type":"WebPage","@id":"https:\/\/www.bee-pilot.io\/fr\/declaration-de-confidentialite\/","url":"https:\/\/www.bee-pilot.io\/fr\/declaration-de-confidentialite\/","name":"D\u00e9claration de confidentialit\u00e9 - bee-pilot.io","isPartOf":{"@id":"https:\/\/www.bee-pilot.io\/fr\/#website"},"datePublished":"2025-02-01T08:11:51+00:00","dateModified":"2025-12-26T08:51:58+00:00","breadcrumb":{"@id":"https:\/\/www.bee-pilot.io\/fr\/declaration-de-confidentialite\/#breadcrumb"},"inLanguage":"fr-FR","potentialAction":[{"@type":"ReadAction","target":["https:\/\/www.bee-pilot.io\/fr\/declaration-de-confidentialite\/"]}]},{"@type":"BreadcrumbList","@id":"https:\/\/www.bee-pilot.io\/fr\/declaration-de-confidentialite\/#breadcrumb","itemListElement":[{"@type":"ListItem","position":1,"name":"Startseite","item":"https:\/\/www.bee-pilot.io\/fr\/"},{"@type":"ListItem","position":2,"name":"D\u00e9claration de confidentialit\u00e9"}]},{"@type":"WebSite","@id":"https:\/\/www.bee-pilot.io\/fr\/#website","url":"https:\/\/www.bee-pilot.io\/fr\/","name":"bee-pilot.io","description":"Bee-Pilot: KI-gest\u00fctzte Software f\u00fcr Imker \u2013 Digitale Stockkarte, Wetter &amp; Checklisten","publisher":{"@id":"https:\/\/www.bee-pilot.io\/fr\/#organization"},"potentialAction":[{"@type":"SearchAction","target":{"@type":"EntryPoint","urlTemplate":"https:\/\/www.bee-pilot.io\/fr\/?s={search_term_string}"},"query-input":{"@type":"PropertyValueSpecification","valueRequired":true,"valueName":"search_term_string"}}],"inLanguage":"fr-FR"},{"@type":"Organization","@id":"https:\/\/www.bee-pilot.io\/fr\/#organization","name":"bee-pilot.io UG (haftungsbeschr\u00e4nkt)","url":"https:\/\/www.bee-pilot.io\/fr\/","logo":{"@type":"ImageObject","inLanguage":"fr-FR","@id":"https:\/\/www.bee-pilot.io\/fr\/#\/schema\/logo\/image\/","url":"https:\/\/www.bee-pilot.io\/wp-content\/uploads\/2024\/10\/cropped-bee-pilot-logo.png","contentUrl":"https:\/\/www.bee-pilot.io\/wp-content\/uploads\/2024\/10\/cropped-bee-pilot-logo.png","width":291,"height":85,"caption":"bee-pilot.io UG (haftungsbeschr\u00e4nkt)"},"image":{"@id":"https:\/\/www.bee-pilot.io\/fr\/#\/schema\/logo\/image\/"}}]}},"_links":{"self":[{"href":"https:\/\/www.bee-pilot.io\/fr\/wp-json\/wp\/v2\/pages\/882","targetHints":{"allow":["GET"]}}],"collection":[{"href":"https:\/\/www.bee-pilot.io\/fr\/wp-json\/wp\/v2\/pages"}],"about":[{"href":"https:\/\/www.bee-pilot.io\/fr\/wp-json\/wp\/v2\/types\/page"}],"author":[{"embeddable":true,"href":"https:\/\/www.bee-pilot.io\/fr\/wp-json\/wp\/v2\/users\/1"}],"replies":[{"embeddable":true,"href":"https:\/\/www.bee-pilot.io\/fr\/wp-json\/wp\/v2\/comments?post=882"}],"version-history":[{"count":1,"href":"https:\/\/www.bee-pilot.io\/fr\/wp-json\/wp\/v2\/pages\/882\/revisions"}],"predecessor-version":[{"id":886,"href":"https:\/\/www.bee-pilot.io\/fr\/wp-json\/wp\/v2\/pages\/882\/revisions\/886"}],"wp:attachment":[{"href":"https:\/\/www.bee-pilot.io\/fr\/wp-json\/wp\/v2\/media?parent=882"}],"curies":[{"name":"wp","href":"https:\/\/api.w.org\/{rel}","templated":true}]}}