{"id":894,"date":"2025-07-22T12:51:34","date_gmt":"2025-07-22T12:51:34","guid":{"rendered":"https:\/\/www.bee-pilot.io\/assistance\/"},"modified":"2025-12-26T08:52:06","modified_gmt":"2025-12-26T08:52:06","slug":"assistance","status":"publish","type":"page","link":"https:\/\/www.bee-pilot.io\/fr\/assistance\/","title":{"rendered":"Assistance"},"content":{"rendered":"\n<h2 class=\"wp-block-heading\">\ud83d\udc1d <strong>bee-pilot.io \u2013 Assistance et contact<\/strong><\/h2>\n\n<p>Si tu as des questions, des probl\u00e8mes ou des commentaires concernant l\u2019application Bee Pilot, tu peux nous contacter \u00e0 tout moment par e-mail.<\/p>\n\n<p>\ud83d\udce7 <strong>E-mail d\u2019assistance\u00a0:<\/strong> <a href=\"mailto:support@bee-pilot.io\">support@bee-pilot.io<\/a><\/p>\n\n<p>Nous r\u00e9pondons g\u00e9n\u00e9ralement sous 1 \u00e0 2\u00a0jours ouvrables.<\/p>\n\n<hr class=\"wp-block-separator has-alpha-channel-opacity\"\/>\n\n<h3 class=\"wp-block-heading\">Mentions l\u00e9gales\u00a0:<\/h3>\n\n<p>Cette page est uniquement destin\u00e9e \u00e0 l\u2019assistance pour nos applications iOS et Android. Tu trouveras plus d\u2019informations dans notre <a href=\"https:\/\/www.bee-pilot.io\/fr\/declaration-de-confidentialite\/\">politique de confidentialit\u00e9<\/a> et nos <a href=\"https:\/\/www.bee-pilot.io\/impressum\/\">mentions l\u00e9gales<\/a>. <\/p>\n\n<hr class=\"wp-block-separator has-alpha-channel-opacity\"\/>\n\n<h2 class=\"wp-block-heading\">\ud83d\udd27 Conseils pour une r\u00e9solution rapide<\/h2>\n\n<ul class=\"wp-block-list\">\n<li>Assure-toi d\u2019utiliser la derni\u00e8re version de l\u2019application<\/li>\n\n\n\n<li>En cas d\u2019erreurs, indique-nous\u00a0: le type d\u2019appareil, la version iOS\/Android et une br\u00e8ve description<\/li>\n<\/ul>\n\n<hr class=\"wp-block-separator has-alpha-channel-opacity\"\/>\n\n<h2 class=\"wp-block-heading\">\ud83d\udccc Autres possibilit\u00e9s de contact<\/h2>\n\n<p>Outre le support technique, nous sommes \u00e9galement \u00e0 ta disposition pour les questions g\u00e9n\u00e9rales.<br\/>Merci d\u2019utiliser \u00e9galement l\u2019adresse e-mail <a href=\"mailto:support@bee-pilot.io\">support@bee-pilot.io<\/a> si tu\u00a0:<\/p>\n\n<ul class=\"wp-block-list\">\n<li>as des <strong>questions sur l\u2019utilisation des fonctions de l\u2019application<\/strong> (par ex. emplacements, colonies, check-lists)<\/li>\n\n\n\n<li>souhaites faire part de tes <strong>suggestions ou souhaits concernant le d\u00e9veloppement<\/strong> de l\u2019application<\/li>\n\n\n\n<li>as des <strong>demandes de coop\u00e9ration<\/strong> (par ex. pour des formations, des associations apicoles, des m\u00e9dias ou des commerces sp\u00e9cialis\u00e9s)<\/li>\n\n\n\n<li>souhaites faire des <strong>demandes de presse ou de m\u00e9dias<\/strong><\/li>\n\n\n\n<li>es int\u00e9ress\u00e9 par <strong>une collaboration en tant que b\u00eata-testeur<\/strong><\/li>\n\n\n\n<li>as besoin d\u2019informations sur <strong>nos abonnements payants<\/strong> et nos factures<\/li>\n<\/ul>\n\n<p><\/p>\n","protected":false},"excerpt":{"rendered":"<p>\ud83d\udc1d bee-pilot.io \u2013 Assistance et contact Si tu as des questions, des probl\u00e8mes ou des commentaires concernant l\u2019application Bee Pilot, tu peux nous contacter \u00e0 tout moment par e-mail. \ud83d\udce7 E-mail d\u2019assistance\u00a0: support@bee-pilot.io Nous r\u00e9pondons g\u00e9n\u00e9ralement sous 1 \u00e0 2\u00a0jours ouvrables. Mentions l\u00e9gales\u00a0: Cette page est uniquement destin\u00e9e \u00e0 l\u2019assistance pour nos applications iOS et [&hellip;]<\/p>\n","protected":false},"author":1,"featured_media":0,"parent":0,"menu_order":0,"comment_status":"closed","ping_status":"closed","template":"","meta":{"footnotes":""},"class_list":["post-894","page","type-page","status-publish","hentry"],"yoast_head":"<!-- This site is optimized with the Yoast SEO Premium plugin v26.6 (Yoast SEO v26.6) - https:\/\/yoast.com\/wordpress\/plugins\/seo\/ -->\n<title>Assistance - bee-pilot.io<\/title>\n<meta name=\"robots\" content=\"index, follow, max-snippet:-1, max-image-preview:large, max-video-preview:-1\" \/>\n<link rel=\"canonical\" href=\"https:\/\/www.bee-pilot.io\/fr\/assistance\/\" \/>\n<meta property=\"og:locale\" content=\"fr_FR\" \/>\n<meta property=\"og:type\" content=\"article\" \/>\n<meta property=\"og:title\" content=\"Assistance\" \/>\n<meta property=\"og:description\" content=\"\ud83d\udc1d bee-pilot.io \u2013 Assistance et contact Si tu as des questions, des probl\u00e8mes ou des commentaires concernant l\u2019application Bee Pilot, tu peux nous contacter \u00e0 tout moment par e-mail. \ud83d\udce7 E-mail d\u2019assistance\u00a0: support@bee-pilot.io Nous r\u00e9pondons g\u00e9n\u00e9ralement sous 1 \u00e0 2\u00a0jours ouvrables. Mentions l\u00e9gales\u00a0: Cette page est uniquement destin\u00e9e \u00e0 l\u2019assistance pour nos applications iOS et [&hellip;]\" \/>\n<meta property=\"og:url\" content=\"https:\/\/www.bee-pilot.io\/fr\/assistance\/\" \/>\n<meta property=\"og:site_name\" content=\"bee-pilot.io\" \/>\n<meta property=\"article:modified_time\" content=\"2025-12-26T08:52:06+00:00\" \/>\n<meta property=\"og:image\" content=\"https:\/\/www.bee-pilot.io\/wp-content\/uploads\/2025\/02\/applogo-1.png\" \/>\n\t<meta property=\"og:image:width\" content=\"1057\" \/>\n\t<meta property=\"og:image:height\" content=\"746\" \/>\n\t<meta property=\"og:image:type\" content=\"image\/png\" \/>\n<meta name=\"twitter:card\" content=\"summary_large_image\" \/>\n<meta name=\"twitter:label1\" content=\"Dur\u00e9e de lecture estim\u00e9e\" \/>\n\t<meta name=\"twitter:data1\" content=\"1 minute\" \/>\n<script type=\"application\/ld+json\" class=\"yoast-schema-graph\">{\"@context\":\"https:\/\/schema.org\",\"@graph\":[{\"@type\":\"WebPage\",\"@id\":\"https:\/\/www.bee-pilot.io\/fr\/assistance\/\",\"url\":\"https:\/\/www.bee-pilot.io\/fr\/assistance\/\",\"name\":\"Assistance - bee-pilot.io\",\"isPartOf\":{\"@id\":\"https:\/\/www.bee-pilot.io\/fr\/#website\"},\"datePublished\":\"2025-07-22T12:51:34+00:00\",\"dateModified\":\"2025-12-26T08:52:06+00:00\",\"breadcrumb\":{\"@id\":\"https:\/\/www.bee-pilot.io\/fr\/assistance\/#breadcrumb\"},\"inLanguage\":\"fr-FR\",\"potentialAction\":[{\"@type\":\"ReadAction\",\"target\":[\"https:\/\/www.bee-pilot.io\/fr\/assistance\/\"]}]},{\"@type\":\"BreadcrumbList\",\"@id\":\"https:\/\/www.bee-pilot.io\/fr\/assistance\/#breadcrumb\",\"itemListElement\":[{\"@type\":\"ListItem\",\"position\":1,\"name\":\"Startseite\",\"item\":\"https:\/\/www.bee-pilot.io\/fr\/\"},{\"@type\":\"ListItem\",\"position\":2,\"name\":\"Assistance\"}]},{\"@type\":\"WebSite\",\"@id\":\"https:\/\/www.bee-pilot.io\/fr\/#website\",\"url\":\"https:\/\/www.bee-pilot.io\/fr\/\",\"name\":\"bee-pilot.io\",\"description\":\"Bee-Pilot: KI-gest\u00fctzte Software f\u00fcr Imker \u2013 Digitale Stockkarte, Wetter &amp; Checklisten\",\"publisher\":{\"@id\":\"https:\/\/www.bee-pilot.io\/fr\/#organization\"},\"potentialAction\":[{\"@type\":\"SearchAction\",\"target\":{\"@type\":\"EntryPoint\",\"urlTemplate\":\"https:\/\/www.bee-pilot.io\/fr\/?s={search_term_string}\"},\"query-input\":{\"@type\":\"PropertyValueSpecification\",\"valueRequired\":true,\"valueName\":\"search_term_string\"}}],\"inLanguage\":\"fr-FR\"},{\"@type\":\"Organization\",\"@id\":\"https:\/\/www.bee-pilot.io\/fr\/#organization\",\"name\":\"bee-pilot.io UG (haftungsbeschr\u00e4nkt)\",\"url\":\"https:\/\/www.bee-pilot.io\/fr\/\",\"logo\":{\"@type\":\"ImageObject\",\"inLanguage\":\"fr-FR\",\"@id\":\"https:\/\/www.bee-pilot.io\/fr\/#\/schema\/logo\/image\/\",\"url\":\"https:\/\/www.bee-pilot.io\/wp-content\/uploads\/2024\/10\/cropped-bee-pilot-logo.png\",\"contentUrl\":\"https:\/\/www.bee-pilot.io\/wp-content\/uploads\/2024\/10\/cropped-bee-pilot-logo.png\",\"width\":291,\"height\":85,\"caption\":\"bee-pilot.io UG (haftungsbeschr\u00e4nkt)\"},\"image\":{\"@id\":\"https:\/\/www.bee-pilot.io\/fr\/#\/schema\/logo\/image\/\"}}]}<\/script>\n<!-- \/ Yoast SEO Premium plugin. -->","yoast_head_json":{"title":"Assistance - bee-pilot.io","robots":{"index":"index","follow":"follow","max-snippet":"max-snippet:-1","max-image-preview":"max-image-preview:large","max-video-preview":"max-video-preview:-1"},"canonical":"https:\/\/www.bee-pilot.io\/fr\/assistance\/","og_locale":"fr_FR","og_type":"article","og_title":"Assistance","og_description":"\ud83d\udc1d bee-pilot.io \u2013 Assistance et contact Si tu as des questions, des probl\u00e8mes ou des commentaires concernant l\u2019application Bee Pilot, tu peux nous contacter \u00e0 tout moment par e-mail. \ud83d\udce7 E-mail d\u2019assistance\u00a0: support@bee-pilot.io Nous r\u00e9pondons g\u00e9n\u00e9ralement sous 1 \u00e0 2\u00a0jours ouvrables. Mentions l\u00e9gales\u00a0: Cette page est uniquement destin\u00e9e \u00e0 l\u2019assistance pour nos applications iOS et [&hellip;]","og_url":"https:\/\/www.bee-pilot.io\/fr\/assistance\/","og_site_name":"bee-pilot.io","article_modified_time":"2025-12-26T08:52:06+00:00","og_image":[{"width":1057,"height":746,"url":"https:\/\/www.bee-pilot.io\/wp-content\/uploads\/2025\/02\/applogo-1.png","type":"image\/png"}],"twitter_card":"summary_large_image","twitter_misc":{"Dur\u00e9e de lecture estim\u00e9e":"1 minute"},"schema":{"@context":"https:\/\/schema.org","@graph":[{"@type":"WebPage","@id":"https:\/\/www.bee-pilot.io\/fr\/assistance\/","url":"https:\/\/www.bee-pilot.io\/fr\/assistance\/","name":"Assistance - bee-pilot.io","isPartOf":{"@id":"https:\/\/www.bee-pilot.io\/fr\/#website"},"datePublished":"2025-07-22T12:51:34+00:00","dateModified":"2025-12-26T08:52:06+00:00","breadcrumb":{"@id":"https:\/\/www.bee-pilot.io\/fr\/assistance\/#breadcrumb"},"inLanguage":"fr-FR","potentialAction":[{"@type":"ReadAction","target":["https:\/\/www.bee-pilot.io\/fr\/assistance\/"]}]},{"@type":"BreadcrumbList","@id":"https:\/\/www.bee-pilot.io\/fr\/assistance\/#breadcrumb","itemListElement":[{"@type":"ListItem","position":1,"name":"Startseite","item":"https:\/\/www.bee-pilot.io\/fr\/"},{"@type":"ListItem","position":2,"name":"Assistance"}]},{"@type":"WebSite","@id":"https:\/\/www.bee-pilot.io\/fr\/#website","url":"https:\/\/www.bee-pilot.io\/fr\/","name":"bee-pilot.io","description":"Bee-Pilot: KI-gest\u00fctzte Software f\u00fcr Imker \u2013 Digitale Stockkarte, Wetter &amp; Checklisten","publisher":{"@id":"https:\/\/www.bee-pilot.io\/fr\/#organization"},"potentialAction":[{"@type":"SearchAction","target":{"@type":"EntryPoint","urlTemplate":"https:\/\/www.bee-pilot.io\/fr\/?s={search_term_string}"},"query-input":{"@type":"PropertyValueSpecification","valueRequired":true,"valueName":"search_term_string"}}],"inLanguage":"fr-FR"},{"@type":"Organization","@id":"https:\/\/www.bee-pilot.io\/fr\/#organization","name":"bee-pilot.io UG (haftungsbeschr\u00e4nkt)","url":"https:\/\/www.bee-pilot.io\/fr\/","logo":{"@type":"ImageObject","inLanguage":"fr-FR","@id":"https:\/\/www.bee-pilot.io\/fr\/#\/schema\/logo\/image\/","url":"https:\/\/www.bee-pilot.io\/wp-content\/uploads\/2024\/10\/cropped-bee-pilot-logo.png","contentUrl":"https:\/\/www.bee-pilot.io\/wp-content\/uploads\/2024\/10\/cropped-bee-pilot-logo.png","width":291,"height":85,"caption":"bee-pilot.io UG (haftungsbeschr\u00e4nkt)"},"image":{"@id":"https:\/\/www.bee-pilot.io\/fr\/#\/schema\/logo\/image\/"}}]}},"_links":{"self":[{"href":"https:\/\/www.bee-pilot.io\/fr\/wp-json\/wp\/v2\/pages\/894","targetHints":{"allow":["GET"]}}],"collection":[{"href":"https:\/\/www.bee-pilot.io\/fr\/wp-json\/wp\/v2\/pages"}],"about":[{"href":"https:\/\/www.bee-pilot.io\/fr\/wp-json\/wp\/v2\/types\/page"}],"author":[{"embeddable":true,"href":"https:\/\/www.bee-pilot.io\/fr\/wp-json\/wp\/v2\/users\/1"}],"replies":[{"embeddable":true,"href":"https:\/\/www.bee-pilot.io\/fr\/wp-json\/wp\/v2\/comments?post=894"}],"version-history":[{"count":1,"href":"https:\/\/www.bee-pilot.io\/fr\/wp-json\/wp\/v2\/pages\/894\/revisions"}],"predecessor-version":[{"id":897,"href":"https:\/\/www.bee-pilot.io\/fr\/wp-json\/wp\/v2\/pages\/894\/revisions\/897"}],"wp:attachment":[{"href":"https:\/\/www.bee-pilot.io\/fr\/wp-json\/wp\/v2\/media?parent=894"}],"curies":[{"name":"wp","href":"https:\/\/api.w.org\/{rel}","templated":true}]}}