{"id":974,"date":"2024-12-31T08:29:08","date_gmt":"2024-12-31T08:29:08","guid":{"rendered":"https:\/\/www.bee-pilot.io\/mentions-legales\/"},"modified":"2025-12-26T08:55:13","modified_gmt":"2025-12-26T08:55:13","slug":"mentions-legales","status":"publish","type":"page","link":"https:\/\/www.bee-pilot.io\/fr\/mentions-legales\/","title":{"rendered":"Mentions l\u00e9gales"},"content":{"rendered":"\n<p><strong>Informations conform\u00e9ment au \u00a7 5 de la TMG (loi allemande sur les t\u00e9l\u00e9m\u00e9dias) :<\/strong><br\/>bee-pilot.io UG (\u00e0 responsabilit\u00e9 limit\u00e9e)<br\/>Untere Hauptstr. 41c<br\/>91336 Heroldsbach <\/p>\n\n<p><strong>Registre du commerce :<br\/><\/strong>HRB 12065<br\/>Tribunal d\u2019instance de Bamberg <\/p>\n\n<p><strong>Contact :<\/strong><br\/>E-mail : support@bee-pilot.io<br\/>Site web : www.bee-pilot.io<\/p>\n\n<p><strong>G\u00e9rant :<\/strong><br\/>Martin Wiesm\u00fcller<\/p>\n\n<p><strong>Num\u00e9ro d\u2019identification fiscale<\/strong> : 216\/122\/20279<\/p>\n\n<p><strong>Exclusion de responsabilit\u00e9 (Disclaimer) :<\/strong><br\/><em>Responsabilit\u00e9 pour les contenus :<\/em><br\/>Les contenus de nos pages ont \u00e9t\u00e9 cr\u00e9\u00e9s avec le plus grand soin. Nous ne pouvons toutefois garantir l\u2019exactitude, l\u2019exhaustivit\u00e9 et l\u2019actualit\u00e9 des contenus. <\/p>\n\n<p><em>Responsabilit\u00e9 pour les liens :<\/em><br\/>Notre site web contient des liens vers des sites web externes de tiers sur les contenus desquels nous n\u2019avons aucune influence. Par cons\u00e9quent, nous ne pouvons assumer aucune responsabilit\u00e9 pour ces contenus externes. <\/p>\n\n<p><strong>R\u00e8glement des litiges :<\/strong><br\/>La Commission europ\u00e9enne met \u00e0 disposition une plateforme de r\u00e8glement en ligne des litiges (RLL) : <a href=\"https:\/\/ec.europa.eu\/consumers\/odr\/\">https:\/\/ec.europa.eu\/consumers\/odr\/<\/a>.<br\/>Tu trouveras notre adresse e-mail ci-dessus dans les mentions l\u00e9gales. Nous ne sommes ni dispos\u00e9s ni oblig\u00e9s de participer \u00e0 des proc\u00e9dures de r\u00e8glement des litiges devant un organisme de conciliation pour les consommateurs. <\/p>\n\n<p><strong>D\u00e9claration de confidentialit\u00e9<\/strong><\/p>\n\n<p>La protection de tes donn\u00e9es personnelles est tr\u00e8s importante pour nous. Nous t\u2019informons ci-dessous en d\u00e9tail sur le traitement de tes donn\u00e9es. <\/p>\n\n<p><strong>1. Organisme responsable au sens du r\u00e8glement g\u00e9n\u00e9ral sur la protection des donn\u00e9es (RGPD) :<\/strong><br\/>bee-pilot.io UG (\u00e0 responsabilit\u00e9 limit\u00e9e)<br\/>Untere Hauptstr. 41c<br\/>91336 Heroldsbach<br\/>E-mail : support@bee-pilot.com <\/p>\n\n<p><strong>2. Collecte et stockage des donn\u00e9es personnelles ainsi que type et finalit\u00e9 de leur utilisation :<\/strong><br\/>a) <strong>Lors de la visite du site web<\/strong><br\/>Si tu utilises notre site web \u00e0 titre purement informatif, c\u2019est-\u00e0-dire sans fournir d\u2019informations, nous ne collectons que les donn\u00e9es personnelles que ton navigateur transmet \u00e0 notre serveur. Il s\u2019agit des donn\u00e9es suivantes : <\/p>\n\n<ul class=\"wp-block-list\">\n<li>Adresse IP<\/li>\n\n\n\n<li>Date et heure de la requ\u00eate<\/li>\n\n\n\n<li>D\u00e9calage horaire par rapport \u00e0 l\u2019heure moyenne de Greenwich (GMT)<\/li>\n\n\n\n<li>Contenu de la requ\u00eate (page concr\u00e8te)<\/li>\n\n\n\n<li>Statut d\u2019acc\u00e8s\/code d\u2019\u00e9tat HTTP<\/li>\n\n\n\n<li>quantit\u00e9 de donn\u00e9es transf\u00e9r\u00e9e \u00e0 chaque fois<\/li>\n\n\n\n<li>Site web d\u2019o\u00f9 provient la requ\u00eate<\/li>\n\n\n\n<li>Navigateur<\/li>\n\n\n\n<li>Syst\u00e8me d\u2019exploitation et son interface<\/li>\n\n\n\n<li>Langue et version du logiciel de navigation<br\/>Ces donn\u00e9es sont temporairement stock\u00e9es dans des fichiers journaux, mais pas conjointement avec d\u2019autres donn\u00e9es personnelles.<\/li>\n<\/ul>\n\n<p>b) <strong>Lors de l\u2019utilisation de notre formulaire de contact ou lors de demandes par e-mail<\/strong><br\/>Si tu prends contact avec nous, par exemple via un formulaire de contact ou par e-mail, nous collectons les donn\u00e9es que tu as fournies, telles que le nom, l\u2019adresse e-mail et, le cas \u00e9ch\u00e9ant, le num\u00e9ro de t\u00e9l\u00e9phone, afin de traiter ta demande et d\u2019y r\u00e9pondre.<\/p>\n\n<p><strong>3. Base juridique du traitement :<\/strong><br\/>Le traitement de tes donn\u00e9es est effectu\u00e9 sur la base des bases juridiques suivantes :<\/p>\n\n<ul class=\"wp-block-list\">\n<li>Art. 6 al. 1 lit. a RGPD (consentement)  <\/li>\n\n\n\n<li>Art. 6 al. 1 lit. b RGPD (ex\u00e9cution d\u2019un contrat)  <\/li>\n\n\n\n<li>Art. 6 al. 1 lit. f RGPD (int\u00e9r\u00eat l\u00e9gitime)  <\/li>\n<\/ul>\n\n<p><strong>4. Transmission de donn\u00e9es \u00e0 des tiers :<\/strong><br\/>Nous ne transmettons tes donn\u00e9es que si cela est autoris\u00e9 par la loi ou si tu y as express\u00e9ment consenti. Une transmission \u00e0 des tiers \u00e0 des fins publicitaires n\u2019a pas lieu. <\/p>\n\n<p><strong>5. Cookies :<\/strong><br\/>Notre site web utilise des cookies, qui servent \u00e0 rendre l\u2019utilisation du site web plus confortable et efficace. Tu peux d\u00e9sactiver l\u2019utilisation de cookies \u00e0 tout moment dans les param\u00e8tres de ton navigateur. <\/p>\n\n<p><strong>6. Tes droits :<\/strong><br\/>Tu as le droit de demander des informations sur les donn\u00e9es personnelles que nous avons enregistr\u00e9es. Tu as \u00e9galement le droit de rectification, de suppression ou de limitation du traitement de tes donn\u00e9es, ainsi que le droit de t\u2019opposer au traitement. <\/p>\n\n<ul class=\"wp-block-list\">\n<li><strong>Droit d\u2019acc\u00e8s (art. 15 RGPD)<\/strong><\/li>\n\n\n\n<li><strong>Droit de rectification (art. 16 RGPD)<\/strong><\/li>\n\n\n\n<li><strong>Droit \u00e0 l\u2019effacement (art. 17 RGPD)<\/strong><\/li>\n\n\n\n<li><strong>Droit \u00e0 la limitation du traitement (art. 18 RGPD)<\/strong><\/li>\n\n\n\n<li><strong>Droit \u00e0 la portabilit\u00e9 des donn\u00e9es (art. 20 RGPD)<\/strong><\/li>\n\n\n\n<li><strong>Droit d\u2019opposition (art. 21 RGPD)<\/strong><\/li>\n<\/ul>\n\n<p><strong>7. Droit d\u2019introduire une r\u00e9clamation aupr\u00e8s de l\u2019autorit\u00e9 de contr\u00f4le :<\/strong><br\/>Si tu estimes que le traitement de tes donn\u00e9es personnelles enfreint le RGPD, tu as le droit de d\u00e9poser une plainte aupr\u00e8s de l\u2019autorit\u00e9 de contr\u00f4le comp\u00e9tente. L\u2019autorit\u00e9 de contr\u00f4le comp\u00e9tente en mati\u00e8re de protection des donn\u00e9es est le [Nom et contact de l\u2019autorit\u00e9 de protection des donn\u00e9es comp\u00e9tente, par exemple \u00ab Le d\u00e9l\u00e9gu\u00e9 \u00e0 la protection des donn\u00e9es et \u00e0 la libert\u00e9 d\u2019information du Land \u00bb en Bavi\u00e8re. <\/p>\n\n<p>Autres liens :<\/p>\n\n<ul class=\"wp-block-list\">\n<li><a data-type=\"page\" data-id=\"244\" href=\"https:\/\/www.bee-pilot.io\/fr\/conditions-dutilisation-cgv\/\">CGV\/Conditions d\u2019utilisation des applications bee-pilot.io<\/a><\/li>\n<\/ul>\n","protected":false},"excerpt":{"rendered":"<p>Informations conform\u00e9ment au \u00a7 5 de la TMG (loi allemande sur les t\u00e9l\u00e9m\u00e9dias) :bee-pilot.io UG (\u00e0 responsabilit\u00e9 limit\u00e9e)Untere Hauptstr. 41c91336 Heroldsbach Registre du commerce :HRB 12065Tribunal d\u2019instance de Bamberg Contact :E-mail : support@bee-pilot.ioSite web : www.bee-pilot.io G\u00e9rant :Martin Wiesm\u00fcller Num\u00e9ro d\u2019identification fiscale : 216\/122\/20279 Exclusion de responsabilit\u00e9 (Disclaimer) :Responsabilit\u00e9 pour les contenus :Les contenus de [&hellip;]<\/p>\n","protected":false},"author":1,"featured_media":0,"parent":0,"menu_order":0,"comment_status":"closed","ping_status":"closed","template":"","meta":{"footnotes":""},"class_list":["post-974","page","type-page","status-publish","hentry"],"yoast_head":"<!-- This site is optimized with the Yoast SEO Premium plugin v26.6 (Yoast SEO v26.6) - https:\/\/yoast.com\/wordpress\/plugins\/seo\/ -->\n<title>Mentions l\u00e9gales - bee-pilot.io<\/title>\n<meta name=\"robots\" content=\"index, follow, max-snippet:-1, max-image-preview:large, max-video-preview:-1\" \/>\n<link rel=\"canonical\" href=\"https:\/\/www.bee-pilot.io\/fr\/mentions-legales\/\" \/>\n<meta property=\"og:locale\" content=\"fr_FR\" \/>\n<meta property=\"og:type\" content=\"article\" \/>\n<meta property=\"og:title\" content=\"Mentions l\u00e9gales\" \/>\n<meta property=\"og:description\" content=\"Informations conform\u00e9ment au \u00a7 5 de la TMG (loi allemande sur les t\u00e9l\u00e9m\u00e9dias) :bee-pilot.io UG (\u00e0 responsabilit\u00e9 limit\u00e9e)Untere Hauptstr. 41c91336 Heroldsbach Registre du commerce :HRB 12065Tribunal d\u2019instance de Bamberg Contact :E-mail : support@bee-pilot.ioSite web : www.bee-pilot.io G\u00e9rant :Martin Wiesm\u00fcller Num\u00e9ro d\u2019identification fiscale : 216\/122\/20279 Exclusion de responsabilit\u00e9 (Disclaimer) :Responsabilit\u00e9 pour les contenus :Les contenus de [&hellip;]\" \/>\n<meta property=\"og:url\" content=\"https:\/\/www.bee-pilot.io\/fr\/mentions-legales\/\" \/>\n<meta property=\"og:site_name\" content=\"bee-pilot.io\" \/>\n<meta property=\"article:modified_time\" content=\"2025-12-26T08:55:13+00:00\" \/>\n<meta property=\"og:image\" content=\"https:\/\/www.bee-pilot.io\/wp-content\/uploads\/2025\/02\/applogo-1.png\" \/>\n\t<meta property=\"og:image:width\" content=\"1057\" \/>\n\t<meta property=\"og:image:height\" content=\"746\" \/>\n\t<meta property=\"og:image:type\" content=\"image\/png\" \/>\n<meta name=\"twitter:card\" content=\"summary_large_image\" \/>\n<meta name=\"twitter:label1\" content=\"Dur\u00e9e de lecture estim\u00e9e\" \/>\n\t<meta name=\"twitter:data1\" content=\"4 minutes\" \/>\n<script type=\"application\/ld+json\" class=\"yoast-schema-graph\">{\"@context\":\"https:\/\/schema.org\",\"@graph\":[{\"@type\":\"WebPage\",\"@id\":\"https:\/\/www.bee-pilot.io\/fr\/mentions-legales\/\",\"url\":\"https:\/\/www.bee-pilot.io\/fr\/mentions-legales\/\",\"name\":\"Mentions l\u00e9gales - bee-pilot.io\",\"isPartOf\":{\"@id\":\"https:\/\/www.bee-pilot.io\/fr\/#website\"},\"datePublished\":\"2024-12-31T08:29:08+00:00\",\"dateModified\":\"2025-12-26T08:55:13+00:00\",\"breadcrumb\":{\"@id\":\"https:\/\/www.bee-pilot.io\/fr\/mentions-legales\/#breadcrumb\"},\"inLanguage\":\"fr-FR\",\"potentialAction\":[{\"@type\":\"ReadAction\",\"target\":[\"https:\/\/www.bee-pilot.io\/fr\/mentions-legales\/\"]}]},{\"@type\":\"BreadcrumbList\",\"@id\":\"https:\/\/www.bee-pilot.io\/fr\/mentions-legales\/#breadcrumb\",\"itemListElement\":[{\"@type\":\"ListItem\",\"position\":1,\"name\":\"Startseite\",\"item\":\"https:\/\/www.bee-pilot.io\/fr\/\"},{\"@type\":\"ListItem\",\"position\":2,\"name\":\"Mentions l\u00e9gales\"}]},{\"@type\":\"WebSite\",\"@id\":\"https:\/\/www.bee-pilot.io\/fr\/#website\",\"url\":\"https:\/\/www.bee-pilot.io\/fr\/\",\"name\":\"bee-pilot.io\",\"description\":\"Bee-Pilot: KI-gest\u00fctzte Software f\u00fcr Imker \u2013 Digitale Stockkarte, Wetter &amp; Checklisten\",\"publisher\":{\"@id\":\"https:\/\/www.bee-pilot.io\/fr\/#organization\"},\"potentialAction\":[{\"@type\":\"SearchAction\",\"target\":{\"@type\":\"EntryPoint\",\"urlTemplate\":\"https:\/\/www.bee-pilot.io\/fr\/?s={search_term_string}\"},\"query-input\":{\"@type\":\"PropertyValueSpecification\",\"valueRequired\":true,\"valueName\":\"search_term_string\"}}],\"inLanguage\":\"fr-FR\"},{\"@type\":\"Organization\",\"@id\":\"https:\/\/www.bee-pilot.io\/fr\/#organization\",\"name\":\"bee-pilot.io UG (haftungsbeschr\u00e4nkt)\",\"url\":\"https:\/\/www.bee-pilot.io\/fr\/\",\"logo\":{\"@type\":\"ImageObject\",\"inLanguage\":\"fr-FR\",\"@id\":\"https:\/\/www.bee-pilot.io\/fr\/#\/schema\/logo\/image\/\",\"url\":\"https:\/\/www.bee-pilot.io\/wp-content\/uploads\/2024\/10\/cropped-bee-pilot-logo.png\",\"contentUrl\":\"https:\/\/www.bee-pilot.io\/wp-content\/uploads\/2024\/10\/cropped-bee-pilot-logo.png\",\"width\":291,\"height\":85,\"caption\":\"bee-pilot.io UG (haftungsbeschr\u00e4nkt)\"},\"image\":{\"@id\":\"https:\/\/www.bee-pilot.io\/fr\/#\/schema\/logo\/image\/\"}}]}<\/script>\n<!-- \/ Yoast SEO Premium plugin. -->","yoast_head_json":{"title":"Mentions l\u00e9gales - bee-pilot.io","robots":{"index":"index","follow":"follow","max-snippet":"max-snippet:-1","max-image-preview":"max-image-preview:large","max-video-preview":"max-video-preview:-1"},"canonical":"https:\/\/www.bee-pilot.io\/fr\/mentions-legales\/","og_locale":"fr_FR","og_type":"article","og_title":"Mentions l\u00e9gales","og_description":"Informations conform\u00e9ment au \u00a7 5 de la TMG (loi allemande sur les t\u00e9l\u00e9m\u00e9dias) :bee-pilot.io UG (\u00e0 responsabilit\u00e9 limit\u00e9e)Untere Hauptstr. 41c91336 Heroldsbach Registre du commerce :HRB 12065Tribunal d\u2019instance de Bamberg Contact :E-mail : support@bee-pilot.ioSite web : www.bee-pilot.io G\u00e9rant :Martin Wiesm\u00fcller Num\u00e9ro d\u2019identification fiscale : 216\/122\/20279 Exclusion de responsabilit\u00e9 (Disclaimer) :Responsabilit\u00e9 pour les contenus :Les contenus de [&hellip;]","og_url":"https:\/\/www.bee-pilot.io\/fr\/mentions-legales\/","og_site_name":"bee-pilot.io","article_modified_time":"2025-12-26T08:55:13+00:00","og_image":[{"width":1057,"height":746,"url":"https:\/\/www.bee-pilot.io\/wp-content\/uploads\/2025\/02\/applogo-1.png","type":"image\/png"}],"twitter_card":"summary_large_image","twitter_misc":{"Dur\u00e9e de lecture estim\u00e9e":"4 minutes"},"schema":{"@context":"https:\/\/schema.org","@graph":[{"@type":"WebPage","@id":"https:\/\/www.bee-pilot.io\/fr\/mentions-legales\/","url":"https:\/\/www.bee-pilot.io\/fr\/mentions-legales\/","name":"Mentions l\u00e9gales - bee-pilot.io","isPartOf":{"@id":"https:\/\/www.bee-pilot.io\/fr\/#website"},"datePublished":"2024-12-31T08:29:08+00:00","dateModified":"2025-12-26T08:55:13+00:00","breadcrumb":{"@id":"https:\/\/www.bee-pilot.io\/fr\/mentions-legales\/#breadcrumb"},"inLanguage":"fr-FR","potentialAction":[{"@type":"ReadAction","target":["https:\/\/www.bee-pilot.io\/fr\/mentions-legales\/"]}]},{"@type":"BreadcrumbList","@id":"https:\/\/www.bee-pilot.io\/fr\/mentions-legales\/#breadcrumb","itemListElement":[{"@type":"ListItem","position":1,"name":"Startseite","item":"https:\/\/www.bee-pilot.io\/fr\/"},{"@type":"ListItem","position":2,"name":"Mentions l\u00e9gales"}]},{"@type":"WebSite","@id":"https:\/\/www.bee-pilot.io\/fr\/#website","url":"https:\/\/www.bee-pilot.io\/fr\/","name":"bee-pilot.io","description":"Bee-Pilot: KI-gest\u00fctzte Software f\u00fcr Imker \u2013 Digitale Stockkarte, Wetter &amp; Checklisten","publisher":{"@id":"https:\/\/www.bee-pilot.io\/fr\/#organization"},"potentialAction":[{"@type":"SearchAction","target":{"@type":"EntryPoint","urlTemplate":"https:\/\/www.bee-pilot.io\/fr\/?s={search_term_string}"},"query-input":{"@type":"PropertyValueSpecification","valueRequired":true,"valueName":"search_term_string"}}],"inLanguage":"fr-FR"},{"@type":"Organization","@id":"https:\/\/www.bee-pilot.io\/fr\/#organization","name":"bee-pilot.io UG (haftungsbeschr\u00e4nkt)","url":"https:\/\/www.bee-pilot.io\/fr\/","logo":{"@type":"ImageObject","inLanguage":"fr-FR","@id":"https:\/\/www.bee-pilot.io\/fr\/#\/schema\/logo\/image\/","url":"https:\/\/www.bee-pilot.io\/wp-content\/uploads\/2024\/10\/cropped-bee-pilot-logo.png","contentUrl":"https:\/\/www.bee-pilot.io\/wp-content\/uploads\/2024\/10\/cropped-bee-pilot-logo.png","width":291,"height":85,"caption":"bee-pilot.io UG (haftungsbeschr\u00e4nkt)"},"image":{"@id":"https:\/\/www.bee-pilot.io\/fr\/#\/schema\/logo\/image\/"}}]}},"_links":{"self":[{"href":"https:\/\/www.bee-pilot.io\/fr\/wp-json\/wp\/v2\/pages\/974","targetHints":{"allow":["GET"]}}],"collection":[{"href":"https:\/\/www.bee-pilot.io\/fr\/wp-json\/wp\/v2\/pages"}],"about":[{"href":"https:\/\/www.bee-pilot.io\/fr\/wp-json\/wp\/v2\/types\/page"}],"author":[{"embeddable":true,"href":"https:\/\/www.bee-pilot.io\/fr\/wp-json\/wp\/v2\/users\/1"}],"replies":[{"embeddable":true,"href":"https:\/\/www.bee-pilot.io\/fr\/wp-json\/wp\/v2\/comments?post=974"}],"version-history":[{"count":1,"href":"https:\/\/www.bee-pilot.io\/fr\/wp-json\/wp\/v2\/pages\/974\/revisions"}],"predecessor-version":[{"id":978,"href":"https:\/\/www.bee-pilot.io\/fr\/wp-json\/wp\/v2\/pages\/974\/revisions\/978"}],"wp:attachment":[{"href":"https:\/\/www.bee-pilot.io\/fr\/wp-json\/wp\/v2\/media?parent=974"}],"curies":[{"name":"wp","href":"https:\/\/api.w.org\/{rel}","templated":true}]}}