{"id":2003,"date":"2025-12-27T18:34:20","date_gmt":"2025-12-27T18:34:20","guid":{"rendered":"https:\/\/www.bee-pilot.io\/gestione-precisa-delle-attivita\/"},"modified":"2026-03-18T06:31:09","modified_gmt":"2026-03-18T06:31:09","slug":"gestione-precisa-delle-attivita","status":"publish","type":"page","link":"https:\/\/www.bee-pilot.io\/it\/gestione-precisa-delle-attivita\/","title":{"rendered":"Gestione precisa delle attivit\u00e0"},"content":{"rendered":"<p><!-- HERO --><\/p>\n\n<div class=\"wp-block-cover alignfull\" style=\"min-height:340px;aspect-ratio:unset;\"><span aria-hidden=\"true\" class=\"wp-block-cover__background has-background-dim-100 has-background-dim\" style=\"background-color:#0f1115\"><\/span><div class=\"wp-block-cover__inner-container is-layout-flow wp-block-cover-is-layout-flow\">\n<div class=\"wp-block-group\"><div class=\"wp-block-group__inner-container is-layout-constrained wp-container-core-group-is-layout-7a8ecd1d wp-block-group-is-layout-constrained\">\n<p><strong>Gestione delle attivit\u00e0<\/strong><\/p>\n\n\n\n<h2 class=\"wp-block-heading\" id=\"h-alles-was-ansteht-strukturiert-geplant-und-zuverlassig-erinnert\">Tutto ci\u00f2 che \u00e8 in sospeso \u2013 pianificato in modo strutturato e ricordato in modo affidabile.<\/h2>\n\n\n\n<p>Con <strong>bee-pilot.io<\/strong> tieni sotto controllo tutti i lavori in sospeso \u2013 sia per la singola colonia, per l&#8217;intero apiario o indipendentemente dall&#8217;apiario e dalla colonia. La gestione delle attivit\u00e0 assicura che nulla venga dimenticato e che ogni misura sia pianificata in modo tracciabile. <\/p>\n\n\n\n<div class=\"wp-block-buttons is-content-justification-center is-layout-flex wp-container-core-buttons-is-layout-16018d1d wp-block-buttons-is-layout-flex\">\n<div class=\"wp-block-button\"><a class=\"wp-block-button__link has-luminous-vivid-amber-background-color has-background wp-element-button\" href=\"https:\/\/app.bee-pilot.io\/registration\">Prova ora gratuitamente<\/a><\/div>\n<\/div>\n<\/div><\/div>\n<\/div><\/div>\n<p><!-- CONTENT --><\/p>\n\n<div class=\"wp-block-group\"><div class=\"wp-block-group__inner-container is-layout-constrained wp-container-core-group-is-layout-7a8ecd1d wp-block-group-is-layout-constrained\">\n<div style=\"height:34px\" aria-hidden=\"true\" class=\"wp-block-spacer\"><\/div>\n\n\n\n<div class=\"wp-block-columns is-layout-flex wp-container-core-columns-is-layout-9d6595d7 wp-block-columns-is-layout-flex\">\n<div class=\"wp-block-column is-vertically-aligned-center is-layout-flow wp-block-column-is-layout-flow\">\n<h4 class=\"wp-block-heading\" id=\"h-aufgaben-direkt-am-volk-planen\">Pianifica le attivit\u00e0 direttamente per la colonia<\/h4>\n\n\n\n<p>Crea <strong>attivit\u00e0 specifiche per singole colonie<\/strong>. Che si tratti di controllo, trattamento o lavoro di follow-up: ogni attivit\u00e0 \u00e8 chiaramente assegnata alla colonia interessata e rimane documentata dove deve essere. <\/p>\n\n\n\n<h4 class=\"wp-block-heading\" id=\"h-aufgaben-auf-ebene-des-bienenstands\">Attivit\u00e0 a livello di apiario<\/h4>\n\n\n\n<p>Anche i lavori relativi all&#8217;apiario possono essere registrati direttamente nell&#8217;<strong>apiario<\/strong>. In questo modo mantieni una visione d&#8217;insieme delle attivit\u00e0 che riguardano pi\u00f9 colonie \u2013 chiaramente strutturate e gestite centralmente. <\/p>\n<\/div>\n\n\n\n<div class=\"wp-block-column is-vertically-aligned-center is-layout-flow wp-block-column-is-layout-flow\"><div class=\"wp-block-image\">\n<figure class=\"aligncenter size-large\"><img loading=\"lazy\" decoding=\"async\" width=\"1024\" height=\"951\" src=\"https:\/\/www.bee-pilot.io\/wp-content\/uploads\/2025\/12\/aufgaben1-1024x951.png\" alt=\"Panoramica delle attivit&#xE0; in bee-pilot.io\" class=\"wp-image-1380\" srcset=\"https:\/\/www.bee-pilot.io\/wp-content\/uploads\/2025\/12\/aufgaben1-1024x951.png 1024w, https:\/\/www.bee-pilot.io\/wp-content\/uploads\/2025\/12\/aufgaben1-300x279.png 300w, https:\/\/www.bee-pilot.io\/wp-content\/uploads\/2025\/12\/aufgaben1-768x714.png 768w, https:\/\/www.bee-pilot.io\/wp-content\/uploads\/2025\/12\/aufgaben1.png 1410w\" sizes=\"auto, (max-width: 1024px) 100vw, 1024px\" \/><\/figure>\n<\/div><\/div>\n<\/div>\n\n\n\n<div style=\"height:28px\" aria-hidden=\"true\" class=\"wp-block-spacer\"><\/div>\n\n\n\n<div class=\"wp-block-columns is-layout-flex wp-container-core-columns-is-layout-9d6595d7 wp-block-columns-is-layout-flex\">\n<div class=\"wp-block-column is-vertically-aligned-center is-layout-flow wp-block-column-is-layout-flow\"><div class=\"wp-block-image\">\n<figure class=\"aligncenter size-large\"><img loading=\"lazy\" decoding=\"async\" width=\"1024\" height=\"642\" src=\"https:\/\/www.bee-pilot.io\/wp-content\/uploads\/2025\/12\/aufgaben2-1024x642.png\" alt=\"Vista dettagliata delle attivit&#xE0; in bee-pilot.io\" class=\"wp-image-1381\" srcset=\"https:\/\/www.bee-pilot.io\/wp-content\/uploads\/2025\/12\/aufgaben2-1024x642.png 1024w, https:\/\/www.bee-pilot.io\/wp-content\/uploads\/2025\/12\/aufgaben2-300x188.png 300w, https:\/\/www.bee-pilot.io\/wp-content\/uploads\/2025\/12\/aufgaben2-768x481.png 768w, https:\/\/www.bee-pilot.io\/wp-content\/uploads\/2025\/12\/aufgaben2-1536x963.png 1536w, https:\/\/www.bee-pilot.io\/wp-content\/uploads\/2025\/12\/aufgaben2-2048x1283.png 2048w\" sizes=\"auto, (max-width: 1024px) 100vw, 1024px\" \/><\/figure>\n<\/div><\/div>\n\n\n\n<div class=\"wp-block-column is-vertically-aligned-center is-layout-flow wp-block-column-is-layout-flow\">\n<h4 class=\"wp-block-heading\" id=\"h-aufgaben-ohne-festen-kontext-erfassen\">Registra attivit\u00e0 senza un contesto fisso<\/h4>\n\n\n\n<p>Non tutte le attivit\u00e0 appartengono immediatamente a una specifica colonia o apiario. Con bee-pilot.io puoi creare <strong>attivit\u00e0 anche indipendentemente dal contesto<\/strong> \u2013 ideale per to-do generali, pianificazioni o lavori preparatori. <\/p>\n\n\n\n<h4 class=\"wp-block-heading\" id=\"h-erinnerungen-mit-alarmdatum\">Promemoria con data di allarme<\/h4>\n\n\n\n<p>Affinch\u00e9 nessuna attivit\u00e0 venga dimenticata, \u00e8 possibile impostare una <strong>data di allarme<\/strong> per le attivit\u00e0. In questo modo riceverai un promemoria in tempo utile e potrai svolgere i lavori esattamente al momento giusto. <\/p>\n<\/div>\n<\/div>\n\n\n\n<div style=\"height:28px\" aria-hidden=\"true\" class=\"wp-block-spacer\"><\/div>\n\n\n\n<p class=\"has-text-align-center\"><strong>La gestione delle attivit\u00e0 di bee-pilot.io porta struttura nella tua routine di apicoltore:<\/strong> pianificata in modo chiaro, assegnata in modo univoco e ricordata in modo affidabile \u2013 cos\u00ec puoi concentrarti sull&#8217;essenziale.<\/p>\n\n\n\n<div style=\"height:20px\" aria-hidden=\"true\" class=\"wp-block-spacer\"><\/div>\n<\/div><\/div>\n<p><!-- CTA --><\/p>\n\n<div class=\"wp-block-cover alignfull\" style=\"min-height:220px;aspect-ratio:unset;\"><span aria-hidden=\"true\" class=\"wp-block-cover__background has-background-dim-100 has-background-dim\" style=\"background-color:#0f1115\"><\/span><div class=\"wp-block-cover__inner-container is-layout-flow wp-block-cover-is-layout-flow\">\n<div class=\"wp-block-group\"><div class=\"wp-block-group__inner-container is-layout-constrained wp-container-core-group-is-layout-7a8ecd1d wp-block-group-is-layout-constrained\">\n<h3 class=\"wp-block-heading has-text-align-center\" id=\"h-nichts-mehr-vergessen-aufgaben-dort-verwalten-wo-sie-entstehen\">Non dimenticare pi\u00f9 nulla \u2013 gestisci le attivit\u00e0 dove nascono<\/h3>\n\n\n\n<p class=\"has-text-align-center\">Prova bee-pilot.io gratuitamente e tieni sotto controllo tutti i lavori nell&#8217;apiario e nella colonia \u2013 inclusi i promemoria.<\/p>\n\n\n\n<div class=\"wp-block-buttons is-content-justification-center is-layout-flex wp-container-core-buttons-is-layout-16018d1d wp-block-buttons-is-layout-flex\">\n<div class=\"wp-block-button\"><a class=\"wp-block-button__link has-luminous-vivid-amber-background-color has-background wp-element-button\" href=\"https:\/\/app.bee-pilot.io\/registration\">Prova ora gratuitamente<\/a><\/div>\n<\/div>\n<\/div><\/div>\n<\/div><\/div>\n","protected":false},"excerpt":{"rendered":"<p>Pianifica le attivit\u00e0 direttamente per la colonia Crea attivit\u00e0 specifiche per singole colonie. Che si tratti di controllo, trattamento o lavoro di follow-up: ogni attivit\u00e0 \u00e8 chiaramente assegnata alla colonia interessata e rimane documentata dove deve essere. Attivit\u00e0 a livello di apiario Anche i lavori relativi all&#8217;apiario possono essere registrati direttamente nell&#8217;apiario. In questo modo [&hellip;]<\/p>\n","protected":false},"author":1,"featured_media":2006,"parent":0,"menu_order":0,"comment_status":"closed","ping_status":"closed","template":"","meta":{"footnotes":""},"class_list":["post-2003","page","type-page","status-publish","has-post-thumbnail","hentry"],"yoast_head":"<!-- This site is optimized with the Yoast SEO Premium plugin v26.6 (Yoast SEO v26.6) - https:\/\/yoast.com\/wordpress\/plugins\/seo\/ -->\n<title>Sfrutta al meglio la gestione delle attivit\u00e0 con bee-pilot.io - bee-pilot.io<\/title>\n<meta name=\"description\" content=\"Con la gestione delle attivit\u00e0 di bee-pilot.io tieni sotto controllo tutti i lavori e pianifichi in modo efficiente per le tue colonie di api.\" \/>\n<meta name=\"robots\" content=\"index, follow, max-snippet:-1, max-image-preview:large, max-video-preview:-1\" \/>\n<link rel=\"canonical\" href=\"https:\/\/www.bee-pilot.io\/it\/gestione-precisa-delle-attivita\/\" \/>\n<meta property=\"og:locale\" content=\"it_IT\" \/>\n<meta property=\"og:type\" content=\"article\" \/>\n<meta property=\"og:title\" content=\"Gestione precisa delle attivit\u00e0\" \/>\n<meta property=\"og:description\" content=\"Con la gestione delle attivit\u00e0 di bee-pilot.io tieni sotto controllo tutti i lavori e pianifichi in modo efficiente per le tue colonie di api.\" \/>\n<meta property=\"og:url\" content=\"https:\/\/www.bee-pilot.io\/it\/gestione-precisa-delle-attivita\/\" \/>\n<meta property=\"og:site_name\" content=\"bee-pilot.io\" \/>\n<meta property=\"article:modified_time\" content=\"2026-03-18T06:31:09+00:00\" \/>\n<meta property=\"og:image\" content=\"https:\/\/www.bee-pilot.io\/wp-content\/uploads\/2025\/12\/aufgaben-banner.png\" \/>\n\t<meta property=\"og:image:width\" content=\"1536\" \/>\n\t<meta property=\"og:image:height\" content=\"1024\" \/>\n\t<meta property=\"og:image:type\" content=\"image\/png\" \/>\n<meta name=\"twitter:card\" content=\"summary_large_image\" \/>\n<meta name=\"twitter:label1\" content=\"Tempo di lettura stimato\" \/>\n\t<meta name=\"twitter:data1\" content=\"1 minuto\" \/>\n<script type=\"application\/ld+json\" class=\"yoast-schema-graph\">{\"@context\":\"https:\/\/schema.org\",\"@graph\":[{\"@type\":\"WebPage\",\"@id\":\"https:\/\/www.bee-pilot.io\/it\/gestione-precisa-delle-attivita\/\",\"url\":\"https:\/\/www.bee-pilot.io\/it\/gestione-precisa-delle-attivita\/\",\"name\":\"Sfrutta al meglio la gestione delle attivit\u00e0 con bee-pilot.io - bee-pilot.io\",\"isPartOf\":{\"@id\":\"https:\/\/www.bee-pilot.io\/it\/#website\"},\"primaryImageOfPage\":{\"@id\":\"https:\/\/www.bee-pilot.io\/it\/gestione-precisa-delle-attivita\/#primaryimage\"},\"image\":{\"@id\":\"https:\/\/www.bee-pilot.io\/it\/gestione-precisa-delle-attivita\/#primaryimage\"},\"thumbnailUrl\":\"https:\/\/www.bee-pilot.io\/wp-content\/uploads\/2025\/12\/aufgaben-banner.png\",\"datePublished\":\"2025-12-27T18:34:20+00:00\",\"dateModified\":\"2026-03-18T06:31:09+00:00\",\"description\":\"Con la gestione delle attivit\u00e0 di bee-pilot.io tieni sotto controllo tutti i lavori e pianifichi in modo efficiente per le tue colonie di api.\",\"breadcrumb\":{\"@id\":\"https:\/\/www.bee-pilot.io\/it\/gestione-precisa-delle-attivita\/#breadcrumb\"},\"inLanguage\":\"it-IT\",\"potentialAction\":[{\"@type\":\"ReadAction\",\"target\":[\"https:\/\/www.bee-pilot.io\/it\/gestione-precisa-delle-attivita\/\"]}]},{\"@type\":\"ImageObject\",\"inLanguage\":\"it-IT\",\"@id\":\"https:\/\/www.bee-pilot.io\/it\/gestione-precisa-delle-attivita\/#primaryimage\",\"url\":\"https:\/\/www.bee-pilot.io\/wp-content\/uploads\/2025\/12\/aufgaben-banner.png\",\"contentUrl\":\"https:\/\/www.bee-pilot.io\/wp-content\/uploads\/2025\/12\/aufgaben-banner.png\",\"width\":1536,\"height\":1024,\"caption\":\"Banner per la gestione delle attivit\u00e0\"},{\"@type\":\"BreadcrumbList\",\"@id\":\"https:\/\/www.bee-pilot.io\/it\/gestione-precisa-delle-attivita\/#breadcrumb\",\"itemListElement\":[{\"@type\":\"ListItem\",\"position\":1,\"name\":\"Startseite\",\"item\":\"https:\/\/www.bee-pilot.io\/it\/\"},{\"@type\":\"ListItem\",\"position\":2,\"name\":\"Gestione precisa delle attivit\u00e0\"}]},{\"@type\":\"WebSite\",\"@id\":\"https:\/\/www.bee-pilot.io\/it\/#website\",\"url\":\"https:\/\/www.bee-pilot.io\/it\/\",\"name\":\"bee-pilot.io\",\"description\":\"Bee-Pilot: KI-gest\u00fctzte Software f\u00fcr Imker \u2013 Digitale Stockkarte, Wetter &amp; Checklisten\",\"publisher\":{\"@id\":\"https:\/\/www.bee-pilot.io\/it\/#organization\"},\"potentialAction\":[{\"@type\":\"SearchAction\",\"target\":{\"@type\":\"EntryPoint\",\"urlTemplate\":\"https:\/\/www.bee-pilot.io\/it\/?s={search_term_string}\"},\"query-input\":{\"@type\":\"PropertyValueSpecification\",\"valueRequired\":true,\"valueName\":\"search_term_string\"}}],\"inLanguage\":\"it-IT\"},{\"@type\":\"Organization\",\"@id\":\"https:\/\/www.bee-pilot.io\/it\/#organization\",\"name\":\"bee-pilot.io UG (haftungsbeschr\u00e4nkt)\",\"url\":\"https:\/\/www.bee-pilot.io\/it\/\",\"logo\":{\"@type\":\"ImageObject\",\"inLanguage\":\"it-IT\",\"@id\":\"https:\/\/www.bee-pilot.io\/it\/#\/schema\/logo\/image\/\",\"url\":\"https:\/\/www.bee-pilot.io\/wp-content\/uploads\/2024\/10\/cropped-bee-pilot-logo.png\",\"contentUrl\":\"https:\/\/www.bee-pilot.io\/wp-content\/uploads\/2024\/10\/cropped-bee-pilot-logo.png\",\"width\":291,\"height\":85,\"caption\":\"bee-pilot.io UG (haftungsbeschr\u00e4nkt)\"},\"image\":{\"@id\":\"https:\/\/www.bee-pilot.io\/it\/#\/schema\/logo\/image\/\"}}]}<\/script>\n<!-- \/ Yoast SEO Premium plugin. -->","yoast_head_json":{"title":"Sfrutta al meglio la gestione delle attivit\u00e0 con bee-pilot.io - bee-pilot.io","description":"Con la gestione delle attivit\u00e0 di bee-pilot.io tieni sotto controllo tutti i lavori e pianifichi in modo efficiente per le tue colonie di api.","robots":{"index":"index","follow":"follow","max-snippet":"max-snippet:-1","max-image-preview":"max-image-preview:large","max-video-preview":"max-video-preview:-1"},"canonical":"https:\/\/www.bee-pilot.io\/it\/gestione-precisa-delle-attivita\/","og_locale":"it_IT","og_type":"article","og_title":"Gestione precisa delle attivit\u00e0","og_description":"Con la gestione delle attivit\u00e0 di bee-pilot.io tieni sotto controllo tutti i lavori e pianifichi in modo efficiente per le tue colonie di api.","og_url":"https:\/\/www.bee-pilot.io\/it\/gestione-precisa-delle-attivita\/","og_site_name":"bee-pilot.io","article_modified_time":"2026-03-18T06:31:09+00:00","og_image":[{"width":1536,"height":1024,"url":"https:\/\/www.bee-pilot.io\/wp-content\/uploads\/2025\/12\/aufgaben-banner.png","type":"image\/png"}],"twitter_card":"summary_large_image","twitter_misc":{"Tempo di lettura stimato":"1 minuto"},"schema":{"@context":"https:\/\/schema.org","@graph":[{"@type":"WebPage","@id":"https:\/\/www.bee-pilot.io\/it\/gestione-precisa-delle-attivita\/","url":"https:\/\/www.bee-pilot.io\/it\/gestione-precisa-delle-attivita\/","name":"Sfrutta al meglio la gestione delle attivit\u00e0 con bee-pilot.io - bee-pilot.io","isPartOf":{"@id":"https:\/\/www.bee-pilot.io\/it\/#website"},"primaryImageOfPage":{"@id":"https:\/\/www.bee-pilot.io\/it\/gestione-precisa-delle-attivita\/#primaryimage"},"image":{"@id":"https:\/\/www.bee-pilot.io\/it\/gestione-precisa-delle-attivita\/#primaryimage"},"thumbnailUrl":"https:\/\/www.bee-pilot.io\/wp-content\/uploads\/2025\/12\/aufgaben-banner.png","datePublished":"2025-12-27T18:34:20+00:00","dateModified":"2026-03-18T06:31:09+00:00","description":"Con la gestione delle attivit\u00e0 di bee-pilot.io tieni sotto controllo tutti i lavori e pianifichi in modo efficiente per le tue colonie di api.","breadcrumb":{"@id":"https:\/\/www.bee-pilot.io\/it\/gestione-precisa-delle-attivita\/#breadcrumb"},"inLanguage":"it-IT","potentialAction":[{"@type":"ReadAction","target":["https:\/\/www.bee-pilot.io\/it\/gestione-precisa-delle-attivita\/"]}]},{"@type":"ImageObject","inLanguage":"it-IT","@id":"https:\/\/www.bee-pilot.io\/it\/gestione-precisa-delle-attivita\/#primaryimage","url":"https:\/\/www.bee-pilot.io\/wp-content\/uploads\/2025\/12\/aufgaben-banner.png","contentUrl":"https:\/\/www.bee-pilot.io\/wp-content\/uploads\/2025\/12\/aufgaben-banner.png","width":1536,"height":1024,"caption":"Banner per la gestione delle attivit\u00e0"},{"@type":"BreadcrumbList","@id":"https:\/\/www.bee-pilot.io\/it\/gestione-precisa-delle-attivita\/#breadcrumb","itemListElement":[{"@type":"ListItem","position":1,"name":"Startseite","item":"https:\/\/www.bee-pilot.io\/it\/"},{"@type":"ListItem","position":2,"name":"Gestione precisa delle attivit\u00e0"}]},{"@type":"WebSite","@id":"https:\/\/www.bee-pilot.io\/it\/#website","url":"https:\/\/www.bee-pilot.io\/it\/","name":"bee-pilot.io","description":"Bee-Pilot: KI-gest\u00fctzte Software f\u00fcr Imker \u2013 Digitale Stockkarte, Wetter &amp; Checklisten","publisher":{"@id":"https:\/\/www.bee-pilot.io\/it\/#organization"},"potentialAction":[{"@type":"SearchAction","target":{"@type":"EntryPoint","urlTemplate":"https:\/\/www.bee-pilot.io\/it\/?s={search_term_string}"},"query-input":{"@type":"PropertyValueSpecification","valueRequired":true,"valueName":"search_term_string"}}],"inLanguage":"it-IT"},{"@type":"Organization","@id":"https:\/\/www.bee-pilot.io\/it\/#organization","name":"bee-pilot.io UG (haftungsbeschr\u00e4nkt)","url":"https:\/\/www.bee-pilot.io\/it\/","logo":{"@type":"ImageObject","inLanguage":"it-IT","@id":"https:\/\/www.bee-pilot.io\/it\/#\/schema\/logo\/image\/","url":"https:\/\/www.bee-pilot.io\/wp-content\/uploads\/2024\/10\/cropped-bee-pilot-logo.png","contentUrl":"https:\/\/www.bee-pilot.io\/wp-content\/uploads\/2024\/10\/cropped-bee-pilot-logo.png","width":291,"height":85,"caption":"bee-pilot.io UG (haftungsbeschr\u00e4nkt)"},"image":{"@id":"https:\/\/www.bee-pilot.io\/it\/#\/schema\/logo\/image\/"}}]}},"_links":{"self":[{"href":"https:\/\/www.bee-pilot.io\/it\/wp-json\/wp\/v2\/pages\/2003","targetHints":{"allow":["GET"]}}],"collection":[{"href":"https:\/\/www.bee-pilot.io\/it\/wp-json\/wp\/v2\/pages"}],"about":[{"href":"https:\/\/www.bee-pilot.io\/it\/wp-json\/wp\/v2\/types\/page"}],"author":[{"embeddable":true,"href":"https:\/\/www.bee-pilot.io\/it\/wp-json\/wp\/v2\/users\/1"}],"replies":[{"embeddable":true,"href":"https:\/\/www.bee-pilot.io\/it\/wp-json\/wp\/v2\/comments?post=2003"}],"version-history":[{"count":1,"href":"https:\/\/www.bee-pilot.io\/it\/wp-json\/wp\/v2\/pages\/2003\/revisions"}],"predecessor-version":[{"id":2007,"href":"https:\/\/www.bee-pilot.io\/it\/wp-json\/wp\/v2\/pages\/2003\/revisions\/2007"}],"wp:featuredmedia":[{"embeddable":true,"href":"https:\/\/www.bee-pilot.io\/it\/wp-json\/wp\/v2\/media\/2006"}],"wp:attachment":[{"href":"https:\/\/www.bee-pilot.io\/it\/wp-json\/wp\/v2\/media?parent=2003"}],"curies":[{"name":"wp","href":"https:\/\/api.w.org\/{rel}","templated":true}]}}