{"id":2012,"date":"2025-12-27T08:51:24","date_gmt":"2025-12-27T08:51:24","guid":{"rendered":"https:\/\/www.bee-pilot.io\/il-tuo-apiario-completo-sempre-sotto-controllo\/"},"modified":"2026-03-18T06:31:44","modified_gmt":"2026-03-18T06:31:44","slug":"il-tuo-apiario-completo-sempre-sotto-controllo","status":"publish","type":"page","link":"https:\/\/www.bee-pilot.io\/it\/il-tuo-apiario-completo-sempre-sotto-controllo\/","title":{"rendered":"Il tuo apiario completo sempre sotto controllo"},"content":{"rendered":"\n<div class=\"wp-block-group bp-hero\"><div class=\"wp-block-group__inner-container is-layout-constrained wp-container-core-group-is-layout-7a8ecd1d wp-block-group-is-layout-constrained\">\n<div class=\"wp-block-group bp-hero__inner\"><div class=\"wp-block-group__inner-container is-layout-constrained wp-block-group-is-layout-constrained\">\n<p><\/p>\n\n\n\n<h2 class=\"wp-block-heading bp-hero__title\" id=\"h-alles-im-blick-bevor-du-am-stand-ankommst\">Tutto sotto controllo, prima ancora di arrivare all\u2019apiario.<\/h2>\n\n\n\n<p class=\"bp-hero__text\">Con <strong>bee-pilot.io<\/strong> gestisci i tuoi apiari come unit\u00e0 ben organizzate, inclusi postazioni, attivit\u00e0, dati meteo, documentazione e obiettivi di selezione. La panoramica dell\u2019apiario ti mostra a colpo d\u2019occhio cosa sta andando bene e dove serve intervenire. <\/p>\n\n\n\n<div class=\"wp-block-buttons is-content-justification-center is-layout-flex wp-container-core-buttons-is-layout-16018d1d wp-block-buttons-is-layout-flex\">\n<div class=\"wp-block-button bp-btn\"><a class=\"wp-block-button__link has-luminous-vivid-amber-background-color has-background wp-element-button\" href=\"https:\/\/app.bee-pilot.io\/registration\">Provalo gratis<\/a><\/div>\n<\/div>\n<\/div><\/div>\n<\/div><\/div>\n\n<div style=\"height:26px\" aria-hidden=\"true\" class=\"wp-block-spacer\"><\/div>\n\n<div class=\"wp-block-group bp-section\"><div class=\"wp-block-group__inner-container is-layout-constrained wp-container-core-group-is-layout-7a8ecd1d wp-block-group-is-layout-constrained\">\n<h3 class=\"wp-block-heading has-text-align-center bp-section__title\" id=\"h-so-fuhlt-sich-ubersicht-an\">Ecco cosa significa avere una panoramica<\/h3>\n\n\n\n<p class=\"has-text-align-center bp-section__sub\">Visualizzazione moderna, priorit\u00e0 chiare e orientamento rapido: su desktop come su mobile.<\/p>\n<\/div><\/div>\n\n<div style=\"height:18px\" aria-hidden=\"true\" class=\"wp-block-spacer\"><\/div>\n\n<div class=\"wp-block-group bp-cards\"><div class=\"wp-block-group__inner-container is-layout-constrained wp-container-core-group-is-layout-7a8ecd1d wp-block-group-is-layout-constrained\">\n<div class=\"wp-block-columns bp-cols is-layout-flex wp-container-core-columns-is-layout-9d6595d7 wp-block-columns-is-layout-flex\">\n<div class=\"wp-block-column is-layout-flow wp-block-column-is-layout-flow\">\n<div class=\"wp-block-group bp-card\"><div class=\"wp-block-group__inner-container is-layout-constrained wp-block-group-is-layout-constrained\">\n<p class=\"bp-card__kicker\">\ud83d\udcca <strong>Trasparenza totale<\/strong><\/p>\n\n\n\n<p class=\"bp-card__text\">Tutte le colonie di un apiario sono riassunte in modo chiaro, con stato, ultima ispezione e i principali indicatori. Cos\u00ec capisci subito dove va tutto bene e dove conviene controllare. <\/p>\n\n\n<div class=\"wp-block-image bp-shot\">\n<figure class=\"aligncenter size-medium\"><img loading=\"lazy\" decoding=\"async\" width=\"300\" height=\"193\" src=\"https:\/\/www.bee-pilot.io\/wp-content\/uploads\/2025\/12\/Standuebersicht-300x193.png\" alt=\"Panoramica apiario bee-pilot.io\" class=\"wp-image-1126\" srcset=\"https:\/\/www.bee-pilot.io\/wp-content\/uploads\/2025\/12\/Standuebersicht-300x193.png 300w, https:\/\/www.bee-pilot.io\/wp-content\/uploads\/2025\/12\/Standuebersicht-1024x659.png 1024w, https:\/\/www.bee-pilot.io\/wp-content\/uploads\/2025\/12\/Standuebersicht-768x495.png 768w, https:\/\/www.bee-pilot.io\/wp-content\/uploads\/2025\/12\/Standuebersicht-1536x989.png 1536w, https:\/\/www.bee-pilot.io\/wp-content\/uploads\/2025\/12\/Standuebersicht-2048x1319.png 2048w\" sizes=\"auto, (max-width: 300px) 100vw, 300px\" \/><\/figure>\n<\/div><\/div><\/div>\n<\/div>\n\n\n\n<div class=\"wp-block-column is-layout-flow wp-block-column-is-layout-flow\">\n<div class=\"wp-block-group bp-card\"><div class=\"wp-block-group__inner-container is-layout-constrained wp-block-group-is-layout-constrained\">\n<p class=\"bp-card__kicker\">\ud83e\udded <strong>Postazioni fisse<\/strong><\/p>\n\n\n\n<p class=\"bp-card__text\">Ogni apiario lavora con postazioni chiaramente definite. Ogni colonia \u00e8 assegnata in modo univoco: per la massima tracciabilit\u00e0, una documentazione ordinata e analisi su pi\u00f9 anni. <\/p>\n\n\n<div class=\"wp-block-image bp-shot\">\n<figure class=\"aligncenter size-medium\"><img loading=\"lazy\" decoding=\"async\" width=\"139\" height=\"300\" src=\"https:\/\/www.bee-pilot.io\/wp-content\/uploads\/2025\/12\/Standuebersicht-mobil-139x300.png\" alt=\"Panoramica apiario su mobile\" class=\"wp-image-1128\" srcset=\"https:\/\/www.bee-pilot.io\/wp-content\/uploads\/2025\/12\/Standuebersicht-mobil-139x300.png 139w, https:\/\/www.bee-pilot.io\/wp-content\/uploads\/2025\/12\/Standuebersicht-mobil-473x1024.png 473w, https:\/\/www.bee-pilot.io\/wp-content\/uploads\/2025\/12\/Standuebersicht-mobil-768x1662.png 768w, https:\/\/www.bee-pilot.io\/wp-content\/uploads\/2025\/12\/Standuebersicht-mobil-710x1536.png 710w, https:\/\/www.bee-pilot.io\/wp-content\/uploads\/2025\/12\/Standuebersicht-mobil.png 782w\" sizes=\"auto, (max-width: 139px) 100vw, 139px\" \/><\/figure>\n<\/div><\/div><\/div>\n<\/div>\n\n\n\n<div class=\"wp-block-column is-layout-flow wp-block-column-is-layout-flow\">\n<div class=\"wp-block-group bp-card\"><div class=\"wp-block-group__inner-container is-layout-constrained wp-block-group-is-layout-constrained\">\n<p class=\"bp-card__kicker\">\u2600\ufe0f <strong>Meteo in apiario<\/strong><\/p>\n\n\n\n<p class=\"bp-card__text\">I dati meteo basati sulla posizione ti aiutano con tempistiche e decisioni. Ideale per ispezioni, trattamenti e interventi, in base al singolo apiario. <\/p>\n\n\n<div class=\"wp-block-image bp-shot\">\n<figure class=\"aligncenter size-medium\"><img loading=\"lazy\" decoding=\"async\" width=\"300\" height=\"279\" src=\"https:\/\/www.bee-pilot.io\/wp-content\/uploads\/2025\/12\/Wetter-300x279.png\" alt=\"Dati meteo in apiario\" class=\"wp-image-1127\" srcset=\"https:\/\/www.bee-pilot.io\/wp-content\/uploads\/2025\/12\/Wetter-300x279.png 300w, https:\/\/www.bee-pilot.io\/wp-content\/uploads\/2025\/12\/Wetter-1024x954.png 1024w, https:\/\/www.bee-pilot.io\/wp-content\/uploads\/2025\/12\/Wetter-768x715.png 768w, https:\/\/www.bee-pilot.io\/wp-content\/uploads\/2025\/12\/Wetter-1536x1431.png 1536w, https:\/\/www.bee-pilot.io\/wp-content\/uploads\/2025\/12\/Wetter.png 1604w\" sizes=\"auto, (max-width: 300px) 100vw, 300px\" \/><\/figure>\n<\/div><\/div><\/div>\n<\/div>\n<\/div>\n<\/div><\/div>\n\n<div style=\"height:26px\" aria-hidden=\"true\" class=\"wp-block-spacer\"><\/div>\n\n<div class=\"wp-block-group bp-featurebox\"><div class=\"wp-block-group__inner-container is-layout-constrained wp-container-core-group-is-layout-7a8ecd1d wp-block-group-is-layout-constrained\">\n<h3 class=\"wp-block-heading bp-featurebox__title\" id=\"h-weitere-funktionen-in-der-standubersicht\">Altre funzioni nella panoramica dell\u2019apiario<\/h3>\n\n\n\n<p class=\"bp-featurebox__sub\">Tutto \u00e8 pensato per farti digitare meno, capire pi\u00f9 in fretta cosa conta e agire direttamente in apiario.<\/p>\n\n\n\n<div class=\"wp-block-columns bp-cols bp-cols--features is-layout-flex wp-container-core-columns-is-layout-9d6595d7 wp-block-columns-is-layout-flex\">\n<div class=\"wp-block-column is-layout-flow wp-block-column-is-layout-flow\">\n<div class=\"wp-block-group bp-mini\"><div class=\"wp-block-group__inner-container is-layout-constrained wp-block-group-is-layout-constrained\">\n<p class=\"bp-mini__title\">\u2705 <strong>Gestione delle attivit\u00e0<\/strong><\/p>\n\n\n\n<p class=\"bp-mini__text\">Pianifica, dai priorit\u00e0 e spunta le attivit\u00e0 per ogni apiario, cos\u00ec non ti sfugge nulla.<\/p>\n<\/div><\/div>\n<\/div>\n\n\n\n<div class=\"wp-block-column is-layout-flow wp-block-column-is-layout-flow\">\n<div class=\"wp-block-group bp-mini\"><div class=\"wp-block-group__inner-container is-layout-constrained wp-block-group-is-layout-constrained\">\n<p class=\"bp-mini__title\">\ud83d\uddbc\ufe0f <strong>Gestione delle immagini<\/strong><\/p>\n\n\n\n<p class=\"bp-mini__text\">Associa le foto direttamente all\u2019apiario, per una documentazione visiva e veloce.<\/p>\n<\/div><\/div>\n<\/div>\n\n\n\n<div class=\"wp-block-column is-layout-flow wp-block-column-is-layout-flow\">\n<div class=\"wp-block-group bp-mini\"><div class=\"wp-block-group__inner-container is-layout-constrained wp-block-group-is-layout-constrained\">\n<p class=\"bp-mini__title\">\ud83c\udfaf <strong>Obiettivi di selezione<\/strong><\/p>\n\n\n\n<p class=\"bp-mini__text\">Definiscili per apiario e seguili con coerenza, come base per le decisioni.<\/p>\n<\/div><\/div>\n<\/div>\n<\/div>\n\n\n\n<div class=\"wp-block-columns bp-cols bp-cols--features is-layout-flex wp-container-core-columns-is-layout-9d6595d7 wp-block-columns-is-layout-flex\">\n<div class=\"wp-block-column is-layout-flow wp-block-column-is-layout-flow\">\n<div class=\"wp-block-group bp-mini\"><div class=\"wp-block-group__inner-container is-layout-constrained wp-block-group-is-layout-constrained\">\n<p class=\"bp-mini__title\">\ud83e\uddfe <strong>Storico ordinato<\/strong><\/p>\n\n\n\n<p class=\"bp-mini__text\">Tutto resta nel posto giusto: tracciabile e analizzabile nel lungo periodo.<\/p>\n<\/div><\/div>\n<\/div>\n\n\n\n<div class=\"wp-block-column is-layout-flow wp-block-column-is-layout-flow\">\n<div class=\"wp-block-group bp-mini\"><div class=\"wp-block-group__inner-container is-layout-constrained wp-block-group-is-layout-constrained\">\n<p class=\"bp-mini__title\">\u26a1 <strong>Valutazione rapida<\/strong><\/p>\n\n\n\n<p class=\"bp-mini__text\">Individua pi\u00f9 rapidamente colonie forti e anomalie: ideale per stabilire le priorit\u00e0.<\/p>\n<\/div><\/div>\n<\/div>\n\n\n\n<div class=\"wp-block-column is-layout-flow wp-block-column-is-layout-flow\">\n<div class=\"wp-block-group bp-mini\"><div class=\"wp-block-group__inner-container is-layout-constrained wp-block-group-is-layout-constrained\">\n<p class=\"bp-mini__title\">\ud83c\udf26\ufe0f <strong>Tempistiche &amp; pianificazione<\/strong><\/p>\n\n\n\n<p class=\"bp-mini__text\">Pianifica in base alla posizione, cos\u00ec gli interventi arrivano al momento giusto.<\/p>\n<\/div><\/div>\n<\/div>\n<\/div>\n<\/div><\/div>\n\n<div style=\"height:26px\" aria-hidden=\"true\" class=\"wp-block-spacer\"><\/div>\n\n<div class=\"wp-block-group bp-cta\"><div class=\"wp-block-group__inner-container is-layout-constrained wp-container-core-group-is-layout-7a8ecd1d wp-block-group-is-layout-constrained\">\n<h3 class=\"wp-block-heading has-text-align-center bp-cta__title\" id=\"h-bereit-fur-mehr-uberblick-am-bienenstand\">Pronto ad avere pi\u00f9 controllo in apiario?<\/h3>\n\n\n\n<p class=\"has-text-align-center bp-cta__text\">Prova bee-pilot.io gratis e scopri cosa significa, nella pratica, avere struttura, trasparenza e priorit\u00e0 chiare.<\/p>\n\n\n\n<div class=\"wp-block-buttons is-content-justification-center is-layout-flex wp-container-core-buttons-is-layout-16018d1d wp-block-buttons-is-layout-flex\">\n<div class=\"wp-block-button bp-btn\"><a class=\"wp-block-button__link has-luminous-vivid-amber-background-color has-background wp-element-button\" href=\"https:\/\/app.bee-pilot.io\/registration\">Provalo gratis<\/a><\/div>\n<\/div>\n<\/div><\/div>\n\n<p>\u00a0<\/p>\n","protected":false},"excerpt":{"rendered":"<p>Tutto sotto controllo, prima ancora di arrivare all\u2019apiario. Con bee-pilot.io gestisci i tuoi apiari come unit\u00e0 ben organizzate, inclusi postazioni, attivit\u00e0, dati meteo, documentazione e obiettivi di selezione. La panoramica dell\u2019apiario ti mostra a colpo d\u2019occhio cosa sta andando bene e dove serve intervenire. Ecco cosa significa avere una panoramica Visualizzazione moderna, priorit\u00e0 chiare e [&hellip;]<\/p>\n","protected":false},"author":1,"featured_media":2014,"parent":0,"menu_order":0,"comment_status":"closed","ping_status":"closed","template":"","meta":{"footnotes":""},"class_list":["post-2012","page","type-page","status-publish","has-post-thumbnail","hentry"],"yoast_head":"<!-- This site is optimized with the Yoast SEO Premium plugin v26.6 (Yoast SEO v26.6) - https:\/\/yoast.com\/wordpress\/plugins\/seo\/ -->\n<title>Apiario sotto controllo: semplice e senza complicazioni - bee-pilot.io<\/title>\n<meta name=\"description\" content=\"Con bee-pilot.io tieni sotto controllo il tuo apiario. Scopri le funzioni pi\u00f9 importanti per una gestione efficace.\" \/>\n<meta name=\"robots\" content=\"index, follow, max-snippet:-1, max-image-preview:large, max-video-preview:-1\" \/>\n<link rel=\"canonical\" href=\"https:\/\/www.bee-pilot.io\/it\/il-tuo-apiario-completo-sempre-sotto-controllo\/\" \/>\n<meta property=\"og:locale\" content=\"it_IT\" \/>\n<meta property=\"og:type\" content=\"article\" \/>\n<meta property=\"og:title\" content=\"Il tuo apiario completo sempre sotto controllo\" \/>\n<meta property=\"og:description\" content=\"Con bee-pilot.io tieni sotto controllo il tuo apiario. Scopri le funzioni pi\u00f9 importanti per una gestione efficace.\" \/>\n<meta property=\"og:url\" content=\"https:\/\/www.bee-pilot.io\/it\/il-tuo-apiario-completo-sempre-sotto-controllo\/\" \/>\n<meta property=\"og:site_name\" content=\"bee-pilot.io\" \/>\n<meta property=\"article:modified_time\" content=\"2026-03-18T06:31:44+00:00\" \/>\n<meta property=\"og:image\" content=\"https:\/\/www.bee-pilot.io\/wp-content\/uploads\/2025\/12\/service_standuebersicht.png\" \/>\n\t<meta property=\"og:image:width\" content=\"1536\" \/>\n\t<meta property=\"og:image:height\" content=\"1024\" \/>\n\t<meta property=\"og:image:type\" content=\"image\/png\" \/>\n<meta name=\"twitter:card\" content=\"summary_large_image\" \/>\n<meta name=\"twitter:label1\" content=\"Tempo di lettura stimato\" \/>\n\t<meta name=\"twitter:data1\" content=\"1 minuto\" \/>\n<script type=\"application\/ld+json\" class=\"yoast-schema-graph\">{\"@context\":\"https:\/\/schema.org\",\"@graph\":[{\"@type\":\"WebPage\",\"@id\":\"https:\/\/www.bee-pilot.io\/it\/il-tuo-apiario-completo-sempre-sotto-controllo\/\",\"url\":\"https:\/\/www.bee-pilot.io\/it\/il-tuo-apiario-completo-sempre-sotto-controllo\/\",\"name\":\"Apiario sotto controllo: semplice e senza complicazioni - bee-pilot.io\",\"isPartOf\":{\"@id\":\"https:\/\/www.bee-pilot.io\/it\/#website\"},\"primaryImageOfPage\":{\"@id\":\"https:\/\/www.bee-pilot.io\/it\/il-tuo-apiario-completo-sempre-sotto-controllo\/#primaryimage\"},\"image\":{\"@id\":\"https:\/\/www.bee-pilot.io\/it\/il-tuo-apiario-completo-sempre-sotto-controllo\/#primaryimage\"},\"thumbnailUrl\":\"https:\/\/www.bee-pilot.io\/wp-content\/uploads\/2025\/12\/service_standuebersicht.png\",\"datePublished\":\"2025-12-27T08:51:24+00:00\",\"dateModified\":\"2026-03-18T06:31:44+00:00\",\"description\":\"Con bee-pilot.io tieni sotto controllo il tuo apiario. Scopri le funzioni pi\u00f9 importanti per una gestione efficace.\",\"breadcrumb\":{\"@id\":\"https:\/\/www.bee-pilot.io\/it\/il-tuo-apiario-completo-sempre-sotto-controllo\/#breadcrumb\"},\"inLanguage\":\"it-IT\",\"potentialAction\":[{\"@type\":\"ReadAction\",\"target\":[\"https:\/\/www.bee-pilot.io\/it\/il-tuo-apiario-completo-sempre-sotto-controllo\/\"]}]},{\"@type\":\"ImageObject\",\"inLanguage\":\"it-IT\",\"@id\":\"https:\/\/www.bee-pilot.io\/it\/il-tuo-apiario-completo-sempre-sotto-controllo\/#primaryimage\",\"url\":\"https:\/\/www.bee-pilot.io\/wp-content\/uploads\/2025\/12\/service_standuebersicht.png\",\"contentUrl\":\"https:\/\/www.bee-pilot.io\/wp-content\/uploads\/2025\/12\/service_standuebersicht.png\",\"width\":1536,\"height\":1024,\"caption\":\"Immagine in evidenza per la panoramica dell\u2019apiario.\"},{\"@type\":\"BreadcrumbList\",\"@id\":\"https:\/\/www.bee-pilot.io\/it\/il-tuo-apiario-completo-sempre-sotto-controllo\/#breadcrumb\",\"itemListElement\":[{\"@type\":\"ListItem\",\"position\":1,\"name\":\"Startseite\",\"item\":\"https:\/\/www.bee-pilot.io\/it\/\"},{\"@type\":\"ListItem\",\"position\":2,\"name\":\"Il tuo apiario completo sempre sotto controllo\"}]},{\"@type\":\"WebSite\",\"@id\":\"https:\/\/www.bee-pilot.io\/it\/#website\",\"url\":\"https:\/\/www.bee-pilot.io\/it\/\",\"name\":\"bee-pilot.io\",\"description\":\"Bee-Pilot: KI-gest\u00fctzte Software f\u00fcr Imker \u2013 Digitale Stockkarte, Wetter &amp; Checklisten\",\"publisher\":{\"@id\":\"https:\/\/www.bee-pilot.io\/it\/#organization\"},\"potentialAction\":[{\"@type\":\"SearchAction\",\"target\":{\"@type\":\"EntryPoint\",\"urlTemplate\":\"https:\/\/www.bee-pilot.io\/it\/?s={search_term_string}\"},\"query-input\":{\"@type\":\"PropertyValueSpecification\",\"valueRequired\":true,\"valueName\":\"search_term_string\"}}],\"inLanguage\":\"it-IT\"},{\"@type\":\"Organization\",\"@id\":\"https:\/\/www.bee-pilot.io\/it\/#organization\",\"name\":\"bee-pilot.io UG (haftungsbeschr\u00e4nkt)\",\"url\":\"https:\/\/www.bee-pilot.io\/it\/\",\"logo\":{\"@type\":\"ImageObject\",\"inLanguage\":\"it-IT\",\"@id\":\"https:\/\/www.bee-pilot.io\/it\/#\/schema\/logo\/image\/\",\"url\":\"https:\/\/www.bee-pilot.io\/wp-content\/uploads\/2024\/10\/cropped-bee-pilot-logo.png\",\"contentUrl\":\"https:\/\/www.bee-pilot.io\/wp-content\/uploads\/2024\/10\/cropped-bee-pilot-logo.png\",\"width\":291,\"height\":85,\"caption\":\"bee-pilot.io UG (haftungsbeschr\u00e4nkt)\"},\"image\":{\"@id\":\"https:\/\/www.bee-pilot.io\/it\/#\/schema\/logo\/image\/\"}}]}<\/script>\n<!-- \/ Yoast SEO Premium plugin. -->","yoast_head_json":{"title":"Apiario sotto controllo: semplice e senza complicazioni - bee-pilot.io","description":"Con bee-pilot.io tieni sotto controllo il tuo apiario. Scopri le funzioni pi\u00f9 importanti per una gestione efficace.","robots":{"index":"index","follow":"follow","max-snippet":"max-snippet:-1","max-image-preview":"max-image-preview:large","max-video-preview":"max-video-preview:-1"},"canonical":"https:\/\/www.bee-pilot.io\/it\/il-tuo-apiario-completo-sempre-sotto-controllo\/","og_locale":"it_IT","og_type":"article","og_title":"Il tuo apiario completo sempre sotto controllo","og_description":"Con bee-pilot.io tieni sotto controllo il tuo apiario. Scopri le funzioni pi\u00f9 importanti per una gestione efficace.","og_url":"https:\/\/www.bee-pilot.io\/it\/il-tuo-apiario-completo-sempre-sotto-controllo\/","og_site_name":"bee-pilot.io","article_modified_time":"2026-03-18T06:31:44+00:00","og_image":[{"width":1536,"height":1024,"url":"https:\/\/www.bee-pilot.io\/wp-content\/uploads\/2025\/12\/service_standuebersicht.png","type":"image\/png"}],"twitter_card":"summary_large_image","twitter_misc":{"Tempo di lettura stimato":"1 minuto"},"schema":{"@context":"https:\/\/schema.org","@graph":[{"@type":"WebPage","@id":"https:\/\/www.bee-pilot.io\/it\/il-tuo-apiario-completo-sempre-sotto-controllo\/","url":"https:\/\/www.bee-pilot.io\/it\/il-tuo-apiario-completo-sempre-sotto-controllo\/","name":"Apiario sotto controllo: semplice e senza complicazioni - bee-pilot.io","isPartOf":{"@id":"https:\/\/www.bee-pilot.io\/it\/#website"},"primaryImageOfPage":{"@id":"https:\/\/www.bee-pilot.io\/it\/il-tuo-apiario-completo-sempre-sotto-controllo\/#primaryimage"},"image":{"@id":"https:\/\/www.bee-pilot.io\/it\/il-tuo-apiario-completo-sempre-sotto-controllo\/#primaryimage"},"thumbnailUrl":"https:\/\/www.bee-pilot.io\/wp-content\/uploads\/2025\/12\/service_standuebersicht.png","datePublished":"2025-12-27T08:51:24+00:00","dateModified":"2026-03-18T06:31:44+00:00","description":"Con bee-pilot.io tieni sotto controllo il tuo apiario. Scopri le funzioni pi\u00f9 importanti per una gestione efficace.","breadcrumb":{"@id":"https:\/\/www.bee-pilot.io\/it\/il-tuo-apiario-completo-sempre-sotto-controllo\/#breadcrumb"},"inLanguage":"it-IT","potentialAction":[{"@type":"ReadAction","target":["https:\/\/www.bee-pilot.io\/it\/il-tuo-apiario-completo-sempre-sotto-controllo\/"]}]},{"@type":"ImageObject","inLanguage":"it-IT","@id":"https:\/\/www.bee-pilot.io\/it\/il-tuo-apiario-completo-sempre-sotto-controllo\/#primaryimage","url":"https:\/\/www.bee-pilot.io\/wp-content\/uploads\/2025\/12\/service_standuebersicht.png","contentUrl":"https:\/\/www.bee-pilot.io\/wp-content\/uploads\/2025\/12\/service_standuebersicht.png","width":1536,"height":1024,"caption":"Immagine in evidenza per la panoramica dell\u2019apiario."},{"@type":"BreadcrumbList","@id":"https:\/\/www.bee-pilot.io\/it\/il-tuo-apiario-completo-sempre-sotto-controllo\/#breadcrumb","itemListElement":[{"@type":"ListItem","position":1,"name":"Startseite","item":"https:\/\/www.bee-pilot.io\/it\/"},{"@type":"ListItem","position":2,"name":"Il tuo apiario completo sempre sotto controllo"}]},{"@type":"WebSite","@id":"https:\/\/www.bee-pilot.io\/it\/#website","url":"https:\/\/www.bee-pilot.io\/it\/","name":"bee-pilot.io","description":"Bee-Pilot: KI-gest\u00fctzte Software f\u00fcr Imker \u2013 Digitale Stockkarte, Wetter &amp; Checklisten","publisher":{"@id":"https:\/\/www.bee-pilot.io\/it\/#organization"},"potentialAction":[{"@type":"SearchAction","target":{"@type":"EntryPoint","urlTemplate":"https:\/\/www.bee-pilot.io\/it\/?s={search_term_string}"},"query-input":{"@type":"PropertyValueSpecification","valueRequired":true,"valueName":"search_term_string"}}],"inLanguage":"it-IT"},{"@type":"Organization","@id":"https:\/\/www.bee-pilot.io\/it\/#organization","name":"bee-pilot.io UG (haftungsbeschr\u00e4nkt)","url":"https:\/\/www.bee-pilot.io\/it\/","logo":{"@type":"ImageObject","inLanguage":"it-IT","@id":"https:\/\/www.bee-pilot.io\/it\/#\/schema\/logo\/image\/","url":"https:\/\/www.bee-pilot.io\/wp-content\/uploads\/2024\/10\/cropped-bee-pilot-logo.png","contentUrl":"https:\/\/www.bee-pilot.io\/wp-content\/uploads\/2024\/10\/cropped-bee-pilot-logo.png","width":291,"height":85,"caption":"bee-pilot.io UG (haftungsbeschr\u00e4nkt)"},"image":{"@id":"https:\/\/www.bee-pilot.io\/it\/#\/schema\/logo\/image\/"}}]}},"_links":{"self":[{"href":"https:\/\/www.bee-pilot.io\/it\/wp-json\/wp\/v2\/pages\/2012","targetHints":{"allow":["GET"]}}],"collection":[{"href":"https:\/\/www.bee-pilot.io\/it\/wp-json\/wp\/v2\/pages"}],"about":[{"href":"https:\/\/www.bee-pilot.io\/it\/wp-json\/wp\/v2\/types\/page"}],"author":[{"embeddable":true,"href":"https:\/\/www.bee-pilot.io\/it\/wp-json\/wp\/v2\/users\/1"}],"replies":[{"embeddable":true,"href":"https:\/\/www.bee-pilot.io\/it\/wp-json\/wp\/v2\/comments?post=2012"}],"version-history":[{"count":1,"href":"https:\/\/www.bee-pilot.io\/it\/wp-json\/wp\/v2\/pages\/2012\/revisions"}],"predecessor-version":[{"id":2016,"href":"https:\/\/www.bee-pilot.io\/it\/wp-json\/wp\/v2\/pages\/2012\/revisions\/2016"}],"wp:featuredmedia":[{"embeddable":true,"href":"https:\/\/www.bee-pilot.io\/it\/wp-json\/wp\/v2\/media\/2014"}],"wp:attachment":[{"href":"https:\/\/www.bee-pilot.io\/it\/wp-json\/wp\/v2\/media?parent=2012"}],"curies":[{"name":"wp","href":"https:\/\/api.w.org\/{rel}","templated":true}]}}