{"id":2017,"date":"2025-12-27T13:20:38","date_gmt":"2025-12-27T13:20:38","guid":{"rendered":"https:\/\/www.bee-pilot.io\/ispezione-delle-famiglie\/"},"modified":"2026-03-31T05:43:48","modified_gmt":"2026-03-31T05:43:48","slug":"ispezione-delle-famiglie","status":"publish","type":"page","link":"https:\/\/www.bee-pilot.io\/it\/ispezione-delle-famiglie\/","title":{"rendered":"Ispezione delle famiglie"},"content":{"rendered":"<p><!-- HERO --><\/p>\n\n<div class=\"wp-block-cover alignfull\" style=\"min-height:360px;aspect-ratio:unset;\"><span aria-hidden=\"true\" class=\"wp-block-cover__background has-background-dim-100 has-background-dim\" style=\"background-color:#0f1115\"><\/span><div class=\"wp-block-cover__inner-container is-layout-flow wp-block-cover-is-layout-flow\">\n<div class=\"wp-block-group\"><div class=\"wp-block-group__inner-container is-layout-constrained wp-container-core-group-is-layout-7a8ecd1d wp-block-group-is-layout-constrained\">\n<p>\u2705 <strong>Ispezione (Controlli)<\/strong><\/p>\n\n\n\n<h2 class=\"wp-block-heading\" id=\"h-gefuhrt-prufen-per-sprache-protokollieren-automatisch-auswerten\">Controllo guidato. Registrazione vocale. Valutazione automatica.  <\/h2>\n\n\n\n<p>Con <strong>bee-pilot.io<\/strong> l&#8217;ispezione delle tue famiglie d&#8217;api diventa strutturata, veloce e tracciabile. Invece di appunti sparsi o procedure disomogenee, la soluzione ti guida <strong>passo dopo passo attraverso ogni ispezione<\/strong> \u2013 in modo chiaro, logico e con una struttura sempre costante. <\/p>\n\n\n\n<div class=\"wp-block-buttons is-content-justification-center is-layout-flex wp-container-core-buttons-is-layout-16018d1d wp-block-buttons-is-layout-flex\">\n<div class=\"wp-block-button\"><a class=\"wp-block-button__link has-luminous-vivid-amber-background-color has-background wp-element-button\" href=\"https:\/\/app.bee-pilot.io\/registration\">Prova ora gratuitamente<\/a><\/div>\n<\/div>\n<\/div><\/div>\n<\/div><\/div>\n<p><!-- CONTENT --><\/p>\n\n<div class=\"wp-block-group\"><div class=\"wp-block-group__inner-container is-layout-constrained wp-container-core-group-is-layout-7a8ecd1d wp-block-group-is-layout-constrained\">\n<div style=\"height:32px\" aria-hidden=\"true\" class=\"wp-block-spacer\"><\/div>\n\n\n\n<div class=\"wp-block-columns is-layout-flex wp-container-core-columns-is-layout-9d6595d7 wp-block-columns-is-layout-flex\">\n<div class=\"wp-block-column is-vertically-aligned-center is-layout-flow wp-block-column-is-layout-flow\">\n<h3 class=\"wp-block-heading\" id=\"h-gefuhrte-durchsicht-mit-checkliste\">Ispezione guidata con checklist<\/h3>\n\n\n\n<p>Ogni ispezione si basa su una <strong>checklist pratica<\/strong> che ti guida attraverso tutti i punti di controllo rilevanti. Cos\u00ec non dimentichi nulla, lavori in modo sistematico e ottieni risultati puliti e confrontabili, sia che tu stia controllando una singola famiglia o pi\u00f9 famiglie di seguito. <\/p>\n<\/div>\n\n\n\n<div class=\"wp-block-column is-layout-flow wp-block-column-is-layout-flow\">\n<figure class=\"wp-block-image size-large\"><img loading=\"lazy\" decoding=\"async\" width=\"1024\" height=\"658\" src=\"https:\/\/www.bee-pilot.io\/wp-content\/uploads\/2025\/12\/Check_Desktop-1024x658.png\" alt=\"Checklist su desktop con bee-pilot.io\" class=\"wp-image-1300\" srcset=\"https:\/\/www.bee-pilot.io\/wp-content\/uploads\/2025\/12\/Check_Desktop-1024x658.png 1024w, https:\/\/www.bee-pilot.io\/wp-content\/uploads\/2025\/12\/Check_Desktop-300x193.png 300w, https:\/\/www.bee-pilot.io\/wp-content\/uploads\/2025\/12\/Check_Desktop-768x493.png 768w, https:\/\/www.bee-pilot.io\/wp-content\/uploads\/2025\/12\/Check_Desktop-1536x987.png 1536w, https:\/\/www.bee-pilot.io\/wp-content\/uploads\/2025\/12\/Check_Desktop-2048x1316.png 2048w\" sizes=\"auto, (max-width: 1024px) 100vw, 1024px\" \/><\/figure>\n<\/div>\n<\/div>\n\n\n\n<div style=\"height:28px\" aria-hidden=\"true\" class=\"wp-block-spacer\"><\/div>\n\n\n\n<div class=\"wp-block-columns is-layout-flex wp-container-core-columns-is-layout-9d6595d7 wp-block-columns-is-layout-flex\">\n<div class=\"wp-block-column is-layout-flow wp-block-column-is-layout-flow\"><div class=\"wp-block-image\">\n<figure class=\"aligncenter size-medium\"><img loading=\"lazy\" decoding=\"async\" width=\"138\" height=\"300\" src=\"https:\/\/www.bee-pilot.io\/wp-content\/uploads\/2025\/12\/SpeechToCheck-138x300.png\" alt=\"Registrazione vocale durante l'ispezione\" class=\"wp-image-1301\" srcset=\"https:\/\/www.bee-pilot.io\/wp-content\/uploads\/2025\/12\/SpeechToCheck-138x300.png 138w, https:\/\/www.bee-pilot.io\/wp-content\/uploads\/2025\/12\/SpeechToCheck-470x1024.png 470w, https:\/\/www.bee-pilot.io\/wp-content\/uploads\/2025\/12\/SpeechToCheck-768x1675.png 768w, https:\/\/www.bee-pilot.io\/wp-content\/uploads\/2025\/12\/SpeechToCheck-704x1536.png 704w, https:\/\/www.bee-pilot.io\/wp-content\/uploads\/2025\/12\/SpeechToCheck.png 774w\" sizes=\"auto, (max-width: 138px) 100vw, 138px\" \/><\/figure>\n<\/div><\/div>\n\n\n\n<div class=\"wp-block-column is-vertically-aligned-center is-layout-flow wp-block-column-is-layout-flow\">\n<h3 class=\"wp-block-heading\" id=\"h-highlight-protokollieren-per-spracheingabe\">In evidenza: Registrazione tramite comando vocale<\/h3>\n\n\n\n<p>Durante l&#8217;ispezione puoi semplicemente <strong>dettare<\/strong> le tue osservazioni invece di digitarle. <strong>bee-pilot.io analizza automaticamente i tuoi messaggi vocali<\/strong>, riconosce i contenuti rilevanti e compila autonomamente i punti di controllo corrispondenti grazie all&#8217; <strong>IA<\/strong>.<\/p>\n\n\n\n<p>Questo fa risparmiare tempo, riduce la fatica di scrivere e ti permette di mantenere il focus dove serve: sulla famiglia d&#8217;api.<\/p>\n<\/div>\n<\/div>\n\n\n\n<div style=\"height:28px\" aria-hidden=\"true\" class=\"wp-block-spacer\"><\/div>\n\n\n\n<div class=\"wp-block-columns is-layout-flex wp-container-core-columns-is-layout-9d6595d7 wp-block-columns-is-layout-flex\">\n<div class=\"wp-block-column is-vertically-aligned-center is-layout-flow wp-block-column-is-layout-flow\">\n<h3 class=\"wp-block-heading\" id=\"h-direkt-digital-oder-auf-papier-du-entscheidest\">Direttamente in digitale o su carta: decidi tu<\/h3>\n\n\n\n<p><strong>bee-pilot.io ti lascia la scelta su come effettuare l&#8217;ispezione.<\/strong> Puoi compilare la checklist direttamente in apiario sul tuo <strong>cellulare o tablet<\/strong>: in modo rapido, mobile e con registrazione digitale immediata.<\/p>\n\n\n\n<p>Oppure puoi prepararti in modo classico: stampa le tue <strong>checklist prima di andare in apiario<\/strong>, compilale <strong>a mano<\/strong> sul posto e scansionale semplicemente in un secondo momento.<\/p>\n\n\n\n<p><strong>bee-pilot.io riconosce automaticamente le annotazioni manuali<\/strong> e le trasferisce nella <strong>checklist digitale<\/strong>. Cos\u00ec lavori esattamente come preferisci nella tua quotidianit\u00e0: in digitale, su carta o combinando le due modalit\u00e0 in modo flessibile. <\/p>\n<\/div>\n\n\n\n<div class=\"wp-block-column is-layout-flow wp-block-column-is-layout-flow\"><div class=\"wp-block-image\">\n<figure class=\"aligncenter size-medium\"><img loading=\"lazy\" decoding=\"async\" width=\"138\" height=\"300\" src=\"https:\/\/www.bee-pilot.io\/wp-content\/uploads\/2025\/12\/Check_mobil-138x300.png\" alt=\"Checklist bee-pilot.io su mobile\" class=\"wp-image-1302\" srcset=\"https:\/\/www.bee-pilot.io\/wp-content\/uploads\/2025\/12\/Check_mobil-138x300.png 138w, https:\/\/www.bee-pilot.io\/wp-content\/uploads\/2025\/12\/Check_mobil-471x1024.png 471w, https:\/\/www.bee-pilot.io\/wp-content\/uploads\/2025\/12\/Check_mobil-768x1670.png 768w, https:\/\/www.bee-pilot.io\/wp-content\/uploads\/2025\/12\/Check_mobil-706x1536.png 706w, https:\/\/www.bee-pilot.io\/wp-content\/uploads\/2025\/12\/Check_mobil.png 778w\" sizes=\"auto, (max-width: 138px) 100vw, 138px\" \/><\/figure>\n<\/div><\/div>\n<\/div>\n\n\n\n<div style=\"height:28px\" aria-hidden=\"true\" class=\"wp-block-spacer\"><\/div>\n\n\n\n<div class=\"wp-block-columns is-layout-flex wp-container-core-columns-is-layout-9d6595d7 wp-block-columns-is-layout-flex\">\n<div class=\"wp-block-column is-vertically-aligned-center is-layout-flow wp-block-column-is-layout-flow\">\n<h3 class=\"wp-block-heading\" id=\"h-alles-ok-eine-durchsicht-mit-nur-einem-klick\">\u201cTutto OK\u201d \u2013 un&#8217;ispezione con un solo clic<\/h3>\n\n\n\n<p>Se \u00e8 tutto a posto, basta un solo clic: con il <strong>tasto \u201cTutto OK\u201d<\/strong> confermi contemporaneamente tutti i punti di controllo dell&#8217;ispezione \u2013 in modo rapido, pulito e comunque documentato in modo completo.<\/p>\n<\/div>\n\n\n\n<div class=\"wp-block-column is-layout-flow wp-block-column-is-layout-flow\"><div class=\"wp-block-image\">\n<figure class=\"aligncenter size-medium\"><img loading=\"lazy\" decoding=\"async\" width=\"138\" height=\"300\" src=\"https:\/\/www.bee-pilot.io\/wp-content\/uploads\/2025\/12\/Check_mobil-138x300.png\" alt=\"Checklist bee-pilot.io su mobile\" class=\"wp-image-1302\" srcset=\"https:\/\/www.bee-pilot.io\/wp-content\/uploads\/2025\/12\/Check_mobil-138x300.png 138w, https:\/\/www.bee-pilot.io\/wp-content\/uploads\/2025\/12\/Check_mobil-471x1024.png 471w, https:\/\/www.bee-pilot.io\/wp-content\/uploads\/2025\/12\/Check_mobil-768x1670.png 768w, https:\/\/www.bee-pilot.io\/wp-content\/uploads\/2025\/12\/Check_mobil-706x1536.png 706w, https:\/\/www.bee-pilot.io\/wp-content\/uploads\/2025\/12\/Check_mobil.png 778w\" sizes=\"auto, (max-width: 138px) 100vw, 138px\" \/><\/figure>\n<\/div><\/div>\n<\/div>\n\n\n\n<div style=\"height:28px\" aria-hidden=\"true\" class=\"wp-block-spacer\"><\/div>\n\n\n\n<h3 class=\"wp-block-heading\" id=\"h-wertvolle-daten-fur-auswertungen-und-zucht\">Dati preziosi per valutazioni e selezione<\/h3>\n\n\n\n<p>Tutti i dati raccolti durante le ispezioni vengono <strong>salvati in modo permanente<\/strong> e utilizzati per ulteriori <strong>valutazioni<\/strong> \u2013 ad esempio nell&#8217;ambito della <strong>selezione di base<\/strong>. Cos\u00ec ogni ispezione diventa un prezioso punto dati che rende visibili gli sviluppi a lungo termine e supporta decisioni informate. <\/p>\n\n\n\n<p>Con bee-pilot.io l&#8217;ispezione passa da appuntamento obbligatorio a <strong>base efficiente e basata sui dati<\/strong> per la tua attivit\u00e0 apistica \u2013 eseguita rapidamente, documentata con cura e analizzata in modo intelligente.<\/p>\n\n\n\n<div style=\"height:22px\" aria-hidden=\"true\" class=\"wp-block-spacer\"><\/div>\n<\/div><\/div>\n<p><!-- CTA --><\/p>\n\n<div class=\"wp-block-cover alignfull\" style=\"min-height:220px;aspect-ratio:unset;\"><span aria-hidden=\"true\" class=\"wp-block-cover__background has-background-dim-100 has-background-dim\" style=\"background-color:#0f1115\"><\/span><div class=\"wp-block-cover__inner-container is-layout-flow wp-block-cover-is-layout-flow\">\n<div class=\"wp-block-group\"><div class=\"wp-block-group__inner-container is-layout-constrained wp-container-core-group-is-layout-7a8ecd1d wp-block-group-is-layout-constrained\">\n<h3 class=\"wp-block-heading has-text-align-center\" id=\"h-durchsichten-die-sich-wie-ein-ablaufplan-anfuhlen\">Ispezioni che sembrano un piano d&#8217;azione<\/h3>\n\n\n\n<p class=\"has-text-align-center\">Prova bee-pilot.io gratuitamente e scopri com&#8217;\u00e8 flessibile documentare il tuo lavoro: direttamente in digitale, tramite comando vocale o con checklist cartacea e scansione.<\/p>\n\n\n\n<div class=\"wp-block-buttons is-content-justification-center is-layout-flex wp-container-core-buttons-is-layout-16018d1d wp-block-buttons-is-layout-flex\">\n<div class=\"wp-block-button\"><a class=\"wp-block-button__link has-luminous-vivid-amber-background-color has-background wp-element-button\" href=\"https:\/\/app.bee-pilot.io\/registration\">Prova ora gratuitamente<\/a><\/div>\n<\/div>\n<\/div><\/div>\n<\/div><\/div>\n","protected":false},"excerpt":{"rendered":"<p>Ispezione guidata con checklist Ogni ispezione si basa su una checklist pratica che ti guida attraverso tutti i punti di controllo rilevanti. Cos\u00ec non dimentichi nulla, lavori in modo sistematico e ottieni risultati puliti e confrontabili, sia che tu stia controllando una singola famiglia o pi\u00f9 famiglie di seguito. In evidenza: Registrazione tramite comando vocale [&hellip;]<\/p>\n","protected":false},"author":1,"featured_media":2020,"parent":0,"menu_order":0,"comment_status":"closed","ping_status":"closed","template":"","meta":{"footnotes":""},"class_list":["post-2017","page","type-page","status-publish","has-post-thumbnail","hentry"],"yoast_head":"<!-- This site is optimized with the Yoast SEO Premium plugin v26.6 (Yoast SEO v26.6) - https:\/\/yoast.com\/wordpress\/plugins\/seo\/ -->\n<title>Ispezione delle famiglie e analisi basate sull&#039;IA - bee-pilot.io<\/title>\n<meta name=\"description\" content=\"Risparmia tempo durante l&#039;ispezione delle famiglie d&#039;api. Usa il controllo supportato dall&#039;IA di bee-pilot.io per risultati precisi.\" \/>\n<meta name=\"robots\" content=\"index, follow, max-snippet:-1, max-image-preview:large, max-video-preview:-1\" \/>\n<link rel=\"canonical\" href=\"https:\/\/www.bee-pilot.io\/it\/ispezione-delle-famiglie\/\" \/>\n<meta property=\"og:locale\" content=\"it_IT\" \/>\n<meta property=\"og:type\" content=\"article\" \/>\n<meta property=\"og:title\" content=\"Ispezione delle famiglie\" \/>\n<meta property=\"og:description\" content=\"Risparmia tempo durante l&#039;ispezione delle famiglie d&#039;api. Usa il controllo supportato dall&#039;IA di bee-pilot.io per risultati precisi.\" \/>\n<meta property=\"og:url\" content=\"https:\/\/www.bee-pilot.io\/it\/ispezione-delle-famiglie\/\" \/>\n<meta property=\"og:site_name\" content=\"bee-pilot.io\" \/>\n<meta property=\"article:modified_time\" content=\"2026-03-31T05:43:48+00:00\" \/>\n<meta property=\"og:image\" content=\"https:\/\/www.bee-pilot.io\/wp-content\/uploads\/2025\/12\/checklist-banner.png\" \/>\n\t<meta property=\"og:image:width\" content=\"1536\" \/>\n\t<meta property=\"og:image:height\" content=\"1024\" \/>\n\t<meta property=\"og:image:type\" content=\"image\/png\" \/>\n<meta name=\"twitter:card\" content=\"summary_large_image\" \/>\n<meta name=\"twitter:label1\" content=\"Tempo di lettura stimato\" \/>\n\t<meta name=\"twitter:data1\" content=\"2 minuti\" \/>\n<script type=\"application\/ld+json\" class=\"yoast-schema-graph\">{\"@context\":\"https:\/\/schema.org\",\"@graph\":[{\"@type\":\"WebPage\",\"@id\":\"https:\/\/www.bee-pilot.io\/it\/ispezione-delle-famiglie\/\",\"url\":\"https:\/\/www.bee-pilot.io\/it\/ispezione-delle-famiglie\/\",\"name\":\"Ispezione delle famiglie e analisi basate sull'IA - bee-pilot.io\",\"isPartOf\":{\"@id\":\"https:\/\/www.bee-pilot.io\/it\/#website\"},\"primaryImageOfPage\":{\"@id\":\"https:\/\/www.bee-pilot.io\/it\/ispezione-delle-famiglie\/#primaryimage\"},\"image\":{\"@id\":\"https:\/\/www.bee-pilot.io\/it\/ispezione-delle-famiglie\/#primaryimage\"},\"thumbnailUrl\":\"https:\/\/www.bee-pilot.io\/wp-content\/uploads\/2025\/12\/checklist-banner.png\",\"datePublished\":\"2025-12-27T13:20:38+00:00\",\"dateModified\":\"2026-03-31T05:43:48+00:00\",\"description\":\"Risparmia tempo durante l'ispezione delle famiglie d'api. Usa il controllo supportato dall'IA di bee-pilot.io per risultati precisi.\",\"breadcrumb\":{\"@id\":\"https:\/\/www.bee-pilot.io\/it\/ispezione-delle-famiglie\/#breadcrumb\"},\"inLanguage\":\"it-IT\",\"potentialAction\":[{\"@type\":\"ReadAction\",\"target\":[\"https:\/\/www.bee-pilot.io\/it\/ispezione-delle-famiglie\/\"]}]},{\"@type\":\"ImageObject\",\"inLanguage\":\"it-IT\",\"@id\":\"https:\/\/www.bee-pilot.io\/it\/ispezione-delle-famiglie\/#primaryimage\",\"url\":\"https:\/\/www.bee-pilot.io\/wp-content\/uploads\/2025\/12\/checklist-banner.png\",\"contentUrl\":\"https:\/\/www.bee-pilot.io\/wp-content\/uploads\/2025\/12\/checklist-banner.png\",\"width\":1536,\"height\":1024,\"caption\":\"Banner checklist con bee-pilot.io\"},{\"@type\":\"BreadcrumbList\",\"@id\":\"https:\/\/www.bee-pilot.io\/it\/ispezione-delle-famiglie\/#breadcrumb\",\"itemListElement\":[{\"@type\":\"ListItem\",\"position\":1,\"name\":\"Startseite\",\"item\":\"https:\/\/www.bee-pilot.io\/it\/\"},{\"@type\":\"ListItem\",\"position\":2,\"name\":\"Ispezione delle famiglie\"}]},{\"@type\":\"WebSite\",\"@id\":\"https:\/\/www.bee-pilot.io\/it\/#website\",\"url\":\"https:\/\/www.bee-pilot.io\/it\/\",\"name\":\"bee-pilot.io\",\"description\":\"Bee-Pilot: KI-gest\u00fctzte Software f\u00fcr Imker \u2013 Digitale Stockkarte, Wetter &amp; Checklisten\",\"publisher\":{\"@id\":\"https:\/\/www.bee-pilot.io\/it\/#organization\"},\"potentialAction\":[{\"@type\":\"SearchAction\",\"target\":{\"@type\":\"EntryPoint\",\"urlTemplate\":\"https:\/\/www.bee-pilot.io\/it\/?s={search_term_string}\"},\"query-input\":{\"@type\":\"PropertyValueSpecification\",\"valueRequired\":true,\"valueName\":\"search_term_string\"}}],\"inLanguage\":\"it-IT\"},{\"@type\":\"Organization\",\"@id\":\"https:\/\/www.bee-pilot.io\/it\/#organization\",\"name\":\"bee-pilot.io UG (haftungsbeschr\u00e4nkt)\",\"url\":\"https:\/\/www.bee-pilot.io\/it\/\",\"logo\":{\"@type\":\"ImageObject\",\"inLanguage\":\"it-IT\",\"@id\":\"https:\/\/www.bee-pilot.io\/it\/#\/schema\/logo\/image\/\",\"url\":\"https:\/\/www.bee-pilot.io\/wp-content\/uploads\/2024\/10\/cropped-bee-pilot-logo.png\",\"contentUrl\":\"https:\/\/www.bee-pilot.io\/wp-content\/uploads\/2024\/10\/cropped-bee-pilot-logo.png\",\"width\":291,\"height\":85,\"caption\":\"bee-pilot.io UG (haftungsbeschr\u00e4nkt)\"},\"image\":{\"@id\":\"https:\/\/www.bee-pilot.io\/it\/#\/schema\/logo\/image\/\"}}]}<\/script>\n<!-- \/ Yoast SEO Premium plugin. -->","yoast_head_json":{"title":"Ispezione delle famiglie e analisi basate sull'IA - bee-pilot.io","description":"Risparmia tempo durante l'ispezione delle famiglie d'api. Usa il controllo supportato dall'IA di bee-pilot.io per risultati precisi.","robots":{"index":"index","follow":"follow","max-snippet":"max-snippet:-1","max-image-preview":"max-image-preview:large","max-video-preview":"max-video-preview:-1"},"canonical":"https:\/\/www.bee-pilot.io\/it\/ispezione-delle-famiglie\/","og_locale":"it_IT","og_type":"article","og_title":"Ispezione delle famiglie","og_description":"Risparmia tempo durante l'ispezione delle famiglie d'api. Usa il controllo supportato dall'IA di bee-pilot.io per risultati precisi.","og_url":"https:\/\/www.bee-pilot.io\/it\/ispezione-delle-famiglie\/","og_site_name":"bee-pilot.io","article_modified_time":"2026-03-31T05:43:48+00:00","og_image":[{"width":1536,"height":1024,"url":"https:\/\/www.bee-pilot.io\/wp-content\/uploads\/2025\/12\/checklist-banner.png","type":"image\/png"}],"twitter_card":"summary_large_image","twitter_misc":{"Tempo di lettura stimato":"2 minuti"},"schema":{"@context":"https:\/\/schema.org","@graph":[{"@type":"WebPage","@id":"https:\/\/www.bee-pilot.io\/it\/ispezione-delle-famiglie\/","url":"https:\/\/www.bee-pilot.io\/it\/ispezione-delle-famiglie\/","name":"Ispezione delle famiglie e analisi basate sull'IA - bee-pilot.io","isPartOf":{"@id":"https:\/\/www.bee-pilot.io\/it\/#website"},"primaryImageOfPage":{"@id":"https:\/\/www.bee-pilot.io\/it\/ispezione-delle-famiglie\/#primaryimage"},"image":{"@id":"https:\/\/www.bee-pilot.io\/it\/ispezione-delle-famiglie\/#primaryimage"},"thumbnailUrl":"https:\/\/www.bee-pilot.io\/wp-content\/uploads\/2025\/12\/checklist-banner.png","datePublished":"2025-12-27T13:20:38+00:00","dateModified":"2026-03-31T05:43:48+00:00","description":"Risparmia tempo durante l'ispezione delle famiglie d'api. Usa il controllo supportato dall'IA di bee-pilot.io per risultati precisi.","breadcrumb":{"@id":"https:\/\/www.bee-pilot.io\/it\/ispezione-delle-famiglie\/#breadcrumb"},"inLanguage":"it-IT","potentialAction":[{"@type":"ReadAction","target":["https:\/\/www.bee-pilot.io\/it\/ispezione-delle-famiglie\/"]}]},{"@type":"ImageObject","inLanguage":"it-IT","@id":"https:\/\/www.bee-pilot.io\/it\/ispezione-delle-famiglie\/#primaryimage","url":"https:\/\/www.bee-pilot.io\/wp-content\/uploads\/2025\/12\/checklist-banner.png","contentUrl":"https:\/\/www.bee-pilot.io\/wp-content\/uploads\/2025\/12\/checklist-banner.png","width":1536,"height":1024,"caption":"Banner checklist con bee-pilot.io"},{"@type":"BreadcrumbList","@id":"https:\/\/www.bee-pilot.io\/it\/ispezione-delle-famiglie\/#breadcrumb","itemListElement":[{"@type":"ListItem","position":1,"name":"Startseite","item":"https:\/\/www.bee-pilot.io\/it\/"},{"@type":"ListItem","position":2,"name":"Ispezione delle famiglie"}]},{"@type":"WebSite","@id":"https:\/\/www.bee-pilot.io\/it\/#website","url":"https:\/\/www.bee-pilot.io\/it\/","name":"bee-pilot.io","description":"Bee-Pilot: KI-gest\u00fctzte Software f\u00fcr Imker \u2013 Digitale Stockkarte, Wetter &amp; Checklisten","publisher":{"@id":"https:\/\/www.bee-pilot.io\/it\/#organization"},"potentialAction":[{"@type":"SearchAction","target":{"@type":"EntryPoint","urlTemplate":"https:\/\/www.bee-pilot.io\/it\/?s={search_term_string}"},"query-input":{"@type":"PropertyValueSpecification","valueRequired":true,"valueName":"search_term_string"}}],"inLanguage":"it-IT"},{"@type":"Organization","@id":"https:\/\/www.bee-pilot.io\/it\/#organization","name":"bee-pilot.io UG (haftungsbeschr\u00e4nkt)","url":"https:\/\/www.bee-pilot.io\/it\/","logo":{"@type":"ImageObject","inLanguage":"it-IT","@id":"https:\/\/www.bee-pilot.io\/it\/#\/schema\/logo\/image\/","url":"https:\/\/www.bee-pilot.io\/wp-content\/uploads\/2024\/10\/cropped-bee-pilot-logo.png","contentUrl":"https:\/\/www.bee-pilot.io\/wp-content\/uploads\/2024\/10\/cropped-bee-pilot-logo.png","width":291,"height":85,"caption":"bee-pilot.io UG (haftungsbeschr\u00e4nkt)"},"image":{"@id":"https:\/\/www.bee-pilot.io\/it\/#\/schema\/logo\/image\/"}}]}},"_links":{"self":[{"href":"https:\/\/www.bee-pilot.io\/it\/wp-json\/wp\/v2\/pages\/2017","targetHints":{"allow":["GET"]}}],"collection":[{"href":"https:\/\/www.bee-pilot.io\/it\/wp-json\/wp\/v2\/pages"}],"about":[{"href":"https:\/\/www.bee-pilot.io\/it\/wp-json\/wp\/v2\/types\/page"}],"author":[{"embeddable":true,"href":"https:\/\/www.bee-pilot.io\/it\/wp-json\/wp\/v2\/users\/1"}],"replies":[{"embeddable":true,"href":"https:\/\/www.bee-pilot.io\/it\/wp-json\/wp\/v2\/comments?post=2017"}],"version-history":[{"count":2,"href":"https:\/\/www.bee-pilot.io\/it\/wp-json\/wp\/v2\/pages\/2017\/revisions"}],"predecessor-version":[{"id":2118,"href":"https:\/\/www.bee-pilot.io\/it\/wp-json\/wp\/v2\/pages\/2017\/revisions\/2118"}],"wp:featuredmedia":[{"embeddable":true,"href":"https:\/\/www.bee-pilot.io\/it\/wp-json\/wp\/v2\/media\/2020"}],"wp:attachment":[{"href":"https:\/\/www.bee-pilot.io\/it\/wp-json\/wp\/v2\/media?parent=2017"}],"curies":[{"name":"wp","href":"https:\/\/api.w.org\/{rel}","templated":true}]}}