{"id":2027,"date":"2025-12-27T10:00:29","date_gmt":"2025-12-27T10:00:29","guid":{"rendered":"https:\/\/www.bee-pilot.io\/scheda-alveare-digitale\/"},"modified":"2026-03-18T06:32:05","modified_gmt":"2026-03-18T06:32:05","slug":"scheda-alveare-digitale","status":"publish","type":"page","link":"https:\/\/www.bee-pilot.io\/it\/scheda-alveare-digitale\/","title":{"rendered":"scheda alveare digitale"},"content":{"rendered":"\n<div class=\"wp-block-group bp-hero\"><div class=\"wp-block-group__inner-container is-layout-constrained wp-container-core-group-is-layout-7a8ecd1d wp-block-group-is-layout-constrained\">\n<div class=\"wp-block-group bp-hero__inner\"><div class=\"wp-block-group__inner-container is-layout-constrained wp-block-group-is-layout-constrained\">\n<p><\/p>\n\n\n\n<h2 class=\"wp-block-heading bp-hero__title\">La scheda alveare digitale che collabora davvero.<\/h2>\n\n\n\n<p class=\"bp-hero__text\">Con <strong>bee-pilot.io<\/strong> digitalizzi le schede alveare delle tue colonie di api in modo semplice e chiaro. Basta con la confusione di foglietti e registrazioni incomplete: hai sempre tutte le informazioni importanti disponibili centralmente \u2013 mobili, aggiornate e ben strutturate. <\/p>\n\n\n\n<p class=\"bp-hero__text\">Che tu sia un apicoltore per hobby o professionista: <strong>bee-pilot.io<\/strong> ti supporta nel mantenere una visione d&#8217;insieme, prendere decisioni migliori e migliorare in modo sostenibile lo sviluppo delle tue colonie di api.<\/p>\n\n\n\n<div class=\"wp-block-buttons is-content-justification-center is-layout-flex wp-container-core-buttons-is-layout-16018d1d wp-block-buttons-is-layout-flex\">\n<div class=\"wp-block-button bp-btn\"><a class=\"wp-block-button__link has-luminous-vivid-amber-background-color has-background wp-element-button\" href=\"https:\/\/app.bee-pilot.io\/registration\">Prova ora gratuitamente<\/a><\/div>\n<\/div>\n<\/div><\/div>\n<\/div><\/div>\n\n<div style=\"height:26px\" aria-hidden=\"true\" class=\"wp-block-spacer\"><\/div>\n\n<div class=\"wp-block-group bp-section\"><div class=\"wp-block-group__inner-container is-layout-constrained wp-container-core-group-is-layout-7a8ecd1d wp-block-group-is-layout-constrained\">\n<h3 class=\"wp-block-heading has-text-align-center bp-section__title\" id=\"h-deine-mehrwerte-mit-bee-pilot-io\">I tuoi vantaggi con bee-pilot.io<\/h3>\n\n\n\n<p class=\"has-text-align-center bp-section__sub\">Informazioni chiare, decisioni rapide e una cronologia tracciabile \u2013 per ogni singola colonia.<\/p>\n<\/div><\/div>\n\n<div style=\"height:18px\" aria-hidden=\"true\" class=\"wp-block-spacer\"><\/div>\n\n<div class=\"wp-block-group bp-cards\"><div class=\"wp-block-group__inner-container is-layout-constrained wp-container-core-group-is-layout-7a8ecd1d wp-block-group-is-layout-constrained\">\n<div class=\"wp-block-columns bp-cols is-layout-flex wp-container-core-columns-is-layout-9d6595d7 wp-block-columns-is-layout-flex\">\n<div class=\"wp-block-column is-vertically-aligned-center is-layout-flow wp-block-column-is-layout-flow\">\n<div class=\"wp-block-group bp-card\"><div class=\"wp-block-group__inner-container is-layout-constrained wp-block-group-is-layout-constrained\">\n<h4 class=\"wp-block-heading\" id=\"h-gesundheitsampel-auf-einen-blick\"><strong>Semaforo della salute a colpo d&#8217;occhio<\/strong><\/h4>\n\n\n\n<p class=\"bp-card__text\">Grazie all&#8217;intuitivo <strong>semaforo della salute (Verde \u2013 Giallo \u2013 Rosso)<\/strong>, riconosci immediatamente se una colonia \u00e8 stabile o se \u00e8 necessario intervenire. In questo modo reagisci tempestivamente e affronti i problemi in modo mirato prima che si aggravino. <\/p>\n<\/div><\/div>\n<\/div>\n\n\n\n<div class=\"wp-block-column is-layout-flow wp-block-column-is-layout-flow\">\n<div class=\"wp-block-group bp-card\"><div class=\"wp-block-group__inner-container is-layout-constrained wp-block-group-is-layout-constrained\"><div class=\"wp-block-image bp-shot\">\n<figure class=\"aligncenter size-medium\"><img loading=\"lazy\" decoding=\"async\" width=\"139\" height=\"300\" src=\"https:\/\/www.bee-pilot.io\/wp-content\/uploads\/2025\/12\/stockkarte-139x300.png\" alt=\"Scheda alveare mobile\" class=\"wp-image-1143\" srcset=\"https:\/\/www.bee-pilot.io\/wp-content\/uploads\/2025\/12\/stockkarte-139x300.png 139w, https:\/\/www.bee-pilot.io\/wp-content\/uploads\/2025\/12\/stockkarte-474x1024.png 474w, https:\/\/www.bee-pilot.io\/wp-content\/uploads\/2025\/12\/stockkarte-768x1659.png 768w, https:\/\/www.bee-pilot.io\/wp-content\/uploads\/2025\/12\/stockkarte-711x1536.png 711w, https:\/\/www.bee-pilot.io\/wp-content\/uploads\/2025\/12\/stockkarte.png 784w\" sizes=\"auto, (max-width: 139px) 100vw, 139px\" \/><\/figure>\n<\/div><\/div><\/div>\n<\/div>\n<\/div>\n\n\n\n<div style=\"height:14px\" aria-hidden=\"true\" class=\"wp-block-spacer\"><\/div>\n\n\n\n<div class=\"wp-block-columns bp-cols is-layout-flex wp-container-core-columns-is-layout-9d6595d7 wp-block-columns-is-layout-flex\">\n<div class=\"wp-block-column is-vertically-aligned-center is-layout-flow wp-block-column-is-layout-flow\">\n<div class=\"wp-block-group bp-card\"><div class=\"wp-block-group__inner-container is-layout-constrained wp-block-group-is-layout-constrained\">\n<h4 class=\"wp-block-heading\" id=\"h-alle-stockdaten-ubersichtlich-gebundelt\"><strong>Tutti i dati dell&#8217;alveare raggruppati in modo chiaro<\/strong><\/h4>\n\n\n\n<p class=\"bp-card__text\">In una chiara panoramica trovi tutti i dati fondamentali rilevanti per ogni colonia \u2013 documentati in modo strutturato e sempre accessibili:<\/p>\n\n\n\n<ul class=\"wp-block-list bp-list\">\n<li>Quale <strong>razza di api<\/strong> viene allevata?<\/li>\n\n\n\n<li>Quale <strong>misura di arnia<\/strong> viene utilizzata?<\/li>\n\n\n\n<li>Quanti <strong>melari e nidi<\/strong> sono attualmente presenti?<\/li>\n<\/ul>\n<\/div><\/div>\n<\/div>\n\n\n\n<div class=\"wp-block-column is-vertically-aligned-center is-layout-flow wp-block-column-is-layout-flow\">\n<div class=\"wp-block-group bp-card\"><div class=\"wp-block-group__inner-container is-layout-constrained wp-block-group-is-layout-constrained\"><div class=\"wp-block-image bp-shot\">\n<figure class=\"aligncenter size-large\"><img loading=\"lazy\" decoding=\"async\" width=\"1024\" height=\"547\" src=\"https:\/\/www.bee-pilot.io\/wp-content\/uploads\/2025\/12\/stockdaten-1024x547.png\" alt=\"Panoramica dati alveare\" class=\"wp-image-1144\" srcset=\"https:\/\/www.bee-pilot.io\/wp-content\/uploads\/2025\/12\/stockdaten-1024x547.png 1024w, https:\/\/www.bee-pilot.io\/wp-content\/uploads\/2025\/12\/stockdaten-300x160.png 300w, https:\/\/www.bee-pilot.io\/wp-content\/uploads\/2025\/12\/stockdaten-768x411.png 768w, https:\/\/www.bee-pilot.io\/wp-content\/uploads\/2025\/12\/stockdaten-1536x821.png 1536w, https:\/\/www.bee-pilot.io\/wp-content\/uploads\/2025\/12\/stockdaten.png 1590w\" sizes=\"auto, (max-width: 1024px) 100vw, 1024px\" \/><\/figure>\n<\/div><\/div><\/div>\n<\/div>\n<\/div>\n\n\n\n<div style=\"height:14px\" aria-hidden=\"true\" class=\"wp-block-spacer\"><\/div>\n\n\n\n<div class=\"wp-block-columns bp-cols is-layout-flex wp-container-core-columns-is-layout-9d6595d7 wp-block-columns-is-layout-flex\">\n<div class=\"wp-block-column is-vertically-aligned-center is-layout-flow wp-block-column-is-layout-flow\">\n<div class=\"wp-block-group bp-card\"><div class=\"wp-block-group__inner-container is-layout-constrained wp-block-group-is-layout-constrained\"><div class=\"wp-block-image bp-shot\">\n<figure class=\"aligncenter size-large\"><img loading=\"lazy\" decoding=\"async\" width=\"1024\" height=\"549\" src=\"https:\/\/www.bee-pilot.io\/wp-content\/uploads\/2025\/12\/Gesundheitsinfos-1-1024x549.png\" alt=\"Informazioni sulla salute\" class=\"wp-image-1146\" srcset=\"https:\/\/www.bee-pilot.io\/wp-content\/uploads\/2025\/12\/Gesundheitsinfos-1-1024x549.png 1024w, https:\/\/www.bee-pilot.io\/wp-content\/uploads\/2025\/12\/Gesundheitsinfos-1-300x161.png 300w, https:\/\/www.bee-pilot.io\/wp-content\/uploads\/2025\/12\/Gesundheitsinfos-1-768x411.png 768w, https:\/\/www.bee-pilot.io\/wp-content\/uploads\/2025\/12\/Gesundheitsinfos-1-1536x823.png 1536w, https:\/\/www.bee-pilot.io\/wp-content\/uploads\/2025\/12\/Gesundheitsinfos-1.png 1594w\" sizes=\"auto, (max-width: 1024px) 100vw, 1024px\" \/><\/figure>\n<\/div><\/div><\/div>\n<\/div>\n\n\n\n<div class=\"wp-block-column is-vertically-aligned-center is-layout-flow wp-block-column-is-layout-flow\">\n<div class=\"wp-block-group bp-card\"><div class=\"wp-block-group__inner-container is-layout-constrained wp-block-group-is-layout-constrained\">\n<h4 class=\"wp-block-heading\" id=\"h-gesundheits-und-entwicklungsinformationen\"><strong>Informazioni sulla salute e lo sviluppo<\/strong><\/h4>\n\n\n\n<p class=\"bp-card__text\">Tieni costantemente sotto controllo lo stato delle tue colonie \u2013 e riconosci le tendenze in anticipo:<\/p>\n\n\n\n<ul class=\"wp-block-list bp-list\">\n<li><strong>Forza della colonia<\/strong> e <strong>docilit\u00e0<\/strong> documentate in modo chiaro<\/li>\n\n\n\n<li>Cronologia delle ultime <strong>ispezioni e trattamenti<\/strong><\/li>\n\n\n\n<li>Sviluppo durante la stagione \u2013 tracciabile invece che \u201ca sensazione\u201d<\/li>\n<\/ul>\n<\/div><\/div>\n<\/div>\n<\/div>\n\n\n\n<div style=\"height:14px\" aria-hidden=\"true\" class=\"wp-block-spacer\"><\/div>\n\n\n\n<div class=\"wp-block-columns bp-cols is-layout-flex wp-container-core-columns-is-layout-9d6595d7 wp-block-columns-is-layout-flex\">\n<div class=\"wp-block-column is-vertically-aligned-center is-layout-flow wp-block-column-is-layout-flow\">\n<div class=\"wp-block-group bp-card\"><div class=\"wp-block-group__inner-container is-layout-constrained wp-block-group-is-layout-constrained\">\n<h4 class=\"wp-block-heading\" id=\"h-auswertungen-amp-vergleich-am-stand\"><strong>Valutazioni e confronti nell&#8217;apiario<\/strong><\/h4>\n\n\n\n<p class=\"bp-card__text\">Con <strong>valutazioni e classifiche<\/strong> intelligenti confronti le colonie tra loro: come si sviluppa una colonia rispetto alle altre nello stesso apiario? Questa trasparenza ti supporta nelle decisioni riguardanti la cura, la posizione e l&#8217;allevamento. <\/p>\n<\/div><\/div>\n<\/div>\n\n\n\n<div class=\"wp-block-column is-vertically-aligned-center is-layout-flow wp-block-column-is-layout-flow\">\n<div class=\"wp-block-group bp-card\"><div class=\"wp-block-group__inner-container is-layout-constrained wp-block-group-is-layout-constrained\"><div class=\"wp-block-image bp-shot\">\n<figure class=\"aligncenter size-large\"><img loading=\"lazy\" decoding=\"async\" width=\"1024\" height=\"871\" src=\"https:\/\/www.bee-pilot.io\/wp-content\/uploads\/2025\/12\/bewertung-1024x871.png\" alt=\"Valutazione e analisi\" class=\"wp-image-1147\" srcset=\"https:\/\/www.bee-pilot.io\/wp-content\/uploads\/2025\/12\/bewertung-1024x871.png 1024w, https:\/\/www.bee-pilot.io\/wp-content\/uploads\/2025\/12\/bewertung-300x255.png 300w, https:\/\/www.bee-pilot.io\/wp-content\/uploads\/2025\/12\/bewertung-768x653.png 768w, https:\/\/www.bee-pilot.io\/wp-content\/uploads\/2025\/12\/bewertung.png 1434w\" sizes=\"auto, (max-width: 1024px) 100vw, 1024px\" \/><\/figure>\n<\/div><\/div><\/div>\n<\/div>\n<\/div>\n\n\n\n<div style=\"height:14px\" aria-hidden=\"true\" class=\"wp-block-spacer\"><\/div>\n\n\n\n<div class=\"wp-block-columns bp-cols is-layout-flex wp-container-core-columns-is-layout-9d6595d7 wp-block-columns-is-layout-flex\">\n<div class=\"wp-block-column is-vertically-aligned-center is-layout-flow wp-block-column-is-layout-flow\">\n<div class=\"wp-block-group bp-card\"><div class=\"wp-block-group__inner-container is-layout-constrained wp-block-group-is-layout-constrained\"><div class=\"wp-block-image bp-shot\">\n<figure class=\"aligncenter size-large\"><img loading=\"lazy\" decoding=\"async\" width=\"1024\" height=\"603\" src=\"https:\/\/www.bee-pilot.io\/wp-content\/uploads\/2025\/12\/koenigin-1024x603.png\" alt=\"Regine\" class=\"wp-image-1148\" srcset=\"https:\/\/www.bee-pilot.io\/wp-content\/uploads\/2025\/12\/koenigin-1024x603.png 1024w, https:\/\/www.bee-pilot.io\/wp-content\/uploads\/2025\/12\/koenigin-300x177.png 300w, https:\/\/www.bee-pilot.io\/wp-content\/uploads\/2025\/12\/koenigin-768x452.png 768w, https:\/\/www.bee-pilot.io\/wp-content\/uploads\/2025\/12\/koenigin-1536x904.png 1536w, https:\/\/www.bee-pilot.io\/wp-content\/uploads\/2025\/12\/koenigin.png 1590w\" sizes=\"auto, (max-width: 1024px) 100vw, 1024px\" \/><\/figure>\n<\/div><\/div><\/div>\n<\/div>\n\n\n\n<div class=\"wp-block-column is-vertically-aligned-center is-layout-flow wp-block-column-is-layout-flow\">\n<div class=\"wp-block-group bp-card\"><div class=\"wp-block-group__inner-container is-layout-constrained wp-block-group-is-layout-constrained\">\n<h4 class=\"wp-block-heading\" id=\"h-koniginnen-im-fokus\"><strong>Regine sotto i riflettori<\/strong><\/h4>\n\n\n\n<p class=\"bp-card__text\">Documenta in modo mirato le caratteristiche della regina \u2013 come produttivit\u00e0, docilit\u00e0 o vitalit\u00e0. Questo crea una base preziosa per le decisioni di allevamento e la pianificazione a lungo termine. <\/p>\n<\/div><\/div>\n<\/div>\n<\/div>\n\n\n\n<div style=\"height:14px\" aria-hidden=\"true\" class=\"wp-block-spacer\"><\/div>\n\n\n\n<div class=\"wp-block-columns bp-cols is-layout-flex wp-container-core-columns-is-layout-9d6595d7 wp-block-columns-is-layout-flex\">\n<div class=\"wp-block-column is-vertically-aligned-center is-layout-flow wp-block-column-is-layout-flow\">\n<div class=\"wp-block-group bp-card\"><div class=\"wp-block-group__inner-container is-layout-constrained wp-block-group-is-layout-constrained\">\n<figure class=\"wp-block-image size-large bp-shot\"><img loading=\"lazy\" decoding=\"async\" width=\"973\" height=\"1024\" src=\"https:\/\/www.bee-pilot.io\/wp-content\/uploads\/2025\/12\/Verwandtschaft-973x1024.png\" alt=\"Parentela\" class=\"wp-image-1149\" srcset=\"https:\/\/www.bee-pilot.io\/wp-content\/uploads\/2025\/12\/Verwandtschaft-973x1024.png 973w, https:\/\/www.bee-pilot.io\/wp-content\/uploads\/2025\/12\/Verwandtschaft-285x300.png 285w, https:\/\/www.bee-pilot.io\/wp-content\/uploads\/2025\/12\/Verwandtschaft-768x808.png 768w, https:\/\/www.bee-pilot.io\/wp-content\/uploads\/2025\/12\/Verwandtschaft-1460x1536.png 1460w, https:\/\/www.bee-pilot.io\/wp-content\/uploads\/2025\/12\/Verwandtschaft.png 1462w\" sizes=\"auto, (max-width: 973px) 100vw, 973px\" \/><\/figure>\n<\/div><\/div>\n<\/div>\n\n\n\n<div class=\"wp-block-column is-vertically-aligned-center is-layout-flow wp-block-column-is-layout-flow\">\n<div class=\"wp-block-group bp-card\"><div class=\"wp-block-group__inner-container is-layout-constrained wp-block-group-is-layout-constrained\">\n<h4 class=\"wp-block-heading\" id=\"h-abstammung-und-beziehungen-erkennen\"><strong>Riconoscere discendenza e relazioni<\/strong><\/h4>\n\n\n\n<p class=\"bp-card__text\">Traccia l&#8217;origine delle tue regine e rendi visibili le connessioni genetiche \u2013 documentate in modo tracciabile:<\/p>\n\n\n\n<ul class=\"wp-block-list bp-list\">\n<li>Chi era la <strong>madre<\/strong> della colonia?<\/li>\n\n\n\n<li>Da quale <strong>ceppo \/ apiario<\/strong> proviene?<\/li>\n<\/ul>\n<\/div><\/div>\n<\/div>\n<\/div>\n<\/div><\/div>\n\n<div style=\"height:26px\" aria-hidden=\"true\" class=\"wp-block-spacer\"><\/div>\n\n<div class=\"wp-block-group bp-cta\"><div class=\"wp-block-group__inner-container is-layout-constrained wp-container-core-group-is-layout-7a8ecd1d wp-block-group-is-layout-constrained\">\n<h3 class=\"wp-block-heading has-text-align-center bp-cta__title\">Pronto per schede alveare chiare senza la confusione di foglietti?<\/h3>\n\n\n\n<p class=\"has-text-align-center bp-cta__text\">Prova bee-pilot.io gratuitamente e scopri quanto velocemente trovi informazioni, prendi decisioni e tieni sotto controllo le tue colonie in modo sostenibile.<\/p>\n\n\n\n<div class=\"wp-block-buttons is-content-justification-center is-layout-flex wp-container-core-buttons-is-layout-16018d1d wp-block-buttons-is-layout-flex\">\n<div class=\"wp-block-button bp-btn\"><a class=\"wp-block-button__link has-luminous-vivid-amber-background-color has-background wp-element-button\" href=\"https:\/\/app.bee-pilot.io\/registration\">Prova ora gratuitamente<\/a><\/div>\n<\/div>\n<\/div><\/div>\n\n<p>\u00a0<\/p>\n","protected":false},"excerpt":{"rendered":"<p>La scheda alveare digitale che collabora davvero. Con bee-pilot.io digitalizzi le schede alveare delle tue colonie di api in modo semplice e chiaro. Basta con la confusione di foglietti e registrazioni incomplete: hai sempre tutte le informazioni importanti disponibili centralmente \u2013 mobili, aggiornate e ben strutturate. Che tu sia un apicoltore per hobby o professionista: [&hellip;]<\/p>\n","protected":false},"author":1,"featured_media":2030,"parent":0,"menu_order":0,"comment_status":"closed","ping_status":"closed","template":"","meta":{"footnotes":""},"class_list":["post-2027","page","type-page","status-publish","has-post-thumbnail","hentry"],"yoast_head":"<!-- This site is optimized with the Yoast SEO Premium plugin v26.6 (Yoast SEO v26.6) - https:\/\/yoast.com\/wordpress\/plugins\/seo\/ -->\n<title>Scheda alveare digitale per decisioni pi\u00f9 efficienti - bee-pilot.io<\/title>\n<meta name=\"description\" content=\"Scopri i vantaggi della scheda alveare digitale con bee-pilot.io. Tieni facilmente sotto controllo tutto ci\u00f2 che riguarda le tue colonie di api.\" \/>\n<meta name=\"robots\" content=\"index, follow, max-snippet:-1, max-image-preview:large, max-video-preview:-1\" \/>\n<link rel=\"canonical\" href=\"https:\/\/www.bee-pilot.io\/it\/scheda-alveare-digitale\/\" \/>\n<meta property=\"og:locale\" content=\"it_IT\" \/>\n<meta property=\"og:type\" content=\"article\" \/>\n<meta property=\"og:title\" content=\"scheda alveare digitale\" \/>\n<meta property=\"og:description\" content=\"Scopri i vantaggi della scheda alveare digitale con bee-pilot.io. Tieni facilmente sotto controllo tutto ci\u00f2 che riguarda le tue colonie di api.\" \/>\n<meta property=\"og:url\" content=\"https:\/\/www.bee-pilot.io\/it\/scheda-alveare-digitale\/\" \/>\n<meta property=\"og:site_name\" content=\"bee-pilot.io\" \/>\n<meta property=\"article:modified_time\" content=\"2026-03-18T06:32:05+00:00\" \/>\n<meta property=\"og:image\" content=\"https:\/\/www.bee-pilot.io\/wp-content\/uploads\/2025\/12\/digitalestockkarte-1024x683.png\" \/>\n\t<meta property=\"og:image:width\" content=\"1024\" \/>\n\t<meta property=\"og:image:height\" content=\"683\" \/>\n\t<meta property=\"og:image:type\" content=\"image\/png\" \/>\n<meta name=\"twitter:card\" content=\"summary_large_image\" \/>\n<meta name=\"twitter:label1\" content=\"Tempo di lettura stimato\" \/>\n\t<meta name=\"twitter:data1\" content=\"2 minuti\" \/>\n<script type=\"application\/ld+json\" class=\"yoast-schema-graph\">{\"@context\":\"https:\/\/schema.org\",\"@graph\":[{\"@type\":\"WebPage\",\"@id\":\"https:\/\/www.bee-pilot.io\/it\/scheda-alveare-digitale\/\",\"url\":\"https:\/\/www.bee-pilot.io\/it\/scheda-alveare-digitale\/\",\"name\":\"Scheda alveare digitale per decisioni pi\u00f9 efficienti - bee-pilot.io\",\"isPartOf\":{\"@id\":\"https:\/\/www.bee-pilot.io\/it\/#website\"},\"primaryImageOfPage\":{\"@id\":\"https:\/\/www.bee-pilot.io\/it\/scheda-alveare-digitale\/#primaryimage\"},\"image\":{\"@id\":\"https:\/\/www.bee-pilot.io\/it\/scheda-alveare-digitale\/#primaryimage\"},\"thumbnailUrl\":\"https:\/\/www.bee-pilot.io\/wp-content\/uploads\/2025\/12\/digitalestockkarte.png\",\"datePublished\":\"2025-12-27T10:00:29+00:00\",\"dateModified\":\"2026-03-18T06:32:05+00:00\",\"description\":\"Scopri i vantaggi della scheda alveare digitale con bee-pilot.io. Tieni facilmente sotto controllo tutto ci\u00f2 che riguarda le tue colonie di api.\",\"breadcrumb\":{\"@id\":\"https:\/\/www.bee-pilot.io\/it\/scheda-alveare-digitale\/#breadcrumb\"},\"inLanguage\":\"it-IT\",\"potentialAction\":[{\"@type\":\"ReadAction\",\"target\":[\"https:\/\/www.bee-pilot.io\/it\/scheda-alveare-digitale\/\"]}]},{\"@type\":\"ImageObject\",\"inLanguage\":\"it-IT\",\"@id\":\"https:\/\/www.bee-pilot.io\/it\/scheda-alveare-digitale\/#primaryimage\",\"url\":\"https:\/\/www.bee-pilot.io\/wp-content\/uploads\/2025\/12\/digitalestockkarte.png\",\"contentUrl\":\"https:\/\/www.bee-pilot.io\/wp-content\/uploads\/2025\/12\/digitalestockkarte.png\",\"width\":1536,\"height\":1024,\"caption\":\"scheda alveare digitale\"},{\"@type\":\"BreadcrumbList\",\"@id\":\"https:\/\/www.bee-pilot.io\/it\/scheda-alveare-digitale\/#breadcrumb\",\"itemListElement\":[{\"@type\":\"ListItem\",\"position\":1,\"name\":\"Startseite\",\"item\":\"https:\/\/www.bee-pilot.io\/it\/\"},{\"@type\":\"ListItem\",\"position\":2,\"name\":\"scheda alveare digitale\"}]},{\"@type\":\"WebSite\",\"@id\":\"https:\/\/www.bee-pilot.io\/it\/#website\",\"url\":\"https:\/\/www.bee-pilot.io\/it\/\",\"name\":\"bee-pilot.io\",\"description\":\"Bee-Pilot: KI-gest\u00fctzte Software f\u00fcr Imker \u2013 Digitale Stockkarte, Wetter &amp; Checklisten\",\"publisher\":{\"@id\":\"https:\/\/www.bee-pilot.io\/it\/#organization\"},\"potentialAction\":[{\"@type\":\"SearchAction\",\"target\":{\"@type\":\"EntryPoint\",\"urlTemplate\":\"https:\/\/www.bee-pilot.io\/it\/?s={search_term_string}\"},\"query-input\":{\"@type\":\"PropertyValueSpecification\",\"valueRequired\":true,\"valueName\":\"search_term_string\"}}],\"inLanguage\":\"it-IT\"},{\"@type\":\"Organization\",\"@id\":\"https:\/\/www.bee-pilot.io\/it\/#organization\",\"name\":\"bee-pilot.io UG (haftungsbeschr\u00e4nkt)\",\"url\":\"https:\/\/www.bee-pilot.io\/it\/\",\"logo\":{\"@type\":\"ImageObject\",\"inLanguage\":\"it-IT\",\"@id\":\"https:\/\/www.bee-pilot.io\/it\/#\/schema\/logo\/image\/\",\"url\":\"https:\/\/www.bee-pilot.io\/wp-content\/uploads\/2024\/10\/cropped-bee-pilot-logo.png\",\"contentUrl\":\"https:\/\/www.bee-pilot.io\/wp-content\/uploads\/2024\/10\/cropped-bee-pilot-logo.png\",\"width\":291,\"height\":85,\"caption\":\"bee-pilot.io UG (haftungsbeschr\u00e4nkt)\"},\"image\":{\"@id\":\"https:\/\/www.bee-pilot.io\/it\/#\/schema\/logo\/image\/\"}}]}<\/script>\n<!-- \/ Yoast SEO Premium plugin. -->","yoast_head_json":{"title":"Scheda alveare digitale per decisioni pi\u00f9 efficienti - bee-pilot.io","description":"Scopri i vantaggi della scheda alveare digitale con bee-pilot.io. Tieni facilmente sotto controllo tutto ci\u00f2 che riguarda le tue colonie di api.","robots":{"index":"index","follow":"follow","max-snippet":"max-snippet:-1","max-image-preview":"max-image-preview:large","max-video-preview":"max-video-preview:-1"},"canonical":"https:\/\/www.bee-pilot.io\/it\/scheda-alveare-digitale\/","og_locale":"it_IT","og_type":"article","og_title":"scheda alveare digitale","og_description":"Scopri i vantaggi della scheda alveare digitale con bee-pilot.io. Tieni facilmente sotto controllo tutto ci\u00f2 che riguarda le tue colonie di api.","og_url":"https:\/\/www.bee-pilot.io\/it\/scheda-alveare-digitale\/","og_site_name":"bee-pilot.io","article_modified_time":"2026-03-18T06:32:05+00:00","og_image":[{"width":1024,"height":683,"url":"https:\/\/www.bee-pilot.io\/wp-content\/uploads\/2025\/12\/digitalestockkarte-1024x683.png","type":"image\/png"}],"twitter_card":"summary_large_image","twitter_misc":{"Tempo di lettura stimato":"2 minuti"},"schema":{"@context":"https:\/\/schema.org","@graph":[{"@type":"WebPage","@id":"https:\/\/www.bee-pilot.io\/it\/scheda-alveare-digitale\/","url":"https:\/\/www.bee-pilot.io\/it\/scheda-alveare-digitale\/","name":"Scheda alveare digitale per decisioni pi\u00f9 efficienti - bee-pilot.io","isPartOf":{"@id":"https:\/\/www.bee-pilot.io\/it\/#website"},"primaryImageOfPage":{"@id":"https:\/\/www.bee-pilot.io\/it\/scheda-alveare-digitale\/#primaryimage"},"image":{"@id":"https:\/\/www.bee-pilot.io\/it\/scheda-alveare-digitale\/#primaryimage"},"thumbnailUrl":"https:\/\/www.bee-pilot.io\/wp-content\/uploads\/2025\/12\/digitalestockkarte.png","datePublished":"2025-12-27T10:00:29+00:00","dateModified":"2026-03-18T06:32:05+00:00","description":"Scopri i vantaggi della scheda alveare digitale con bee-pilot.io. Tieni facilmente sotto controllo tutto ci\u00f2 che riguarda le tue colonie di api.","breadcrumb":{"@id":"https:\/\/www.bee-pilot.io\/it\/scheda-alveare-digitale\/#breadcrumb"},"inLanguage":"it-IT","potentialAction":[{"@type":"ReadAction","target":["https:\/\/www.bee-pilot.io\/it\/scheda-alveare-digitale\/"]}]},{"@type":"ImageObject","inLanguage":"it-IT","@id":"https:\/\/www.bee-pilot.io\/it\/scheda-alveare-digitale\/#primaryimage","url":"https:\/\/www.bee-pilot.io\/wp-content\/uploads\/2025\/12\/digitalestockkarte.png","contentUrl":"https:\/\/www.bee-pilot.io\/wp-content\/uploads\/2025\/12\/digitalestockkarte.png","width":1536,"height":1024,"caption":"scheda alveare digitale"},{"@type":"BreadcrumbList","@id":"https:\/\/www.bee-pilot.io\/it\/scheda-alveare-digitale\/#breadcrumb","itemListElement":[{"@type":"ListItem","position":1,"name":"Startseite","item":"https:\/\/www.bee-pilot.io\/it\/"},{"@type":"ListItem","position":2,"name":"scheda alveare digitale"}]},{"@type":"WebSite","@id":"https:\/\/www.bee-pilot.io\/it\/#website","url":"https:\/\/www.bee-pilot.io\/it\/","name":"bee-pilot.io","description":"Bee-Pilot: KI-gest\u00fctzte Software f\u00fcr Imker \u2013 Digitale Stockkarte, Wetter &amp; Checklisten","publisher":{"@id":"https:\/\/www.bee-pilot.io\/it\/#organization"},"potentialAction":[{"@type":"SearchAction","target":{"@type":"EntryPoint","urlTemplate":"https:\/\/www.bee-pilot.io\/it\/?s={search_term_string}"},"query-input":{"@type":"PropertyValueSpecification","valueRequired":true,"valueName":"search_term_string"}}],"inLanguage":"it-IT"},{"@type":"Organization","@id":"https:\/\/www.bee-pilot.io\/it\/#organization","name":"bee-pilot.io UG (haftungsbeschr\u00e4nkt)","url":"https:\/\/www.bee-pilot.io\/it\/","logo":{"@type":"ImageObject","inLanguage":"it-IT","@id":"https:\/\/www.bee-pilot.io\/it\/#\/schema\/logo\/image\/","url":"https:\/\/www.bee-pilot.io\/wp-content\/uploads\/2024\/10\/cropped-bee-pilot-logo.png","contentUrl":"https:\/\/www.bee-pilot.io\/wp-content\/uploads\/2024\/10\/cropped-bee-pilot-logo.png","width":291,"height":85,"caption":"bee-pilot.io UG (haftungsbeschr\u00e4nkt)"},"image":{"@id":"https:\/\/www.bee-pilot.io\/it\/#\/schema\/logo\/image\/"}}]}},"_links":{"self":[{"href":"https:\/\/www.bee-pilot.io\/it\/wp-json\/wp\/v2\/pages\/2027","targetHints":{"allow":["GET"]}}],"collection":[{"href":"https:\/\/www.bee-pilot.io\/it\/wp-json\/wp\/v2\/pages"}],"about":[{"href":"https:\/\/www.bee-pilot.io\/it\/wp-json\/wp\/v2\/types\/page"}],"author":[{"embeddable":true,"href":"https:\/\/www.bee-pilot.io\/it\/wp-json\/wp\/v2\/users\/1"}],"replies":[{"embeddable":true,"href":"https:\/\/www.bee-pilot.io\/it\/wp-json\/wp\/v2\/comments?post=2027"}],"version-history":[{"count":1,"href":"https:\/\/www.bee-pilot.io\/it\/wp-json\/wp\/v2\/pages\/2027\/revisions"}],"predecessor-version":[{"id":2031,"href":"https:\/\/www.bee-pilot.io\/it\/wp-json\/wp\/v2\/pages\/2027\/revisions\/2031"}],"wp:featuredmedia":[{"embeddable":true,"href":"https:\/\/www.bee-pilot.io\/it\/wp-json\/wp\/v2\/media\/2030"}],"wp:attachment":[{"href":"https:\/\/www.bee-pilot.io\/it\/wp-json\/wp\/v2\/media?parent=2027"}],"curies":[{"name":"wp","href":"https:\/\/api.w.org\/{rel}","templated":true}]}}