{"id":2032,"date":"2025-02-11T16:23:28","date_gmt":"2025-02-11T16:23:28","guid":{"rendered":"https:\/\/www.bee-pilot.io\/accessibilita-secondo-bfsg\/"},"modified":"2026-03-18T06:32:25","modified_gmt":"2026-03-18T06:32:25","slug":"accessibilita-secondo-bfsg","status":"publish","type":"page","link":"https:\/\/www.bee-pilot.io\/it\/accessibilita-secondo-bfsg\/","title":{"rendered":"Accessibilit\u00e0 secondo BFSG"},"content":{"rendered":"\n<h3 class=\"wp-block-heading\"><strong>Dichiarazione di accessibilit\u00e0 secondo la legge sul rafforzamento dell&#8217;accessibilit\u00e0 (BFSG)<\/strong><\/h3>\n\n<p><strong>Stato della dichiarazione:<\/strong> 31.07.2025<\/p>\n\n<p>Noi, Firma bee-pilot.io UG (haftungsbeschr\u00e4nkt), ci impegniamo a rendere le nostre offerte digitali il pi\u00f9 accessibili possibile secondo i requisiti della <strong>legge sul rafforzamento dell&#8217;accessibilit\u00e0 (BFSG)<\/strong> e della direttiva UE (UE) 2019\/882 sull&#8217;accessibilit\u00e0 di prodotti e servizi. Il nostro obiettivo \u00e8 consentire a tutti gli utenti un accesso paritario ai nostri contenuti e funzioni digitali. <\/p>\n\n<h3 class=\"wp-block-heading\"><strong>Stato dell&#8217;accessibilit\u00e0<\/strong><\/h3>\n\n<p>Il nostro sito web si orienta ai requisiti delle <strong>Web Content Accessibility Guidelines (WCAG) 2.1, livello di conformit\u00e0 AA<\/strong> e ai requisiti tecnici secondo la <strong>EN 301 549<\/strong>. Attualmente sono implementate o in programma le seguenti misure per l&#8217;accessibilit\u00e0: <\/p>\n\n<p>\u2705 Contenuti strutturati e ben leggibili<br\/>\u2705 Testi alternativi per immagini e media<br\/>\u2705 Navigazione da tastiera e gestione del focus<br\/>\u2705 Contrasti chiari e elementi di controllo ben visibili<br\/>\u2705 Supporto per screen reader<\/p>\n\n<p>Lavoriamo continuamente per identificare ed eliminare le barriere esistenti.<\/p>\n\n<h3 class=\"wp-block-heading\"><strong>Feedback e possibilit\u00e0 di contatto<\/strong><\/h3>\n\n<p>Se incontri barriere sul nostro sito web o hai suggerimenti per migliorare l&#8217;accessibilit\u00e0, contattaci:<\/p>\n\n<p>\ud83d\udce7 <strong>E-mail:<\/strong> support@bee-pilot.io<\/p>\n\n<p>Ci impegniamo a rispondere alle tue richieste entro 14 giorni.<\/p>\n","protected":false},"excerpt":{"rendered":"<p>Dichiarazione di accessibilit\u00e0 secondo la legge sul rafforzamento dell&#8217;accessibilit\u00e0 (BFSG) Stato della dichiarazione: 31.07.2025 Noi, Firma bee-pilot.io UG (haftungsbeschr\u00e4nkt), ci impegniamo a rendere le nostre offerte digitali il pi\u00f9 accessibili possibile secondo i requisiti della legge sul rafforzamento dell&#8217;accessibilit\u00e0 (BFSG) e della direttiva UE (UE) 2019\/882 sull&#8217;accessibilit\u00e0 di prodotti e servizi. Il nostro obiettivo \u00e8 [&hellip;]<\/p>\n","protected":false},"author":1,"featured_media":0,"parent":0,"menu_order":0,"comment_status":"closed","ping_status":"closed","template":"","meta":{"footnotes":""},"class_list":["post-2032","page","type-page","status-publish","hentry"],"yoast_head":"<!-- This site is optimized with the Yoast SEO Premium plugin v26.6 (Yoast SEO v26.6) - https:\/\/yoast.com\/wordpress\/plugins\/seo\/ -->\n<title>Accessibilit\u00e0 secondo BFSG - bee-pilot.io<\/title>\n<meta name=\"robots\" content=\"index, follow, max-snippet:-1, max-image-preview:large, max-video-preview:-1\" \/>\n<link rel=\"canonical\" href=\"https:\/\/www.bee-pilot.io\/it\/accessibilita-secondo-bfsg\/\" \/>\n<meta property=\"og:locale\" content=\"it_IT\" \/>\n<meta property=\"og:type\" content=\"article\" \/>\n<meta property=\"og:title\" content=\"Accessibilit\u00e0 secondo BFSG\" \/>\n<meta property=\"og:description\" content=\"Dichiarazione di accessibilit\u00e0 secondo la legge sul rafforzamento dell&#8217;accessibilit\u00e0 (BFSG) Stato della dichiarazione: 31.07.2025 Noi, Firma bee-pilot.io UG (haftungsbeschr\u00e4nkt), ci impegniamo a rendere le nostre offerte digitali il pi\u00f9 accessibili possibile secondo i requisiti della legge sul rafforzamento dell&#8217;accessibilit\u00e0 (BFSG) e della direttiva UE (UE) 2019\/882 sull&#8217;accessibilit\u00e0 di prodotti e servizi. Il nostro obiettivo \u00e8 [&hellip;]\" \/>\n<meta property=\"og:url\" content=\"https:\/\/www.bee-pilot.io\/it\/accessibilita-secondo-bfsg\/\" \/>\n<meta property=\"og:site_name\" content=\"bee-pilot.io\" \/>\n<meta property=\"article:modified_time\" content=\"2026-03-18T06:32:25+00:00\" \/>\n<meta property=\"og:image\" content=\"https:\/\/www.bee-pilot.io\/wp-content\/uploads\/2025\/02\/applogo-1.png\" \/>\n\t<meta property=\"og:image:width\" content=\"1057\" \/>\n\t<meta property=\"og:image:height\" content=\"746\" \/>\n\t<meta property=\"og:image:type\" content=\"image\/png\" \/>\n<meta name=\"twitter:card\" content=\"summary_large_image\" \/>\n<meta name=\"twitter:label1\" content=\"Tempo di lettura stimato\" \/>\n\t<meta name=\"twitter:data1\" content=\"1 minuto\" \/>\n<script type=\"application\/ld+json\" class=\"yoast-schema-graph\">{\"@context\":\"https:\/\/schema.org\",\"@graph\":[{\"@type\":\"WebPage\",\"@id\":\"https:\/\/www.bee-pilot.io\/it\/accessibilita-secondo-bfsg\/\",\"url\":\"https:\/\/www.bee-pilot.io\/it\/accessibilita-secondo-bfsg\/\",\"name\":\"Accessibilit\u00e0 secondo BFSG - bee-pilot.io\",\"isPartOf\":{\"@id\":\"https:\/\/www.bee-pilot.io\/it\/#website\"},\"datePublished\":\"2025-02-11T16:23:28+00:00\",\"dateModified\":\"2026-03-18T06:32:25+00:00\",\"breadcrumb\":{\"@id\":\"https:\/\/www.bee-pilot.io\/it\/accessibilita-secondo-bfsg\/#breadcrumb\"},\"inLanguage\":\"it-IT\",\"potentialAction\":[{\"@type\":\"ReadAction\",\"target\":[\"https:\/\/www.bee-pilot.io\/it\/accessibilita-secondo-bfsg\/\"]}]},{\"@type\":\"BreadcrumbList\",\"@id\":\"https:\/\/www.bee-pilot.io\/it\/accessibilita-secondo-bfsg\/#breadcrumb\",\"itemListElement\":[{\"@type\":\"ListItem\",\"position\":1,\"name\":\"Startseite\",\"item\":\"https:\/\/www.bee-pilot.io\/it\/\"},{\"@type\":\"ListItem\",\"position\":2,\"name\":\"Accessibilit\u00e0 secondo BFSG\"}]},{\"@type\":\"WebSite\",\"@id\":\"https:\/\/www.bee-pilot.io\/it\/#website\",\"url\":\"https:\/\/www.bee-pilot.io\/it\/\",\"name\":\"bee-pilot.io\",\"description\":\"Bee-Pilot: KI-gest\u00fctzte Software f\u00fcr Imker \u2013 Digitale Stockkarte, Wetter &amp; Checklisten\",\"publisher\":{\"@id\":\"https:\/\/www.bee-pilot.io\/it\/#organization\"},\"potentialAction\":[{\"@type\":\"SearchAction\",\"target\":{\"@type\":\"EntryPoint\",\"urlTemplate\":\"https:\/\/www.bee-pilot.io\/it\/?s={search_term_string}\"},\"query-input\":{\"@type\":\"PropertyValueSpecification\",\"valueRequired\":true,\"valueName\":\"search_term_string\"}}],\"inLanguage\":\"it-IT\"},{\"@type\":\"Organization\",\"@id\":\"https:\/\/www.bee-pilot.io\/it\/#organization\",\"name\":\"bee-pilot.io UG (haftungsbeschr\u00e4nkt)\",\"url\":\"https:\/\/www.bee-pilot.io\/it\/\",\"logo\":{\"@type\":\"ImageObject\",\"inLanguage\":\"it-IT\",\"@id\":\"https:\/\/www.bee-pilot.io\/it\/#\/schema\/logo\/image\/\",\"url\":\"https:\/\/www.bee-pilot.io\/wp-content\/uploads\/2024\/10\/cropped-bee-pilot-logo.png\",\"contentUrl\":\"https:\/\/www.bee-pilot.io\/wp-content\/uploads\/2024\/10\/cropped-bee-pilot-logo.png\",\"width\":291,\"height\":85,\"caption\":\"bee-pilot.io UG (haftungsbeschr\u00e4nkt)\"},\"image\":{\"@id\":\"https:\/\/www.bee-pilot.io\/it\/#\/schema\/logo\/image\/\"}}]}<\/script>\n<!-- \/ Yoast SEO Premium plugin. -->","yoast_head_json":{"title":"Accessibilit\u00e0 secondo BFSG - bee-pilot.io","robots":{"index":"index","follow":"follow","max-snippet":"max-snippet:-1","max-image-preview":"max-image-preview:large","max-video-preview":"max-video-preview:-1"},"canonical":"https:\/\/www.bee-pilot.io\/it\/accessibilita-secondo-bfsg\/","og_locale":"it_IT","og_type":"article","og_title":"Accessibilit\u00e0 secondo BFSG","og_description":"Dichiarazione di accessibilit\u00e0 secondo la legge sul rafforzamento dell&#8217;accessibilit\u00e0 (BFSG) Stato della dichiarazione: 31.07.2025 Noi, Firma bee-pilot.io UG (haftungsbeschr\u00e4nkt), ci impegniamo a rendere le nostre offerte digitali il pi\u00f9 accessibili possibile secondo i requisiti della legge sul rafforzamento dell&#8217;accessibilit\u00e0 (BFSG) e della direttiva UE (UE) 2019\/882 sull&#8217;accessibilit\u00e0 di prodotti e servizi. Il nostro obiettivo \u00e8 [&hellip;]","og_url":"https:\/\/www.bee-pilot.io\/it\/accessibilita-secondo-bfsg\/","og_site_name":"bee-pilot.io","article_modified_time":"2026-03-18T06:32:25+00:00","og_image":[{"width":1057,"height":746,"url":"https:\/\/www.bee-pilot.io\/wp-content\/uploads\/2025\/02\/applogo-1.png","type":"image\/png"}],"twitter_card":"summary_large_image","twitter_misc":{"Tempo di lettura stimato":"1 minuto"},"schema":{"@context":"https:\/\/schema.org","@graph":[{"@type":"WebPage","@id":"https:\/\/www.bee-pilot.io\/it\/accessibilita-secondo-bfsg\/","url":"https:\/\/www.bee-pilot.io\/it\/accessibilita-secondo-bfsg\/","name":"Accessibilit\u00e0 secondo BFSG - bee-pilot.io","isPartOf":{"@id":"https:\/\/www.bee-pilot.io\/it\/#website"},"datePublished":"2025-02-11T16:23:28+00:00","dateModified":"2026-03-18T06:32:25+00:00","breadcrumb":{"@id":"https:\/\/www.bee-pilot.io\/it\/accessibilita-secondo-bfsg\/#breadcrumb"},"inLanguage":"it-IT","potentialAction":[{"@type":"ReadAction","target":["https:\/\/www.bee-pilot.io\/it\/accessibilita-secondo-bfsg\/"]}]},{"@type":"BreadcrumbList","@id":"https:\/\/www.bee-pilot.io\/it\/accessibilita-secondo-bfsg\/#breadcrumb","itemListElement":[{"@type":"ListItem","position":1,"name":"Startseite","item":"https:\/\/www.bee-pilot.io\/it\/"},{"@type":"ListItem","position":2,"name":"Accessibilit\u00e0 secondo BFSG"}]},{"@type":"WebSite","@id":"https:\/\/www.bee-pilot.io\/it\/#website","url":"https:\/\/www.bee-pilot.io\/it\/","name":"bee-pilot.io","description":"Bee-Pilot: KI-gest\u00fctzte Software f\u00fcr Imker \u2013 Digitale Stockkarte, Wetter &amp; Checklisten","publisher":{"@id":"https:\/\/www.bee-pilot.io\/it\/#organization"},"potentialAction":[{"@type":"SearchAction","target":{"@type":"EntryPoint","urlTemplate":"https:\/\/www.bee-pilot.io\/it\/?s={search_term_string}"},"query-input":{"@type":"PropertyValueSpecification","valueRequired":true,"valueName":"search_term_string"}}],"inLanguage":"it-IT"},{"@type":"Organization","@id":"https:\/\/www.bee-pilot.io\/it\/#organization","name":"bee-pilot.io UG (haftungsbeschr\u00e4nkt)","url":"https:\/\/www.bee-pilot.io\/it\/","logo":{"@type":"ImageObject","inLanguage":"it-IT","@id":"https:\/\/www.bee-pilot.io\/it\/#\/schema\/logo\/image\/","url":"https:\/\/www.bee-pilot.io\/wp-content\/uploads\/2024\/10\/cropped-bee-pilot-logo.png","contentUrl":"https:\/\/www.bee-pilot.io\/wp-content\/uploads\/2024\/10\/cropped-bee-pilot-logo.png","width":291,"height":85,"caption":"bee-pilot.io UG (haftungsbeschr\u00e4nkt)"},"image":{"@id":"https:\/\/www.bee-pilot.io\/it\/#\/schema\/logo\/image\/"}}]}},"_links":{"self":[{"href":"https:\/\/www.bee-pilot.io\/it\/wp-json\/wp\/v2\/pages\/2032","targetHints":{"allow":["GET"]}}],"collection":[{"href":"https:\/\/www.bee-pilot.io\/it\/wp-json\/wp\/v2\/pages"}],"about":[{"href":"https:\/\/www.bee-pilot.io\/it\/wp-json\/wp\/v2\/types\/page"}],"author":[{"embeddable":true,"href":"https:\/\/www.bee-pilot.io\/it\/wp-json\/wp\/v2\/users\/1"}],"replies":[{"embeddable":true,"href":"https:\/\/www.bee-pilot.io\/it\/wp-json\/wp\/v2\/comments?post=2032"}],"version-history":[{"count":1,"href":"https:\/\/www.bee-pilot.io\/it\/wp-json\/wp\/v2\/pages\/2032\/revisions"}],"predecessor-version":[{"id":2034,"href":"https:\/\/www.bee-pilot.io\/it\/wp-json\/wp\/v2\/pages\/2032\/revisions\/2034"}],"wp:attachment":[{"href":"https:\/\/www.bee-pilot.io\/it\/wp-json\/wp\/v2\/media?parent=2032"}],"curies":[{"name":"wp","href":"https:\/\/api.w.org\/{rel}","templated":true}]}}