{"id":2043,"date":"2025-10-10T05:59:41","date_gmt":"2025-10-10T05:59:41","guid":{"rendered":"https:\/\/www.bee-pilot.io\/colonie-resistenti-alla-varroa-e-il-nostro-obiettivo-comune\/"},"modified":"2026-03-18T06:32:45","modified_gmt":"2026-03-18T06:32:45","slug":"colonie-resistenti-alla-varroa-e-il-nostro-obiettivo-comune","status":"publish","type":"page","link":"https:\/\/www.bee-pilot.io\/it\/colonie-resistenti-alla-varroa-e-il-nostro-obiettivo-comune\/","title":{"rendered":"Colonie resistenti alla varroa \u00e8 il nostro obiettivo comune"},"content":{"rendered":"<p><!-- HERO --><\/p>\n\n<div class=\"wp-block-cover alignfull\" style=\"min-height:380px;aspect-ratio:unset;\"><span aria-hidden=\"true\" class=\"wp-block-cover__background has-background-dim-100 has-background-dim\" style=\"background-color:#0f1115\"><\/span><div class=\"wp-block-cover__inner-container is-layout-flow wp-block-cover-is-layout-flow\">\n<div class=\"wp-block-group\"><div class=\"wp-block-group__inner-container is-layout-constrained wp-container-core-group-is-layout-7a8ecd1d wp-block-group-is-layout-constrained\">\n<p><strong>Valutazione &amp; Allevamento<\/strong><\/p>\n\n\n\n<h2 class=\"wp-block-heading\" id=\"h-zucht-einfach-machen-damit-jede-imkerei-zur-losung-beitragt\">Semplificare l&#8217;allevamento \u2013 affinch\u00e9 ogni apicoltura contribuisca alla soluzione.<\/h2>\n\n\n\n<p><strong>Con bee-pilot.io rendi l&#8217;allevamento pratico e tracciabile.<\/strong> Documenti, confronti e prendi decisioni basate su dati reali \u2013 senza programmi complicati o burocrazia.<\/p>\n\n\n\n<div class=\"wp-block-buttons is-content-justification-center is-layout-flex wp-container-core-buttons-is-layout-16018d1d wp-block-buttons-is-layout-flex\">\n<div class=\"wp-block-button is-style-fill\"><a class=\"wp-block-button__link has-black-color has-luminous-vivid-amber-background-color has-text-color has-background has-link-color wp-element-button\" href=\"https:\/\/app.bee-pilot.io\/registration\" target=\"_blank\" rel=\"noreferrer noopener\">Prova ora<\/a><\/div>\n<\/div>\n<\/div><\/div>\n<\/div><\/div>\n<p><!-- SECTION 1: INTRO + IMAGE --><\/p>\n\n<div class=\"wp-block-group\"><div class=\"wp-block-group__inner-container is-layout-constrained wp-container-core-group-is-layout-7a8ecd1d wp-block-group-is-layout-constrained\">\n<div style=\"height:34px\" aria-hidden=\"true\" class=\"wp-block-spacer\"><\/div>\n\n\n\n<div class=\"wp-block-columns is-layout-flex wp-container-core-columns-is-layout-9d6595d7 wp-block-columns-is-layout-flex\">\n<div class=\"wp-block-column is-vertically-aligned-center is-layout-flow wp-block-column-is-layout-flow\">\n<h3 class=\"wp-block-heading\" id=\"h-varroaresistenz-braucht-keine-komplizierten-programme\">La resistenza alla varroa non richiede programmi complicati<\/h3>\n\n\n\n<p>Molti apicoltori desiderano colonie resistenti \u2013 ma l&#8217;allevamento spesso suona come burocrazia e fatica. In pratica, ci\u00f2 che serve \u00e8 soprattutto una <strong>selezione coerente e semplice<\/strong>: <\/p>\n\n\n\n<ul class=\"wp-block-list\">\n<li>Eliminare sistematicamente il <strong>terzo peggiore<\/strong> dello stock.<\/li>\n\n\n\n<li>Riprodurre con la progenie del <strong>terzo migliore<\/strong> \u2013 passo dopo passo.<\/li>\n<\/ul>\n\n\n\n<p>Cos\u00ec si crea una popolazione di api pi\u00f9 robusta, in modo decentralizzato e pratico \u2013 basata sulle tue osservazioni reali nell&#8217;apiario.<\/p>\n<\/div>\n\n\n\n<div class=\"wp-block-column is-vertically-aligned-center is-layout-flow wp-block-column-is-layout-flow\">\n<figure class=\"wp-block-image size-large\"><img loading=\"lazy\" decoding=\"async\" width=\"1024\" height=\"683\" src=\"https:\/\/www.bee-pilot.io\/wp-content\/uploads\/2025\/10\/rating-Landingpage-1024x683.png\" alt=\"Valutazione e allevamento in bee-pilot.io\" class=\"wp-image-688\" srcset=\"https:\/\/www.bee-pilot.io\/wp-content\/uploads\/2025\/10\/rating-Landingpage-1024x683.png 1024w, https:\/\/www.bee-pilot.io\/wp-content\/uploads\/2025\/10\/rating-Landingpage-300x200.png 300w, https:\/\/www.bee-pilot.io\/wp-content\/uploads\/2025\/10\/rating-Landingpage-768x512.png 768w, https:\/\/www.bee-pilot.io\/wp-content\/uploads\/2025\/10\/rating-Landingpage.png 1536w\" sizes=\"auto, (max-width: 1024px) 100vw, 1024px\" \/><\/figure>\n<\/div>\n<\/div>\n\n\n\n<div style=\"height:26px\" aria-hidden=\"true\" class=\"wp-block-spacer\"><\/div>\n<\/div><\/div>\n<p><!-- SECTION 2: BENEFITS --><\/p>\n\n<div class=\"wp-block-cover alignfull\" style=\"min-height:260px;aspect-ratio:unset;\"><span aria-hidden=\"true\" class=\"wp-block-cover__background has-background-dim-100 has-background-dim\" style=\"background-color:#0f1115\"><\/span><div class=\"wp-block-cover__inner-container is-layout-flow wp-block-cover-is-layout-flow\">\n<div class=\"wp-block-group\"><div class=\"wp-block-group__inner-container is-layout-constrained wp-container-core-group-is-layout-7a8ecd1d wp-block-group-is-layout-constrained\">\n<h3 class=\"wp-block-heading has-text-align-center\" id=\"h-die-losung-die-zucht-im-alltag-vereinfacht\">La soluzione che semplifica l&#8217;allevamento quotidiano<\/h3>\n\n\n\n<p class=\"has-text-align-center\">Con bee-pilot.io documenti le tue colonie in pochi passaggi \u2013 e ottieni un chiaro orientamento per la selezione e la riproduzione.<\/p>\n\n\n\n<div class=\"wp-block-columns is-layout-flex wp-container-core-columns-is-layout-9d6595d7 wp-block-columns-is-layout-flex\">\n<div class=\"wp-block-column is-layout-flow wp-block-column-is-layout-flow\">\n<h4 class=\"wp-block-heading\" id=\"h-klar-dokumentieren\">Documentare chiaramente<\/h4>\n\n\n\n<p>Registrare in modo strutturato salute, comportamento e prestazioni \u2013 direttamente nella routine quotidiana.<\/p>\n<\/div>\n\n\n\n<div class=\"wp-block-column is-layout-flow wp-block-column-is-layout-flow\">\n<h4 class=\"wp-block-heading\" id=\"h-schwache-volker-erkennen\">Identificare le colonie deboli<\/h4>\n\n\n\n<p>Problemi e anomalie diventano visibili \u2013 senza lunghe liste o sensazioni.<\/p>\n<\/div>\n\n\n\n<div class=\"wp-block-column is-layout-flow wp-block-column-is-layout-flow\">\n<h4 class=\"wp-block-heading\" id=\"h-zuchtkandidaten-ableiten\">Selezionare i candidati per l&#8217;allevamento<\/h4>\n\n\n\n<p>Confronti nell&#8217;apiario e classifiche ti aiutano a selezionare oggettivamente i candidati.<\/p>\n<\/div>\n<\/div>\n<\/div><\/div>\n<\/div><\/div>\n<p><!-- SECTION 3: COMMUNITY + IMAGE --><\/p>\n\n<div class=\"wp-block-group\"><div class=\"wp-block-group__inner-container is-layout-constrained wp-container-core-group-is-layout-7a8ecd1d wp-block-group-is-layout-constrained\">\n<div style=\"height:34px\" aria-hidden=\"true\" class=\"wp-block-spacer\"><\/div>\n\n\n\n<h3 class=\"wp-block-heading\" id=\"h-gemeinsam-fur-starke-bienen\">Insieme per api forti<\/h3>\n\n\n\n<p>Se molte apicolture compiono questo semplice passo, a lungo termine otterremo <strong>colonie pi\u00f9 robuste su vasta scala<\/strong> \u2013 senza programmi di allevamento complicati. Entra a far parte del movimento. <\/p>\n\n\n\n<blockquote class=\"wp-block-quote is-layout-flow wp-block-quote-is-layout-flow\">\n<p><em>\u201cPiccoli passi di ogni apicoltura \u2013 grande impatto per le api.\u201d<\/em><\/p>\n<\/blockquote>\n\n\n\n<div style=\"height:18px\" aria-hidden=\"true\" class=\"wp-block-spacer\"><\/div>\n\n\n\n<div class=\"wp-block-columns is-layout-flex wp-container-core-columns-is-layout-9d6595d7 wp-block-columns-is-layout-flex\">\n<div class=\"wp-block-column is-vertically-aligned-center is-layout-flow wp-block-column-is-layout-flow\">\n<figure class=\"wp-block-image size-full\"><img loading=\"lazy\" decoding=\"async\" width=\"684\" height=\"587\" src=\"https:\/\/www.bee-pilot.io\/wp-content\/uploads\/2025\/10\/Bildschirmfoto-2025-10-10-um-07.43.24.png\" alt=\"Analisi e classificazione in bee-pilot.io\" class=\"wp-image-687\" srcset=\"https:\/\/www.bee-pilot.io\/wp-content\/uploads\/2025\/10\/Bildschirmfoto-2025-10-10-um-07.43.24.png 684w, https:\/\/www.bee-pilot.io\/wp-content\/uploads\/2025\/10\/Bildschirmfoto-2025-10-10-um-07.43.24-300x257.png 300w\" sizes=\"auto, (max-width: 684px) 100vw, 684px\" \/><\/figure>\n<\/div>\n\n\n\n<div class=\"wp-block-column is-vertically-aligned-center is-layout-flow wp-block-column-is-layout-flow\">\n<h4 class=\"wp-block-heading\" id=\"h-automatische-auswertung-aus-deinen-durchsichten\">Analisi automatica dalle tue ispezioni<\/h4>\n\n\n\n<p>I dati raccolti dalle tue ispezioni vengono analizzati automaticamente e classificati rispetto a tutte le colonie nell&#8217;apiario. Cos\u00ec ottieni una valutazione secondo un principio <strong>80\u2013120%<\/strong> \u2013 rapida, tracciabile e direttamente utilizzabile per la selezione e la riproduzione. <\/p>\n<\/div>\n<\/div>\n\n\n\n<div style=\"height:30px\" aria-hidden=\"true\" class=\"wp-block-spacer\"><\/div>\n<\/div><\/div>\n<p><!-- CTA --><\/p>\n\n<div class=\"wp-block-cover alignfull\" style=\"min-height:220px;aspect-ratio:unset;\"><span aria-hidden=\"true\" class=\"wp-block-cover__background has-background-dim-100 has-background-dim\" style=\"background-color:#0f1115\"><\/span><div class=\"wp-block-cover__inner-container is-layout-flow wp-block-cover-is-layout-flow\">\n<div class=\"wp-block-group\"><div class=\"wp-block-group__inner-container is-layout-constrained wp-container-core-group-is-layout-7a8ecd1d wp-block-group-is-layout-constrained\">\n<h3 class=\"wp-block-heading has-text-align-center\" id=\"h-starte-jetzt-und-mache-zucht-im-alltag-einfacher\">Inizia ora \u2013 e semplifica l&#8217;allevamento quotidiano<\/h3>\n\n\n\n<p class=\"has-text-align-center\">Prova bee-pilot.io gratuitamente e utilizza valutazioni, confronti e obiettivi di allevamento direttamente nel tuo apiario.<\/p>\n\n\n\n<div class=\"wp-block-buttons is-content-justification-center is-layout-flex wp-container-core-buttons-is-layout-16018d1d wp-block-buttons-is-layout-flex\">\n<div class=\"wp-block-button is-style-fill\"><a class=\"wp-block-button__link has-black-color has-luminous-vivid-amber-background-color has-text-color has-background has-link-color wp-element-button\" href=\"https:\/\/app.bee-pilot.io\/registration\" target=\"_blank\" rel=\"noreferrer noopener\">Prova ora<\/a><\/div>\n<\/div>\n<\/div><\/div>\n<\/div><\/div>\n","protected":false},"excerpt":{"rendered":"<p>La resistenza alla varroa non richiede programmi complicati Molti apicoltori desiderano colonie resistenti \u2013 ma l&#8217;allevamento spesso suona come burocrazia e fatica. In pratica, ci\u00f2 che serve \u00e8 soprattutto una selezione coerente e semplice: Cos\u00ec si crea una popolazione di api pi\u00f9 robusta, in modo decentralizzato e pratico \u2013 basata sulle tue osservazioni reali nell&#8217;apiario. [&hellip;]<\/p>\n","protected":false},"author":1,"featured_media":2047,"parent":0,"menu_order":0,"comment_status":"closed","ping_status":"closed","template":"","meta":{"footnotes":""},"class_list":["post-2043","page","type-page","status-publish","has-post-thumbnail","hentry"],"yoast_head":"<!-- This site is optimized with the Yoast SEO Premium plugin v26.6 (Yoast SEO v26.6) - https:\/\/yoast.com\/wordpress\/plugins\/seo\/ -->\n<title>Colonie resistenti alla varroa \u00e8 il nostro obiettivo comune - bee-pilot.io<\/title>\n<meta name=\"description\" content=\"Valutare oggettivamente le colonie di api: bee-pilot.io analizza le ispezioni, confronta le colonie e supporta le decisioni di allevamento e selezione basate sui dati.\" \/>\n<meta name=\"robots\" content=\"index, follow, max-snippet:-1, max-image-preview:large, max-video-preview:-1\" \/>\n<link rel=\"canonical\" href=\"https:\/\/www.bee-pilot.io\/it\/colonie-resistenti-alla-varroa-e-il-nostro-obiettivo-comune\/\" \/>\n<meta property=\"og:locale\" content=\"it_IT\" \/>\n<meta property=\"og:type\" content=\"article\" \/>\n<meta property=\"og:title\" content=\"Colonie resistenti alla varroa \u00e8 il nostro obiettivo comune\" \/>\n<meta property=\"og:description\" content=\"Valutare oggettivamente le colonie di api: bee-pilot.io analizza le ispezioni, confronta le colonie e supporta le decisioni di allevamento e selezione basate sui dati.\" \/>\n<meta property=\"og:url\" content=\"https:\/\/www.bee-pilot.io\/it\/colonie-resistenti-alla-varroa-e-il-nostro-obiettivo-comune\/\" \/>\n<meta property=\"og:site_name\" content=\"bee-pilot.io\" \/>\n<meta property=\"article:modified_time\" content=\"2026-03-18T06:32:45+00:00\" \/>\n<meta property=\"og:image\" content=\"https:\/\/www.bee-pilot.io\/wp-content\/uploads\/2025\/12\/varroa-resis-banner.png\" \/>\n\t<meta property=\"og:image:width\" content=\"1536\" \/>\n\t<meta property=\"og:image:height\" content=\"1024\" \/>\n\t<meta property=\"og:image:type\" content=\"image\/png\" \/>\n<meta name=\"twitter:card\" content=\"summary_large_image\" \/>\n<meta name=\"twitter:label1\" content=\"Tempo di lettura stimato\" \/>\n\t<meta name=\"twitter:data1\" content=\"1 minuto\" \/>\n<script type=\"application\/ld+json\" class=\"yoast-schema-graph\">{\"@context\":\"https:\/\/schema.org\",\"@graph\":[{\"@type\":\"WebPage\",\"@id\":\"https:\/\/www.bee-pilot.io\/it\/colonie-resistenti-alla-varroa-e-il-nostro-obiettivo-comune\/\",\"url\":\"https:\/\/www.bee-pilot.io\/it\/colonie-resistenti-alla-varroa-e-il-nostro-obiettivo-comune\/\",\"name\":\"Colonie resistenti alla varroa \u00e8 il nostro obiettivo comune - bee-pilot.io\",\"isPartOf\":{\"@id\":\"https:\/\/www.bee-pilot.io\/it\/#website\"},\"primaryImageOfPage\":{\"@id\":\"https:\/\/www.bee-pilot.io\/it\/colonie-resistenti-alla-varroa-e-il-nostro-obiettivo-comune\/#primaryimage\"},\"image\":{\"@id\":\"https:\/\/www.bee-pilot.io\/it\/colonie-resistenti-alla-varroa-e-il-nostro-obiettivo-comune\/#primaryimage\"},\"thumbnailUrl\":\"https:\/\/www.bee-pilot.io\/wp-content\/uploads\/2025\/12\/varroa-resis-banner.png\",\"datePublished\":\"2025-10-10T05:59:41+00:00\",\"dateModified\":\"2026-03-18T06:32:45+00:00\",\"description\":\"Valutare oggettivamente le colonie di api: bee-pilot.io analizza le ispezioni, confronta le colonie e supporta le decisioni di allevamento e selezione basate sui dati.\",\"breadcrumb\":{\"@id\":\"https:\/\/www.bee-pilot.io\/it\/colonie-resistenti-alla-varroa-e-il-nostro-obiettivo-comune\/#breadcrumb\"},\"inLanguage\":\"it-IT\",\"potentialAction\":[{\"@type\":\"ReadAction\",\"target\":[\"https:\/\/www.bee-pilot.io\/it\/colonie-resistenti-alla-varroa-e-il-nostro-obiettivo-comune\/\"]}]},{\"@type\":\"ImageObject\",\"inLanguage\":\"it-IT\",\"@id\":\"https:\/\/www.bee-pilot.io\/it\/colonie-resistenti-alla-varroa-e-il-nostro-obiettivo-comune\/#primaryimage\",\"url\":\"https:\/\/www.bee-pilot.io\/wp-content\/uploads\/2025\/12\/varroa-resis-banner.png\",\"contentUrl\":\"https:\/\/www.bee-pilot.io\/wp-content\/uploads\/2025\/12\/varroa-resis-banner.png\",\"width\":1536,\"height\":1024,\"caption\":\"Tablet con valutazioni\"},{\"@type\":\"BreadcrumbList\",\"@id\":\"https:\/\/www.bee-pilot.io\/it\/colonie-resistenti-alla-varroa-e-il-nostro-obiettivo-comune\/#breadcrumb\",\"itemListElement\":[{\"@type\":\"ListItem\",\"position\":1,\"name\":\"Startseite\",\"item\":\"https:\/\/www.bee-pilot.io\/it\/\"},{\"@type\":\"ListItem\",\"position\":2,\"name\":\"Colonie resistenti alla varroa \u00e8 il nostro obiettivo comune\"}]},{\"@type\":\"WebSite\",\"@id\":\"https:\/\/www.bee-pilot.io\/it\/#website\",\"url\":\"https:\/\/www.bee-pilot.io\/it\/\",\"name\":\"bee-pilot.io\",\"description\":\"Bee-Pilot: KI-gest\u00fctzte Software f\u00fcr Imker \u2013 Digitale Stockkarte, Wetter &amp; Checklisten\",\"publisher\":{\"@id\":\"https:\/\/www.bee-pilot.io\/it\/#organization\"},\"potentialAction\":[{\"@type\":\"SearchAction\",\"target\":{\"@type\":\"EntryPoint\",\"urlTemplate\":\"https:\/\/www.bee-pilot.io\/it\/?s={search_term_string}\"},\"query-input\":{\"@type\":\"PropertyValueSpecification\",\"valueRequired\":true,\"valueName\":\"search_term_string\"}}],\"inLanguage\":\"it-IT\"},{\"@type\":\"Organization\",\"@id\":\"https:\/\/www.bee-pilot.io\/it\/#organization\",\"name\":\"bee-pilot.io UG (haftungsbeschr\u00e4nkt)\",\"url\":\"https:\/\/www.bee-pilot.io\/it\/\",\"logo\":{\"@type\":\"ImageObject\",\"inLanguage\":\"it-IT\",\"@id\":\"https:\/\/www.bee-pilot.io\/it\/#\/schema\/logo\/image\/\",\"url\":\"https:\/\/www.bee-pilot.io\/wp-content\/uploads\/2024\/10\/cropped-bee-pilot-logo.png\",\"contentUrl\":\"https:\/\/www.bee-pilot.io\/wp-content\/uploads\/2024\/10\/cropped-bee-pilot-logo.png\",\"width\":291,\"height\":85,\"caption\":\"bee-pilot.io UG (haftungsbeschr\u00e4nkt)\"},\"image\":{\"@id\":\"https:\/\/www.bee-pilot.io\/it\/#\/schema\/logo\/image\/\"}}]}<\/script>\n<!-- \/ Yoast SEO Premium plugin. -->","yoast_head_json":{"title":"Colonie resistenti alla varroa \u00e8 il nostro obiettivo comune - bee-pilot.io","description":"Valutare oggettivamente le colonie di api: bee-pilot.io analizza le ispezioni, confronta le colonie e supporta le decisioni di allevamento e selezione basate sui dati.","robots":{"index":"index","follow":"follow","max-snippet":"max-snippet:-1","max-image-preview":"max-image-preview:large","max-video-preview":"max-video-preview:-1"},"canonical":"https:\/\/www.bee-pilot.io\/it\/colonie-resistenti-alla-varroa-e-il-nostro-obiettivo-comune\/","og_locale":"it_IT","og_type":"article","og_title":"Colonie resistenti alla varroa \u00e8 il nostro obiettivo comune","og_description":"Valutare oggettivamente le colonie di api: bee-pilot.io analizza le ispezioni, confronta le colonie e supporta le decisioni di allevamento e selezione basate sui dati.","og_url":"https:\/\/www.bee-pilot.io\/it\/colonie-resistenti-alla-varroa-e-il-nostro-obiettivo-comune\/","og_site_name":"bee-pilot.io","article_modified_time":"2026-03-18T06:32:45+00:00","og_image":[{"width":1536,"height":1024,"url":"https:\/\/www.bee-pilot.io\/wp-content\/uploads\/2025\/12\/varroa-resis-banner.png","type":"image\/png"}],"twitter_card":"summary_large_image","twitter_misc":{"Tempo di lettura stimato":"1 minuto"},"schema":{"@context":"https:\/\/schema.org","@graph":[{"@type":"WebPage","@id":"https:\/\/www.bee-pilot.io\/it\/colonie-resistenti-alla-varroa-e-il-nostro-obiettivo-comune\/","url":"https:\/\/www.bee-pilot.io\/it\/colonie-resistenti-alla-varroa-e-il-nostro-obiettivo-comune\/","name":"Colonie resistenti alla varroa \u00e8 il nostro obiettivo comune - bee-pilot.io","isPartOf":{"@id":"https:\/\/www.bee-pilot.io\/it\/#website"},"primaryImageOfPage":{"@id":"https:\/\/www.bee-pilot.io\/it\/colonie-resistenti-alla-varroa-e-il-nostro-obiettivo-comune\/#primaryimage"},"image":{"@id":"https:\/\/www.bee-pilot.io\/it\/colonie-resistenti-alla-varroa-e-il-nostro-obiettivo-comune\/#primaryimage"},"thumbnailUrl":"https:\/\/www.bee-pilot.io\/wp-content\/uploads\/2025\/12\/varroa-resis-banner.png","datePublished":"2025-10-10T05:59:41+00:00","dateModified":"2026-03-18T06:32:45+00:00","description":"Valutare oggettivamente le colonie di api: bee-pilot.io analizza le ispezioni, confronta le colonie e supporta le decisioni di allevamento e selezione basate sui dati.","breadcrumb":{"@id":"https:\/\/www.bee-pilot.io\/it\/colonie-resistenti-alla-varroa-e-il-nostro-obiettivo-comune\/#breadcrumb"},"inLanguage":"it-IT","potentialAction":[{"@type":"ReadAction","target":["https:\/\/www.bee-pilot.io\/it\/colonie-resistenti-alla-varroa-e-il-nostro-obiettivo-comune\/"]}]},{"@type":"ImageObject","inLanguage":"it-IT","@id":"https:\/\/www.bee-pilot.io\/it\/colonie-resistenti-alla-varroa-e-il-nostro-obiettivo-comune\/#primaryimage","url":"https:\/\/www.bee-pilot.io\/wp-content\/uploads\/2025\/12\/varroa-resis-banner.png","contentUrl":"https:\/\/www.bee-pilot.io\/wp-content\/uploads\/2025\/12\/varroa-resis-banner.png","width":1536,"height":1024,"caption":"Tablet con valutazioni"},{"@type":"BreadcrumbList","@id":"https:\/\/www.bee-pilot.io\/it\/colonie-resistenti-alla-varroa-e-il-nostro-obiettivo-comune\/#breadcrumb","itemListElement":[{"@type":"ListItem","position":1,"name":"Startseite","item":"https:\/\/www.bee-pilot.io\/it\/"},{"@type":"ListItem","position":2,"name":"Colonie resistenti alla varroa \u00e8 il nostro obiettivo comune"}]},{"@type":"WebSite","@id":"https:\/\/www.bee-pilot.io\/it\/#website","url":"https:\/\/www.bee-pilot.io\/it\/","name":"bee-pilot.io","description":"Bee-Pilot: KI-gest\u00fctzte Software f\u00fcr Imker \u2013 Digitale Stockkarte, Wetter &amp; Checklisten","publisher":{"@id":"https:\/\/www.bee-pilot.io\/it\/#organization"},"potentialAction":[{"@type":"SearchAction","target":{"@type":"EntryPoint","urlTemplate":"https:\/\/www.bee-pilot.io\/it\/?s={search_term_string}"},"query-input":{"@type":"PropertyValueSpecification","valueRequired":true,"valueName":"search_term_string"}}],"inLanguage":"it-IT"},{"@type":"Organization","@id":"https:\/\/www.bee-pilot.io\/it\/#organization","name":"bee-pilot.io UG (haftungsbeschr\u00e4nkt)","url":"https:\/\/www.bee-pilot.io\/it\/","logo":{"@type":"ImageObject","inLanguage":"it-IT","@id":"https:\/\/www.bee-pilot.io\/it\/#\/schema\/logo\/image\/","url":"https:\/\/www.bee-pilot.io\/wp-content\/uploads\/2024\/10\/cropped-bee-pilot-logo.png","contentUrl":"https:\/\/www.bee-pilot.io\/wp-content\/uploads\/2024\/10\/cropped-bee-pilot-logo.png","width":291,"height":85,"caption":"bee-pilot.io UG (haftungsbeschr\u00e4nkt)"},"image":{"@id":"https:\/\/www.bee-pilot.io\/it\/#\/schema\/logo\/image\/"}}]}},"_links":{"self":[{"href":"https:\/\/www.bee-pilot.io\/it\/wp-json\/wp\/v2\/pages\/2043","targetHints":{"allow":["GET"]}}],"collection":[{"href":"https:\/\/www.bee-pilot.io\/it\/wp-json\/wp\/v2\/pages"}],"about":[{"href":"https:\/\/www.bee-pilot.io\/it\/wp-json\/wp\/v2\/types\/page"}],"author":[{"embeddable":true,"href":"https:\/\/www.bee-pilot.io\/it\/wp-json\/wp\/v2\/users\/1"}],"replies":[{"embeddable":true,"href":"https:\/\/www.bee-pilot.io\/it\/wp-json\/wp\/v2\/comments?post=2043"}],"version-history":[{"count":1,"href":"https:\/\/www.bee-pilot.io\/it\/wp-json\/wp\/v2\/pages\/2043\/revisions"}],"predecessor-version":[{"id":2048,"href":"https:\/\/www.bee-pilot.io\/it\/wp-json\/wp\/v2\/pages\/2043\/revisions\/2048"}],"wp:featuredmedia":[{"embeddable":true,"href":"https:\/\/www.bee-pilot.io\/it\/wp-json\/wp\/v2\/media\/2047"}],"wp:attachment":[{"href":"https:\/\/www.bee-pilot.io\/it\/wp-json\/wp\/v2\/media?parent=2043"}],"curies":[{"name":"wp","href":"https:\/\/api.w.org\/{rel}","templated":true}]}}