{"id":2049,"date":"2025-02-13T05:29:45","date_gmt":"2025-02-13T05:29:45","guid":{"rendered":"https:\/\/www.bee-pilot.io\/visione\/"},"modified":"2026-03-18T06:33:06","modified_gmt":"2026-03-18T06:33:06","slug":"visione","status":"publish","type":"page","link":"https:\/\/www.bee-pilot.io\/it\/visione\/","title":{"rendered":"Visione"},"content":{"rendered":"\n<div class=\"wp-block-media-text is-stacked-on-mobile\"><figure class=\"wp-block-media-text__media\"><img loading=\"lazy\" decoding=\"async\" width=\"768\" height=\"1024\" src=\"https:\/\/www.bee-pilot.io\/wp-content\/uploads\/2025\/02\/041bf8c9-79a0-4a7b-9319-03f374089f89-1-768x1024.jpg\" alt=\"\" class=\"wp-image-392 size-full\" srcset=\"https:\/\/www.bee-pilot.io\/wp-content\/uploads\/2025\/02\/041bf8c9-79a0-4a7b-9319-03f374089f89-1-768x1024.jpg 768w, https:\/\/www.bee-pilot.io\/wp-content\/uploads\/2025\/02\/041bf8c9-79a0-4a7b-9319-03f374089f89-1-225x300.jpg 225w, https:\/\/www.bee-pilot.io\/wp-content\/uploads\/2025\/02\/041bf8c9-79a0-4a7b-9319-03f374089f89-1-1152x1536.jpg 1152w, https:\/\/www.bee-pilot.io\/wp-content\/uploads\/2025\/02\/041bf8c9-79a0-4a7b-9319-03f374089f89-1.jpg 1368w\" sizes=\"auto, (max-width: 768px) 100vw, 768px\" \/><\/figure><div class=\"wp-block-media-text__content\">\n<h2 class=\"wp-block-heading\"><strong>La nostra visione \u2013 Il futuro dell&#8217;apicoltura digitale con bee-pilot<\/strong><\/h2>\n\n\n\n<h6 class=\"wp-block-heading\">L&#8217;apicoltura \u00e8 una delle tradizioni pi\u00f9 antiche e preziose dell&#8217;umanit\u00e0. Ma in un mondo sempre pi\u00f9 complesso, servono soluzioni innovative per gestire gli alveari in modo sostenibile ed efficiente. La nostra visione con <strong>bee-pilot.io<\/strong> \u00e8 fornire ad apicoltrici e apicoltori una piattaforma digitale intelligente che semplifichi la routine quotidiana e, allo stesso tempo, mantenga la concentrazione sull&#8217;essenziale: alveari sani e forti.  <\/h6>\n\n\n\n<div class=\"wp-block-buttons is-content-justification-center is-layout-flex wp-container-core-buttons-is-layout-16018d1d wp-block-buttons-is-layout-flex\">\n<div class=\"wp-block-button\"><a class=\"wp-block-button__link has-luminous-vivid-amber-background-color has-background wp-element-button\" href=\"https:\/\/app.bee-pilot.io\/registration\">Provala ora!<\/a><\/div>\n<\/div>\n<\/div><\/div>\n\n<p>Immagine: Martin all&#8217;apiario<\/p>\n\n<h3 class=\"wp-block-heading\"><strong>Il nostro obiettivo: <\/strong><\/h3>\n\n<p>La nostra app ha un obiettivo chiaro: rendere la documentazione in apicoltura il pi\u00f9 semplice e veloce possibile \u2013 senza rinunciare a contenuti importanti.<\/p>\n\n<p>Molti apicoltori conoscono il problema: sei all&#8217;apiario, vuoi solo annotare velocemente qualche informazione \u2013 e ti perdi in maschere di inserimento complicate. \u00c8 proprio questo che vogliamo cambiare. La nostra soluzione: un&#8217;interfaccia utente intuitiva che si adatta alle procedure pratiche.  <\/p>\n\n<p>Con funzioni come il <strong>pulsante \u201cTutto OK\u201d<\/strong> \u00e8 possibile registrare i controlli di routine in un lampo. Tutti i valori vengono impostati su standard o media \u2013 e solo ci\u00f2 che risulta anomalo viene contrassegnato separatamente. Cos\u00ec ti concentri sull&#8217;essenziale, senza perdere tempo in digitazioni inutili.  <\/p>\n\n<p>E questo \u00e8 solo l&#8217;inizio: abbiamo integrato molte altre funzioni intelligenti che facilitano il lavoro quotidiano con l&#8217;alveare \u2013 dai suggerimenti intelligenti all&#8217;inserimento vocale. Tutto con l&#8217;obiettivo di rendere il registro digitale dell&#8217;alveare il pi\u00f9 pratico possibile. <\/p>\n\n<p>In breve: vogliamo che tu passi meno tempo con la documentazione \u2013 e pi\u00f9 tempo con le tue api.<\/p>\n\n<div class=\"wp-block-columns is-layout-flex wp-container-core-columns-is-layout-9d6595d7 wp-block-columns-is-layout-flex\">\n<div class=\"wp-block-column is-layout-flow wp-block-column-is-layout-flow\">\n<h3 class=\"wp-block-heading\"><strong>Plasmiamo insieme il futuro<\/strong><\/h3>\n\n\n\n<p>bee-pilot.io non \u00e8 solo un&#8217;app \u2013 \u00e8 un progetto comunitario di apicoltori per apicoltori. Crediamo che le migliori soluzioni nascano dalla pratica. Per questo il <strong>feedback, le idee e i desideri dei nostri utenti sono per noi particolarmente importanti<\/strong>.  <\/p>\n<\/div>\n\n\n\n<div class=\"wp-block-column is-layout-flow wp-block-column-is-layout-flow\">\n<figure class=\"wp-block-embed is-type-video is-provider-youtube wp-block-embed-youtube wp-embed-aspect-16-9 wp-has-aspect-ratio\"><div class=\"wp-block-embed__wrapper\">\n<iframe loading=\"lazy\" title=\"Die Idee von bee-pilot.io\" width=\"800\" height=\"450\" src=\"https:\/\/www.youtube.com\/embed\/s_EkgytxZiY?feature=oembed\" frameborder=\"0\" allow=\"accelerometer; autoplay; clipboard-write; encrypted-media; gyroscope; picture-in-picture; web-share\" referrerpolicy=\"strict-origin-when-cross-origin\" allowfullscreen><\/iframe>\n<\/div><\/figure>\n<\/div>\n<\/div>\n\n<p>Il nostro viaggio \u00e8 appena iniziato: abbiamo ancora molte visioni e funzioni in cantiere \u2013 da analisi avanzate a nuove modalit\u00e0 di inserimento, fino all&#8217;assistenza intelligente per decisioni importanti durante l&#8217;anno apistico.<\/p>\n\n<p>Con il vostro supporto, vogliamo sviluppare costantemente bee-pilot e adattarlo alle reali esigenze del mondo dell&#8217;apicoltura. <strong>Hai un&#8217;idea? Qualcosa non funziona ancora a dovere? O ti manca una funzione specifica?  <\/strong>  Allora contattaci pure!<\/p>\n\n<p>Perch\u00e9 solo insieme possiamo plasmare l&#8217;apicoltura digitale in modo veramente significativo \u2013 pratica, sostenibile e orientata al futuro.<\/p>\n\n<p><\/p>\n\n<p><\/p>\n","protected":false},"excerpt":{"rendered":"<p>Immagine: Martin all&#8217;apiario Il nostro obiettivo: La nostra app ha un obiettivo chiaro: rendere la documentazione in apicoltura il pi\u00f9 semplice e veloce possibile \u2013 senza rinunciare a contenuti importanti. Molti apicoltori conoscono il problema: sei all&#8217;apiario, vuoi solo annotare velocemente qualche informazione \u2013 e ti perdi in maschere di inserimento complicate. \u00c8 proprio questo [&hellip;]<\/p>\n","protected":false},"author":1,"featured_media":0,"parent":0,"menu_order":0,"comment_status":"closed","ping_status":"closed","template":"","meta":{"footnotes":""},"class_list":["post-2049","page","type-page","status-publish","hentry"],"yoast_head":"<!-- This site is optimized with the Yoast SEO Premium plugin v26.6 (Yoast SEO v26.6) - https:\/\/yoast.com\/wordpress\/plugins\/seo\/ -->\n<title>Visione - bee-pilot.io<\/title>\n<meta name=\"description\" content=\"Scopri la visione di bee-pilot.io: una soluzione cloud digitale che connette l&#039;apicoltura tradizionale in modo intelligente, efficiente e orientato al futuro \u2013 sviluppata da apicoltori per apicoltori.\" \/>\n<meta name=\"robots\" content=\"index, follow, max-snippet:-1, max-image-preview:large, max-video-preview:-1\" \/>\n<link rel=\"canonical\" href=\"https:\/\/www.bee-pilot.io\/it\/visione\/\" \/>\n<meta property=\"og:locale\" content=\"it_IT\" \/>\n<meta property=\"og:type\" content=\"article\" \/>\n<meta property=\"og:title\" content=\"Visione\" \/>\n<meta property=\"og:description\" content=\"Scopri la visione di bee-pilot.io: una soluzione cloud digitale che connette l&#039;apicoltura tradizionale in modo intelligente, efficiente e orientato al futuro \u2013 sviluppata da apicoltori per apicoltori.\" \/>\n<meta property=\"og:url\" content=\"https:\/\/www.bee-pilot.io\/it\/visione\/\" \/>\n<meta property=\"og:site_name\" content=\"bee-pilot.io\" \/>\n<meta property=\"article:modified_time\" content=\"2026-03-18T06:33:06+00:00\" \/>\n<meta property=\"og:image\" content=\"https:\/\/www.bee-pilot.io\/wp-content\/uploads\/2025\/02\/041bf8c9-79a0-4a7b-9319-03f374089f89-1.jpg\" \/>\n\t<meta property=\"og:image:width\" content=\"1368\" \/>\n\t<meta property=\"og:image:height\" content=\"1824\" \/>\n\t<meta property=\"og:image:type\" content=\"image\/jpeg\" \/>\n<meta name=\"twitter:card\" content=\"summary_large_image\" \/>\n<meta name=\"twitter:label1\" content=\"Tempo di lettura stimato\" \/>\n\t<meta name=\"twitter:data1\" content=\"2 minuti\" \/>\n<script type=\"application\/ld+json\" class=\"yoast-schema-graph\">{\"@context\":\"https:\/\/schema.org\",\"@graph\":[{\"@type\":\"WebPage\",\"@id\":\"https:\/\/www.bee-pilot.io\/it\/visione\/\",\"url\":\"https:\/\/www.bee-pilot.io\/it\/visione\/\",\"name\":\"Visione - bee-pilot.io\",\"isPartOf\":{\"@id\":\"https:\/\/www.bee-pilot.io\/it\/#website\"},\"primaryImageOfPage\":{\"@id\":\"https:\/\/www.bee-pilot.io\/it\/visione\/#primaryimage\"},\"image\":{\"@id\":\"https:\/\/www.bee-pilot.io\/it\/visione\/#primaryimage\"},\"thumbnailUrl\":\"https:\/\/www.bee-pilot.io\/wp-content\/uploads\/2025\/02\/041bf8c9-79a0-4a7b-9319-03f374089f89-1-768x1024.jpg\",\"datePublished\":\"2025-02-13T05:29:45+00:00\",\"dateModified\":\"2026-03-18T06:33:06+00:00\",\"description\":\"Scopri la visione di bee-pilot.io: una soluzione cloud digitale che connette l'apicoltura tradizionale in modo intelligente, efficiente e orientato al futuro \u2013 sviluppata da apicoltori per apicoltori.\",\"breadcrumb\":{\"@id\":\"https:\/\/www.bee-pilot.io\/it\/visione\/#breadcrumb\"},\"inLanguage\":\"it-IT\",\"potentialAction\":[{\"@type\":\"ReadAction\",\"target\":[\"https:\/\/www.bee-pilot.io\/it\/visione\/\"]}]},{\"@type\":\"ImageObject\",\"inLanguage\":\"it-IT\",\"@id\":\"https:\/\/www.bee-pilot.io\/it\/visione\/#primaryimage\",\"url\":\"https:\/\/www.bee-pilot.io\/wp-content\/uploads\/2025\/02\/041bf8c9-79a0-4a7b-9319-03f374089f89-1-768x1024.jpg\",\"contentUrl\":\"https:\/\/www.bee-pilot.io\/wp-content\/uploads\/2025\/02\/041bf8c9-79a0-4a7b-9319-03f374089f89-1-768x1024.jpg\"},{\"@type\":\"BreadcrumbList\",\"@id\":\"https:\/\/www.bee-pilot.io\/it\/visione\/#breadcrumb\",\"itemListElement\":[{\"@type\":\"ListItem\",\"position\":1,\"name\":\"Startseite\",\"item\":\"https:\/\/www.bee-pilot.io\/it\/\"},{\"@type\":\"ListItem\",\"position\":2,\"name\":\"Visione\"}]},{\"@type\":\"WebSite\",\"@id\":\"https:\/\/www.bee-pilot.io\/it\/#website\",\"url\":\"https:\/\/www.bee-pilot.io\/it\/\",\"name\":\"bee-pilot.io\",\"description\":\"Bee-Pilot: KI-gest\u00fctzte Software f\u00fcr Imker \u2013 Digitale Stockkarte, Wetter &amp; Checklisten\",\"publisher\":{\"@id\":\"https:\/\/www.bee-pilot.io\/it\/#organization\"},\"potentialAction\":[{\"@type\":\"SearchAction\",\"target\":{\"@type\":\"EntryPoint\",\"urlTemplate\":\"https:\/\/www.bee-pilot.io\/it\/?s={search_term_string}\"},\"query-input\":{\"@type\":\"PropertyValueSpecification\",\"valueRequired\":true,\"valueName\":\"search_term_string\"}}],\"inLanguage\":\"it-IT\"},{\"@type\":\"Organization\",\"@id\":\"https:\/\/www.bee-pilot.io\/it\/#organization\",\"name\":\"bee-pilot.io UG (haftungsbeschr\u00e4nkt)\",\"url\":\"https:\/\/www.bee-pilot.io\/it\/\",\"logo\":{\"@type\":\"ImageObject\",\"inLanguage\":\"it-IT\",\"@id\":\"https:\/\/www.bee-pilot.io\/it\/#\/schema\/logo\/image\/\",\"url\":\"https:\/\/www.bee-pilot.io\/wp-content\/uploads\/2024\/10\/cropped-bee-pilot-logo.png\",\"contentUrl\":\"https:\/\/www.bee-pilot.io\/wp-content\/uploads\/2024\/10\/cropped-bee-pilot-logo.png\",\"width\":291,\"height\":85,\"caption\":\"bee-pilot.io UG (haftungsbeschr\u00e4nkt)\"},\"image\":{\"@id\":\"https:\/\/www.bee-pilot.io\/it\/#\/schema\/logo\/image\/\"}}]}<\/script>\n<!-- \/ Yoast SEO Premium plugin. -->","yoast_head_json":{"title":"Visione - bee-pilot.io","description":"Scopri la visione di bee-pilot.io: una soluzione cloud digitale che connette l'apicoltura tradizionale in modo intelligente, efficiente e orientato al futuro \u2013 sviluppata da apicoltori per apicoltori.","robots":{"index":"index","follow":"follow","max-snippet":"max-snippet:-1","max-image-preview":"max-image-preview:large","max-video-preview":"max-video-preview:-1"},"canonical":"https:\/\/www.bee-pilot.io\/it\/visione\/","og_locale":"it_IT","og_type":"article","og_title":"Visione","og_description":"Scopri la visione di bee-pilot.io: una soluzione cloud digitale che connette l'apicoltura tradizionale in modo intelligente, efficiente e orientato al futuro \u2013 sviluppata da apicoltori per apicoltori.","og_url":"https:\/\/www.bee-pilot.io\/it\/visione\/","og_site_name":"bee-pilot.io","article_modified_time":"2026-03-18T06:33:06+00:00","og_image":[{"width":1368,"height":1824,"url":"https:\/\/www.bee-pilot.io\/wp-content\/uploads\/2025\/02\/041bf8c9-79a0-4a7b-9319-03f374089f89-1.jpg","type":"image\/jpeg"}],"twitter_card":"summary_large_image","twitter_misc":{"Tempo di lettura stimato":"2 minuti"},"schema":{"@context":"https:\/\/schema.org","@graph":[{"@type":"WebPage","@id":"https:\/\/www.bee-pilot.io\/it\/visione\/","url":"https:\/\/www.bee-pilot.io\/it\/visione\/","name":"Visione - bee-pilot.io","isPartOf":{"@id":"https:\/\/www.bee-pilot.io\/it\/#website"},"primaryImageOfPage":{"@id":"https:\/\/www.bee-pilot.io\/it\/visione\/#primaryimage"},"image":{"@id":"https:\/\/www.bee-pilot.io\/it\/visione\/#primaryimage"},"thumbnailUrl":"https:\/\/www.bee-pilot.io\/wp-content\/uploads\/2025\/02\/041bf8c9-79a0-4a7b-9319-03f374089f89-1-768x1024.jpg","datePublished":"2025-02-13T05:29:45+00:00","dateModified":"2026-03-18T06:33:06+00:00","description":"Scopri la visione di bee-pilot.io: una soluzione cloud digitale che connette l'apicoltura tradizionale in modo intelligente, efficiente e orientato al futuro \u2013 sviluppata da apicoltori per apicoltori.","breadcrumb":{"@id":"https:\/\/www.bee-pilot.io\/it\/visione\/#breadcrumb"},"inLanguage":"it-IT","potentialAction":[{"@type":"ReadAction","target":["https:\/\/www.bee-pilot.io\/it\/visione\/"]}]},{"@type":"ImageObject","inLanguage":"it-IT","@id":"https:\/\/www.bee-pilot.io\/it\/visione\/#primaryimage","url":"https:\/\/www.bee-pilot.io\/wp-content\/uploads\/2025\/02\/041bf8c9-79a0-4a7b-9319-03f374089f89-1-768x1024.jpg","contentUrl":"https:\/\/www.bee-pilot.io\/wp-content\/uploads\/2025\/02\/041bf8c9-79a0-4a7b-9319-03f374089f89-1-768x1024.jpg"},{"@type":"BreadcrumbList","@id":"https:\/\/www.bee-pilot.io\/it\/visione\/#breadcrumb","itemListElement":[{"@type":"ListItem","position":1,"name":"Startseite","item":"https:\/\/www.bee-pilot.io\/it\/"},{"@type":"ListItem","position":2,"name":"Visione"}]},{"@type":"WebSite","@id":"https:\/\/www.bee-pilot.io\/it\/#website","url":"https:\/\/www.bee-pilot.io\/it\/","name":"bee-pilot.io","description":"Bee-Pilot: KI-gest\u00fctzte Software f\u00fcr Imker \u2013 Digitale Stockkarte, Wetter &amp; Checklisten","publisher":{"@id":"https:\/\/www.bee-pilot.io\/it\/#organization"},"potentialAction":[{"@type":"SearchAction","target":{"@type":"EntryPoint","urlTemplate":"https:\/\/www.bee-pilot.io\/it\/?s={search_term_string}"},"query-input":{"@type":"PropertyValueSpecification","valueRequired":true,"valueName":"search_term_string"}}],"inLanguage":"it-IT"},{"@type":"Organization","@id":"https:\/\/www.bee-pilot.io\/it\/#organization","name":"bee-pilot.io UG (haftungsbeschr\u00e4nkt)","url":"https:\/\/www.bee-pilot.io\/it\/","logo":{"@type":"ImageObject","inLanguage":"it-IT","@id":"https:\/\/www.bee-pilot.io\/it\/#\/schema\/logo\/image\/","url":"https:\/\/www.bee-pilot.io\/wp-content\/uploads\/2024\/10\/cropped-bee-pilot-logo.png","contentUrl":"https:\/\/www.bee-pilot.io\/wp-content\/uploads\/2024\/10\/cropped-bee-pilot-logo.png","width":291,"height":85,"caption":"bee-pilot.io UG (haftungsbeschr\u00e4nkt)"},"image":{"@id":"https:\/\/www.bee-pilot.io\/it\/#\/schema\/logo\/image\/"}}]}},"_links":{"self":[{"href":"https:\/\/www.bee-pilot.io\/it\/wp-json\/wp\/v2\/pages\/2049","targetHints":{"allow":["GET"]}}],"collection":[{"href":"https:\/\/www.bee-pilot.io\/it\/wp-json\/wp\/v2\/pages"}],"about":[{"href":"https:\/\/www.bee-pilot.io\/it\/wp-json\/wp\/v2\/types\/page"}],"author":[{"embeddable":true,"href":"https:\/\/www.bee-pilot.io\/it\/wp-json\/wp\/v2\/users\/1"}],"replies":[{"embeddable":true,"href":"https:\/\/www.bee-pilot.io\/it\/wp-json\/wp\/v2\/comments?post=2049"}],"version-history":[{"count":1,"href":"https:\/\/www.bee-pilot.io\/it\/wp-json\/wp\/v2\/pages\/2049\/revisions"}],"predecessor-version":[{"id":2052,"href":"https:\/\/www.bee-pilot.io\/it\/wp-json\/wp\/v2\/pages\/2049\/revisions\/2052"}],"wp:attachment":[{"href":"https:\/\/www.bee-pilot.io\/it\/wp-json\/wp\/v2\/media?parent=2049"}],"curies":[{"name":"wp","href":"https:\/\/api.w.org\/{rel}","templated":true}]}}