{"id":2067,"date":"2024-12-31T08:30:20","date_gmt":"2024-12-31T08:30:20","guid":{"rendered":"https:\/\/www.bee-pilot.io\/?page_id=2067"},"modified":"2026-03-18T07:46:41","modified_gmt":"2026-03-18T07:46:41","slug":"home","status":"publish","type":"page","link":"https:\/\/www.bee-pilot.io\/it\/","title":{"rendered":"Home"},"content":{"rendered":"\n<p><strong>App per apicoltori e soluzione cloud per l\u2019apicoltura digitale<\/strong><\/p>\n\n\n\n<p>Bee-Pilot \u00e8 una moderna app per apicoltori, sviluppata come soluzione cloud per semplificare, rendere pi\u00f9 chiaro ed efficiente il lavoro quotidiano in apicoltura. L\u2019app aiuta gli apicoltori a gestire digitalmente le proprie colonie e a salvare tutte le informazioni importanti in un unico luogo centrale \u2013 accessibile in qualsiasi momento e da qualsiasi dispositivo.<\/p>\n\n\n\n<p>Come software per l\u2019apicoltura digitale, Bee-Pilot sostituisce la tradizionale scheda cartacea dell\u2019alveare con una soluzione strutturata e affidabile. Ispezioni, note, attivit\u00e0 e informazioni relative alle postazioni vengono documentate in modo chiaro e rimangono archiviate nel tempo. In questo modo, gli apicoltori mantengono sempre una visione completa dello stato delle loro colonie e possono prendere decisioni consapevoli.<\/p>\n\n\n\n<p>Un elemento centrale di Bee-Pilot \u00e8 la scheda digitale dell\u2019alveare. Consente una documentazione completa di tutte le attivit\u00e0 svolte sulle colonie e facilita il monitoraggio degli sviluppi nel lungo periodo. Osservazioni, interventi e particolarit\u00e0 possono essere registrati rapidamente e analizzati in modo mirato in seguito.<\/p>\n\n\n\n<p>L\u2019app cloud per apicoltori \u00e8 adatta sia agli apicoltori amatoriali sia a quelli professionisti. Grazie alla tecnologia cloud, tutti i dati sono archiviati in modo sicuro e disponibili su pi\u00f9 dispositivi. Questo facilita la collaborazione, riduce il tempo necessario per la documentazione e minimizza gli errori dovuti a registrazioni incomplete.<\/p>\n\n\n\n<p>Bee-Pilot \u00e8 stata sviluppata da apicoltori per apicoltori e pone grande attenzione alla praticit\u00e0 e alla semplicit\u00e0 d\u2019uso. La combinazione di tecnologia moderna e competenze apistiche rende Bee-Pilot una soluzione affidabile per chi desidera organizzare la propria apicoltura in modo digitale e orientato al futuro.<\/p>\n","protected":false},"excerpt":{"rendered":"<p>App per apicoltori e soluzione cloud per l\u2019apicoltura digitale Bee-Pilot \u00e8 una moderna app per apicoltori, sviluppata come soluzione cloud per semplificare, rendere pi\u00f9 chiaro ed efficiente il lavoro quotidiano in apicoltura. L\u2019app aiuta gli apicoltori a gestire digitalmente le proprie colonie e a salvare tutte le informazioni importanti in un unico luogo centrale \u2013 [&hellip;]<\/p>\n","protected":false},"author":1,"featured_media":0,"parent":0,"menu_order":0,"comment_status":"closed","ping_status":"closed","template":"page-templates\/frontpage.php","meta":{"footnotes":""},"class_list":["post-2067","page","type-page","status-publish","hentry"],"yoast_head":"<!-- This site is optimized with the Yoast SEO Premium plugin v26.6 (Yoast SEO v26.6) - https:\/\/yoast.com\/wordpress\/plugins\/seo\/ -->\n<title>Home - bee-pilot.io<\/title>\n<meta name=\"robots\" content=\"index, follow, max-snippet:-1, max-image-preview:large, max-video-preview:-1\" \/>\n<link rel=\"canonical\" href=\"https:\/\/www.bee-pilot.io\/it\/\" \/>\n<meta property=\"og:locale\" content=\"it_IT\" \/>\n<meta property=\"og:type\" content=\"article\" \/>\n<meta property=\"og:title\" content=\"Home\" \/>\n<meta property=\"og:description\" content=\"App per apicoltori e soluzione cloud per l\u2019apicoltura digitale Bee-Pilot \u00e8 una moderna app per apicoltori, sviluppata come soluzione cloud per semplificare, rendere pi\u00f9 chiaro ed efficiente il lavoro quotidiano in apicoltura. L\u2019app aiuta gli apicoltori a gestire digitalmente le proprie colonie e a salvare tutte le informazioni importanti in un unico luogo centrale \u2013 [&hellip;]\" \/>\n<meta property=\"og:url\" content=\"https:\/\/www.bee-pilot.io\/it\/\" \/>\n<meta property=\"og:site_name\" content=\"bee-pilot.io\" \/>\n<meta property=\"article:modified_time\" content=\"2026-03-18T07:46:41+00:00\" \/>\n<meta property=\"og:image\" content=\"https:\/\/www.bee-pilot.io\/wp-content\/uploads\/2025\/02\/applogo-1.png\" \/>\n\t<meta property=\"og:image:width\" content=\"1057\" \/>\n\t<meta property=\"og:image:height\" content=\"746\" \/>\n\t<meta property=\"og:image:type\" content=\"image\/png\" \/>\n<meta name=\"twitter:card\" content=\"summary_large_image\" \/>\n<meta name=\"twitter:label1\" content=\"Tempo di lettura stimato\" \/>\n\t<meta name=\"twitter:data1\" content=\"2 minuti\" \/>\n<script type=\"application\/ld+json\" class=\"yoast-schema-graph\">{\"@context\":\"https:\/\/schema.org\",\"@graph\":[{\"@type\":\"WebPage\",\"@id\":\"https:\/\/www.bee-pilot.io\/it\/\",\"url\":\"https:\/\/www.bee-pilot.io\/it\/\",\"name\":\"Home - bee-pilot.io\",\"isPartOf\":{\"@id\":\"https:\/\/www.bee-pilot.io\/it\/#website\"},\"datePublished\":\"2024-12-31T08:30:20+00:00\",\"dateModified\":\"2026-03-18T07:46:41+00:00\",\"breadcrumb\":{\"@id\":\"https:\/\/www.bee-pilot.io\/it\/#breadcrumb\"},\"inLanguage\":\"it-IT\",\"potentialAction\":[{\"@type\":\"ReadAction\",\"target\":[\"https:\/\/www.bee-pilot.io\/it\/\"]}]},{\"@type\":\"BreadcrumbList\",\"@id\":\"https:\/\/www.bee-pilot.io\/it\/#breadcrumb\",\"itemListElement\":[{\"@type\":\"ListItem\",\"position\":1,\"name\":\"Startseite\",\"item\":\"https:\/\/www.bee-pilot.io\/it\/\"},{\"@type\":\"ListItem\",\"position\":2,\"name\":\"Home\"}]},{\"@type\":\"WebSite\",\"@id\":\"https:\/\/www.bee-pilot.io\/it\/#website\",\"url\":\"https:\/\/www.bee-pilot.io\/it\/\",\"name\":\"bee-pilot.io\",\"description\":\"Bee-Pilot: KI-gest\u00fctzte Software f\u00fcr Imker \u2013 Digitale Stockkarte, Wetter &amp; Checklisten\",\"publisher\":{\"@id\":\"https:\/\/www.bee-pilot.io\/it\/#organization\"},\"potentialAction\":[{\"@type\":\"SearchAction\",\"target\":{\"@type\":\"EntryPoint\",\"urlTemplate\":\"https:\/\/www.bee-pilot.io\/it\/?s={search_term_string}\"},\"query-input\":{\"@type\":\"PropertyValueSpecification\",\"valueRequired\":true,\"valueName\":\"search_term_string\"}}],\"inLanguage\":\"it-IT\"},{\"@type\":\"Organization\",\"@id\":\"https:\/\/www.bee-pilot.io\/it\/#organization\",\"name\":\"bee-pilot.io UG (haftungsbeschr\u00e4nkt)\",\"url\":\"https:\/\/www.bee-pilot.io\/it\/\",\"logo\":{\"@type\":\"ImageObject\",\"inLanguage\":\"it-IT\",\"@id\":\"https:\/\/www.bee-pilot.io\/it\/#\/schema\/logo\/image\/\",\"url\":\"https:\/\/www.bee-pilot.io\/wp-content\/uploads\/2024\/10\/cropped-bee-pilot-logo.png\",\"contentUrl\":\"https:\/\/www.bee-pilot.io\/wp-content\/uploads\/2024\/10\/cropped-bee-pilot-logo.png\",\"width\":291,\"height\":85,\"caption\":\"bee-pilot.io UG (haftungsbeschr\u00e4nkt)\"},\"image\":{\"@id\":\"https:\/\/www.bee-pilot.io\/it\/#\/schema\/logo\/image\/\"}}]}<\/script>\n<!-- \/ Yoast SEO Premium plugin. -->","yoast_head_json":{"title":"Home - bee-pilot.io","robots":{"index":"index","follow":"follow","max-snippet":"max-snippet:-1","max-image-preview":"max-image-preview:large","max-video-preview":"max-video-preview:-1"},"canonical":"https:\/\/www.bee-pilot.io\/it\/","og_locale":"it_IT","og_type":"article","og_title":"Home","og_description":"App per apicoltori e soluzione cloud per l\u2019apicoltura digitale Bee-Pilot \u00e8 una moderna app per apicoltori, sviluppata come soluzione cloud per semplificare, rendere pi\u00f9 chiaro ed efficiente il lavoro quotidiano in apicoltura. L\u2019app aiuta gli apicoltori a gestire digitalmente le proprie colonie e a salvare tutte le informazioni importanti in un unico luogo centrale \u2013 [&hellip;]","og_url":"https:\/\/www.bee-pilot.io\/it\/","og_site_name":"bee-pilot.io","article_modified_time":"2026-03-18T07:46:41+00:00","og_image":[{"width":1057,"height":746,"url":"https:\/\/www.bee-pilot.io\/wp-content\/uploads\/2025\/02\/applogo-1.png","type":"image\/png"}],"twitter_card":"summary_large_image","twitter_misc":{"Tempo di lettura stimato":"2 minuti"},"schema":{"@context":"https:\/\/schema.org","@graph":[{"@type":"WebPage","@id":"https:\/\/www.bee-pilot.io\/it\/","url":"https:\/\/www.bee-pilot.io\/it\/","name":"Home - bee-pilot.io","isPartOf":{"@id":"https:\/\/www.bee-pilot.io\/it\/#website"},"datePublished":"2024-12-31T08:30:20+00:00","dateModified":"2026-03-18T07:46:41+00:00","breadcrumb":{"@id":"https:\/\/www.bee-pilot.io\/it\/#breadcrumb"},"inLanguage":"it-IT","potentialAction":[{"@type":"ReadAction","target":["https:\/\/www.bee-pilot.io\/it\/"]}]},{"@type":"BreadcrumbList","@id":"https:\/\/www.bee-pilot.io\/it\/#breadcrumb","itemListElement":[{"@type":"ListItem","position":1,"name":"Startseite","item":"https:\/\/www.bee-pilot.io\/it\/"},{"@type":"ListItem","position":2,"name":"Home"}]},{"@type":"WebSite","@id":"https:\/\/www.bee-pilot.io\/it\/#website","url":"https:\/\/www.bee-pilot.io\/it\/","name":"bee-pilot.io","description":"Bee-Pilot: KI-gest\u00fctzte Software f\u00fcr Imker \u2013 Digitale Stockkarte, Wetter &amp; Checklisten","publisher":{"@id":"https:\/\/www.bee-pilot.io\/it\/#organization"},"potentialAction":[{"@type":"SearchAction","target":{"@type":"EntryPoint","urlTemplate":"https:\/\/www.bee-pilot.io\/it\/?s={search_term_string}"},"query-input":{"@type":"PropertyValueSpecification","valueRequired":true,"valueName":"search_term_string"}}],"inLanguage":"it-IT"},{"@type":"Organization","@id":"https:\/\/www.bee-pilot.io\/it\/#organization","name":"bee-pilot.io UG (haftungsbeschr\u00e4nkt)","url":"https:\/\/www.bee-pilot.io\/it\/","logo":{"@type":"ImageObject","inLanguage":"it-IT","@id":"https:\/\/www.bee-pilot.io\/it\/#\/schema\/logo\/image\/","url":"https:\/\/www.bee-pilot.io\/wp-content\/uploads\/2024\/10\/cropped-bee-pilot-logo.png","contentUrl":"https:\/\/www.bee-pilot.io\/wp-content\/uploads\/2024\/10\/cropped-bee-pilot-logo.png","width":291,"height":85,"caption":"bee-pilot.io UG (haftungsbeschr\u00e4nkt)"},"image":{"@id":"https:\/\/www.bee-pilot.io\/it\/#\/schema\/logo\/image\/"}}]}},"_links":{"self":[{"href":"https:\/\/www.bee-pilot.io\/it\/wp-json\/wp\/v2\/pages\/2067","targetHints":{"allow":["GET"]}}],"collection":[{"href":"https:\/\/www.bee-pilot.io\/it\/wp-json\/wp\/v2\/pages"}],"about":[{"href":"https:\/\/www.bee-pilot.io\/it\/wp-json\/wp\/v2\/types\/page"}],"author":[{"embeddable":true,"href":"https:\/\/www.bee-pilot.io\/it\/wp-json\/wp\/v2\/users\/1"}],"replies":[{"embeddable":true,"href":"https:\/\/www.bee-pilot.io\/it\/wp-json\/wp\/v2\/comments?post=2067"}],"version-history":[{"count":1,"href":"https:\/\/www.bee-pilot.io\/it\/wp-json\/wp\/v2\/pages\/2067\/revisions"}],"predecessor-version":[{"id":2068,"href":"https:\/\/www.bee-pilot.io\/it\/wp-json\/wp\/v2\/pages\/2067\/revisions\/2068"}],"wp:attachment":[{"href":"https:\/\/www.bee-pilot.io\/it\/wp-json\/wp\/v2\/media?parent=2067"}],"curies":[{"name":"wp","href":"https:\/\/api.w.org\/{rel}","templated":true}]}}