{"id":2072,"date":"2024-12-31T08:29:08","date_gmt":"2024-12-31T08:29:08","guid":{"rendered":"https:\/\/www.bee-pilot.io\/note-legali\/"},"modified":"2026-03-18T07:57:20","modified_gmt":"2026-03-18T07:57:20","slug":"note-legali","status":"publish","type":"page","link":"https:\/\/www.bee-pilot.io\/it\/note-legali\/","title":{"rendered":"Note legali"},"content":{"rendered":"\n<p><strong>Informazioni ai sensi del \u00a7 5 TMG (Legge sui Telemedia):<\/strong><br\/>bee-pilot.io UG (haftungsbeschr\u00e4nkt)<br\/>Untere Hauptstr. 41c<br\/>91336 Heroldsbach <\/p>\n\n<p><strong>Registro delle imprese:<br\/><\/strong>HRB 12065<br\/>Tribunale di Bamberg <\/p>\n\n<p><strong>Contatto:<\/strong><br\/>E-mail: support@bee-pilot.io<br\/>Sito web: www.bee-pilot.io<\/p>\n\n<p><strong>Amministratore delegato:<\/strong><br\/>Martin Wiesm\u00fcller<\/p>\n\n<p><strong>Codice fiscale<\/strong>: 216\/122\/20279<\/p>\n\n<p><strong>Partita IVA:<\/strong> DE458159113<\/p>\n\n<p><strong>Esclusione di responsabilit\u00e0 (Disclaimer):<\/strong><br\/><em>Responsabilit\u00e0 per i contenuti:<\/em><br\/>I contenuti delle nostre pagine sono stati creati con la massima cura. Tuttavia, non possiamo garantire l&#8217;accuratezza, la completezza e l&#8217;attualit\u00e0 dei contenuti. <\/p>\n\n<p><em>Responsabilit\u00e0 per i link:<\/em><br\/>Il nostro sito web contiene link a siti web esterni di terze parti, sui cui contenuti non abbiamo alcuna influenza. Pertanto, non possiamo assumerci alcuna responsabilit\u00e0 per questi contenuti esterni. <\/p>\n\n<p><strong>Risoluzione delle controversie:<\/strong><br\/>La Commissione Europea mette a disposizione una piattaforma per la risoluzione online delle controversie (ODR): <a href=\"https:\/\/ec.europa.eu\/consumers\/odr\/\">https:\/\/ec.europa.eu\/consumers\/odr\/<\/a>.<br\/>Puoi trovare il nostro indirizzo e-mail sopra nelle note legali. Non siamo disposti n\u00e9 obbligati a partecipare a procedure di risoluzione delle controversie presso un organismo di conciliazione dei consumatori. <\/p>\n\n<p><strong>Informativa sulla privacy<\/strong><\/p>\n\n<p>La protezione dei tuoi dati personali \u00e8 molto importante per noi. Di seguito ti informiamo in dettaglio sul trattamento dei tuoi dati. <\/p>\n\n<p><strong>1. Titolare del trattamento ai sensi del Regolamento Generale sulla Protezione dei Dati (GDPR):<\/strong><br\/>bee-pilot.io UG (haftungsbeschr\u00e4nkt)<br\/>Untere Hauptstr. 41c<br\/>91336 Heroldsbach<br\/>E-mail: support@bee-pilot.com <\/p>\n\n<p><strong>2. Raccolta e conservazione di dati personali, nonch\u00e9 tipo e scopo del loro utilizzo:<\/strong><br\/>a) <strong>Durante la visita al sito web<\/strong><br\/>Se utilizzi il nostro sito web solo a scopo informativo, senza fornire alcuna informazione, raccogliamo solo i dati personali che il tuo browser trasmette al nostro server. Si tratta dei seguenti dati: <\/p>\n\n<ul class=\"wp-block-list\">\n<li>Indirizzo IP<\/li>\n\n\n\n<li>Data e ora della richiesta<\/li>\n\n\n\n<li>Differenza di fuso orario rispetto al Greenwich Mean Time (GMT)<\/li>\n\n\n\n<li>Contenuto della richiesta (pagina specifica)<\/li>\n\n\n\n<li>Stato di accesso\/codice di stato HTTP<\/li>\n\n\n\n<li>quantit\u00e0 di dati trasmessi<\/li>\n\n\n\n<li>Sito web da cui proviene la richiesta<\/li>\n\n\n\n<li>Browser<\/li>\n\n\n\n<li>Sistema operativo e relativa interfaccia<\/li>\n\n\n\n<li>Lingua e versione del software del browser<br\/>Questi dati vengono memorizzati temporaneamente nei cosiddetti file di log, ma non insieme ad altri dati personali.<\/li>\n<\/ul>\n\n<p>b) <strong>Quando utilizzi il nostro modulo di contatto o invii richieste via e-mail<\/strong><br\/>Quando ci contatti, ad esempio tramite un modulo di contatto o via e-mail, raccogliamo i dati che fornisci, come nome, indirizzo e-mail ed eventualmente numero di telefono, per elaborare e rispondere alla tua richiesta.<\/p>\n\n<p><strong>3. Base giuridica del trattamento:<\/strong><br\/>Il trattamento dei tuoi dati avviene sulla base delle seguenti basi giuridiche:<\/p>\n\n<ul class=\"wp-block-list\">\n<li>Art. 6 comma 1 lett. a GDPR (consenso)  <\/li>\n\n\n\n<li>Art. 6 comma 1 lett. b GDPR (esecuzione di un contratto)  <\/li>\n\n\n\n<li>Art. 6 comma 1 lett. f GDPR (interesse legittimo)  <\/li>\n<\/ul>\n\n<p><strong>4. Trasmissione di dati a terzi:<\/strong><br\/>Trasmettiamo i tuoi dati solo se ci\u00f2 \u00e8 consentito dalla legge o se hai dato il tuo esplicito consenso. Non avviene alcuna trasmissione a terzi a scopo pubblicitario. <\/p>\n\n<p><strong>5. Cookie:<\/strong><br\/>Il nostro sito web utilizza i cosiddetti cookie, che servono a rendere l&#8217;utilizzo del sito web pi\u00f9 comodo ed efficiente. Puoi disattivare l&#8217;uso dei cookie in qualsiasi momento nelle impostazioni del tuo browser. <\/p>\n\n<p><strong>6. I tuoi diritti:<\/strong><br\/>Hai il diritto di richiedere informazioni sui dati personali che conserviamo. Inoltre, hai il diritto alla rettifica, alla cancellazione o alla limitazione del trattamento dei tuoi dati, nonch\u00e9 il diritto di opporti al trattamento. <\/p>\n\n<ul class=\"wp-block-list\">\n<li><strong>Diritto di accesso (Art. 15 GDPR)<\/strong><\/li>\n\n\n\n<li><strong>Diritto di rettifica (Art. 16 GDPR)<\/strong><\/li>\n\n\n\n<li><strong>Diritto alla cancellazione (Art. 17 GDPR)<\/strong><\/li>\n\n\n\n<li><strong>Diritto alla limitazione del trattamento (Art. 18 GDPR)<\/strong><\/li>\n\n\n\n<li><strong>Diritto alla portabilit\u00e0 dei dati (Art. 20 GDPR)<\/strong><\/li>\n\n\n\n<li><strong>Diritto di opposizione (Art. 21 GDPR)<\/strong><\/li>\n<\/ul>\n\n<p><strong>7. Diritto di reclamo presso l&#8217;autorit\u00e0 di controllo:<\/strong><br\/>Se ritieni che il trattamento dei tuoi dati personali violi il GDPR, hai il diritto di presentare un reclamo presso l&#8217;autorit\u00e0 di controllo competente. L&#8217;autorit\u00e0 di controllo competente per la protezione dei dati \u00e8 [Nome e contatto dell&#8217;autorit\u00e0 competente per la protezione dei dati, ad es. &#8220;Il Commissario regionale per la protezione dei dati e la libert\u00e0 di informazione&#8221; in Baviera]. <\/p>\n\n<p>Altri link:<\/p>\n\n<ul class=\"wp-block-list\">\n<li><a data-type=\"page\" data-id=\"244\" href=\"https:\/\/www.bee-pilot.io\/it\/termini-di-utilizzo-condizioni-generali-di-contratto-cgc\/\">Termini e condizioni d&#8217;uso delle applicazioni bee-pilot.io<\/a><\/li>\n<\/ul>\n","protected":false},"excerpt":{"rendered":"<p>Informazioni ai sensi del \u00a7 5 TMG (Legge sui Telemedia):bee-pilot.io UG (haftungsbeschr\u00e4nkt)Untere Hauptstr. 41c91336 Heroldsbach Registro delle imprese:HRB 12065Tribunale di Bamberg Contatto:E-mail: support@bee-pilot.ioSito web: www.bee-pilot.io Amministratore delegato:Martin Wiesm\u00fcller Codice fiscale: 216\/122\/20279 Partita IVA: DE458159113 Esclusione di responsabilit\u00e0 (Disclaimer):Responsabilit\u00e0 per i contenuti:I contenuti delle nostre pagine sono stati creati con la massima cura. Tuttavia, non possiamo [&hellip;]<\/p>\n","protected":false},"author":1,"featured_media":0,"parent":0,"menu_order":0,"comment_status":"closed","ping_status":"closed","template":"","meta":{"footnotes":""},"class_list":["post-2072","page","type-page","status-publish","hentry"],"yoast_head":"<!-- This site is optimized with the Yoast SEO Premium plugin v26.6 (Yoast SEO v26.6) - https:\/\/yoast.com\/wordpress\/plugins\/seo\/ -->\n<title>Note legali - bee-pilot.io<\/title>\n<meta name=\"robots\" content=\"index, follow, max-snippet:-1, max-image-preview:large, max-video-preview:-1\" \/>\n<link rel=\"canonical\" href=\"https:\/\/www.bee-pilot.io\/it\/note-legali\/\" \/>\n<meta property=\"og:locale\" content=\"it_IT\" \/>\n<meta property=\"og:type\" content=\"article\" \/>\n<meta property=\"og:title\" content=\"Note legali\" \/>\n<meta property=\"og:description\" content=\"Informazioni ai sensi del \u00a7 5 TMG (Legge sui Telemedia):bee-pilot.io UG (haftungsbeschr\u00e4nkt)Untere Hauptstr. 41c91336 Heroldsbach Registro delle imprese:HRB 12065Tribunale di Bamberg Contatto:E-mail: support@bee-pilot.ioSito web: www.bee-pilot.io Amministratore delegato:Martin Wiesm\u00fcller Codice fiscale: 216\/122\/20279 Partita IVA: DE458159113 Esclusione di responsabilit\u00e0 (Disclaimer):Responsabilit\u00e0 per i contenuti:I contenuti delle nostre pagine sono stati creati con la massima cura. Tuttavia, non possiamo [&hellip;]\" \/>\n<meta property=\"og:url\" content=\"https:\/\/www.bee-pilot.io\/it\/note-legali\/\" \/>\n<meta property=\"og:site_name\" content=\"bee-pilot.io\" \/>\n<meta property=\"article:modified_time\" content=\"2026-03-18T07:57:20+00:00\" \/>\n<meta property=\"og:image\" content=\"https:\/\/www.bee-pilot.io\/wp-content\/uploads\/2025\/02\/applogo-1.png\" \/>\n\t<meta property=\"og:image:width\" content=\"1057\" \/>\n\t<meta property=\"og:image:height\" content=\"746\" \/>\n\t<meta property=\"og:image:type\" content=\"image\/png\" \/>\n<meta name=\"twitter:card\" content=\"summary_large_image\" \/>\n<meta name=\"twitter:label1\" content=\"Tempo di lettura stimato\" \/>\n\t<meta name=\"twitter:data1\" content=\"3 minuti\" \/>\n<script type=\"application\/ld+json\" class=\"yoast-schema-graph\">{\"@context\":\"https:\/\/schema.org\",\"@graph\":[{\"@type\":\"WebPage\",\"@id\":\"https:\/\/www.bee-pilot.io\/it\/note-legali\/\",\"url\":\"https:\/\/www.bee-pilot.io\/it\/note-legali\/\",\"name\":\"Note legali - bee-pilot.io\",\"isPartOf\":{\"@id\":\"https:\/\/www.bee-pilot.io\/it\/#website\"},\"datePublished\":\"2024-12-31T08:29:08+00:00\",\"dateModified\":\"2026-03-18T07:57:20+00:00\",\"breadcrumb\":{\"@id\":\"https:\/\/www.bee-pilot.io\/it\/note-legali\/#breadcrumb\"},\"inLanguage\":\"it-IT\",\"potentialAction\":[{\"@type\":\"ReadAction\",\"target\":[\"https:\/\/www.bee-pilot.io\/it\/note-legali\/\"]}]},{\"@type\":\"BreadcrumbList\",\"@id\":\"https:\/\/www.bee-pilot.io\/it\/note-legali\/#breadcrumb\",\"itemListElement\":[{\"@type\":\"ListItem\",\"position\":1,\"name\":\"Startseite\",\"item\":\"https:\/\/www.bee-pilot.io\/it\/\"},{\"@type\":\"ListItem\",\"position\":2,\"name\":\"Note legali\"}]},{\"@type\":\"WebSite\",\"@id\":\"https:\/\/www.bee-pilot.io\/it\/#website\",\"url\":\"https:\/\/www.bee-pilot.io\/it\/\",\"name\":\"bee-pilot.io\",\"description\":\"Bee-Pilot: KI-gest\u00fctzte Software f\u00fcr Imker \u2013 Digitale Stockkarte, Wetter &amp; Checklisten\",\"publisher\":{\"@id\":\"https:\/\/www.bee-pilot.io\/it\/#organization\"},\"potentialAction\":[{\"@type\":\"SearchAction\",\"target\":{\"@type\":\"EntryPoint\",\"urlTemplate\":\"https:\/\/www.bee-pilot.io\/it\/?s={search_term_string}\"},\"query-input\":{\"@type\":\"PropertyValueSpecification\",\"valueRequired\":true,\"valueName\":\"search_term_string\"}}],\"inLanguage\":\"it-IT\"},{\"@type\":\"Organization\",\"@id\":\"https:\/\/www.bee-pilot.io\/it\/#organization\",\"name\":\"bee-pilot.io UG (haftungsbeschr\u00e4nkt)\",\"url\":\"https:\/\/www.bee-pilot.io\/it\/\",\"logo\":{\"@type\":\"ImageObject\",\"inLanguage\":\"it-IT\",\"@id\":\"https:\/\/www.bee-pilot.io\/it\/#\/schema\/logo\/image\/\",\"url\":\"https:\/\/www.bee-pilot.io\/wp-content\/uploads\/2024\/10\/cropped-bee-pilot-logo.png\",\"contentUrl\":\"https:\/\/www.bee-pilot.io\/wp-content\/uploads\/2024\/10\/cropped-bee-pilot-logo.png\",\"width\":291,\"height\":85,\"caption\":\"bee-pilot.io UG (haftungsbeschr\u00e4nkt)\"},\"image\":{\"@id\":\"https:\/\/www.bee-pilot.io\/it\/#\/schema\/logo\/image\/\"}}]}<\/script>\n<!-- \/ Yoast SEO Premium plugin. -->","yoast_head_json":{"title":"Note legali - bee-pilot.io","robots":{"index":"index","follow":"follow","max-snippet":"max-snippet:-1","max-image-preview":"max-image-preview:large","max-video-preview":"max-video-preview:-1"},"canonical":"https:\/\/www.bee-pilot.io\/it\/note-legali\/","og_locale":"it_IT","og_type":"article","og_title":"Note legali","og_description":"Informazioni ai sensi del \u00a7 5 TMG (Legge sui Telemedia):bee-pilot.io UG (haftungsbeschr\u00e4nkt)Untere Hauptstr. 41c91336 Heroldsbach Registro delle imprese:HRB 12065Tribunale di Bamberg Contatto:E-mail: support@bee-pilot.ioSito web: www.bee-pilot.io Amministratore delegato:Martin Wiesm\u00fcller Codice fiscale: 216\/122\/20279 Partita IVA: DE458159113 Esclusione di responsabilit\u00e0 (Disclaimer):Responsabilit\u00e0 per i contenuti:I contenuti delle nostre pagine sono stati creati con la massima cura. Tuttavia, non possiamo [&hellip;]","og_url":"https:\/\/www.bee-pilot.io\/it\/note-legali\/","og_site_name":"bee-pilot.io","article_modified_time":"2026-03-18T07:57:20+00:00","og_image":[{"width":1057,"height":746,"url":"https:\/\/www.bee-pilot.io\/wp-content\/uploads\/2025\/02\/applogo-1.png","type":"image\/png"}],"twitter_card":"summary_large_image","twitter_misc":{"Tempo di lettura stimato":"3 minuti"},"schema":{"@context":"https:\/\/schema.org","@graph":[{"@type":"WebPage","@id":"https:\/\/www.bee-pilot.io\/it\/note-legali\/","url":"https:\/\/www.bee-pilot.io\/it\/note-legali\/","name":"Note legali - bee-pilot.io","isPartOf":{"@id":"https:\/\/www.bee-pilot.io\/it\/#website"},"datePublished":"2024-12-31T08:29:08+00:00","dateModified":"2026-03-18T07:57:20+00:00","breadcrumb":{"@id":"https:\/\/www.bee-pilot.io\/it\/note-legali\/#breadcrumb"},"inLanguage":"it-IT","potentialAction":[{"@type":"ReadAction","target":["https:\/\/www.bee-pilot.io\/it\/note-legali\/"]}]},{"@type":"BreadcrumbList","@id":"https:\/\/www.bee-pilot.io\/it\/note-legali\/#breadcrumb","itemListElement":[{"@type":"ListItem","position":1,"name":"Startseite","item":"https:\/\/www.bee-pilot.io\/it\/"},{"@type":"ListItem","position":2,"name":"Note legali"}]},{"@type":"WebSite","@id":"https:\/\/www.bee-pilot.io\/it\/#website","url":"https:\/\/www.bee-pilot.io\/it\/","name":"bee-pilot.io","description":"Bee-Pilot: KI-gest\u00fctzte Software f\u00fcr Imker \u2013 Digitale Stockkarte, Wetter &amp; Checklisten","publisher":{"@id":"https:\/\/www.bee-pilot.io\/it\/#organization"},"potentialAction":[{"@type":"SearchAction","target":{"@type":"EntryPoint","urlTemplate":"https:\/\/www.bee-pilot.io\/it\/?s={search_term_string}"},"query-input":{"@type":"PropertyValueSpecification","valueRequired":true,"valueName":"search_term_string"}}],"inLanguage":"it-IT"},{"@type":"Organization","@id":"https:\/\/www.bee-pilot.io\/it\/#organization","name":"bee-pilot.io UG (haftungsbeschr\u00e4nkt)","url":"https:\/\/www.bee-pilot.io\/it\/","logo":{"@type":"ImageObject","inLanguage":"it-IT","@id":"https:\/\/www.bee-pilot.io\/it\/#\/schema\/logo\/image\/","url":"https:\/\/www.bee-pilot.io\/wp-content\/uploads\/2024\/10\/cropped-bee-pilot-logo.png","contentUrl":"https:\/\/www.bee-pilot.io\/wp-content\/uploads\/2024\/10\/cropped-bee-pilot-logo.png","width":291,"height":85,"caption":"bee-pilot.io UG (haftungsbeschr\u00e4nkt)"},"image":{"@id":"https:\/\/www.bee-pilot.io\/it\/#\/schema\/logo\/image\/"}}]}},"_links":{"self":[{"href":"https:\/\/www.bee-pilot.io\/it\/wp-json\/wp\/v2\/pages\/2072","targetHints":{"allow":["GET"]}}],"collection":[{"href":"https:\/\/www.bee-pilot.io\/it\/wp-json\/wp\/v2\/pages"}],"about":[{"href":"https:\/\/www.bee-pilot.io\/it\/wp-json\/wp\/v2\/types\/page"}],"author":[{"embeddable":true,"href":"https:\/\/www.bee-pilot.io\/it\/wp-json\/wp\/v2\/users\/1"}],"replies":[{"embeddable":true,"href":"https:\/\/www.bee-pilot.io\/it\/wp-json\/wp\/v2\/comments?post=2072"}],"version-history":[{"count":1,"href":"https:\/\/www.bee-pilot.io\/it\/wp-json\/wp\/v2\/pages\/2072\/revisions"}],"predecessor-version":[{"id":2074,"href":"https:\/\/www.bee-pilot.io\/it\/wp-json\/wp\/v2\/pages\/2072\/revisions\/2074"}],"wp:attachment":[{"href":"https:\/\/www.bee-pilot.io\/it\/wp-json\/wp\/v2\/media?parent=2072"}],"curies":[{"name":"wp","href":"https:\/\/api.w.org\/{rel}","templated":true}]}}