{"id":1172,"date":"2025-12-27T08:51:24","date_gmt":"2025-12-27T08:51:24","guid":{"rendered":"https:\/\/www.bee-pilot.io\/pelny-przeglad-twojej-pasieki\/"},"modified":"2025-12-27T11:00:30","modified_gmt":"2025-12-27T11:00:30","slug":"pelny-przeglad-twojej-pasieki","status":"publish","type":"page","link":"https:\/\/www.bee-pilot.io\/pl\/pelny-przeglad-twojej-pasieki\/","title":{"rendered":"Pe\u0142ny przegl\u0105d Twojej pasieki"},"content":{"rendered":"\n<div class=\"wp-block-group bp-hero\"><div class=\"wp-block-group__inner-container is-layout-constrained wp-container-core-group-is-layout-7a8ecd1d wp-block-group-is-layout-constrained\">\n<div class=\"wp-block-group bp-hero__inner\"><div class=\"wp-block-group__inner-container is-layout-constrained wp-block-group-is-layout-constrained\">\n<p><\/p>\n\n\n\n<h2 class=\"wp-block-heading bp-hero__title\" id=\"h-alles-im-blick-bevor-du-am-stand-ankommst\">Wszystko pod kontrol\u0105 \u2013 zanim dotrzesz do pasieki.<\/h2>\n\n\n\n<p class=\"bp-hero__text\">Z <strong>bee-pilot.io<\/strong> zarz\u0105dzasz swoimi pasiekami jako przejrzystymi jednostkami \u2013 w\u0142\u0105cznie z lokalizacjami, zadaniami, danymi pogodowymi, dokumentacj\u0105 i celami hodowlanymi. Przegl\u0105d pasieki pokazuje na pierwszy rzut oka, co dzia\u0142a dobrze, a gdzie potrzebne s\u0105 dzia\u0142ania. <\/p>\n\n\n\n<div class=\"wp-block-buttons is-content-justification-center is-layout-flex wp-container-core-buttons-is-layout-16018d1d wp-block-buttons-is-layout-flex\">\n<div class=\"wp-block-button bp-btn\"><a class=\"wp-block-button__link has-luminous-vivid-amber-background-color has-background wp-element-button\" href=\"https:\/\/app.bee-pilot.io\/registration\">Wypr\u00f3buj za darmo<\/a><\/div>\n<\/div>\n<\/div><\/div>\n<\/div><\/div>\n\n<div style=\"height:26px\" aria-hidden=\"true\" class=\"wp-block-spacer\"><\/div>\n\n<div class=\"wp-block-group bp-section\"><div class=\"wp-block-group__inner-container is-layout-constrained wp-container-core-group-is-layout-7a8ecd1d wp-block-group-is-layout-constrained\">\n<h3 class=\"wp-block-heading has-text-align-center bp-section__title\" id=\"h-so-fuhlt-sich-ubersicht-an\">Tak wygl\u0105da przejrzysto\u015b\u0107<\/h3>\n\n\n\n<p class=\"has-text-align-center bp-section__sub\">Nowoczesna prezentacja, jasne priorytety i szybka orientacja \u2013 zar\u00f3wno na komputerze, jak i na urz\u0105dzeniu mobilnym.<\/p>\n<\/div><\/div>\n\n<div style=\"height:18px\" aria-hidden=\"true\" class=\"wp-block-spacer\"><\/div>\n\n<div class=\"wp-block-group bp-cards\"><div class=\"wp-block-group__inner-container is-layout-constrained wp-container-core-group-is-layout-7a8ecd1d wp-block-group-is-layout-constrained\">\n<div class=\"wp-block-columns bp-cols is-layout-flex wp-container-core-columns-is-layout-9d6595d7 wp-block-columns-is-layout-flex\">\n<div class=\"wp-block-column is-layout-flow wp-block-column-is-layout-flow\">\n<div class=\"wp-block-group bp-card\"><div class=\"wp-block-group__inner-container is-layout-constrained wp-block-group-is-layout-constrained\">\n<p class=\"bp-card__kicker\">\ud83d\udcca <strong>Pe\u0142na transparentno\u015b\u0107<\/strong><\/p>\n\n\n\n<p class=\"bp-card__text\">Wszystkie rodziny pszczele w pasiece s\u0105 przejrzy\u015bcie zestawione \u2013 w\u0142\u0105cznie ze stanem, ostatnim przegl\u0105dem i najwa\u017cniejszymi wska\u017anikami. Dzi\u0119ki temu od razu rozpoznasz, gdzie wszystko pasuje, a gdzie powiniene\u015b zajrze\u0107. <\/p>\n\n\n<div class=\"wp-block-image bp-shot\">\n<figure class=\"aligncenter size-medium\"><img loading=\"lazy\" decoding=\"async\" width=\"300\" height=\"193\" src=\"https:\/\/www.bee-pilot.io\/wp-content\/uploads\/2025\/12\/Standuebersicht-300x193.png\" alt=\"bee-pilot.io Przegl&#x105;d pasieki\" class=\"wp-image-1126\" srcset=\"https:\/\/www.bee-pilot.io\/wp-content\/uploads\/2025\/12\/Standuebersicht-300x193.png 300w, https:\/\/www.bee-pilot.io\/wp-content\/uploads\/2025\/12\/Standuebersicht-1024x659.png 1024w, https:\/\/www.bee-pilot.io\/wp-content\/uploads\/2025\/12\/Standuebersicht-768x495.png 768w, https:\/\/www.bee-pilot.io\/wp-content\/uploads\/2025\/12\/Standuebersicht-1536x989.png 1536w, https:\/\/www.bee-pilot.io\/wp-content\/uploads\/2025\/12\/Standuebersicht-2048x1319.png 2048w\" sizes=\"auto, (max-width: 300px) 100vw, 300px\" \/><\/figure>\n<\/div><\/div><\/div>\n<\/div>\n\n\n\n<div class=\"wp-block-column is-layout-flow wp-block-column-is-layout-flow\">\n<div class=\"wp-block-group bp-card\"><div class=\"wp-block-group__inner-container is-layout-constrained wp-block-group-is-layout-constrained\">\n<p class=\"bp-card__kicker\">\ud83e\udded <strong>Sta\u0142e lokalizacje<\/strong><\/p>\n\n\n\n<p class=\"bp-card__text\">Ka\u017cda pasieka pracuje z jasno zdefiniowanymi lokalizacjami. Ka\u017cda rodzina pszczela jest jednoznacznie przypisana \u2013 dla maksymalnej przejrzysto\u015bci, czystej dokumentacji i analiz na przestrzeni wielu lat. <\/p>\n\n\n<div class=\"wp-block-image bp-shot\">\n<figure class=\"aligncenter size-medium\"><img loading=\"lazy\" decoding=\"async\" width=\"139\" height=\"300\" src=\"https:\/\/www.bee-pilot.io\/wp-content\/uploads\/2025\/12\/Standuebersicht-mobil-139x300.png\" alt=\"Przegl&#x105;d pasieki mobilnie\" class=\"wp-image-1128\" srcset=\"https:\/\/www.bee-pilot.io\/wp-content\/uploads\/2025\/12\/Standuebersicht-mobil-139x300.png 139w, https:\/\/www.bee-pilot.io\/wp-content\/uploads\/2025\/12\/Standuebersicht-mobil-473x1024.png 473w, https:\/\/www.bee-pilot.io\/wp-content\/uploads\/2025\/12\/Standuebersicht-mobil-768x1662.png 768w, https:\/\/www.bee-pilot.io\/wp-content\/uploads\/2025\/12\/Standuebersicht-mobil-710x1536.png 710w, https:\/\/www.bee-pilot.io\/wp-content\/uploads\/2025\/12\/Standuebersicht-mobil.png 782w\" sizes=\"auto, (max-width: 139px) 100vw, 139px\" \/><\/figure>\n<\/div><\/div><\/div>\n<\/div>\n\n\n\n<div class=\"wp-block-column is-layout-flow wp-block-column-is-layout-flow\">\n<div class=\"wp-block-group bp-card\"><div class=\"wp-block-group__inner-container is-layout-constrained wp-block-group-is-layout-constrained\">\n<p class=\"bp-card__kicker\">\u2600\ufe0f <strong>Pogoda w pasiece<\/strong><\/p>\n\n\n\n<p class=\"bp-card__text\">Dane pogodowe oparte na lokalizacji wspieraj\u0105 Ci\u0119 w planowaniu i podejmowaniu decyzji. Idealne do przegl\u0105d\u00f3w, zabieg\u00f3w i interwencji \u2013 dopasowane do konkretnej pasieki. <\/p>\n\n\n<div class=\"wp-block-image bp-shot\">\n<figure class=\"aligncenter size-medium\"><img loading=\"lazy\" decoding=\"async\" width=\"300\" height=\"279\" src=\"https:\/\/www.bee-pilot.io\/wp-content\/uploads\/2025\/12\/Wetter-300x279.png\" alt=\"Dane pogodowe w pasiece\" class=\"wp-image-1127\" srcset=\"https:\/\/www.bee-pilot.io\/wp-content\/uploads\/2025\/12\/Wetter-300x279.png 300w, https:\/\/www.bee-pilot.io\/wp-content\/uploads\/2025\/12\/Wetter-1024x954.png 1024w, https:\/\/www.bee-pilot.io\/wp-content\/uploads\/2025\/12\/Wetter-768x715.png 768w, https:\/\/www.bee-pilot.io\/wp-content\/uploads\/2025\/12\/Wetter-1536x1431.png 1536w, https:\/\/www.bee-pilot.io\/wp-content\/uploads\/2025\/12\/Wetter.png 1604w\" sizes=\"auto, (max-width: 300px) 100vw, 300px\" \/><\/figure>\n<\/div><\/div><\/div>\n<\/div>\n<\/div>\n<\/div><\/div>\n\n<div style=\"height:26px\" aria-hidden=\"true\" class=\"wp-block-spacer\"><\/div>\n\n<div class=\"wp-block-group bp-featurebox\"><div class=\"wp-block-group__inner-container is-layout-constrained wp-container-core-group-is-layout-7a8ecd1d wp-block-group-is-layout-constrained\">\n<h3 class=\"wp-block-heading bp-featurebox__title\" id=\"h-weitere-funktionen-in-der-standubersicht\">Pozosta\u0142e funkcje w przegl\u0105dzie pasieki<\/h3>\n\n\n\n<p class=\"bp-featurebox__sub\">Wszystko jest tak zaprojektowane, aby\u015b mniej pisa\u0142, szybciej rozpoznawa\u0142, co jest wa\u017cne, i m\u00f3g\u0142 dzia\u0142a\u0107 bezpo\u015brednio w pasiece.<\/p>\n\n\n\n<div class=\"wp-block-columns bp-cols bp-cols--features is-layout-flex wp-container-core-columns-is-layout-9d6595d7 wp-block-columns-is-layout-flex\">\n<div class=\"wp-block-column is-layout-flow wp-block-column-is-layout-flow\">\n<div class=\"wp-block-group bp-mini\"><div class=\"wp-block-group__inner-container is-layout-constrained wp-block-group-is-layout-constrained\">\n<p class=\"bp-mini__title\">\u2705 <strong>Zarz\u0105dzanie zadaniami<\/strong><\/p>\n\n\n\n<p class=\"bp-mini__text\">Planuj, ustalaj priorytety i odhaczaj zadania dla ka\u017cdej pasieki \u2013 aby nic nie umkn\u0119\u0142o.<\/p>\n<\/div><\/div>\n<\/div>\n\n\n\n<div class=\"wp-block-column is-layout-flow wp-block-column-is-layout-flow\">\n<div class=\"wp-block-group bp-mini\"><div class=\"wp-block-group__inner-container is-layout-constrained wp-block-group-is-layout-constrained\">\n<p class=\"bp-mini__title\">\ud83d\uddbc\ufe0f <strong>Zarz\u0105dzanie obrazami<\/strong><\/p>\n\n\n\n<p class=\"bp-mini__text\">Przypisuj zdj\u0119cia bezpo\u015brednio do pasieki \u2013 jako wizualn\u0105, szybk\u0105 dokumentacj\u0119.<\/p>\n<\/div><\/div>\n<\/div>\n\n\n\n<div class=\"wp-block-column is-layout-flow wp-block-column-is-layout-flow\">\n<div class=\"wp-block-group bp-mini\"><div class=\"wp-block-group__inner-container is-layout-constrained wp-block-group-is-layout-constrained\">\n<p class=\"bp-mini__title\">\ud83c\udfaf <strong>Cele hodowlane<\/strong><\/p>\n\n\n\n<p class=\"bp-mini__text\">Definiuj i konsekwentnie realizuj cele zwi\u0105zane z pasiek\u0105 \u2013 jako podstaw\u0119 do podejmowania decyzji.<\/p>\n<\/div><\/div>\n<\/div>\n<\/div>\n\n\n\n<div class=\"wp-block-columns bp-cols bp-cols--features is-layout-flex wp-container-core-columns-is-layout-9d6595d7 wp-block-columns-is-layout-flex\">\n<div class=\"wp-block-column is-layout-flow wp-block-column-is-layout-flow\">\n<div class=\"wp-block-group bp-mini\"><div class=\"wp-block-group__inner-container is-layout-constrained wp-block-group-is-layout-constrained\">\n<p class=\"bp-mini__title\">\ud83e\uddfe <strong>Czysta historia<\/strong><\/p>\n\n\n\n<p class=\"bp-mini__text\">Wszystko pozostaje na w\u0142a\u015bciwym miejscu \u2013 przejrzyste i mo\u017cliwe do analizy w d\u0142u\u017cszej perspektywie.<\/p>\n<\/div><\/div>\n<\/div>\n\n\n\n<div class=\"wp-block-column is-layout-flow wp-block-column-is-layout-flow\">\n<div class=\"wp-block-group bp-mini\"><div class=\"wp-block-group__inner-container is-layout-constrained wp-block-group-is-layout-constrained\">\n<p class=\"bp-mini__title\">\u26a1 <strong>Szybka ocena<\/strong><\/p>\n\n\n\n<p class=\"bp-mini__text\">Szybciej rozpoznawaj silne rodziny i nieprawid\u0142owo\u015bci \u2013 idealne do ustalania priorytet\u00f3w.<\/p>\n<\/div><\/div>\n<\/div>\n\n\n\n<div class=\"wp-block-column is-layout-flow wp-block-column-is-layout-flow\">\n<div class=\"wp-block-group bp-mini\"><div class=\"wp-block-group__inner-container is-layout-constrained wp-block-group-is-layout-constrained\">\n<p class=\"bp-mini__title\">\ud83c\udf26\ufe0f <strong>Planowanie i wyczucie czasu<\/strong><\/p>\n\n\n\n<p class=\"bp-mini__text\">Planuj w oparciu o lokalizacj\u0119 \u2013 aby dzia\u0142ania by\u0142y podejmowane we w\u0142a\u015bciwym czasie.<\/p>\n<\/div><\/div>\n<\/div>\n<\/div>\n<\/div><\/div>\n\n<div style=\"height:26px\" aria-hidden=\"true\" class=\"wp-block-spacer\"><\/div>\n\n<div class=\"wp-block-group bp-cta\"><div class=\"wp-block-group__inner-container is-layout-constrained wp-container-core-group-is-layout-7a8ecd1d wp-block-group-is-layout-constrained\">\n<h3 class=\"wp-block-heading has-text-align-center bp-cta__title\" id=\"h-bereit-fur-mehr-uberblick-am-bienenstand\">Gotowy na lepszy przegl\u0105d w pasiece?<\/h3>\n\n\n\n<p class=\"has-text-align-center bp-cta__text\">Testuj bee-pilot.io za darmo i przekonaj si\u0119, jak w praktyce odczuwa si\u0119 struktur\u0119, przejrzysto\u015b\u0107 i jasne priorytety.<\/p>\n\n\n\n<div class=\"wp-block-buttons is-content-justification-center is-layout-flex wp-container-core-buttons-is-layout-16018d1d wp-block-buttons-is-layout-flex\">\n<div class=\"wp-block-button bp-btn\"><a class=\"wp-block-button__link has-luminous-vivid-amber-background-color has-background wp-element-button\" href=\"https:\/\/app.bee-pilot.io\/registration\">Wypr\u00f3buj za darmo<\/a><\/div>\n<\/div>\n<\/div><\/div>\n\n<p>\u00a0<\/p>\n","protected":false},"excerpt":{"rendered":"<p>Wszystko pod kontrol\u0105 \u2013 zanim dotrzesz do pasieki. Z bee-pilot.io zarz\u0105dzasz swoimi pasiekami jako przejrzystymi jednostkami \u2013 w\u0142\u0105cznie z lokalizacjami, zadaniami, danymi pogodowymi, dokumentacj\u0105 i celami hodowlanymi. Przegl\u0105d pasieki pokazuje na pierwszy rzut oka, co dzia\u0142a dobrze, a gdzie potrzebne s\u0105 dzia\u0142ania. Tak wygl\u0105da przejrzysto\u015b\u0107 Nowoczesna prezentacja, jasne priorytety i szybka orientacja \u2013 zar\u00f3wno na [&hellip;]<\/p>\n","protected":false},"author":1,"featured_media":1176,"parent":0,"menu_order":0,"comment_status":"closed","ping_status":"closed","template":"","meta":{"footnotes":""},"class_list":["post-1172","page","type-page","status-publish","has-post-thumbnail","hentry"],"yoast_head":"<!-- This site is optimized with the Yoast SEO Premium plugin v26.6 (Yoast SEO v26.6) - https:\/\/yoast.com\/wordpress\/plugins\/seo\/ -->\n<title>Przegl\u0105d pasieki: Prosty i nieskomplikowany - bee-pilot.io<\/title>\n<meta name=\"description\" content=\"Z bee-pilot.io zachowasz kontrol\u0119 nad swoj\u0105 pasiek\u0105. Odkryj najwa\u017cniejsze funkcje dla efektywnego zarz\u0105dzania.\" \/>\n<meta name=\"robots\" content=\"index, follow, max-snippet:-1, max-image-preview:large, max-video-preview:-1\" \/>\n<link rel=\"canonical\" href=\"https:\/\/www.bee-pilot.io\/pl\/pelny-przeglad-twojej-pasieki\/\" \/>\n<meta property=\"og:locale\" content=\"pl_PL\" \/>\n<meta property=\"og:type\" content=\"article\" \/>\n<meta property=\"og:title\" content=\"Pe\u0142ny przegl\u0105d Twojej pasieki\" \/>\n<meta property=\"og:description\" content=\"Z bee-pilot.io zachowasz kontrol\u0119 nad swoj\u0105 pasiek\u0105. Odkryj najwa\u017cniejsze funkcje dla efektywnego zarz\u0105dzania.\" \/>\n<meta property=\"og:url\" content=\"https:\/\/www.bee-pilot.io\/pl\/pelny-przeglad-twojej-pasieki\/\" \/>\n<meta property=\"og:site_name\" content=\"bee-pilot.io\" \/>\n<meta property=\"article:modified_time\" content=\"2025-12-27T11:00:30+00:00\" \/>\n<meta property=\"og:image\" content=\"https:\/\/www.bee-pilot.io\/wp-content\/uploads\/2025\/12\/service_standuebersicht.png\" \/>\n\t<meta property=\"og:image:width\" content=\"1536\" \/>\n\t<meta property=\"og:image:height\" content=\"1024\" \/>\n\t<meta property=\"og:image:type\" content=\"image\/png\" \/>\n<meta name=\"twitter:card\" content=\"summary_large_image\" \/>\n<meta name=\"twitter:label1\" content=\"Szacowany czas czytania\" \/>\n\t<meta name=\"twitter:data1\" content=\"3 minuty\" \/>\n<script type=\"application\/ld+json\" class=\"yoast-schema-graph\">{\"@context\":\"https:\/\/schema.org\",\"@graph\":[{\"@type\":\"WebPage\",\"@id\":\"https:\/\/www.bee-pilot.io\/pl\/pelny-przeglad-twojej-pasieki\/\",\"url\":\"https:\/\/www.bee-pilot.io\/pl\/pelny-przeglad-twojej-pasieki\/\",\"name\":\"Przegl\u0105d pasieki: Prosty i nieskomplikowany - bee-pilot.io\",\"isPartOf\":{\"@id\":\"https:\/\/www.bee-pilot.io\/pl\/#website\"},\"primaryImageOfPage\":{\"@id\":\"https:\/\/www.bee-pilot.io\/pl\/pelny-przeglad-twojej-pasieki\/#primaryimage\"},\"image\":{\"@id\":\"https:\/\/www.bee-pilot.io\/pl\/pelny-przeglad-twojej-pasieki\/#primaryimage\"},\"thumbnailUrl\":\"https:\/\/www.bee-pilot.io\/wp-content\/uploads\/2025\/12\/service_standuebersicht.png\",\"datePublished\":\"2025-12-27T08:51:24+00:00\",\"dateModified\":\"2025-12-27T11:00:30+00:00\",\"description\":\"Z bee-pilot.io zachowasz kontrol\u0119 nad swoj\u0105 pasiek\u0105. Odkryj najwa\u017cniejsze funkcje dla efektywnego zarz\u0105dzania.\",\"breadcrumb\":{\"@id\":\"https:\/\/www.bee-pilot.io\/pl\/pelny-przeglad-twojej-pasieki\/#breadcrumb\"},\"inLanguage\":\"pl-PL\",\"potentialAction\":[{\"@type\":\"ReadAction\",\"target\":[\"https:\/\/www.bee-pilot.io\/pl\/pelny-przeglad-twojej-pasieki\/\"]}]},{\"@type\":\"ImageObject\",\"inLanguage\":\"pl-PL\",\"@id\":\"https:\/\/www.bee-pilot.io\/pl\/pelny-przeglad-twojej-pasieki\/#primaryimage\",\"url\":\"https:\/\/www.bee-pilot.io\/wp-content\/uploads\/2025\/12\/service_standuebersicht.png\",\"contentUrl\":\"https:\/\/www.bee-pilot.io\/wp-content\/uploads\/2025\/12\/service_standuebersicht.png\",\"width\":1536,\"height\":1024,\"caption\":\"Obrazek wyr\u00f3\u017cniaj\u0105cy dla przegl\u0105du pasieki.\"},{\"@type\":\"BreadcrumbList\",\"@id\":\"https:\/\/www.bee-pilot.io\/pl\/pelny-przeglad-twojej-pasieki\/#breadcrumb\",\"itemListElement\":[{\"@type\":\"ListItem\",\"position\":1,\"name\":\"Startseite\",\"item\":\"https:\/\/www.bee-pilot.io\/pl\/\"},{\"@type\":\"ListItem\",\"position\":2,\"name\":\"Pe\u0142ny przegl\u0105d Twojej pasieki\"}]},{\"@type\":\"WebSite\",\"@id\":\"https:\/\/www.bee-pilot.io\/pl\/#website\",\"url\":\"https:\/\/www.bee-pilot.io\/pl\/\",\"name\":\"bee-pilot.io\",\"description\":\"Bee-Pilot: KI-gest\u00fctzte Software f\u00fcr Imker \u2013 Digitale Stockkarte, Wetter &amp; Checklisten\",\"publisher\":{\"@id\":\"https:\/\/www.bee-pilot.io\/pl\/#organization\"},\"potentialAction\":[{\"@type\":\"SearchAction\",\"target\":{\"@type\":\"EntryPoint\",\"urlTemplate\":\"https:\/\/www.bee-pilot.io\/pl\/?s={search_term_string}\"},\"query-input\":{\"@type\":\"PropertyValueSpecification\",\"valueRequired\":true,\"valueName\":\"search_term_string\"}}],\"inLanguage\":\"pl-PL\"},{\"@type\":\"Organization\",\"@id\":\"https:\/\/www.bee-pilot.io\/pl\/#organization\",\"name\":\"bee-pilot.io UG (haftungsbeschr\u00e4nkt)\",\"url\":\"https:\/\/www.bee-pilot.io\/pl\/\",\"logo\":{\"@type\":\"ImageObject\",\"inLanguage\":\"pl-PL\",\"@id\":\"https:\/\/www.bee-pilot.io\/pl\/#\/schema\/logo\/image\/\",\"url\":\"https:\/\/www.bee-pilot.io\/wp-content\/uploads\/2024\/10\/cropped-bee-pilot-logo.png\",\"contentUrl\":\"https:\/\/www.bee-pilot.io\/wp-content\/uploads\/2024\/10\/cropped-bee-pilot-logo.png\",\"width\":291,\"height\":85,\"caption\":\"bee-pilot.io UG (haftungsbeschr\u00e4nkt)\"},\"image\":{\"@id\":\"https:\/\/www.bee-pilot.io\/pl\/#\/schema\/logo\/image\/\"}}]}<\/script>\n<!-- \/ Yoast SEO Premium plugin. -->","yoast_head_json":{"title":"Przegl\u0105d pasieki: Prosty i nieskomplikowany - bee-pilot.io","description":"Z bee-pilot.io zachowasz kontrol\u0119 nad swoj\u0105 pasiek\u0105. Odkryj najwa\u017cniejsze funkcje dla efektywnego zarz\u0105dzania.","robots":{"index":"index","follow":"follow","max-snippet":"max-snippet:-1","max-image-preview":"max-image-preview:large","max-video-preview":"max-video-preview:-1"},"canonical":"https:\/\/www.bee-pilot.io\/pl\/pelny-przeglad-twojej-pasieki\/","og_locale":"pl_PL","og_type":"article","og_title":"Pe\u0142ny przegl\u0105d Twojej pasieki","og_description":"Z bee-pilot.io zachowasz kontrol\u0119 nad swoj\u0105 pasiek\u0105. Odkryj najwa\u017cniejsze funkcje dla efektywnego zarz\u0105dzania.","og_url":"https:\/\/www.bee-pilot.io\/pl\/pelny-przeglad-twojej-pasieki\/","og_site_name":"bee-pilot.io","article_modified_time":"2025-12-27T11:00:30+00:00","og_image":[{"width":1536,"height":1024,"url":"https:\/\/www.bee-pilot.io\/wp-content\/uploads\/2025\/12\/service_standuebersicht.png","type":"image\/png"}],"twitter_card":"summary_large_image","twitter_misc":{"Szacowany czas czytania":"3 minuty"},"schema":{"@context":"https:\/\/schema.org","@graph":[{"@type":"WebPage","@id":"https:\/\/www.bee-pilot.io\/pl\/pelny-przeglad-twojej-pasieki\/","url":"https:\/\/www.bee-pilot.io\/pl\/pelny-przeglad-twojej-pasieki\/","name":"Przegl\u0105d pasieki: Prosty i nieskomplikowany - bee-pilot.io","isPartOf":{"@id":"https:\/\/www.bee-pilot.io\/pl\/#website"},"primaryImageOfPage":{"@id":"https:\/\/www.bee-pilot.io\/pl\/pelny-przeglad-twojej-pasieki\/#primaryimage"},"image":{"@id":"https:\/\/www.bee-pilot.io\/pl\/pelny-przeglad-twojej-pasieki\/#primaryimage"},"thumbnailUrl":"https:\/\/www.bee-pilot.io\/wp-content\/uploads\/2025\/12\/service_standuebersicht.png","datePublished":"2025-12-27T08:51:24+00:00","dateModified":"2025-12-27T11:00:30+00:00","description":"Z bee-pilot.io zachowasz kontrol\u0119 nad swoj\u0105 pasiek\u0105. Odkryj najwa\u017cniejsze funkcje dla efektywnego zarz\u0105dzania.","breadcrumb":{"@id":"https:\/\/www.bee-pilot.io\/pl\/pelny-przeglad-twojej-pasieki\/#breadcrumb"},"inLanguage":"pl-PL","potentialAction":[{"@type":"ReadAction","target":["https:\/\/www.bee-pilot.io\/pl\/pelny-przeglad-twojej-pasieki\/"]}]},{"@type":"ImageObject","inLanguage":"pl-PL","@id":"https:\/\/www.bee-pilot.io\/pl\/pelny-przeglad-twojej-pasieki\/#primaryimage","url":"https:\/\/www.bee-pilot.io\/wp-content\/uploads\/2025\/12\/service_standuebersicht.png","contentUrl":"https:\/\/www.bee-pilot.io\/wp-content\/uploads\/2025\/12\/service_standuebersicht.png","width":1536,"height":1024,"caption":"Obrazek wyr\u00f3\u017cniaj\u0105cy dla przegl\u0105du pasieki."},{"@type":"BreadcrumbList","@id":"https:\/\/www.bee-pilot.io\/pl\/pelny-przeglad-twojej-pasieki\/#breadcrumb","itemListElement":[{"@type":"ListItem","position":1,"name":"Startseite","item":"https:\/\/www.bee-pilot.io\/pl\/"},{"@type":"ListItem","position":2,"name":"Pe\u0142ny przegl\u0105d Twojej pasieki"}]},{"@type":"WebSite","@id":"https:\/\/www.bee-pilot.io\/pl\/#website","url":"https:\/\/www.bee-pilot.io\/pl\/","name":"bee-pilot.io","description":"Bee-Pilot: KI-gest\u00fctzte Software f\u00fcr Imker \u2013 Digitale Stockkarte, Wetter &amp; Checklisten","publisher":{"@id":"https:\/\/www.bee-pilot.io\/pl\/#organization"},"potentialAction":[{"@type":"SearchAction","target":{"@type":"EntryPoint","urlTemplate":"https:\/\/www.bee-pilot.io\/pl\/?s={search_term_string}"},"query-input":{"@type":"PropertyValueSpecification","valueRequired":true,"valueName":"search_term_string"}}],"inLanguage":"pl-PL"},{"@type":"Organization","@id":"https:\/\/www.bee-pilot.io\/pl\/#organization","name":"bee-pilot.io UG (haftungsbeschr\u00e4nkt)","url":"https:\/\/www.bee-pilot.io\/pl\/","logo":{"@type":"ImageObject","inLanguage":"pl-PL","@id":"https:\/\/www.bee-pilot.io\/pl\/#\/schema\/logo\/image\/","url":"https:\/\/www.bee-pilot.io\/wp-content\/uploads\/2024\/10\/cropped-bee-pilot-logo.png","contentUrl":"https:\/\/www.bee-pilot.io\/wp-content\/uploads\/2024\/10\/cropped-bee-pilot-logo.png","width":291,"height":85,"caption":"bee-pilot.io UG (haftungsbeschr\u00e4nkt)"},"image":{"@id":"https:\/\/www.bee-pilot.io\/pl\/#\/schema\/logo\/image\/"}}]}},"_links":{"self":[{"href":"https:\/\/www.bee-pilot.io\/pl\/wp-json\/wp\/v2\/pages\/1172","targetHints":{"allow":["GET"]}}],"collection":[{"href":"https:\/\/www.bee-pilot.io\/pl\/wp-json\/wp\/v2\/pages"}],"about":[{"href":"https:\/\/www.bee-pilot.io\/pl\/wp-json\/wp\/v2\/types\/page"}],"author":[{"embeddable":true,"href":"https:\/\/www.bee-pilot.io\/pl\/wp-json\/wp\/v2\/users\/1"}],"replies":[{"embeddable":true,"href":"https:\/\/www.bee-pilot.io\/pl\/wp-json\/wp\/v2\/comments?post=1172"}],"version-history":[{"count":2,"href":"https:\/\/www.bee-pilot.io\/pl\/wp-json\/wp\/v2\/pages\/1172\/revisions"}],"predecessor-version":[{"id":1253,"href":"https:\/\/www.bee-pilot.io\/pl\/wp-json\/wp\/v2\/pages\/1172\/revisions\/1253"}],"wp:featuredmedia":[{"embeddable":true,"href":"https:\/\/www.bee-pilot.io\/pl\/wp-json\/wp\/v2\/media\/1176"}],"wp:attachment":[{"href":"https:\/\/www.bee-pilot.io\/pl\/wp-json\/wp\/v2\/media?parent=1172"}],"curies":[{"name":"wp","href":"https:\/\/api.w.org\/{rel}","templated":true}]}}