{"id":1174,"date":"2025-12-27T10:00:29","date_gmt":"2025-12-27T10:00:29","guid":{"rendered":"https:\/\/www.bee-pilot.io\/cyfrowa-karta-ula\/"},"modified":"2025-12-27T10:53:30","modified_gmt":"2025-12-27T10:53:30","slug":"cyfrowa-karta-ula","status":"publish","type":"page","link":"https:\/\/www.bee-pilot.io\/pl\/cyfrowa-karta-ula\/","title":{"rendered":"cyfrowa karta ula"},"content":{"rendered":"\n<div class=\"wp-block-group bp-hero\"><div class=\"wp-block-group__inner-container is-layout-constrained wp-container-core-group-is-layout-7a8ecd1d wp-block-group-is-layout-constrained\">\n<div class=\"wp-block-group bp-hero__inner\"><div class=\"wp-block-group__inner-container is-layout-constrained wp-block-group-is-layout-constrained\">\n<p><\/p>\n\n\n\n<h2 class=\"wp-block-heading bp-hero__title\">Cyfrowa karta ula, kt\u00f3ra naprawd\u0119 wsp\u00f3\u0142pracuje.<\/h2>\n\n\n\n<p class=\"bp-hero__text\">Z <strong>bee-pilot.io<\/strong> mo\u017cesz w prosty i przejrzysty spos\u00f3b zdigitalizowa\u0107 karty uli swoich pszczelich rodzin. Koniec z papierologi\u0105 i niekompletnymi zapisami: masz zawsze wszystkie wa\u017cne informacje dost\u0119pne centralnie \u2013 mobilnie, aktualne i przejrzy\u015bcie uporz\u0105dkowane. <\/p>\n\n\n\n<p class=\"bp-hero__text\">Niezale\u017cnie od tego, czy jeste\u015b pszczelarzem hobbyst\u0105, czy zawodowym: <strong>bee-pilot.io<\/strong> pomo\u017ce Ci zachowa\u0107 przegl\u0105d, podejmowa\u0107 lepsze decyzje i trwale poprawi\u0107 rozw\u00f3j Twoich pszczelich rodzin.<\/p>\n\n\n\n<div class=\"wp-block-buttons is-content-justification-center is-layout-flex wp-container-core-buttons-is-layout-16018d1d wp-block-buttons-is-layout-flex\">\n<div class=\"wp-block-button bp-btn\"><a class=\"wp-block-button__link has-luminous-vivid-amber-background-color has-background wp-element-button\" href=\"https:\/\/app.bee-pilot.io\/registration\">Wypr\u00f3buj za darmo<\/a><\/div>\n<\/div>\n<\/div><\/div>\n<\/div><\/div>\n\n<div style=\"height:26px\" aria-hidden=\"true\" class=\"wp-block-spacer\"><\/div>\n\n<div class=\"wp-block-group bp-section\"><div class=\"wp-block-group__inner-container is-layout-constrained wp-container-core-group-is-layout-7a8ecd1d wp-block-group-is-layout-constrained\">\n<h3 class=\"wp-block-heading has-text-align-center bp-section__title\" id=\"h-deine-mehrwerte-mit-bee-pilot-io\">Twoje korzy\u015bci z bee-pilot.io<\/h3>\n\n\n\n<p class=\"has-text-align-center bp-section__sub\">Jasne informacje, szybkie decyzje i zrozumia\u0142a historia \u2013 dla ka\u017cdej rodziny z osobna.<\/p>\n<\/div><\/div>\n\n<div style=\"height:18px\" aria-hidden=\"true\" class=\"wp-block-spacer\"><\/div>\n\n<div class=\"wp-block-group bp-cards\"><div class=\"wp-block-group__inner-container is-layout-constrained wp-container-core-group-is-layout-7a8ecd1d wp-block-group-is-layout-constrained\">\n<div class=\"wp-block-columns bp-cols is-layout-flex wp-container-core-columns-is-layout-9d6595d7 wp-block-columns-is-layout-flex\">\n<div class=\"wp-block-column is-vertically-aligned-center is-layout-flow wp-block-column-is-layout-flow\">\n<div class=\"wp-block-group bp-card\"><div class=\"wp-block-group__inner-container is-layout-constrained wp-block-group-is-layout-constrained\">\n<h4 class=\"wp-block-heading\" id=\"h-gesundheitsampel-auf-einen-blick\"><strong>Ocena stanu zdrowia na pierwszy rzut oka<\/strong><\/h4>\n\n\n\n<p class=\"bp-card__text\">Dzi\u0119ki intuicyjnemu <strong>wska\u017anikowi stanu zdrowia (zielony \u2013 \u017c\u00f3\u0142ty \u2013 czerwony)<\/strong> od razu rozpoznasz, czy dana rodzina jest stabilna, czy wymaga interwencji. W ten spos\u00f3b mo\u017cesz wcze\u015bnie reagowa\u0107 i rozwi\u0105zywa\u0107 problemy, zanim si\u0119 pogorsz\u0105. <\/p>\n<\/div><\/div>\n<\/div>\n\n\n\n<div class=\"wp-block-column is-layout-flow wp-block-column-is-layout-flow\">\n<div class=\"wp-block-group bp-card\"><div class=\"wp-block-group__inner-container is-layout-constrained wp-block-group-is-layout-constrained\"><div class=\"wp-block-image bp-shot\">\n<figure class=\"aligncenter size-medium\"><img loading=\"lazy\" decoding=\"async\" width=\"139\" height=\"300\" src=\"https:\/\/www.bee-pilot.io\/wp-content\/uploads\/2025\/12\/stockkarte-139x300.png\" alt=\"Karta ula mobilnie\" class=\"wp-image-1143\" srcset=\"https:\/\/www.bee-pilot.io\/wp-content\/uploads\/2025\/12\/stockkarte-139x300.png 139w, https:\/\/www.bee-pilot.io\/wp-content\/uploads\/2025\/12\/stockkarte-474x1024.png 474w, https:\/\/www.bee-pilot.io\/wp-content\/uploads\/2025\/12\/stockkarte-768x1659.png 768w, https:\/\/www.bee-pilot.io\/wp-content\/uploads\/2025\/12\/stockkarte-711x1536.png 711w, https:\/\/www.bee-pilot.io\/wp-content\/uploads\/2025\/12\/stockkarte.png 784w\" sizes=\"auto, (max-width: 139px) 100vw, 139px\" \/><\/figure>\n<\/div><\/div><\/div>\n<\/div>\n<\/div>\n\n\n\n<div style=\"height:14px\" aria-hidden=\"true\" class=\"wp-block-spacer\"><\/div>\n\n\n\n<div class=\"wp-block-columns bp-cols is-layout-flex wp-container-core-columns-is-layout-9d6595d7 wp-block-columns-is-layout-flex\">\n<div class=\"wp-block-column is-vertically-aligned-center is-layout-flow wp-block-column-is-layout-flow\">\n<div class=\"wp-block-group bp-card\"><div class=\"wp-block-group__inner-container is-layout-constrained wp-block-group-is-layout-constrained\">\n<h4 class=\"wp-block-heading\" id=\"h-alle-stockdaten-ubersichtlich-gebundelt\"><strong>Wszystkie dane ula przejrzy\u015bcie zebrane<\/strong><\/h4>\n\n\n\n<p class=\"bp-card__text\">W przejrzystym zestawieniu znajdziesz wszystkie istotne dane podstawowe dotycz\u0105ce ka\u017cdej rodziny \u2013 uporz\u0105dkowane i dost\u0119pne w ka\u017cdej chwili:<\/p>\n\n\n\n<ul class=\"wp-block-list bp-list\">\n<li>Jaka <strong>rasa pszcz\u00f3\u0142<\/strong> jest hodowana?<\/li>\n\n\n\n<li>Jaki <strong>typ ula<\/strong> jest u\u017cywany?<\/li>\n\n\n\n<li>Ile <strong>korpus\u00f3w z czerwiem i miodem<\/strong> jest aktualnie dost\u0119pnych?<\/li>\n<\/ul>\n<\/div><\/div>\n<\/div>\n\n\n\n<div class=\"wp-block-column is-vertically-aligned-center is-layout-flow wp-block-column-is-layout-flow\">\n<div class=\"wp-block-group bp-card\"><div class=\"wp-block-group__inner-container is-layout-constrained wp-block-group-is-layout-constrained\"><div class=\"wp-block-image bp-shot\">\n<figure class=\"aligncenter size-large\"><img loading=\"lazy\" decoding=\"async\" width=\"1024\" height=\"547\" src=\"https:\/\/www.bee-pilot.io\/wp-content\/uploads\/2025\/12\/stockdaten-1024x547.png\" alt=\"Przegl&#x105;d danych ula\" class=\"wp-image-1144\" srcset=\"https:\/\/www.bee-pilot.io\/wp-content\/uploads\/2025\/12\/stockdaten-1024x547.png 1024w, https:\/\/www.bee-pilot.io\/wp-content\/uploads\/2025\/12\/stockdaten-300x160.png 300w, https:\/\/www.bee-pilot.io\/wp-content\/uploads\/2025\/12\/stockdaten-768x411.png 768w, https:\/\/www.bee-pilot.io\/wp-content\/uploads\/2025\/12\/stockdaten-1536x821.png 1536w, https:\/\/www.bee-pilot.io\/wp-content\/uploads\/2025\/12\/stockdaten.png 1590w\" sizes=\"auto, (max-width: 1024px) 100vw, 1024px\" \/><\/figure>\n<\/div><\/div><\/div>\n<\/div>\n<\/div>\n\n\n\n<div style=\"height:14px\" aria-hidden=\"true\" class=\"wp-block-spacer\"><\/div>\n\n\n\n<div class=\"wp-block-columns bp-cols is-layout-flex wp-container-core-columns-is-layout-9d6595d7 wp-block-columns-is-layout-flex\">\n<div class=\"wp-block-column is-vertically-aligned-center is-layout-flow wp-block-column-is-layout-flow\">\n<div class=\"wp-block-group bp-card\"><div class=\"wp-block-group__inner-container is-layout-constrained wp-block-group-is-layout-constrained\"><div class=\"wp-block-image bp-shot\">\n<figure class=\"aligncenter size-large\"><img loading=\"lazy\" decoding=\"async\" width=\"1024\" height=\"549\" src=\"https:\/\/www.bee-pilot.io\/wp-content\/uploads\/2025\/12\/Gesundheitsinfos-1-1024x549.png\" alt=\"Informacje o zdrowiu\" class=\"wp-image-1146\" srcset=\"https:\/\/www.bee-pilot.io\/wp-content\/uploads\/2025\/12\/Gesundheitsinfos-1-1024x549.png 1024w, https:\/\/www.bee-pilot.io\/wp-content\/uploads\/2025\/12\/Gesundheitsinfos-1-300x161.png 300w, https:\/\/www.bee-pilot.io\/wp-content\/uploads\/2025\/12\/Gesundheitsinfos-1-768x411.png 768w, https:\/\/www.bee-pilot.io\/wp-content\/uploads\/2025\/12\/Gesundheitsinfos-1-1536x823.png 1536w, https:\/\/www.bee-pilot.io\/wp-content\/uploads\/2025\/12\/Gesundheitsinfos-1.png 1594w\" sizes=\"auto, (max-width: 1024px) 100vw, 1024px\" \/><\/figure>\n<\/div><\/div><\/div>\n<\/div>\n\n\n\n<div class=\"wp-block-column is-vertically-aligned-center is-layout-flow wp-block-column-is-layout-flow\">\n<div class=\"wp-block-group bp-card\"><div class=\"wp-block-group__inner-container is-layout-constrained wp-block-group-is-layout-constrained\">\n<h4 class=\"wp-block-heading\" id=\"h-gesundheits-und-entwicklungsinformationen\"><strong>Informacje o zdrowiu i rozwoju<\/strong><\/h4>\n\n\n\n<p class=\"bp-card__text\">Miej sta\u0142y wgl\u0105d w stan swoich rodzin i wcze\u015bnie rozpoznawaj trendy:<\/p>\n\n\n\n<ul class=\"wp-block-list bp-list\">\n<li><strong>Si\u0142a rodziny<\/strong> i <strong>\u0142agodno\u015b\u0107<\/strong> przejrzy\u015bcie udokumentowane<\/li>\n\n\n\n<li>Historia ostatnich <strong>przegl\u0105d\u00f3w i zabieg\u00f3w<\/strong><\/li>\n\n\n\n<li>Rozw\u00f3j w ci\u0105gu sezonu \u2013 zrozumia\u0142y, a nie \u201ena wyczucie\u201d<\/li>\n<\/ul>\n<\/div><\/div>\n<\/div>\n<\/div>\n\n\n\n<div style=\"height:14px\" aria-hidden=\"true\" class=\"wp-block-spacer\"><\/div>\n\n\n\n<div class=\"wp-block-columns bp-cols is-layout-flex wp-container-core-columns-is-layout-9d6595d7 wp-block-columns-is-layout-flex\">\n<div class=\"wp-block-column is-vertically-aligned-center is-layout-flow wp-block-column-is-layout-flow\">\n<div class=\"wp-block-group bp-card\"><div class=\"wp-block-group__inner-container is-layout-constrained wp-block-group-is-layout-constrained\">\n<h4 class=\"wp-block-heading\" id=\"h-auswertungen-amp-vergleich-am-stand\"><strong>Analizy i por\u00f3wnania w pasiece<\/strong><\/h4>\n\n\n\n<p class=\"bp-card__text\">Dzi\u0119ki inteligentnym <strong>analizom i rankingom<\/strong> mo\u017cesz por\u00f3wnywa\u0107 rodziny mi\u0119dzy sob\u0105: Jak rozwija si\u0119 dana rodzina w stosunku do innych w tej samej pasiece? Ta przejrzysto\u015b\u0107 wspiera Ci\u0119 w decyzjach dotycz\u0105cych piel\u0119gnacji, lokalizacji i hodowli. <\/p>\n<\/div><\/div>\n<\/div>\n\n\n\n<div class=\"wp-block-column is-vertically-aligned-center is-layout-flow wp-block-column-is-layout-flow\">\n<div class=\"wp-block-group bp-card\"><div class=\"wp-block-group__inner-container is-layout-constrained wp-block-group-is-layout-constrained\"><div class=\"wp-block-image bp-shot\">\n<figure class=\"aligncenter size-large\"><img loading=\"lazy\" decoding=\"async\" width=\"1024\" height=\"871\" src=\"https:\/\/www.bee-pilot.io\/wp-content\/uploads\/2025\/12\/bewertung-1024x871.png\" alt=\"Ocena i analiza\" class=\"wp-image-1147\" srcset=\"https:\/\/www.bee-pilot.io\/wp-content\/uploads\/2025\/12\/bewertung-1024x871.png 1024w, https:\/\/www.bee-pilot.io\/wp-content\/uploads\/2025\/12\/bewertung-300x255.png 300w, https:\/\/www.bee-pilot.io\/wp-content\/uploads\/2025\/12\/bewertung-768x653.png 768w, https:\/\/www.bee-pilot.io\/wp-content\/uploads\/2025\/12\/bewertung.png 1434w\" sizes=\"auto, (max-width: 1024px) 100vw, 1024px\" \/><\/figure>\n<\/div><\/div><\/div>\n<\/div>\n<\/div>\n\n\n\n<div style=\"height:14px\" aria-hidden=\"true\" class=\"wp-block-spacer\"><\/div>\n\n\n\n<div class=\"wp-block-columns bp-cols is-layout-flex wp-container-core-columns-is-layout-9d6595d7 wp-block-columns-is-layout-flex\">\n<div class=\"wp-block-column is-vertically-aligned-center is-layout-flow wp-block-column-is-layout-flow\">\n<div class=\"wp-block-group bp-card\"><div class=\"wp-block-group__inner-container is-layout-constrained wp-block-group-is-layout-constrained\"><div class=\"wp-block-image bp-shot\">\n<figure class=\"aligncenter size-large\"><img loading=\"lazy\" decoding=\"async\" width=\"1024\" height=\"603\" src=\"https:\/\/www.bee-pilot.io\/wp-content\/uploads\/2025\/12\/koenigin-1024x603.png\" alt=\"Kr&#xF3;lowe\" class=\"wp-image-1148\" srcset=\"https:\/\/www.bee-pilot.io\/wp-content\/uploads\/2025\/12\/koenigin-1024x603.png 1024w, https:\/\/www.bee-pilot.io\/wp-content\/uploads\/2025\/12\/koenigin-300x177.png 300w, https:\/\/www.bee-pilot.io\/wp-content\/uploads\/2025\/12\/koenigin-768x452.png 768w, https:\/\/www.bee-pilot.io\/wp-content\/uploads\/2025\/12\/koenigin-1536x904.png 1536w, https:\/\/www.bee-pilot.io\/wp-content\/uploads\/2025\/12\/koenigin.png 1590w\" sizes=\"auto, (max-width: 1024px) 100vw, 1024px\" \/><\/figure>\n<\/div><\/div><\/div>\n<\/div>\n\n\n\n<div class=\"wp-block-column is-vertically-aligned-center is-layout-flow wp-block-column-is-layout-flow\">\n<div class=\"wp-block-group bp-card\"><div class=\"wp-block-group__inner-container is-layout-constrained wp-block-group-is-layout-constrained\">\n<h4 class=\"wp-block-heading\" id=\"h-koniginnen-im-fokus\"><strong>Kr\u00f3lowe w centrum uwagi<\/strong><\/h4>\n\n\n\n<p class=\"bp-card__text\">Dokumentuj konkretne cechy kr\u00f3lowej \u2013 takie jak wydajno\u015b\u0107, \u0142agodno\u015b\u0107 lub witalno\u015b\u0107. Stworzy to cenn\u0105 podstaw\u0119 do decyzji hodowlanych i d\u0142ugoterminowego planowania. <\/p>\n<\/div><\/div>\n<\/div>\n<\/div>\n\n\n\n<div style=\"height:14px\" aria-hidden=\"true\" class=\"wp-block-spacer\"><\/div>\n\n\n\n<div class=\"wp-block-columns bp-cols is-layout-flex wp-container-core-columns-is-layout-9d6595d7 wp-block-columns-is-layout-flex\">\n<div class=\"wp-block-column is-vertically-aligned-center is-layout-flow wp-block-column-is-layout-flow\">\n<div class=\"wp-block-group bp-card\"><div class=\"wp-block-group__inner-container is-layout-constrained wp-block-group-is-layout-constrained\">\n<figure class=\"wp-block-image size-large bp-shot\"><img loading=\"lazy\" decoding=\"async\" width=\"973\" height=\"1024\" src=\"https:\/\/www.bee-pilot.io\/wp-content\/uploads\/2025\/12\/Verwandtschaft-973x1024.png\" alt=\"Pokrewie&#x144;stwo\" class=\"wp-image-1149\" srcset=\"https:\/\/www.bee-pilot.io\/wp-content\/uploads\/2025\/12\/Verwandtschaft-973x1024.png 973w, https:\/\/www.bee-pilot.io\/wp-content\/uploads\/2025\/12\/Verwandtschaft-285x300.png 285w, https:\/\/www.bee-pilot.io\/wp-content\/uploads\/2025\/12\/Verwandtschaft-768x808.png 768w, https:\/\/www.bee-pilot.io\/wp-content\/uploads\/2025\/12\/Verwandtschaft-1460x1536.png 1460w, https:\/\/www.bee-pilot.io\/wp-content\/uploads\/2025\/12\/Verwandtschaft.png 1462w\" sizes=\"auto, (max-width: 973px) 100vw, 973px\" \/><\/figure>\n<\/div><\/div>\n<\/div>\n\n\n\n<div class=\"wp-block-column is-vertically-aligned-center is-layout-flow wp-block-column-is-layout-flow\">\n<div class=\"wp-block-group bp-card\"><div class=\"wp-block-group__inner-container is-layout-constrained wp-block-group-is-layout-constrained\">\n<h4 class=\"wp-block-heading\" id=\"h-abstammung-und-beziehungen-erkennen\"><strong>Rozpoznawanie pochodzenia i relacji<\/strong><\/h4>\n\n\n\n<p class=\"bp-card__text\">\u015aled\u017a pochodzenie swoich kr\u00f3lowych i uwidaczniaj powi\u0105zania genetyczne \u2013 udokumentowane w spos\u00f3b zrozumia\u0142y:<\/p>\n\n\n\n<ul class=\"wp-block-list bp-list\">\n<li>Kto by\u0142 <strong>matk\u0105<\/strong> rodu?<\/li>\n\n\n\n<li>Z jakiego <strong>zasobu \/ lokalizacji<\/strong> pochodzi?<\/li>\n<\/ul>\n<\/div><\/div>\n<\/div>\n<\/div>\n<\/div><\/div>\n\n<div style=\"height:26px\" aria-hidden=\"true\" class=\"wp-block-spacer\"><\/div>\n\n<div class=\"wp-block-group bp-cta\"><div class=\"wp-block-group__inner-container is-layout-constrained wp-container-core-group-is-layout-7a8ecd1d wp-block-group-is-layout-constrained\">\n<h3 class=\"wp-block-heading has-text-align-center bp-cta__title\">Gotowy na przejrzyste karty uli bez papierologii?<\/h3>\n\n\n\n<p class=\"has-text-align-center bp-cta__text\">Przetestuj bee-pilot.io za darmo i przekonaj si\u0119, jak szybko znajdziesz informacje, podejmiesz decyzje i b\u0119dziesz mie\u0107 swoje rodziny trwale pod kontrol\u0105.<\/p>\n\n\n\n<div class=\"wp-block-buttons is-content-justification-center is-layout-flex wp-container-core-buttons-is-layout-16018d1d wp-block-buttons-is-layout-flex\">\n<div class=\"wp-block-button bp-btn\"><a class=\"wp-block-button__link has-luminous-vivid-amber-background-color has-background wp-element-button\" href=\"https:\/\/app.bee-pilot.io\/registration\">Wypr\u00f3buj za darmo<\/a><\/div>\n<\/div>\n<\/div><\/div>\n\n<p>\u00a0<\/p>\n","protected":false},"excerpt":{"rendered":"<p>Cyfrowa karta ula, kt\u00f3ra naprawd\u0119 wsp\u00f3\u0142pracuje. Z bee-pilot.io mo\u017cesz w prosty i przejrzysty spos\u00f3b zdigitalizowa\u0107 karty uli swoich pszczelich rodzin. Koniec z papierologi\u0105 i niekompletnymi zapisami: masz zawsze wszystkie wa\u017cne informacje dost\u0119pne centralnie \u2013 mobilnie, aktualne i przejrzy\u015bcie uporz\u0105dkowane. Niezale\u017cnie od tego, czy jeste\u015b pszczelarzem hobbyst\u0105, czy zawodowym: bee-pilot.io pomo\u017ce Ci zachowa\u0107 przegl\u0105d, podejmowa\u0107 lepsze [&hellip;]<\/p>\n","protected":false},"author":1,"featured_media":1179,"parent":0,"menu_order":0,"comment_status":"closed","ping_status":"closed","template":"","meta":{"footnotes":""},"class_list":["post-1174","page","type-page","status-publish","has-post-thumbnail","hentry"],"yoast_head":"<!-- This site is optimized with the Yoast SEO Premium plugin v26.6 (Yoast SEO v26.6) - https:\/\/yoast.com\/wordpress\/plugins\/seo\/ -->\n<title>Cyfrowa karta ula dla efektywniejszych decyzji - bee-pilot.io<\/title>\n<meta name=\"description\" content=\"Odkryj zalety cyfrowej karty ula z bee-pilot.io. Miej wszystko pod kontrol\u0105, w prosty spos\u00f3b.\" \/>\n<meta name=\"robots\" content=\"index, follow, max-snippet:-1, max-image-preview:large, max-video-preview:-1\" \/>\n<link rel=\"canonical\" href=\"https:\/\/www.bee-pilot.io\/pl\/cyfrowa-karta-ula\/\" \/>\n<meta property=\"og:locale\" content=\"pl_PL\" \/>\n<meta property=\"og:type\" content=\"article\" \/>\n<meta property=\"og:title\" content=\"cyfrowa karta ula\" \/>\n<meta property=\"og:description\" content=\"Odkryj zalety cyfrowej karty ula z bee-pilot.io. Miej wszystko pod kontrol\u0105, w prosty spos\u00f3b.\" \/>\n<meta property=\"og:url\" content=\"https:\/\/www.bee-pilot.io\/pl\/cyfrowa-karta-ula\/\" \/>\n<meta property=\"og:site_name\" content=\"bee-pilot.io\" \/>\n<meta property=\"article:modified_time\" content=\"2025-12-27T10:53:30+00:00\" \/>\n<meta property=\"og:image\" content=\"https:\/\/www.bee-pilot.io\/wp-content\/uploads\/2025\/12\/digitalestockkarte-1024x683.png\" \/>\n\t<meta property=\"og:image:width\" content=\"1024\" \/>\n\t<meta property=\"og:image:height\" content=\"683\" \/>\n\t<meta property=\"og:image:type\" content=\"image\/png\" \/>\n<meta name=\"twitter:card\" content=\"summary_large_image\" \/>\n<meta name=\"twitter:label1\" content=\"Szacowany czas czytania\" \/>\n\t<meta name=\"twitter:data1\" content=\"4 minuty\" \/>\n<script type=\"application\/ld+json\" class=\"yoast-schema-graph\">{\"@context\":\"https:\/\/schema.org\",\"@graph\":[{\"@type\":\"WebPage\",\"@id\":\"https:\/\/www.bee-pilot.io\/pl\/cyfrowa-karta-ula\/\",\"url\":\"https:\/\/www.bee-pilot.io\/pl\/cyfrowa-karta-ula\/\",\"name\":\"Cyfrowa karta ula dla efektywniejszych decyzji - bee-pilot.io\",\"isPartOf\":{\"@id\":\"https:\/\/www.bee-pilot.io\/pl\/#website\"},\"primaryImageOfPage\":{\"@id\":\"https:\/\/www.bee-pilot.io\/pl\/cyfrowa-karta-ula\/#primaryimage\"},\"image\":{\"@id\":\"https:\/\/www.bee-pilot.io\/pl\/cyfrowa-karta-ula\/#primaryimage\"},\"thumbnailUrl\":\"https:\/\/www.bee-pilot.io\/wp-content\/uploads\/2025\/12\/digitalestockkarte.png\",\"datePublished\":\"2025-12-27T10:00:29+00:00\",\"dateModified\":\"2025-12-27T10:53:30+00:00\",\"description\":\"Odkryj zalety cyfrowej karty ula z bee-pilot.io. Miej wszystko pod kontrol\u0105, w prosty spos\u00f3b.\",\"breadcrumb\":{\"@id\":\"https:\/\/www.bee-pilot.io\/pl\/cyfrowa-karta-ula\/#breadcrumb\"},\"inLanguage\":\"pl-PL\",\"potentialAction\":[{\"@type\":\"ReadAction\",\"target\":[\"https:\/\/www.bee-pilot.io\/pl\/cyfrowa-karta-ula\/\"]}]},{\"@type\":\"ImageObject\",\"inLanguage\":\"pl-PL\",\"@id\":\"https:\/\/www.bee-pilot.io\/pl\/cyfrowa-karta-ula\/#primaryimage\",\"url\":\"https:\/\/www.bee-pilot.io\/wp-content\/uploads\/2025\/12\/digitalestockkarte.png\",\"contentUrl\":\"https:\/\/www.bee-pilot.io\/wp-content\/uploads\/2025\/12\/digitalestockkarte.png\",\"width\":1536,\"height\":1024,\"caption\":\"cyfrowa karta ula\"},{\"@type\":\"BreadcrumbList\",\"@id\":\"https:\/\/www.bee-pilot.io\/pl\/cyfrowa-karta-ula\/#breadcrumb\",\"itemListElement\":[{\"@type\":\"ListItem\",\"position\":1,\"name\":\"Startseite\",\"item\":\"https:\/\/www.bee-pilot.io\/pl\/\"},{\"@type\":\"ListItem\",\"position\":2,\"name\":\"cyfrowa karta ula\"}]},{\"@type\":\"WebSite\",\"@id\":\"https:\/\/www.bee-pilot.io\/pl\/#website\",\"url\":\"https:\/\/www.bee-pilot.io\/pl\/\",\"name\":\"bee-pilot.io\",\"description\":\"Bee-Pilot: KI-gest\u00fctzte Software f\u00fcr Imker \u2013 Digitale Stockkarte, Wetter &amp; Checklisten\",\"publisher\":{\"@id\":\"https:\/\/www.bee-pilot.io\/pl\/#organization\"},\"potentialAction\":[{\"@type\":\"SearchAction\",\"target\":{\"@type\":\"EntryPoint\",\"urlTemplate\":\"https:\/\/www.bee-pilot.io\/pl\/?s={search_term_string}\"},\"query-input\":{\"@type\":\"PropertyValueSpecification\",\"valueRequired\":true,\"valueName\":\"search_term_string\"}}],\"inLanguage\":\"pl-PL\"},{\"@type\":\"Organization\",\"@id\":\"https:\/\/www.bee-pilot.io\/pl\/#organization\",\"name\":\"bee-pilot.io UG (haftungsbeschr\u00e4nkt)\",\"url\":\"https:\/\/www.bee-pilot.io\/pl\/\",\"logo\":{\"@type\":\"ImageObject\",\"inLanguage\":\"pl-PL\",\"@id\":\"https:\/\/www.bee-pilot.io\/pl\/#\/schema\/logo\/image\/\",\"url\":\"https:\/\/www.bee-pilot.io\/wp-content\/uploads\/2024\/10\/cropped-bee-pilot-logo.png\",\"contentUrl\":\"https:\/\/www.bee-pilot.io\/wp-content\/uploads\/2024\/10\/cropped-bee-pilot-logo.png\",\"width\":291,\"height\":85,\"caption\":\"bee-pilot.io UG (haftungsbeschr\u00e4nkt)\"},\"image\":{\"@id\":\"https:\/\/www.bee-pilot.io\/pl\/#\/schema\/logo\/image\/\"}}]}<\/script>\n<!-- \/ Yoast SEO Premium plugin. -->","yoast_head_json":{"title":"Cyfrowa karta ula dla efektywniejszych decyzji - bee-pilot.io","description":"Odkryj zalety cyfrowej karty ula z bee-pilot.io. Miej wszystko pod kontrol\u0105, w prosty spos\u00f3b.","robots":{"index":"index","follow":"follow","max-snippet":"max-snippet:-1","max-image-preview":"max-image-preview:large","max-video-preview":"max-video-preview:-1"},"canonical":"https:\/\/www.bee-pilot.io\/pl\/cyfrowa-karta-ula\/","og_locale":"pl_PL","og_type":"article","og_title":"cyfrowa karta ula","og_description":"Odkryj zalety cyfrowej karty ula z bee-pilot.io. Miej wszystko pod kontrol\u0105, w prosty spos\u00f3b.","og_url":"https:\/\/www.bee-pilot.io\/pl\/cyfrowa-karta-ula\/","og_site_name":"bee-pilot.io","article_modified_time":"2025-12-27T10:53:30+00:00","og_image":[{"width":1024,"height":683,"url":"https:\/\/www.bee-pilot.io\/wp-content\/uploads\/2025\/12\/digitalestockkarte-1024x683.png","type":"image\/png"}],"twitter_card":"summary_large_image","twitter_misc":{"Szacowany czas czytania":"4 minuty"},"schema":{"@context":"https:\/\/schema.org","@graph":[{"@type":"WebPage","@id":"https:\/\/www.bee-pilot.io\/pl\/cyfrowa-karta-ula\/","url":"https:\/\/www.bee-pilot.io\/pl\/cyfrowa-karta-ula\/","name":"Cyfrowa karta ula dla efektywniejszych decyzji - bee-pilot.io","isPartOf":{"@id":"https:\/\/www.bee-pilot.io\/pl\/#website"},"primaryImageOfPage":{"@id":"https:\/\/www.bee-pilot.io\/pl\/cyfrowa-karta-ula\/#primaryimage"},"image":{"@id":"https:\/\/www.bee-pilot.io\/pl\/cyfrowa-karta-ula\/#primaryimage"},"thumbnailUrl":"https:\/\/www.bee-pilot.io\/wp-content\/uploads\/2025\/12\/digitalestockkarte.png","datePublished":"2025-12-27T10:00:29+00:00","dateModified":"2025-12-27T10:53:30+00:00","description":"Odkryj zalety cyfrowej karty ula z bee-pilot.io. Miej wszystko pod kontrol\u0105, w prosty spos\u00f3b.","breadcrumb":{"@id":"https:\/\/www.bee-pilot.io\/pl\/cyfrowa-karta-ula\/#breadcrumb"},"inLanguage":"pl-PL","potentialAction":[{"@type":"ReadAction","target":["https:\/\/www.bee-pilot.io\/pl\/cyfrowa-karta-ula\/"]}]},{"@type":"ImageObject","inLanguage":"pl-PL","@id":"https:\/\/www.bee-pilot.io\/pl\/cyfrowa-karta-ula\/#primaryimage","url":"https:\/\/www.bee-pilot.io\/wp-content\/uploads\/2025\/12\/digitalestockkarte.png","contentUrl":"https:\/\/www.bee-pilot.io\/wp-content\/uploads\/2025\/12\/digitalestockkarte.png","width":1536,"height":1024,"caption":"cyfrowa karta ula"},{"@type":"BreadcrumbList","@id":"https:\/\/www.bee-pilot.io\/pl\/cyfrowa-karta-ula\/#breadcrumb","itemListElement":[{"@type":"ListItem","position":1,"name":"Startseite","item":"https:\/\/www.bee-pilot.io\/pl\/"},{"@type":"ListItem","position":2,"name":"cyfrowa karta ula"}]},{"@type":"WebSite","@id":"https:\/\/www.bee-pilot.io\/pl\/#website","url":"https:\/\/www.bee-pilot.io\/pl\/","name":"bee-pilot.io","description":"Bee-Pilot: KI-gest\u00fctzte Software f\u00fcr Imker \u2013 Digitale Stockkarte, Wetter &amp; Checklisten","publisher":{"@id":"https:\/\/www.bee-pilot.io\/pl\/#organization"},"potentialAction":[{"@type":"SearchAction","target":{"@type":"EntryPoint","urlTemplate":"https:\/\/www.bee-pilot.io\/pl\/?s={search_term_string}"},"query-input":{"@type":"PropertyValueSpecification","valueRequired":true,"valueName":"search_term_string"}}],"inLanguage":"pl-PL"},{"@type":"Organization","@id":"https:\/\/www.bee-pilot.io\/pl\/#organization","name":"bee-pilot.io UG (haftungsbeschr\u00e4nkt)","url":"https:\/\/www.bee-pilot.io\/pl\/","logo":{"@type":"ImageObject","inLanguage":"pl-PL","@id":"https:\/\/www.bee-pilot.io\/pl\/#\/schema\/logo\/image\/","url":"https:\/\/www.bee-pilot.io\/wp-content\/uploads\/2024\/10\/cropped-bee-pilot-logo.png","contentUrl":"https:\/\/www.bee-pilot.io\/wp-content\/uploads\/2024\/10\/cropped-bee-pilot-logo.png","width":291,"height":85,"caption":"bee-pilot.io UG (haftungsbeschr\u00e4nkt)"},"image":{"@id":"https:\/\/www.bee-pilot.io\/pl\/#\/schema\/logo\/image\/"}}]}},"_links":{"self":[{"href":"https:\/\/www.bee-pilot.io\/pl\/wp-json\/wp\/v2\/pages\/1174","targetHints":{"allow":["GET"]}}],"collection":[{"href":"https:\/\/www.bee-pilot.io\/pl\/wp-json\/wp\/v2\/pages"}],"about":[{"href":"https:\/\/www.bee-pilot.io\/pl\/wp-json\/wp\/v2\/types\/page"}],"author":[{"embeddable":true,"href":"https:\/\/www.bee-pilot.io\/pl\/wp-json\/wp\/v2\/users\/1"}],"replies":[{"embeddable":true,"href":"https:\/\/www.bee-pilot.io\/pl\/wp-json\/wp\/v2\/comments?post=1174"}],"version-history":[{"count":1,"href":"https:\/\/www.bee-pilot.io\/pl\/wp-json\/wp\/v2\/pages\/1174\/revisions"}],"predecessor-version":[{"id":1180,"href":"https:\/\/www.bee-pilot.io\/pl\/wp-json\/wp\/v2\/pages\/1174\/revisions\/1180"}],"wp:featuredmedia":[{"embeddable":true,"href":"https:\/\/www.bee-pilot.io\/pl\/wp-json\/wp\/v2\/media\/1179"}],"wp:attachment":[{"href":"https:\/\/www.bee-pilot.io\/pl\/wp-json\/wp\/v2\/media?parent=1174"}],"curies":[{"name":"wp","href":"https:\/\/api.w.org\/{rel}","templated":true}]}}