{"id":1272,"date":"2025-12-27T11:56:05","date_gmt":"2025-12-27T11:56:05","guid":{"rendered":"https:\/\/www.bee-pilot.io\/dane-pogodowe-prosto-z-pasieki\/"},"modified":"2025-12-27T13:01:47","modified_gmt":"2025-12-27T13:01:47","slug":"dane-pogodowe-prosto-z-pasieki","status":"publish","type":"page","link":"https:\/\/www.bee-pilot.io\/pl\/dane-pogodowe-prosto-z-pasieki\/","title":{"rendered":"Dane pogodowe prosto z pasieki"},"content":{"rendered":"<p><!-- HERO --><\/p>\n\n<div class=\"wp-block-cover alignfull\" style=\"min-height:360px;aspect-ratio:unset;\"><span aria-hidden=\"true\" class=\"wp-block-cover__background has-background-dim-100 has-background-dim\" style=\"background-color:#0f1115\"><\/span><div class=\"wp-block-cover__inner-container is-layout-flow wp-block-cover-is-layout-flow\">\n<div class=\"wp-block-group\"><div class=\"wp-block-group__inner-container is-layout-constrained wp-container-core-group-is-layout-7a8ecd1d wp-block-group-is-layout-constrained\">\n<p>\ud83c\udf26\ufe0f <strong>Pogoda i ro\u015blinno\u015b\u0107<\/strong><\/p>\n\n\n\n<h2 class=\"wp-block-heading\" id=\"h-wetter-verstehen-blute-richtig-einschatzen\">Zrozumie\u0107 pogod\u0119. Prawid\u0142owo oceni\u0107 kwitnienie. <\/h2>\n\n\n\n<p>Z <strong>bee-pilot.io<\/strong> masz pogod\u0119 w swojej pasiece zawsze na oku \u2013 nie tylko jako migawk\u0119, ale jako wiarygodn\u0105 podstaw\u0119 do podejmowania decyzji w codziennej pracy z pszczo\u0142ami.<\/p>\n\n\n\n<div class=\"wp-block-buttons is-content-justification-center is-layout-flex wp-container-core-buttons-is-layout-16018d1d wp-block-buttons-is-layout-flex\">\n<div class=\"wp-block-button\"><a class=\"wp-block-button__link has-luminous-vivid-amber-background-color has-background wp-element-button\" href=\"https:\/\/app.bee-pilot.io\/registration\">\n Wypr\u00f3buj teraz za darmo\n\t\t\t\t\t<\/a><\/div>\n<\/div>\n<\/div><\/div>\n<\/div><\/div>\n<p><!-- CONTENT --><\/p>\n\n<div class=\"wp-block-group\"><div class=\"wp-block-group__inner-container is-layout-constrained wp-container-core-group-is-layout-7a8ecd1d wp-block-group-is-layout-constrained\">\n<div style=\"height:32px\" aria-hidden=\"true\" class=\"wp-block-spacer\"><\/div>\n\n\n\n<div class=\"wp-block-columns is-layout-flex wp-container-core-columns-is-layout-9d6595d7 wp-block-columns-is-layout-flex\">\n<div class=\"wp-block-column is-vertically-aligned-center is-layout-flow wp-block-column-is-layout-flow\">\n<h4 class=\"wp-block-heading\" id=\"h-wettervorhersage-direkt-fur-deinen-bienenstand\">Prognoza pogody bezpo\u015brednio dla Twojej pasieki<\/h4>\n\n\n\n<p>Wywo\u0142aj <strong>prognozy pogody z dok\u0142adno\u015bci\u0105 do lokalizacji<\/strong> i planuj przegl\u0105dy, zabiegi lub w\u0119dr\u00f3wki znacznie bardziej niezawodnie. Wcze\u015bnie rozpoznasz, kiedy okno czasowe pasuje \u2013 a kiedy lepiej poczeka\u0107. <\/p>\n\n\n\n<h4 class=\"wp-block-heading\" id=\"h-wetterdaten-mit-nachvollziehbarer-historie\">Dane pogodowe z przejrzyst\u0105 histori\u0105<\/h4>\n\n\n\n<p>Wszystkie istotne dane pogodowe s\u0105 <strong>na bie\u017c\u0105co rejestrowane<\/strong>. W ten spos\u00f3b powstaje <strong>historia pogody<\/strong> dla ka\u017cdej pasieki, dzi\u0119ki kt\u00f3rej mo\u017cesz por\u00f3wnywa\u0107 trendy i lepiej rozumie\u0107 zwi\u0105zek mi\u0119dzy pogod\u0105 a rozwojem rodziny pszczelej. <\/p>\n<\/div>\n\n\n\n<div class=\"wp-block-column is-layout-flow wp-block-column-is-layout-flow\">\n<figure class=\"wp-block-image size-large\"><img loading=\"lazy\" decoding=\"async\" width=\"1024\" height=\"950\" src=\"https:\/\/www.bee-pilot.io\/wp-content\/uploads\/2025\/12\/wetterhistory-1024x950.png\" alt=\"Historia pogody w pasiece\" class=\"wp-image-1258\" srcset=\"https:\/\/www.bee-pilot.io\/wp-content\/uploads\/2025\/12\/wetterhistory-1024x950.png 1024w, https:\/\/www.bee-pilot.io\/wp-content\/uploads\/2025\/12\/wetterhistory-300x278.png 300w, https:\/\/www.bee-pilot.io\/wp-content\/uploads\/2025\/12\/wetterhistory-768x712.png 768w, https:\/\/www.bee-pilot.io\/wp-content\/uploads\/2025\/12\/wetterhistory-1536x1425.png 1536w, https:\/\/www.bee-pilot.io\/wp-content\/uploads\/2025\/12\/wetterhistory.png 1548w\" sizes=\"auto, (max-width: 1024px) 100vw, 1024px\" \/><\/figure>\n<\/div>\n<\/div>\n\n\n\n<div style=\"height:28px\" aria-hidden=\"true\" class=\"wp-block-spacer\"><\/div>\n\n\n\n<div class=\"wp-block-columns is-layout-flex wp-container-core-columns-is-layout-9d6595d7 wp-block-columns-is-layout-flex\">\n<div class=\"wp-block-column is-layout-flow wp-block-column-is-layout-flow\">\n<figure class=\"wp-block-image size-large\"><img loading=\"lazy\" decoding=\"async\" width=\"840\" height=\"1024\" src=\"https:\/\/www.bee-pilot.io\/wp-content\/uploads\/2025\/12\/gts-summe-840x1024.png\" alt=\"Suma temperatur trawy i kwitnienie\" class=\"wp-image-1259\" srcset=\"https:\/\/www.bee-pilot.io\/wp-content\/uploads\/2025\/12\/gts-summe-840x1024.png 840w, https:\/\/www.bee-pilot.io\/wp-content\/uploads\/2025\/12\/gts-summe-246x300.png 246w, https:\/\/www.bee-pilot.io\/wp-content\/uploads\/2025\/12\/gts-summe-768x936.png 768w, https:\/\/www.bee-pilot.io\/wp-content\/uploads\/2025\/12\/gts-summe-1260x1536.png 1260w, https:\/\/www.bee-pilot.io\/wp-content\/uploads\/2025\/12\/gts-summe.png 1562w\" sizes=\"auto, (max-width: 840px) 100vw, 840px\" \/><\/figure>\n<\/div>\n\n\n\n<div class=\"wp-block-column is-vertically-aligned-center is-layout-flow wp-block-column-is-layout-flow\">\n<h4 class=\"wp-block-heading\" id=\"h-blute-besser-einschatzen-mit-der-grunlandtemperatursumme\">Lepiej oceniaj kwitnienie dzi\u0119ki sumie temperatur trawy<\/h4>\n\n\n\n<p>bee-pilot.io pomaga w ocenie post\u0119pu wegetacji: <strong>Kwitnienie obliczane jest na podstawie sumy temperatur trawy (GTS)<\/strong>.<\/p>\n\n\n\n<p>Cech\u0105 szczeg\u00f3ln\u0105 jest: <strong>Warto\u015bci mo\u017cna korygowa\u0107 indywidualnie.<\/strong> W ten spos\u00f3b mo\u017cesz uwzgl\u0119dni\u0107 lokalne warunki, wysoko\u015b\u0107 lub mikroklimat i dok\u0142adnie dopasowa\u0107 swoje decyzje do swojej lokalizacji.<\/p>\n\n\n\n<p>Zamiast pracowa\u0107 wed\u0142ug sztywnych dat kalendarzowych, dzia\u0142asz <strong>praktycznie, w oparciu o lokalizacj\u0119 i rzetelnie<\/strong>.<\/p>\n<\/div>\n<\/div>\n\n\n\n<div style=\"height:32px\" aria-hidden=\"true\" class=\"wp-block-spacer\"><\/div>\n<\/div><\/div>\n<p><!-- CTA --><\/p>\n\n<div class=\"wp-block-cover alignfull\" style=\"min-height:220px;aspect-ratio:unset;\"><span aria-hidden=\"true\" class=\"wp-block-cover__background has-background-dim-100 has-background-dim\" style=\"background-color:#0f1115\"><\/span><div class=\"wp-block-cover__inner-container is-layout-flow wp-block-cover-is-layout-flow\">\n<div class=\"wp-block-group\"><div class=\"wp-block-group__inner-container is-layout-constrained wp-container-core-group-is-layout-7a8ecd1d wp-block-group-is-layout-constrained\">\n<h3 class=\"wp-block-heading has-text-align-center\" id=\"h-triff-entscheidungen-auf-basis-von-daten-nicht-nach-gefuhl\">Podejmuj decyzje na podstawie danych \u2013 a nie na wyczucie<\/h3>\n\n\n\n<p class=\"has-text-align-center\">Testuj bee-pilot.io za darmo i korzystaj z danych pogodowych i dotycz\u0105cych kwitnienia dok\u0142adnie tam, gdzie si\u0119 licz\u0105: w Twojej pasiece.<\/p>\n\n\n\n<div class=\"wp-block-buttons is-content-justification-center is-layout-flex wp-container-core-buttons-is-layout-16018d1d wp-block-buttons-is-layout-flex\">\n<div class=\"wp-block-button\"><a class=\"wp-block-button__link has-luminous-vivid-amber-background-color has-background wp-element-button\" href=\"https:\/\/app.bee-pilot.io\/registration\">\n Wypr\u00f3buj teraz za darmo\n\t\t\t\t\t<\/a><\/div>\n<\/div>\n<\/div><\/div>\n<\/div><\/div>\n","protected":false},"excerpt":{"rendered":"<p>Prognoza pogody bezpo\u015brednio dla Twojej pasieki Wywo\u0142aj prognozy pogody z dok\u0142adno\u015bci\u0105 do lokalizacji i planuj przegl\u0105dy, zabiegi lub w\u0119dr\u00f3wki znacznie bardziej niezawodnie. Wcze\u015bnie rozpoznasz, kiedy okno czasowe pasuje \u2013 a kiedy lepiej poczeka\u0107. Dane pogodowe z przejrzyst\u0105 histori\u0105 Wszystkie istotne dane pogodowe s\u0105 na bie\u017c\u0105co rejestrowane. W ten spos\u00f3b powstaje historia pogody dla ka\u017cdej pasieki, [&hellip;]<\/p>\n","protected":false},"author":1,"featured_media":1274,"parent":0,"menu_order":0,"comment_status":"closed","ping_status":"closed","template":"","meta":{"footnotes":""},"class_list":["post-1272","page","type-page","status-publish","has-post-thumbnail","hentry"],"yoast_head":"<!-- This site is optimized with the Yoast SEO Premium plugin v26.6 (Yoast SEO v26.6) - https:\/\/yoast.com\/wordpress\/plugins\/seo\/ -->\n<title>Dane pogodowe i ich znaczenie dla pszczelarstwa - bee-pilot.io<\/title>\n<meta name=\"description\" content=\"Z bee-pilot.io masz zawsze dost\u0119p do precyzyjnych danych pogodowych dla swojej pasieki i mo\u017cesz niezawodnie planowa\u0107 swoj\u0105 prac\u0119.\" \/>\n<meta name=\"robots\" content=\"index, follow, max-snippet:-1, max-image-preview:large, max-video-preview:-1\" \/>\n<link rel=\"canonical\" href=\"https:\/\/www.bee-pilot.io\/pl\/dane-pogodowe-prosto-z-pasieki\/\" \/>\n<meta property=\"og:locale\" content=\"pl_PL\" \/>\n<meta property=\"og:type\" content=\"article\" \/>\n<meta property=\"og:title\" content=\"Dane pogodowe prosto z pasieki\" \/>\n<meta property=\"og:description\" content=\"Z bee-pilot.io masz zawsze dost\u0119p do precyzyjnych danych pogodowych dla swojej pasieki i mo\u017cesz niezawodnie planowa\u0107 swoj\u0105 prac\u0119.\" \/>\n<meta property=\"og:url\" content=\"https:\/\/www.bee-pilot.io\/pl\/dane-pogodowe-prosto-z-pasieki\/\" \/>\n<meta property=\"og:site_name\" content=\"bee-pilot.io\" \/>\n<meta property=\"article:modified_time\" content=\"2025-12-27T13:01:47+00:00\" \/>\n<meta property=\"og:image\" content=\"https:\/\/www.bee-pilot.io\/wp-content\/uploads\/2025\/12\/gts-banner.png\" \/>\n\t<meta property=\"og:image:width\" content=\"1536\" \/>\n\t<meta property=\"og:image:height\" content=\"1024\" \/>\n\t<meta property=\"og:image:type\" content=\"image\/png\" \/>\n<meta name=\"twitter:card\" content=\"summary_large_image\" \/>\n<meta name=\"twitter:label1\" content=\"Szacowany czas czytania\" \/>\n\t<meta name=\"twitter:data1\" content=\"2 minuty\" \/>\n<script type=\"application\/ld+json\" class=\"yoast-schema-graph\">{\"@context\":\"https:\/\/schema.org\",\"@graph\":[{\"@type\":\"WebPage\",\"@id\":\"https:\/\/www.bee-pilot.io\/pl\/dane-pogodowe-prosto-z-pasieki\/\",\"url\":\"https:\/\/www.bee-pilot.io\/pl\/dane-pogodowe-prosto-z-pasieki\/\",\"name\":\"Dane pogodowe i ich znaczenie dla pszczelarstwa - bee-pilot.io\",\"isPartOf\":{\"@id\":\"https:\/\/www.bee-pilot.io\/pl\/#website\"},\"primaryImageOfPage\":{\"@id\":\"https:\/\/www.bee-pilot.io\/pl\/dane-pogodowe-prosto-z-pasieki\/#primaryimage\"},\"image\":{\"@id\":\"https:\/\/www.bee-pilot.io\/pl\/dane-pogodowe-prosto-z-pasieki\/#primaryimage\"},\"thumbnailUrl\":\"https:\/\/www.bee-pilot.io\/wp-content\/uploads\/2025\/12\/gts-banner.png\",\"datePublished\":\"2025-12-27T11:56:05+00:00\",\"dateModified\":\"2025-12-27T13:01:47+00:00\",\"description\":\"Z bee-pilot.io masz zawsze dost\u0119p do precyzyjnych danych pogodowych dla swojej pasieki i mo\u017cesz niezawodnie planowa\u0107 swoj\u0105 prac\u0119.\",\"breadcrumb\":{\"@id\":\"https:\/\/www.bee-pilot.io\/pl\/dane-pogodowe-prosto-z-pasieki\/#breadcrumb\"},\"inLanguage\":\"pl-PL\",\"potentialAction\":[{\"@type\":\"ReadAction\",\"target\":[\"https:\/\/www.bee-pilot.io\/pl\/dane-pogodowe-prosto-z-pasieki\/\"]}]},{\"@type\":\"ImageObject\",\"inLanguage\":\"pl-PL\",\"@id\":\"https:\/\/www.bee-pilot.io\/pl\/dane-pogodowe-prosto-z-pasieki\/#primaryimage\",\"url\":\"https:\/\/www.bee-pilot.io\/wp-content\/uploads\/2025\/12\/gts-banner.png\",\"contentUrl\":\"https:\/\/www.bee-pilot.io\/wp-content\/uploads\/2025\/12\/gts-banner.png\",\"width\":1536,\"height\":1024,\"caption\":\"Zdj\u0119cie pszczelarza odczytuj\u0105cego dane pogodowe na tablecie\"},{\"@type\":\"BreadcrumbList\",\"@id\":\"https:\/\/www.bee-pilot.io\/pl\/dane-pogodowe-prosto-z-pasieki\/#breadcrumb\",\"itemListElement\":[{\"@type\":\"ListItem\",\"position\":1,\"name\":\"Startseite\",\"item\":\"https:\/\/www.bee-pilot.io\/pl\/\"},{\"@type\":\"ListItem\",\"position\":2,\"name\":\"Dane pogodowe prosto z pasieki\"}]},{\"@type\":\"WebSite\",\"@id\":\"https:\/\/www.bee-pilot.io\/pl\/#website\",\"url\":\"https:\/\/www.bee-pilot.io\/pl\/\",\"name\":\"bee-pilot.io\",\"description\":\"Bee-Pilot: KI-gest\u00fctzte Software f\u00fcr Imker \u2013 Digitale Stockkarte, Wetter &amp; Checklisten\",\"publisher\":{\"@id\":\"https:\/\/www.bee-pilot.io\/pl\/#organization\"},\"potentialAction\":[{\"@type\":\"SearchAction\",\"target\":{\"@type\":\"EntryPoint\",\"urlTemplate\":\"https:\/\/www.bee-pilot.io\/pl\/?s={search_term_string}\"},\"query-input\":{\"@type\":\"PropertyValueSpecification\",\"valueRequired\":true,\"valueName\":\"search_term_string\"}}],\"inLanguage\":\"pl-PL\"},{\"@type\":\"Organization\",\"@id\":\"https:\/\/www.bee-pilot.io\/pl\/#organization\",\"name\":\"bee-pilot.io UG (haftungsbeschr\u00e4nkt)\",\"url\":\"https:\/\/www.bee-pilot.io\/pl\/\",\"logo\":{\"@type\":\"ImageObject\",\"inLanguage\":\"pl-PL\",\"@id\":\"https:\/\/www.bee-pilot.io\/pl\/#\/schema\/logo\/image\/\",\"url\":\"https:\/\/www.bee-pilot.io\/wp-content\/uploads\/2024\/10\/cropped-bee-pilot-logo.png\",\"contentUrl\":\"https:\/\/www.bee-pilot.io\/wp-content\/uploads\/2024\/10\/cropped-bee-pilot-logo.png\",\"width\":291,\"height\":85,\"caption\":\"bee-pilot.io UG (haftungsbeschr\u00e4nkt)\"},\"image\":{\"@id\":\"https:\/\/www.bee-pilot.io\/pl\/#\/schema\/logo\/image\/\"}}]}<\/script>\n<!-- \/ Yoast SEO Premium plugin. -->","yoast_head_json":{"title":"Dane pogodowe i ich znaczenie dla pszczelarstwa - bee-pilot.io","description":"Z bee-pilot.io masz zawsze dost\u0119p do precyzyjnych danych pogodowych dla swojej pasieki i mo\u017cesz niezawodnie planowa\u0107 swoj\u0105 prac\u0119.","robots":{"index":"index","follow":"follow","max-snippet":"max-snippet:-1","max-image-preview":"max-image-preview:large","max-video-preview":"max-video-preview:-1"},"canonical":"https:\/\/www.bee-pilot.io\/pl\/dane-pogodowe-prosto-z-pasieki\/","og_locale":"pl_PL","og_type":"article","og_title":"Dane pogodowe prosto z pasieki","og_description":"Z bee-pilot.io masz zawsze dost\u0119p do precyzyjnych danych pogodowych dla swojej pasieki i mo\u017cesz niezawodnie planowa\u0107 swoj\u0105 prac\u0119.","og_url":"https:\/\/www.bee-pilot.io\/pl\/dane-pogodowe-prosto-z-pasieki\/","og_site_name":"bee-pilot.io","article_modified_time":"2025-12-27T13:01:47+00:00","og_image":[{"width":1536,"height":1024,"url":"https:\/\/www.bee-pilot.io\/wp-content\/uploads\/2025\/12\/gts-banner.png","type":"image\/png"}],"twitter_card":"summary_large_image","twitter_misc":{"Szacowany czas czytania":"2 minuty"},"schema":{"@context":"https:\/\/schema.org","@graph":[{"@type":"WebPage","@id":"https:\/\/www.bee-pilot.io\/pl\/dane-pogodowe-prosto-z-pasieki\/","url":"https:\/\/www.bee-pilot.io\/pl\/dane-pogodowe-prosto-z-pasieki\/","name":"Dane pogodowe i ich znaczenie dla pszczelarstwa - bee-pilot.io","isPartOf":{"@id":"https:\/\/www.bee-pilot.io\/pl\/#website"},"primaryImageOfPage":{"@id":"https:\/\/www.bee-pilot.io\/pl\/dane-pogodowe-prosto-z-pasieki\/#primaryimage"},"image":{"@id":"https:\/\/www.bee-pilot.io\/pl\/dane-pogodowe-prosto-z-pasieki\/#primaryimage"},"thumbnailUrl":"https:\/\/www.bee-pilot.io\/wp-content\/uploads\/2025\/12\/gts-banner.png","datePublished":"2025-12-27T11:56:05+00:00","dateModified":"2025-12-27T13:01:47+00:00","description":"Z bee-pilot.io masz zawsze dost\u0119p do precyzyjnych danych pogodowych dla swojej pasieki i mo\u017cesz niezawodnie planowa\u0107 swoj\u0105 prac\u0119.","breadcrumb":{"@id":"https:\/\/www.bee-pilot.io\/pl\/dane-pogodowe-prosto-z-pasieki\/#breadcrumb"},"inLanguage":"pl-PL","potentialAction":[{"@type":"ReadAction","target":["https:\/\/www.bee-pilot.io\/pl\/dane-pogodowe-prosto-z-pasieki\/"]}]},{"@type":"ImageObject","inLanguage":"pl-PL","@id":"https:\/\/www.bee-pilot.io\/pl\/dane-pogodowe-prosto-z-pasieki\/#primaryimage","url":"https:\/\/www.bee-pilot.io\/wp-content\/uploads\/2025\/12\/gts-banner.png","contentUrl":"https:\/\/www.bee-pilot.io\/wp-content\/uploads\/2025\/12\/gts-banner.png","width":1536,"height":1024,"caption":"Zdj\u0119cie pszczelarza odczytuj\u0105cego dane pogodowe na tablecie"},{"@type":"BreadcrumbList","@id":"https:\/\/www.bee-pilot.io\/pl\/dane-pogodowe-prosto-z-pasieki\/#breadcrumb","itemListElement":[{"@type":"ListItem","position":1,"name":"Startseite","item":"https:\/\/www.bee-pilot.io\/pl\/"},{"@type":"ListItem","position":2,"name":"Dane pogodowe prosto z pasieki"}]},{"@type":"WebSite","@id":"https:\/\/www.bee-pilot.io\/pl\/#website","url":"https:\/\/www.bee-pilot.io\/pl\/","name":"bee-pilot.io","description":"Bee-Pilot: KI-gest\u00fctzte Software f\u00fcr Imker \u2013 Digitale Stockkarte, Wetter &amp; Checklisten","publisher":{"@id":"https:\/\/www.bee-pilot.io\/pl\/#organization"},"potentialAction":[{"@type":"SearchAction","target":{"@type":"EntryPoint","urlTemplate":"https:\/\/www.bee-pilot.io\/pl\/?s={search_term_string}"},"query-input":{"@type":"PropertyValueSpecification","valueRequired":true,"valueName":"search_term_string"}}],"inLanguage":"pl-PL"},{"@type":"Organization","@id":"https:\/\/www.bee-pilot.io\/pl\/#organization","name":"bee-pilot.io UG (haftungsbeschr\u00e4nkt)","url":"https:\/\/www.bee-pilot.io\/pl\/","logo":{"@type":"ImageObject","inLanguage":"pl-PL","@id":"https:\/\/www.bee-pilot.io\/pl\/#\/schema\/logo\/image\/","url":"https:\/\/www.bee-pilot.io\/wp-content\/uploads\/2024\/10\/cropped-bee-pilot-logo.png","contentUrl":"https:\/\/www.bee-pilot.io\/wp-content\/uploads\/2024\/10\/cropped-bee-pilot-logo.png","width":291,"height":85,"caption":"bee-pilot.io UG (haftungsbeschr\u00e4nkt)"},"image":{"@id":"https:\/\/www.bee-pilot.io\/pl\/#\/schema\/logo\/image\/"}}]}},"_links":{"self":[{"href":"https:\/\/www.bee-pilot.io\/pl\/wp-json\/wp\/v2\/pages\/1272","targetHints":{"allow":["GET"]}}],"collection":[{"href":"https:\/\/www.bee-pilot.io\/pl\/wp-json\/wp\/v2\/pages"}],"about":[{"href":"https:\/\/www.bee-pilot.io\/pl\/wp-json\/wp\/v2\/types\/page"}],"author":[{"embeddable":true,"href":"https:\/\/www.bee-pilot.io\/pl\/wp-json\/wp\/v2\/users\/1"}],"replies":[{"embeddable":true,"href":"https:\/\/www.bee-pilot.io\/pl\/wp-json\/wp\/v2\/comments?post=1272"}],"version-history":[{"count":1,"href":"https:\/\/www.bee-pilot.io\/pl\/wp-json\/wp\/v2\/pages\/1272\/revisions"}],"predecessor-version":[{"id":1275,"href":"https:\/\/www.bee-pilot.io\/pl\/wp-json\/wp\/v2\/pages\/1272\/revisions\/1275"}],"wp:featuredmedia":[{"embeddable":true,"href":"https:\/\/www.bee-pilot.io\/pl\/wp-json\/wp\/v2\/media\/1274"}],"wp:attachment":[{"href":"https:\/\/www.bee-pilot.io\/pl\/wp-json\/wp\/v2\/media?parent=1272"}],"curies":[{"name":"wp","href":"https:\/\/api.w.org\/{rel}","templated":true}]}}