{"id":1315,"date":"2025-12-27T13:20:38","date_gmt":"2025-12-27T13:20:38","guid":{"rendered":"https:\/\/www.bee-pilot.io\/przeglad-rodzin-pszczelich\/"},"modified":"2026-03-31T05:43:40","modified_gmt":"2026-03-31T05:43:40","slug":"przeglad-rodzin-pszczelich","status":"publish","type":"page","link":"https:\/\/www.bee-pilot.io\/pl\/przeglad-rodzin-pszczelich\/","title":{"rendered":"Przegl\u0105d rodzin pszczelich"},"content":{"rendered":"<p><!-- HERO --><\/p>\n\n<div class=\"wp-block-cover alignfull\" style=\"min-height:360px;aspect-ratio:unset;\"><span aria-hidden=\"true\" class=\"wp-block-cover__background has-background-dim-100 has-background-dim\" style=\"background-color:#0f1115\"><\/span><div class=\"wp-block-cover__inner-container is-layout-flow wp-block-cover-is-layout-flow\">\n<div class=\"wp-block-group\"><div class=\"wp-block-group__inner-container is-layout-constrained wp-container-core-group-is-layout-7a8ecd1d wp-block-group-is-layout-constrained\">\n<p>\u2705 <strong>Przegl\u0105d (kontrola)<\/strong><\/p>\n\n\n\n<h2 class=\"wp-block-heading\" id=\"h-gefuhrt-prufen-per-sprache-protokollieren-automatisch-auswerten\">Sprawdzanie z przewodnikiem. Rejestrowanie g\u0142osem. Automatyczna analiza.  <\/h2>\n\n\n\n<p>Z <strong>bee-pilot.io<\/strong> przegl\u0105d Twoich rodzin pszczelich staje si\u0119 uporz\u0105dkowany, szybki i zrozumia\u0142y. Zamiast lu\u017anych notatek lub niejednolitych proces\u00f3w, rozwi\u0105zanie <strong>krok po kroku prowadzi Ci\u0119 przez ka\u017cdy przegl\u0105d<\/strong> \u2013 jasno, logicznie i zawsze tak samo zbudowane. <\/p>\n\n\n\n<div class=\"wp-block-buttons is-content-justification-center is-layout-flex wp-container-core-buttons-is-layout-16018d1d wp-block-buttons-is-layout-flex\">\n<div class=\"wp-block-button\"><a class=\"wp-block-button__link has-luminous-vivid-amber-background-color has-background wp-element-button\" href=\"https:\/\/app.bee-pilot.io\/registration\">Wypr\u00f3buj za darmo<\/a><\/div>\n<\/div>\n<\/div><\/div>\n<\/div><\/div>\n<p><!-- CONTENT --><\/p>\n\n<div class=\"wp-block-group\"><div class=\"wp-block-group__inner-container is-layout-constrained wp-container-core-group-is-layout-7a8ecd1d wp-block-group-is-layout-constrained\">\n<div style=\"height:32px\" aria-hidden=\"true\" class=\"wp-block-spacer\"><\/div>\n\n\n\n<div class=\"wp-block-columns is-layout-flex wp-container-core-columns-is-layout-9d6595d7 wp-block-columns-is-layout-flex\">\n<div class=\"wp-block-column is-vertically-aligned-center is-layout-flow wp-block-column-is-layout-flow\">\n<h3 class=\"wp-block-heading\" id=\"h-gefuhrte-durchsicht-mit-checkliste\">Przegl\u0105d z przewodnikiem i list\u0105 kontroln\u0105<\/h3>\n\n\n\n<p>Ka\u017cdy przegl\u0105d opiera si\u0119 na <strong>praktycznej li\u015bcie kontrolnej<\/strong>, kt\u00f3ra prowadzi Ci\u0119 przez wszystkie istotne punkty kontrolne. Dzi\u0119ki temu niczego nie zapomnisz, pracujesz systematycznie i otrzymujesz czyste, por\u00f3wnywalne wyniki \u2013 niezale\u017cnie od tego, czy kontrolujesz pojedyncz\u0105 rodzin\u0119, czy kilka po kolei. <\/p>\n<\/div>\n\n\n\n<div class=\"wp-block-column is-layout-flow wp-block-column-is-layout-flow\">\n<figure class=\"wp-block-image size-large\"><img loading=\"lazy\" decoding=\"async\" width=\"1024\" height=\"658\" src=\"https:\/\/www.bee-pilot.io\/wp-content\/uploads\/2025\/12\/Check_Desktop-1024x658.png\" alt=\"Lista kontrolna na komputerze z bee-pilot.io\" class=\"wp-image-1300\" srcset=\"https:\/\/www.bee-pilot.io\/wp-content\/uploads\/2025\/12\/Check_Desktop-1024x658.png 1024w, https:\/\/www.bee-pilot.io\/wp-content\/uploads\/2025\/12\/Check_Desktop-300x193.png 300w, https:\/\/www.bee-pilot.io\/wp-content\/uploads\/2025\/12\/Check_Desktop-768x493.png 768w, https:\/\/www.bee-pilot.io\/wp-content\/uploads\/2025\/12\/Check_Desktop-1536x987.png 1536w, https:\/\/www.bee-pilot.io\/wp-content\/uploads\/2025\/12\/Check_Desktop-2048x1316.png 2048w\" sizes=\"auto, (max-width: 1024px) 100vw, 1024px\" \/><\/figure>\n<\/div>\n<\/div>\n\n\n\n<div style=\"height:28px\" aria-hidden=\"true\" class=\"wp-block-spacer\"><\/div>\n\n\n\n<div class=\"wp-block-columns is-layout-flex wp-container-core-columns-is-layout-9d6595d7 wp-block-columns-is-layout-flex\">\n<div class=\"wp-block-column is-layout-flow wp-block-column-is-layout-flow\"><div class=\"wp-block-image\">\n<figure class=\"aligncenter size-medium\"><img loading=\"lazy\" decoding=\"async\" width=\"138\" height=\"300\" src=\"https:\/\/www.bee-pilot.io\/wp-content\/uploads\/2025\/12\/SpeechToCheck-138x300.png\" alt=\"Nagrywanie g&#x142;osu podczas przegl&#x105;du\" class=\"wp-image-1301\" srcset=\"https:\/\/www.bee-pilot.io\/wp-content\/uploads\/2025\/12\/SpeechToCheck-138x300.png 138w, https:\/\/www.bee-pilot.io\/wp-content\/uploads\/2025\/12\/SpeechToCheck-470x1024.png 470w, https:\/\/www.bee-pilot.io\/wp-content\/uploads\/2025\/12\/SpeechToCheck-768x1675.png 768w, https:\/\/www.bee-pilot.io\/wp-content\/uploads\/2025\/12\/SpeechToCheck-704x1536.png 704w, https:\/\/www.bee-pilot.io\/wp-content\/uploads\/2025\/12\/SpeechToCheck.png 774w\" sizes=\"auto, (max-width: 138px) 100vw, 138px\" \/><\/figure>\n<\/div><\/div>\n\n\n\n<div class=\"wp-block-column is-vertically-aligned-center is-layout-flow wp-block-column-is-layout-flow\">\n<h3 class=\"wp-block-heading\" id=\"h-highlight-protokollieren-per-spracheingabe\">Atrakcja: Protok\u00f3\u0142 za pomoc\u0105 wprowadzania g\u0142osowego<\/h3>\n\n\n\n<p>Podczas przegl\u0105du mo\u017cesz po prostu <strong>m\u00f3wi\u0107<\/strong> swoje obserwacje, zamiast je wpisywa\u0107. <strong>bee-pilot.io automatycznie analizuje Twoje wprowadzanie g\u0142osowe<\/strong>, rozpoznaje istotne tre\u015bci i samodzielnie wype\u0142nia odpowiednie punkty kontrolne za pomoc\u0105 <strong>AI<\/strong>.<\/p>\n\n\n\n<p>To oszcz\u0119dza czas, zmniejsza nak\u0142ad pracy zwi\u0105zany z pisaniem i pozwala skupi\u0107 si\u0119 tam, gdzie to najwa\u017cniejsze: na rodzinie pszczelej.<\/p>\n<\/div>\n<\/div>\n\n\n\n<div style=\"height:28px\" aria-hidden=\"true\" class=\"wp-block-spacer\"><\/div>\n\n\n\n<div class=\"wp-block-columns is-layout-flex wp-container-core-columns-is-layout-9d6595d7 wp-block-columns-is-layout-flex\">\n<div class=\"wp-block-column is-vertically-aligned-center is-layout-flow wp-block-column-is-layout-flow\">\n<h3 class=\"wp-block-heading\" id=\"h-direkt-digital-oder-auf-papier-du-entscheidest\">Bezpo\u015brednio cyfrowo lub na papierze \u2013 Ty decydujesz<\/h3>\n\n\n\n<p><strong>bee-pilot.io pozostawia Ci wyb\u00f3r, jak chcesz przeprowadzi\u0107 przegl\u0105d.<\/strong> Mo\u017cesz wype\u0142ni\u0107 list\u0119 kontroln\u0105 bezpo\u015brednio w pasiece na <strong>telefonie lub tablecie<\/strong> \u2013 szybko, mobilnie i od razu cyfrowo zarejestrowane.<\/p>\n\n\n\n<p>Albo przygotuj si\u0119 klasycznie: wydrukuj swoje <strong>listy kontrolne przed p\u00f3j\u015bciem do pasieki<\/strong>, wype\u0142nij je na miejscu <strong>r\u0119cznie<\/strong>, a p\u00f3\u017aniej po prostu zeskanuj.<\/p>\n\n\n\n<p><strong>bee-pilot.io automatycznie rozpoznaje r\u0119czne wpisy<\/strong> i przenosi je do <strong>cyfrowej listy kontrolnej<\/strong>. Dzi\u0119ki temu pracujesz dok\u0142adnie tak, jak pasuje to do Twojej codzienno\u015bci \u2013 cyfrowo, na papierze lub elastycznie po\u0142\u0105czone. <\/p>\n<\/div>\n\n\n\n<div class=\"wp-block-column is-layout-flow wp-block-column-is-layout-flow\"><div class=\"wp-block-image\">\n<figure class=\"aligncenter size-medium\"><img loading=\"lazy\" decoding=\"async\" width=\"138\" height=\"300\" src=\"https:\/\/www.bee-pilot.io\/wp-content\/uploads\/2025\/12\/Check_mobil-138x300.png\" alt=\"Lista kontrolna bee-pilot.io na urz&#x105;dzeniu mobilnym\" class=\"wp-image-1302\" srcset=\"https:\/\/www.bee-pilot.io\/wp-content\/uploads\/2025\/12\/Check_mobil-138x300.png 138w, https:\/\/www.bee-pilot.io\/wp-content\/uploads\/2025\/12\/Check_mobil-471x1024.png 471w, https:\/\/www.bee-pilot.io\/wp-content\/uploads\/2025\/12\/Check_mobil-768x1670.png 768w, https:\/\/www.bee-pilot.io\/wp-content\/uploads\/2025\/12\/Check_mobil-706x1536.png 706w, https:\/\/www.bee-pilot.io\/wp-content\/uploads\/2025\/12\/Check_mobil.png 778w\" sizes=\"auto, (max-width: 138px) 100vw, 138px\" \/><\/figure>\n<\/div><\/div>\n<\/div>\n\n\n\n<div style=\"height:28px\" aria-hidden=\"true\" class=\"wp-block-spacer\"><\/div>\n\n\n\n<div class=\"wp-block-columns is-layout-flex wp-container-core-columns-is-layout-9d6595d7 wp-block-columns-is-layout-flex\">\n<div class=\"wp-block-column is-vertically-aligned-center is-layout-flow wp-block-column-is-layout-flow\">\n<h3 class=\"wp-block-heading\" id=\"h-alles-ok-eine-durchsicht-mit-nur-einem-klick\">\u201eWszystko OK\u201d \u2013 przegl\u0105d za pomoc\u0105 jednego klikni\u0119cia<\/h3>\n\n\n\n<p>Je\u015bli wszystko pasuje, wystarczy jedno klikni\u0119cie: za pomoc\u0105 <strong>przycisku \u201eWszystko OK\u201d<\/strong> potwierdzasz wszystkie punkty kontrolne przegl\u0105du jednocze\u015bnie \u2013 szybko, czysto i mimo to w pe\u0142ni udokumentowane.<\/p>\n<\/div>\n\n\n\n<div class=\"wp-block-column is-layout-flow wp-block-column-is-layout-flow\"><div class=\"wp-block-image\">\n<figure class=\"aligncenter size-medium\"><img loading=\"lazy\" decoding=\"async\" width=\"138\" height=\"300\" src=\"https:\/\/www.bee-pilot.io\/wp-content\/uploads\/2025\/12\/Check_mobil-138x300.png\" alt=\"Lista kontrolna bee-pilot.io na urz&#x105;dzeniu mobilnym\" class=\"wp-image-1302\" srcset=\"https:\/\/www.bee-pilot.io\/wp-content\/uploads\/2025\/12\/Check_mobil-138x300.png 138w, https:\/\/www.bee-pilot.io\/wp-content\/uploads\/2025\/12\/Check_mobil-471x1024.png 471w, https:\/\/www.bee-pilot.io\/wp-content\/uploads\/2025\/12\/Check_mobil-768x1670.png 768w, https:\/\/www.bee-pilot.io\/wp-content\/uploads\/2025\/12\/Check_mobil-706x1536.png 706w, https:\/\/www.bee-pilot.io\/wp-content\/uploads\/2025\/12\/Check_mobil.png 778w\" sizes=\"auto, (max-width: 138px) 100vw, 138px\" \/><\/figure>\n<\/div><\/div>\n<\/div>\n\n\n\n<div style=\"height:28px\" aria-hidden=\"true\" class=\"wp-block-spacer\"><\/div>\n\n\n\n<h3 class=\"wp-block-heading\" id=\"h-wertvolle-daten-fur-auswertungen-und-zucht\">Cenne dane do analiz i hodowli<\/h3>\n\n\n\n<p>Wszystkie dane zebrane podczas przegl\u0105d\u00f3w s\u0105 <strong>trwale zapisywane<\/strong> i wykorzystywane do dalszych <strong>analiz<\/strong> \u2013 na przyk\u0142ad w obszarze <strong>hodowli podstawowej<\/strong>. W ten spos\u00f3b ka\u017cdy przegl\u0105d staje si\u0119 cennym punktem danych, kt\u00f3ry uwidacznia d\u0142ugoterminowe trendy i wspiera podejmowanie uzasadnionych decyzji. <\/p>\n\n\n\n<p>Dzi\u0119ki bee-pilot.io przegl\u0105d z obowi\u0105zkowego terminu staje si\u0119 <strong>wydajn\u0105, opart\u0105 na danych podstaw\u0105<\/strong> Twojej pasieki \u2013 szybko przeprowadzony, czysto udokumentowany i inteligentnie przeanalizowany.<\/p>\n\n\n\n<div style=\"height:22px\" aria-hidden=\"true\" class=\"wp-block-spacer\"><\/div>\n<\/div><\/div>\n<p><!-- CTA --><\/p>\n\n<div class=\"wp-block-cover alignfull\" style=\"min-height:220px;aspect-ratio:unset;\"><span aria-hidden=\"true\" class=\"wp-block-cover__background has-background-dim-100 has-background-dim\" style=\"background-color:#0f1115\"><\/span><div class=\"wp-block-cover__inner-container is-layout-flow wp-block-cover-is-layout-flow\">\n<div class=\"wp-block-group\"><div class=\"wp-block-group__inner-container is-layout-constrained wp-container-core-group-is-layout-7a8ecd1d wp-block-group-is-layout-constrained\">\n<h3 class=\"wp-block-heading has-text-align-center\" id=\"h-durchsichten-die-sich-wie-ein-ablaufplan-anfuhlen\">Przegl\u0105dy, kt\u00f3re przypominaj\u0105 plan dzia\u0142ania<\/h3>\n\n\n\n<p class=\"has-text-align-center\">Przetestuj bee-pilot.io bezp\u0142atnie i przekonaj si\u0119, jak elastycznie mo\u017cesz dokumentowa\u0107 \u2013 bezpo\u015brednio cyfrowo, g\u0142osowo lub za pomoc\u0105 papierowej listy kontrolnej i skanu.<\/p>\n\n\n\n<div class=\"wp-block-buttons is-content-justification-center is-layout-flex wp-container-core-buttons-is-layout-16018d1d wp-block-buttons-is-layout-flex\">\n<div class=\"wp-block-button\"><a class=\"wp-block-button__link has-luminous-vivid-amber-background-color has-background wp-element-button\" href=\"https:\/\/app.bee-pilot.io\/registration\">Wypr\u00f3buj za darmo<\/a><\/div>\n<\/div>\n<\/div><\/div>\n<\/div><\/div>\n","protected":false},"excerpt":{"rendered":"<p>Przegl\u0105d z przewodnikiem i list\u0105 kontroln\u0105 Ka\u017cdy przegl\u0105d opiera si\u0119 na praktycznej li\u015bcie kontrolnej, kt\u00f3ra prowadzi Ci\u0119 przez wszystkie istotne punkty kontrolne. Dzi\u0119ki temu niczego nie zapomnisz, pracujesz systematycznie i otrzymujesz czyste, por\u00f3wnywalne wyniki \u2013 niezale\u017cnie od tego, czy kontrolujesz pojedyncz\u0105 rodzin\u0119, czy kilka po kolei. Atrakcja: Protok\u00f3\u0142 za pomoc\u0105 wprowadzania g\u0142osowego Podczas przegl\u0105du mo\u017cesz [&hellip;]<\/p>\n","protected":false},"author":1,"featured_media":1318,"parent":0,"menu_order":0,"comment_status":"closed","ping_status":"closed","template":"","meta":{"footnotes":""},"class_list":["post-1315","page","type-page","status-publish","has-post-thumbnail","hentry"],"yoast_head":"<!-- This site is optimized with the Yoast SEO Premium plugin v26.6 (Yoast SEO v26.6) - https:\/\/yoast.com\/wordpress\/plugins\/seo\/ -->\n<title>Przegl\u0105d roj\u00f3w pszczelich i analizy oparte na sztucznej inteligencji - bee-pilot.io<\/title>\n<meta name=\"description\" content=\"Oszcz\u0119dzaj czas podczas przegl\u0105du roj\u00f3w pszczelich. Wykorzystaj kontrol\u0119 opart\u0105 na sztucznej inteligencji od bee-pilot.io, aby uzyska\u0107 precyzyjne wyniki.\" \/>\n<meta name=\"robots\" content=\"index, follow, max-snippet:-1, max-image-preview:large, max-video-preview:-1\" \/>\n<link rel=\"canonical\" href=\"https:\/\/www.bee-pilot.io\/pl\/przeglad-rodzin-pszczelich\/\" \/>\n<meta property=\"og:locale\" content=\"pl_PL\" \/>\n<meta property=\"og:type\" content=\"article\" \/>\n<meta property=\"og:title\" content=\"Przegl\u0105d rodzin pszczelich\" \/>\n<meta property=\"og:description\" content=\"Oszcz\u0119dzaj czas podczas przegl\u0105du roj\u00f3w pszczelich. Wykorzystaj kontrol\u0119 opart\u0105 na sztucznej inteligencji od bee-pilot.io, aby uzyska\u0107 precyzyjne wyniki.\" \/>\n<meta property=\"og:url\" content=\"https:\/\/www.bee-pilot.io\/pl\/przeglad-rodzin-pszczelich\/\" \/>\n<meta property=\"og:site_name\" content=\"bee-pilot.io\" \/>\n<meta property=\"article:modified_time\" content=\"2026-03-31T05:43:40+00:00\" \/>\n<meta property=\"og:image\" content=\"https:\/\/www.bee-pilot.io\/wp-content\/uploads\/2025\/12\/checklist-banner.png\" \/>\n\t<meta property=\"og:image:width\" content=\"1536\" \/>\n\t<meta property=\"og:image:height\" content=\"1024\" \/>\n\t<meta property=\"og:image:type\" content=\"image\/png\" \/>\n<meta name=\"twitter:card\" content=\"summary_large_image\" \/>\n<meta name=\"twitter:label1\" content=\"Szacowany czas czytania\" \/>\n\t<meta name=\"twitter:data1\" content=\"3 minuty\" \/>\n<script type=\"application\/ld+json\" class=\"yoast-schema-graph\">{\"@context\":\"https:\/\/schema.org\",\"@graph\":[{\"@type\":\"WebPage\",\"@id\":\"https:\/\/www.bee-pilot.io\/pl\/przeglad-rodzin-pszczelich\/\",\"url\":\"https:\/\/www.bee-pilot.io\/pl\/przeglad-rodzin-pszczelich\/\",\"name\":\"Przegl\u0105d roj\u00f3w pszczelich i analizy oparte na sztucznej inteligencji - bee-pilot.io\",\"isPartOf\":{\"@id\":\"https:\/\/www.bee-pilot.io\/pl\/#website\"},\"primaryImageOfPage\":{\"@id\":\"https:\/\/www.bee-pilot.io\/pl\/przeglad-rodzin-pszczelich\/#primaryimage\"},\"image\":{\"@id\":\"https:\/\/www.bee-pilot.io\/pl\/przeglad-rodzin-pszczelich\/#primaryimage\"},\"thumbnailUrl\":\"https:\/\/www.bee-pilot.io\/wp-content\/uploads\/2025\/12\/checklist-banner.png\",\"datePublished\":\"2025-12-27T13:20:38+00:00\",\"dateModified\":\"2026-03-31T05:43:40+00:00\",\"description\":\"Oszcz\u0119dzaj czas podczas przegl\u0105du roj\u00f3w pszczelich. Wykorzystaj kontrol\u0119 opart\u0105 na sztucznej inteligencji od bee-pilot.io, aby uzyska\u0107 precyzyjne wyniki.\",\"breadcrumb\":{\"@id\":\"https:\/\/www.bee-pilot.io\/pl\/przeglad-rodzin-pszczelich\/#breadcrumb\"},\"inLanguage\":\"pl-PL\",\"potentialAction\":[{\"@type\":\"ReadAction\",\"target\":[\"https:\/\/www.bee-pilot.io\/pl\/przeglad-rodzin-pszczelich\/\"]}]},{\"@type\":\"ImageObject\",\"inLanguage\":\"pl-PL\",\"@id\":\"https:\/\/www.bee-pilot.io\/pl\/przeglad-rodzin-pszczelich\/#primaryimage\",\"url\":\"https:\/\/www.bee-pilot.io\/wp-content\/uploads\/2025\/12\/checklist-banner.png\",\"contentUrl\":\"https:\/\/www.bee-pilot.io\/wp-content\/uploads\/2025\/12\/checklist-banner.png\",\"width\":1536,\"height\":1024,\"caption\":\"Baner z listami kontrolnymi z bee-pilot.io\"},{\"@type\":\"BreadcrumbList\",\"@id\":\"https:\/\/www.bee-pilot.io\/pl\/przeglad-rodzin-pszczelich\/#breadcrumb\",\"itemListElement\":[{\"@type\":\"ListItem\",\"position\":1,\"name\":\"Startseite\",\"item\":\"https:\/\/www.bee-pilot.io\/pl\/\"},{\"@type\":\"ListItem\",\"position\":2,\"name\":\"Przegl\u0105d rodzin pszczelich\"}]},{\"@type\":\"WebSite\",\"@id\":\"https:\/\/www.bee-pilot.io\/pl\/#website\",\"url\":\"https:\/\/www.bee-pilot.io\/pl\/\",\"name\":\"bee-pilot.io\",\"description\":\"Bee-Pilot: KI-gest\u00fctzte Software f\u00fcr Imker \u2013 Digitale Stockkarte, Wetter &amp; Checklisten\",\"publisher\":{\"@id\":\"https:\/\/www.bee-pilot.io\/pl\/#organization\"},\"potentialAction\":[{\"@type\":\"SearchAction\",\"target\":{\"@type\":\"EntryPoint\",\"urlTemplate\":\"https:\/\/www.bee-pilot.io\/pl\/?s={search_term_string}\"},\"query-input\":{\"@type\":\"PropertyValueSpecification\",\"valueRequired\":true,\"valueName\":\"search_term_string\"}}],\"inLanguage\":\"pl-PL\"},{\"@type\":\"Organization\",\"@id\":\"https:\/\/www.bee-pilot.io\/pl\/#organization\",\"name\":\"bee-pilot.io UG (haftungsbeschr\u00e4nkt)\",\"url\":\"https:\/\/www.bee-pilot.io\/pl\/\",\"logo\":{\"@type\":\"ImageObject\",\"inLanguage\":\"pl-PL\",\"@id\":\"https:\/\/www.bee-pilot.io\/pl\/#\/schema\/logo\/image\/\",\"url\":\"https:\/\/www.bee-pilot.io\/wp-content\/uploads\/2024\/10\/cropped-bee-pilot-logo.png\",\"contentUrl\":\"https:\/\/www.bee-pilot.io\/wp-content\/uploads\/2024\/10\/cropped-bee-pilot-logo.png\",\"width\":291,\"height\":85,\"caption\":\"bee-pilot.io UG (haftungsbeschr\u00e4nkt)\"},\"image\":{\"@id\":\"https:\/\/www.bee-pilot.io\/pl\/#\/schema\/logo\/image\/\"}}]}<\/script>\n<!-- \/ Yoast SEO Premium plugin. -->","yoast_head_json":{"title":"Przegl\u0105d roj\u00f3w pszczelich i analizy oparte na sztucznej inteligencji - bee-pilot.io","description":"Oszcz\u0119dzaj czas podczas przegl\u0105du roj\u00f3w pszczelich. Wykorzystaj kontrol\u0119 opart\u0105 na sztucznej inteligencji od bee-pilot.io, aby uzyska\u0107 precyzyjne wyniki.","robots":{"index":"index","follow":"follow","max-snippet":"max-snippet:-1","max-image-preview":"max-image-preview:large","max-video-preview":"max-video-preview:-1"},"canonical":"https:\/\/www.bee-pilot.io\/pl\/przeglad-rodzin-pszczelich\/","og_locale":"pl_PL","og_type":"article","og_title":"Przegl\u0105d rodzin pszczelich","og_description":"Oszcz\u0119dzaj czas podczas przegl\u0105du roj\u00f3w pszczelich. Wykorzystaj kontrol\u0119 opart\u0105 na sztucznej inteligencji od bee-pilot.io, aby uzyska\u0107 precyzyjne wyniki.","og_url":"https:\/\/www.bee-pilot.io\/pl\/przeglad-rodzin-pszczelich\/","og_site_name":"bee-pilot.io","article_modified_time":"2026-03-31T05:43:40+00:00","og_image":[{"width":1536,"height":1024,"url":"https:\/\/www.bee-pilot.io\/wp-content\/uploads\/2025\/12\/checklist-banner.png","type":"image\/png"}],"twitter_card":"summary_large_image","twitter_misc":{"Szacowany czas czytania":"3 minuty"},"schema":{"@context":"https:\/\/schema.org","@graph":[{"@type":"WebPage","@id":"https:\/\/www.bee-pilot.io\/pl\/przeglad-rodzin-pszczelich\/","url":"https:\/\/www.bee-pilot.io\/pl\/przeglad-rodzin-pszczelich\/","name":"Przegl\u0105d roj\u00f3w pszczelich i analizy oparte na sztucznej inteligencji - bee-pilot.io","isPartOf":{"@id":"https:\/\/www.bee-pilot.io\/pl\/#website"},"primaryImageOfPage":{"@id":"https:\/\/www.bee-pilot.io\/pl\/przeglad-rodzin-pszczelich\/#primaryimage"},"image":{"@id":"https:\/\/www.bee-pilot.io\/pl\/przeglad-rodzin-pszczelich\/#primaryimage"},"thumbnailUrl":"https:\/\/www.bee-pilot.io\/wp-content\/uploads\/2025\/12\/checklist-banner.png","datePublished":"2025-12-27T13:20:38+00:00","dateModified":"2026-03-31T05:43:40+00:00","description":"Oszcz\u0119dzaj czas podczas przegl\u0105du roj\u00f3w pszczelich. Wykorzystaj kontrol\u0119 opart\u0105 na sztucznej inteligencji od bee-pilot.io, aby uzyska\u0107 precyzyjne wyniki.","breadcrumb":{"@id":"https:\/\/www.bee-pilot.io\/pl\/przeglad-rodzin-pszczelich\/#breadcrumb"},"inLanguage":"pl-PL","potentialAction":[{"@type":"ReadAction","target":["https:\/\/www.bee-pilot.io\/pl\/przeglad-rodzin-pszczelich\/"]}]},{"@type":"ImageObject","inLanguage":"pl-PL","@id":"https:\/\/www.bee-pilot.io\/pl\/przeglad-rodzin-pszczelich\/#primaryimage","url":"https:\/\/www.bee-pilot.io\/wp-content\/uploads\/2025\/12\/checklist-banner.png","contentUrl":"https:\/\/www.bee-pilot.io\/wp-content\/uploads\/2025\/12\/checklist-banner.png","width":1536,"height":1024,"caption":"Baner z listami kontrolnymi z bee-pilot.io"},{"@type":"BreadcrumbList","@id":"https:\/\/www.bee-pilot.io\/pl\/przeglad-rodzin-pszczelich\/#breadcrumb","itemListElement":[{"@type":"ListItem","position":1,"name":"Startseite","item":"https:\/\/www.bee-pilot.io\/pl\/"},{"@type":"ListItem","position":2,"name":"Przegl\u0105d rodzin pszczelich"}]},{"@type":"WebSite","@id":"https:\/\/www.bee-pilot.io\/pl\/#website","url":"https:\/\/www.bee-pilot.io\/pl\/","name":"bee-pilot.io","description":"Bee-Pilot: KI-gest\u00fctzte Software f\u00fcr Imker \u2013 Digitale Stockkarte, Wetter &amp; Checklisten","publisher":{"@id":"https:\/\/www.bee-pilot.io\/pl\/#organization"},"potentialAction":[{"@type":"SearchAction","target":{"@type":"EntryPoint","urlTemplate":"https:\/\/www.bee-pilot.io\/pl\/?s={search_term_string}"},"query-input":{"@type":"PropertyValueSpecification","valueRequired":true,"valueName":"search_term_string"}}],"inLanguage":"pl-PL"},{"@type":"Organization","@id":"https:\/\/www.bee-pilot.io\/pl\/#organization","name":"bee-pilot.io UG (haftungsbeschr\u00e4nkt)","url":"https:\/\/www.bee-pilot.io\/pl\/","logo":{"@type":"ImageObject","inLanguage":"pl-PL","@id":"https:\/\/www.bee-pilot.io\/pl\/#\/schema\/logo\/image\/","url":"https:\/\/www.bee-pilot.io\/wp-content\/uploads\/2024\/10\/cropped-bee-pilot-logo.png","contentUrl":"https:\/\/www.bee-pilot.io\/wp-content\/uploads\/2024\/10\/cropped-bee-pilot-logo.png","width":291,"height":85,"caption":"bee-pilot.io UG (haftungsbeschr\u00e4nkt)"},"image":{"@id":"https:\/\/www.bee-pilot.io\/pl\/#\/schema\/logo\/image\/"}}]}},"_links":{"self":[{"href":"https:\/\/www.bee-pilot.io\/pl\/wp-json\/wp\/v2\/pages\/1315","targetHints":{"allow":["GET"]}}],"collection":[{"href":"https:\/\/www.bee-pilot.io\/pl\/wp-json\/wp\/v2\/pages"}],"about":[{"href":"https:\/\/www.bee-pilot.io\/pl\/wp-json\/wp\/v2\/types\/page"}],"author":[{"embeddable":true,"href":"https:\/\/www.bee-pilot.io\/pl\/wp-json\/wp\/v2\/users\/1"}],"replies":[{"embeddable":true,"href":"https:\/\/www.bee-pilot.io\/pl\/wp-json\/wp\/v2\/comments?post=1315"}],"version-history":[{"count":4,"href":"https:\/\/www.bee-pilot.io\/pl\/wp-json\/wp\/v2\/pages\/1315\/revisions"}],"predecessor-version":[{"id":2117,"href":"https:\/\/www.bee-pilot.io\/pl\/wp-json\/wp\/v2\/pages\/1315\/revisions\/2117"}],"wp:featuredmedia":[{"embeddable":true,"href":"https:\/\/www.bee-pilot.io\/pl\/wp-json\/wp\/v2\/media\/1318"}],"wp:attachment":[{"href":"https:\/\/www.bee-pilot.io\/pl\/wp-json\/wp\/v2\/media?parent=1315"}],"curies":[{"name":"wp","href":"https:\/\/api.w.org\/{rel}","templated":true}]}}