{"id":1371,"date":"2025-12-27T18:07:36","date_gmt":"2025-12-27T18:07:36","guid":{"rendered":"https:\/\/www.bee-pilot.io\/twoja-pasieka-udokumentowana-wizualnie\/"},"modified":"2025-12-27T18:21:40","modified_gmt":"2025-12-27T18:21:40","slug":"twoja-pasieka-udokumentowana-wizualnie","status":"publish","type":"page","link":"https:\/\/www.bee-pilot.io\/pl\/twoja-pasieka-udokumentowana-wizualnie\/","title":{"rendered":"Twoja pasieka. Udokumentowana wizualnie"},"content":{"rendered":"<p><!-- HERO --><\/p>\n\n<div class=\"wp-block-cover alignfull\" style=\"min-height:340px;aspect-ratio:unset;\"><span aria-hidden=\"true\" class=\"wp-block-cover__background has-background-dim-100 has-background-dim\" style=\"background-color:#0f1115\"><\/span><div class=\"wp-block-cover__inner-container is-layout-flow wp-block-cover-is-layout-flow\">\n<div class=\"wp-block-group\"><div class=\"wp-block-group__inner-container is-layout-constrained wp-container-core-group-is-layout-7a8ecd1d wp-block-group-is-layout-constrained\">\n<p><strong>Zdj\u0119cia i dokumentacja<\/strong><\/p>\n\n\n\n<h2 class=\"wp-block-heading\" id=\"h-bilder-erfassen-richtig-zuordnen-dauerhaft-archivieren\">Rejestruj zdj\u0119cia. Prawid\u0142owo przypisuj. Trwale archiwizuj.  <\/h2>\n\n\n\n<p>Z <strong>bee-pilot.io<\/strong> zdj\u0119cia Twoich rodzin pszczelich stan\u0105 si\u0119 sta\u0142ym elementem Twojej dokumentacji. Ka\u017cde zdj\u0119cie jest zapisywane dok\u0142adnie tam, gdzie jego miejsce \u2013 przejrzy\u015bcie, zrozumiale i dost\u0119pne w ka\u017cdej chwili. <\/p>\n\n\n\n<div class=\"wp-block-buttons is-content-justification-center is-layout-flex wp-container-core-buttons-is-layout-16018d1d wp-block-buttons-is-layout-flex\">\n<div class=\"wp-block-button\"><a class=\"wp-block-button__link has-luminous-vivid-amber-background-color has-background wp-element-button\" href=\"https:\/\/app.bee-pilot.io\/registration\">\n Wypr\u00f3buj teraz za darmo\n\t\t\t\t\t<\/a><\/div>\n<\/div>\n<\/div><\/div>\n<\/div><\/div>\n<p><!-- CONTENT --><\/p>\n\n<div class=\"wp-block-group\"><div class=\"wp-block-group__inner-container is-layout-constrained wp-container-core-group-is-layout-7a8ecd1d wp-block-group-is-layout-constrained\">\n<div style=\"height:36px\" aria-hidden=\"true\" class=\"wp-block-spacer\"><\/div>\n\n\n\n<div class=\"wp-block-columns is-layout-flex wp-container-core-columns-is-layout-9d6595d7 wp-block-columns-is-layout-flex\">\n<div class=\"wp-block-column is-layout-flow wp-block-column-is-layout-flow\">\n<h4 class=\"wp-block-heading\" id=\"h-bilder-auf-ebene-des-bienenstands\">Zdj\u0119cia na poziomie pasieki<\/h4>\n\n\n\n<p>Archiwizuj zdj\u0119cia bezpo\u015brednio na <strong>poziomie stanowiska<\/strong>. Idealne do ustawie\u0144, warunk\u00f3w lokalizacyjnych lub szczeg\u00f3lnych sytuacji na miejscu. W ten spos\u00f3b ca\u0142a pasieka pozostaje udokumentowana wizualnie.  <\/p>\n<\/div>\n\n\n\n<div class=\"wp-block-column is-layout-flow wp-block-column-is-layout-flow\">\n<h4 class=\"wp-block-heading\" id=\"h-bilder-direkt-am-volk\">Zdj\u0119cia bezpo\u015brednio z ula<\/h4>\n\n\n\n<p>Przypisuj zdj\u0119cia konkretnie do pojedynczej <strong>rodziny pszczelej<\/strong>. Zdj\u0119cia czerwiu, stanu zapas\u00f3w lub nieprawid\u0142owo\u015bci pozostaj\u0105 trwale zapisane przy w\u0142a\u015bciwej rodzinie. <\/p>\n<\/div>\n<\/div>\n\n\n\n<div style=\"height:28px\" aria-hidden=\"true\" class=\"wp-block-spacer\"><\/div>\n\n\n\n<div class=\"wp-block-columns is-layout-flex wp-container-core-columns-is-layout-9d6595d7 wp-block-columns-is-layout-flex\">\n<div class=\"wp-block-column is-layout-flow wp-block-column-is-layout-flow\">\n<h4 class=\"wp-block-heading\" id=\"h-bilder-direkt-aus-der-durchsicht\">Zdj\u0119cia bezpo\u015brednio z przegl\u0105du<\/h4>\n\n\n\n<p>Zdj\u0119cia zrobione podczas przegl\u0105du s\u0105 automatycznie przypisywane do <strong>danej kontroli<\/strong>. W ten spos\u00f3b zdj\u0119cia uzupe\u0142niaj\u0105 Twoje obserwacje bez dodatkowego wysi\u0142ku. <\/p>\n<\/div>\n\n\n\n<div class=\"wp-block-column is-layout-flow wp-block-column-is-layout-flow\">\n<h4 class=\"wp-block-heading\" id=\"h-flexibler-speicher-je-nach-bedarf\">Elastyczna pami\u0119\u0107 w zale\u017cno\u015bci od potrzeb<\/h4>\n\n\n\n<p>W zale\u017cno\u015bci od wykupionego abonamentu masz do dyspozycji <strong>od 250 MB do 1 GB miejsca na dane<\/strong>. Dzi\u0119ki temu masz wystarczaj\u0105co du\u017co miejsca na wa\u017cne zdj\u0119cia por\u00f3wnawcze i d\u0142ugoterminowe obserwacje. <\/p>\n<\/div>\n<\/div>\n\n\n\n<div style=\"height:36px\" aria-hidden=\"true\" class=\"wp-block-spacer\"><\/div>\n\n\n\n<p class=\"has-text-align-center\"><strong>W ten spos\u00f3b zdj\u0119cia od szybkiej migawki staj\u0105 si\u0119 cennym \u017ar\u00f3d\u0142em wiedzy<\/strong> \u2013 przejrzy\u015bcie uporz\u0105dkowane, jednoznacznie przypisane i trwale dost\u0119pne.<\/p>\n<\/div><\/div>\n<p><!-- CTA --><\/p>\n\n<div class=\"wp-block-cover alignfull\" style=\"min-height:220px;aspect-ratio:unset;\"><span aria-hidden=\"true\" class=\"wp-block-cover__background has-background-dim-100 has-background-dim\" style=\"background-color:#0f1115\"><\/span><div class=\"wp-block-cover__inner-container is-layout-flow wp-block-cover-is-layout-flow\">\n<div class=\"wp-block-group\"><div class=\"wp-block-group__inner-container is-layout-constrained wp-container-core-group-is-layout-7a8ecd1d wp-block-group-is-layout-constrained\">\n<h3 class=\"wp-block-heading has-text-align-center\" id=\"h-dokumentiere-sichtbar-was-du-am-volk-siehst\">Dokumentuj widocznie to, co widzisz w ulu<\/h3>\n\n\n\n<p class=\"has-text-align-center\">Testuj bee-pilot.io za darmo i uczy\u0144 zdj\u0119cia sta\u0142ym elementem swojej pasieki.<\/p>\n\n\n\n<div class=\"wp-block-buttons is-content-justification-center is-layout-flex wp-container-core-buttons-is-layout-16018d1d wp-block-buttons-is-layout-flex\">\n<div class=\"wp-block-button\"><a class=\"wp-block-button__link has-luminous-vivid-amber-background-color has-background wp-element-button\" href=\"https:\/\/app.bee-pilot.io\/registration\">\n Wypr\u00f3buj teraz za darmo\n\t\t\t\t\t<\/a><\/div>\n<\/div>\n<\/div><\/div>\n<\/div><\/div>\n","protected":false},"excerpt":{"rendered":"<p>Zdj\u0119cia na poziomie pasieki Archiwizuj zdj\u0119cia bezpo\u015brednio na poziomie stanowiska. Idealne do ustawie\u0144, warunk\u00f3w lokalizacyjnych lub szczeg\u00f3lnych sytuacji na miejscu. W ten spos\u00f3b ca\u0142a pasieka pozostaje udokumentowana wizualnie. Zdj\u0119cia bezpo\u015brednio z ula Przypisuj zdj\u0119cia konkretnie do pojedynczej rodziny pszczelej. Zdj\u0119cia czerwiu, stanu zapas\u00f3w lub nieprawid\u0142owo\u015bci pozostaj\u0105 trwale zapisane przy w\u0142a\u015bciwej rodzinie. Zdj\u0119cia bezpo\u015brednio z przegl\u0105du [&hellip;]<\/p>\n","protected":false},"author":1,"featured_media":1373,"parent":0,"menu_order":0,"comment_status":"closed","ping_status":"closed","template":"","meta":{"footnotes":""},"class_list":["post-1371","page","type-page","status-publish","has-post-thumbnail","hentry"],"yoast_head":"<!-- This site is optimized with the Yoast SEO Premium plugin v26.6 (Yoast SEO v26.6) - https:\/\/yoast.com\/wordpress\/plugins\/seo\/ -->\n<title>Archiwizacja zdj\u0119\u0107 sta\u0142a si\u0119 prosta dzi\u0119ki bee-pilot.io - bee-pilot.io<\/title>\n<meta name=\"description\" content=\"Archiwizuj zdj\u0119cia efektywnie dzi\u0119ki bee-pilot.io i miej wa\u017cne informacje o swoich rodzinach pszczelich zawsze pod r\u0119k\u0105.\" \/>\n<meta name=\"robots\" content=\"index, follow, max-snippet:-1, max-image-preview:large, max-video-preview:-1\" \/>\n<link rel=\"canonical\" href=\"https:\/\/www.bee-pilot.io\/pl\/twoja-pasieka-udokumentowana-wizualnie\/\" \/>\n<meta property=\"og:locale\" content=\"pl_PL\" \/>\n<meta property=\"og:type\" content=\"article\" \/>\n<meta property=\"og:title\" content=\"Twoja pasieka. Udokumentowana wizualnie\" \/>\n<meta property=\"og:description\" content=\"Archiwizuj zdj\u0119cia efektywnie dzi\u0119ki bee-pilot.io i miej wa\u017cne informacje o swoich rodzinach pszczelich zawsze pod r\u0119k\u0105.\" \/>\n<meta property=\"og:url\" content=\"https:\/\/www.bee-pilot.io\/pl\/twoja-pasieka-udokumentowana-wizualnie\/\" \/>\n<meta property=\"og:site_name\" content=\"bee-pilot.io\" \/>\n<meta property=\"article:modified_time\" content=\"2025-12-27T18:21:40+00:00\" \/>\n<meta property=\"og:image\" content=\"https:\/\/www.bee-pilot.io\/wp-content\/uploads\/2025\/12\/imker-foto-1024x683.png\" \/>\n\t<meta property=\"og:image:width\" content=\"1024\" \/>\n\t<meta property=\"og:image:height\" content=\"683\" \/>\n\t<meta property=\"og:image:type\" content=\"image\/png\" \/>\n<meta name=\"twitter:card\" content=\"summary_large_image\" \/>\n<meta name=\"twitter:label1\" content=\"Szacowany czas czytania\" \/>\n\t<meta name=\"twitter:data1\" content=\"2 minuty\" \/>\n<script type=\"application\/ld+json\" class=\"yoast-schema-graph\">{\"@context\":\"https:\/\/schema.org\",\"@graph\":[{\"@type\":\"WebPage\",\"@id\":\"https:\/\/www.bee-pilot.io\/pl\/twoja-pasieka-udokumentowana-wizualnie\/\",\"url\":\"https:\/\/www.bee-pilot.io\/pl\/twoja-pasieka-udokumentowana-wizualnie\/\",\"name\":\"Archiwizacja zdj\u0119\u0107 sta\u0142a si\u0119 prosta dzi\u0119ki bee-pilot.io - bee-pilot.io\",\"isPartOf\":{\"@id\":\"https:\/\/www.bee-pilot.io\/pl\/#website\"},\"primaryImageOfPage\":{\"@id\":\"https:\/\/www.bee-pilot.io\/pl\/twoja-pasieka-udokumentowana-wizualnie\/#primaryimage\"},\"image\":{\"@id\":\"https:\/\/www.bee-pilot.io\/pl\/twoja-pasieka-udokumentowana-wizualnie\/#primaryimage\"},\"thumbnailUrl\":\"https:\/\/www.bee-pilot.io\/wp-content\/uploads\/2025\/12\/imker-foto.png\",\"datePublished\":\"2025-12-27T18:07:36+00:00\",\"dateModified\":\"2025-12-27T18:21:40+00:00\",\"description\":\"Archiwizuj zdj\u0119cia efektywnie dzi\u0119ki bee-pilot.io i miej wa\u017cne informacje o swoich rodzinach pszczelich zawsze pod r\u0119k\u0105.\",\"breadcrumb\":{\"@id\":\"https:\/\/www.bee-pilot.io\/pl\/twoja-pasieka-udokumentowana-wizualnie\/#breadcrumb\"},\"inLanguage\":\"pl-PL\",\"potentialAction\":[{\"@type\":\"ReadAction\",\"target\":[\"https:\/\/www.bee-pilot.io\/pl\/twoja-pasieka-udokumentowana-wizualnie\/\"]}]},{\"@type\":\"ImageObject\",\"inLanguage\":\"pl-PL\",\"@id\":\"https:\/\/www.bee-pilot.io\/pl\/twoja-pasieka-udokumentowana-wizualnie\/#primaryimage\",\"url\":\"https:\/\/www.bee-pilot.io\/wp-content\/uploads\/2025\/12\/imker-foto.png\",\"contentUrl\":\"https:\/\/www.bee-pilot.io\/wp-content\/uploads\/2025\/12\/imker-foto.png\",\"width\":1536,\"height\":1024,\"caption\":\"Pszczelarz robi\u0105cy zdj\u0119cie swojej rodziny pszczelej\"},{\"@type\":\"BreadcrumbList\",\"@id\":\"https:\/\/www.bee-pilot.io\/pl\/twoja-pasieka-udokumentowana-wizualnie\/#breadcrumb\",\"itemListElement\":[{\"@type\":\"ListItem\",\"position\":1,\"name\":\"Startseite\",\"item\":\"https:\/\/www.bee-pilot.io\/pl\/\"},{\"@type\":\"ListItem\",\"position\":2,\"name\":\"Twoja pasieka. Udokumentowana wizualnie\"}]},{\"@type\":\"WebSite\",\"@id\":\"https:\/\/www.bee-pilot.io\/pl\/#website\",\"url\":\"https:\/\/www.bee-pilot.io\/pl\/\",\"name\":\"bee-pilot.io\",\"description\":\"Bee-Pilot: KI-gest\u00fctzte Software f\u00fcr Imker \u2013 Digitale Stockkarte, Wetter &amp; Checklisten\",\"publisher\":{\"@id\":\"https:\/\/www.bee-pilot.io\/pl\/#organization\"},\"potentialAction\":[{\"@type\":\"SearchAction\",\"target\":{\"@type\":\"EntryPoint\",\"urlTemplate\":\"https:\/\/www.bee-pilot.io\/pl\/?s={search_term_string}\"},\"query-input\":{\"@type\":\"PropertyValueSpecification\",\"valueRequired\":true,\"valueName\":\"search_term_string\"}}],\"inLanguage\":\"pl-PL\"},{\"@type\":\"Organization\",\"@id\":\"https:\/\/www.bee-pilot.io\/pl\/#organization\",\"name\":\"bee-pilot.io UG (haftungsbeschr\u00e4nkt)\",\"url\":\"https:\/\/www.bee-pilot.io\/pl\/\",\"logo\":{\"@type\":\"ImageObject\",\"inLanguage\":\"pl-PL\",\"@id\":\"https:\/\/www.bee-pilot.io\/pl\/#\/schema\/logo\/image\/\",\"url\":\"https:\/\/www.bee-pilot.io\/wp-content\/uploads\/2024\/10\/cropped-bee-pilot-logo.png\",\"contentUrl\":\"https:\/\/www.bee-pilot.io\/wp-content\/uploads\/2024\/10\/cropped-bee-pilot-logo.png\",\"width\":291,\"height\":85,\"caption\":\"bee-pilot.io UG (haftungsbeschr\u00e4nkt)\"},\"image\":{\"@id\":\"https:\/\/www.bee-pilot.io\/pl\/#\/schema\/logo\/image\/\"}}]}<\/script>\n<!-- \/ Yoast SEO Premium plugin. -->","yoast_head_json":{"title":"Archiwizacja zdj\u0119\u0107 sta\u0142a si\u0119 prosta dzi\u0119ki bee-pilot.io - bee-pilot.io","description":"Archiwizuj zdj\u0119cia efektywnie dzi\u0119ki bee-pilot.io i miej wa\u017cne informacje o swoich rodzinach pszczelich zawsze pod r\u0119k\u0105.","robots":{"index":"index","follow":"follow","max-snippet":"max-snippet:-1","max-image-preview":"max-image-preview:large","max-video-preview":"max-video-preview:-1"},"canonical":"https:\/\/www.bee-pilot.io\/pl\/twoja-pasieka-udokumentowana-wizualnie\/","og_locale":"pl_PL","og_type":"article","og_title":"Twoja pasieka. Udokumentowana wizualnie","og_description":"Archiwizuj zdj\u0119cia efektywnie dzi\u0119ki bee-pilot.io i miej wa\u017cne informacje o swoich rodzinach pszczelich zawsze pod r\u0119k\u0105.","og_url":"https:\/\/www.bee-pilot.io\/pl\/twoja-pasieka-udokumentowana-wizualnie\/","og_site_name":"bee-pilot.io","article_modified_time":"2025-12-27T18:21:40+00:00","og_image":[{"width":1024,"height":683,"url":"https:\/\/www.bee-pilot.io\/wp-content\/uploads\/2025\/12\/imker-foto-1024x683.png","type":"image\/png"}],"twitter_card":"summary_large_image","twitter_misc":{"Szacowany czas czytania":"2 minuty"},"schema":{"@context":"https:\/\/schema.org","@graph":[{"@type":"WebPage","@id":"https:\/\/www.bee-pilot.io\/pl\/twoja-pasieka-udokumentowana-wizualnie\/","url":"https:\/\/www.bee-pilot.io\/pl\/twoja-pasieka-udokumentowana-wizualnie\/","name":"Archiwizacja zdj\u0119\u0107 sta\u0142a si\u0119 prosta dzi\u0119ki bee-pilot.io - bee-pilot.io","isPartOf":{"@id":"https:\/\/www.bee-pilot.io\/pl\/#website"},"primaryImageOfPage":{"@id":"https:\/\/www.bee-pilot.io\/pl\/twoja-pasieka-udokumentowana-wizualnie\/#primaryimage"},"image":{"@id":"https:\/\/www.bee-pilot.io\/pl\/twoja-pasieka-udokumentowana-wizualnie\/#primaryimage"},"thumbnailUrl":"https:\/\/www.bee-pilot.io\/wp-content\/uploads\/2025\/12\/imker-foto.png","datePublished":"2025-12-27T18:07:36+00:00","dateModified":"2025-12-27T18:21:40+00:00","description":"Archiwizuj zdj\u0119cia efektywnie dzi\u0119ki bee-pilot.io i miej wa\u017cne informacje o swoich rodzinach pszczelich zawsze pod r\u0119k\u0105.","breadcrumb":{"@id":"https:\/\/www.bee-pilot.io\/pl\/twoja-pasieka-udokumentowana-wizualnie\/#breadcrumb"},"inLanguage":"pl-PL","potentialAction":[{"@type":"ReadAction","target":["https:\/\/www.bee-pilot.io\/pl\/twoja-pasieka-udokumentowana-wizualnie\/"]}]},{"@type":"ImageObject","inLanguage":"pl-PL","@id":"https:\/\/www.bee-pilot.io\/pl\/twoja-pasieka-udokumentowana-wizualnie\/#primaryimage","url":"https:\/\/www.bee-pilot.io\/wp-content\/uploads\/2025\/12\/imker-foto.png","contentUrl":"https:\/\/www.bee-pilot.io\/wp-content\/uploads\/2025\/12\/imker-foto.png","width":1536,"height":1024,"caption":"Pszczelarz robi\u0105cy zdj\u0119cie swojej rodziny pszczelej"},{"@type":"BreadcrumbList","@id":"https:\/\/www.bee-pilot.io\/pl\/twoja-pasieka-udokumentowana-wizualnie\/#breadcrumb","itemListElement":[{"@type":"ListItem","position":1,"name":"Startseite","item":"https:\/\/www.bee-pilot.io\/pl\/"},{"@type":"ListItem","position":2,"name":"Twoja pasieka. Udokumentowana wizualnie"}]},{"@type":"WebSite","@id":"https:\/\/www.bee-pilot.io\/pl\/#website","url":"https:\/\/www.bee-pilot.io\/pl\/","name":"bee-pilot.io","description":"Bee-Pilot: KI-gest\u00fctzte Software f\u00fcr Imker \u2013 Digitale Stockkarte, Wetter &amp; Checklisten","publisher":{"@id":"https:\/\/www.bee-pilot.io\/pl\/#organization"},"potentialAction":[{"@type":"SearchAction","target":{"@type":"EntryPoint","urlTemplate":"https:\/\/www.bee-pilot.io\/pl\/?s={search_term_string}"},"query-input":{"@type":"PropertyValueSpecification","valueRequired":true,"valueName":"search_term_string"}}],"inLanguage":"pl-PL"},{"@type":"Organization","@id":"https:\/\/www.bee-pilot.io\/pl\/#organization","name":"bee-pilot.io UG (haftungsbeschr\u00e4nkt)","url":"https:\/\/www.bee-pilot.io\/pl\/","logo":{"@type":"ImageObject","inLanguage":"pl-PL","@id":"https:\/\/www.bee-pilot.io\/pl\/#\/schema\/logo\/image\/","url":"https:\/\/www.bee-pilot.io\/wp-content\/uploads\/2024\/10\/cropped-bee-pilot-logo.png","contentUrl":"https:\/\/www.bee-pilot.io\/wp-content\/uploads\/2024\/10\/cropped-bee-pilot-logo.png","width":291,"height":85,"caption":"bee-pilot.io UG (haftungsbeschr\u00e4nkt)"},"image":{"@id":"https:\/\/www.bee-pilot.io\/pl\/#\/schema\/logo\/image\/"}}]}},"_links":{"self":[{"href":"https:\/\/www.bee-pilot.io\/pl\/wp-json\/wp\/v2\/pages\/1371","targetHints":{"allow":["GET"]}}],"collection":[{"href":"https:\/\/www.bee-pilot.io\/pl\/wp-json\/wp\/v2\/pages"}],"about":[{"href":"https:\/\/www.bee-pilot.io\/pl\/wp-json\/wp\/v2\/types\/page"}],"author":[{"embeddable":true,"href":"https:\/\/www.bee-pilot.io\/pl\/wp-json\/wp\/v2\/users\/1"}],"replies":[{"embeddable":true,"href":"https:\/\/www.bee-pilot.io\/pl\/wp-json\/wp\/v2\/comments?post=1371"}],"version-history":[{"count":1,"href":"https:\/\/www.bee-pilot.io\/pl\/wp-json\/wp\/v2\/pages\/1371\/revisions"}],"predecessor-version":[{"id":1374,"href":"https:\/\/www.bee-pilot.io\/pl\/wp-json\/wp\/v2\/pages\/1371\/revisions\/1374"}],"wp:featuredmedia":[{"embeddable":true,"href":"https:\/\/www.bee-pilot.io\/pl\/wp-json\/wp\/v2\/media\/1373"}],"wp:attachment":[{"href":"https:\/\/www.bee-pilot.io\/pl\/wp-json\/wp\/v2\/media?parent=1371"}],"curies":[{"name":"wp","href":"https:\/\/api.w.org\/{rel}","templated":true}]}}