{"id":1393,"date":"2025-12-27T18:34:20","date_gmt":"2025-12-27T18:34:20","guid":{"rendered":"https:\/\/www.bee-pilot.io\/precyzyjne-zarzadzanie-zadaniami\/"},"modified":"2025-12-27T18:49:45","modified_gmt":"2025-12-27T18:49:45","slug":"precyzyjne-zarzadzanie-zadaniami","status":"publish","type":"page","link":"https:\/\/www.bee-pilot.io\/pl\/precyzyjne-zarzadzanie-zadaniami\/","title":{"rendered":"Precyzyjne zarz\u0105dzanie zadaniami"},"content":{"rendered":"<p><!-- HERO --><\/p>\n\n<div class=\"wp-block-cover alignfull\" style=\"min-height:340px;aspect-ratio:unset;\"><span aria-hidden=\"true\" class=\"wp-block-cover__background has-background-dim-100 has-background-dim\" style=\"background-color:#0f1115\"><\/span><div class=\"wp-block-cover__inner-container is-layout-flow wp-block-cover-is-layout-flow\">\n<div class=\"wp-block-group\"><div class=\"wp-block-group__inner-container is-layout-constrained wp-container-core-group-is-layout-7a8ecd1d wp-block-group-is-layout-constrained\">\n<p><strong>Zarz\u0105dzanie zadaniami<\/strong><\/p>\n\n\n\n<h2 class=\"wp-block-heading\" id=\"h-alles-was-ansteht-strukturiert-geplant-und-zuverlassig-erinnert\">Wszystko, co jest do zrobienia \u2013 zaplanowane i niezawodnie przypomniane.<\/h2>\n\n\n\n<p>Z <strong>bee-pilot.io<\/strong> masz pod kontrol\u0105 wszystkie nadchodz\u0105ce prace \u2013 niezale\u017cnie od tego, czy dotycz\u0105 pojedynczej rodziny, ca\u0142ej pasieki, czy te\u017c s\u0105 niezale\u017cne od stanowiska i rodziny. Zarz\u0105dzanie zadaniami zapewnia, \u017ce nic nie zostanie zapomniane, a ka\u017cde dzia\u0142anie jest zaplanowane w spos\u00f3b zrozumia\u0142y. <\/p>\n\n\n\n<div class=\"wp-block-buttons is-content-justification-center is-layout-flex wp-container-core-buttons-is-layout-16018d1d wp-block-buttons-is-layout-flex\">\n<div class=\"wp-block-button\"><a class=\"wp-block-button__link has-luminous-vivid-amber-background-color has-background wp-element-button\" href=\"https:\/\/app.bee-pilot.io\/registration\">Wypr\u00f3buj za darmo<\/a><\/div>\n<\/div>\n<\/div><\/div>\n<\/div><\/div>\n<p><!-- CONTENT --><\/p>\n\n<div class=\"wp-block-group\"><div class=\"wp-block-group__inner-container is-layout-constrained wp-container-core-group-is-layout-7a8ecd1d wp-block-group-is-layout-constrained\">\n<div style=\"height:34px\" aria-hidden=\"true\" class=\"wp-block-spacer\"><\/div>\n\n\n\n<div class=\"wp-block-columns is-layout-flex wp-container-core-columns-is-layout-9d6595d7 wp-block-columns-is-layout-flex\">\n<div class=\"wp-block-column is-vertically-aligned-center is-layout-flow wp-block-column-is-layout-flow\">\n<h4 class=\"wp-block-heading\" id=\"h-aufgaben-direkt-am-volk-planen\">Planuj zadania bezpo\u015brednio przy ulu<\/h4>\n\n\n\n<p>Tw\u00f3rz <strong>zadania skierowane do konkretnych rodzin<\/strong>. Czy to kontrola, leczenie czy poprawki: ka\u017cde zadanie jest jednoznacznie przypisane do danej rodziny i pozostaje udokumentowane tam, gdzie jego miejsce. <\/p>\n\n\n\n<h4 class=\"wp-block-heading\" id=\"h-aufgaben-auf-ebene-des-bienenstands\">Zadania na poziomie pasieki<\/h4>\n\n\n\n<p>R\u00f3wnie\u017c prace zwi\u0105zane z pasiek\u0105 mo\u017cna rejestrowa\u0107 bezpo\u015brednio przy <strong>pasiece<\/strong>. W ten spos\u00f3b zachowujesz przegl\u0105d czynno\u015bci, kt\u00f3re dotycz\u0105 kilku rodzin \u2013 przejrzy\u015bcie uporz\u0105dkowane i centralnie zarz\u0105dzane. <\/p>\n<\/div>\n\n\n\n<div class=\"wp-block-column is-vertically-aligned-center is-layout-flow wp-block-column-is-layout-flow\"><div class=\"wp-block-image\">\n<figure class=\"aligncenter size-large\"><img loading=\"lazy\" decoding=\"async\" width=\"1024\" height=\"951\" src=\"https:\/\/www.bee-pilot.io\/wp-content\/uploads\/2025\/12\/aufgaben1-1024x951.png\" alt=\"Przegl&#x105;d zada&#x144; w bee-pilot.io\" class=\"wp-image-1380\" srcset=\"https:\/\/www.bee-pilot.io\/wp-content\/uploads\/2025\/12\/aufgaben1-1024x951.png 1024w, https:\/\/www.bee-pilot.io\/wp-content\/uploads\/2025\/12\/aufgaben1-300x279.png 300w, https:\/\/www.bee-pilot.io\/wp-content\/uploads\/2025\/12\/aufgaben1-768x714.png 768w, https:\/\/www.bee-pilot.io\/wp-content\/uploads\/2025\/12\/aufgaben1.png 1410w\" sizes=\"auto, (max-width: 1024px) 100vw, 1024px\" \/><\/figure>\n<\/div><\/div>\n<\/div>\n\n\n\n<div style=\"height:28px\" aria-hidden=\"true\" class=\"wp-block-spacer\"><\/div>\n\n\n\n<div class=\"wp-block-columns is-layout-flex wp-container-core-columns-is-layout-9d6595d7 wp-block-columns-is-layout-flex\">\n<div class=\"wp-block-column is-vertically-aligned-center is-layout-flow wp-block-column-is-layout-flow\"><div class=\"wp-block-image\">\n<figure class=\"aligncenter size-large\"><img loading=\"lazy\" decoding=\"async\" width=\"1024\" height=\"642\" src=\"https:\/\/www.bee-pilot.io\/wp-content\/uploads\/2025\/12\/aufgaben2-1024x642.png\" alt=\"Widok szczeg&#xF3;&#x142;&#xF3;w zadania w bee-pilot.io\" class=\"wp-image-1381\" srcset=\"https:\/\/www.bee-pilot.io\/wp-content\/uploads\/2025\/12\/aufgaben2-1024x642.png 1024w, https:\/\/www.bee-pilot.io\/wp-content\/uploads\/2025\/12\/aufgaben2-300x188.png 300w, https:\/\/www.bee-pilot.io\/wp-content\/uploads\/2025\/12\/aufgaben2-768x481.png 768w, https:\/\/www.bee-pilot.io\/wp-content\/uploads\/2025\/12\/aufgaben2-1536x963.png 1536w, https:\/\/www.bee-pilot.io\/wp-content\/uploads\/2025\/12\/aufgaben2-2048x1283.png 2048w\" sizes=\"auto, (max-width: 1024px) 100vw, 1024px\" \/><\/figure>\n<\/div><\/div>\n\n\n\n<div class=\"wp-block-column is-vertically-aligned-center is-layout-flow wp-block-column-is-layout-flow\">\n<h4 class=\"wp-block-heading\" id=\"h-aufgaben-ohne-festen-kontext-erfassen\">Rejestruj zadania bez sta\u0142ego kontekstu<\/h4>\n\n\n\n<p>Nie ka\u017cde zadanie od razu nale\u017cy do konkretnej rodziny lub pasieki. Z bee-pilot.io mo\u017cesz <strong>tworzy\u0107 zadania niezale\u017cnie od kontekstu<\/strong> \u2013 idealne do og\u00f3lnych zada\u0144, planowania lub prac przygotowawczych. <\/p>\n\n\n\n<h4 class=\"wp-block-heading\" id=\"h-erinnerungen-mit-alarmdatum\">Przypomnienia z dat\u0105 alarmow\u0105<\/h4>\n\n\n\n<p>Aby \u017cadne zadanie nie zosta\u0142o zapomniane, mo\u017cna je opatrzy\u0107 <strong>dat\u0105 alarmow\u0105<\/strong>. Dzi\u0119ki temu otrzymasz przypomnienie na czas i b\u0119dziesz m\u00f3g\u0142 wykona\u0107 prace dok\u0142adnie we w\u0142a\u015bciwym momencie. <\/p>\n<\/div>\n<\/div>\n\n\n\n<div style=\"height:28px\" aria-hidden=\"true\" class=\"wp-block-spacer\"><\/div>\n\n\n\n<p class=\"has-text-align-center\"><strong>Zarz\u0105dzanie zadaniami od bee-pilot.io wprowadza struktur\u0119 w codzienno\u015b\u0107 pszczelarza:<\/strong> przejrzy\u015bcie zaplanowane, jednoznacznie przypisane i niezawodnie przypomniane \u2013 aby\u015b m\u00f3g\u0142 skupi\u0107 si\u0119 na tym, co najwa\u017cniejsze.<\/p>\n\n\n\n<div style=\"height:20px\" aria-hidden=\"true\" class=\"wp-block-spacer\"><\/div>\n<\/div><\/div>\n<p><!-- CTA --><\/p>\n\n<div class=\"wp-block-cover alignfull\" style=\"min-height:220px;aspect-ratio:unset;\"><span aria-hidden=\"true\" class=\"wp-block-cover__background has-background-dim-100 has-background-dim\" style=\"background-color:#0f1115\"><\/span><div class=\"wp-block-cover__inner-container is-layout-flow wp-block-cover-is-layout-flow\">\n<div class=\"wp-block-group\"><div class=\"wp-block-group__inner-container is-layout-constrained wp-container-core-group-is-layout-7a8ecd1d wp-block-group-is-layout-constrained\">\n<h3 class=\"wp-block-heading has-text-align-center\" id=\"h-nichts-mehr-vergessen-aufgaben-dort-verwalten-wo-sie-entstehen\">Nigdy wi\u0119cej niczego nie zapomnij \u2013 zarz\u0105dzaj zadaniami tam, gdzie powstaj\u0105<\/h3>\n\n\n\n<p class=\"has-text-align-center\">Testuj bee-pilot.io za darmo i miej wszystkie prace w pasiece i przy ulu pod kontrol\u0105 \u2013 wraz z przypomnieniami.<\/p>\n\n\n\n<div class=\"wp-block-buttons is-content-justification-center is-layout-flex wp-container-core-buttons-is-layout-16018d1d wp-block-buttons-is-layout-flex\">\n<div class=\"wp-block-button\"><a class=\"wp-block-button__link has-luminous-vivid-amber-background-color has-background wp-element-button\" href=\"https:\/\/app.bee-pilot.io\/registration\">Wypr\u00f3buj za darmo<\/a><\/div>\n<\/div>\n<\/div><\/div>\n<\/div><\/div>\n","protected":false},"excerpt":{"rendered":"<p>Planuj zadania bezpo\u015brednio przy ulu Tw\u00f3rz zadania skierowane do konkretnych rodzin. Czy to kontrola, leczenie czy poprawki: ka\u017cde zadanie jest jednoznacznie przypisane do danej rodziny i pozostaje udokumentowane tam, gdzie jego miejsce. Zadania na poziomie pasieki R\u00f3wnie\u017c prace zwi\u0105zane z pasiek\u0105 mo\u017cna rejestrowa\u0107 bezpo\u015brednio przy pasiece. W ten spos\u00f3b zachowujesz przegl\u0105d czynno\u015bci, kt\u00f3re dotycz\u0105 kilku [&hellip;]<\/p>\n","protected":false},"author":1,"featured_media":1396,"parent":0,"menu_order":0,"comment_status":"closed","ping_status":"closed","template":"","meta":{"footnotes":""},"class_list":["post-1393","page","type-page","status-publish","has-post-thumbnail","hentry"],"yoast_head":"<!-- This site is optimized with the Yoast SEO Premium plugin v26.6 (Yoast SEO v26.6) - https:\/\/yoast.com\/wordpress\/plugins\/seo\/ -->\n<title>Optymalne wykorzystanie zarz\u0105dzania zadaniami z bee-pilot.io - bee-pilot.io<\/title>\n<meta name=\"description\" content=\"Dzi\u0119ki zarz\u0105dzaniu zadaniami od bee-pilot.io masz wszystkie prace pod kontrol\u0105 i mo\u017cesz efektywnie planowa\u0107 dzia\u0142ania dla swoich rodzin pszczelich.\" \/>\n<meta name=\"robots\" content=\"index, follow, max-snippet:-1, max-image-preview:large, max-video-preview:-1\" \/>\n<link rel=\"canonical\" href=\"https:\/\/www.bee-pilot.io\/pl\/precyzyjne-zarzadzanie-zadaniami\/\" \/>\n<meta property=\"og:locale\" content=\"pl_PL\" \/>\n<meta property=\"og:type\" content=\"article\" \/>\n<meta property=\"og:title\" content=\"Precyzyjne zarz\u0105dzanie zadaniami\" \/>\n<meta property=\"og:description\" content=\"Dzi\u0119ki zarz\u0105dzaniu zadaniami od bee-pilot.io masz wszystkie prace pod kontrol\u0105 i mo\u017cesz efektywnie planowa\u0107 dzia\u0142ania dla swoich rodzin pszczelich.\" \/>\n<meta property=\"og:url\" content=\"https:\/\/www.bee-pilot.io\/pl\/precyzyjne-zarzadzanie-zadaniami\/\" \/>\n<meta property=\"og:site_name\" content=\"bee-pilot.io\" \/>\n<meta property=\"article:modified_time\" content=\"2025-12-27T18:49:45+00:00\" \/>\n<meta property=\"og:image\" content=\"https:\/\/www.bee-pilot.io\/wp-content\/uploads\/2025\/12\/aufgaben-banner.png\" \/>\n\t<meta property=\"og:image:width\" content=\"1536\" \/>\n\t<meta property=\"og:image:height\" content=\"1024\" \/>\n\t<meta property=\"og:image:type\" content=\"image\/png\" \/>\n<meta name=\"twitter:card\" content=\"summary_large_image\" \/>\n<meta name=\"twitter:label1\" content=\"Szacowany czas czytania\" \/>\n\t<meta name=\"twitter:data1\" content=\"2 minuty\" \/>\n<script type=\"application\/ld+json\" class=\"yoast-schema-graph\">{\"@context\":\"https:\/\/schema.org\",\"@graph\":[{\"@type\":\"WebPage\",\"@id\":\"https:\/\/www.bee-pilot.io\/pl\/precyzyjne-zarzadzanie-zadaniami\/\",\"url\":\"https:\/\/www.bee-pilot.io\/pl\/precyzyjne-zarzadzanie-zadaniami\/\",\"name\":\"Optymalne wykorzystanie zarz\u0105dzania zadaniami z bee-pilot.io - bee-pilot.io\",\"isPartOf\":{\"@id\":\"https:\/\/www.bee-pilot.io\/pl\/#website\"},\"primaryImageOfPage\":{\"@id\":\"https:\/\/www.bee-pilot.io\/pl\/precyzyjne-zarzadzanie-zadaniami\/#primaryimage\"},\"image\":{\"@id\":\"https:\/\/www.bee-pilot.io\/pl\/precyzyjne-zarzadzanie-zadaniami\/#primaryimage\"},\"thumbnailUrl\":\"https:\/\/www.bee-pilot.io\/wp-content\/uploads\/2025\/12\/aufgaben-banner.png\",\"datePublished\":\"2025-12-27T18:34:20+00:00\",\"dateModified\":\"2025-12-27T18:49:45+00:00\",\"description\":\"Dzi\u0119ki zarz\u0105dzaniu zadaniami od bee-pilot.io masz wszystkie prace pod kontrol\u0105 i mo\u017cesz efektywnie planowa\u0107 dzia\u0142ania dla swoich rodzin pszczelich.\",\"breadcrumb\":{\"@id\":\"https:\/\/www.bee-pilot.io\/pl\/precyzyjne-zarzadzanie-zadaniami\/#breadcrumb\"},\"inLanguage\":\"pl-PL\",\"potentialAction\":[{\"@type\":\"ReadAction\",\"target\":[\"https:\/\/www.bee-pilot.io\/pl\/precyzyjne-zarzadzanie-zadaniami\/\"]}]},{\"@type\":\"ImageObject\",\"inLanguage\":\"pl-PL\",\"@id\":\"https:\/\/www.bee-pilot.io\/pl\/precyzyjne-zarzadzanie-zadaniami\/#primaryimage\",\"url\":\"https:\/\/www.bee-pilot.io\/wp-content\/uploads\/2025\/12\/aufgaben-banner.png\",\"contentUrl\":\"https:\/\/www.bee-pilot.io\/wp-content\/uploads\/2025\/12\/aufgaben-banner.png\",\"width\":1536,\"height\":1024,\"caption\":\"Baner dla zarz\u0105dzania zadaniami\"},{\"@type\":\"BreadcrumbList\",\"@id\":\"https:\/\/www.bee-pilot.io\/pl\/precyzyjne-zarzadzanie-zadaniami\/#breadcrumb\",\"itemListElement\":[{\"@type\":\"ListItem\",\"position\":1,\"name\":\"Startseite\",\"item\":\"https:\/\/www.bee-pilot.io\/pl\/\"},{\"@type\":\"ListItem\",\"position\":2,\"name\":\"Precyzyjne zarz\u0105dzanie zadaniami\"}]},{\"@type\":\"WebSite\",\"@id\":\"https:\/\/www.bee-pilot.io\/pl\/#website\",\"url\":\"https:\/\/www.bee-pilot.io\/pl\/\",\"name\":\"bee-pilot.io\",\"description\":\"Bee-Pilot: KI-gest\u00fctzte Software f\u00fcr Imker \u2013 Digitale Stockkarte, Wetter &amp; Checklisten\",\"publisher\":{\"@id\":\"https:\/\/www.bee-pilot.io\/pl\/#organization\"},\"potentialAction\":[{\"@type\":\"SearchAction\",\"target\":{\"@type\":\"EntryPoint\",\"urlTemplate\":\"https:\/\/www.bee-pilot.io\/pl\/?s={search_term_string}\"},\"query-input\":{\"@type\":\"PropertyValueSpecification\",\"valueRequired\":true,\"valueName\":\"search_term_string\"}}],\"inLanguage\":\"pl-PL\"},{\"@type\":\"Organization\",\"@id\":\"https:\/\/www.bee-pilot.io\/pl\/#organization\",\"name\":\"bee-pilot.io UG (haftungsbeschr\u00e4nkt)\",\"url\":\"https:\/\/www.bee-pilot.io\/pl\/\",\"logo\":{\"@type\":\"ImageObject\",\"inLanguage\":\"pl-PL\",\"@id\":\"https:\/\/www.bee-pilot.io\/pl\/#\/schema\/logo\/image\/\",\"url\":\"https:\/\/www.bee-pilot.io\/wp-content\/uploads\/2024\/10\/cropped-bee-pilot-logo.png\",\"contentUrl\":\"https:\/\/www.bee-pilot.io\/wp-content\/uploads\/2024\/10\/cropped-bee-pilot-logo.png\",\"width\":291,\"height\":85,\"caption\":\"bee-pilot.io UG (haftungsbeschr\u00e4nkt)\"},\"image\":{\"@id\":\"https:\/\/www.bee-pilot.io\/pl\/#\/schema\/logo\/image\/\"}}]}<\/script>\n<!-- \/ Yoast SEO Premium plugin. -->","yoast_head_json":{"title":"Optymalne wykorzystanie zarz\u0105dzania zadaniami z bee-pilot.io - bee-pilot.io","description":"Dzi\u0119ki zarz\u0105dzaniu zadaniami od bee-pilot.io masz wszystkie prace pod kontrol\u0105 i mo\u017cesz efektywnie planowa\u0107 dzia\u0142ania dla swoich rodzin pszczelich.","robots":{"index":"index","follow":"follow","max-snippet":"max-snippet:-1","max-image-preview":"max-image-preview:large","max-video-preview":"max-video-preview:-1"},"canonical":"https:\/\/www.bee-pilot.io\/pl\/precyzyjne-zarzadzanie-zadaniami\/","og_locale":"pl_PL","og_type":"article","og_title":"Precyzyjne zarz\u0105dzanie zadaniami","og_description":"Dzi\u0119ki zarz\u0105dzaniu zadaniami od bee-pilot.io masz wszystkie prace pod kontrol\u0105 i mo\u017cesz efektywnie planowa\u0107 dzia\u0142ania dla swoich rodzin pszczelich.","og_url":"https:\/\/www.bee-pilot.io\/pl\/precyzyjne-zarzadzanie-zadaniami\/","og_site_name":"bee-pilot.io","article_modified_time":"2025-12-27T18:49:45+00:00","og_image":[{"width":1536,"height":1024,"url":"https:\/\/www.bee-pilot.io\/wp-content\/uploads\/2025\/12\/aufgaben-banner.png","type":"image\/png"}],"twitter_card":"summary_large_image","twitter_misc":{"Szacowany czas czytania":"2 minuty"},"schema":{"@context":"https:\/\/schema.org","@graph":[{"@type":"WebPage","@id":"https:\/\/www.bee-pilot.io\/pl\/precyzyjne-zarzadzanie-zadaniami\/","url":"https:\/\/www.bee-pilot.io\/pl\/precyzyjne-zarzadzanie-zadaniami\/","name":"Optymalne wykorzystanie zarz\u0105dzania zadaniami z bee-pilot.io - bee-pilot.io","isPartOf":{"@id":"https:\/\/www.bee-pilot.io\/pl\/#website"},"primaryImageOfPage":{"@id":"https:\/\/www.bee-pilot.io\/pl\/precyzyjne-zarzadzanie-zadaniami\/#primaryimage"},"image":{"@id":"https:\/\/www.bee-pilot.io\/pl\/precyzyjne-zarzadzanie-zadaniami\/#primaryimage"},"thumbnailUrl":"https:\/\/www.bee-pilot.io\/wp-content\/uploads\/2025\/12\/aufgaben-banner.png","datePublished":"2025-12-27T18:34:20+00:00","dateModified":"2025-12-27T18:49:45+00:00","description":"Dzi\u0119ki zarz\u0105dzaniu zadaniami od bee-pilot.io masz wszystkie prace pod kontrol\u0105 i mo\u017cesz efektywnie planowa\u0107 dzia\u0142ania dla swoich rodzin pszczelich.","breadcrumb":{"@id":"https:\/\/www.bee-pilot.io\/pl\/precyzyjne-zarzadzanie-zadaniami\/#breadcrumb"},"inLanguage":"pl-PL","potentialAction":[{"@type":"ReadAction","target":["https:\/\/www.bee-pilot.io\/pl\/precyzyjne-zarzadzanie-zadaniami\/"]}]},{"@type":"ImageObject","inLanguage":"pl-PL","@id":"https:\/\/www.bee-pilot.io\/pl\/precyzyjne-zarzadzanie-zadaniami\/#primaryimage","url":"https:\/\/www.bee-pilot.io\/wp-content\/uploads\/2025\/12\/aufgaben-banner.png","contentUrl":"https:\/\/www.bee-pilot.io\/wp-content\/uploads\/2025\/12\/aufgaben-banner.png","width":1536,"height":1024,"caption":"Baner dla zarz\u0105dzania zadaniami"},{"@type":"BreadcrumbList","@id":"https:\/\/www.bee-pilot.io\/pl\/precyzyjne-zarzadzanie-zadaniami\/#breadcrumb","itemListElement":[{"@type":"ListItem","position":1,"name":"Startseite","item":"https:\/\/www.bee-pilot.io\/pl\/"},{"@type":"ListItem","position":2,"name":"Precyzyjne zarz\u0105dzanie zadaniami"}]},{"@type":"WebSite","@id":"https:\/\/www.bee-pilot.io\/pl\/#website","url":"https:\/\/www.bee-pilot.io\/pl\/","name":"bee-pilot.io","description":"Bee-Pilot: KI-gest\u00fctzte Software f\u00fcr Imker \u2013 Digitale Stockkarte, Wetter &amp; Checklisten","publisher":{"@id":"https:\/\/www.bee-pilot.io\/pl\/#organization"},"potentialAction":[{"@type":"SearchAction","target":{"@type":"EntryPoint","urlTemplate":"https:\/\/www.bee-pilot.io\/pl\/?s={search_term_string}"},"query-input":{"@type":"PropertyValueSpecification","valueRequired":true,"valueName":"search_term_string"}}],"inLanguage":"pl-PL"},{"@type":"Organization","@id":"https:\/\/www.bee-pilot.io\/pl\/#organization","name":"bee-pilot.io UG (haftungsbeschr\u00e4nkt)","url":"https:\/\/www.bee-pilot.io\/pl\/","logo":{"@type":"ImageObject","inLanguage":"pl-PL","@id":"https:\/\/www.bee-pilot.io\/pl\/#\/schema\/logo\/image\/","url":"https:\/\/www.bee-pilot.io\/wp-content\/uploads\/2024\/10\/cropped-bee-pilot-logo.png","contentUrl":"https:\/\/www.bee-pilot.io\/wp-content\/uploads\/2024\/10\/cropped-bee-pilot-logo.png","width":291,"height":85,"caption":"bee-pilot.io UG (haftungsbeschr\u00e4nkt)"},"image":{"@id":"https:\/\/www.bee-pilot.io\/pl\/#\/schema\/logo\/image\/"}}]}},"_links":{"self":[{"href":"https:\/\/www.bee-pilot.io\/pl\/wp-json\/wp\/v2\/pages\/1393","targetHints":{"allow":["GET"]}}],"collection":[{"href":"https:\/\/www.bee-pilot.io\/pl\/wp-json\/wp\/v2\/pages"}],"about":[{"href":"https:\/\/www.bee-pilot.io\/pl\/wp-json\/wp\/v2\/types\/page"}],"author":[{"embeddable":true,"href":"https:\/\/www.bee-pilot.io\/pl\/wp-json\/wp\/v2\/users\/1"}],"replies":[{"embeddable":true,"href":"https:\/\/www.bee-pilot.io\/pl\/wp-json\/wp\/v2\/comments?post=1393"}],"version-history":[{"count":1,"href":"https:\/\/www.bee-pilot.io\/pl\/wp-json\/wp\/v2\/pages\/1393\/revisions"}],"predecessor-version":[{"id":1397,"href":"https:\/\/www.bee-pilot.io\/pl\/wp-json\/wp\/v2\/pages\/1393\/revisions\/1397"}],"wp:featuredmedia":[{"embeddable":true,"href":"https:\/\/www.bee-pilot.io\/pl\/wp-json\/wp\/v2\/media\/1396"}],"wp:attachment":[{"href":"https:\/\/www.bee-pilot.io\/pl\/wp-json\/wp\/v2\/media?parent=1393"}],"curies":[{"name":"wp","href":"https:\/\/api.w.org\/{rel}","templated":true}]}}