{"id":1433,"date":"2025-12-27T19:07:03","date_gmt":"2025-12-27T19:07:03","guid":{"rendered":"https:\/\/www.bee-pilot.io\/twoj-wirtualny-pszczelarz-wspierany-przez-sztuczna-inteligencje\/"},"modified":"2025-12-27T19:25:37","modified_gmt":"2025-12-27T19:25:37","slug":"twoj-wirtualny-pszczelarz-wspierany-przez-sztuczna-inteligencje","status":"publish","type":"page","link":"https:\/\/www.bee-pilot.io\/pl\/twoj-wirtualny-pszczelarz-wspierany-przez-sztuczna-inteligencje\/","title":{"rendered":"Tw\u00f3j wirtualny pszczelarz \u2013 wspierany przez sztuczn\u0105 inteligencj\u0119"},"content":{"rendered":"<p><!-- HERO --><\/p>\n\n<div class=\"wp-block-cover alignfull\" style=\"min-height:360px;aspect-ratio:unset;\"><span aria-hidden=\"true\" class=\"wp-block-cover__background has-background-dim-100 has-background-dim\" style=\"background-color:#0f1115\"><\/span><div class=\"wp-block-cover__inner-container is-layout-flow wp-block-cover-is-layout-flow\">\n<div class=\"wp-block-group\"><div class=\"wp-block-group__inner-container is-layout-constrained wp-container-core-group-is-layout-7a8ecd1d wp-block-group-is-layout-constrained\">\n<p><strong>Sztuczna inteligencja<\/strong><\/p>\n\n\n\n<h2 class=\"wp-block-heading\" id=\"h-dein-virtueller-imker-unterstutzt-durch-kunstliche-intelligenz\">Tw\u00f3j wirtualny pszczelarz \u2013 wspierany przez sztuczn\u0105 inteligencj\u0119<\/h2>\n\n\n\n<p>Dzi\u0119ki <strong>bee-pilot.io<\/strong> sztuczna inteligencja staje si\u0119 prawdziwym narz\u0119dziem w Twojej pasiece. Nie jako zabawka, lecz jako <strong>wirtualny asystent<\/strong>, kt\u00f3ry wspiera Ci\u0119 na co dzie\u0144, odci\u0105\u017ca od pracy i uwidacznia zale\u017cno\u015bci. <\/p>\n\n\n\n<div class=\"wp-block-buttons is-content-justification-center is-layout-flex wp-container-core-buttons-is-layout-16018d1d wp-block-buttons-is-layout-flex\">\n<div class=\"wp-block-button\"><a class=\"wp-block-button__link has-luminous-vivid-amber-background-color has-background wp-element-button\" href=\"https:\/\/app.bee-pilot.io\/registration\">\n Wypr\u00f3buj teraz za darmo\n\t\t\t\t\t<\/a><\/div>\n<\/div>\n<\/div><\/div>\n<\/div><\/div>\n<p><!-- CONTENT --><\/p>\n\n<div class=\"wp-block-group\"><div class=\"wp-block-group__inner-container is-layout-constrained wp-container-core-group-is-layout-7a8ecd1d wp-block-group-is-layout-constrained\">\n<div style=\"height:36px\" aria-hidden=\"true\" class=\"wp-block-spacer\"><\/div>\n\n\n\n<h3 class=\"wp-block-heading\" id=\"h-dein-personlicher-imkerei-chat\">Tw\u00f3j osobisty czat pasieczny<\/h3>\n\n\n\n<p><strong>Czat bee-pilot.io<\/strong> to Tw\u00f3j bezpo\u015bredni kontakt ze wszystkimi informacjami z Twojej pasieki. Zadawaj pytania takie jak: <\/p>\n\n\n\n<blockquote class=\"wp-block-quote is-layout-flow wp-block-quote-is-layout-flow\">\n<p><em>\u201eJak si\u0119 maj\u0105 moje rodziny?\u201d<\/em><\/p>\n<\/blockquote>\n\n\n\n<p>W tle bee-pilot.io automatycznie analizuje stan wszystkich rodzin, ocenia aktualne dane z przegl\u0105d\u00f3w, ocen i zada\u0144 oraz <strong>podsumowuje wyniki w zrozumia\u0142y dla Ciebie spos\u00f3b<\/strong>. Jednocze\u015bnie otrzymujesz praktyczne <strong>wskaz\u00f3wki dotycz\u0105ce pszczelarstwa<\/strong>, dostosowane do Twojej sytuacji i Twoich danych. <\/p>\n\n\n\n<div style=\"height:28px\" aria-hidden=\"true\" class=\"wp-block-spacer\"><\/div>\n\n\n\n<div class=\"wp-block-columns is-layout-flex wp-container-core-columns-is-layout-9d6595d7 wp-block-columns-is-layout-flex\">\n<div class=\"wp-block-column is-vertically-aligned-center is-layout-flow wp-block-column-is-layout-flow\"><div class=\"wp-block-image\">\n<figure class=\"aligncenter size-medium\"><img loading=\"lazy\" decoding=\"async\" width=\"138\" height=\"300\" src=\"https:\/\/www.bee-pilot.io\/wp-content\/uploads\/2025\/12\/SpeechToCheck-138x300.png\" alt=\"Wprowadzanie g&#x142;osowe podczas przegl&#x105;du\" class=\"wp-image-1301\" srcset=\"https:\/\/www.bee-pilot.io\/wp-content\/uploads\/2025\/12\/SpeechToCheck-138x300.png 138w, https:\/\/www.bee-pilot.io\/wp-content\/uploads\/2025\/12\/SpeechToCheck-470x1024.png 470w, https:\/\/www.bee-pilot.io\/wp-content\/uploads\/2025\/12\/SpeechToCheck-768x1675.png 768w, https:\/\/www.bee-pilot.io\/wp-content\/uploads\/2025\/12\/SpeechToCheck-704x1536.png 704w, https:\/\/www.bee-pilot.io\/wp-content\/uploads\/2025\/12\/SpeechToCheck.png 774w\" sizes=\"auto, (max-width: 138px) 100vw, 138px\" \/><\/figure>\n<\/div><\/div>\n\n\n\n<div class=\"wp-block-column is-vertically-aligned-center is-layout-flow wp-block-column-is-layout-flow\">\n<h4 class=\"wp-block-heading\" id=\"h-spracheingabe-statt-tippen\">Wprowadzanie g\u0142osowe zamiast pisania<\/h4>\n\n\n\n<p>Podczas przeprowadzania przegl\u0105d\u00f3w mo\u017cesz po prostu <strong>m\u00f3wi\u0107<\/strong> swoje obserwacje, zamiast je wpisywa\u0107. bee-pilot.io <strong>analizuje Twoje wprowadzone dane g\u0142osowe za pomoc\u0105 sztucznej inteligencji<\/strong> i <strong>automatycznie wprowadza informacje do odpowiedniej listy kontrolnej<\/strong>. <\/p>\n\n\n\n<p>To oszcz\u0119dza czas, zmniejsza rozproszenie i pozwala w pe\u0142ni skoncentrowa\u0107 si\u0119 na rodzinie pszczelej.<\/p>\n<\/div>\n<\/div>\n\n\n\n<div style=\"height:28px\" aria-hidden=\"true\" class=\"wp-block-spacer\"><\/div>\n\n\n\n<div class=\"wp-block-columns is-layout-flex wp-container-core-columns-is-layout-9d6595d7 wp-block-columns-is-layout-flex\">\n<div class=\"wp-block-column is-vertically-aligned-center is-layout-flow wp-block-column-is-layout-flow\">\n<h4 class=\"wp-block-heading\" id=\"h-papierchecklisten-intelligent-digitalisieren\">Inteligentna digitalizacja papierowych list kontrolnych<\/h4>\n\n\n\n<p>Wolisz pracowa\u0107 z <strong>papierowymi listami kontrolnymi<\/strong>? Po prostu sfotografuj wype\u0142nion\u0105 list\u0119 i dodaj j\u0105 do kontroli rodziny pszczelej. bee-pilot.io spr\u00f3buje nast\u0119pnie <strong>automatycznie rozpozna\u0107 Twoje odr\u0119czne notatki i przenie\u015b\u0107 je do cyfrowej kontroli<\/strong>.  <\/p>\n\n\n\n<p>W ten spos\u00f3b po\u0142\u0105czysz sw\u00f3j dotychczasowy spos\u00f3b pracy z zaletami cyfrowej dokumentacji \u2013 bez podw\u00f3jnej pracy.<\/p>\n<\/div>\n\n\n\n<div class=\"wp-block-column is-vertically-aligned-center is-layout-flow wp-block-column-is-layout-flow\"><div class=\"wp-block-image\">\n<figure class=\"aligncenter size-medium\"><img loading=\"lazy\" decoding=\"async\" width=\"138\" height=\"300\" src=\"https:\/\/www.bee-pilot.io\/wp-content\/uploads\/2025\/02\/IMG_BA199A1369F8-1-138x300.jpeg\" alt=\"Digitalizacja papierowej listy kontrolnej\" class=\"wp-image-380\" srcset=\"https:\/\/www.bee-pilot.io\/wp-content\/uploads\/2025\/02\/IMG_BA199A1369F8-1-138x300.jpeg 138w, https:\/\/www.bee-pilot.io\/wp-content\/uploads\/2025\/02\/IMG_BA199A1369F8-1-471x1024.jpeg 471w, https:\/\/www.bee-pilot.io\/wp-content\/uploads\/2025\/02\/IMG_BA199A1369F8-1-768x1670.jpeg 768w, https:\/\/www.bee-pilot.io\/wp-content\/uploads\/2025\/02\/IMG_BA199A1369F8-1-706x1536.jpeg 706w, https:\/\/www.bee-pilot.io\/wp-content\/uploads\/2025\/02\/IMG_BA199A1369F8-1-942x2048.jpeg 942w, https:\/\/www.bee-pilot.io\/wp-content\/uploads\/2025\/02\/IMG_BA199A1369F8-1-scaled.jpeg 1177w\" sizes=\"auto, (max-width: 138px) 100vw, 138px\" \/><\/figure>\n<\/div><\/div>\n<\/div>\n\n\n\n<div style=\"height:32px\" aria-hidden=\"true\" class=\"wp-block-spacer\"><\/div>\n\n\n\n<h3 class=\"wp-block-heading\" id=\"h-kunstliche-intelligenz-die-mitdenkt\">Sztuczna inteligencja, kt\u00f3ra my\u015bli razem z Tob\u0105<\/h3>\n\n\n\n<p>Wszystkie funkcje oparte na sztucznej inteligencji korzystaj\u0105 z Twoich istniej\u0105cych danych i sprawiaj\u0105, \u017ce staj\u0105 si\u0119 one <strong>u\u017cyteczne, por\u00f3wnywalne i zrozumia\u0142e<\/strong>. W ten spos\u00f3b z wielu pojedynczych informacji powstaje jasny przegl\u0105d \u2013 a z dokumentacji prawdziwa podstawa do podejmowania decyzji. <\/p>\n\n\n\n<p class=\"has-text-align-center\"><strong>bee-pilot.io my\u015bli razem z Tob\u0105, dopytuje i podsumowuje \u2013 jak wirtualny pszczelarz u Twojego boku.<\/strong><\/p>\n<\/div><\/div>\n<p><!-- CTA --><\/p>\n\n<div class=\"wp-block-cover alignfull\" style=\"min-height:220px;aspect-ratio:unset;\"><span aria-hidden=\"true\" class=\"wp-block-cover__background has-background-dim-100 has-background-dim\" style=\"background-color:#0f1115\"><\/span><div class=\"wp-block-cover__inner-container is-layout-flow wp-block-cover-is-layout-flow\">\n<div class=\"wp-block-group\"><div class=\"wp-block-group__inner-container is-layout-constrained wp-container-core-group-is-layout-7a8ecd1d wp-block-group-is-layout-constrained\">\n<h3 class=\"wp-block-heading has-text-align-center\" id=\"h-erlebe-wie-ki-deine-imkerei-unterstutzt\">Przekonaj si\u0119, jak sztuczna inteligencja wspiera Twoj\u0105 pasiek\u0119<\/h3>\n\n\n\n<p class=\"has-text-align-center\">Testuj bee-pilot.io za darmo i do\u015bwiadcz swojego wirtualnego pszczelarza w codziennej pracy.<\/p>\n\n\n\n<div class=\"wp-block-buttons is-content-justification-center is-layout-flex wp-container-core-buttons-is-layout-16018d1d wp-block-buttons-is-layout-flex\">\n<div class=\"wp-block-button\"><a class=\"wp-block-button__link has-luminous-vivid-amber-background-color has-background wp-element-button\" href=\"https:\/\/app.bee-pilot.io\/registration\">\n Wypr\u00f3buj teraz za darmo\n\t\t\t\t\t<\/a><\/div>\n<\/div>\n<\/div><\/div>\n<\/div><\/div>\n","protected":false},"excerpt":{"rendered":"<p>Tw\u00f3j osobisty czat pasieczny Czat bee-pilot.io to Tw\u00f3j bezpo\u015bredni kontakt ze wszystkimi informacjami z Twojej pasieki. Zadawaj pytania takie jak: \u201eJak si\u0119 maj\u0105 moje rodziny?\u201d W tle bee-pilot.io automatycznie analizuje stan wszystkich rodzin, ocenia aktualne dane z przegl\u0105d\u00f3w, ocen i zada\u0144 oraz podsumowuje wyniki w zrozumia\u0142y dla Ciebie spos\u00f3b. Jednocze\u015bnie otrzymujesz praktyczne wskaz\u00f3wki dotycz\u0105ce pszczelarstwa, [&hellip;]<\/p>\n","protected":false},"author":1,"featured_media":1435,"parent":0,"menu_order":0,"comment_status":"closed","ping_status":"closed","template":"","meta":{"footnotes":""},"class_list":["post-1433","page","type-page","status-publish","has-post-thumbnail","hentry"],"yoast_head":"<!-- This site is optimized with the Yoast SEO Premium plugin v26.6 (Yoast SEO v26.6) - https:\/\/yoast.com\/wordpress\/plugins\/seo\/ -->\n<title>bee-pilot.io - wirtualny pszczelarz rewolucjonizuje pszczelarstwo - bee-pilot.io<\/title>\n<meta name=\"description\" content=\"Bee-pilot.io - wirtualny pszczelarz to klucz do efektywnego pszczelarstwa. Pozw\u00f3l, aby sztuczna inteligencja zoptymalizowa\u0142a Tw\u00f3j czas i prac\u0119.\" \/>\n<meta name=\"robots\" content=\"index, follow, max-snippet:-1, max-image-preview:large, max-video-preview:-1\" \/>\n<link rel=\"canonical\" href=\"https:\/\/www.bee-pilot.io\/pl\/twoj-wirtualny-pszczelarz-wspierany-przez-sztuczna-inteligencje\/\" \/>\n<meta property=\"og:locale\" content=\"pl_PL\" \/>\n<meta property=\"og:type\" content=\"article\" \/>\n<meta property=\"og:title\" content=\"Tw\u00f3j wirtualny pszczelarz \u2013 wspierany przez sztuczn\u0105 inteligencj\u0119\" \/>\n<meta property=\"og:description\" content=\"Bee-pilot.io - wirtualny pszczelarz to klucz do efektywnego pszczelarstwa. Pozw\u00f3l, aby sztuczna inteligencja zoptymalizowa\u0142a Tw\u00f3j czas i prac\u0119.\" \/>\n<meta property=\"og:url\" content=\"https:\/\/www.bee-pilot.io\/pl\/twoj-wirtualny-pszczelarz-wspierany-przez-sztuczna-inteligencje\/\" \/>\n<meta property=\"og:site_name\" content=\"bee-pilot.io\" \/>\n<meta property=\"article:modified_time\" content=\"2025-12-27T19:25:37+00:00\" \/>\n<meta property=\"og:image\" content=\"https:\/\/www.bee-pilot.io\/wp-content\/uploads\/2025\/12\/bee-pilot-ki-banner-1024x683.png\" \/>\n\t<meta property=\"og:image:width\" content=\"1024\" \/>\n\t<meta property=\"og:image:height\" content=\"683\" \/>\n\t<meta property=\"og:image:type\" content=\"image\/png\" \/>\n<meta name=\"twitter:card\" content=\"summary_large_image\" \/>\n<meta name=\"twitter:label1\" content=\"Szacowany czas czytania\" \/>\n\t<meta name=\"twitter:data1\" content=\"3 minuty\" \/>\n<script type=\"application\/ld+json\" class=\"yoast-schema-graph\">{\"@context\":\"https:\/\/schema.org\",\"@graph\":[{\"@type\":\"WebPage\",\"@id\":\"https:\/\/www.bee-pilot.io\/pl\/twoj-wirtualny-pszczelarz-wspierany-przez-sztuczna-inteligencje\/\",\"url\":\"https:\/\/www.bee-pilot.io\/pl\/twoj-wirtualny-pszczelarz-wspierany-przez-sztuczna-inteligencje\/\",\"name\":\"bee-pilot.io - wirtualny pszczelarz rewolucjonizuje pszczelarstwo - bee-pilot.io\",\"isPartOf\":{\"@id\":\"https:\/\/www.bee-pilot.io\/pl\/#website\"},\"primaryImageOfPage\":{\"@id\":\"https:\/\/www.bee-pilot.io\/pl\/twoj-wirtualny-pszczelarz-wspierany-przez-sztuczna-inteligencje\/#primaryimage\"},\"image\":{\"@id\":\"https:\/\/www.bee-pilot.io\/pl\/twoj-wirtualny-pszczelarz-wspierany-przez-sztuczna-inteligencje\/#primaryimage\"},\"thumbnailUrl\":\"https:\/\/www.bee-pilot.io\/wp-content\/uploads\/2025\/12\/bee-pilot-ki-banner.png\",\"datePublished\":\"2025-12-27T19:07:03+00:00\",\"dateModified\":\"2025-12-27T19:25:37+00:00\",\"description\":\"Bee-pilot.io - wirtualny pszczelarz to klucz do efektywnego pszczelarstwa. Pozw\u00f3l, aby sztuczna inteligencja zoptymalizowa\u0142a Tw\u00f3j czas i prac\u0119.\",\"breadcrumb\":{\"@id\":\"https:\/\/www.bee-pilot.io\/pl\/twoj-wirtualny-pszczelarz-wspierany-przez-sztuczna-inteligencje\/#breadcrumb\"},\"inLanguage\":\"pl-PL\",\"potentialAction\":[{\"@type\":\"ReadAction\",\"target\":[\"https:\/\/www.bee-pilot.io\/pl\/twoj-wirtualny-pszczelarz-wspierany-przez-sztuczna-inteligencje\/\"]}]},{\"@type\":\"ImageObject\",\"inLanguage\":\"pl-PL\",\"@id\":\"https:\/\/www.bee-pilot.io\/pl\/twoj-wirtualny-pszczelarz-wspierany-przez-sztuczna-inteligencje\/#primaryimage\",\"url\":\"https:\/\/www.bee-pilot.io\/wp-content\/uploads\/2025\/12\/bee-pilot-ki-banner.png\",\"contentUrl\":\"https:\/\/www.bee-pilot.io\/wp-content\/uploads\/2025\/12\/bee-pilot-ki-banner.png\",\"width\":1536,\"height\":1024,\"caption\":\"Zdj\u0119cie bee-pilot.io z wirtualnym pszczelarzem\"},{\"@type\":\"BreadcrumbList\",\"@id\":\"https:\/\/www.bee-pilot.io\/pl\/twoj-wirtualny-pszczelarz-wspierany-przez-sztuczna-inteligencje\/#breadcrumb\",\"itemListElement\":[{\"@type\":\"ListItem\",\"position\":1,\"name\":\"Startseite\",\"item\":\"https:\/\/www.bee-pilot.io\/pl\/\"},{\"@type\":\"ListItem\",\"position\":2,\"name\":\"Tw\u00f3j wirtualny pszczelarz \u2013 wspierany przez sztuczn\u0105 inteligencj\u0119\"}]},{\"@type\":\"WebSite\",\"@id\":\"https:\/\/www.bee-pilot.io\/pl\/#website\",\"url\":\"https:\/\/www.bee-pilot.io\/pl\/\",\"name\":\"bee-pilot.io\",\"description\":\"Bee-Pilot: KI-gest\u00fctzte Software f\u00fcr Imker \u2013 Digitale Stockkarte, Wetter &amp; Checklisten\",\"publisher\":{\"@id\":\"https:\/\/www.bee-pilot.io\/pl\/#organization\"},\"potentialAction\":[{\"@type\":\"SearchAction\",\"target\":{\"@type\":\"EntryPoint\",\"urlTemplate\":\"https:\/\/www.bee-pilot.io\/pl\/?s={search_term_string}\"},\"query-input\":{\"@type\":\"PropertyValueSpecification\",\"valueRequired\":true,\"valueName\":\"search_term_string\"}}],\"inLanguage\":\"pl-PL\"},{\"@type\":\"Organization\",\"@id\":\"https:\/\/www.bee-pilot.io\/pl\/#organization\",\"name\":\"bee-pilot.io UG (haftungsbeschr\u00e4nkt)\",\"url\":\"https:\/\/www.bee-pilot.io\/pl\/\",\"logo\":{\"@type\":\"ImageObject\",\"inLanguage\":\"pl-PL\",\"@id\":\"https:\/\/www.bee-pilot.io\/pl\/#\/schema\/logo\/image\/\",\"url\":\"https:\/\/www.bee-pilot.io\/wp-content\/uploads\/2024\/10\/cropped-bee-pilot-logo.png\",\"contentUrl\":\"https:\/\/www.bee-pilot.io\/wp-content\/uploads\/2024\/10\/cropped-bee-pilot-logo.png\",\"width\":291,\"height\":85,\"caption\":\"bee-pilot.io UG (haftungsbeschr\u00e4nkt)\"},\"image\":{\"@id\":\"https:\/\/www.bee-pilot.io\/pl\/#\/schema\/logo\/image\/\"}}]}<\/script>\n<!-- \/ Yoast SEO Premium plugin. -->","yoast_head_json":{"title":"bee-pilot.io - wirtualny pszczelarz rewolucjonizuje pszczelarstwo - bee-pilot.io","description":"Bee-pilot.io - wirtualny pszczelarz to klucz do efektywnego pszczelarstwa. Pozw\u00f3l, aby sztuczna inteligencja zoptymalizowa\u0142a Tw\u00f3j czas i prac\u0119.","robots":{"index":"index","follow":"follow","max-snippet":"max-snippet:-1","max-image-preview":"max-image-preview:large","max-video-preview":"max-video-preview:-1"},"canonical":"https:\/\/www.bee-pilot.io\/pl\/twoj-wirtualny-pszczelarz-wspierany-przez-sztuczna-inteligencje\/","og_locale":"pl_PL","og_type":"article","og_title":"Tw\u00f3j wirtualny pszczelarz \u2013 wspierany przez sztuczn\u0105 inteligencj\u0119","og_description":"Bee-pilot.io - wirtualny pszczelarz to klucz do efektywnego pszczelarstwa. Pozw\u00f3l, aby sztuczna inteligencja zoptymalizowa\u0142a Tw\u00f3j czas i prac\u0119.","og_url":"https:\/\/www.bee-pilot.io\/pl\/twoj-wirtualny-pszczelarz-wspierany-przez-sztuczna-inteligencje\/","og_site_name":"bee-pilot.io","article_modified_time":"2025-12-27T19:25:37+00:00","og_image":[{"width":1024,"height":683,"url":"https:\/\/www.bee-pilot.io\/wp-content\/uploads\/2025\/12\/bee-pilot-ki-banner-1024x683.png","type":"image\/png"}],"twitter_card":"summary_large_image","twitter_misc":{"Szacowany czas czytania":"3 minuty"},"schema":{"@context":"https:\/\/schema.org","@graph":[{"@type":"WebPage","@id":"https:\/\/www.bee-pilot.io\/pl\/twoj-wirtualny-pszczelarz-wspierany-przez-sztuczna-inteligencje\/","url":"https:\/\/www.bee-pilot.io\/pl\/twoj-wirtualny-pszczelarz-wspierany-przez-sztuczna-inteligencje\/","name":"bee-pilot.io - wirtualny pszczelarz rewolucjonizuje pszczelarstwo - bee-pilot.io","isPartOf":{"@id":"https:\/\/www.bee-pilot.io\/pl\/#website"},"primaryImageOfPage":{"@id":"https:\/\/www.bee-pilot.io\/pl\/twoj-wirtualny-pszczelarz-wspierany-przez-sztuczna-inteligencje\/#primaryimage"},"image":{"@id":"https:\/\/www.bee-pilot.io\/pl\/twoj-wirtualny-pszczelarz-wspierany-przez-sztuczna-inteligencje\/#primaryimage"},"thumbnailUrl":"https:\/\/www.bee-pilot.io\/wp-content\/uploads\/2025\/12\/bee-pilot-ki-banner.png","datePublished":"2025-12-27T19:07:03+00:00","dateModified":"2025-12-27T19:25:37+00:00","description":"Bee-pilot.io - wirtualny pszczelarz to klucz do efektywnego pszczelarstwa. Pozw\u00f3l, aby sztuczna inteligencja zoptymalizowa\u0142a Tw\u00f3j czas i prac\u0119.","breadcrumb":{"@id":"https:\/\/www.bee-pilot.io\/pl\/twoj-wirtualny-pszczelarz-wspierany-przez-sztuczna-inteligencje\/#breadcrumb"},"inLanguage":"pl-PL","potentialAction":[{"@type":"ReadAction","target":["https:\/\/www.bee-pilot.io\/pl\/twoj-wirtualny-pszczelarz-wspierany-przez-sztuczna-inteligencje\/"]}]},{"@type":"ImageObject","inLanguage":"pl-PL","@id":"https:\/\/www.bee-pilot.io\/pl\/twoj-wirtualny-pszczelarz-wspierany-przez-sztuczna-inteligencje\/#primaryimage","url":"https:\/\/www.bee-pilot.io\/wp-content\/uploads\/2025\/12\/bee-pilot-ki-banner.png","contentUrl":"https:\/\/www.bee-pilot.io\/wp-content\/uploads\/2025\/12\/bee-pilot-ki-banner.png","width":1536,"height":1024,"caption":"Zdj\u0119cie bee-pilot.io z wirtualnym pszczelarzem"},{"@type":"BreadcrumbList","@id":"https:\/\/www.bee-pilot.io\/pl\/twoj-wirtualny-pszczelarz-wspierany-przez-sztuczna-inteligencje\/#breadcrumb","itemListElement":[{"@type":"ListItem","position":1,"name":"Startseite","item":"https:\/\/www.bee-pilot.io\/pl\/"},{"@type":"ListItem","position":2,"name":"Tw\u00f3j wirtualny pszczelarz \u2013 wspierany przez sztuczn\u0105 inteligencj\u0119"}]},{"@type":"WebSite","@id":"https:\/\/www.bee-pilot.io\/pl\/#website","url":"https:\/\/www.bee-pilot.io\/pl\/","name":"bee-pilot.io","description":"Bee-Pilot: KI-gest\u00fctzte Software f\u00fcr Imker \u2013 Digitale Stockkarte, Wetter &amp; Checklisten","publisher":{"@id":"https:\/\/www.bee-pilot.io\/pl\/#organization"},"potentialAction":[{"@type":"SearchAction","target":{"@type":"EntryPoint","urlTemplate":"https:\/\/www.bee-pilot.io\/pl\/?s={search_term_string}"},"query-input":{"@type":"PropertyValueSpecification","valueRequired":true,"valueName":"search_term_string"}}],"inLanguage":"pl-PL"},{"@type":"Organization","@id":"https:\/\/www.bee-pilot.io\/pl\/#organization","name":"bee-pilot.io UG (haftungsbeschr\u00e4nkt)","url":"https:\/\/www.bee-pilot.io\/pl\/","logo":{"@type":"ImageObject","inLanguage":"pl-PL","@id":"https:\/\/www.bee-pilot.io\/pl\/#\/schema\/logo\/image\/","url":"https:\/\/www.bee-pilot.io\/wp-content\/uploads\/2024\/10\/cropped-bee-pilot-logo.png","contentUrl":"https:\/\/www.bee-pilot.io\/wp-content\/uploads\/2024\/10\/cropped-bee-pilot-logo.png","width":291,"height":85,"caption":"bee-pilot.io UG (haftungsbeschr\u00e4nkt)"},"image":{"@id":"https:\/\/www.bee-pilot.io\/pl\/#\/schema\/logo\/image\/"}}]}},"_links":{"self":[{"href":"https:\/\/www.bee-pilot.io\/pl\/wp-json\/wp\/v2\/pages\/1433","targetHints":{"allow":["GET"]}}],"collection":[{"href":"https:\/\/www.bee-pilot.io\/pl\/wp-json\/wp\/v2\/pages"}],"about":[{"href":"https:\/\/www.bee-pilot.io\/pl\/wp-json\/wp\/v2\/types\/page"}],"author":[{"embeddable":true,"href":"https:\/\/www.bee-pilot.io\/pl\/wp-json\/wp\/v2\/users\/1"}],"replies":[{"embeddable":true,"href":"https:\/\/www.bee-pilot.io\/pl\/wp-json\/wp\/v2\/comments?post=1433"}],"version-history":[{"count":1,"href":"https:\/\/www.bee-pilot.io\/pl\/wp-json\/wp\/v2\/pages\/1433\/revisions"}],"predecessor-version":[{"id":1436,"href":"https:\/\/www.bee-pilot.io\/pl\/wp-json\/wp\/v2\/pages\/1433\/revisions\/1436"}],"wp:featuredmedia":[{"embeddable":true,"href":"https:\/\/www.bee-pilot.io\/pl\/wp-json\/wp\/v2\/media\/1435"}],"wp:attachment":[{"href":"https:\/\/www.bee-pilot.io\/pl\/wp-json\/wp\/v2\/media?parent=1433"}],"curies":[{"name":"wp","href":"https:\/\/api.w.org\/{rel}","templated":true}]}}