{"id":793,"date":"2025-12-11T15:26:11","date_gmt":"2025-12-11T15:26:11","guid":{"rendered":"https:\/\/www.bee-pilot.io\/inteligentny-kokpit-dla-twojej-pasieki\/"},"modified":"2025-12-27T08:21:40","modified_gmt":"2025-12-27T08:21:40","slug":"inteligentny-kokpit-dla-twojej-pasieki","status":"publish","type":"page","link":"https:\/\/www.bee-pilot.io\/pl\/inteligentny-kokpit-dla-twojej-pasieki\/","title":{"rendered":"Inteligentny kokpit dla Twojej pasieki"},"content":{"rendered":"\n<p>Miej pod kontrol\u0105 wszystkie swoje rodziny pszczele \u2013 zawsze, automatycznie i bez papieru.<\/p>\n\n<p><strong>Papierowe karty pasieczne kosztuj\u0105 czas, nerwy i prowadz\u0105 do chaosu.<\/strong><\/p>\n\n<p>Ka\u017cdy pszczelarz to zna:<\/p>\n\n<ul class=\"wp-block-list\">\n<li>Kartki gubi\u0105 si\u0119 lub mokn\u0105<\/li>\n\n\n\n<li>Informacje s\u0105 rozproszone na wielu kartkach<\/li>\n\n\n\n<li>Brak jasnej historii ka\u017cdej rodziny<\/li>\n\n\n\n<li>Uzupe\u0142nienia trzeba robi\u0107 w domu<\/li>\n\n\n\n<li>Brak przegl\u0105du aktualnego stanu<\/li>\n<\/ul>\n\n<p><strong>Rezultat:<\/strong> brak przegl\u0105du, b\u0142\u0119dy w piel\u0119gnacji i niepotrzebna strata czasu.<\/p>\n\n<figure class=\"wp-block-image size-large\"><img loading=\"lazy\" decoding=\"async\" width=\"1024\" height=\"596\" src=\"https:\/\/www.bee-pilot.io\/wp-content\/uploads\/2025\/12\/Bildschirmfoto-2025-12-11-um-16.31.46-1024x596.png\" alt=\"bee-pilot-io Szczeg&#xF3;&#x142;y z panelu\" class=\"wp-image-742\" srcset=\"https:\/\/www.bee-pilot.io\/wp-content\/uploads\/2025\/12\/Bildschirmfoto-2025-12-11-um-16.31.46-1024x596.png 1024w, https:\/\/www.bee-pilot.io\/wp-content\/uploads\/2025\/12\/Bildschirmfoto-2025-12-11-um-16.31.46-300x175.png 300w, https:\/\/www.bee-pilot.io\/wp-content\/uploads\/2025\/12\/Bildschirmfoto-2025-12-11-um-16.31.46-768x447.png 768w, https:\/\/www.bee-pilot.io\/wp-content\/uploads\/2025\/12\/Bildschirmfoto-2025-12-11-um-16.31.46-1536x894.png 1536w, https:\/\/www.bee-pilot.io\/wp-content\/uploads\/2025\/12\/Bildschirmfoto-2025-12-11-um-16.31.46.png 1606w\" sizes=\"auto, (max-width: 1024px) 100vw, 1024px\" \/><\/figure>\n\n<div class=\"wp-block-buttons is-content-justification-center is-layout-flex wp-container-core-buttons-is-layout-16018d1d wp-block-buttons-is-layout-flex\">\n<div class=\"wp-block-button\"><a class=\"wp-block-button__link has-luminous-vivid-amber-background-color has-background wp-element-button\" href=\"https:\/\/app.bee-pilot.io\/registration\">Wypr\u00f3buj teraz za darmo!<\/a><\/div>\n<\/div>\n\n<h3 class=\"wp-block-heading\"><strong>Z bee-pilot.io masz wszystko na oku.<\/strong><\/h3>\n\n<p>bee-pilot.io zast\u0119puje ca\u0142e Twoje papierowe zarz\u0105dzanie \u2013 przejrzy\u015bcie uporz\u0105dkowane i gotowe do u\u017cycia bezpo\u015brednio w pasiece. Ale mo\u017cesz te\u017c uzyska\u0107 dost\u0119p do wszystkiego w domu na komputerze! <\/p>\n\n<h4 class=\"wp-block-heading\"><strong>Co otrzymasz z bee-pilot:<\/strong><\/h4>\n\n<ul class=\"wp-block-list\">\n<li><strong>Przegl\u0105d danych o rodzinach w jednym miejscu<\/strong><\/li>\n\n\n\n<li><strong>Rejestrowanie kontroli i dzia\u0142a\u0144 w kilka sekund<\/strong><\/li>\n\n\n\n<li><strong>Wygodne dodawanie zdj\u0119\u0107 i notatek<\/strong><\/li>\n\n\n\n<li><strong>Status matki i rozw\u00f3j rodziny zawsze na oku<\/strong><\/li>\n\n\n\n<li><strong>Pe\u0142na historia ka\u017cdej rodziny \u2013 automatycznie<\/strong><\/li>\n\n\n\n<li><strong>Lepsze decyzje dzi\u0119ki jasnym danym i analizom<\/strong>. Kt\u00f3ra rodzina jest dobra, kt\u00f3ra z\u0142a. <\/li>\n<\/ul>\n\n<h3 class=\"wp-block-heading\"><strong>Tak dzia\u0142a cyfrowa karta pasieczna<\/strong><\/h3>\n\n<ul class=\"wp-block-list\">\n<li>Wybierz ul na swoim stanowisku, kt\u00f3ry chcesz<\/li>\n<\/ul>\n\n<p>Aplikacja jest tak zaprojektowana, \u017ce mo\u017cesz j\u0105 obs\u0142ugiwa\u0107 jedn\u0105 r\u0119k\u0105 bezpo\u015brednio na stanowisku. Podczas przegl\u0105du mo\u017cesz wprowadza\u0107 wyniki bezpo\u015brednio g\u0142osowo. <\/p>\n\n<div class=\"wp-block-columns is-layout-flex wp-container-core-columns-is-layout-9d6595d7 wp-block-columns-is-layout-flex\">\n<div class=\"wp-block-column is-layout-flow wp-block-column-is-layout-flow\">\n<figure class=\"wp-block-image size-full\"><img loading=\"lazy\" decoding=\"async\" width=\"386\" height=\"846\" src=\"https:\/\/www.bee-pilot.io\/wp-content\/uploads\/2025\/12\/Bildschirmfoto-2025-12-11-um-16.35.14-1.png\" alt=\"bee-pilot.io - Przeprowadzanie przegl&#x105;du\" class=\"wp-image-746\" srcset=\"https:\/\/www.bee-pilot.io\/wp-content\/uploads\/2025\/12\/Bildschirmfoto-2025-12-11-um-16.35.14-1.png 386w, https:\/\/www.bee-pilot.io\/wp-content\/uploads\/2025\/12\/Bildschirmfoto-2025-12-11-um-16.35.14-1-137x300.png 137w\" sizes=\"auto, (max-width: 386px) 100vw, 386px\" \/><\/figure>\n<\/div>\n\n\n\n<div class=\"wp-block-column is-layout-flow wp-block-column-is-layout-flow\">\n<figure class=\"wp-block-image size-full\"><img loading=\"lazy\" decoding=\"async\" width=\"387\" height=\"841\" src=\"https:\/\/www.bee-pilot.io\/wp-content\/uploads\/2025\/12\/Bildschirmfoto-2025-12-11-um-16.35.23-1.png\" alt=\"bee-pilot.io - Przegl&#x105;d ze sterowaniem g&#x142;osowym\" class=\"wp-image-747\" srcset=\"https:\/\/www.bee-pilot.io\/wp-content\/uploads\/2025\/12\/Bildschirmfoto-2025-12-11-um-16.35.23-1.png 387w, https:\/\/www.bee-pilot.io\/wp-content\/uploads\/2025\/12\/Bildschirmfoto-2025-12-11-um-16.35.23-1-138x300.png 138w\" sizes=\"auto, (max-width: 387px) 100vw, 387px\" \/><\/figure>\n<\/div>\n<\/div>\n\n<div class=\"wp-block-buttons is-content-justification-center is-layout-flex wp-container-core-buttons-is-layout-16018d1d wp-block-buttons-is-layout-flex\">\n<div class=\"wp-block-button\"><a class=\"wp-block-button__link has-luminous-vivid-amber-background-color has-background wp-element-button\" href=\"https:\/\/app.bee-pilot.io\/registration\">Wypr\u00f3buj teraz za darmo!<\/a><\/div>\n<\/div>\n\n<p>\u00a0<\/p>\n\n<h3 class=\"wp-block-heading\"><strong>Nie jest potrzebny App Store \u2013 dzia\u0142a od razu<\/strong><\/h3>\n\n<h4 class=\"wp-block-heading\"><strong>bee-pilot.io to nowoczesna aplikacja internetowa (PWA) \u2013 nie wymaga instalacji z App Store.<\/strong><\/h4>\n\n<p>Wielu u\u017cytkownik\u00f3w szuka najpierw w App Store i nic tam nie znajduje.<br\/>Na tej stronie docelowej wyja\u015bniamy to jasno:<\/p>\n\n<h5 class=\"wp-block-heading\"><strong>Jak korzysta\u0107 z Bee-Pilot:<\/strong><\/h5>\n\n<ul class=\"wp-block-list\">\n<li>Otw\u00f3rz aplikacj\u0119 <strong>bezpo\u015brednio w przegl\u0105darce<\/strong><\/li>\n\n\n\n<li>Opcjonalnie zapisz ikon\u0119 aplikacji na ekranie startowym<\/li>\n\n\n\n<li>Dzia\u0142a na smartfonie, tablecie i komputerze<\/li>\n<\/ul>\n\n<h5 class=\"wp-block-heading\"><strong>Dlaczego nie w App Store?<\/strong><\/h5>\n\n<ul class=\"wp-block-list\">\n<li>Szybszy rozw\u00f3j<\/li>\n\n\n\n<li>Natychmiastowe aktualizacje dla wszystkich u\u017cytkownik\u00f3w<\/li>\n\n\n\n<li>Brak proces\u00f3w zatwierdzania przez Apple\/Google<\/li>\n\n\n\n<li>Aplikacja pozostaje minimalna, szybka i elastyczna<\/li>\n<\/ul>\n\n<p><strong>Dla Ciebie oznacza to:<\/strong> Mo\u017cesz od razu u\u017cywa\u0107 bee-pilot.io \u2013 bez instalacji.<\/p>\n<div class=\"wp-block-image wp-block-image aligncenter size-full is-resized\">\n<figure ><img loading=\"lazy\" decoding=\"async\" width=\"389\" height=\"844\" src=\"https:\/\/www.bee-pilot.io\/wp-content\/uploads\/2025\/12\/Bildschirmfoto-2025-12-11-um-16.33.04.png\" alt=\"bee-pilot.io Lista wszystkich lokalizacji w trybie mobilnym\" class=\"wp-image-743\" srcset=\"https:\/\/www.bee-pilot.io\/wp-content\/uploads\/2025\/12\/Bildschirmfoto-2025-12-11-um-16.33.04.png 389w, https:\/\/www.bee-pilot.io\/wp-content\/uploads\/2025\/12\/Bildschirmfoto-2025-12-11-um-16.33.04-138x300.png 138w\" sizes=\"auto, (max-width: 389px) 100vw, 389px\" \/><\/figure>\n<\/div>\n<h3 class=\"wp-block-heading\"><strong>Bezpo\u015bredni dost\u0119p przez kod QR<\/strong><\/h3>\n\n<p class=\"wp-block-heading\">Zacznij korzysta\u0107 z bee-pilot.io ju\u017c teraz na swoim telefonie i zeskanuj ten kod QR:<\/p>\n<div class=\"wp-block-image wp-block-image aligncenter size-large is-resized\">\n<figure ><img loading=\"lazy\" decoding=\"async\" width=\"1024\" height=\"1024\" src=\"https:\/\/www.bee-pilot.io\/wp-content\/uploads\/2025\/12\/qr-code-1024x1024.png\" alt=\"\" class=\"wp-image-738\" style=\"width:258px;height:auto\" srcset=\"https:\/\/www.bee-pilot.io\/wp-content\/uploads\/2025\/12\/qr-code-1024x1024.png 1024w, https:\/\/www.bee-pilot.io\/wp-content\/uploads\/2025\/12\/qr-code-300x300.png 300w, https:\/\/www.bee-pilot.io\/wp-content\/uploads\/2025\/12\/qr-code-150x150.png 150w, https:\/\/www.bee-pilot.io\/wp-content\/uploads\/2025\/12\/qr-code-768x768.png 768w, https:\/\/www.bee-pilot.io\/wp-content\/uploads\/2025\/12\/qr-code.png 1155w\" sizes=\"auto, (max-width: 1024px) 100vw, 1024px\" \/><\/figure>\n<\/div>\n<p>Alternatywnie przejd\u017a bezpo\u015brednio do formularza rejestracyjnego:<\/p>\n\n<div class=\"wp-block-buttons is-content-justification-center is-layout-flex wp-container-core-buttons-is-layout-16018d1d wp-block-buttons-is-layout-flex\">\n<div class=\"wp-block-button\"><a class=\"wp-block-button__link has-luminous-vivid-amber-background-color has-background wp-element-button\" href=\"https:\/\/app.bee-pilot.io\/registration\">Wypr\u00f3buj teraz za darmo!<\/a><\/div>\n<\/div>\n\n<h3 class=\"wp-block-heading\">Ile kosztuje bee-pilot.io?<\/h3>\n\n<p>W Bee-Pilot p\u0142acisz nie za funkcje, kt\u00f3rych nie potrzebujesz, ale za prawdziwe korzy\u015bci w swojej pasiece.<br\/>Jako rozwi\u0105zanie od pszczelarzy dla pszczelarzy oferujemy uczciw\u0105 cen\u0119 \u2013 transparentn\u0105, zrozumia\u0142\u0105 i z zauwa\u017caln\u0105 warto\u015bci\u0105 dodan\u0105.<\/p>\n\n<div class=\"wp-block-buttons is-content-justification-center is-layout-flex wp-container-core-buttons-is-layout-16018d1d wp-block-buttons-is-layout-flex\">\n<div class=\"wp-block-button\"><a class=\"wp-block-button__link has-luminous-vivid-amber-background-color has-background wp-element-button\" href=\"https:\/\/bee-pilot.io#preise\">Wy\u015bwietl ceny<\/a><\/div>\n<\/div>\n\n<p>\u00a0<\/p>\n","protected":false},"excerpt":{"rendered":"<p>Miej pod kontrol\u0105 wszystkie swoje rodziny pszczele \u2013 zawsze, automatycznie i bez papieru. Papierowe karty pasieczne kosztuj\u0105 czas, nerwy i prowadz\u0105 do chaosu. Ka\u017cdy pszczelarz to zna: Rezultat: brak przegl\u0105du, b\u0142\u0119dy w piel\u0119gnacji i niepotrzebna strata czasu. Z bee-pilot.io masz wszystko na oku. bee-pilot.io zast\u0119puje ca\u0142e Twoje papierowe zarz\u0105dzanie \u2013 przejrzy\u015bcie uporz\u0105dkowane i gotowe do [&hellip;]<\/p>\n","protected":false},"author":1,"featured_media":0,"parent":0,"menu_order":0,"comment_status":"closed","ping_status":"closed","template":"","meta":{"footnotes":""},"class_list":["post-793","page","type-page","status-publish","hentry"],"yoast_head":"<!-- This site is optimized with the Yoast SEO Premium plugin v26.6 (Yoast SEO v26.6) - https:\/\/yoast.com\/wordpress\/plugins\/seo\/ -->\n<title>Inteligentny kokpit pasieki przysz\u0142o\u015bci - bee-pilot.io<\/title>\n<meta name=\"description\" content=\"Zarz\u0105dzaj swoj\u0105 pasiek\u0105 cyfrowo \u2013 bez papieru, bez chaosu. Wykorzystaj narz\u0119dzie dla nowoczesnego pszczelarstwa. Wypr\u00f3buj za darmo przez 30 dni.\" \/>\n<meta name=\"robots\" content=\"index, follow, max-snippet:-1, max-image-preview:large, max-video-preview:-1\" \/>\n<link rel=\"canonical\" href=\"https:\/\/www.bee-pilot.io\/pl\/inteligentny-kokpit-dla-twojej-pasieki\/\" \/>\n<meta property=\"og:locale\" content=\"pl_PL\" \/>\n<meta property=\"og:type\" content=\"article\" \/>\n<meta property=\"og:title\" content=\"Inteligentny kokpit dla Twojej pasieki\" \/>\n<meta property=\"og:description\" content=\"Zarz\u0105dzaj swoj\u0105 pasiek\u0105 cyfrowo \u2013 bez papieru, bez chaosu. Wykorzystaj narz\u0119dzie dla nowoczesnego pszczelarstwa. Wypr\u00f3buj za darmo przez 30 dni.\" \/>\n<meta property=\"og:url\" content=\"https:\/\/www.bee-pilot.io\/pl\/inteligentny-kokpit-dla-twojej-pasieki\/\" \/>\n<meta property=\"og:site_name\" content=\"bee-pilot.io\" \/>\n<meta property=\"article:modified_time\" content=\"2025-12-27T08:21:40+00:00\" \/>\n<meta property=\"og:image\" content=\"https:\/\/www.bee-pilot.io\/wp-content\/uploads\/2025\/12\/Bildschirmfoto-2025-12-11-um-16.31.46.png\" \/>\n\t<meta property=\"og:image:width\" content=\"1606\" \/>\n\t<meta property=\"og:image:height\" content=\"935\" \/>\n\t<meta property=\"og:image:type\" content=\"image\/png\" \/>\n<meta name=\"twitter:card\" content=\"summary_large_image\" \/>\n<meta name=\"twitter:label1\" content=\"Szacowany czas czytania\" \/>\n\t<meta name=\"twitter:data1\" content=\"2 minuty\" \/>\n<script type=\"application\/ld+json\" class=\"yoast-schema-graph\">{\"@context\":\"https:\/\/schema.org\",\"@graph\":[{\"@type\":\"WebPage\",\"@id\":\"https:\/\/www.bee-pilot.io\/pl\/inteligentny-kokpit-dla-twojej-pasieki\/\",\"url\":\"https:\/\/www.bee-pilot.io\/pl\/inteligentny-kokpit-dla-twojej-pasieki\/\",\"name\":\"Inteligentny kokpit pasieki przysz\u0142o\u015bci - bee-pilot.io\",\"isPartOf\":{\"@id\":\"https:\/\/www.bee-pilot.io\/pl\/#website\"},\"primaryImageOfPage\":{\"@id\":\"https:\/\/www.bee-pilot.io\/pl\/inteligentny-kokpit-dla-twojej-pasieki\/#primaryimage\"},\"image\":{\"@id\":\"https:\/\/www.bee-pilot.io\/pl\/inteligentny-kokpit-dla-twojej-pasieki\/#primaryimage\"},\"thumbnailUrl\":\"https:\/\/www.bee-pilot.io\/wp-content\/uploads\/2025\/12\/Bildschirmfoto-2025-12-11-um-16.31.46-1024x596.png\",\"datePublished\":\"2025-12-11T15:26:11+00:00\",\"dateModified\":\"2025-12-27T08:21:40+00:00\",\"description\":\"Zarz\u0105dzaj swoj\u0105 pasiek\u0105 cyfrowo \u2013 bez papieru, bez chaosu. Wykorzystaj narz\u0119dzie dla nowoczesnego pszczelarstwa. Wypr\u00f3buj za darmo przez 30 dni.\",\"breadcrumb\":{\"@id\":\"https:\/\/www.bee-pilot.io\/pl\/inteligentny-kokpit-dla-twojej-pasieki\/#breadcrumb\"},\"inLanguage\":\"pl-PL\",\"potentialAction\":[{\"@type\":\"ReadAction\",\"target\":[\"https:\/\/www.bee-pilot.io\/pl\/inteligentny-kokpit-dla-twojej-pasieki\/\"]}]},{\"@type\":\"ImageObject\",\"inLanguage\":\"pl-PL\",\"@id\":\"https:\/\/www.bee-pilot.io\/pl\/inteligentny-kokpit-dla-twojej-pasieki\/#primaryimage\",\"url\":\"https:\/\/www.bee-pilot.io\/wp-content\/uploads\/2025\/12\/Bildschirmfoto-2025-12-11-um-16.31.46-1024x596.png\",\"contentUrl\":\"https:\/\/www.bee-pilot.io\/wp-content\/uploads\/2025\/12\/Bildschirmfoto-2025-12-11-um-16.31.46-1024x596.png\"},{\"@type\":\"BreadcrumbList\",\"@id\":\"https:\/\/www.bee-pilot.io\/pl\/inteligentny-kokpit-dla-twojej-pasieki\/#breadcrumb\",\"itemListElement\":[{\"@type\":\"ListItem\",\"position\":1,\"name\":\"Startseite\",\"item\":\"https:\/\/www.bee-pilot.io\/pl\/\"},{\"@type\":\"ListItem\",\"position\":2,\"name\":\"Inteligentny kokpit dla Twojej pasieki\"}]},{\"@type\":\"WebSite\",\"@id\":\"https:\/\/www.bee-pilot.io\/pl\/#website\",\"url\":\"https:\/\/www.bee-pilot.io\/pl\/\",\"name\":\"bee-pilot.io\",\"description\":\"Bee-Pilot: KI-gest\u00fctzte Software f\u00fcr Imker \u2013 Digitale Stockkarte, Wetter &amp; Checklisten\",\"publisher\":{\"@id\":\"https:\/\/www.bee-pilot.io\/pl\/#organization\"},\"potentialAction\":[{\"@type\":\"SearchAction\",\"target\":{\"@type\":\"EntryPoint\",\"urlTemplate\":\"https:\/\/www.bee-pilot.io\/pl\/?s={search_term_string}\"},\"query-input\":{\"@type\":\"PropertyValueSpecification\",\"valueRequired\":true,\"valueName\":\"search_term_string\"}}],\"inLanguage\":\"pl-PL\"},{\"@type\":\"Organization\",\"@id\":\"https:\/\/www.bee-pilot.io\/pl\/#organization\",\"name\":\"bee-pilot.io UG (haftungsbeschr\u00e4nkt)\",\"url\":\"https:\/\/www.bee-pilot.io\/pl\/\",\"logo\":{\"@type\":\"ImageObject\",\"inLanguage\":\"pl-PL\",\"@id\":\"https:\/\/www.bee-pilot.io\/pl\/#\/schema\/logo\/image\/\",\"url\":\"https:\/\/www.bee-pilot.io\/wp-content\/uploads\/2024\/10\/cropped-bee-pilot-logo.png\",\"contentUrl\":\"https:\/\/www.bee-pilot.io\/wp-content\/uploads\/2024\/10\/cropped-bee-pilot-logo.png\",\"width\":291,\"height\":85,\"caption\":\"bee-pilot.io UG (haftungsbeschr\u00e4nkt)\"},\"image\":{\"@id\":\"https:\/\/www.bee-pilot.io\/pl\/#\/schema\/logo\/image\/\"}}]}<\/script>\n<!-- \/ Yoast SEO Premium plugin. -->","yoast_head_json":{"title":"Inteligentny kokpit pasieki przysz\u0142o\u015bci - bee-pilot.io","description":"Zarz\u0105dzaj swoj\u0105 pasiek\u0105 cyfrowo \u2013 bez papieru, bez chaosu. Wykorzystaj narz\u0119dzie dla nowoczesnego pszczelarstwa. Wypr\u00f3buj za darmo przez 30 dni.","robots":{"index":"index","follow":"follow","max-snippet":"max-snippet:-1","max-image-preview":"max-image-preview:large","max-video-preview":"max-video-preview:-1"},"canonical":"https:\/\/www.bee-pilot.io\/pl\/inteligentny-kokpit-dla-twojej-pasieki\/","og_locale":"pl_PL","og_type":"article","og_title":"Inteligentny kokpit dla Twojej pasieki","og_description":"Zarz\u0105dzaj swoj\u0105 pasiek\u0105 cyfrowo \u2013 bez papieru, bez chaosu. Wykorzystaj narz\u0119dzie dla nowoczesnego pszczelarstwa. Wypr\u00f3buj za darmo przez 30 dni.","og_url":"https:\/\/www.bee-pilot.io\/pl\/inteligentny-kokpit-dla-twojej-pasieki\/","og_site_name":"bee-pilot.io","article_modified_time":"2025-12-27T08:21:40+00:00","og_image":[{"width":1606,"height":935,"url":"https:\/\/www.bee-pilot.io\/wp-content\/uploads\/2025\/12\/Bildschirmfoto-2025-12-11-um-16.31.46.png","type":"image\/png"}],"twitter_card":"summary_large_image","twitter_misc":{"Szacowany czas czytania":"2 minuty"},"schema":{"@context":"https:\/\/schema.org","@graph":[{"@type":"WebPage","@id":"https:\/\/www.bee-pilot.io\/pl\/inteligentny-kokpit-dla-twojej-pasieki\/","url":"https:\/\/www.bee-pilot.io\/pl\/inteligentny-kokpit-dla-twojej-pasieki\/","name":"Inteligentny kokpit pasieki przysz\u0142o\u015bci - bee-pilot.io","isPartOf":{"@id":"https:\/\/www.bee-pilot.io\/pl\/#website"},"primaryImageOfPage":{"@id":"https:\/\/www.bee-pilot.io\/pl\/inteligentny-kokpit-dla-twojej-pasieki\/#primaryimage"},"image":{"@id":"https:\/\/www.bee-pilot.io\/pl\/inteligentny-kokpit-dla-twojej-pasieki\/#primaryimage"},"thumbnailUrl":"https:\/\/www.bee-pilot.io\/wp-content\/uploads\/2025\/12\/Bildschirmfoto-2025-12-11-um-16.31.46-1024x596.png","datePublished":"2025-12-11T15:26:11+00:00","dateModified":"2025-12-27T08:21:40+00:00","description":"Zarz\u0105dzaj swoj\u0105 pasiek\u0105 cyfrowo \u2013 bez papieru, bez chaosu. Wykorzystaj narz\u0119dzie dla nowoczesnego pszczelarstwa. Wypr\u00f3buj za darmo przez 30 dni.","breadcrumb":{"@id":"https:\/\/www.bee-pilot.io\/pl\/inteligentny-kokpit-dla-twojej-pasieki\/#breadcrumb"},"inLanguage":"pl-PL","potentialAction":[{"@type":"ReadAction","target":["https:\/\/www.bee-pilot.io\/pl\/inteligentny-kokpit-dla-twojej-pasieki\/"]}]},{"@type":"ImageObject","inLanguage":"pl-PL","@id":"https:\/\/www.bee-pilot.io\/pl\/inteligentny-kokpit-dla-twojej-pasieki\/#primaryimage","url":"https:\/\/www.bee-pilot.io\/wp-content\/uploads\/2025\/12\/Bildschirmfoto-2025-12-11-um-16.31.46-1024x596.png","contentUrl":"https:\/\/www.bee-pilot.io\/wp-content\/uploads\/2025\/12\/Bildschirmfoto-2025-12-11-um-16.31.46-1024x596.png"},{"@type":"BreadcrumbList","@id":"https:\/\/www.bee-pilot.io\/pl\/inteligentny-kokpit-dla-twojej-pasieki\/#breadcrumb","itemListElement":[{"@type":"ListItem","position":1,"name":"Startseite","item":"https:\/\/www.bee-pilot.io\/pl\/"},{"@type":"ListItem","position":2,"name":"Inteligentny kokpit dla Twojej pasieki"}]},{"@type":"WebSite","@id":"https:\/\/www.bee-pilot.io\/pl\/#website","url":"https:\/\/www.bee-pilot.io\/pl\/","name":"bee-pilot.io","description":"Bee-Pilot: KI-gest\u00fctzte Software f\u00fcr Imker \u2013 Digitale Stockkarte, Wetter &amp; Checklisten","publisher":{"@id":"https:\/\/www.bee-pilot.io\/pl\/#organization"},"potentialAction":[{"@type":"SearchAction","target":{"@type":"EntryPoint","urlTemplate":"https:\/\/www.bee-pilot.io\/pl\/?s={search_term_string}"},"query-input":{"@type":"PropertyValueSpecification","valueRequired":true,"valueName":"search_term_string"}}],"inLanguage":"pl-PL"},{"@type":"Organization","@id":"https:\/\/www.bee-pilot.io\/pl\/#organization","name":"bee-pilot.io UG (haftungsbeschr\u00e4nkt)","url":"https:\/\/www.bee-pilot.io\/pl\/","logo":{"@type":"ImageObject","inLanguage":"pl-PL","@id":"https:\/\/www.bee-pilot.io\/pl\/#\/schema\/logo\/image\/","url":"https:\/\/www.bee-pilot.io\/wp-content\/uploads\/2024\/10\/cropped-bee-pilot-logo.png","contentUrl":"https:\/\/www.bee-pilot.io\/wp-content\/uploads\/2024\/10\/cropped-bee-pilot-logo.png","width":291,"height":85,"caption":"bee-pilot.io UG (haftungsbeschr\u00e4nkt)"},"image":{"@id":"https:\/\/www.bee-pilot.io\/pl\/#\/schema\/logo\/image\/"}}]}},"_links":{"self":[{"href":"https:\/\/www.bee-pilot.io\/pl\/wp-json\/wp\/v2\/pages\/793","targetHints":{"allow":["GET"]}}],"collection":[{"href":"https:\/\/www.bee-pilot.io\/pl\/wp-json\/wp\/v2\/pages"}],"about":[{"href":"https:\/\/www.bee-pilot.io\/pl\/wp-json\/wp\/v2\/types\/page"}],"author":[{"embeddable":true,"href":"https:\/\/www.bee-pilot.io\/pl\/wp-json\/wp\/v2\/users\/1"}],"replies":[{"embeddable":true,"href":"https:\/\/www.bee-pilot.io\/pl\/wp-json\/wp\/v2\/comments?post=793"}],"version-history":[{"count":4,"href":"https:\/\/www.bee-pilot.io\/pl\/wp-json\/wp\/v2\/pages\/793\/revisions"}],"predecessor-version":[{"id":1108,"href":"https:\/\/www.bee-pilot.io\/pl\/wp-json\/wp\/v2\/pages\/793\/revisions\/1108"}],"wp:attachment":[{"href":"https:\/\/www.bee-pilot.io\/pl\/wp-json\/wp\/v2\/media?parent=793"}],"curies":[{"name":"wp","href":"https:\/\/api.w.org\/{rel}","templated":true}]}}