{"id":814,"date":"2025-10-10T05:59:41","date_gmt":"2025-10-10T05:59:41","guid":{"rendered":"https:\/\/www.bee-pilot.io\/naszym-wspolnym-celem-sa-rodziny-pszczele-odporne-na-warroze\/"},"modified":"2025-12-27T19:38:17","modified_gmt":"2025-12-27T19:38:17","slug":"naszym-wspolnym-celem-sa-rodziny-pszczele-odporne-na-warroze","status":"publish","type":"page","link":"https:\/\/www.bee-pilot.io\/pl\/naszym-wspolnym-celem-sa-rodziny-pszczele-odporne-na-warroze\/","title":{"rendered":"Naszym wsp\u00f3lnym celem s\u0105 rodziny pszczele odporne na warroz\u0119"},"content":{"rendered":"<p><!-- HERO --><\/p>\n\n<div class=\"wp-block-cover alignfull\" style=\"min-height:380px;aspect-ratio:unset;\"><span aria-hidden=\"true\" class=\"wp-block-cover__background has-background-dim-100 has-background-dim\" style=\"background-color:#0f1115\"><\/span><div class=\"wp-block-cover__inner-container is-layout-flow wp-block-cover-is-layout-flow\">\n<div class=\"wp-block-group\"><div class=\"wp-block-group__inner-container is-layout-constrained wp-container-core-group-is-layout-7a8ecd1d wp-block-group-is-layout-constrained\">\n<p><strong>Ocena i hodowla<\/strong><\/p>\n\n\n\n<h2 class=\"wp-block-heading\" id=\"h-zucht-einfach-machen-damit-jede-imkerei-zur-losung-beitragt\">Upro\u015b\u0107 hodowl\u0119 \u2013 aby ka\u017cda pasieka przyczynia\u0142a si\u0119 do rozwi\u0105zania.<\/h2>\n\n\n\n<p><strong>Z bee-pilot.io hodowla staje si\u0119 praktyczna i zrozumia\u0142a.<\/strong> Dokumentujesz, por\u00f3wnujesz i podejmujesz decyzje na podstawie rzeczywistych danych \u2013 bez skomplikowanych program\u00f3w i biurokracji.<\/p>\n\n\n\n<div class=\"wp-block-buttons is-content-justification-center is-layout-flex wp-container-core-buttons-is-layout-16018d1d wp-block-buttons-is-layout-flex\">\n<div class=\"wp-block-button is-style-fill\"><a class=\"wp-block-button__link has-black-color has-luminous-vivid-amber-background-color has-text-color has-background has-link-color wp-element-button\" href=\"https:\/\/app.bee-pilot.io\/registration\" target=\"_blank\" rel=\"noreferrer noopener\">Testuj teraz<\/a><\/div>\n<\/div>\n<\/div><\/div>\n<\/div><\/div>\n<p><!-- SECTION 1: INTRO + IMAGE --><\/p>\n\n<div class=\"wp-block-group\"><div class=\"wp-block-group__inner-container is-layout-constrained wp-container-core-group-is-layout-7a8ecd1d wp-block-group-is-layout-constrained\">\n<div style=\"height:34px\" aria-hidden=\"true\" class=\"wp-block-spacer\"><\/div>\n\n\n\n<div class=\"wp-block-columns is-layout-flex wp-container-core-columns-is-layout-9d6595d7 wp-block-columns-is-layout-flex\">\n<div class=\"wp-block-column is-vertically-aligned-center is-layout-flow wp-block-column-is-layout-flow\">\n<h3 class=\"wp-block-heading\" id=\"h-varroaresistenz-braucht-keine-komplizierten-programme\">Odporno\u015b\u0107 na warroz\u0119 nie wymaga skomplikowanych program\u00f3w<\/h3>\n\n\n\n<p>Wielu pszczelarzy chce mie\u0107 odporne rodziny \u2013 ale hodowla cz\u0119sto kojarzy si\u0119 z biurokracj\u0105 i wysi\u0142kiem. W praktyce potrzeba przede wszystkim <strong>konsekwentnego, prostego wyboru<\/strong>: <\/p>\n\n\n\n<ul class=\"wp-block-list\">\n<li>Konsekwentnie eliminuj <strong>najgorsz\u0105 jedn\u0105 trzeci\u0105<\/strong> stanu.<\/li>\n\n\n\n<li>Rozwijaj potomstwo z <strong>najlepszej jednej trzeciej<\/strong> \u2013 krok po kroku.<\/li>\n<\/ul>\n\n\n\n<p>W ten spos\u00f3b powstaje zdecentralizowana i praktyczna populacja pszcz\u00f3\u0142 \u2013 na podstawie twoich rzeczywistych obserwacji na stanowisku.<\/p>\n<\/div>\n\n\n\n<div class=\"wp-block-column is-vertically-aligned-center is-layout-flow wp-block-column-is-layout-flow\">\n<figure class=\"wp-block-image size-large\"><img loading=\"lazy\" decoding=\"async\" width=\"1024\" height=\"683\" src=\"https:\/\/www.bee-pilot.io\/wp-content\/uploads\/2025\/10\/rating-Landingpage-1024x683.png\" alt=\"Ocena i hodowla w bee-pilot.io\" class=\"wp-image-688\" srcset=\"https:\/\/www.bee-pilot.io\/wp-content\/uploads\/2025\/10\/rating-Landingpage-1024x683.png 1024w, https:\/\/www.bee-pilot.io\/wp-content\/uploads\/2025\/10\/rating-Landingpage-300x200.png 300w, https:\/\/www.bee-pilot.io\/wp-content\/uploads\/2025\/10\/rating-Landingpage-768x512.png 768w, https:\/\/www.bee-pilot.io\/wp-content\/uploads\/2025\/10\/rating-Landingpage.png 1536w\" sizes=\"auto, (max-width: 1024px) 100vw, 1024px\" \/><\/figure>\n<\/div>\n<\/div>\n\n\n\n<div style=\"height:26px\" aria-hidden=\"true\" class=\"wp-block-spacer\"><\/div>\n<\/div><\/div>\n<p><!-- SECTION 2: BENEFITS --><\/p>\n\n<div class=\"wp-block-cover alignfull\" style=\"min-height:260px;aspect-ratio:unset;\"><span aria-hidden=\"true\" class=\"wp-block-cover__background has-background-dim-100 has-background-dim\" style=\"background-color:#0f1115\"><\/span><div class=\"wp-block-cover__inner-container is-layout-flow wp-block-cover-is-layout-flow\">\n<div class=\"wp-block-group\"><div class=\"wp-block-group__inner-container is-layout-constrained wp-container-core-group-is-layout-7a8ecd1d wp-block-group-is-layout-constrained\">\n<h3 class=\"wp-block-heading has-text-align-center\" id=\"h-die-losung-die-zucht-im-alltag-vereinfacht\">Rozwi\u0105zanie, kt\u00f3re upraszcza hodowl\u0119 na co dzie\u0144<\/h3>\n\n\n\n<p class=\"has-text-align-center\">Z bee-pilot.io dokumentujesz swoje rodziny w kilku krokach \u2013 i otrzymujesz jasne wskaz\u00f3wki dotycz\u0105ce selekcji i hodowli.<\/p>\n\n\n\n<div class=\"wp-block-columns is-layout-flex wp-container-core-columns-is-layout-9d6595d7 wp-block-columns-is-layout-flex\">\n<div class=\"wp-block-column is-layout-flow wp-block-column-is-layout-flow\">\n<h4 class=\"wp-block-heading\" id=\"h-klar-dokumentieren\">Jasna dokumentacja<\/h4>\n\n\n\n<p>Utrwalaj zdrowie, zachowanie i wydajno\u015b\u0107 w spos\u00f3b uporz\u0105dkowany \u2013 bezpo\u015brednio na co dzie\u0144.<\/p>\n<\/div>\n\n\n\n<div class=\"wp-block-column is-layout-flow wp-block-column-is-layout-flow\">\n<h4 class=\"wp-block-heading\" id=\"h-schwache-volker-erkennen\">Rozpoznawaj s\u0142abe rodziny<\/h4>\n\n\n\n<p>Problemy i odchylenia staj\u0105 si\u0119 widoczne \u2013 bez d\u0142ugich list i intuicji.<\/p>\n<\/div>\n\n\n\n<div class=\"wp-block-column is-layout-flow wp-block-column-is-layout-flow\">\n<h4 class=\"wp-block-heading\" id=\"h-zuchtkandidaten-ableiten\">Wyprowadzaj kandydat\u00f3w do hodowli<\/h4>\n\n\n\n<p>Por\u00f3wnania na stanowisku i rankingi pomagaj\u0105 obiektywnie wybra\u0107 kandydat\u00f3w.<\/p>\n<\/div>\n<\/div>\n<\/div><\/div>\n<\/div><\/div>\n<p><!-- SECTION 3: COMMUNITY + IMAGE --><\/p>\n\n<div class=\"wp-block-group\"><div class=\"wp-block-group__inner-container is-layout-constrained wp-container-core-group-is-layout-7a8ecd1d wp-block-group-is-layout-constrained\">\n<div style=\"height:34px\" aria-hidden=\"true\" class=\"wp-block-spacer\"><\/div>\n\n\n\n<h3 class=\"wp-block-heading\" id=\"h-gemeinsam-fur-starke-bienen\">Razem dla silnych pszcz\u00f3\u0142<\/h3>\n\n\n\n<p>Je\u015bli wiele pasiek wykona ten prosty krok, w d\u0142u\u017cszej perspektywie osi\u0105gniemy <strong>rozleg\u0142e, bardziej odporne rodziny<\/strong> \u2013 bez skomplikowanych program\u00f3w hodowlanych. Do\u0142\u0105cz do ruchu. <\/p>\n\n\n\n<blockquote class=\"wp-block-quote is-layout-flow wp-block-quote-is-layout-flow\">\n<p><em>\u201eMa\u0142e kroki ka\u017cdej pasieki \u2013 wielki efekt dla pszcz\u00f3\u0142\u201d.<\/em><\/p>\n<\/blockquote>\n\n\n\n<div style=\"height:18px\" aria-hidden=\"true\" class=\"wp-block-spacer\"><\/div>\n\n\n\n<div class=\"wp-block-columns is-layout-flex wp-container-core-columns-is-layout-9d6595d7 wp-block-columns-is-layout-flex\">\n<div class=\"wp-block-column is-vertically-aligned-center is-layout-flow wp-block-column-is-layout-flow\">\n<figure class=\"wp-block-image size-full\"><img loading=\"lazy\" decoding=\"async\" width=\"684\" height=\"587\" src=\"https:\/\/www.bee-pilot.io\/wp-content\/uploads\/2025\/10\/Bildschirmfoto-2025-10-10-um-07.43.24.png\" alt=\"Analiza i ranking w bee-pilot.io\" class=\"wp-image-687\" srcset=\"https:\/\/www.bee-pilot.io\/wp-content\/uploads\/2025\/10\/Bildschirmfoto-2025-10-10-um-07.43.24.png 684w, https:\/\/www.bee-pilot.io\/wp-content\/uploads\/2025\/10\/Bildschirmfoto-2025-10-10-um-07.43.24-300x257.png 300w\" sizes=\"auto, (max-width: 684px) 100vw, 684px\" \/><\/figure>\n<\/div>\n\n\n\n<div class=\"wp-block-column is-vertically-aligned-center is-layout-flow wp-block-column-is-layout-flow\">\n<h4 class=\"wp-block-heading\" id=\"h-automatische-auswertung-aus-deinen-durchsichten\">Automatyczna analiza z twoich przegl\u0105d\u00f3w<\/h4>\n\n\n\n<p>Zebrane dane z przegl\u0105d\u00f3w s\u0105 automatycznie analizowane i klasyfikowane w por\u00f3wnaniu do wszystkich rodzin w pasiece. W ten spos\u00f3b otrzymujesz ocen\u0119 wed\u0142ug zasady <strong>80\u2013120%<\/strong> \u2013 szybko, zrozumiale i bezpo\u015brednio wykorzystywaln\u0105 do selekcji i hodowli. <\/p>\n<\/div>\n<\/div>\n\n\n\n<div style=\"height:30px\" aria-hidden=\"true\" class=\"wp-block-spacer\"><\/div>\n<\/div><\/div>\n<p><!-- CTA --><\/p>\n\n<div class=\"wp-block-cover alignfull\" style=\"min-height:220px;aspect-ratio:unset;\"><span aria-hidden=\"true\" class=\"wp-block-cover__background has-background-dim-100 has-background-dim\" style=\"background-color:#0f1115\"><\/span><div class=\"wp-block-cover__inner-container is-layout-flow wp-block-cover-is-layout-flow\">\n<div class=\"wp-block-group\"><div class=\"wp-block-group__inner-container is-layout-constrained wp-container-core-group-is-layout-7a8ecd1d wp-block-group-is-layout-constrained\">\n<h3 class=\"wp-block-heading has-text-align-center\" id=\"h-starte-jetzt-und-mache-zucht-im-alltag-einfacher\">Zacznij teraz \u2013 i upro\u015b\u0107 hodowl\u0119 na co dzie\u0144<\/h3>\n\n\n\n<p class=\"has-text-align-center\">Testuj bee-pilot.io za darmo i korzystaj z ocen, por\u00f3wna\u0144 i cel\u00f3w hodowlanych bezpo\u015brednio na swoim stanowisku.<\/p>\n\n\n\n<div class=\"wp-block-buttons is-content-justification-center is-layout-flex wp-container-core-buttons-is-layout-16018d1d wp-block-buttons-is-layout-flex\">\n<div class=\"wp-block-button is-style-fill\"><a class=\"wp-block-button__link has-black-color has-luminous-vivid-amber-background-color has-text-color has-background has-link-color wp-element-button\" href=\"https:\/\/app.bee-pilot.io\/registration\" target=\"_blank\" rel=\"noreferrer noopener\">Testuj teraz<\/a><\/div>\n<\/div>\n<\/div><\/div>\n<\/div><\/div>\n","protected":false},"excerpt":{"rendered":"<p>Odporno\u015b\u0107 na warroz\u0119 nie wymaga skomplikowanych program\u00f3w Wielu pszczelarzy chce mie\u0107 odporne rodziny \u2013 ale hodowla cz\u0119sto kojarzy si\u0119 z biurokracj\u0105 i wysi\u0142kiem. W praktyce potrzeba przede wszystkim konsekwentnego, prostego wyboru: W ten spos\u00f3b powstaje zdecentralizowana i praktyczna populacja pszcz\u00f3\u0142 \u2013 na podstawie twoich rzeczywistych obserwacji na stanowisku. Razem dla silnych pszcz\u00f3\u0142 Je\u015bli wiele pasiek [&hellip;]<\/p>\n","protected":false},"author":1,"featured_media":1453,"parent":0,"menu_order":0,"comment_status":"closed","ping_status":"closed","template":"","meta":{"footnotes":""},"class_list":["post-814","page","type-page","status-publish","has-post-thumbnail","hentry"],"yoast_head":"<!-- This site is optimized with the Yoast SEO Premium plugin v26.6 (Yoast SEO v26.6) - https:\/\/yoast.com\/wordpress\/plugins\/seo\/ -->\n<title>Naszym wsp\u00f3lnym celem s\u0105 rodziny pszczele odporne na warroz\u0119 - bee-pilot.io<\/title>\n<meta name=\"description\" content=\"Obiektywna ocena rodzin pszczelich: bee-pilot.io analizuje przegl\u0105dy, por\u00f3wnuje rodziny i wspiera podejmowanie decyzji dotycz\u0105cych hodowli i selekcji w oparciu o dane.\" \/>\n<meta name=\"robots\" content=\"index, follow, max-snippet:-1, max-image-preview:large, max-video-preview:-1\" \/>\n<link rel=\"canonical\" href=\"https:\/\/www.bee-pilot.io\/pl\/naszym-wspolnym-celem-sa-rodziny-pszczele-odporne-na-warroze\/\" \/>\n<meta property=\"og:locale\" content=\"pl_PL\" \/>\n<meta property=\"og:type\" content=\"article\" \/>\n<meta property=\"og:title\" content=\"Naszym wsp\u00f3lnym celem s\u0105 rodziny pszczele odporne na warroz\u0119\" \/>\n<meta property=\"og:description\" content=\"Obiektywna ocena rodzin pszczelich: bee-pilot.io analizuje przegl\u0105dy, por\u00f3wnuje rodziny i wspiera podejmowanie decyzji dotycz\u0105cych hodowli i selekcji w oparciu o dane.\" \/>\n<meta property=\"og:url\" content=\"https:\/\/www.bee-pilot.io\/pl\/naszym-wspolnym-celem-sa-rodziny-pszczele-odporne-na-warroze\/\" \/>\n<meta property=\"og:site_name\" content=\"bee-pilot.io\" \/>\n<meta property=\"article:modified_time\" content=\"2025-12-27T19:38:17+00:00\" \/>\n<meta property=\"og:image\" content=\"https:\/\/www.bee-pilot.io\/wp-content\/uploads\/2025\/12\/varroa-resis-banner.png\" \/>\n\t<meta property=\"og:image:width\" content=\"1536\" \/>\n\t<meta property=\"og:image:height\" content=\"1024\" \/>\n\t<meta property=\"og:image:type\" content=\"image\/png\" \/>\n<meta name=\"twitter:card\" content=\"summary_large_image\" \/>\n<meta name=\"twitter:label1\" content=\"Szacowany czas czytania\" \/>\n\t<meta name=\"twitter:data1\" content=\"2 minuty\" \/>\n<script type=\"application\/ld+json\" class=\"yoast-schema-graph\">{\"@context\":\"https:\/\/schema.org\",\"@graph\":[{\"@type\":\"WebPage\",\"@id\":\"https:\/\/www.bee-pilot.io\/pl\/naszym-wspolnym-celem-sa-rodziny-pszczele-odporne-na-warroze\/\",\"url\":\"https:\/\/www.bee-pilot.io\/pl\/naszym-wspolnym-celem-sa-rodziny-pszczele-odporne-na-warroze\/\",\"name\":\"Naszym wsp\u00f3lnym celem s\u0105 rodziny pszczele odporne na warroz\u0119 - bee-pilot.io\",\"isPartOf\":{\"@id\":\"https:\/\/www.bee-pilot.io\/pl\/#website\"},\"primaryImageOfPage\":{\"@id\":\"https:\/\/www.bee-pilot.io\/pl\/naszym-wspolnym-celem-sa-rodziny-pszczele-odporne-na-warroze\/#primaryimage\"},\"image\":{\"@id\":\"https:\/\/www.bee-pilot.io\/pl\/naszym-wspolnym-celem-sa-rodziny-pszczele-odporne-na-warroze\/#primaryimage\"},\"thumbnailUrl\":\"https:\/\/www.bee-pilot.io\/wp-content\/uploads\/2025\/12\/varroa-resis-banner.png\",\"datePublished\":\"2025-10-10T05:59:41+00:00\",\"dateModified\":\"2025-12-27T19:38:17+00:00\",\"description\":\"Obiektywna ocena rodzin pszczelich: bee-pilot.io analizuje przegl\u0105dy, por\u00f3wnuje rodziny i wspiera podejmowanie decyzji dotycz\u0105cych hodowli i selekcji w oparciu o dane.\",\"breadcrumb\":{\"@id\":\"https:\/\/www.bee-pilot.io\/pl\/naszym-wspolnym-celem-sa-rodziny-pszczele-odporne-na-warroze\/#breadcrumb\"},\"inLanguage\":\"pl-PL\",\"potentialAction\":[{\"@type\":\"ReadAction\",\"target\":[\"https:\/\/www.bee-pilot.io\/pl\/naszym-wspolnym-celem-sa-rodziny-pszczele-odporne-na-warroze\/\"]}]},{\"@type\":\"ImageObject\",\"inLanguage\":\"pl-PL\",\"@id\":\"https:\/\/www.bee-pilot.io\/pl\/naszym-wspolnym-celem-sa-rodziny-pszczele-odporne-na-warroze\/#primaryimage\",\"url\":\"https:\/\/www.bee-pilot.io\/wp-content\/uploads\/2025\/12\/varroa-resis-banner.png\",\"contentUrl\":\"https:\/\/www.bee-pilot.io\/wp-content\/uploads\/2025\/12\/varroa-resis-banner.png\",\"width\":1536,\"height\":1024,\"caption\":\"Tablet z ocenami\"},{\"@type\":\"BreadcrumbList\",\"@id\":\"https:\/\/www.bee-pilot.io\/pl\/naszym-wspolnym-celem-sa-rodziny-pszczele-odporne-na-warroze\/#breadcrumb\",\"itemListElement\":[{\"@type\":\"ListItem\",\"position\":1,\"name\":\"Startseite\",\"item\":\"https:\/\/www.bee-pilot.io\/pl\/\"},{\"@type\":\"ListItem\",\"position\":2,\"name\":\"Naszym wsp\u00f3lnym celem s\u0105 rodziny pszczele odporne na warroz\u0119\"}]},{\"@type\":\"WebSite\",\"@id\":\"https:\/\/www.bee-pilot.io\/pl\/#website\",\"url\":\"https:\/\/www.bee-pilot.io\/pl\/\",\"name\":\"bee-pilot.io\",\"description\":\"Bee-Pilot: KI-gest\u00fctzte Software f\u00fcr Imker \u2013 Digitale Stockkarte, Wetter &amp; Checklisten\",\"publisher\":{\"@id\":\"https:\/\/www.bee-pilot.io\/pl\/#organization\"},\"potentialAction\":[{\"@type\":\"SearchAction\",\"target\":{\"@type\":\"EntryPoint\",\"urlTemplate\":\"https:\/\/www.bee-pilot.io\/pl\/?s={search_term_string}\"},\"query-input\":{\"@type\":\"PropertyValueSpecification\",\"valueRequired\":true,\"valueName\":\"search_term_string\"}}],\"inLanguage\":\"pl-PL\"},{\"@type\":\"Organization\",\"@id\":\"https:\/\/www.bee-pilot.io\/pl\/#organization\",\"name\":\"bee-pilot.io UG (haftungsbeschr\u00e4nkt)\",\"url\":\"https:\/\/www.bee-pilot.io\/pl\/\",\"logo\":{\"@type\":\"ImageObject\",\"inLanguage\":\"pl-PL\",\"@id\":\"https:\/\/www.bee-pilot.io\/pl\/#\/schema\/logo\/image\/\",\"url\":\"https:\/\/www.bee-pilot.io\/wp-content\/uploads\/2024\/10\/cropped-bee-pilot-logo.png\",\"contentUrl\":\"https:\/\/www.bee-pilot.io\/wp-content\/uploads\/2024\/10\/cropped-bee-pilot-logo.png\",\"width\":291,\"height\":85,\"caption\":\"bee-pilot.io UG (haftungsbeschr\u00e4nkt)\"},\"image\":{\"@id\":\"https:\/\/www.bee-pilot.io\/pl\/#\/schema\/logo\/image\/\"}}]}<\/script>\n<!-- \/ Yoast SEO Premium plugin. -->","yoast_head_json":{"title":"Naszym wsp\u00f3lnym celem s\u0105 rodziny pszczele odporne na warroz\u0119 - bee-pilot.io","description":"Obiektywna ocena rodzin pszczelich: bee-pilot.io analizuje przegl\u0105dy, por\u00f3wnuje rodziny i wspiera podejmowanie decyzji dotycz\u0105cych hodowli i selekcji w oparciu o dane.","robots":{"index":"index","follow":"follow","max-snippet":"max-snippet:-1","max-image-preview":"max-image-preview:large","max-video-preview":"max-video-preview:-1"},"canonical":"https:\/\/www.bee-pilot.io\/pl\/naszym-wspolnym-celem-sa-rodziny-pszczele-odporne-na-warroze\/","og_locale":"pl_PL","og_type":"article","og_title":"Naszym wsp\u00f3lnym celem s\u0105 rodziny pszczele odporne na warroz\u0119","og_description":"Obiektywna ocena rodzin pszczelich: bee-pilot.io analizuje przegl\u0105dy, por\u00f3wnuje rodziny i wspiera podejmowanie decyzji dotycz\u0105cych hodowli i selekcji w oparciu o dane.","og_url":"https:\/\/www.bee-pilot.io\/pl\/naszym-wspolnym-celem-sa-rodziny-pszczele-odporne-na-warroze\/","og_site_name":"bee-pilot.io","article_modified_time":"2025-12-27T19:38:17+00:00","og_image":[{"width":1536,"height":1024,"url":"https:\/\/www.bee-pilot.io\/wp-content\/uploads\/2025\/12\/varroa-resis-banner.png","type":"image\/png"}],"twitter_card":"summary_large_image","twitter_misc":{"Szacowany czas czytania":"2 minuty"},"schema":{"@context":"https:\/\/schema.org","@graph":[{"@type":"WebPage","@id":"https:\/\/www.bee-pilot.io\/pl\/naszym-wspolnym-celem-sa-rodziny-pszczele-odporne-na-warroze\/","url":"https:\/\/www.bee-pilot.io\/pl\/naszym-wspolnym-celem-sa-rodziny-pszczele-odporne-na-warroze\/","name":"Naszym wsp\u00f3lnym celem s\u0105 rodziny pszczele odporne na warroz\u0119 - bee-pilot.io","isPartOf":{"@id":"https:\/\/www.bee-pilot.io\/pl\/#website"},"primaryImageOfPage":{"@id":"https:\/\/www.bee-pilot.io\/pl\/naszym-wspolnym-celem-sa-rodziny-pszczele-odporne-na-warroze\/#primaryimage"},"image":{"@id":"https:\/\/www.bee-pilot.io\/pl\/naszym-wspolnym-celem-sa-rodziny-pszczele-odporne-na-warroze\/#primaryimage"},"thumbnailUrl":"https:\/\/www.bee-pilot.io\/wp-content\/uploads\/2025\/12\/varroa-resis-banner.png","datePublished":"2025-10-10T05:59:41+00:00","dateModified":"2025-12-27T19:38:17+00:00","description":"Obiektywna ocena rodzin pszczelich: bee-pilot.io analizuje przegl\u0105dy, por\u00f3wnuje rodziny i wspiera podejmowanie decyzji dotycz\u0105cych hodowli i selekcji w oparciu o dane.","breadcrumb":{"@id":"https:\/\/www.bee-pilot.io\/pl\/naszym-wspolnym-celem-sa-rodziny-pszczele-odporne-na-warroze\/#breadcrumb"},"inLanguage":"pl-PL","potentialAction":[{"@type":"ReadAction","target":["https:\/\/www.bee-pilot.io\/pl\/naszym-wspolnym-celem-sa-rodziny-pszczele-odporne-na-warroze\/"]}]},{"@type":"ImageObject","inLanguage":"pl-PL","@id":"https:\/\/www.bee-pilot.io\/pl\/naszym-wspolnym-celem-sa-rodziny-pszczele-odporne-na-warroze\/#primaryimage","url":"https:\/\/www.bee-pilot.io\/wp-content\/uploads\/2025\/12\/varroa-resis-banner.png","contentUrl":"https:\/\/www.bee-pilot.io\/wp-content\/uploads\/2025\/12\/varroa-resis-banner.png","width":1536,"height":1024,"caption":"Tablet z ocenami"},{"@type":"BreadcrumbList","@id":"https:\/\/www.bee-pilot.io\/pl\/naszym-wspolnym-celem-sa-rodziny-pszczele-odporne-na-warroze\/#breadcrumb","itemListElement":[{"@type":"ListItem","position":1,"name":"Startseite","item":"https:\/\/www.bee-pilot.io\/pl\/"},{"@type":"ListItem","position":2,"name":"Naszym wsp\u00f3lnym celem s\u0105 rodziny pszczele odporne na warroz\u0119"}]},{"@type":"WebSite","@id":"https:\/\/www.bee-pilot.io\/pl\/#website","url":"https:\/\/www.bee-pilot.io\/pl\/","name":"bee-pilot.io","description":"Bee-Pilot: KI-gest\u00fctzte Software f\u00fcr Imker \u2013 Digitale Stockkarte, Wetter &amp; Checklisten","publisher":{"@id":"https:\/\/www.bee-pilot.io\/pl\/#organization"},"potentialAction":[{"@type":"SearchAction","target":{"@type":"EntryPoint","urlTemplate":"https:\/\/www.bee-pilot.io\/pl\/?s={search_term_string}"},"query-input":{"@type":"PropertyValueSpecification","valueRequired":true,"valueName":"search_term_string"}}],"inLanguage":"pl-PL"},{"@type":"Organization","@id":"https:\/\/www.bee-pilot.io\/pl\/#organization","name":"bee-pilot.io UG (haftungsbeschr\u00e4nkt)","url":"https:\/\/www.bee-pilot.io\/pl\/","logo":{"@type":"ImageObject","inLanguage":"pl-PL","@id":"https:\/\/www.bee-pilot.io\/pl\/#\/schema\/logo\/image\/","url":"https:\/\/www.bee-pilot.io\/wp-content\/uploads\/2024\/10\/cropped-bee-pilot-logo.png","contentUrl":"https:\/\/www.bee-pilot.io\/wp-content\/uploads\/2024\/10\/cropped-bee-pilot-logo.png","width":291,"height":85,"caption":"bee-pilot.io UG (haftungsbeschr\u00e4nkt)"},"image":{"@id":"https:\/\/www.bee-pilot.io\/pl\/#\/schema\/logo\/image\/"}}]}},"_links":{"self":[{"href":"https:\/\/www.bee-pilot.io\/pl\/wp-json\/wp\/v2\/pages\/814","targetHints":{"allow":["GET"]}}],"collection":[{"href":"https:\/\/www.bee-pilot.io\/pl\/wp-json\/wp\/v2\/pages"}],"about":[{"href":"https:\/\/www.bee-pilot.io\/pl\/wp-json\/wp\/v2\/types\/page"}],"author":[{"embeddable":true,"href":"https:\/\/www.bee-pilot.io\/pl\/wp-json\/wp\/v2\/users\/1"}],"replies":[{"embeddable":true,"href":"https:\/\/www.bee-pilot.io\/pl\/wp-json\/wp\/v2\/comments?post=814"}],"version-history":[{"count":6,"href":"https:\/\/www.bee-pilot.io\/pl\/wp-json\/wp\/v2\/pages\/814\/revisions"}],"predecessor-version":[{"id":1456,"href":"https:\/\/www.bee-pilot.io\/pl\/wp-json\/wp\/v2\/pages\/814\/revisions\/1456"}],"wp:featuredmedia":[{"embeddable":true,"href":"https:\/\/www.bee-pilot.io\/pl\/wp-json\/wp\/v2\/media\/1453"}],"wp:attachment":[{"href":"https:\/\/www.bee-pilot.io\/pl\/wp-json\/wp\/v2\/media?parent=814"}],"curies":[{"name":"wp","href":"https:\/\/api.w.org\/{rel}","templated":true}]}}