{"id":816,"date":"2025-02-11T16:23:28","date_gmt":"2025-02-11T16:23:28","guid":{"rendered":"https:\/\/www.bee-pilot.io\/dostepnosc-zgodnie-z-bfsg\/"},"modified":"2025-12-26T08:50:48","modified_gmt":"2025-12-26T08:50:48","slug":"dostepnosc-zgodnie-z-bfsg","status":"publish","type":"page","link":"https:\/\/www.bee-pilot.io\/pl\/dostepnosc-zgodnie-z-bfsg\/","title":{"rendered":"Dost\u0119pno\u015b\u0107 zgodnie z BFSG"},"content":{"rendered":"\n<h3 class=\"wp-block-heading\"><strong>Deklaracja dost\u0119pno\u015bci zgodnie z ustaw\u0105 o wzmocnieniu dost\u0119pno\u015bci (BFSG)<\/strong><\/h3>\n\n<p><strong>Stan deklaracji:<\/strong> 31.07.2025<\/p>\n\n<p>My, firma bee-pilot.io UG (z ograniczon\u0105 odpowiedzialno\u015bci\u0105), dok\u0142adamy wszelkich stara\u0144, aby nasze cyfrowe oferty by\u0142y jak najbardziej dost\u0119pne zgodnie z wymogami <strong>ustawy o wzmocnieniu dost\u0119pno\u015bci (BFSG)<\/strong> i podstawowej dyrektywy UE (UE) 2019\/882 w sprawie dost\u0119pno\u015bci produkt\u00f3w i us\u0142ug. Naszym celem jest umo\u017cliwienie wszystkim u\u017cytkownikom r\u00f3wnego dost\u0119pu do naszych tre\u015bci i funkcji cyfrowych. <\/p>\n\n<h3 class=\"wp-block-heading\"><strong>Stan dost\u0119pno\u015bci<\/strong><\/h3>\n\n<p>Nasza strona internetowa opiera si\u0119 na wymaganiach <strong>Wytycznych dotycz\u0105cych dost\u0119pno\u015bci tre\u015bci internetowych (WCAG) 2.1, poziom zgodno\u015bci AA<\/strong>, a tak\u017ce na wymaganiach technicznych zgodnie z <strong>EN 301 549<\/strong>. Obecnie wdro\u017cono lub planuje si\u0119 nast\u0119puj\u0105ce \u015brodki dotycz\u0105ce dost\u0119pno\u015bci: <\/p>\n\n<p>\u2705 Ustrukturyzowane i czytelne tre\u015bci<br\/>\u2705 Teksty alternatywne dla obraz\u00f3w i medi\u00f3w<br\/>\u2705 Obs\u0142uga za pomoc\u0105 klawiatury i zarz\u0105dzanie fokusem<br\/>\u2705 Wyra\u017ane kontrasty i dobrze widoczne elementy steruj\u0105ce<br\/>\u2705 Obs\u0142uga czytnik\u00f3w ekranu<\/p>\n\n<p>Nieustannie pracujemy nad identyfikacj\u0105 i usuwaniem istniej\u0105cych barier.<\/p>\n\n<h3 class=\"wp-block-heading\"><strong>Mo\u017cliwo\u015bci przekazywania opinii i kontakt<\/strong><\/h3>\n\n<p>Je\u015bli napotkasz na naszej stronie internetowej bariery lub masz sugestie dotycz\u0105ce poprawy dost\u0119pno\u015bci, skontaktuj si\u0119 z nami:<\/p>\n\n<p>\ud83d\udce7 <strong>E-mail:<\/strong> support@bee-pilot.io<\/p>\n\n<p>Dok\u0142adamy wszelkich stara\u0144, aby odpowiedzie\u0107 na Twoje zapytania w ci\u0105gu 14 dni.<\/p>\n","protected":false},"excerpt":{"rendered":"<p>Deklaracja dost\u0119pno\u015bci zgodnie z ustaw\u0105 o wzmocnieniu dost\u0119pno\u015bci (BFSG) Stan deklaracji: 31.07.2025 My, firma bee-pilot.io UG (z ograniczon\u0105 odpowiedzialno\u015bci\u0105), dok\u0142adamy wszelkich stara\u0144, aby nasze cyfrowe oferty by\u0142y jak najbardziej dost\u0119pne zgodnie z wymogami ustawy o wzmocnieniu dost\u0119pno\u015bci (BFSG) i podstawowej dyrektywy UE (UE) 2019\/882 w sprawie dost\u0119pno\u015bci produkt\u00f3w i us\u0142ug. Naszym celem jest umo\u017cliwienie wszystkim [&hellip;]<\/p>\n","protected":false},"author":1,"featured_media":0,"parent":0,"menu_order":0,"comment_status":"closed","ping_status":"closed","template":"","meta":{"footnotes":""},"class_list":["post-816","page","type-page","status-publish","hentry"],"yoast_head":"<!-- This site is optimized with the Yoast SEO Premium plugin v26.6 (Yoast SEO v26.6) - https:\/\/yoast.com\/wordpress\/plugins\/seo\/ -->\n<title>Dost\u0119pno\u015b\u0107 zgodnie z BFSG - bee-pilot.io<\/title>\n<meta name=\"robots\" content=\"index, follow, max-snippet:-1, max-image-preview:large, max-video-preview:-1\" \/>\n<link rel=\"canonical\" href=\"https:\/\/www.bee-pilot.io\/pl\/dostepnosc-zgodnie-z-bfsg\/\" \/>\n<meta property=\"og:locale\" content=\"pl_PL\" \/>\n<meta property=\"og:type\" content=\"article\" \/>\n<meta property=\"og:title\" content=\"Dost\u0119pno\u015b\u0107 zgodnie z BFSG\" \/>\n<meta property=\"og:description\" content=\"Deklaracja dost\u0119pno\u015bci zgodnie z ustaw\u0105 o wzmocnieniu dost\u0119pno\u015bci (BFSG) Stan deklaracji: 31.07.2025 My, firma bee-pilot.io UG (z ograniczon\u0105 odpowiedzialno\u015bci\u0105), dok\u0142adamy wszelkich stara\u0144, aby nasze cyfrowe oferty by\u0142y jak najbardziej dost\u0119pne zgodnie z wymogami ustawy o wzmocnieniu dost\u0119pno\u015bci (BFSG) i podstawowej dyrektywy UE (UE) 2019\/882 w sprawie dost\u0119pno\u015bci produkt\u00f3w i us\u0142ug. Naszym celem jest umo\u017cliwienie wszystkim [&hellip;]\" \/>\n<meta property=\"og:url\" content=\"https:\/\/www.bee-pilot.io\/pl\/dostepnosc-zgodnie-z-bfsg\/\" \/>\n<meta property=\"og:site_name\" content=\"bee-pilot.io\" \/>\n<meta property=\"article:modified_time\" content=\"2025-12-26T08:50:48+00:00\" \/>\n<meta property=\"og:image\" content=\"https:\/\/www.bee-pilot.io\/wp-content\/uploads\/2025\/02\/applogo-1.png\" \/>\n\t<meta property=\"og:image:width\" content=\"1057\" \/>\n\t<meta property=\"og:image:height\" content=\"746\" \/>\n\t<meta property=\"og:image:type\" content=\"image\/png\" \/>\n<meta name=\"twitter:card\" content=\"summary_large_image\" \/>\n<meta name=\"twitter:label1\" content=\"Szacowany czas czytania\" \/>\n\t<meta name=\"twitter:data1\" content=\"1 minuta\" \/>\n<script type=\"application\/ld+json\" class=\"yoast-schema-graph\">{\"@context\":\"https:\/\/schema.org\",\"@graph\":[{\"@type\":\"WebPage\",\"@id\":\"https:\/\/www.bee-pilot.io\/pl\/dostepnosc-zgodnie-z-bfsg\/\",\"url\":\"https:\/\/www.bee-pilot.io\/pl\/dostepnosc-zgodnie-z-bfsg\/\",\"name\":\"Dost\u0119pno\u015b\u0107 zgodnie z BFSG - bee-pilot.io\",\"isPartOf\":{\"@id\":\"https:\/\/www.bee-pilot.io\/pl\/#website\"},\"datePublished\":\"2025-02-11T16:23:28+00:00\",\"dateModified\":\"2025-12-26T08:50:48+00:00\",\"breadcrumb\":{\"@id\":\"https:\/\/www.bee-pilot.io\/pl\/dostepnosc-zgodnie-z-bfsg\/#breadcrumb\"},\"inLanguage\":\"pl-PL\",\"potentialAction\":[{\"@type\":\"ReadAction\",\"target\":[\"https:\/\/www.bee-pilot.io\/pl\/dostepnosc-zgodnie-z-bfsg\/\"]}]},{\"@type\":\"BreadcrumbList\",\"@id\":\"https:\/\/www.bee-pilot.io\/pl\/dostepnosc-zgodnie-z-bfsg\/#breadcrumb\",\"itemListElement\":[{\"@type\":\"ListItem\",\"position\":1,\"name\":\"Startseite\",\"item\":\"https:\/\/www.bee-pilot.io\/pl\/\"},{\"@type\":\"ListItem\",\"position\":2,\"name\":\"Dost\u0119pno\u015b\u0107 zgodnie z BFSG\"}]},{\"@type\":\"WebSite\",\"@id\":\"https:\/\/www.bee-pilot.io\/pl\/#website\",\"url\":\"https:\/\/www.bee-pilot.io\/pl\/\",\"name\":\"bee-pilot.io\",\"description\":\"Bee-Pilot: KI-gest\u00fctzte Software f\u00fcr Imker \u2013 Digitale Stockkarte, Wetter &amp; Checklisten\",\"publisher\":{\"@id\":\"https:\/\/www.bee-pilot.io\/pl\/#organization\"},\"potentialAction\":[{\"@type\":\"SearchAction\",\"target\":{\"@type\":\"EntryPoint\",\"urlTemplate\":\"https:\/\/www.bee-pilot.io\/pl\/?s={search_term_string}\"},\"query-input\":{\"@type\":\"PropertyValueSpecification\",\"valueRequired\":true,\"valueName\":\"search_term_string\"}}],\"inLanguage\":\"pl-PL\"},{\"@type\":\"Organization\",\"@id\":\"https:\/\/www.bee-pilot.io\/pl\/#organization\",\"name\":\"bee-pilot.io UG (haftungsbeschr\u00e4nkt)\",\"url\":\"https:\/\/www.bee-pilot.io\/pl\/\",\"logo\":{\"@type\":\"ImageObject\",\"inLanguage\":\"pl-PL\",\"@id\":\"https:\/\/www.bee-pilot.io\/pl\/#\/schema\/logo\/image\/\",\"url\":\"https:\/\/www.bee-pilot.io\/wp-content\/uploads\/2024\/10\/cropped-bee-pilot-logo.png\",\"contentUrl\":\"https:\/\/www.bee-pilot.io\/wp-content\/uploads\/2024\/10\/cropped-bee-pilot-logo.png\",\"width\":291,\"height\":85,\"caption\":\"bee-pilot.io UG (haftungsbeschr\u00e4nkt)\"},\"image\":{\"@id\":\"https:\/\/www.bee-pilot.io\/pl\/#\/schema\/logo\/image\/\"}}]}<\/script>\n<!-- \/ Yoast SEO Premium plugin. -->","yoast_head_json":{"title":"Dost\u0119pno\u015b\u0107 zgodnie z BFSG - bee-pilot.io","robots":{"index":"index","follow":"follow","max-snippet":"max-snippet:-1","max-image-preview":"max-image-preview:large","max-video-preview":"max-video-preview:-1"},"canonical":"https:\/\/www.bee-pilot.io\/pl\/dostepnosc-zgodnie-z-bfsg\/","og_locale":"pl_PL","og_type":"article","og_title":"Dost\u0119pno\u015b\u0107 zgodnie z BFSG","og_description":"Deklaracja dost\u0119pno\u015bci zgodnie z ustaw\u0105 o wzmocnieniu dost\u0119pno\u015bci (BFSG) Stan deklaracji: 31.07.2025 My, firma bee-pilot.io UG (z ograniczon\u0105 odpowiedzialno\u015bci\u0105), dok\u0142adamy wszelkich stara\u0144, aby nasze cyfrowe oferty by\u0142y jak najbardziej dost\u0119pne zgodnie z wymogami ustawy o wzmocnieniu dost\u0119pno\u015bci (BFSG) i podstawowej dyrektywy UE (UE) 2019\/882 w sprawie dost\u0119pno\u015bci produkt\u00f3w i us\u0142ug. Naszym celem jest umo\u017cliwienie wszystkim [&hellip;]","og_url":"https:\/\/www.bee-pilot.io\/pl\/dostepnosc-zgodnie-z-bfsg\/","og_site_name":"bee-pilot.io","article_modified_time":"2025-12-26T08:50:48+00:00","og_image":[{"width":1057,"height":746,"url":"https:\/\/www.bee-pilot.io\/wp-content\/uploads\/2025\/02\/applogo-1.png","type":"image\/png"}],"twitter_card":"summary_large_image","twitter_misc":{"Szacowany czas czytania":"1 minuta"},"schema":{"@context":"https:\/\/schema.org","@graph":[{"@type":"WebPage","@id":"https:\/\/www.bee-pilot.io\/pl\/dostepnosc-zgodnie-z-bfsg\/","url":"https:\/\/www.bee-pilot.io\/pl\/dostepnosc-zgodnie-z-bfsg\/","name":"Dost\u0119pno\u015b\u0107 zgodnie z BFSG - bee-pilot.io","isPartOf":{"@id":"https:\/\/www.bee-pilot.io\/pl\/#website"},"datePublished":"2025-02-11T16:23:28+00:00","dateModified":"2025-12-26T08:50:48+00:00","breadcrumb":{"@id":"https:\/\/www.bee-pilot.io\/pl\/dostepnosc-zgodnie-z-bfsg\/#breadcrumb"},"inLanguage":"pl-PL","potentialAction":[{"@type":"ReadAction","target":["https:\/\/www.bee-pilot.io\/pl\/dostepnosc-zgodnie-z-bfsg\/"]}]},{"@type":"BreadcrumbList","@id":"https:\/\/www.bee-pilot.io\/pl\/dostepnosc-zgodnie-z-bfsg\/#breadcrumb","itemListElement":[{"@type":"ListItem","position":1,"name":"Startseite","item":"https:\/\/www.bee-pilot.io\/pl\/"},{"@type":"ListItem","position":2,"name":"Dost\u0119pno\u015b\u0107 zgodnie z BFSG"}]},{"@type":"WebSite","@id":"https:\/\/www.bee-pilot.io\/pl\/#website","url":"https:\/\/www.bee-pilot.io\/pl\/","name":"bee-pilot.io","description":"Bee-Pilot: KI-gest\u00fctzte Software f\u00fcr Imker \u2013 Digitale Stockkarte, Wetter &amp; Checklisten","publisher":{"@id":"https:\/\/www.bee-pilot.io\/pl\/#organization"},"potentialAction":[{"@type":"SearchAction","target":{"@type":"EntryPoint","urlTemplate":"https:\/\/www.bee-pilot.io\/pl\/?s={search_term_string}"},"query-input":{"@type":"PropertyValueSpecification","valueRequired":true,"valueName":"search_term_string"}}],"inLanguage":"pl-PL"},{"@type":"Organization","@id":"https:\/\/www.bee-pilot.io\/pl\/#organization","name":"bee-pilot.io UG (haftungsbeschr\u00e4nkt)","url":"https:\/\/www.bee-pilot.io\/pl\/","logo":{"@type":"ImageObject","inLanguage":"pl-PL","@id":"https:\/\/www.bee-pilot.io\/pl\/#\/schema\/logo\/image\/","url":"https:\/\/www.bee-pilot.io\/wp-content\/uploads\/2024\/10\/cropped-bee-pilot-logo.png","contentUrl":"https:\/\/www.bee-pilot.io\/wp-content\/uploads\/2024\/10\/cropped-bee-pilot-logo.png","width":291,"height":85,"caption":"bee-pilot.io UG (haftungsbeschr\u00e4nkt)"},"image":{"@id":"https:\/\/www.bee-pilot.io\/pl\/#\/schema\/logo\/image\/"}}]}},"_links":{"self":[{"href":"https:\/\/www.bee-pilot.io\/pl\/wp-json\/wp\/v2\/pages\/816","targetHints":{"allow":["GET"]}}],"collection":[{"href":"https:\/\/www.bee-pilot.io\/pl\/wp-json\/wp\/v2\/pages"}],"about":[{"href":"https:\/\/www.bee-pilot.io\/pl\/wp-json\/wp\/v2\/types\/page"}],"author":[{"embeddable":true,"href":"https:\/\/www.bee-pilot.io\/pl\/wp-json\/wp\/v2\/users\/1"}],"replies":[{"embeddable":true,"href":"https:\/\/www.bee-pilot.io\/pl\/wp-json\/wp\/v2\/comments?post=816"}],"version-history":[{"count":1,"href":"https:\/\/www.bee-pilot.io\/pl\/wp-json\/wp\/v2\/pages\/816\/revisions"}],"predecessor-version":[{"id":820,"href":"https:\/\/www.bee-pilot.io\/pl\/wp-json\/wp\/v2\/pages\/816\/revisions\/820"}],"wp:attachment":[{"href":"https:\/\/www.bee-pilot.io\/pl\/wp-json\/wp\/v2\/media?parent=816"}],"curies":[{"name":"wp","href":"https:\/\/api.w.org\/{rel}","templated":true}]}}