{"id":845,"date":"2025-02-13T05:29:45","date_gmt":"2025-02-13T05:29:45","guid":{"rendered":"https:\/\/www.bee-pilot.io\/wizja\/"},"modified":"2025-12-26T21:48:48","modified_gmt":"2025-12-26T21:48:48","slug":"wizja","status":"publish","type":"page","link":"https:\/\/www.bee-pilot.io\/pl\/wizja\/","title":{"rendered":"Wizja"},"content":{"rendered":"\n<div class=\"wp-block-media-text is-stacked-on-mobile\"><figure class=\"wp-block-media-text__media\"><img loading=\"lazy\" decoding=\"async\" width=\"768\" height=\"1024\" src=\"https:\/\/www.bee-pilot.io\/wp-content\/uploads\/2025\/02\/041bf8c9-79a0-4a7b-9319-03f374089f89-1-768x1024.jpg\" alt=\"\" class=\"wp-image-392 size-full\" srcset=\"https:\/\/www.bee-pilot.io\/wp-content\/uploads\/2025\/02\/041bf8c9-79a0-4a7b-9319-03f374089f89-1-768x1024.jpg 768w, https:\/\/www.bee-pilot.io\/wp-content\/uploads\/2025\/02\/041bf8c9-79a0-4a7b-9319-03f374089f89-1-225x300.jpg 225w, https:\/\/www.bee-pilot.io\/wp-content\/uploads\/2025\/02\/041bf8c9-79a0-4a7b-9319-03f374089f89-1-1152x1536.jpg 1152w, https:\/\/www.bee-pilot.io\/wp-content\/uploads\/2025\/02\/041bf8c9-79a0-4a7b-9319-03f374089f89-1.jpg 1368w\" sizes=\"auto, (max-width: 768px) 100vw, 768px\" \/><\/figure><div class=\"wp-block-media-text__content\">\n<h2 class=\"wp-block-heading\"><strong>Nasza wizja \u2013 przysz\u0142o\u015b\u0107 cyfrowego pszczelarstwa z bee-pilot<\/strong><\/h2>\n\n\n\n<h6 class=\"wp-block-heading\">Pszczelarstwo jest jedn\u0105 z najstarszych i najcenniejszych tradycji ludzko\u015bci. Jednak w coraz bardziej z\u0142o\u017conym \u015bwiecie potrzebne s\u0105 innowacyjne rozwi\u0105zania, aby zarz\u0105dza\u0107 rodzinami pszczelimi w spos\u00f3b zr\u00f3wnowa\u017cony i efektywny. Nasz\u0105 wizj\u0105 z <strong>bee-pilot.io<\/strong> jest zapewnienie pszczelarkom i pszczelarzom inteligentnej, cyfrowej platformy, kt\u00f3ra u\u0142atwia codzienne \u017cycie, a jednocze\u015bnie wyostrza spojrzenie na to, co najwa\u017cniejsze: zdrowe, silne rodziny pszczele.  <\/h6>\n\n\n\n<div class=\"wp-block-buttons is-content-justification-center is-layout-flex wp-container-core-buttons-is-layout-16018d1d wp-block-buttons-is-layout-flex\">\n<div class=\"wp-block-button\"><a class=\"wp-block-button__link has-luminous-vivid-amber-background-color has-background wp-element-button\" href=\"https:\/\/app.bee-pilot.io\/registration\">Wypr\u00f3buj teraz!<\/a><\/div>\n<\/div>\n<\/div><\/div>\n\n<p>Zdj\u0119cie: Martin przy pracy w pasiece<\/p>\n\n<h3 class=\"wp-block-heading\"><strong>Nasz cel: <\/strong><\/h3>\n\n<p>Nasza aplikacja ma jasny cel: uczyni\u0107 dokumentacj\u0119 w pszczelarstwie tak prost\u0105 i szybk\u0105, jak to tylko mo\u017cliwe \u2013 bez rezygnacji z wa\u017cnych tre\u015bci.<\/p>\n\n<p>Wielu pszczelarzy zna ten problem: stoisz przy ulu, chcesz tylko szybko zapisa\u0107 kilka informacji \u2013 i gubisz si\u0119 w skomplikowanych maskach wprowadzania danych. W\u0142a\u015bnie to chcemy zmieni\u0107. Nasze rozwi\u0105zanie: intuicyjny interfejs u\u017cytkownika, kt\u00f3ry dostosowuje si\u0119 do proces\u00f3w w praktyce.  <\/p>\n\n<p>Dzi\u0119ki funkcjom takim jak <strong>przycisk \u201eWszystko OK\u201d<\/strong> mo\u017cna b\u0142yskawicznie rejestrowa\u0107 rutynowe kontrole. Wszystkie warto\u015bci s\u0105 ustawiane na standardowe lub \u015brednie \u2013 i tylko to, co si\u0119 wyr\u00f3\u017cnia, jest dodatkowo zaznaczane. W ten spos\u00f3b mo\u017cesz skupi\u0107 si\u0119 na tym, co najwa\u017cniejsze, bez tracenia czasu na niepotrzebne pisanie.  <\/p>\n\n<p>A to dopiero pocz\u0105tek: wbudowali\u015bmy wiele innych inteligentnych funkcji, kt\u00f3re u\u0142atwiaj\u0105 codzienn\u0105 prac\u0119 przy rodzinie pszczelej \u2013 od inteligentnych sugestii po wprowadzanie g\u0142osowe. Wszystko po to, aby cyfrowa karta ula by\u0142a jak najbardziej praktyczna. <\/p>\n\n<p>Kr\u00f3tko m\u00f3wi\u0105c: chcemy, aby\u015b sp\u0119dza\u0142 mniej czasu na dokumentacji \u2013 a wi\u0119cej czasu ze swoimi pszczo\u0142ami.<\/p>\n\n<div class=\"wp-block-columns is-layout-flex wp-container-core-columns-is-layout-9d6595d7 wp-block-columns-is-layout-flex\">\n<div class=\"wp-block-column is-layout-flow wp-block-column-is-layout-flow\">\n<h3 class=\"wp-block-heading\"><strong>Wsp\u00f3lnie kszta\u0142tujemy przysz\u0142o\u015b\u0107<\/strong><\/h3>\n\n\n\n<p>bee-pilot.io to nie tylko aplikacja \u2013 to wsp\u00f3lny projekt pszczelarzy dla pszczelarzy. Wierzymy, \u017ce najlepsze rozwi\u0105zania powstaj\u0105 w praktyce. Dlatego <strong>opinie, pomys\u0142y i \u017cyczenia naszych u\u017cytkownik\u00f3w s\u0105 dla nas szczeg\u00f3lnie wa\u017cne<\/strong>.  <\/p>\n<\/div>\n\n\n\n<div class=\"wp-block-column is-layout-flow wp-block-column-is-layout-flow\">\n<figure class=\"wp-block-embed is-type-video is-provider-youtube wp-block-embed-youtube wp-embed-aspect-16-9 wp-has-aspect-ratio\"><div class=\"wp-block-embed__wrapper\">\n<iframe loading=\"lazy\" title=\"Die Idee von bee-pilot.io\" width=\"800\" height=\"450\" src=\"https:\/\/www.youtube.com\/embed\/s_EkgytxZiY?feature=oembed\" frameborder=\"0\" allow=\"accelerometer; autoplay; clipboard-write; encrypted-media; gyroscope; picture-in-picture; web-share\" referrerpolicy=\"strict-origin-when-cross-origin\" allowfullscreen><\/iframe>\n<\/div><\/figure>\n<\/div>\n<\/div>\n\n<p>Nasza podr\u00f3\u017c dopiero si\u0119 rozpocz\u0119\u0142a: mamy jeszcze wiele wizji i funkcji w planach \u2013 od rozszerzonych analiz, przez nowe mo\u017cliwo\u015bci wprowadzania danych, po inteligentne wsparcie przy podejmowaniu wa\u017cnych decyzji w roku pszczelarskim.<\/p>\n\n<p>Z waszym wsparciem chcemy stale rozwija\u0107 bee-pilot i dostosowywa\u0107 go do rzeczywistych potrzeb \u015bwiata pszczelarzy. <strong>Masz pomys\u0142? Co\u015b jeszcze nie dzia\u0142a tak, jak powinno? A mo\u017ce brakuje Ci jakiej\u015b funkcji?  <\/strong> W takim razie skontaktuj si\u0119 z nami!<\/p>\n\n<p>Bo tylko razem mo\u017cemy naprawd\u0119 sensownie kszta\u0142towa\u0107 cyfrowe pszczelarstwo \u2013 praktycznie, w spos\u00f3b zr\u00f3wnowa\u017cony i zorientowany na przysz\u0142o\u015b\u0107.<\/p>\n\n<p><\/p>\n\n<p><\/p>\n","protected":false},"excerpt":{"rendered":"<p>Zdj\u0119cie: Martin przy pracy w pasiece Nasz cel: Nasza aplikacja ma jasny cel: uczyni\u0107 dokumentacj\u0119 w pszczelarstwie tak prost\u0105 i szybk\u0105, jak to tylko mo\u017cliwe \u2013 bez rezygnacji z wa\u017cnych tre\u015bci. Wielu pszczelarzy zna ten problem: stoisz przy ulu, chcesz tylko szybko zapisa\u0107 kilka informacji \u2013 i gubisz si\u0119 w skomplikowanych maskach wprowadzania danych. W\u0142a\u015bnie [&hellip;]<\/p>\n","protected":false},"author":1,"featured_media":0,"parent":0,"menu_order":0,"comment_status":"closed","ping_status":"closed","template":"","meta":{"footnotes":""},"class_list":["post-845","page","type-page","status-publish","hentry"],"yoast_head":"<!-- This site is optimized with the Yoast SEO Premium plugin v26.6 (Yoast SEO v26.6) - https:\/\/yoast.com\/wordpress\/plugins\/seo\/ -->\n<title>Wizja - bee-pilot.io<\/title>\n<meta name=\"description\" content=\"Poznaj wizj\u0119 bee-pilot.io: cyfrowe rozwi\u0105zanie chmurowe, kt\u00f3re \u0142\u0105czy tradycyjne pszczelarstwo w inteligentny, wydajny i przysz\u0142o\u015bciowy spos\u00f3b \u2013 opracowane przez pszczelarzy dla pszczelarzy.\" \/>\n<meta name=\"robots\" content=\"index, follow, max-snippet:-1, max-image-preview:large, max-video-preview:-1\" \/>\n<link rel=\"canonical\" href=\"https:\/\/www.bee-pilot.io\/pl\/wizja\/\" \/>\n<meta property=\"og:locale\" content=\"pl_PL\" \/>\n<meta property=\"og:type\" content=\"article\" \/>\n<meta property=\"og:title\" content=\"Wizja\" \/>\n<meta property=\"og:description\" content=\"Poznaj wizj\u0119 bee-pilot.io: cyfrowe rozwi\u0105zanie chmurowe, kt\u00f3re \u0142\u0105czy tradycyjne pszczelarstwo w inteligentny, wydajny i przysz\u0142o\u015bciowy spos\u00f3b \u2013 opracowane przez pszczelarzy dla pszczelarzy.\" \/>\n<meta property=\"og:url\" content=\"https:\/\/www.bee-pilot.io\/pl\/wizja\/\" \/>\n<meta property=\"og:site_name\" content=\"bee-pilot.io\" \/>\n<meta property=\"article:modified_time\" content=\"2025-12-26T21:48:48+00:00\" \/>\n<meta property=\"og:image\" content=\"https:\/\/www.bee-pilot.io\/wp-content\/uploads\/2025\/02\/041bf8c9-79a0-4a7b-9319-03f374089f89-1.jpg\" \/>\n\t<meta property=\"og:image:width\" content=\"1368\" \/>\n\t<meta property=\"og:image:height\" content=\"1824\" \/>\n\t<meta property=\"og:image:type\" content=\"image\/jpeg\" \/>\n<meta name=\"twitter:card\" content=\"summary_large_image\" \/>\n<meta name=\"twitter:label1\" content=\"Szacowany czas czytania\" \/>\n\t<meta name=\"twitter:data1\" content=\"3 minuty\" \/>\n<script type=\"application\/ld+json\" class=\"yoast-schema-graph\">{\"@context\":\"https:\/\/schema.org\",\"@graph\":[{\"@type\":\"WebPage\",\"@id\":\"https:\/\/www.bee-pilot.io\/pl\/wizja\/\",\"url\":\"https:\/\/www.bee-pilot.io\/pl\/wizja\/\",\"name\":\"Wizja - bee-pilot.io\",\"isPartOf\":{\"@id\":\"https:\/\/www.bee-pilot.io\/pl\/#website\"},\"primaryImageOfPage\":{\"@id\":\"https:\/\/www.bee-pilot.io\/pl\/wizja\/#primaryimage\"},\"image\":{\"@id\":\"https:\/\/www.bee-pilot.io\/pl\/wizja\/#primaryimage\"},\"thumbnailUrl\":\"https:\/\/www.bee-pilot.io\/wp-content\/uploads\/2025\/02\/041bf8c9-79a0-4a7b-9319-03f374089f89-1-768x1024.jpg\",\"datePublished\":\"2025-02-13T05:29:45+00:00\",\"dateModified\":\"2025-12-26T21:48:48+00:00\",\"description\":\"Poznaj wizj\u0119 bee-pilot.io: cyfrowe rozwi\u0105zanie chmurowe, kt\u00f3re \u0142\u0105czy tradycyjne pszczelarstwo w inteligentny, wydajny i przysz\u0142o\u015bciowy spos\u00f3b \u2013 opracowane przez pszczelarzy dla pszczelarzy.\",\"breadcrumb\":{\"@id\":\"https:\/\/www.bee-pilot.io\/pl\/wizja\/#breadcrumb\"},\"inLanguage\":\"pl-PL\",\"potentialAction\":[{\"@type\":\"ReadAction\",\"target\":[\"https:\/\/www.bee-pilot.io\/pl\/wizja\/\"]}]},{\"@type\":\"ImageObject\",\"inLanguage\":\"pl-PL\",\"@id\":\"https:\/\/www.bee-pilot.io\/pl\/wizja\/#primaryimage\",\"url\":\"https:\/\/www.bee-pilot.io\/wp-content\/uploads\/2025\/02\/041bf8c9-79a0-4a7b-9319-03f374089f89-1-768x1024.jpg\",\"contentUrl\":\"https:\/\/www.bee-pilot.io\/wp-content\/uploads\/2025\/02\/041bf8c9-79a0-4a7b-9319-03f374089f89-1-768x1024.jpg\"},{\"@type\":\"BreadcrumbList\",\"@id\":\"https:\/\/www.bee-pilot.io\/pl\/wizja\/#breadcrumb\",\"itemListElement\":[{\"@type\":\"ListItem\",\"position\":1,\"name\":\"Startseite\",\"item\":\"https:\/\/www.bee-pilot.io\/pl\/\"},{\"@type\":\"ListItem\",\"position\":2,\"name\":\"Wizja\"}]},{\"@type\":\"WebSite\",\"@id\":\"https:\/\/www.bee-pilot.io\/pl\/#website\",\"url\":\"https:\/\/www.bee-pilot.io\/pl\/\",\"name\":\"bee-pilot.io\",\"description\":\"Bee-Pilot: KI-gest\u00fctzte Software f\u00fcr Imker \u2013 Digitale Stockkarte, Wetter &amp; Checklisten\",\"publisher\":{\"@id\":\"https:\/\/www.bee-pilot.io\/pl\/#organization\"},\"potentialAction\":[{\"@type\":\"SearchAction\",\"target\":{\"@type\":\"EntryPoint\",\"urlTemplate\":\"https:\/\/www.bee-pilot.io\/pl\/?s={search_term_string}\"},\"query-input\":{\"@type\":\"PropertyValueSpecification\",\"valueRequired\":true,\"valueName\":\"search_term_string\"}}],\"inLanguage\":\"pl-PL\"},{\"@type\":\"Organization\",\"@id\":\"https:\/\/www.bee-pilot.io\/pl\/#organization\",\"name\":\"bee-pilot.io UG (haftungsbeschr\u00e4nkt)\",\"url\":\"https:\/\/www.bee-pilot.io\/pl\/\",\"logo\":{\"@type\":\"ImageObject\",\"inLanguage\":\"pl-PL\",\"@id\":\"https:\/\/www.bee-pilot.io\/pl\/#\/schema\/logo\/image\/\",\"url\":\"https:\/\/www.bee-pilot.io\/wp-content\/uploads\/2024\/10\/cropped-bee-pilot-logo.png\",\"contentUrl\":\"https:\/\/www.bee-pilot.io\/wp-content\/uploads\/2024\/10\/cropped-bee-pilot-logo.png\",\"width\":291,\"height\":85,\"caption\":\"bee-pilot.io UG (haftungsbeschr\u00e4nkt)\"},\"image\":{\"@id\":\"https:\/\/www.bee-pilot.io\/pl\/#\/schema\/logo\/image\/\"}}]}<\/script>\n<!-- \/ Yoast SEO Premium plugin. -->","yoast_head_json":{"title":"Wizja - bee-pilot.io","description":"Poznaj wizj\u0119 bee-pilot.io: cyfrowe rozwi\u0105zanie chmurowe, kt\u00f3re \u0142\u0105czy tradycyjne pszczelarstwo w inteligentny, wydajny i przysz\u0142o\u015bciowy spos\u00f3b \u2013 opracowane przez pszczelarzy dla pszczelarzy.","robots":{"index":"index","follow":"follow","max-snippet":"max-snippet:-1","max-image-preview":"max-image-preview:large","max-video-preview":"max-video-preview:-1"},"canonical":"https:\/\/www.bee-pilot.io\/pl\/wizja\/","og_locale":"pl_PL","og_type":"article","og_title":"Wizja","og_description":"Poznaj wizj\u0119 bee-pilot.io: cyfrowe rozwi\u0105zanie chmurowe, kt\u00f3re \u0142\u0105czy tradycyjne pszczelarstwo w inteligentny, wydajny i przysz\u0142o\u015bciowy spos\u00f3b \u2013 opracowane przez pszczelarzy dla pszczelarzy.","og_url":"https:\/\/www.bee-pilot.io\/pl\/wizja\/","og_site_name":"bee-pilot.io","article_modified_time":"2025-12-26T21:48:48+00:00","og_image":[{"width":1368,"height":1824,"url":"https:\/\/www.bee-pilot.io\/wp-content\/uploads\/2025\/02\/041bf8c9-79a0-4a7b-9319-03f374089f89-1.jpg","type":"image\/jpeg"}],"twitter_card":"summary_large_image","twitter_misc":{"Szacowany czas czytania":"3 minuty"},"schema":{"@context":"https:\/\/schema.org","@graph":[{"@type":"WebPage","@id":"https:\/\/www.bee-pilot.io\/pl\/wizja\/","url":"https:\/\/www.bee-pilot.io\/pl\/wizja\/","name":"Wizja - bee-pilot.io","isPartOf":{"@id":"https:\/\/www.bee-pilot.io\/pl\/#website"},"primaryImageOfPage":{"@id":"https:\/\/www.bee-pilot.io\/pl\/wizja\/#primaryimage"},"image":{"@id":"https:\/\/www.bee-pilot.io\/pl\/wizja\/#primaryimage"},"thumbnailUrl":"https:\/\/www.bee-pilot.io\/wp-content\/uploads\/2025\/02\/041bf8c9-79a0-4a7b-9319-03f374089f89-1-768x1024.jpg","datePublished":"2025-02-13T05:29:45+00:00","dateModified":"2025-12-26T21:48:48+00:00","description":"Poznaj wizj\u0119 bee-pilot.io: cyfrowe rozwi\u0105zanie chmurowe, kt\u00f3re \u0142\u0105czy tradycyjne pszczelarstwo w inteligentny, wydajny i przysz\u0142o\u015bciowy spos\u00f3b \u2013 opracowane przez pszczelarzy dla pszczelarzy.","breadcrumb":{"@id":"https:\/\/www.bee-pilot.io\/pl\/wizja\/#breadcrumb"},"inLanguage":"pl-PL","potentialAction":[{"@type":"ReadAction","target":["https:\/\/www.bee-pilot.io\/pl\/wizja\/"]}]},{"@type":"ImageObject","inLanguage":"pl-PL","@id":"https:\/\/www.bee-pilot.io\/pl\/wizja\/#primaryimage","url":"https:\/\/www.bee-pilot.io\/wp-content\/uploads\/2025\/02\/041bf8c9-79a0-4a7b-9319-03f374089f89-1-768x1024.jpg","contentUrl":"https:\/\/www.bee-pilot.io\/wp-content\/uploads\/2025\/02\/041bf8c9-79a0-4a7b-9319-03f374089f89-1-768x1024.jpg"},{"@type":"BreadcrumbList","@id":"https:\/\/www.bee-pilot.io\/pl\/wizja\/#breadcrumb","itemListElement":[{"@type":"ListItem","position":1,"name":"Startseite","item":"https:\/\/www.bee-pilot.io\/pl\/"},{"@type":"ListItem","position":2,"name":"Wizja"}]},{"@type":"WebSite","@id":"https:\/\/www.bee-pilot.io\/pl\/#website","url":"https:\/\/www.bee-pilot.io\/pl\/","name":"bee-pilot.io","description":"Bee-Pilot: KI-gest\u00fctzte Software f\u00fcr Imker \u2013 Digitale Stockkarte, Wetter &amp; Checklisten","publisher":{"@id":"https:\/\/www.bee-pilot.io\/pl\/#organization"},"potentialAction":[{"@type":"SearchAction","target":{"@type":"EntryPoint","urlTemplate":"https:\/\/www.bee-pilot.io\/pl\/?s={search_term_string}"},"query-input":{"@type":"PropertyValueSpecification","valueRequired":true,"valueName":"search_term_string"}}],"inLanguage":"pl-PL"},{"@type":"Organization","@id":"https:\/\/www.bee-pilot.io\/pl\/#organization","name":"bee-pilot.io UG (haftungsbeschr\u00e4nkt)","url":"https:\/\/www.bee-pilot.io\/pl\/","logo":{"@type":"ImageObject","inLanguage":"pl-PL","@id":"https:\/\/www.bee-pilot.io\/pl\/#\/schema\/logo\/image\/","url":"https:\/\/www.bee-pilot.io\/wp-content\/uploads\/2024\/10\/cropped-bee-pilot-logo.png","contentUrl":"https:\/\/www.bee-pilot.io\/wp-content\/uploads\/2024\/10\/cropped-bee-pilot-logo.png","width":291,"height":85,"caption":"bee-pilot.io UG (haftungsbeschr\u00e4nkt)"},"image":{"@id":"https:\/\/www.bee-pilot.io\/pl\/#\/schema\/logo\/image\/"}}]}},"_links":{"self":[{"href":"https:\/\/www.bee-pilot.io\/pl\/wp-json\/wp\/v2\/pages\/845","targetHints":{"allow":["GET"]}}],"collection":[{"href":"https:\/\/www.bee-pilot.io\/pl\/wp-json\/wp\/v2\/pages"}],"about":[{"href":"https:\/\/www.bee-pilot.io\/pl\/wp-json\/wp\/v2\/types\/page"}],"author":[{"embeddable":true,"href":"https:\/\/www.bee-pilot.io\/pl\/wp-json\/wp\/v2\/users\/1"}],"replies":[{"embeddable":true,"href":"https:\/\/www.bee-pilot.io\/pl\/wp-json\/wp\/v2\/comments?post=845"}],"version-history":[{"count":1,"href":"https:\/\/www.bee-pilot.io\/pl\/wp-json\/wp\/v2\/pages\/845\/revisions"}],"predecessor-version":[{"id":851,"href":"https:\/\/www.bee-pilot.io\/pl\/wp-json\/wp\/v2\/pages\/845\/revisions\/851"}],"wp:attachment":[{"href":"https:\/\/www.bee-pilot.io\/pl\/wp-json\/wp\/v2\/media?parent=845"}],"curies":[{"name":"wp","href":"https:\/\/api.w.org\/{rel}","templated":true}]}}