{"id":888,"date":"2025-07-22T12:51:34","date_gmt":"2025-07-22T12:51:34","guid":{"rendered":"https:\/\/www.bee-pilot.io\/wsparcie\/"},"modified":"2025-12-26T08:52:06","modified_gmt":"2025-12-26T08:52:06","slug":"wsparcie","status":"publish","type":"page","link":"https:\/\/www.bee-pilot.io\/pl\/wsparcie\/","title":{"rendered":"Wsparcie"},"content":{"rendered":"\n<h2 class=\"wp-block-heading\">\ud83d\udc1d <strong>bee-pilot.io \u2013 Wsparcie i kontakt<\/strong><\/h2>\n\n<p>Je\u015bli masz pytania, problemy lub uwagi dotycz\u0105ce aplikacji Bee Pilot, mo\u017cesz si\u0119 z nami skontaktowa\u0107 w dowolnym momencie przez e-mail.<\/p>\n\n<p>\ud83d\udce7 <strong>E-mail wsparcia:<\/strong> <a href=\"mailto:support@bee-pilot.io\">support@bee-pilot.io<\/a><\/p>\n\n<p>Zazwyczaj odpowiadamy w ci\u0105gu 1\u20132 dni roboczych.<\/p>\n\n<hr class=\"wp-block-separator has-alpha-channel-opacity\"\/>\n\n<h3 class=\"wp-block-heading\">Informacje prawne:<\/h3>\n\n<p>Ta strona s\u0142u\u017cy wy\u0142\u0105cznie do obs\u0142ugi naszych aplikacji na iOS i Androida. Wi\u0119cej informacji mo\u017cna znale\u017a\u0107 w naszej <a href=\"https:\/\/www.bee-pilot.io\/datenschutzerklaerung\/\">Polityce prywatno\u015bci<\/a> oraz w <a href=\"https:\/\/www.bee-pilot.io\/impressum\/\">Impressum<\/a>. <\/p>\n\n<hr class=\"wp-block-separator has-alpha-channel-opacity\"\/>\n\n<h2 class=\"wp-block-heading\">\ud83d\udd27 Wskaz\u00f3wki dotycz\u0105ce szybkiego rozwi\u0105zania<\/h2>\n\n<ul class=\"wp-block-list\">\n<li>Upewnij si\u0119, \u017ce u\u017cywasz aktualnej wersji aplikacji<\/li>\n\n\n\n<li>W przypadku b\u0142\u0119d\u00f3w podaj: typ urz\u0105dzenia, wersj\u0119 iOS\/Androida i kr\u00f3tki opis<\/li>\n<\/ul>\n\n<hr class=\"wp-block-separator has-alpha-channel-opacity\"\/>\n\n<h2 class=\"wp-block-heading\">\ud83d\udccc Inne mo\u017cliwo\u015bci kontaktu<\/h2>\n\n<p>Opr\u00f3cz wsparcia technicznego jeste\u015bmy do dyspozycji r\u00f3wnie\u017c w sprawach og\u00f3lnych.<br\/>Skorzystaj z adresu e-mail <a href=\"mailto:support@bee-pilot.io\">support@bee-pilot.io<\/a>, je\u015bli:<\/p>\n\n<ul class=\"wp-block-list\">\n<li>Masz <strong>pytania dotycz\u0105ce korzystania z funkcji aplikacji<\/strong> (np. lokalizacje, rodziny pszczele, listy kontrolne)<\/li>\n\n\n\n<li>Chcesz wnie\u015b\u0107 <strong>sugestie lub \u017cyczenia dotycz\u0105ce dalszego rozwoju<\/strong> aplikacji<\/li>\n\n\n\n<li>Masz <strong>zapytania dotycz\u0105ce wsp\u00f3\u0142pracy<\/strong> (np. szkolenia, stowarzyszenia pszczelarzy, media lub handel specjalistyczny)<\/li>\n\n\n\n<li>Chcesz z\u0142o\u017cy\u0107 <strong>zapytania prasowe lub medialne<\/strong><\/li>\n\n\n\n<li>Jeste\u015b zainteresowany <strong>wsp\u00f3\u0142prac\u0105 jako beta-tester<\/strong><\/li>\n\n\n\n<li>Potrzebujesz informacji na temat <strong>naszych p\u0142atnych subskrypcji<\/strong> i faktur<\/li>\n<\/ul>\n\n<p><\/p>\n","protected":false},"excerpt":{"rendered":"<p>\ud83d\udc1d bee-pilot.io \u2013 Wsparcie i kontakt Je\u015bli masz pytania, problemy lub uwagi dotycz\u0105ce aplikacji Bee Pilot, mo\u017cesz si\u0119 z nami skontaktowa\u0107 w dowolnym momencie przez e-mail. \ud83d\udce7 E-mail wsparcia: support@bee-pilot.io Zazwyczaj odpowiadamy w ci\u0105gu 1\u20132 dni roboczych. Informacje prawne: Ta strona s\u0142u\u017cy wy\u0142\u0105cznie do obs\u0142ugi naszych aplikacji na iOS i Androida. Wi\u0119cej informacji mo\u017cna znale\u017a\u0107 [&hellip;]<\/p>\n","protected":false},"author":1,"featured_media":0,"parent":0,"menu_order":0,"comment_status":"closed","ping_status":"closed","template":"","meta":{"footnotes":""},"class_list":["post-888","page","type-page","status-publish","hentry"],"yoast_head":"<!-- This site is optimized with the Yoast SEO Premium plugin v26.6 (Yoast SEO v26.6) - https:\/\/yoast.com\/wordpress\/plugins\/seo\/ -->\n<title>Wsparcie - bee-pilot.io<\/title>\n<meta name=\"robots\" content=\"index, follow, max-snippet:-1, max-image-preview:large, max-video-preview:-1\" \/>\n<link rel=\"canonical\" href=\"https:\/\/www.bee-pilot.io\/pl\/wsparcie\/\" \/>\n<meta property=\"og:locale\" content=\"pl_PL\" \/>\n<meta property=\"og:type\" content=\"article\" \/>\n<meta property=\"og:title\" content=\"Wsparcie\" \/>\n<meta property=\"og:description\" content=\"\ud83d\udc1d bee-pilot.io \u2013 Wsparcie i kontakt Je\u015bli masz pytania, problemy lub uwagi dotycz\u0105ce aplikacji Bee Pilot, mo\u017cesz si\u0119 z nami skontaktowa\u0107 w dowolnym momencie przez e-mail. \ud83d\udce7 E-mail wsparcia: support@bee-pilot.io Zazwyczaj odpowiadamy w ci\u0105gu 1\u20132 dni roboczych. Informacje prawne: Ta strona s\u0142u\u017cy wy\u0142\u0105cznie do obs\u0142ugi naszych aplikacji na iOS i Androida. Wi\u0119cej informacji mo\u017cna znale\u017a\u0107 [&hellip;]\" \/>\n<meta property=\"og:url\" content=\"https:\/\/www.bee-pilot.io\/pl\/wsparcie\/\" \/>\n<meta property=\"og:site_name\" content=\"bee-pilot.io\" \/>\n<meta property=\"article:modified_time\" content=\"2025-12-26T08:52:06+00:00\" \/>\n<meta property=\"og:image\" content=\"https:\/\/www.bee-pilot.io\/wp-content\/uploads\/2025\/02\/applogo-1.png\" \/>\n\t<meta property=\"og:image:width\" content=\"1057\" \/>\n\t<meta property=\"og:image:height\" content=\"746\" \/>\n\t<meta property=\"og:image:type\" content=\"image\/png\" \/>\n<meta name=\"twitter:card\" content=\"summary_large_image\" \/>\n<meta name=\"twitter:label1\" content=\"Szacowany czas czytania\" \/>\n\t<meta name=\"twitter:data1\" content=\"1 minuta\" \/>\n<script type=\"application\/ld+json\" class=\"yoast-schema-graph\">{\"@context\":\"https:\/\/schema.org\",\"@graph\":[{\"@type\":\"WebPage\",\"@id\":\"https:\/\/www.bee-pilot.io\/pl\/wsparcie\/\",\"url\":\"https:\/\/www.bee-pilot.io\/pl\/wsparcie\/\",\"name\":\"Wsparcie - bee-pilot.io\",\"isPartOf\":{\"@id\":\"https:\/\/www.bee-pilot.io\/pl\/#website\"},\"datePublished\":\"2025-07-22T12:51:34+00:00\",\"dateModified\":\"2025-12-26T08:52:06+00:00\",\"breadcrumb\":{\"@id\":\"https:\/\/www.bee-pilot.io\/pl\/wsparcie\/#breadcrumb\"},\"inLanguage\":\"pl-PL\",\"potentialAction\":[{\"@type\":\"ReadAction\",\"target\":[\"https:\/\/www.bee-pilot.io\/pl\/wsparcie\/\"]}]},{\"@type\":\"BreadcrumbList\",\"@id\":\"https:\/\/www.bee-pilot.io\/pl\/wsparcie\/#breadcrumb\",\"itemListElement\":[{\"@type\":\"ListItem\",\"position\":1,\"name\":\"Startseite\",\"item\":\"https:\/\/www.bee-pilot.io\/pl\/\"},{\"@type\":\"ListItem\",\"position\":2,\"name\":\"Wsparcie\"}]},{\"@type\":\"WebSite\",\"@id\":\"https:\/\/www.bee-pilot.io\/pl\/#website\",\"url\":\"https:\/\/www.bee-pilot.io\/pl\/\",\"name\":\"bee-pilot.io\",\"description\":\"Bee-Pilot: KI-gest\u00fctzte Software f\u00fcr Imker \u2013 Digitale Stockkarte, Wetter &amp; Checklisten\",\"publisher\":{\"@id\":\"https:\/\/www.bee-pilot.io\/pl\/#organization\"},\"potentialAction\":[{\"@type\":\"SearchAction\",\"target\":{\"@type\":\"EntryPoint\",\"urlTemplate\":\"https:\/\/www.bee-pilot.io\/pl\/?s={search_term_string}\"},\"query-input\":{\"@type\":\"PropertyValueSpecification\",\"valueRequired\":true,\"valueName\":\"search_term_string\"}}],\"inLanguage\":\"pl-PL\"},{\"@type\":\"Organization\",\"@id\":\"https:\/\/www.bee-pilot.io\/pl\/#organization\",\"name\":\"bee-pilot.io UG (haftungsbeschr\u00e4nkt)\",\"url\":\"https:\/\/www.bee-pilot.io\/pl\/\",\"logo\":{\"@type\":\"ImageObject\",\"inLanguage\":\"pl-PL\",\"@id\":\"https:\/\/www.bee-pilot.io\/pl\/#\/schema\/logo\/image\/\",\"url\":\"https:\/\/www.bee-pilot.io\/wp-content\/uploads\/2024\/10\/cropped-bee-pilot-logo.png\",\"contentUrl\":\"https:\/\/www.bee-pilot.io\/wp-content\/uploads\/2024\/10\/cropped-bee-pilot-logo.png\",\"width\":291,\"height\":85,\"caption\":\"bee-pilot.io UG (haftungsbeschr\u00e4nkt)\"},\"image\":{\"@id\":\"https:\/\/www.bee-pilot.io\/pl\/#\/schema\/logo\/image\/\"}}]}<\/script>\n<!-- \/ Yoast SEO Premium plugin. -->","yoast_head_json":{"title":"Wsparcie - bee-pilot.io","robots":{"index":"index","follow":"follow","max-snippet":"max-snippet:-1","max-image-preview":"max-image-preview:large","max-video-preview":"max-video-preview:-1"},"canonical":"https:\/\/www.bee-pilot.io\/pl\/wsparcie\/","og_locale":"pl_PL","og_type":"article","og_title":"Wsparcie","og_description":"\ud83d\udc1d bee-pilot.io \u2013 Wsparcie i kontakt Je\u015bli masz pytania, problemy lub uwagi dotycz\u0105ce aplikacji Bee Pilot, mo\u017cesz si\u0119 z nami skontaktowa\u0107 w dowolnym momencie przez e-mail. \ud83d\udce7 E-mail wsparcia: support@bee-pilot.io Zazwyczaj odpowiadamy w ci\u0105gu 1\u20132 dni roboczych. Informacje prawne: Ta strona s\u0142u\u017cy wy\u0142\u0105cznie do obs\u0142ugi naszych aplikacji na iOS i Androida. Wi\u0119cej informacji mo\u017cna znale\u017a\u0107 [&hellip;]","og_url":"https:\/\/www.bee-pilot.io\/pl\/wsparcie\/","og_site_name":"bee-pilot.io","article_modified_time":"2025-12-26T08:52:06+00:00","og_image":[{"width":1057,"height":746,"url":"https:\/\/www.bee-pilot.io\/wp-content\/uploads\/2025\/02\/applogo-1.png","type":"image\/png"}],"twitter_card":"summary_large_image","twitter_misc":{"Szacowany czas czytania":"1 minuta"},"schema":{"@context":"https:\/\/schema.org","@graph":[{"@type":"WebPage","@id":"https:\/\/www.bee-pilot.io\/pl\/wsparcie\/","url":"https:\/\/www.bee-pilot.io\/pl\/wsparcie\/","name":"Wsparcie - bee-pilot.io","isPartOf":{"@id":"https:\/\/www.bee-pilot.io\/pl\/#website"},"datePublished":"2025-07-22T12:51:34+00:00","dateModified":"2025-12-26T08:52:06+00:00","breadcrumb":{"@id":"https:\/\/www.bee-pilot.io\/pl\/wsparcie\/#breadcrumb"},"inLanguage":"pl-PL","potentialAction":[{"@type":"ReadAction","target":["https:\/\/www.bee-pilot.io\/pl\/wsparcie\/"]}]},{"@type":"BreadcrumbList","@id":"https:\/\/www.bee-pilot.io\/pl\/wsparcie\/#breadcrumb","itemListElement":[{"@type":"ListItem","position":1,"name":"Startseite","item":"https:\/\/www.bee-pilot.io\/pl\/"},{"@type":"ListItem","position":2,"name":"Wsparcie"}]},{"@type":"WebSite","@id":"https:\/\/www.bee-pilot.io\/pl\/#website","url":"https:\/\/www.bee-pilot.io\/pl\/","name":"bee-pilot.io","description":"Bee-Pilot: KI-gest\u00fctzte Software f\u00fcr Imker \u2013 Digitale Stockkarte, Wetter &amp; Checklisten","publisher":{"@id":"https:\/\/www.bee-pilot.io\/pl\/#organization"},"potentialAction":[{"@type":"SearchAction","target":{"@type":"EntryPoint","urlTemplate":"https:\/\/www.bee-pilot.io\/pl\/?s={search_term_string}"},"query-input":{"@type":"PropertyValueSpecification","valueRequired":true,"valueName":"search_term_string"}}],"inLanguage":"pl-PL"},{"@type":"Organization","@id":"https:\/\/www.bee-pilot.io\/pl\/#organization","name":"bee-pilot.io UG (haftungsbeschr\u00e4nkt)","url":"https:\/\/www.bee-pilot.io\/pl\/","logo":{"@type":"ImageObject","inLanguage":"pl-PL","@id":"https:\/\/www.bee-pilot.io\/pl\/#\/schema\/logo\/image\/","url":"https:\/\/www.bee-pilot.io\/wp-content\/uploads\/2024\/10\/cropped-bee-pilot-logo.png","contentUrl":"https:\/\/www.bee-pilot.io\/wp-content\/uploads\/2024\/10\/cropped-bee-pilot-logo.png","width":291,"height":85,"caption":"bee-pilot.io UG (haftungsbeschr\u00e4nkt)"},"image":{"@id":"https:\/\/www.bee-pilot.io\/pl\/#\/schema\/logo\/image\/"}}]}},"_links":{"self":[{"href":"https:\/\/www.bee-pilot.io\/pl\/wp-json\/wp\/v2\/pages\/888","targetHints":{"allow":["GET"]}}],"collection":[{"href":"https:\/\/www.bee-pilot.io\/pl\/wp-json\/wp\/v2\/pages"}],"about":[{"href":"https:\/\/www.bee-pilot.io\/pl\/wp-json\/wp\/v2\/types\/page"}],"author":[{"embeddable":true,"href":"https:\/\/www.bee-pilot.io\/pl\/wp-json\/wp\/v2\/users\/1"}],"replies":[{"embeddable":true,"href":"https:\/\/www.bee-pilot.io\/pl\/wp-json\/wp\/v2\/comments?post=888"}],"version-history":[{"count":1,"href":"https:\/\/www.bee-pilot.io\/pl\/wp-json\/wp\/v2\/pages\/888\/revisions"}],"predecessor-version":[{"id":892,"href":"https:\/\/www.bee-pilot.io\/pl\/wp-json\/wp\/v2\/pages\/888\/revisions\/892"}],"wp:attachment":[{"href":"https:\/\/www.bee-pilot.io\/pl\/wp-json\/wp\/v2\/media?parent=888"}],"curies":[{"name":"wp","href":"https:\/\/api.w.org\/{rel}","templated":true}]}}