{"id":926,"date":"2025-02-01T08:11:51","date_gmt":"2025-02-01T08:11:51","guid":{"rendered":"https:\/\/www.bee-pilot.io\/polityka-prywatnosci\/"},"modified":"2025-12-26T08:52:26","modified_gmt":"2025-12-26T08:52:26","slug":"polityka-prywatnosci","status":"publish","type":"page","link":"https:\/\/www.bee-pilot.io\/pl\/polityka-prywatnosci\/","title":{"rendered":"Polityka prywatno\u015bci"},"content":{"rendered":"\n<h2 class=\"wp-block-heading\"><strong>Polityka prywatno\u015bci dla wszystkich aplikacji bee-pilot.io<\/strong><\/h2>\n\n<p><strong>Stan na: 31.07.2025<\/strong><\/p>\n\n<h3 class=\"wp-block-heading\">1. Informacje og\u00f3lne<\/h3>\n\n<p>bee-pilot.io UG (z ograniczon\u0105 odpowiedzialno\u015bci\u0105), Untere Hauptstr. 41c, 91336 Heroldsbach, Dyrektor Zarz\u0105dzaj\u0105cy: Martin Wiesm\u00fcller, przyk\u0142ada du\u017c\u0105 wag\u0119 do ochrony Twoich danych osobowych i \u015bci\u015ble przestrzega Og\u00f3lnego Rozporz\u0105dzenia o Ochronie Danych (RODO). <\/p>\n\n<h3 class=\"wp-block-heading\">2. Podmiot odpowiedzialny za przetwarzanie danych<\/h3>\n\n<p><strong>bee-pilot.io UG (z ograniczon\u0105 odpowiedzialno\u015bci\u0105)<\/strong><br\/>Untere Hauptstr. 41c<br\/>91336 Heroldsbach<br\/>Dyrektor Zarz\u0105dzaj\u0105cy: Martin Wiesm\u00fcller <\/p>\n\n<p>Rejestr handlowy: HRB 12065 \u2013 S\u0105d Rejonowy w Bambergu<\/p>\n\n<h3 class=\"wp-block-heading\">3. Gromadzenie i przetwarzanie danych osobowych<\/h3>\n\n<ul class=\"wp-block-list\">\n<li>Dane rejestracyjne (adres e-mail)<\/li>\n\n\n\n<li>Dane dotycz\u0105ce u\u017cytkowania (adresy IP, informacje o urz\u0105dzeniach, dane o lokalizacji, statystyki u\u017cytkowania, dane dziennika)<\/li>\n\n\n\n<li>Dane dotycz\u0105ce p\u0142atno\u015bci za po\u015brednictwem Stripe (s\u0105 przechowywane bezpo\u015brednio tam)<\/li>\n\n\n\n<li>Dane o lokalizacji pasiek<\/li>\n\n\n\n<li>Zdj\u0119cia do analizy opartej na sztucznej inteligencji<\/li>\n\n\n\n<li>Nagrania g\u0142osowe do sterowania aplikacj\u0105<\/li>\n\n\n\n<li>Dane pogodowe do obliczania sumy temperatur u\u017cytk\u00f3w zielonych (GTS)<\/li>\n<\/ul>\n\n<h3 class=\"wp-block-heading\">4. Cel przetwarzania danych<\/h3>\n\n<ul class=\"wp-block-list\">\n<li>Udost\u0119pnianie i ulepszanie funkcji aplikacji<\/li>\n\n\n\n<li>Zarz\u0105dzanie i dokumentacja rodzin pszczelich<\/li>\n\n\n\n<li>Komunikacja z u\u017cytkownikami<\/li>\n\n\n\n<li>Realizacja p\u0142atno\u015bci<\/li>\n\n\n\n<li>Poprawa komfortu u\u017cytkowania<\/li>\n<\/ul>\n\n<h3 class=\"wp-block-heading\">5. Dostawcy zewn\u0119trzni i przekazywanie danych<\/h3>\n\n<h4 class=\"wp-block-heading\">Auth0 (logowanie\/uwierzytelnianie)<\/h4>\n\n<p><\/p><p>Do rejestracji i zarz\u0105dzania kontami u\u017cytkownik\u00f3w korzystamy z us\u0142ugi <strong>Auth0<\/strong> firmy <strong>Okta Inc., 100 First Street, San Francisco, CA 94105, USA<\/strong>.<\/p>\n<p>Przetwarzane s\u0105 przy tym dane logowania (np. adres e-mail). Auth0 dzia\u0142a jako podmiot przetwarzaj\u0105cy dane zgodnie z art. 28 RODO. Przesy\u0142anie danych do USA odbywa si\u0119 na podstawie <strong>SCC<\/strong> i ewentualnie <strong>EU-U.S. Data Privacy Framework<\/strong>.<\/p>\n<p>Wi\u0119cej informacji: <a href=\"https:\/\/www.okta.com\/trustandcompliance\">https:\/\/www.okta.com\/trustandcompliance<\/a><\/p>\n\n<h4 class=\"wp-block-heading\">DigitalOcean (hosting)<\/h4>\n\n<p><\/p><p>Nasze systemy dzia\u0142aj\u0105 na serwerach firmy <strong>DigitalOcean LLC, 101 Avenue of the Americas, New York, NY 10013, USA<\/strong>. Przetwarzanie danych odbywa si\u0119 w UE (np. we Frankfurcie), sporadycznie r\u00f3wnie\u017c w USA \u2013 zabezpieczone przez <strong>SCC<\/strong> lub <strong>Data Privacy Framework<\/strong>. <\/p>\n<p>Wi\u0119cej informacji: <a href=\"https:\/\/www.digitalocean.com\/legal\/data-processing-agreement\">https:\/\/www.digitalocean.com\/legal\/data-processing-agreement<\/a><\/p>\n\n<h4 class=\"wp-block-heading\">Google Fonts (tylko w aplikacji)<\/h4>\n\n<p><\/p><p>Nasza aplikacja korzysta z czcionek <strong>Google Fonts<\/strong> (Google LLC, 1600 Amphitheatre Parkway, Mountain View, CA 94043, USA). Integracja nast\u0119puje tylko po wyra\u017ceniu zgody (zgoda zgodnie z art. 6 ust. 1 lit. a RODO). W takim przypadku Tw\u00f3j adres IP mo\u017ce zosta\u0107 przes\u0142any do Google.  <\/p>\n<p>Wi\u0119cej informacji: <a href=\"https:\/\/fonts.google.com\/about\">https:\/\/fonts.google.com\/about<\/a><\/p>\n\n<h4 class=\"wp-block-heading\">OpenAI (przetwarzanie tekstu przez sztuczn\u0105 inteligencj\u0119)<\/h4>\n\n<p><\/p><p>Korzystamy z us\u0142ug <strong>OpenAI, L.L.C., 3180 18th St., San Francisco, CA 94110, USA<\/strong> do przetwarzania wprowadzanych tekst\u00f3w. Przetwarzanie danych odbywa si\u0119 na podstawie Twojej zgody (art. 6 ust. 1 lit. a RODO) lub w celu realizacji umowy (art. 6 ust. 1 lit. b RODO), zabezpieczone przez <strong>SCC<\/strong>. <\/p>\n<p>Wi\u0119cej informacji: <a href=\"https:\/\/openai.com\/policies\/privacy\">https:\/\/openai.com\/policies\/privacy<\/a><\/p>\n\n<h4 class=\"wp-block-heading\">SendGrid (wysy\u0142ka e-maili)<\/h4>\n\n<p><\/p><p>Do wysy\u0142ania wiadomo\u015bci e-mail zwi\u0105zanych z systemem korzystamy z <strong>SendGrid<\/strong> firmy <strong>Twilio Inc., 101 Spear Street, San Francisco, CA 94105, USA<\/strong>. Twilio dzia\u0142a jako podmiot przetwarzaj\u0105cy dane (art. 28 RODO), przesy\u0142anie danych odbywa si\u0119 zgodnie z <strong>SCC<\/strong>. <\/p>\n<p>Wi\u0119cej informacji: <a href=\"https:\/\/www.twilio.com\/legal\/data-protection-addendum\">https:\/\/www.twilio.com\/legal\/data-protection-addendum<\/a><\/p>\n\n<h4 class=\"wp-block-heading\">Stripe (realizacja p\u0142atno\u015bci)<\/h4>\n\n<p><\/p><p>Do p\u0142atno\u015bci u\u017cywamy <strong>Stripe Payments Europe Ltd., 1 Grand Canal Street Lower, Dublin, Irlandia<\/strong>. Podczas transakcji p\u0142atniczych dane osobowe s\u0105 przekazywane do Stripe (art. 6 ust. 1 lit. b RODO). Przesy\u0142anie danych do kraj\u00f3w trzecich odbywa si\u0119 na podstawie <strong>SCC<\/strong>.  <\/p>\n<p>Wi\u0119cej informacji: <a href=\"https:\/\/stripe.com\/privacy\">https:\/\/stripe.com\/privacy<\/a><\/p>\n\n<h3 class=\"wp-block-heading\">Podsumowanie zewn\u0119trznych us\u0142ugodawc\u00f3w<\/h3>\n\n<p><\/p><p><strong>Kr\u00f3tko m\u00f3wi\u0105c:<\/strong> Wa\u017cne jest dla nas, aby\u015b wiedzia\u0142, \u017ce do \u015bwiadczenia naszych us\u0142ug wsp\u00f3\u0142pracujemy z partnerami w <strong>UE<\/strong> i <strong>USA<\/strong> \u2013 na przyk\u0142ad w zakresie hostingu, wysy\u0142ki e-maili, logowania lub realizacji p\u0142atno\u015bci.<\/p>\n<p>Przy tym mog\u0105 by\u0107 przetwarzane r\u00f3wnie\u017c <strong>dane osobowe<\/strong>, np. adres e-mail, dane o lokalizacji lub wprowadzane teksty. Wszyscy dostawcy zobowi\u0105zuj\u0105 si\u0119 do przestrzegania RODO \u2013 m.in. poprzez <strong>standardowe klauzule umowne (SCC)<\/strong>.<\/p>\n<p>Je\u015bli nadal masz obawy dotycz\u0105ce przekazywania swoich danych do kraj\u00f3w trzecich, mo\u017cesz w ka\u017cdej chwili unikn\u0105\u0107 korzystania z nich. Szanujemy to \u2013 nawet je\u015bli jest nam z tego powodu przykro. <\/p>\n\n<h3 class=\"wp-block-heading\">6. Bezpiecze\u0144stwo danych<\/h3>\n\n<p>Stosujemy techniczne i organizacyjne \u015brodki, aby chroni\u0107 Twoje dane przed nieuprawnionym dost\u0119pem, utrat\u0105 lub nadu\u017cyciem.<\/p>\n\n<h3 class=\"wp-block-heading\">7. Twoje prawa<\/h3>\n\n<p><\/p><p>Masz prawo do informacji, sprostowania, usuni\u0119cia, ograniczenia przetwarzania, sprzeciwu i przenoszenia danych.<\/p>\n<p>Do usuni\u0119cia wystarczy nieformalne zapytanie na adres:<\/p>\n<p><strong>\ud83d\udce7 support@bee-pilot.io<\/strong><\/p>\n<p>Dane zostan\u0105 usuni\u0119te w ci\u0105gu 14 dni, o ile nie istnieje ustawowy obowi\u0105zek przechowywania. Uwaga: Przy tym bezpowrotnie utracone zostan\u0105 r\u00f3wnie\u017c wszystkie tre\u015bci (np. lokalizacje pasiek, notatki). <\/p>\n\n<h3 class=\"wp-block-heading\">8. Okres przechowywania<\/h3>\n\n<p>Dane osobowe przechowujemy tylko tak d\u0142ugo, jak jest to konieczne do danego celu lub wymagane przez prawo.<\/p>\n\n<h3 class=\"wp-block-heading\">9. Zmiany<\/h3>\n\n<p>Zastrzegamy sobie prawo do zmiany niniejszej polityki prywatno\u015bci w dowolnym momencie. W przypadku istotnych zmian b\u0119dziemy aktywnie informowa\u0107 naszych u\u017cytkownik\u00f3w. <\/p>\n\n<h3 class=\"wp-block-heading\">Kontakt<\/h3>\n\n<p>support@bee-pilot.io<\/p>\n","protected":false},"excerpt":{"rendered":"<p>Polityka prywatno\u015bci dla wszystkich aplikacji bee-pilot.io Stan na: 31.07.2025 1. Informacje og\u00f3lne bee-pilot.io UG (z ograniczon\u0105 odpowiedzialno\u015bci\u0105), Untere Hauptstr. 41c, 91336 Heroldsbach, Dyrektor Zarz\u0105dzaj\u0105cy: Martin Wiesm\u00fcller, przyk\u0142ada du\u017c\u0105 wag\u0119 do ochrony Twoich danych osobowych i \u015bci\u015ble przestrzega Og\u00f3lnego Rozporz\u0105dzenia o Ochronie Danych (RODO). 2. Podmiot odpowiedzialny za przetwarzanie danych bee-pilot.io UG (z ograniczon\u0105 odpowiedzialno\u015bci\u0105)Untere Hauptstr. [&hellip;]<\/p>\n","protected":false},"author":1,"featured_media":0,"parent":0,"menu_order":0,"comment_status":"closed","ping_status":"closed","template":"","meta":{"footnotes":""},"class_list":["post-926","page","type-page","status-publish","hentry"],"yoast_head":"<!-- This site is optimized with the Yoast SEO Premium plugin v26.6 (Yoast SEO v26.6) - https:\/\/yoast.com\/wordpress\/plugins\/seo\/ -->\n<title>Polityka prywatno\u015bci - bee-pilot.io<\/title>\n<meta name=\"robots\" content=\"index, follow, max-snippet:-1, max-image-preview:large, max-video-preview:-1\" \/>\n<link rel=\"canonical\" href=\"https:\/\/www.bee-pilot.io\/pl\/polityka-prywatnosci\/\" \/>\n<meta property=\"og:locale\" content=\"pl_PL\" \/>\n<meta property=\"og:type\" content=\"article\" \/>\n<meta property=\"og:title\" content=\"Polityka prywatno\u015bci\" \/>\n<meta property=\"og:description\" content=\"Polityka prywatno\u015bci dla wszystkich aplikacji bee-pilot.io Stan na: 31.07.2025 1. Informacje og\u00f3lne bee-pilot.io UG (z ograniczon\u0105 odpowiedzialno\u015bci\u0105), Untere Hauptstr. 41c, 91336 Heroldsbach, Dyrektor Zarz\u0105dzaj\u0105cy: Martin Wiesm\u00fcller, przyk\u0142ada du\u017c\u0105 wag\u0119 do ochrony Twoich danych osobowych i \u015bci\u015ble przestrzega Og\u00f3lnego Rozporz\u0105dzenia o Ochronie Danych (RODO). 2. Podmiot odpowiedzialny za przetwarzanie danych bee-pilot.io UG (z ograniczon\u0105 odpowiedzialno\u015bci\u0105)Untere Hauptstr. [&hellip;]\" \/>\n<meta property=\"og:url\" content=\"https:\/\/www.bee-pilot.io\/pl\/polityka-prywatnosci\/\" \/>\n<meta property=\"og:site_name\" content=\"bee-pilot.io\" \/>\n<meta property=\"article:modified_time\" content=\"2025-12-26T08:52:26+00:00\" \/>\n<meta property=\"og:image\" content=\"https:\/\/www.bee-pilot.io\/wp-content\/uploads\/2025\/02\/applogo-1.png\" \/>\n\t<meta property=\"og:image:width\" content=\"1057\" \/>\n\t<meta property=\"og:image:height\" content=\"746\" \/>\n\t<meta property=\"og:image:type\" content=\"image\/png\" \/>\n<meta name=\"twitter:card\" content=\"summary_large_image\" \/>\n<meta name=\"twitter:label1\" content=\"Szacowany czas czytania\" \/>\n\t<meta name=\"twitter:data1\" content=\"4 minuty\" \/>\n<script type=\"application\/ld+json\" class=\"yoast-schema-graph\">{\"@context\":\"https:\/\/schema.org\",\"@graph\":[{\"@type\":\"WebPage\",\"@id\":\"https:\/\/www.bee-pilot.io\/pl\/polityka-prywatnosci\/\",\"url\":\"https:\/\/www.bee-pilot.io\/pl\/polityka-prywatnosci\/\",\"name\":\"Polityka prywatno\u015bci - bee-pilot.io\",\"isPartOf\":{\"@id\":\"https:\/\/www.bee-pilot.io\/pl\/#website\"},\"datePublished\":\"2025-02-01T08:11:51+00:00\",\"dateModified\":\"2025-12-26T08:52:26+00:00\",\"breadcrumb\":{\"@id\":\"https:\/\/www.bee-pilot.io\/pl\/polityka-prywatnosci\/#breadcrumb\"},\"inLanguage\":\"pl-PL\",\"potentialAction\":[{\"@type\":\"ReadAction\",\"target\":[\"https:\/\/www.bee-pilot.io\/pl\/polityka-prywatnosci\/\"]}]},{\"@type\":\"BreadcrumbList\",\"@id\":\"https:\/\/www.bee-pilot.io\/pl\/polityka-prywatnosci\/#breadcrumb\",\"itemListElement\":[{\"@type\":\"ListItem\",\"position\":1,\"name\":\"Startseite\",\"item\":\"https:\/\/www.bee-pilot.io\/pl\/\"},{\"@type\":\"ListItem\",\"position\":2,\"name\":\"Polityka prywatno\u015bci\"}]},{\"@type\":\"WebSite\",\"@id\":\"https:\/\/www.bee-pilot.io\/pl\/#website\",\"url\":\"https:\/\/www.bee-pilot.io\/pl\/\",\"name\":\"bee-pilot.io\",\"description\":\"Bee-Pilot: KI-gest\u00fctzte Software f\u00fcr Imker \u2013 Digitale Stockkarte, Wetter &amp; Checklisten\",\"publisher\":{\"@id\":\"https:\/\/www.bee-pilot.io\/pl\/#organization\"},\"potentialAction\":[{\"@type\":\"SearchAction\",\"target\":{\"@type\":\"EntryPoint\",\"urlTemplate\":\"https:\/\/www.bee-pilot.io\/pl\/?s={search_term_string}\"},\"query-input\":{\"@type\":\"PropertyValueSpecification\",\"valueRequired\":true,\"valueName\":\"search_term_string\"}}],\"inLanguage\":\"pl-PL\"},{\"@type\":\"Organization\",\"@id\":\"https:\/\/www.bee-pilot.io\/pl\/#organization\",\"name\":\"bee-pilot.io UG (haftungsbeschr\u00e4nkt)\",\"url\":\"https:\/\/www.bee-pilot.io\/pl\/\",\"logo\":{\"@type\":\"ImageObject\",\"inLanguage\":\"pl-PL\",\"@id\":\"https:\/\/www.bee-pilot.io\/pl\/#\/schema\/logo\/image\/\",\"url\":\"https:\/\/www.bee-pilot.io\/wp-content\/uploads\/2024\/10\/cropped-bee-pilot-logo.png\",\"contentUrl\":\"https:\/\/www.bee-pilot.io\/wp-content\/uploads\/2024\/10\/cropped-bee-pilot-logo.png\",\"width\":291,\"height\":85,\"caption\":\"bee-pilot.io UG (haftungsbeschr\u00e4nkt)\"},\"image\":{\"@id\":\"https:\/\/www.bee-pilot.io\/pl\/#\/schema\/logo\/image\/\"}}]}<\/script>\n<!-- \/ Yoast SEO Premium plugin. -->","yoast_head_json":{"title":"Polityka prywatno\u015bci - bee-pilot.io","robots":{"index":"index","follow":"follow","max-snippet":"max-snippet:-1","max-image-preview":"max-image-preview:large","max-video-preview":"max-video-preview:-1"},"canonical":"https:\/\/www.bee-pilot.io\/pl\/polityka-prywatnosci\/","og_locale":"pl_PL","og_type":"article","og_title":"Polityka prywatno\u015bci","og_description":"Polityka prywatno\u015bci dla wszystkich aplikacji bee-pilot.io Stan na: 31.07.2025 1. Informacje og\u00f3lne bee-pilot.io UG (z ograniczon\u0105 odpowiedzialno\u015bci\u0105), Untere Hauptstr. 41c, 91336 Heroldsbach, Dyrektor Zarz\u0105dzaj\u0105cy: Martin Wiesm\u00fcller, przyk\u0142ada du\u017c\u0105 wag\u0119 do ochrony Twoich danych osobowych i \u015bci\u015ble przestrzega Og\u00f3lnego Rozporz\u0105dzenia o Ochronie Danych (RODO). 2. Podmiot odpowiedzialny za przetwarzanie danych bee-pilot.io UG (z ograniczon\u0105 odpowiedzialno\u015bci\u0105)Untere Hauptstr. [&hellip;]","og_url":"https:\/\/www.bee-pilot.io\/pl\/polityka-prywatnosci\/","og_site_name":"bee-pilot.io","article_modified_time":"2025-12-26T08:52:26+00:00","og_image":[{"width":1057,"height":746,"url":"https:\/\/www.bee-pilot.io\/wp-content\/uploads\/2025\/02\/applogo-1.png","type":"image\/png"}],"twitter_card":"summary_large_image","twitter_misc":{"Szacowany czas czytania":"4 minuty"},"schema":{"@context":"https:\/\/schema.org","@graph":[{"@type":"WebPage","@id":"https:\/\/www.bee-pilot.io\/pl\/polityka-prywatnosci\/","url":"https:\/\/www.bee-pilot.io\/pl\/polityka-prywatnosci\/","name":"Polityka prywatno\u015bci - bee-pilot.io","isPartOf":{"@id":"https:\/\/www.bee-pilot.io\/pl\/#website"},"datePublished":"2025-02-01T08:11:51+00:00","dateModified":"2025-12-26T08:52:26+00:00","breadcrumb":{"@id":"https:\/\/www.bee-pilot.io\/pl\/polityka-prywatnosci\/#breadcrumb"},"inLanguage":"pl-PL","potentialAction":[{"@type":"ReadAction","target":["https:\/\/www.bee-pilot.io\/pl\/polityka-prywatnosci\/"]}]},{"@type":"BreadcrumbList","@id":"https:\/\/www.bee-pilot.io\/pl\/polityka-prywatnosci\/#breadcrumb","itemListElement":[{"@type":"ListItem","position":1,"name":"Startseite","item":"https:\/\/www.bee-pilot.io\/pl\/"},{"@type":"ListItem","position":2,"name":"Polityka prywatno\u015bci"}]},{"@type":"WebSite","@id":"https:\/\/www.bee-pilot.io\/pl\/#website","url":"https:\/\/www.bee-pilot.io\/pl\/","name":"bee-pilot.io","description":"Bee-Pilot: KI-gest\u00fctzte Software f\u00fcr Imker \u2013 Digitale Stockkarte, Wetter &amp; Checklisten","publisher":{"@id":"https:\/\/www.bee-pilot.io\/pl\/#organization"},"potentialAction":[{"@type":"SearchAction","target":{"@type":"EntryPoint","urlTemplate":"https:\/\/www.bee-pilot.io\/pl\/?s={search_term_string}"},"query-input":{"@type":"PropertyValueSpecification","valueRequired":true,"valueName":"search_term_string"}}],"inLanguage":"pl-PL"},{"@type":"Organization","@id":"https:\/\/www.bee-pilot.io\/pl\/#organization","name":"bee-pilot.io UG (haftungsbeschr\u00e4nkt)","url":"https:\/\/www.bee-pilot.io\/pl\/","logo":{"@type":"ImageObject","inLanguage":"pl-PL","@id":"https:\/\/www.bee-pilot.io\/pl\/#\/schema\/logo\/image\/","url":"https:\/\/www.bee-pilot.io\/wp-content\/uploads\/2024\/10\/cropped-bee-pilot-logo.png","contentUrl":"https:\/\/www.bee-pilot.io\/wp-content\/uploads\/2024\/10\/cropped-bee-pilot-logo.png","width":291,"height":85,"caption":"bee-pilot.io UG (haftungsbeschr\u00e4nkt)"},"image":{"@id":"https:\/\/www.bee-pilot.io\/pl\/#\/schema\/logo\/image\/"}}]}},"_links":{"self":[{"href":"https:\/\/www.bee-pilot.io\/pl\/wp-json\/wp\/v2\/pages\/926","targetHints":{"allow":["GET"]}}],"collection":[{"href":"https:\/\/www.bee-pilot.io\/pl\/wp-json\/wp\/v2\/pages"}],"about":[{"href":"https:\/\/www.bee-pilot.io\/pl\/wp-json\/wp\/v2\/types\/page"}],"author":[{"embeddable":true,"href":"https:\/\/www.bee-pilot.io\/pl\/wp-json\/wp\/v2\/users\/1"}],"replies":[{"embeddable":true,"href":"https:\/\/www.bee-pilot.io\/pl\/wp-json\/wp\/v2\/comments?post=926"}],"version-history":[{"count":3,"href":"https:\/\/www.bee-pilot.io\/pl\/wp-json\/wp\/v2\/pages\/926\/revisions"}],"predecessor-version":[{"id":934,"href":"https:\/\/www.bee-pilot.io\/pl\/wp-json\/wp\/v2\/pages\/926\/revisions\/934"}],"wp:attachment":[{"href":"https:\/\/www.bee-pilot.io\/pl\/wp-json\/wp\/v2\/media?parent=926"}],"curies":[{"name":"wp","href":"https:\/\/api.w.org\/{rel}","templated":true}]}}