{"id":970,"date":"2024-12-31T08:29:08","date_gmt":"2024-12-31T08:29:08","guid":{"rendered":"https:\/\/www.bee-pilot.io\/impressum\/"},"modified":"2025-12-26T08:55:13","modified_gmt":"2025-12-26T08:55:13","slug":"impressum","status":"publish","type":"page","link":"https:\/\/www.bee-pilot.io\/pl\/impressum\/","title":{"rendered":"Impressum"},"content":{"rendered":"\n<p><strong>Informacje zgodnie z \u00a7 5 TMG (niemiecka ustawa o mediach elektronicznych):<\/strong><br\/>bee-pilot.io UG (z ograniczon\u0105 odpowiedzialno\u015bci\u0105)<br\/>Untere Hauptstr. 41c<br\/>91336 Heroldsbach <\/p>\n\n<p><strong>Rejestr handlowy:<br\/><\/strong>HRB 12065<br\/>S\u0105d Rejonowy w Bambergu <\/p>\n\n<p><strong>Kontakt:<\/strong><br\/>E-mail: support@bee-pilot.io<br\/>Strona internetowa: www.bee-pilot.io<\/p>\n\n<p><strong>Dyrektor zarz\u0105dzaj\u0105cy:<\/strong><br\/>Martin Wiesm\u00fcller<\/p>\n\n<p><strong>Numer identyfikacji podatkowej<\/strong>: 216\/122\/20279<\/p>\n\n<p><strong>Wy\u0142\u0105czenie odpowiedzialno\u015bci (Disclaimer):<\/strong><br\/><em>Odpowiedzialno\u015b\u0107 za tre\u015b\u0107:<\/em><br\/>Tre\u015bci na naszych stronach zosta\u0142y stworzone z najwi\u0119ksz\u0105 staranno\u015bci\u0105. Nie mo\u017cemy jednak zagwarantowa\u0107, \u017ce tre\u015bci s\u0105 prawid\u0142owe, kompletne i aktualne. <\/p>\n\n<p><em>Odpowiedzialno\u015b\u0107 za linki:<\/em><br\/>Nasza strona internetowa zawiera linki do zewn\u0119trznych stron internetowych os\u00f3b trzecich, na kt\u00f3rych tre\u015b\u0107 nie mamy wp\u0142ywu. Dlatego nie mo\u017cemy przej\u0105\u0107 odpowiedzialno\u015bci za te obce tre\u015bci. <\/p>\n\n<p><strong>Rozstrzyganie spor\u00f3w:<\/strong><br\/>Komisja Europejska udost\u0119pnia platform\u0119 internetowego rozstrzygania spor\u00f3w (ODR): <a href=\"https:\/\/ec.europa.eu\/consumers\/odr\/\">https:\/\/ec.europa.eu\/consumers\/odr\/<\/a>.<br\/>Nasz adres e-mail mo\u017cna znale\u017a\u0107 powy\u017cej w impressum. Nie jeste\u015bmy gotowi ani zobowi\u0105zani do uczestniczenia w post\u0119powaniach w sprawie rozstrzygania spor\u00f3w przed konsumenckim s\u0105dem arbitra\u017cowym. <\/p>\n\n<p><strong>Polityka prywatno\u015bci<\/strong><\/p>\n\n<p>Ochrona Twoich danych osobowych jest dla nas bardzo wa\u017cna. Poni\u017cej informujemy szczeg\u00f3\u0142owo o tym, jak obchodzimy si\u0119 z Twoimi danymi. <\/p>\n\n<p><strong>1. Organ odpowiedzialny w rozumieniu og\u00f3lnego rozporz\u0105dzenia o ochronie danych (RODO):<\/strong><br\/>bee-pilot.io UG (z ograniczon\u0105 odpowiedzialno\u015bci\u0105)<br\/>Untere Hauptstr. 41c<br\/>91336 Heroldsbach<br\/>E-mail: support@bee-pilot.com <\/p>\n\n<p><strong>2. Gromadzenie i przechowywanie danych osobowych oraz rodzaj i cel ich wykorzystywania:<\/strong><br\/>a) <strong>Podczas wizyty na stronie internetowej<\/strong><br\/>Je\u015bli korzystasz z naszej strony internetowej wy\u0142\u0105cznie w celach informacyjnych, czyli nie podajesz \u017cadnych informacji, gromadzimy tylko te dane osobowe, kt\u00f3re Twoja przegl\u0105darka przesy\u0142a na nasz serwer. S\u0105 to nast\u0119puj\u0105ce dane: <\/p>\n\n<ul class=\"wp-block-list\">\n<li>Adres IP<\/li>\n\n\n\n<li>Data i godzina zapytania<\/li>\n\n\n\n<li>R\u00f3\u017cnica stref czasowych w stosunku do Greenwich Mean Time (GMT)<\/li>\n\n\n\n<li>Tre\u015b\u0107 \u017c\u0105dania (konkretna strona)<\/li>\n\n\n\n<li>Status dost\u0119pu\/kod statusu HTTP<\/li>\n\n\n\n<li>ilo\u015b\u0107 przes\u0142anych danych<\/li>\n\n\n\n<li>Strona internetowa, z kt\u00f3rej pochodzi zapytanie<\/li>\n\n\n\n<li>Przegl\u0105darka<\/li>\n\n\n\n<li>System operacyjny i jego interfejs<\/li>\n\n\n\n<li>J\u0119zyk i wersja oprogramowania przegl\u0105darki<br\/>Dane te s\u0105 tymczasowo przechowywane w tak zwanych plikach dziennika, ale nie s\u0105 przechowywane razem z innymi danymi osobowymi.<\/li>\n<\/ul>\n\n<p>b) <strong>Podczas korzystania z naszego formularza kontaktowego lub w przypadku zapyta\u0144 e-mailem<\/strong><br\/>Je\u015bli skontaktujesz si\u0119 z nami, np. za po\u015brednictwem formularza kontaktowego lub e-mailem, zbieramy podane przez Ciebie dane, takie jak imi\u0119 i nazwisko, adres e-mail i ewentualnie numer telefonu, aby przetworzy\u0107 Twoje zapytanie i na nie odpowiedzie\u0107.<\/p>\n\n<p><strong>3. Podstawa prawna przetwarzania:<\/strong><br\/>Przetwarzanie Twoich danych odbywa si\u0119 na podstawie nast\u0119puj\u0105cych podstaw prawnych:<\/p>\n\n<ul class=\"wp-block-list\">\n<li>Art. 6 ust. 1 lit. a RODO (zgoda)  <\/li>\n\n\n\n<li>Art. 6 ust. 1 lit. b RODO (wykonanie umowy)  <\/li>\n\n\n\n<li>Art. 6 ust. 1 lit. f RODO (uzasadniony interes)  <\/li>\n<\/ul>\n\n<p><strong>4. Przekazywanie danych osobom trzecim:<\/strong><br\/>Przekazujemy Twoje dane tylko wtedy, gdy jest to dozwolone przez prawo lub je\u015bli wyrazi\u0142e\u015b na to wyra\u017an\u0105 zgod\u0119. Nie przekazujemy danych osobom trzecim w celach reklamowych. <\/p>\n\n<p><strong>5. Pliki cookie:<\/strong><br\/>Nasza strona internetowa wykorzystuje tak zwane pliki cookie, kt\u00f3re s\u0142u\u017c\u0105 do tego, aby korzystanie ze strony internetowej by\u0142o wygodniejsze i bardziej efektywne. Mo\u017cesz wy\u0142\u0105czy\u0107 korzystanie z plik\u00f3w cookie w ustawieniach swojej przegl\u0105darki w dowolnym momencie. <\/p>\n\n<p><strong>6. Twoje prawa:<\/strong><br\/>Masz prawo za\u017c\u0105da\u0107 informacji o przechowywanych przez nas danych osobowych. Ponadto masz prawo do sprostowania, usuni\u0119cia lub ograniczenia przetwarzania Twoich danych, a tak\u017ce do sprzeciwu wobec przetwarzania. <\/p>\n\n<ul class=\"wp-block-list\">\n<li><strong>Prawo do informacji (art. 15 RODO)<\/strong><\/li>\n\n\n\n<li><strong>Prawo do sprostowania (art. 16 RODO)<\/strong><\/li>\n\n\n\n<li><strong>Prawo do usuni\u0119cia (art. 17 RODO)<\/strong><\/li>\n\n\n\n<li><strong>Prawo do ograniczenia przetwarzania (art. 18 RODO)<\/strong><\/li>\n\n\n\n<li><strong>Prawo do przenoszenia danych (art. 20 RODO)<\/strong><\/li>\n\n\n\n<li><strong>Prawo do sprzeciwu (art. 21 RODO)<\/strong><\/li>\n<\/ul>\n\n<p><strong>7. Prawo do wniesienia skargi do organu nadzorczego:<\/strong><br\/>Je\u015bli uwa\u017casz, \u017ce przetwarzanie Twoich danych osobowych narusza RODO, masz prawo wnie\u015b\u0107 skarg\u0119 do w\u0142a\u015bciwego organu nadzorczego. W\u0142a\u015bciwym organem nadzorczym ds. ochrony danych jest [Nazwa i kontakt w\u0142a\u015bciwego organu ochrony danych, np. \u201eDer Landesbeauftragte f\u00fcr den Datenschutz und die Informationsfreiheit\u201d w Bawarii. <\/p>\n\n<p>Inne linki:<\/p>\n\n<ul class=\"wp-block-list\">\n<li><a data-type=\"page\" data-id=\"244\" href=\"https:\/\/www.bee-pilot.io\/pl\/warunki-uzytkowania-regulamin\/\">Regulamin\/Warunki u\u017cytkowania aplikacji bee-pilot.io<\/a><\/li>\n<\/ul>\n","protected":false},"excerpt":{"rendered":"<p>Informacje zgodnie z \u00a7 5 TMG (niemiecka ustawa o mediach elektronicznych):bee-pilot.io UG (z ograniczon\u0105 odpowiedzialno\u015bci\u0105)Untere Hauptstr. 41c91336 Heroldsbach Rejestr handlowy:HRB 12065S\u0105d Rejonowy w Bambergu Kontakt:E-mail: support@bee-pilot.ioStrona internetowa: www.bee-pilot.io Dyrektor zarz\u0105dzaj\u0105cy:Martin Wiesm\u00fcller Numer identyfikacji podatkowej: 216\/122\/20279 Wy\u0142\u0105czenie odpowiedzialno\u015bci (Disclaimer):Odpowiedzialno\u015b\u0107 za tre\u015b\u0107:Tre\u015bci na naszych stronach zosta\u0142y stworzone z najwi\u0119ksz\u0105 staranno\u015bci\u0105. Nie mo\u017cemy jednak zagwarantowa\u0107, \u017ce tre\u015bci s\u0105 [&hellip;]<\/p>\n","protected":false},"author":1,"featured_media":0,"parent":0,"menu_order":0,"comment_status":"closed","ping_status":"closed","template":"","meta":{"footnotes":""},"class_list":["post-970","page","type-page","status-publish","hentry"],"yoast_head":"<!-- This site is optimized with the Yoast SEO Premium plugin v26.6 (Yoast SEO v26.6) - https:\/\/yoast.com\/wordpress\/plugins\/seo\/ -->\n<title>Impressum - bee-pilot.io<\/title>\n<meta name=\"robots\" content=\"index, follow, max-snippet:-1, max-image-preview:large, max-video-preview:-1\" \/>\n<link rel=\"canonical\" href=\"https:\/\/www.bee-pilot.io\/pl\/impressum\/\" \/>\n<meta property=\"og:locale\" content=\"pl_PL\" \/>\n<meta property=\"og:type\" content=\"article\" \/>\n<meta property=\"og:title\" content=\"Impressum\" \/>\n<meta property=\"og:description\" content=\"Informacje zgodnie z \u00a7 5 TMG (niemiecka ustawa o mediach elektronicznych):bee-pilot.io UG (z ograniczon\u0105 odpowiedzialno\u015bci\u0105)Untere Hauptstr. 41c91336 Heroldsbach Rejestr handlowy:HRB 12065S\u0105d Rejonowy w Bambergu Kontakt:E-mail: support@bee-pilot.ioStrona internetowa: www.bee-pilot.io Dyrektor zarz\u0105dzaj\u0105cy:Martin Wiesm\u00fcller Numer identyfikacji podatkowej: 216\/122\/20279 Wy\u0142\u0105czenie odpowiedzialno\u015bci (Disclaimer):Odpowiedzialno\u015b\u0107 za tre\u015b\u0107:Tre\u015bci na naszych stronach zosta\u0142y stworzone z najwi\u0119ksz\u0105 staranno\u015bci\u0105. Nie mo\u017cemy jednak zagwarantowa\u0107, \u017ce tre\u015bci s\u0105 [&hellip;]\" \/>\n<meta property=\"og:url\" content=\"https:\/\/www.bee-pilot.io\/pl\/impressum\/\" \/>\n<meta property=\"og:site_name\" content=\"bee-pilot.io\" \/>\n<meta property=\"article:modified_time\" content=\"2025-12-26T08:55:13+00:00\" \/>\n<meta property=\"og:image\" content=\"https:\/\/www.bee-pilot.io\/wp-content\/uploads\/2025\/02\/applogo-1.png\" \/>\n\t<meta property=\"og:image:width\" content=\"1057\" \/>\n\t<meta property=\"og:image:height\" content=\"746\" \/>\n\t<meta property=\"og:image:type\" content=\"image\/png\" \/>\n<meta name=\"twitter:card\" content=\"summary_large_image\" \/>\n<meta name=\"twitter:label1\" content=\"Szacowany czas czytania\" \/>\n\t<meta name=\"twitter:data1\" content=\"3 minuty\" \/>\n<script type=\"application\/ld+json\" class=\"yoast-schema-graph\">{\"@context\":\"https:\/\/schema.org\",\"@graph\":[{\"@type\":\"WebPage\",\"@id\":\"https:\/\/www.bee-pilot.io\/pl\/impressum\/\",\"url\":\"https:\/\/www.bee-pilot.io\/pl\/impressum\/\",\"name\":\"Impressum - bee-pilot.io\",\"isPartOf\":{\"@id\":\"https:\/\/www.bee-pilot.io\/pl\/#website\"},\"datePublished\":\"2024-12-31T08:29:08+00:00\",\"dateModified\":\"2025-12-26T08:55:13+00:00\",\"breadcrumb\":{\"@id\":\"https:\/\/www.bee-pilot.io\/pl\/impressum\/#breadcrumb\"},\"inLanguage\":\"pl-PL\",\"potentialAction\":[{\"@type\":\"ReadAction\",\"target\":[\"https:\/\/www.bee-pilot.io\/pl\/impressum\/\"]}]},{\"@type\":\"BreadcrumbList\",\"@id\":\"https:\/\/www.bee-pilot.io\/pl\/impressum\/#breadcrumb\",\"itemListElement\":[{\"@type\":\"ListItem\",\"position\":1,\"name\":\"Startseite\",\"item\":\"https:\/\/www.bee-pilot.io\/pl\/\"},{\"@type\":\"ListItem\",\"position\":2,\"name\":\"Impressum\"}]},{\"@type\":\"WebSite\",\"@id\":\"https:\/\/www.bee-pilot.io\/pl\/#website\",\"url\":\"https:\/\/www.bee-pilot.io\/pl\/\",\"name\":\"bee-pilot.io\",\"description\":\"Bee-Pilot: KI-gest\u00fctzte Software f\u00fcr Imker \u2013 Digitale Stockkarte, Wetter &amp; Checklisten\",\"publisher\":{\"@id\":\"https:\/\/www.bee-pilot.io\/pl\/#organization\"},\"potentialAction\":[{\"@type\":\"SearchAction\",\"target\":{\"@type\":\"EntryPoint\",\"urlTemplate\":\"https:\/\/www.bee-pilot.io\/pl\/?s={search_term_string}\"},\"query-input\":{\"@type\":\"PropertyValueSpecification\",\"valueRequired\":true,\"valueName\":\"search_term_string\"}}],\"inLanguage\":\"pl-PL\"},{\"@type\":\"Organization\",\"@id\":\"https:\/\/www.bee-pilot.io\/pl\/#organization\",\"name\":\"bee-pilot.io UG (haftungsbeschr\u00e4nkt)\",\"url\":\"https:\/\/www.bee-pilot.io\/pl\/\",\"logo\":{\"@type\":\"ImageObject\",\"inLanguage\":\"pl-PL\",\"@id\":\"https:\/\/www.bee-pilot.io\/pl\/#\/schema\/logo\/image\/\",\"url\":\"https:\/\/www.bee-pilot.io\/wp-content\/uploads\/2024\/10\/cropped-bee-pilot-logo.png\",\"contentUrl\":\"https:\/\/www.bee-pilot.io\/wp-content\/uploads\/2024\/10\/cropped-bee-pilot-logo.png\",\"width\":291,\"height\":85,\"caption\":\"bee-pilot.io UG (haftungsbeschr\u00e4nkt)\"},\"image\":{\"@id\":\"https:\/\/www.bee-pilot.io\/pl\/#\/schema\/logo\/image\/\"}}]}<\/script>\n<!-- \/ Yoast SEO Premium plugin. -->","yoast_head_json":{"title":"Impressum - bee-pilot.io","robots":{"index":"index","follow":"follow","max-snippet":"max-snippet:-1","max-image-preview":"max-image-preview:large","max-video-preview":"max-video-preview:-1"},"canonical":"https:\/\/www.bee-pilot.io\/pl\/impressum\/","og_locale":"pl_PL","og_type":"article","og_title":"Impressum","og_description":"Informacje zgodnie z \u00a7 5 TMG (niemiecka ustawa o mediach elektronicznych):bee-pilot.io UG (z ograniczon\u0105 odpowiedzialno\u015bci\u0105)Untere Hauptstr. 41c91336 Heroldsbach Rejestr handlowy:HRB 12065S\u0105d Rejonowy w Bambergu Kontakt:E-mail: support@bee-pilot.ioStrona internetowa: www.bee-pilot.io Dyrektor zarz\u0105dzaj\u0105cy:Martin Wiesm\u00fcller Numer identyfikacji podatkowej: 216\/122\/20279 Wy\u0142\u0105czenie odpowiedzialno\u015bci (Disclaimer):Odpowiedzialno\u015b\u0107 za tre\u015b\u0107:Tre\u015bci na naszych stronach zosta\u0142y stworzone z najwi\u0119ksz\u0105 staranno\u015bci\u0105. Nie mo\u017cemy jednak zagwarantowa\u0107, \u017ce tre\u015bci s\u0105 [&hellip;]","og_url":"https:\/\/www.bee-pilot.io\/pl\/impressum\/","og_site_name":"bee-pilot.io","article_modified_time":"2025-12-26T08:55:13+00:00","og_image":[{"width":1057,"height":746,"url":"https:\/\/www.bee-pilot.io\/wp-content\/uploads\/2025\/02\/applogo-1.png","type":"image\/png"}],"twitter_card":"summary_large_image","twitter_misc":{"Szacowany czas czytania":"3 minuty"},"schema":{"@context":"https:\/\/schema.org","@graph":[{"@type":"WebPage","@id":"https:\/\/www.bee-pilot.io\/pl\/impressum\/","url":"https:\/\/www.bee-pilot.io\/pl\/impressum\/","name":"Impressum - bee-pilot.io","isPartOf":{"@id":"https:\/\/www.bee-pilot.io\/pl\/#website"},"datePublished":"2024-12-31T08:29:08+00:00","dateModified":"2025-12-26T08:55:13+00:00","breadcrumb":{"@id":"https:\/\/www.bee-pilot.io\/pl\/impressum\/#breadcrumb"},"inLanguage":"pl-PL","potentialAction":[{"@type":"ReadAction","target":["https:\/\/www.bee-pilot.io\/pl\/impressum\/"]}]},{"@type":"BreadcrumbList","@id":"https:\/\/www.bee-pilot.io\/pl\/impressum\/#breadcrumb","itemListElement":[{"@type":"ListItem","position":1,"name":"Startseite","item":"https:\/\/www.bee-pilot.io\/pl\/"},{"@type":"ListItem","position":2,"name":"Impressum"}]},{"@type":"WebSite","@id":"https:\/\/www.bee-pilot.io\/pl\/#website","url":"https:\/\/www.bee-pilot.io\/pl\/","name":"bee-pilot.io","description":"Bee-Pilot: KI-gest\u00fctzte Software f\u00fcr Imker \u2013 Digitale Stockkarte, Wetter &amp; Checklisten","publisher":{"@id":"https:\/\/www.bee-pilot.io\/pl\/#organization"},"potentialAction":[{"@type":"SearchAction","target":{"@type":"EntryPoint","urlTemplate":"https:\/\/www.bee-pilot.io\/pl\/?s={search_term_string}"},"query-input":{"@type":"PropertyValueSpecification","valueRequired":true,"valueName":"search_term_string"}}],"inLanguage":"pl-PL"},{"@type":"Organization","@id":"https:\/\/www.bee-pilot.io\/pl\/#organization","name":"bee-pilot.io UG (haftungsbeschr\u00e4nkt)","url":"https:\/\/www.bee-pilot.io\/pl\/","logo":{"@type":"ImageObject","inLanguage":"pl-PL","@id":"https:\/\/www.bee-pilot.io\/pl\/#\/schema\/logo\/image\/","url":"https:\/\/www.bee-pilot.io\/wp-content\/uploads\/2024\/10\/cropped-bee-pilot-logo.png","contentUrl":"https:\/\/www.bee-pilot.io\/wp-content\/uploads\/2024\/10\/cropped-bee-pilot-logo.png","width":291,"height":85,"caption":"bee-pilot.io UG (haftungsbeschr\u00e4nkt)"},"image":{"@id":"https:\/\/www.bee-pilot.io\/pl\/#\/schema\/logo\/image\/"}}]}},"_links":{"self":[{"href":"https:\/\/www.bee-pilot.io\/pl\/wp-json\/wp\/v2\/pages\/970","targetHints":{"allow":["GET"]}}],"collection":[{"href":"https:\/\/www.bee-pilot.io\/pl\/wp-json\/wp\/v2\/pages"}],"about":[{"href":"https:\/\/www.bee-pilot.io\/pl\/wp-json\/wp\/v2\/types\/page"}],"author":[{"embeddable":true,"href":"https:\/\/www.bee-pilot.io\/pl\/wp-json\/wp\/v2\/users\/1"}],"replies":[{"embeddable":true,"href":"https:\/\/www.bee-pilot.io\/pl\/wp-json\/wp\/v2\/comments?post=970"}],"version-history":[{"count":1,"href":"https:\/\/www.bee-pilot.io\/pl\/wp-json\/wp\/v2\/pages\/970\/revisions"}],"predecessor-version":[{"id":973,"href":"https:\/\/www.bee-pilot.io\/pl\/wp-json\/wp\/v2\/pages\/970\/revisions\/973"}],"wp:attachment":[{"href":"https:\/\/www.bee-pilot.io\/pl\/wp-json\/wp\/v2\/media?parent=970"}],"curies":[{"name":"wp","href":"https:\/\/api.w.org\/{rel}","templated":true}]}}